{"id":14866,"date":"2022-11-05T12:46:31","date_gmt":"2022-11-05T12:46:31","guid":{"rendered":"https:\/\/www.bulaoutdoor.nl\/?post_type=product&#038;p=14866"},"modified":"2026-01-04T12:46:22","modified_gmt":"2026-01-04T12:46:22","slug":"ecofan-800-original","status":"publish","type":"product","link":"https:\/\/bulaoutdoor.nl\/fr\/product\/ecofan-800-original\/","title":{"rendered":"Ecofan 800 Original"},"content":{"rendered":"<h2>Ecofan\u00ae 800 Original<\/h2>\n<p>L'Ecofan original est livr\u00e9 avec des pales de ventilateur noires. L'Ecofan 800 est id\u00e9al pour les petites pi\u00e8ces.<\/p>\n<p>Le ventilateur de po\u00eale original de Caframo est l'Ecofan\u00ae 800 du Canada et permet d'\u00e9conomiser 14% sur la consommation de bois.<\/p>\n<p>L'Ecofan\u00ae type 800 Original convient aux po\u00eales \u00e0 bois dont la temp\u00e9rature de surface est d'au moins 110\u00b0C. Plus la temp\u00e9rature est \u00e9lev\u00e9e, plus l'h\u00e9lice tourne rapidement, ce qui permet d'obtenir un d\u00e9bit d'air allant jusqu'\u00e0 170 m3\/heure.<\/p>\n<p><iframe loading=\"lazy\" title=\"Qu&#039;est-ce qu&#039;un Ecofan ?\" width=\"980\" height=\"551\" src=\"https:\/\/www.youtube.com\/embed\/pOMBXUliwWg?feature=oembed&#038;enablejsapi=1&#038;origin=https:\/\/www.bulaoutdoor.nl\" frameborder=\"0\" allow=\"accelerometer; autoplay; clipboard-write; encrypted-media; gyroscope; picture-in-picture\" allowfullscreen><\/iframe><\/p>\n<p>L'Ecofan\u00ae pousse l'air chaud du po\u00eale dans la pi\u00e8ce, ce qui permet une meilleure circulation de l'air. La chaleur se diffuse rapidement et mieux dans la pi\u00e8ce. Vous \u00e9conomisez ainsi sur vos frais de chauffage et b\u00e9n\u00e9ficiez d'un plus grand confort. Alors que l'air chaud monte normalement et vous donne froid aux pieds, le ventilateur veille \u00e0 ce que l'air chaud redescende. Le mouvement d'air est d'autant plus important et rapide que le mod\u00e8le choisi est grand.<\/p>\n<p>L'Ecofan\u00ae est silencieux et fonctionne sans piles. Sorti de son emballage, l'Ecofan\u00ae est imm\u00e9diatement pr\u00eat \u00e0 l'emploi. Veillez \u00e0 placer correctement l'Ecofan\u00ae, car le ventilateur doit pouvoir attirer l'air froid pour assurer le refroidissement n\u00e9cessaire. Ne placez jamais l'Ecofan\u00ae devant le tuyau du po\u00eale.<\/p>\n<p><img loading=\"lazy\" decoding=\"async\" class=\"alignnone size-medium wp-image-14863\" src=\"https:\/\/www.bulaoutdoor.nl\/wp-content\/uploads\/2022\/11\/Ecofan-Bula-286x300.jpg\" alt=\"\" width=\"286\" height=\"300\" srcset=\"https:\/\/bulaoutdoor.nl\/wp-content\/uploads\/2022\/11\/Ecofan-Bula-286x300.jpg 286w, https:\/\/bulaoutdoor.nl\/wp-content\/uploads\/2022\/11\/Ecofan-Bula-416x437.jpg 416w, https:\/\/bulaoutdoor.nl\/wp-content\/uploads\/2022\/11\/Ecofan-Bula.jpg 457w\" sizes=\"auto, (max-width: 286px) 100vw, 286px\" \/><\/p>\n<p>Sp\u00e9cifications Caframo Ecofan\u00ae type 800 :<\/p>\n<ul>\n<li>Ecofan 800 Original d'entr\u00e9e de gamme<\/li>\n<li>Id\u00e9al pour les petites pi\u00e8ces<\/li>\n<li>D\u00e9bit d'air jusqu'\u00e0 170 m3\/heure<\/li>\n<li>Chauffe la pi\u00e8ce jusqu'\u00e0 22% plus rapidement<img loading=\"lazy\" decoding=\"async\" class=\"wp-image-15118 alignright\" src=\"https:\/\/www.bulaoutdoor.nl\/wp-content\/uploads\/2022\/11\/e1b6036a-9b13-4d64-84df-c3b5fd72ea3d.webp\" alt=\"\" width=\"200\" height=\"241\" srcset=\"https:\/\/bulaoutdoor.nl\/wp-content\/uploads\/2022\/11\/e1b6036a-9b13-4d64-84df-c3b5fd72ea3d.webp 532w, https:\/\/bulaoutdoor.nl\/wp-content\/uploads\/2022\/11\/e1b6036a-9b13-4d64-84df-c3b5fd72ea3d-249x300.webp 249w, https:\/\/bulaoutdoor.nl\/wp-content\/uploads\/2022\/11\/e1b6036a-9b13-4d64-84df-c3b5fd72ea3d-416x500.webp 416w\" sizes=\"auto, (max-width: 200px) 100vw, 200px\" \/><\/li>\n<li>R\u00e9duction d\u00e9montr\u00e9e de la consommation de carburant et des \u00e9missions jusqu'\u00e0 14%<\/li>\n<li>Pas d'\u00e9lectricit\u00e9 n\u00e9cessaire<\/li>\n<li>Temp\u00e9rature de fonctionnement 110\u00b0C - 345\u00b0C<\/li>\n<li>Garantie de 2 ans<\/li>\n<li>Dimensions : 7,6 (l) x 14 x 21,6 (h)<\/li>\n<li>Marque CE sur la vitesse du ventilateur<\/li>\n<li>Label de s\u00e9curit\u00e9 CE sur les lames (coins arrondis)<\/li>\n<li>Qualit\u00e9 originale, fabriqu\u00e9 au Canada<\/li>\n<\/ul>\n<p>Commandez l'Ecofan\u00ae directement aupr\u00e8s de Bula outdoor, votre sp\u00e9cialiste de la chemin\u00e9e !<\/p>","protected":false},"excerpt":{"rendered":"<p>L'Ecofan Original est le choix le plus \u00e9conomique et permet d'\u00e9conomiser 14% sur la consommation de bois.<\/p>","protected":false},"featured_media":14868,"comment_status":"open","ping_status":"closed","template":"","meta":{"_acf_changed":false},"product_brand":[],"product_cat":[1066],"product_tag":[1067,1070,1068,1072],"class_list":{"0":"post-14866","1":"product","2":"type-product","3":"status-publish","4":"has-post-thumbnail","6":"product_cat-ecofan","7":"product_tag-ecofan","8":"product_tag-houtkachel","9":"product_tag-kachelfan","10":"product_tag-kachelventilator","12":"first","13":"onbackorder","14":"sale","15":"taxable","16":"shipping-taxable","17":"purchasable","18":"product-type-simple"},"acf":[],"yoast_head":"<!-- This site is optimized with the Yoast SEO plugin v27.5 - https:\/\/yoast.com\/product\/yoast-seo-wordpress\/ -->\n<title>Ecofan 800 Original &#8211; Bula Outdoor<\/title>\n<meta name=\"robots\" content=\"index, follow, max-snippet:-1, max-image-preview:large, max-video-preview:-1\" \/>\n<link rel=\"canonical\" href=\"https:\/\/bulaoutdoor.nl\/fr\/produit\/ecofan-800-original\/\" \/>\n<meta property=\"og:locale\" content=\"fr_FR\" \/>\n<meta property=\"og:type\" content=\"article\" \/>\n<meta property=\"og:title\" content=\"Ecofan 800 Original &#8211; Bula Outdoor\" \/>\n<meta property=\"og:description\" content=\"De Ecofan Original is de voordeligste keuze en levert een besparing van 14% op het houtverbruik.\" \/>\n<meta property=\"og:url\" content=\"https:\/\/bulaoutdoor.nl\/fr\/produit\/ecofan-800-original\/\" \/>\n<meta property=\"og:site_name\" content=\"Bula Outdoor\" \/>\n<meta property=\"article:modified_time\" content=\"2026-01-04T12:46:22+00:00\" \/>\n<meta property=\"og:image\" content=\"https:\/\/bulaoutdoor.nl\/wp-content\/uploads\/2022\/11\/Ecofan-Original-Bula-outdoor-2.jpg\" \/>\n\t<meta property=\"og:image:width\" content=\"1023\" \/>\n\t<meta property=\"og:image:height\" content=\"1024\" \/>\n\t<meta property=\"og:image:type\" content=\"image\/jpeg\" \/>\n<meta name=\"twitter:card\" content=\"summary_large_image\" \/>\n<meta name=\"twitter:label1\" content=\"Dur\u00e9e de lecture estim\u00e9e\" \/>\n\t<meta name=\"twitter:data1\" content=\"2 minutes\" \/>\n<script type=\"application\/ld+json\" class=\"yoast-schema-graph\">{\"@context\":\"https:\\\/\\\/schema.org\",\"@graph\":[{\"@type\":\"WebPage\",\"@id\":\"https:\\\/\\\/bulaoutdoor.nl\\\/product\\\/ecofan-800-original\\\/\",\"url\":\"https:\\\/\\\/bulaoutdoor.nl\\\/product\\\/ecofan-800-original\\\/\",\"name\":\"Ecofan 800 Original &#8211; Bula Outdoor\",\"isPartOf\":{\"@id\":\"https:\\\/\\\/bulaoutdoor.nl\\\/#website\"},\"primaryImageOfPage\":{\"@id\":\"https:\\\/\\\/bulaoutdoor.nl\\\/product\\\/ecofan-800-original\\\/#primaryimage\"},\"image\":{\"@id\":\"https:\\\/\\\/bulaoutdoor.nl\\\/product\\\/ecofan-800-original\\\/#primaryimage\"},\"thumbnailUrl\":\"https:\\\/\\\/bulaoutdoor.nl\\\/wp-content\\\/uploads\\\/2022\\\/11\\\/Ecofan-Original-Bula-outdoor-2.jpg\",\"datePublished\":\"2022-11-05T12:46:31+00:00\",\"dateModified\":\"2026-01-04T12:46:22+00:00\",\"breadcrumb\":{\"@id\":\"https:\\\/\\\/bulaoutdoor.nl\\\/product\\\/ecofan-800-original\\\/#breadcrumb\"},\"inLanguage\":\"fr-FR\",\"potentialAction\":[{\"@type\":\"ReadAction\",\"target\":[\"https:\\\/\\\/bulaoutdoor.nl\\\/product\\\/ecofan-800-original\\\/\"]}]},{\"@type\":\"ImageObject\",\"inLanguage\":\"fr-FR\",\"@id\":\"https:\\\/\\\/bulaoutdoor.nl\\\/product\\\/ecofan-800-original\\\/#primaryimage\",\"url\":\"https:\\\/\\\/bulaoutdoor.nl\\\/wp-content\\\/uploads\\\/2022\\\/11\\\/Ecofan-Original-Bula-outdoor-2.jpg\",\"contentUrl\":\"https:\\\/\\\/bulaoutdoor.nl\\\/wp-content\\\/uploads\\\/2022\\\/11\\\/Ecofan-Original-Bula-outdoor-2.jpg\",\"width\":1023,\"height\":1024},{\"@type\":\"BreadcrumbList\",\"@id\":\"https:\\\/\\\/bulaoutdoor.nl\\\/product\\\/ecofan-800-original\\\/#breadcrumb\",\"itemListElement\":[{\"@type\":\"ListItem\",\"position\":1,\"name\":\"Home\",\"item\":\"https:\\\/\\\/bulaoutdoor.nl\\\/\"},{\"@type\":\"ListItem\",\"position\":2,\"name\":\"Online BBQ kopen\",\"item\":\"https:\\\/\\\/bulaoutdoor.nl\\\/\"},{\"@type\":\"ListItem\",\"position\":3,\"name\":\"Ecofan 800 Original\"}]},{\"@type\":\"WebSite\",\"@id\":\"https:\\\/\\\/bulaoutdoor.nl\\\/#website\",\"url\":\"https:\\\/\\\/bulaoutdoor.nl\\\/\",\"name\":\"Bula Outdoor\",\"description\":\"Voor uw buitenhaard, BBQ, tuinfakkel en houtoven\",\"publisher\":{\"@id\":\"https:\\\/\\\/bulaoutdoor.nl\\\/#organization\"},\"potentialAction\":[{\"@type\":\"SearchAction\",\"target\":{\"@type\":\"EntryPoint\",\"urlTemplate\":\"https:\\\/\\\/bulaoutdoor.nl\\\/?s={search_term_string}\"},\"query-input\":{\"@type\":\"PropertyValueSpecification\",\"valueRequired\":true,\"valueName\":\"search_term_string\"}}],\"inLanguage\":\"fr-FR\"},{\"@type\":\"Organization\",\"@id\":\"https:\\\/\\\/bulaoutdoor.nl\\\/#organization\",\"name\":\"Bula Outdoor\",\"url\":\"https:\\\/\\\/bulaoutdoor.nl\\\/\",\"logo\":{\"@type\":\"ImageObject\",\"inLanguage\":\"fr-FR\",\"@id\":\"https:\\\/\\\/bulaoutdoor.nl\\\/#\\\/schema\\\/logo\\\/image\\\/\",\"url\":\"https:\\\/\\\/www.bulaoutdoor.nl\\\/wp-content\\\/uploads\\\/2018\\\/04\\\/bulaoutdoor-logo.png\",\"contentUrl\":\"https:\\\/\\\/www.bulaoutdoor.nl\\\/wp-content\\\/uploads\\\/2018\\\/04\\\/bulaoutdoor-logo.png\",\"width\":324,\"height\":91,\"caption\":\"Bula Outdoor\"},\"image\":{\"@id\":\"https:\\\/\\\/bulaoutdoor.nl\\\/#\\\/schema\\\/logo\\\/image\\\/\"}}]}<\/script>\n<!-- \/ Yoast SEO plugin. -->","yoast_head_json":{"title":"Ecofan 800 Original - Bula Outdoor","robots":{"index":"index","follow":"follow","max-snippet":"max-snippet:-1","max-image-preview":"max-image-preview:large","max-video-preview":"max-video-preview:-1"},"canonical":"https:\/\/bulaoutdoor.nl\/fr\/produit\/ecofan-800-original\/","og_locale":"fr_FR","og_type":"article","og_title":"Ecofan 800 Original &#8211; Bula Outdoor","og_description":"De Ecofan Original is de voordeligste keuze en levert een besparing van 14% op het houtverbruik.","og_url":"https:\/\/bulaoutdoor.nl\/fr\/produit\/ecofan-800-original\/","og_site_name":"Bula Outdoor","article_modified_time":"2026-01-04T12:46:22+00:00","og_image":[{"width":1023,"height":1024,"url":"https:\/\/bulaoutdoor.nl\/wp-content\/uploads\/2022\/11\/Ecofan-Original-Bula-outdoor-2.jpg","type":"image\/jpeg"}],"twitter_card":"summary_large_image","twitter_misc":{"Dur\u00e9e de lecture estim\u00e9e":"2 minutes"},"schema":{"@context":"https:\/\/schema.org","@graph":[{"@type":"WebPage","@id":"https:\/\/bulaoutdoor.nl\/product\/ecofan-800-original\/","url":"https:\/\/bulaoutdoor.nl\/product\/ecofan-800-original\/","name":"Ecofan 800 Original - Bula Outdoor","isPartOf":{"@id":"https:\/\/bulaoutdoor.nl\/#website"},"primaryImageOfPage":{"@id":"https:\/\/bulaoutdoor.nl\/product\/ecofan-800-original\/#primaryimage"},"image":{"@id":"https:\/\/bulaoutdoor.nl\/product\/ecofan-800-original\/#primaryimage"},"thumbnailUrl":"https:\/\/bulaoutdoor.nl\/wp-content\/uploads\/2022\/11\/Ecofan-Original-Bula-outdoor-2.jpg","datePublished":"2022-11-05T12:46:31+00:00","dateModified":"2026-01-04T12:46:22+00:00","breadcrumb":{"@id":"https:\/\/bulaoutdoor.nl\/product\/ecofan-800-original\/#breadcrumb"},"inLanguage":"fr-FR","potentialAction":[{"@type":"ReadAction","target":["https:\/\/bulaoutdoor.nl\/product\/ecofan-800-original\/"]}]},{"@type":"ImageObject","inLanguage":"fr-FR","@id":"https:\/\/bulaoutdoor.nl\/product\/ecofan-800-original\/#primaryimage","url":"https:\/\/bulaoutdoor.nl\/wp-content\/uploads\/2022\/11\/Ecofan-Original-Bula-outdoor-2.jpg","contentUrl":"https:\/\/bulaoutdoor.nl\/wp-content\/uploads\/2022\/11\/Ecofan-Original-Bula-outdoor-2.jpg","width":1023,"height":1024},{"@type":"BreadcrumbList","@id":"https:\/\/bulaoutdoor.nl\/product\/ecofan-800-original\/#breadcrumb","itemListElement":[{"@type":"ListItem","position":1,"name":"Home","item":"https:\/\/bulaoutdoor.nl\/"},{"@type":"ListItem","position":2,"name":"Online BBQ kopen","item":"https:\/\/bulaoutdoor.nl\/"},{"@type":"ListItem","position":3,"name":"Ecofan 800 Original"}]},{"@type":"WebSite","@id":"https:\/\/bulaoutdoor.nl\/#website","url":"https:\/\/bulaoutdoor.nl\/","name":"Bula Outdoor","description":"Pour votre chemin\u00e9e ext\u00e9rieure, votre barbecue, votre torche de jardin et votre four \u00e0 bois","publisher":{"@id":"https:\/\/bulaoutdoor.nl\/#organization"},"potentialAction":[{"@type":"SearchAction","target":{"@type":"EntryPoint","urlTemplate":"https:\/\/bulaoutdoor.nl\/?s={search_term_string}"},"query-input":{"@type":"PropertyValueSpecification","valueRequired":true,"valueName":"search_term_string"}}],"inLanguage":"fr-FR"},{"@type":"Organization","@id":"https:\/\/bulaoutdoor.nl\/#organization","name":"Bula Outdoor","url":"https:\/\/bulaoutdoor.nl\/","logo":{"@type":"ImageObject","inLanguage":"fr-FR","@id":"https:\/\/bulaoutdoor.nl\/#\/schema\/logo\/image\/","url":"https:\/\/www.bulaoutdoor.nl\/wp-content\/uploads\/2018\/04\/bulaoutdoor-logo.png","contentUrl":"https:\/\/www.bulaoutdoor.nl\/wp-content\/uploads\/2018\/04\/bulaoutdoor-logo.png","width":324,"height":91,"caption":"Bula Outdoor"},"image":{"@id":"https:\/\/bulaoutdoor.nl\/#\/schema\/logo\/image\/"}}]}},"jetpack_sharing_enabled":true,"_links":{"self":[{"href":"https:\/\/bulaoutdoor.nl\/fr\/wp-json\/wp\/v2\/product\/14866","targetHints":{"allow":["GET"]}}],"collection":[{"href":"https:\/\/bulaoutdoor.nl\/fr\/wp-json\/wp\/v2\/product"}],"about":[{"href":"https:\/\/bulaoutdoor.nl\/fr\/wp-json\/wp\/v2\/types\/product"}],"replies":[{"embeddable":true,"href":"https:\/\/bulaoutdoor.nl\/fr\/wp-json\/wp\/v2\/comments?post=14866"}],"wp:featuredmedia":[{"embeddable":true,"href":"https:\/\/bulaoutdoor.nl\/fr\/wp-json\/wp\/v2\/media\/14868"}],"wp:attachment":[{"href":"https:\/\/bulaoutdoor.nl\/fr\/wp-json\/wp\/v2\/media?parent=14866"}],"wp:term":[{"taxonomy":"product_brand","embeddable":true,"href":"https:\/\/bulaoutdoor.nl\/fr\/wp-json\/wp\/v2\/product_brand?post=14866"},{"taxonomy":"product_cat","embeddable":true,"href":"https:\/\/bulaoutdoor.nl\/fr\/wp-json\/wp\/v2\/product_cat?post=14866"},{"taxonomy":"product_tag","embeddable":true,"href":"https:\/\/bulaoutdoor.nl\/fr\/wp-json\/wp\/v2\/product_tag?post=14866"}],"curies":[{"name":"wp","href":"https:\/\/api.w.org\/{rel}","templated":true}]}}