{"id":14954,"date":"2022-11-23T12:21:46","date_gmt":"2022-11-23T12:21:46","guid":{"rendered":"https:\/\/www.bulaoutdoor.nl\/?post_type=product&#038;p=14954"},"modified":"2026-02-16T21:33:33","modified_gmt":"2026-02-16T21:33:33","slug":"maestro-60","status":"publish","type":"product","link":"https:\/\/bulaoutdoor.nl\/fr\/product\/maestro-60\/","title":{"rendered":"MAESTRO 60"},"content":{"rendered":"<h3>Four \u00e0 pizza Maestro 60<\/h3>\n<p>Avec ce four \u00e0 pizza Fontana, \u00e0 la fois beau et compact, vous pouvez pr\u00e9parer rapidement et facilement une d\u00e9licieuse pizza napolitaine. Cuire une pizza est bien s\u00fbr d\u00e9licieux, mais r\u00f4tir de la viande ou du poisson et cuire du pain croustillant et moelleux est \u00e9galement un jeu d'enfant.<\/p>\n<p>Maestro est le nouveau four \u00e0 pizza \u00e0 gaz DEMANDEBLE de Fontana et donc le grand fr\u00e8re du four \u00e0 pizza \u00e0 gaz DEMANDE. <a href=\"https:\/\/bulaoutdoor.nl\/fr\/produit\/maestro-40\/\">Maestro 40<\/a>. Le four est livr\u00e9 assembl\u00e9, vous pouvez donc commencer tout de suite !<\/p>\n<p>Caract\u00e9ristiques du Maestro 60 :<\/p>\n<p><img loading=\"lazy\" decoding=\"async\" class=\"wp-image-14949 alignright\" src=\"https:\/\/www.bulaoutdoor.nl\/wp-content\/uploads\/2022\/11\/maestro-60-2-e1668775431472.jpg\" alt=\"\" width=\"148\" height=\"217\" srcset=\"https:\/\/bulaoutdoor.nl\/wp-content\/uploads\/2022\/11\/maestro-60-2-e1668775431472.jpg 441w, https:\/\/bulaoutdoor.nl\/wp-content\/uploads\/2022\/11\/maestro-60-2-e1668775431472-204x300.jpg 204w, https:\/\/bulaoutdoor.nl\/wp-content\/uploads\/2022\/11\/maestro-60-2-e1668775431472-416x611.jpg 416w\" sizes=\"auto, (max-width: 148px) 100vw, 148px\" \/><\/p>\n<ul>\n<li>Dimensions ext\u00e9rieures du four (L x L x H) :<br \/>\n75,2 x 56,5 x 58,6 cm<\/li>\n<li>Chambre de cuisson : 61 x 40,5 x 21 cm.<\/li>\n<li>Combustible : raccordement au gaz naturel ou au propane.<\/li>\n<li>Chemin\u00e9e : \u2300120mm<\/li>\n<li>Chapeau de chemin\u00e9e anti-pluie inclus.<\/li>\n<li>Poids : 55 kg<\/li>\n<\/ul>\n<p>&nbsp;<\/p>\n<p><iframe loading=\"lazy\" title=\"Maestro - Fontana Forni - tutoriel - ENG\" width=\"980\" height=\"551\" src=\"https:\/\/www.youtube.com\/embed\/PwZNS47P5Gk?feature=oembed&#038;enablejsapi=1&#038;origin=https:\/\/bulaoutdoor.nl\" frameborder=\"0\" allow=\"accelerometer; autoplay; clipboard-write; encrypted-media; gyroscope; picture-in-picture; web-share\" referrerpolicy=\"strict-origin-when-cross-origin\" allowfullscreen><\/iframe><\/p>\n<h3>Maestro, un four familial puissant !<\/h3>\n<p>Fontana utilise diverses techniques pour que cette petite centrale soit performante \u00e0 un niveau professionnel :<\/p>\n<ul>\n<li>La rondeur du bo\u00eetier du Maestro assure une circulation id\u00e9ale de l'air. En outre, l'utilisation de mat\u00e9riaux isolants de qualit\u00e9 sup\u00e9rieure qui retiennent bien la chaleur permet de cr\u00e9er un four tr\u00e8s efficace.<\/li>\n<li>Le MAESTRO 60 monte rapidement en temp\u00e9rature. La chaleur est bien r\u00e9partie dans tout le four, en partie gr\u00e2ce au positionnement du br\u00fbleur \u00e0 gaz dans la partie inf\u00e9rieure.<\/li>\n<li>Le circuit d'\u00e9vacuation des fum\u00e9es permet \u00e0 la chaleur de circuler plus longtemps dans le four, cr\u00e9ant ainsi les conditions parfaites pour que le plat que vous pr\u00e9parez soit une authentique sensation gustative italienne.<\/li>\n<li>En outre, le maintien de la chaleur dans l'espace de cuisson r\u00e9duit la consommation de gaz. En bref, avec le Maestro, vous apportez dans votre maison un savoir-faire haut de gamme conforme \u00e0 la cuisine italienne traditionnelle, mais qui br\u00fble \u00e9galement de mani\u00e8re \u00e9conomique.<\/li>\n<li>La variante la plus large de la famille compacte Maestro, avec la plus grande surface de cuisson de la s\u00e9rie : 60x40cm.<\/li>\n<\/ul>\n<p><img loading=\"lazy\" decoding=\"async\" class=\"size-full wp-image-14911 alignleft\" src=\"https:\/\/www.bulaoutdoor.nl\/wp-content\/uploads\/2022\/11\/fontanawit.png\" alt=\"\" width=\"508\" height=\"112\" srcset=\"https:\/\/bulaoutdoor.nl\/wp-content\/uploads\/2022\/11\/fontanawit.png 508w, https:\/\/bulaoutdoor.nl\/wp-content\/uploads\/2022\/11\/fontanawit-300x66.png 300w, https:\/\/bulaoutdoor.nl\/wp-content\/uploads\/2022\/11\/fontanawit-416x92.png 416w\" sizes=\"auto, (max-width: 508px) 100vw, 508px\" \/><\/p>\n<p><img loading=\"lazy\" decoding=\"async\" class=\"wp-image-14908 aligncenter\" src=\"https:\/\/www.bulaoutdoor.nl\/wp-content\/uploads\/2022\/09\/logo_reddot-1.jpg\" alt=\"\" width=\"269\" height=\"194\" srcset=\"https:\/\/bulaoutdoor.nl\/wp-content\/uploads\/2022\/09\/logo_reddot-1.jpg 400w, https:\/\/bulaoutdoor.nl\/wp-content\/uploads\/2022\/09\/logo_reddot-1-300x216.jpg 300w\" sizes=\"auto, (max-width: 269px) 100vw, 269px\" \/><\/p>\n<p>Commandez le Maestro 60 directement aupr\u00e8s de Bula Outdoor, <a href=\"https:\/\/bulaoutdoor.nl\/fr\/categorie-de-produits\/fours-a-pizza\/\">votre four \u00e0 pizza<\/a> sp\u00e9cialiste !<\/p>","protected":false},"excerpt":{"rendered":"<p>Four \u00e0 pizza compact de Fontana, facile et rapide \u00e0 utiliser.<\/p>","protected":false},"featured_media":14955,"comment_status":"open","ping_status":"closed","template":"","meta":{"_acf_changed":false},"product_brand":[],"product_cat":[1056,1448],"product_tag":[1085,1076],"class_list":{"0":"post-14954","1":"product","2":"type-product","3":"status-publish","4":"has-post-thumbnail","6":"product_cat-fontana-ovens","7":"product_cat-uitverkoop","8":"product_tag-pizzaoven-60x40","9":"product_tag-pizzaoven-draagbaar","11":"first","12":"instock","13":"sale","14":"taxable","15":"shipping-taxable","16":"purchasable","17":"product-type-variable"},"acf":[],"yoast_head":"<!-- This site is optimized with the Yoast SEO plugin v27.4 - https:\/\/yoast.com\/product\/yoast-seo-wordpress\/ -->\n<title>MAESTRO 60 &#8211; Bula Outdoor<\/title>\n<meta name=\"robots\" content=\"index, follow, max-snippet:-1, max-image-preview:large, max-video-preview:-1\" \/>\n<link rel=\"canonical\" href=\"https:\/\/bulaoutdoor.nl\/fr\/produit\/maestro-60\/\" \/>\n<meta property=\"og:locale\" content=\"fr_FR\" \/>\n<meta property=\"og:type\" content=\"article\" \/>\n<meta property=\"og:title\" content=\"MAESTRO 60 &#8211; Bula Outdoor\" \/>\n<meta property=\"og:description\" content=\"Compacte pizzaoven van Fontana, makkelijk en snel in gebruik.\" \/>\n<meta property=\"og:url\" content=\"https:\/\/bulaoutdoor.nl\/fr\/produit\/maestro-60\/\" \/>\n<meta property=\"og:site_name\" content=\"Bula Outdoor\" \/>\n<meta property=\"article:modified_time\" content=\"2026-02-16T21:33:33+00:00\" \/>\n<meta property=\"og:image\" content=\"https:\/\/bulaoutdoor.nl\/wp-content\/uploads\/2022\/11\/MASTRO-60-LIMBO_Bula_Outdoor_Fontana.jpg\" \/>\n\t<meta property=\"og:image:width\" content=\"1241\" \/>\n\t<meta property=\"og:image:height\" content=\"1280\" \/>\n\t<meta property=\"og:image:type\" content=\"image\/jpeg\" \/>\n<meta name=\"twitter:card\" content=\"summary_large_image\" \/>\n<meta name=\"twitter:label1\" content=\"Dur\u00e9e de lecture estim\u00e9e\" \/>\n\t<meta name=\"twitter:data1\" content=\"3 minutes\" \/>\n<script type=\"application\/ld+json\" class=\"yoast-schema-graph\">{\"@context\":\"https:\\\/\\\/schema.org\",\"@graph\":[{\"@type\":\"WebPage\",\"@id\":\"https:\\\/\\\/bulaoutdoor.nl\\\/product\\\/maestro-60\\\/\",\"url\":\"https:\\\/\\\/bulaoutdoor.nl\\\/product\\\/maestro-60\\\/\",\"name\":\"MAESTRO 60 &#8211; Bula Outdoor\",\"isPartOf\":{\"@id\":\"https:\\\/\\\/bulaoutdoor.nl\\\/#website\"},\"primaryImageOfPage\":{\"@id\":\"https:\\\/\\\/bulaoutdoor.nl\\\/product\\\/maestro-60\\\/#primaryimage\"},\"image\":{\"@id\":\"https:\\\/\\\/bulaoutdoor.nl\\\/product\\\/maestro-60\\\/#primaryimage\"},\"thumbnailUrl\":\"https:\\\/\\\/bulaoutdoor.nl\\\/wp-content\\\/uploads\\\/2022\\\/11\\\/MASTRO-60-LIMBO_Bula_Outdoor_Fontana.jpg\",\"datePublished\":\"2022-11-23T12:21:46+00:00\",\"dateModified\":\"2026-02-16T21:33:33+00:00\",\"breadcrumb\":{\"@id\":\"https:\\\/\\\/bulaoutdoor.nl\\\/product\\\/maestro-60\\\/#breadcrumb\"},\"inLanguage\":\"fr-FR\",\"potentialAction\":[{\"@type\":\"ReadAction\",\"target\":[\"https:\\\/\\\/bulaoutdoor.nl\\\/product\\\/maestro-60\\\/\"]}]},{\"@type\":\"ImageObject\",\"inLanguage\":\"fr-FR\",\"@id\":\"https:\\\/\\\/bulaoutdoor.nl\\\/product\\\/maestro-60\\\/#primaryimage\",\"url\":\"https:\\\/\\\/bulaoutdoor.nl\\\/wp-content\\\/uploads\\\/2022\\\/11\\\/MASTRO-60-LIMBO_Bula_Outdoor_Fontana.jpg\",\"contentUrl\":\"https:\\\/\\\/bulaoutdoor.nl\\\/wp-content\\\/uploads\\\/2022\\\/11\\\/MASTRO-60-LIMBO_Bula_Outdoor_Fontana.jpg\",\"width\":1241,\"height\":1280,\"caption\":\"Meastro 60 Fonatana Forni\"},{\"@type\":\"BreadcrumbList\",\"@id\":\"https:\\\/\\\/bulaoutdoor.nl\\\/product\\\/maestro-60\\\/#breadcrumb\",\"itemListElement\":[{\"@type\":\"ListItem\",\"position\":1,\"name\":\"Home\",\"item\":\"https:\\\/\\\/bulaoutdoor.nl\\\/\"},{\"@type\":\"ListItem\",\"position\":2,\"name\":\"Online BBQ kopen\",\"item\":\"https:\\\/\\\/bulaoutdoor.nl\\\/\"},{\"@type\":\"ListItem\",\"position\":3,\"name\":\"MAESTRO 60\"}]},{\"@type\":\"WebSite\",\"@id\":\"https:\\\/\\\/bulaoutdoor.nl\\\/#website\",\"url\":\"https:\\\/\\\/bulaoutdoor.nl\\\/\",\"name\":\"Bula Outdoor\",\"description\":\"Voor uw buitenhaard, BBQ, tuinfakkel en houtoven\",\"publisher\":{\"@id\":\"https:\\\/\\\/bulaoutdoor.nl\\\/#organization\"},\"potentialAction\":[{\"@type\":\"SearchAction\",\"target\":{\"@type\":\"EntryPoint\",\"urlTemplate\":\"https:\\\/\\\/bulaoutdoor.nl\\\/?s={search_term_string}\"},\"query-input\":{\"@type\":\"PropertyValueSpecification\",\"valueRequired\":true,\"valueName\":\"search_term_string\"}}],\"inLanguage\":\"fr-FR\"},{\"@type\":\"Organization\",\"@id\":\"https:\\\/\\\/bulaoutdoor.nl\\\/#organization\",\"name\":\"Bula Outdoor\",\"url\":\"https:\\\/\\\/bulaoutdoor.nl\\\/\",\"logo\":{\"@type\":\"ImageObject\",\"inLanguage\":\"fr-FR\",\"@id\":\"https:\\\/\\\/bulaoutdoor.nl\\\/#\\\/schema\\\/logo\\\/image\\\/\",\"url\":\"https:\\\/\\\/www.bulaoutdoor.nl\\\/wp-content\\\/uploads\\\/2018\\\/04\\\/bulaoutdoor-logo.png\",\"contentUrl\":\"https:\\\/\\\/www.bulaoutdoor.nl\\\/wp-content\\\/uploads\\\/2018\\\/04\\\/bulaoutdoor-logo.png\",\"width\":324,\"height\":91,\"caption\":\"Bula Outdoor\"},\"image\":{\"@id\":\"https:\\\/\\\/bulaoutdoor.nl\\\/#\\\/schema\\\/logo\\\/image\\\/\"}}]}<\/script>\n<!-- \/ Yoast SEO plugin. -->","yoast_head_json":{"title":"MAESTRO 60 - Bula Outdoor","robots":{"index":"index","follow":"follow","max-snippet":"max-snippet:-1","max-image-preview":"max-image-preview:large","max-video-preview":"max-video-preview:-1"},"canonical":"https:\/\/bulaoutdoor.nl\/fr\/produit\/maestro-60\/","og_locale":"fr_FR","og_type":"article","og_title":"MAESTRO 60 &#8211; Bula Outdoor","og_description":"Compacte pizzaoven van Fontana, makkelijk en snel in gebruik.","og_url":"https:\/\/bulaoutdoor.nl\/fr\/produit\/maestro-60\/","og_site_name":"Bula Outdoor","article_modified_time":"2026-02-16T21:33:33+00:00","og_image":[{"width":1241,"height":1280,"url":"https:\/\/bulaoutdoor.nl\/wp-content\/uploads\/2022\/11\/MASTRO-60-LIMBO_Bula_Outdoor_Fontana.jpg","type":"image\/jpeg"}],"twitter_card":"summary_large_image","twitter_misc":{"Dur\u00e9e de lecture estim\u00e9e":"3 minutes"},"schema":{"@context":"https:\/\/schema.org","@graph":[{"@type":"WebPage","@id":"https:\/\/bulaoutdoor.nl\/product\/maestro-60\/","url":"https:\/\/bulaoutdoor.nl\/product\/maestro-60\/","name":"MAESTRO 60 - Bula Outdoor","isPartOf":{"@id":"https:\/\/bulaoutdoor.nl\/#website"},"primaryImageOfPage":{"@id":"https:\/\/bulaoutdoor.nl\/product\/maestro-60\/#primaryimage"},"image":{"@id":"https:\/\/bulaoutdoor.nl\/product\/maestro-60\/#primaryimage"},"thumbnailUrl":"https:\/\/bulaoutdoor.nl\/wp-content\/uploads\/2022\/11\/MASTRO-60-LIMBO_Bula_Outdoor_Fontana.jpg","datePublished":"2022-11-23T12:21:46+00:00","dateModified":"2026-02-16T21:33:33+00:00","breadcrumb":{"@id":"https:\/\/bulaoutdoor.nl\/product\/maestro-60\/#breadcrumb"},"inLanguage":"fr-FR","potentialAction":[{"@type":"ReadAction","target":["https:\/\/bulaoutdoor.nl\/product\/maestro-60\/"]}]},{"@type":"ImageObject","inLanguage":"fr-FR","@id":"https:\/\/bulaoutdoor.nl\/product\/maestro-60\/#primaryimage","url":"https:\/\/bulaoutdoor.nl\/wp-content\/uploads\/2022\/11\/MASTRO-60-LIMBO_Bula_Outdoor_Fontana.jpg","contentUrl":"https:\/\/bulaoutdoor.nl\/wp-content\/uploads\/2022\/11\/MASTRO-60-LIMBO_Bula_Outdoor_Fontana.jpg","width":1241,"height":1280,"caption":"Meastro 60 Fonatana Forni"},{"@type":"BreadcrumbList","@id":"https:\/\/bulaoutdoor.nl\/product\/maestro-60\/#breadcrumb","itemListElement":[{"@type":"ListItem","position":1,"name":"Home","item":"https:\/\/bulaoutdoor.nl\/"},{"@type":"ListItem","position":2,"name":"Online BBQ kopen","item":"https:\/\/bulaoutdoor.nl\/"},{"@type":"ListItem","position":3,"name":"MAESTRO 60"}]},{"@type":"WebSite","@id":"https:\/\/bulaoutdoor.nl\/#website","url":"https:\/\/bulaoutdoor.nl\/","name":"Bula Outdoor","description":"Pour votre chemin\u00e9e ext\u00e9rieure, votre barbecue, votre torche de jardin et votre four \u00e0 bois","publisher":{"@id":"https:\/\/bulaoutdoor.nl\/#organization"},"potentialAction":[{"@type":"SearchAction","target":{"@type":"EntryPoint","urlTemplate":"https:\/\/bulaoutdoor.nl\/?s={search_term_string}"},"query-input":{"@type":"PropertyValueSpecification","valueRequired":true,"valueName":"search_term_string"}}],"inLanguage":"fr-FR"},{"@type":"Organization","@id":"https:\/\/bulaoutdoor.nl\/#organization","name":"Bula Outdoor","url":"https:\/\/bulaoutdoor.nl\/","logo":{"@type":"ImageObject","inLanguage":"fr-FR","@id":"https:\/\/bulaoutdoor.nl\/#\/schema\/logo\/image\/","url":"https:\/\/www.bulaoutdoor.nl\/wp-content\/uploads\/2018\/04\/bulaoutdoor-logo.png","contentUrl":"https:\/\/www.bulaoutdoor.nl\/wp-content\/uploads\/2018\/04\/bulaoutdoor-logo.png","width":324,"height":91,"caption":"Bula Outdoor"},"image":{"@id":"https:\/\/bulaoutdoor.nl\/#\/schema\/logo\/image\/"}}]}},"jetpack_sharing_enabled":true,"_links":{"self":[{"href":"https:\/\/bulaoutdoor.nl\/fr\/wp-json\/wp\/v2\/product\/14954","targetHints":{"allow":["GET"]}}],"collection":[{"href":"https:\/\/bulaoutdoor.nl\/fr\/wp-json\/wp\/v2\/product"}],"about":[{"href":"https:\/\/bulaoutdoor.nl\/fr\/wp-json\/wp\/v2\/types\/product"}],"replies":[{"embeddable":true,"href":"https:\/\/bulaoutdoor.nl\/fr\/wp-json\/wp\/v2\/comments?post=14954"}],"wp:featuredmedia":[{"embeddable":true,"href":"https:\/\/bulaoutdoor.nl\/fr\/wp-json\/wp\/v2\/media\/14955"}],"wp:attachment":[{"href":"https:\/\/bulaoutdoor.nl\/fr\/wp-json\/wp\/v2\/media?parent=14954"}],"wp:term":[{"taxonomy":"product_brand","embeddable":true,"href":"https:\/\/bulaoutdoor.nl\/fr\/wp-json\/wp\/v2\/product_brand?post=14954"},{"taxonomy":"product_cat","embeddable":true,"href":"https:\/\/bulaoutdoor.nl\/fr\/wp-json\/wp\/v2\/product_cat?post=14954"},{"taxonomy":"product_tag","embeddable":true,"href":"https:\/\/bulaoutdoor.nl\/fr\/wp-json\/wp\/v2\/product_tag?post=14954"}],"curies":[{"name":"wp","href":"https:\/\/api.w.org\/{rel}","templated":true}]}}