{"id":14961,"date":"2023-02-11T00:44:59","date_gmt":"2023-02-11T00:44:59","guid":{"rendered":"https:\/\/www.bulaoutdoor.nl\/?post_type=product&#038;p=14961"},"modified":"2024-09-26T21:00:47","modified_gmt":"2024-09-26T21:00:47","slug":"four-piero-gaz-et-bois","status":"publish","type":"product","link":"https:\/\/bulaoutdoor.nl\/fr\/product\/piero-oven-gas-en-hout\/","title":{"rendered":"Four Piero gaz et bois"},"content":{"rendered":"<p>Des performances de cuisson professionnelles combin\u00e9es \u00e0 un design moderne et \u00e9l\u00e9gant. Le four Fontana Piero est un four magnifiquement \u00e9labor\u00e9, d'o\u00f9 sortent non seulement de d\u00e9licieuses pizzas, mais aussi de la viande ou du poisson r\u00f4tis et du pain croustillant et moelleux. R\u00f4tir de la viande ou du poisson et cuire du pain croustillant et moelleux font partie des possibilit\u00e9s. Profitez de ce four dans votre jardin !<\/p>\n<p>Cuisson au gaz ou au bois. Changement \u00e0 tout moment sans accessoires ou op\u00e9rations suppl\u00e9mentaires ! Ce syst\u00e8me brevet\u00e9 n'est pour l'instant disponible que dans ce four. Vous voulez cuire des pizzas rapidement ou vous disposez d'un peu moins de temps ? Optez pour le confort du gaz. Vous avez tout votre temps ? Vous pouvez alors opter pour la saveur d'un four \u00e0 bois traditionnel. Ce four est donc parfait pour une utilisation quotidienne.<\/p>\n<p>Caract\u00e9ristiques :<\/p>\n<ul>\n<li>Dimensions ext\u00e9rieures du four (L x L x H) :<br \/>\n98 x 85,5 x 196 cm<\/li>\n<li>Chambre de cuisson : 60 x 40 x 34 cm<\/li>\n<li>Combustible : bois et gaz.<\/li>\n<li>Chemin\u00e9e : \u2300140mm<\/li>\n<li>Poids : 135 kg<\/li>\n<\/ul>\n<p>\u00c9quipement standard Piero :<\/p>\n<ul>\n<li>Un tuyau avec une soupape de sortie de fum\u00e9e r\u00e9glable et un chapeau de chemin\u00e9e.<\/li>\n<li>Une porte verrouillable pour la zone de cuisson.<\/li>\n<li>Un thermom\u00e8tre analogique.<\/li>\n<li>Porte-bois \/ porte-b\u00fbches.<\/li>\n<\/ul>\n<p><iframe loading=\"lazy\" title=\"PIERO QUOTIDIEN EFFRAYANT\" width=\"980\" height=\"551\" src=\"https:\/\/www.youtube.com\/embed\/qNt05z71RZs?feature=oembed&#038;enablejsapi=1&#038;origin=https:\/\/www.bulaoutdoor.nl\" frameborder=\"0\" allow=\"accelerometer; autoplay; clipboard-write; encrypted-media; gyroscope; picture-in-picture; web-share\" allowfullscreen><\/iframe><\/p>\n<p><iframe loading=\"lazy\" title=\"ENG - PIERO - Fontana Forni - Cuisson directe au bois\" width=\"980\" height=\"551\" src=\"https:\/\/www.youtube.com\/embed\/gsOzMZrbxzA?feature=oembed&#038;enablejsapi=1&#038;origin=https:\/\/www.bulaoutdoor.nl\" frameborder=\"0\" allow=\"accelerometer; autoplay; clipboard-write; encrypted-media; gyroscope; picture-in-picture; web-share\" allowfullscreen><\/iframe><\/p>\n<p>&nbsp;<\/p>\n<p><img loading=\"lazy\" decoding=\"async\" class=\"alignnone size-full wp-image-17493\" src=\"https:\/\/www.bulaoutdoor.nl\/wp-content\/uploads\/2023\/01\/AWARD-PIERO-FONTANA-good-design.jpg\" alt=\"\" width=\"537\" height=\"146\" \/><\/p>\n<p><img loading=\"lazy\" decoding=\"async\" class=\"wp-image-14911 alignnone\" src=\"https:\/\/www.bulaoutdoor.nl\/wp-content\/uploads\/2022\/11\/fontanawit.png\" alt=\"\" width=\"721\" height=\"159\" srcset=\"https:\/\/bulaoutdoor.nl\/wp-content\/uploads\/2022\/11\/fontanawit.png 508w, https:\/\/bulaoutdoor.nl\/wp-content\/uploads\/2022\/11\/fontanawit-300x66.png 300w, https:\/\/bulaoutdoor.nl\/wp-content\/uploads\/2022\/11\/fontanawit-416x92.png 416w\" sizes=\"auto, (max-width: 721px) 100vw, 721px\" \/><\/p>\n<p>Commandez le four Piero Hybrid directement aupr\u00e8s de Bula Outdoor, <a href=\"https:\/\/bulaoutdoor.nl\/fr\/categorie-de-produits\/fours-a-pizza\/\">votre four \u00e0 pizza<\/a> sp\u00e9cialiste !<\/p>","protected":false},"excerpt":{"rendered":"<p>Ce Fontana peut \u00eatre aliment\u00e9 au gaz ou au bois. Id\u00e9al pour un usage quotidien !<\/p>","protected":false},"featured_media":14974,"comment_status":"open","ping_status":"closed","template":"","meta":{"_acf_changed":false},"product_brand":[],"product_cat":[1056],"product_tag":[1258,1085,1259],"class_list":{"0":"post-14961","1":"product","2":"type-product","3":"status-publish","4":"has-post-thumbnail","6":"product_cat-fontana-ovens","7":"product_tag-hybrid-pizzaoven","8":"product_tag-pizzaoven-60x40","9":"product_tag-pizzaoven-medium","11":"first","12":"instock","13":"taxable","14":"shipping-taxable","15":"purchasable","16":"product-type-variable","17":"has-default-attributes"},"acf":[],"yoast_head":"<!-- This site is optimized with the Yoast SEO plugin v27.3 - https:\/\/yoast.com\/product\/yoast-seo-wordpress\/ -->\n<title>Piero oven gas en hout &#8211; Bula Outdoor<\/title>\n<meta name=\"robots\" content=\"index, follow, max-snippet:-1, max-image-preview:large, max-video-preview:-1\" \/>\n<link rel=\"canonical\" href=\"https:\/\/bulaoutdoor.nl\/fr\/produit\/four-piero-gaz-et-bois\/\" \/>\n<meta property=\"og:locale\" content=\"fr_FR\" \/>\n<meta property=\"og:type\" content=\"article\" \/>\n<meta property=\"og:title\" content=\"Piero oven gas en hout &#8211; Bula Outdoor\" \/>\n<meta property=\"og:description\" content=\"Deze Fontana kan zowel gas als houtgestookt kan worden. Ideaal voor dagelijks gebruik!\" \/>\n<meta property=\"og:url\" content=\"https:\/\/bulaoutdoor.nl\/fr\/produit\/four-piero-gaz-et-bois\/\" \/>\n<meta property=\"og:site_name\" content=\"Bula Outdoor\" \/>\n<meta property=\"article:modified_time\" content=\"2024-09-26T21:00:47+00:00\" \/>\n<meta property=\"og:image\" content=\"https:\/\/bulaoutdoor.nl\/wp-content\/uploads\/2022\/11\/PIERO_Pizzaoven_bula_outdoor_fontana.jpg\" \/>\n\t<meta property=\"og:image:width\" content=\"1100\" \/>\n\t<meta property=\"og:image:height\" content=\"1100\" \/>\n\t<meta property=\"og:image:type\" content=\"image\/jpeg\" \/>\n<meta name=\"twitter:card\" content=\"summary_large_image\" \/>\n<meta name=\"twitter:label1\" content=\"Dur\u00e9e de lecture estim\u00e9e\" \/>\n\t<meta name=\"twitter:data1\" content=\"2 minutes\" \/>\n<script type=\"application\/ld+json\" class=\"yoast-schema-graph\">{\"@context\":\"https:\\\/\\\/schema.org\",\"@graph\":[{\"@type\":\"WebPage\",\"@id\":\"https:\\\/\\\/bulaoutdoor.nl\\\/product\\\/piero-oven-gas-en-hout\\\/\",\"url\":\"https:\\\/\\\/bulaoutdoor.nl\\\/product\\\/piero-oven-gas-en-hout\\\/\",\"name\":\"Piero oven gas en hout &#8211; Bula Outdoor\",\"isPartOf\":{\"@id\":\"https:\\\/\\\/bulaoutdoor.nl\\\/#website\"},\"primaryImageOfPage\":{\"@id\":\"https:\\\/\\\/bulaoutdoor.nl\\\/product\\\/piero-oven-gas-en-hout\\\/#primaryimage\"},\"image\":{\"@id\":\"https:\\\/\\\/bulaoutdoor.nl\\\/product\\\/piero-oven-gas-en-hout\\\/#primaryimage\"},\"thumbnailUrl\":\"https:\\\/\\\/bulaoutdoor.nl\\\/wp-content\\\/uploads\\\/2022\\\/11\\\/PIERO_Pizzaoven_bula_outdoor_fontana.jpg\",\"datePublished\":\"2023-02-11T00:44:59+00:00\",\"dateModified\":\"2024-09-26T21:00:47+00:00\",\"breadcrumb\":{\"@id\":\"https:\\\/\\\/bulaoutdoor.nl\\\/product\\\/piero-oven-gas-en-hout\\\/#breadcrumb\"},\"inLanguage\":\"fr-FR\",\"potentialAction\":[{\"@type\":\"ReadAction\",\"target\":[\"https:\\\/\\\/bulaoutdoor.nl\\\/product\\\/piero-oven-gas-en-hout\\\/\"]}]},{\"@type\":\"ImageObject\",\"inLanguage\":\"fr-FR\",\"@id\":\"https:\\\/\\\/bulaoutdoor.nl\\\/product\\\/piero-oven-gas-en-hout\\\/#primaryimage\",\"url\":\"https:\\\/\\\/bulaoutdoor.nl\\\/wp-content\\\/uploads\\\/2022\\\/11\\\/PIERO_Pizzaoven_bula_outdoor_fontana.jpg\",\"contentUrl\":\"https:\\\/\\\/bulaoutdoor.nl\\\/wp-content\\\/uploads\\\/2022\\\/11\\\/PIERO_Pizzaoven_bula_outdoor_fontana.jpg\",\"width\":1100,\"height\":1100,\"caption\":\"Piero Pizzaoven Fontana\"},{\"@type\":\"BreadcrumbList\",\"@id\":\"https:\\\/\\\/bulaoutdoor.nl\\\/product\\\/piero-oven-gas-en-hout\\\/#breadcrumb\",\"itemListElement\":[{\"@type\":\"ListItem\",\"position\":1,\"name\":\"Home\",\"item\":\"https:\\\/\\\/bulaoutdoor.nl\\\/\"},{\"@type\":\"ListItem\",\"position\":2,\"name\":\"Online BBQ kopen\",\"item\":\"https:\\\/\\\/bulaoutdoor.nl\\\/\"},{\"@type\":\"ListItem\",\"position\":3,\"name\":\"Piero oven gas en hout\"}]},{\"@type\":\"WebSite\",\"@id\":\"https:\\\/\\\/bulaoutdoor.nl\\\/#website\",\"url\":\"https:\\\/\\\/bulaoutdoor.nl\\\/\",\"name\":\"Bula Outdoor\",\"description\":\"Voor uw buitenhaard, BBQ, tuinfakkel en houtoven\",\"publisher\":{\"@id\":\"https:\\\/\\\/bulaoutdoor.nl\\\/#organization\"},\"potentialAction\":[{\"@type\":\"SearchAction\",\"target\":{\"@type\":\"EntryPoint\",\"urlTemplate\":\"https:\\\/\\\/bulaoutdoor.nl\\\/?s={search_term_string}\"},\"query-input\":{\"@type\":\"PropertyValueSpecification\",\"valueRequired\":true,\"valueName\":\"search_term_string\"}}],\"inLanguage\":\"fr-FR\"},{\"@type\":\"Organization\",\"@id\":\"https:\\\/\\\/bulaoutdoor.nl\\\/#organization\",\"name\":\"Bula Outdoor\",\"url\":\"https:\\\/\\\/bulaoutdoor.nl\\\/\",\"logo\":{\"@type\":\"ImageObject\",\"inLanguage\":\"fr-FR\",\"@id\":\"https:\\\/\\\/bulaoutdoor.nl\\\/#\\\/schema\\\/logo\\\/image\\\/\",\"url\":\"https:\\\/\\\/www.bulaoutdoor.nl\\\/wp-content\\\/uploads\\\/2018\\\/04\\\/bulaoutdoor-logo.png\",\"contentUrl\":\"https:\\\/\\\/www.bulaoutdoor.nl\\\/wp-content\\\/uploads\\\/2018\\\/04\\\/bulaoutdoor-logo.png\",\"width\":324,\"height\":91,\"caption\":\"Bula Outdoor\"},\"image\":{\"@id\":\"https:\\\/\\\/bulaoutdoor.nl\\\/#\\\/schema\\\/logo\\\/image\\\/\"}}]}<\/script>\n<!-- \/ Yoast SEO plugin. -->","yoast_head_json":{"title":"Four Piero gaz et bois - Bula Outdoor","robots":{"index":"index","follow":"follow","max-snippet":"max-snippet:-1","max-image-preview":"max-image-preview:large","max-video-preview":"max-video-preview:-1"},"canonical":"https:\/\/bulaoutdoor.nl\/fr\/produit\/four-piero-gaz-et-bois\/","og_locale":"fr_FR","og_type":"article","og_title":"Piero oven gas en hout &#8211; Bula Outdoor","og_description":"Deze Fontana kan zowel gas als houtgestookt kan worden. Ideaal voor dagelijks gebruik!","og_url":"https:\/\/bulaoutdoor.nl\/fr\/produit\/four-piero-gaz-et-bois\/","og_site_name":"Bula Outdoor","article_modified_time":"2024-09-26T21:00:47+00:00","og_image":[{"width":1100,"height":1100,"url":"https:\/\/bulaoutdoor.nl\/wp-content\/uploads\/2022\/11\/PIERO_Pizzaoven_bula_outdoor_fontana.jpg","type":"image\/jpeg"}],"twitter_card":"summary_large_image","twitter_misc":{"Dur\u00e9e de lecture estim\u00e9e":"2 minutes"},"schema":{"@context":"https:\/\/schema.org","@graph":[{"@type":"WebPage","@id":"https:\/\/bulaoutdoor.nl\/product\/piero-oven-gas-en-hout\/","url":"https:\/\/bulaoutdoor.nl\/product\/piero-oven-gas-en-hout\/","name":"Four Piero gaz et bois - Bula Outdoor","isPartOf":{"@id":"https:\/\/bulaoutdoor.nl\/#website"},"primaryImageOfPage":{"@id":"https:\/\/bulaoutdoor.nl\/product\/piero-oven-gas-en-hout\/#primaryimage"},"image":{"@id":"https:\/\/bulaoutdoor.nl\/product\/piero-oven-gas-en-hout\/#primaryimage"},"thumbnailUrl":"https:\/\/bulaoutdoor.nl\/wp-content\/uploads\/2022\/11\/PIERO_Pizzaoven_bula_outdoor_fontana.jpg","datePublished":"2023-02-11T00:44:59+00:00","dateModified":"2024-09-26T21:00:47+00:00","breadcrumb":{"@id":"https:\/\/bulaoutdoor.nl\/product\/piero-oven-gas-en-hout\/#breadcrumb"},"inLanguage":"fr-FR","potentialAction":[{"@type":"ReadAction","target":["https:\/\/bulaoutdoor.nl\/product\/piero-oven-gas-en-hout\/"]}]},{"@type":"ImageObject","inLanguage":"fr-FR","@id":"https:\/\/bulaoutdoor.nl\/product\/piero-oven-gas-en-hout\/#primaryimage","url":"https:\/\/bulaoutdoor.nl\/wp-content\/uploads\/2022\/11\/PIERO_Pizzaoven_bula_outdoor_fontana.jpg","contentUrl":"https:\/\/bulaoutdoor.nl\/wp-content\/uploads\/2022\/11\/PIERO_Pizzaoven_bula_outdoor_fontana.jpg","width":1100,"height":1100,"caption":"Piero Pizzaoven Fontana"},{"@type":"BreadcrumbList","@id":"https:\/\/bulaoutdoor.nl\/product\/piero-oven-gas-en-hout\/#breadcrumb","itemListElement":[{"@type":"ListItem","position":1,"name":"Home","item":"https:\/\/bulaoutdoor.nl\/"},{"@type":"ListItem","position":2,"name":"Online BBQ kopen","item":"https:\/\/bulaoutdoor.nl\/"},{"@type":"ListItem","position":3,"name":"Piero oven gas en hout"}]},{"@type":"WebSite","@id":"https:\/\/bulaoutdoor.nl\/#website","url":"https:\/\/bulaoutdoor.nl\/","name":"Bula Outdoor","description":"Pour votre chemin\u00e9e ext\u00e9rieure, votre barbecue, votre torche de jardin et votre four \u00e0 bois","publisher":{"@id":"https:\/\/bulaoutdoor.nl\/#organization"},"potentialAction":[{"@type":"SearchAction","target":{"@type":"EntryPoint","urlTemplate":"https:\/\/bulaoutdoor.nl\/?s={search_term_string}"},"query-input":{"@type":"PropertyValueSpecification","valueRequired":true,"valueName":"search_term_string"}}],"inLanguage":"fr-FR"},{"@type":"Organization","@id":"https:\/\/bulaoutdoor.nl\/#organization","name":"Bula Outdoor","url":"https:\/\/bulaoutdoor.nl\/","logo":{"@type":"ImageObject","inLanguage":"fr-FR","@id":"https:\/\/bulaoutdoor.nl\/#\/schema\/logo\/image\/","url":"https:\/\/www.bulaoutdoor.nl\/wp-content\/uploads\/2018\/04\/bulaoutdoor-logo.png","contentUrl":"https:\/\/www.bulaoutdoor.nl\/wp-content\/uploads\/2018\/04\/bulaoutdoor-logo.png","width":324,"height":91,"caption":"Bula Outdoor"},"image":{"@id":"https:\/\/bulaoutdoor.nl\/#\/schema\/logo\/image\/"}}]}},"jetpack_sharing_enabled":true,"_links":{"self":[{"href":"https:\/\/bulaoutdoor.nl\/fr\/wp-json\/wp\/v2\/product\/14961","targetHints":{"allow":["GET"]}}],"collection":[{"href":"https:\/\/bulaoutdoor.nl\/fr\/wp-json\/wp\/v2\/product"}],"about":[{"href":"https:\/\/bulaoutdoor.nl\/fr\/wp-json\/wp\/v2\/types\/product"}],"replies":[{"embeddable":true,"href":"https:\/\/bulaoutdoor.nl\/fr\/wp-json\/wp\/v2\/comments?post=14961"}],"wp:featuredmedia":[{"embeddable":true,"href":"https:\/\/bulaoutdoor.nl\/fr\/wp-json\/wp\/v2\/media\/14974"}],"wp:attachment":[{"href":"https:\/\/bulaoutdoor.nl\/fr\/wp-json\/wp\/v2\/media?parent=14961"}],"wp:term":[{"taxonomy":"product_brand","embeddable":true,"href":"https:\/\/bulaoutdoor.nl\/fr\/wp-json\/wp\/v2\/product_brand?post=14961"},{"taxonomy":"product_cat","embeddable":true,"href":"https:\/\/bulaoutdoor.nl\/fr\/wp-json\/wp\/v2\/product_cat?post=14961"},{"taxonomy":"product_tag","embeddable":true,"href":"https:\/\/bulaoutdoor.nl\/fr\/wp-json\/wp\/v2\/product_tag?post=14961"}],"curies":[{"name":"wp","href":"https:\/\/api.w.org\/{rel}","templated":true}]}}