{"id":1498,"date":"2019-01-30T13:04:23","date_gmt":"2019-01-30T13:04:23","guid":{"rendered":"http:\/\/www.bulaoutdoor.nl\/?post_type=product&#038;p=1498"},"modified":"2022-12-01T12:22:28","modified_gmt":"2022-12-01T12:22:28","slug":"ensemble-de-pizzas-avec-peel-scoop-brosse-pour-le-four-coupe-pizza-poele-a-huile-10-pieces","status":"publish","type":"product","link":"https:\/\/bulaoutdoor.nl\/fr\/product\/pizza-set-met-peel-schep-ovenborstel-pizzasnijder-oliekan-10-stuks\/","title":{"rendered":"Set \u00e0 pizza avec pelle, brosse \u00e0 four, coupe-pizza, po\u00eale \u00e0 huile | 10 pi\u00e8ces"},"content":{"rendered":"<h2>Ensemble de pizzas pour usage domestique compos\u00e9 de :<\/h2>\n<ul>\n<li>rectangulaire en aluminium non trait\u00e9 <strong>pizza<\/strong> scoop \/<strong>\u00e9corce<\/strong> 32X30 cm, manche 120 cm (code AE-32R \/ 120)<\/li>\n<li>petite pelle \u00e0 pizza aluminis\u00e9e (code F-20)<\/li>\n<li>Brosse avec poils en cuivre (alumin\u00e9e ACH-SP)<\/li>\n<li>Support mural pour pelle\/pelle et brosse (code ACH-PP)<\/li>\n<li>coupe-p\u00e2te en acier inoxydable (code AC-ROM)<\/li>\n<li>couteau \u00e0 pizza rectangulaire en acier inoxydable (code AC-ST2M)<\/li>\n<li>grattoir triangulaire en acier inoxydable (code AC-ST4M)<\/li>\n<li>coupe-p\u00e2te \/ coupe-pizza en acier inoxydable (code AC-TPM)<\/li>\n<li>Bidon \u00e0 huile en acier inoxydable 1 lt (code OL10IX)<\/li>\n<li>plateau de service en aluminium de 40 cm (VP40).<\/li>\n<\/ul>","protected":false},"excerpt":{"rendered":"<p>Set \u00e0 pizza avec pelle, brosse \u00e0 four, coupe-pizza, po\u00eale \u00e0 huile | 10 pi\u00e8ces<\/p>","protected":false},"featured_media":10895,"comment_status":"open","ping_status":"closed","template":"","meta":{"_acf_changed":false},"product_brand":[],"product_cat":[361],"product_tag":[98,101,100,104,95,94,102,99,103],"class_list":{"0":"post-1498","1":"product","2":"type-product","3":"status-publish","4":"has-post-thumbnail","6":"product_cat-pizza-bereiding-accessoires","7":"product_tag-deegkrabber","8":"product_tag-muurbeugel","9":"product_tag-oliekan","10":"product_tag-ovenborstel","11":"product_tag-peel","12":"product_tag-pizzaset","13":"product_tag-pizzasnijder","14":"product_tag-schep","15":"product_tag-serveer-tray","17":"first","18":"instock","19":"taxable","20":"shipping-taxable","21":"purchasable","22":"product-type-simple"},"acf":[],"yoast_head":"<!-- This site is optimized with the Yoast SEO plugin v27.4 - https:\/\/yoast.com\/product\/yoast-seo-wordpress\/ -->\n<title>Pizza set met peel \/ schep, ovenborstel, pizzasnijder, oliekan | 10 stuks &#8211; Bula Outdoor<\/title>\n<meta name=\"description\" content=\"Pizzaset voor thuisgebruik. Compleet met pizza snijder, pizza schep, ovenborstel en deegsnijders. Bakken maar! set bestaat uit 10 onderdelen.\" \/>\n<meta name=\"robots\" content=\"index, follow, max-snippet:-1, max-image-preview:large, max-video-preview:-1\" \/>\n<link rel=\"canonical\" href=\"https:\/\/bulaoutdoor.nl\/fr\/produit\/ensemble-de-pizzas-avec-peel-scoop-brosse-pour-le-four-coupe-pizza-poele-a-huile-10-pieces\/\" \/>\n<meta property=\"og:locale\" content=\"fr_FR\" \/>\n<meta property=\"og:type\" content=\"article\" \/>\n<meta property=\"og:title\" content=\"Pizza set met peel \/ schep, ovenborstel, pizzasnijder, oliekan | 10 stuks &#8211; Bula Outdoor\" \/>\n<meta property=\"og:description\" content=\"Pizzaset voor thuisgebruik. Compleet met pizza snijder, pizza schep, ovenborstel en deegsnijders. Bakken maar! set bestaat uit 10 onderdelen.\" \/>\n<meta property=\"og:url\" content=\"https:\/\/bulaoutdoor.nl\/fr\/produit\/ensemble-de-pizzas-avec-peel-scoop-brosse-pour-le-four-coupe-pizza-poele-a-huile-10-pieces\/\" \/>\n<meta property=\"og:site_name\" content=\"Bula Outdoor\" \/>\n<meta property=\"article:modified_time\" content=\"2022-12-01T12:22:28+00:00\" \/>\n<meta property=\"og:image\" content=\"https:\/\/bulaoutdoor.nl\/wp-content\/uploads\/2019\/01\/bula-outdoor-pizza-basic2-e1548853338175_SCALED.jpg\" \/>\n\t<meta property=\"og:image:width\" content=\"603\" \/>\n\t<meta property=\"og:image:height\" content=\"550\" \/>\n\t<meta property=\"og:image:type\" content=\"image\/jpeg\" \/>\n<meta name=\"twitter:card\" content=\"summary_large_image\" \/>\n<script type=\"application\/ld+json\" class=\"yoast-schema-graph\">{\"@context\":\"https:\\\/\\\/schema.org\",\"@graph\":[{\"@type\":\"WebPage\",\"@id\":\"https:\\\/\\\/bulaoutdoor.nl\\\/product\\\/pizza-set-met-peel-schep-ovenborstel-pizzasnijder-oliekan-10-stuks\\\/\",\"url\":\"https:\\\/\\\/bulaoutdoor.nl\\\/product\\\/pizza-set-met-peel-schep-ovenborstel-pizzasnijder-oliekan-10-stuks\\\/\",\"name\":\"Pizza set met peel \\\/ schep, ovenborstel, pizzasnijder, oliekan | 10 stuks &#8211; Bula Outdoor\",\"isPartOf\":{\"@id\":\"https:\\\/\\\/bulaoutdoor.nl\\\/#website\"},\"primaryImageOfPage\":{\"@id\":\"https:\\\/\\\/bulaoutdoor.nl\\\/product\\\/pizza-set-met-peel-schep-ovenborstel-pizzasnijder-oliekan-10-stuks\\\/#primaryimage\"},\"image\":{\"@id\":\"https:\\\/\\\/bulaoutdoor.nl\\\/product\\\/pizza-set-met-peel-schep-ovenborstel-pizzasnijder-oliekan-10-stuks\\\/#primaryimage\"},\"thumbnailUrl\":\"https:\\\/\\\/bulaoutdoor.nl\\\/wp-content\\\/uploads\\\/2019\\\/01\\\/bula-outdoor-pizza-basic2-e1548853338175_SCALED.jpg\",\"datePublished\":\"2019-01-30T13:04:23+00:00\",\"dateModified\":\"2022-12-01T12:22:28+00:00\",\"description\":\"Pizzaset voor thuisgebruik. Compleet met pizza snijder, pizza schep, ovenborstel en deegsnijders. Bakken maar! set bestaat uit 10 onderdelen.\",\"breadcrumb\":{\"@id\":\"https:\\\/\\\/bulaoutdoor.nl\\\/product\\\/pizza-set-met-peel-schep-ovenborstel-pizzasnijder-oliekan-10-stuks\\\/#breadcrumb\"},\"inLanguage\":\"fr-FR\",\"potentialAction\":[{\"@type\":\"ReadAction\",\"target\":[\"https:\\\/\\\/bulaoutdoor.nl\\\/product\\\/pizza-set-met-peel-schep-ovenborstel-pizzasnijder-oliekan-10-stuks\\\/\"]}]},{\"@type\":\"ImageObject\",\"inLanguage\":\"fr-FR\",\"@id\":\"https:\\\/\\\/bulaoutdoor.nl\\\/product\\\/pizza-set-met-peel-schep-ovenborstel-pizzasnijder-oliekan-10-stuks\\\/#primaryimage\",\"url\":\"https:\\\/\\\/bulaoutdoor.nl\\\/wp-content\\\/uploads\\\/2019\\\/01\\\/bula-outdoor-pizza-basic2-e1548853338175_SCALED.jpg\",\"contentUrl\":\"https:\\\/\\\/bulaoutdoor.nl\\\/wp-content\\\/uploads\\\/2019\\\/01\\\/bula-outdoor-pizza-basic2-e1548853338175_SCALED.jpg\",\"width\":603,\"height\":550},{\"@type\":\"BreadcrumbList\",\"@id\":\"https:\\\/\\\/bulaoutdoor.nl\\\/product\\\/pizza-set-met-peel-schep-ovenborstel-pizzasnijder-oliekan-10-stuks\\\/#breadcrumb\",\"itemListElement\":[{\"@type\":\"ListItem\",\"position\":1,\"name\":\"Home\",\"item\":\"https:\\\/\\\/bulaoutdoor.nl\\\/\"},{\"@type\":\"ListItem\",\"position\":2,\"name\":\"Online BBQ kopen\",\"item\":\"https:\\\/\\\/bulaoutdoor.nl\\\/\"},{\"@type\":\"ListItem\",\"position\":3,\"name\":\"Pizza set met peel \\\/ schep, ovenborstel, pizzasnijder, oliekan | 10 stuks\"}]},{\"@type\":\"WebSite\",\"@id\":\"https:\\\/\\\/bulaoutdoor.nl\\\/#website\",\"url\":\"https:\\\/\\\/bulaoutdoor.nl\\\/\",\"name\":\"Bula Outdoor\",\"description\":\"Voor uw buitenhaard, BBQ, tuinfakkel en houtoven\",\"publisher\":{\"@id\":\"https:\\\/\\\/bulaoutdoor.nl\\\/#organization\"},\"potentialAction\":[{\"@type\":\"SearchAction\",\"target\":{\"@type\":\"EntryPoint\",\"urlTemplate\":\"https:\\\/\\\/bulaoutdoor.nl\\\/?s={search_term_string}\"},\"query-input\":{\"@type\":\"PropertyValueSpecification\",\"valueRequired\":true,\"valueName\":\"search_term_string\"}}],\"inLanguage\":\"fr-FR\"},{\"@type\":\"Organization\",\"@id\":\"https:\\\/\\\/bulaoutdoor.nl\\\/#organization\",\"name\":\"Bula Outdoor\",\"url\":\"https:\\\/\\\/bulaoutdoor.nl\\\/\",\"logo\":{\"@type\":\"ImageObject\",\"inLanguage\":\"fr-FR\",\"@id\":\"https:\\\/\\\/bulaoutdoor.nl\\\/#\\\/schema\\\/logo\\\/image\\\/\",\"url\":\"https:\\\/\\\/www.bulaoutdoor.nl\\\/wp-content\\\/uploads\\\/2018\\\/04\\\/bulaoutdoor-logo.png\",\"contentUrl\":\"https:\\\/\\\/www.bulaoutdoor.nl\\\/wp-content\\\/uploads\\\/2018\\\/04\\\/bulaoutdoor-logo.png\",\"width\":324,\"height\":91,\"caption\":\"Bula Outdoor\"},\"image\":{\"@id\":\"https:\\\/\\\/bulaoutdoor.nl\\\/#\\\/schema\\\/logo\\\/image\\\/\"}}]}<\/script>\n<!-- \/ Yoast SEO plugin. -->","yoast_head_json":{"title":"Set de pizza avec pelle, brosse \u00e0 four, coupe-pizza, po\u00eale \u00e0 huile | 10 pi\u00e8ces - Bula Outdoor","description":"Ensemble \u00e0 pizza pour usage domestique. Comprend un coupe-pizza, une pelle \u00e0 pizza, une brosse \u00e0 four et des moules \u00e0 p\u00e2te. Le set Bake away ! est compos\u00e9 de 10 pi\u00e8ces.","robots":{"index":"index","follow":"follow","max-snippet":"max-snippet:-1","max-image-preview":"max-image-preview:large","max-video-preview":"max-video-preview:-1"},"canonical":"https:\/\/bulaoutdoor.nl\/fr\/produit\/ensemble-de-pizzas-avec-peel-scoop-brosse-pour-le-four-coupe-pizza-poele-a-huile-10-pieces\/","og_locale":"fr_FR","og_type":"article","og_title":"Pizza set met peel \/ schep, ovenborstel, pizzasnijder, oliekan | 10 stuks &#8211; Bula Outdoor","og_description":"Pizzaset voor thuisgebruik. Compleet met pizza snijder, pizza schep, ovenborstel en deegsnijders. Bakken maar! set bestaat uit 10 onderdelen.","og_url":"https:\/\/bulaoutdoor.nl\/fr\/produit\/ensemble-de-pizzas-avec-peel-scoop-brosse-pour-le-four-coupe-pizza-poele-a-huile-10-pieces\/","og_site_name":"Bula Outdoor","article_modified_time":"2022-12-01T12:22:28+00:00","og_image":[{"width":603,"height":550,"url":"https:\/\/bulaoutdoor.nl\/wp-content\/uploads\/2019\/01\/bula-outdoor-pizza-basic2-e1548853338175_SCALED.jpg","type":"image\/jpeg"}],"twitter_card":"summary_large_image","schema":{"@context":"https:\/\/schema.org","@graph":[{"@type":"WebPage","@id":"https:\/\/bulaoutdoor.nl\/product\/pizza-set-met-peel-schep-ovenborstel-pizzasnijder-oliekan-10-stuks\/","url":"https:\/\/bulaoutdoor.nl\/product\/pizza-set-met-peel-schep-ovenborstel-pizzasnijder-oliekan-10-stuks\/","name":"Set de pizza avec pelle, brosse \u00e0 four, coupe-pizza, po\u00eale \u00e0 huile | 10 pi\u00e8ces - Bula Outdoor","isPartOf":{"@id":"https:\/\/bulaoutdoor.nl\/#website"},"primaryImageOfPage":{"@id":"https:\/\/bulaoutdoor.nl\/product\/pizza-set-met-peel-schep-ovenborstel-pizzasnijder-oliekan-10-stuks\/#primaryimage"},"image":{"@id":"https:\/\/bulaoutdoor.nl\/product\/pizza-set-met-peel-schep-ovenborstel-pizzasnijder-oliekan-10-stuks\/#primaryimage"},"thumbnailUrl":"https:\/\/bulaoutdoor.nl\/wp-content\/uploads\/2019\/01\/bula-outdoor-pizza-basic2-e1548853338175_SCALED.jpg","datePublished":"2019-01-30T13:04:23+00:00","dateModified":"2022-12-01T12:22:28+00:00","description":"Ensemble \u00e0 pizza pour usage domestique. Comprend un coupe-pizza, une pelle \u00e0 pizza, une brosse \u00e0 four et des moules \u00e0 p\u00e2te. Le set Bake away ! est compos\u00e9 de 10 pi\u00e8ces.","breadcrumb":{"@id":"https:\/\/bulaoutdoor.nl\/product\/pizza-set-met-peel-schep-ovenborstel-pizzasnijder-oliekan-10-stuks\/#breadcrumb"},"inLanguage":"fr-FR","potentialAction":[{"@type":"ReadAction","target":["https:\/\/bulaoutdoor.nl\/product\/pizza-set-met-peel-schep-ovenborstel-pizzasnijder-oliekan-10-stuks\/"]}]},{"@type":"ImageObject","inLanguage":"fr-FR","@id":"https:\/\/bulaoutdoor.nl\/product\/pizza-set-met-peel-schep-ovenborstel-pizzasnijder-oliekan-10-stuks\/#primaryimage","url":"https:\/\/bulaoutdoor.nl\/wp-content\/uploads\/2019\/01\/bula-outdoor-pizza-basic2-e1548853338175_SCALED.jpg","contentUrl":"https:\/\/bulaoutdoor.nl\/wp-content\/uploads\/2019\/01\/bula-outdoor-pizza-basic2-e1548853338175_SCALED.jpg","width":603,"height":550},{"@type":"BreadcrumbList","@id":"https:\/\/bulaoutdoor.nl\/product\/pizza-set-met-peel-schep-ovenborstel-pizzasnijder-oliekan-10-stuks\/#breadcrumb","itemListElement":[{"@type":"ListItem","position":1,"name":"Home","item":"https:\/\/bulaoutdoor.nl\/"},{"@type":"ListItem","position":2,"name":"Online BBQ kopen","item":"https:\/\/bulaoutdoor.nl\/"},{"@type":"ListItem","position":3,"name":"Pizza set met peel \/ schep, ovenborstel, pizzasnijder, oliekan | 10 stuks"}]},{"@type":"WebSite","@id":"https:\/\/bulaoutdoor.nl\/#website","url":"https:\/\/bulaoutdoor.nl\/","name":"Bula Outdoor","description":"Pour votre chemin\u00e9e ext\u00e9rieure, votre barbecue, votre torche de jardin et votre four \u00e0 bois","publisher":{"@id":"https:\/\/bulaoutdoor.nl\/#organization"},"potentialAction":[{"@type":"SearchAction","target":{"@type":"EntryPoint","urlTemplate":"https:\/\/bulaoutdoor.nl\/?s={search_term_string}"},"query-input":{"@type":"PropertyValueSpecification","valueRequired":true,"valueName":"search_term_string"}}],"inLanguage":"fr-FR"},{"@type":"Organization","@id":"https:\/\/bulaoutdoor.nl\/#organization","name":"Bula Outdoor","url":"https:\/\/bulaoutdoor.nl\/","logo":{"@type":"ImageObject","inLanguage":"fr-FR","@id":"https:\/\/bulaoutdoor.nl\/#\/schema\/logo\/image\/","url":"https:\/\/www.bulaoutdoor.nl\/wp-content\/uploads\/2018\/04\/bulaoutdoor-logo.png","contentUrl":"https:\/\/www.bulaoutdoor.nl\/wp-content\/uploads\/2018\/04\/bulaoutdoor-logo.png","width":324,"height":91,"caption":"Bula Outdoor"},"image":{"@id":"https:\/\/bulaoutdoor.nl\/#\/schema\/logo\/image\/"}}]}},"jetpack_sharing_enabled":true,"_links":{"self":[{"href":"https:\/\/bulaoutdoor.nl\/fr\/wp-json\/wp\/v2\/product\/1498","targetHints":{"allow":["GET"]}}],"collection":[{"href":"https:\/\/bulaoutdoor.nl\/fr\/wp-json\/wp\/v2\/product"}],"about":[{"href":"https:\/\/bulaoutdoor.nl\/fr\/wp-json\/wp\/v2\/types\/product"}],"replies":[{"embeddable":true,"href":"https:\/\/bulaoutdoor.nl\/fr\/wp-json\/wp\/v2\/comments?post=1498"}],"wp:featuredmedia":[{"embeddable":true,"href":"https:\/\/bulaoutdoor.nl\/fr\/wp-json\/wp\/v2\/media\/10895"}],"wp:attachment":[{"href":"https:\/\/bulaoutdoor.nl\/fr\/wp-json\/wp\/v2\/media?parent=1498"}],"wp:term":[{"taxonomy":"product_brand","embeddable":true,"href":"https:\/\/bulaoutdoor.nl\/fr\/wp-json\/wp\/v2\/product_brand?post=1498"},{"taxonomy":"product_cat","embeddable":true,"href":"https:\/\/bulaoutdoor.nl\/fr\/wp-json\/wp\/v2\/product_cat?post=1498"},{"taxonomy":"product_tag","embeddable":true,"href":"https:\/\/bulaoutdoor.nl\/fr\/wp-json\/wp\/v2\/product_tag?post=1498"}],"curies":[{"name":"wp","href":"https:\/\/api.w.org\/{rel}","templated":true}]}}