{"id":14981,"date":"2023-01-17T14:13:51","date_gmt":"2023-01-17T14:13:51","guid":{"rendered":"https:\/\/www.bulaoutdoor.nl\/?post_type=product&#038;p=14981"},"modified":"2025-05-19T06:29:13","modified_gmt":"2025-05-19T06:29:13","slug":"margherita","status":"publish","type":"product","link":"https:\/\/bulaoutdoor.nl\/fr\/product\/margherita\/","title":{"rendered":"Four \u00e0 pizza Margherita en bois"},"content":{"rendered":"<p>Bien s\u00fbr, vous pouvez pr\u00e9parer de d\u00e9licieuses pizzas traditionnelles avec ce four, mais il ne d\u00e9pareillera pas non plus dans votre jardin ! N'oubliez pas que ce four vous permet \u00e9galement de r\u00f4tir de la viande et du poisson et de cuire du pain croustillant et moelleux. Avec un espace pour deux pizzas et deux \u00e0 trois kilos de pain, ce four offre de nombreuses possibilit\u00e9s.<\/p>\n<p>La surface de cuisson est en chamotte r\u00e9fractaire de haute qualit\u00e9, certifi\u00e9e pour un usage alimentaire. L'int\u00e9rieur du four est en acier inoxydable et l'ext\u00e9rieur en acier \u00e9lectrozingu\u00e9 est trait\u00e9 avec une peinture haute temp\u00e9rature pour une r\u00e9sistance maximale \u00e0 la chaleur, aux intemp\u00e9ries et \u00e0 la rouille.<br \/>\nL'isolation du four est constitu\u00e9e de laine de roche naturelle. Cette isolation permet de maintenir la temp\u00e9rature plus efficacement et d'\u00e9viter que l'ext\u00e9rieur du four ne devienne trop chaud.<\/p>\n<p>Caract\u00e9ristiques :<\/p>\n<ul>\n<li>Dimensions ext\u00e9rieures du four (L x L x H) :<br \/>\n78 x 85,5 x 196 cm<\/li>\n<li>Chambre de cuisson : 60 x 60 x 34 cm<\/li>\n<li>Combustible : bois, 3,8 kg\/heure<\/li>\n<li>Chemin\u00e9e : \u2300150mm<\/li>\n<li>Poids : 105 kg<\/li>\n<li>Option pour 3 couleurs Rosso, acier inoxydable ou Anthracite<img loading=\"lazy\" decoding=\"async\" class=\"alignnone size-full wp-image-15304\" src=\"https:\/\/www.bulaoutdoor.nl\/wp-content\/uploads\/2023\/01\/margherita-kleuren.jpg\" alt=\"\" width=\"675\" height=\"217\" srcset=\"https:\/\/bulaoutdoor.nl\/wp-content\/uploads\/2023\/01\/margherita-kleuren.jpg 675w, https:\/\/bulaoutdoor.nl\/wp-content\/uploads\/2023\/01\/margherita-kleuren-300x96.jpg 300w, https:\/\/bulaoutdoor.nl\/wp-content\/uploads\/2023\/01\/margherita-kleuren-416x134.jpg 416w\" sizes=\"auto, (max-width: 675px) 100vw, 675px\" \/><\/li>\n<li>Option pour un chariot en acier inoxydable avec des roues et un crochet pour suspendre les outils.<\/li>\n<\/ul>\n<p>\u00c9quipement standard Margherita :<\/p>\n<ul>\n<li>Un tuyau avec une soupape de sortie de fum\u00e9e r\u00e9glable et un chapeau de chemin\u00e9e.<\/li>\n<li>Une porte verrouillable pour l'espace de cuisson avec une poign\u00e9e toujours froide.<\/li>\n<li>Un thermom\u00e8tre analogique.<\/li>\n<li>Un support en bois<\/li>\n<li>Un tisonnier.<\/li>\n<li>Un manuel est <a href=\"https:\/\/www.fontanaforni.com\/manuali_diretti\/MAN_FONTANA_FORNI_DIRETTI_ALL_LANG.pdf\">ici num\u00e9rique<\/a> disponible.<\/li>\n<\/ul>\n<p><iframe loading=\"lazy\" title=\"ENG - MANGIAFUOCO - Fontana Forni - four ext\u00e9rieur - bois ou gaz\" width=\"980\" height=\"551\" src=\"https:\/\/www.youtube.com\/embed\/jXKkoXhrBv0?feature=oembed&#038;enablejsapi=1&#038;origin=https:\/\/bulaoutdoor.nl\" frameborder=\"0\" allow=\"accelerometer; autoplay; clipboard-write; encrypted-media; gyroscope; picture-in-picture; web-share\" referrerpolicy=\"strict-origin-when-cross-origin\" allowfullscreen><\/iframe><\/p>\n<p><img loading=\"lazy\" decoding=\"async\" class=\"wp-image-14911 alignnone\" src=\"https:\/\/www.bulaoutdoor.nl\/wp-content\/uploads\/2022\/11\/fontanawit.png\" alt=\"\" width=\"721\" height=\"159\" srcset=\"https:\/\/bulaoutdoor.nl\/wp-content\/uploads\/2022\/11\/fontanawit.png 508w, https:\/\/bulaoutdoor.nl\/wp-content\/uploads\/2022\/11\/fontanawit-300x66.png 300w, https:\/\/bulaoutdoor.nl\/wp-content\/uploads\/2022\/11\/fontanawit-416x92.png 416w\" sizes=\"auto, (max-width: 721px) 100vw, 721px\" \/>Commandez la Margherita directement aupr\u00e8s de Bula Outdoor, <a href=\"https:\/\/bulaoutdoor.nl\/fr\/categorie-de-produits\/fours-a-pizza\/\">votre four \u00e0 pizza<\/a> sp\u00e9cialiste !<\/p>\n<p>&nbsp;<\/p>","protected":false},"excerpt":{"rendered":"<p>Magnifique four \u00e0 bois spacieux pour les pizzas italiennes les plus d\u00e9licieuses et bien d'autres choses encore !<\/p>","protected":false},"featured_media":15018,"comment_status":"open","ping_status":"closed","template":"","meta":{"_acf_changed":false},"product_brand":[],"product_cat":[1056],"product_tag":[1063,1088],"class_list":{"0":"post-14981","1":"product","2":"type-product","3":"status-publish","4":"has-post-thumbnail","6":"product_cat-fontana-ovens","7":"product_tag-gasoven","8":"product_tag-pizzaoven-60x60","10":"first","11":"instock","12":"taxable","13":"shipping-taxable","14":"purchasable","15":"product-type-variable"},"acf":[],"yoast_head":"<!-- This site is optimized with the Yoast SEO plugin v27.3 - https:\/\/yoast.com\/product\/yoast-seo-wordpress\/ -->\n<title>Margherita Pizza oven hout &#8211; Bula Outdoor<\/title>\n<meta name=\"robots\" content=\"index, follow, max-snippet:-1, max-image-preview:large, max-video-preview:-1\" \/>\n<link rel=\"canonical\" href=\"https:\/\/bulaoutdoor.nl\/fr\/produit\/margherita\/\" \/>\n<meta property=\"og:locale\" content=\"fr_FR\" \/>\n<meta property=\"og:type\" content=\"article\" \/>\n<meta property=\"og:title\" content=\"Margherita Pizza oven hout &#8211; Bula Outdoor\" \/>\n<meta property=\"og:description\" content=\"Mooie ruime houtoven voor de heerlijkste italiaanse pizza en meer!\" \/>\n<meta property=\"og:url\" content=\"https:\/\/bulaoutdoor.nl\/fr\/produit\/margherita\/\" \/>\n<meta property=\"og:site_name\" content=\"Bula Outdoor\" \/>\n<meta property=\"article:modified_time\" content=\"2025-05-19T06:29:13+00:00\" \/>\n<meta property=\"og:image\" content=\"https:\/\/bulaoutdoor.nl\/wp-content\/uploads\/2022\/11\/Margherita_base_hout_rvs_pizzaoven_bula_outdoor_1.jpg\" \/>\n\t<meta property=\"og:image:width\" content=\"928\" \/>\n\t<meta property=\"og:image:height\" content=\"927\" \/>\n\t<meta property=\"og:image:type\" content=\"image\/jpeg\" \/>\n<meta name=\"twitter:card\" content=\"summary_large_image\" \/>\n<meta name=\"twitter:label1\" content=\"Dur\u00e9e de lecture estim\u00e9e\" \/>\n\t<meta name=\"twitter:data1\" content=\"2 minutes\" \/>\n<script type=\"application\/ld+json\" class=\"yoast-schema-graph\">{\"@context\":\"https:\\\/\\\/schema.org\",\"@graph\":[{\"@type\":\"WebPage\",\"@id\":\"https:\\\/\\\/bulaoutdoor.nl\\\/product\\\/margherita\\\/\",\"url\":\"https:\\\/\\\/bulaoutdoor.nl\\\/product\\\/margherita\\\/\",\"name\":\"Margherita Pizza oven hout &#8211; Bula Outdoor\",\"isPartOf\":{\"@id\":\"https:\\\/\\\/bulaoutdoor.nl\\\/#website\"},\"primaryImageOfPage\":{\"@id\":\"https:\\\/\\\/bulaoutdoor.nl\\\/product\\\/margherita\\\/#primaryimage\"},\"image\":{\"@id\":\"https:\\\/\\\/bulaoutdoor.nl\\\/product\\\/margherita\\\/#primaryimage\"},\"thumbnailUrl\":\"https:\\\/\\\/bulaoutdoor.nl\\\/wp-content\\\/uploads\\\/2022\\\/11\\\/Margherita_base_hout_rvs_pizzaoven_bula_outdoor_1.jpg\",\"datePublished\":\"2023-01-17T14:13:51+00:00\",\"dateModified\":\"2025-05-19T06:29:13+00:00\",\"breadcrumb\":{\"@id\":\"https:\\\/\\\/bulaoutdoor.nl\\\/product\\\/margherita\\\/#breadcrumb\"},\"inLanguage\":\"fr-FR\",\"potentialAction\":[{\"@type\":\"ReadAction\",\"target\":[\"https:\\\/\\\/bulaoutdoor.nl\\\/product\\\/margherita\\\/\"]}]},{\"@type\":\"ImageObject\",\"inLanguage\":\"fr-FR\",\"@id\":\"https:\\\/\\\/bulaoutdoor.nl\\\/product\\\/margherita\\\/#primaryimage\",\"url\":\"https:\\\/\\\/bulaoutdoor.nl\\\/wp-content\\\/uploads\\\/2022\\\/11\\\/Margherita_base_hout_rvs_pizzaoven_bula_outdoor_1.jpg\",\"contentUrl\":\"https:\\\/\\\/bulaoutdoor.nl\\\/wp-content\\\/uploads\\\/2022\\\/11\\\/Margherita_base_hout_rvs_pizzaoven_bula_outdoor_1.jpg\",\"width\":928,\"height\":927,\"caption\":\"Margherita Fontana inox rvs\"},{\"@type\":\"BreadcrumbList\",\"@id\":\"https:\\\/\\\/bulaoutdoor.nl\\\/product\\\/margherita\\\/#breadcrumb\",\"itemListElement\":[{\"@type\":\"ListItem\",\"position\":1,\"name\":\"Home\",\"item\":\"https:\\\/\\\/bulaoutdoor.nl\\\/\"},{\"@type\":\"ListItem\",\"position\":2,\"name\":\"Online BBQ kopen\",\"item\":\"https:\\\/\\\/bulaoutdoor.nl\\\/\"},{\"@type\":\"ListItem\",\"position\":3,\"name\":\"Margherita Pizza oven hout\"}]},{\"@type\":\"WebSite\",\"@id\":\"https:\\\/\\\/bulaoutdoor.nl\\\/#website\",\"url\":\"https:\\\/\\\/bulaoutdoor.nl\\\/\",\"name\":\"Bula Outdoor\",\"description\":\"Voor uw buitenhaard, BBQ, tuinfakkel en houtoven\",\"publisher\":{\"@id\":\"https:\\\/\\\/bulaoutdoor.nl\\\/#organization\"},\"potentialAction\":[{\"@type\":\"SearchAction\",\"target\":{\"@type\":\"EntryPoint\",\"urlTemplate\":\"https:\\\/\\\/bulaoutdoor.nl\\\/?s={search_term_string}\"},\"query-input\":{\"@type\":\"PropertyValueSpecification\",\"valueRequired\":true,\"valueName\":\"search_term_string\"}}],\"inLanguage\":\"fr-FR\"},{\"@type\":\"Organization\",\"@id\":\"https:\\\/\\\/bulaoutdoor.nl\\\/#organization\",\"name\":\"Bula Outdoor\",\"url\":\"https:\\\/\\\/bulaoutdoor.nl\\\/\",\"logo\":{\"@type\":\"ImageObject\",\"inLanguage\":\"fr-FR\",\"@id\":\"https:\\\/\\\/bulaoutdoor.nl\\\/#\\\/schema\\\/logo\\\/image\\\/\",\"url\":\"https:\\\/\\\/www.bulaoutdoor.nl\\\/wp-content\\\/uploads\\\/2018\\\/04\\\/bulaoutdoor-logo.png\",\"contentUrl\":\"https:\\\/\\\/www.bulaoutdoor.nl\\\/wp-content\\\/uploads\\\/2018\\\/04\\\/bulaoutdoor-logo.png\",\"width\":324,\"height\":91,\"caption\":\"Bula Outdoor\"},\"image\":{\"@id\":\"https:\\\/\\\/bulaoutdoor.nl\\\/#\\\/schema\\\/logo\\\/image\\\/\"}}]}<\/script>\n<!-- \/ Yoast SEO plugin. -->","yoast_head_json":{"title":"Four \u00e0 pizza Margherita en bois - Bula Outdoor","robots":{"index":"index","follow":"follow","max-snippet":"max-snippet:-1","max-image-preview":"max-image-preview:large","max-video-preview":"max-video-preview:-1"},"canonical":"https:\/\/bulaoutdoor.nl\/fr\/produit\/margherita\/","og_locale":"fr_FR","og_type":"article","og_title":"Margherita Pizza oven hout &#8211; Bula Outdoor","og_description":"Mooie ruime houtoven voor de heerlijkste italiaanse pizza en meer!","og_url":"https:\/\/bulaoutdoor.nl\/fr\/produit\/margherita\/","og_site_name":"Bula Outdoor","article_modified_time":"2025-05-19T06:29:13+00:00","og_image":[{"width":928,"height":927,"url":"https:\/\/bulaoutdoor.nl\/wp-content\/uploads\/2022\/11\/Margherita_base_hout_rvs_pizzaoven_bula_outdoor_1.jpg","type":"image\/jpeg"}],"twitter_card":"summary_large_image","twitter_misc":{"Dur\u00e9e de lecture estim\u00e9e":"2 minutes"},"schema":{"@context":"https:\/\/schema.org","@graph":[{"@type":"WebPage","@id":"https:\/\/bulaoutdoor.nl\/product\/margherita\/","url":"https:\/\/bulaoutdoor.nl\/product\/margherita\/","name":"Four \u00e0 pizza Margherita en bois - Bula Outdoor","isPartOf":{"@id":"https:\/\/bulaoutdoor.nl\/#website"},"primaryImageOfPage":{"@id":"https:\/\/bulaoutdoor.nl\/product\/margherita\/#primaryimage"},"image":{"@id":"https:\/\/bulaoutdoor.nl\/product\/margherita\/#primaryimage"},"thumbnailUrl":"https:\/\/bulaoutdoor.nl\/wp-content\/uploads\/2022\/11\/Margherita_base_hout_rvs_pizzaoven_bula_outdoor_1.jpg","datePublished":"2023-01-17T14:13:51+00:00","dateModified":"2025-05-19T06:29:13+00:00","breadcrumb":{"@id":"https:\/\/bulaoutdoor.nl\/product\/margherita\/#breadcrumb"},"inLanguage":"fr-FR","potentialAction":[{"@type":"ReadAction","target":["https:\/\/bulaoutdoor.nl\/product\/margherita\/"]}]},{"@type":"ImageObject","inLanguage":"fr-FR","@id":"https:\/\/bulaoutdoor.nl\/product\/margherita\/#primaryimage","url":"https:\/\/bulaoutdoor.nl\/wp-content\/uploads\/2022\/11\/Margherita_base_hout_rvs_pizzaoven_bula_outdoor_1.jpg","contentUrl":"https:\/\/bulaoutdoor.nl\/wp-content\/uploads\/2022\/11\/Margherita_base_hout_rvs_pizzaoven_bula_outdoor_1.jpg","width":928,"height":927,"caption":"Margherita Fontana inox rvs"},{"@type":"BreadcrumbList","@id":"https:\/\/bulaoutdoor.nl\/product\/margherita\/#breadcrumb","itemListElement":[{"@type":"ListItem","position":1,"name":"Home","item":"https:\/\/bulaoutdoor.nl\/"},{"@type":"ListItem","position":2,"name":"Online BBQ kopen","item":"https:\/\/bulaoutdoor.nl\/"},{"@type":"ListItem","position":3,"name":"Margherita Pizza oven hout"}]},{"@type":"WebSite","@id":"https:\/\/bulaoutdoor.nl\/#website","url":"https:\/\/bulaoutdoor.nl\/","name":"Bula Outdoor","description":"Pour votre chemin\u00e9e ext\u00e9rieure, votre barbecue, votre torche de jardin et votre four \u00e0 bois","publisher":{"@id":"https:\/\/bulaoutdoor.nl\/#organization"},"potentialAction":[{"@type":"SearchAction","target":{"@type":"EntryPoint","urlTemplate":"https:\/\/bulaoutdoor.nl\/?s={search_term_string}"},"query-input":{"@type":"PropertyValueSpecification","valueRequired":true,"valueName":"search_term_string"}}],"inLanguage":"fr-FR"},{"@type":"Organization","@id":"https:\/\/bulaoutdoor.nl\/#organization","name":"Bula Outdoor","url":"https:\/\/bulaoutdoor.nl\/","logo":{"@type":"ImageObject","inLanguage":"fr-FR","@id":"https:\/\/bulaoutdoor.nl\/#\/schema\/logo\/image\/","url":"https:\/\/www.bulaoutdoor.nl\/wp-content\/uploads\/2018\/04\/bulaoutdoor-logo.png","contentUrl":"https:\/\/www.bulaoutdoor.nl\/wp-content\/uploads\/2018\/04\/bulaoutdoor-logo.png","width":324,"height":91,"caption":"Bula Outdoor"},"image":{"@id":"https:\/\/bulaoutdoor.nl\/#\/schema\/logo\/image\/"}}]}},"jetpack_sharing_enabled":true,"_links":{"self":[{"href":"https:\/\/bulaoutdoor.nl\/fr\/wp-json\/wp\/v2\/product\/14981","targetHints":{"allow":["GET"]}}],"collection":[{"href":"https:\/\/bulaoutdoor.nl\/fr\/wp-json\/wp\/v2\/product"}],"about":[{"href":"https:\/\/bulaoutdoor.nl\/fr\/wp-json\/wp\/v2\/types\/product"}],"replies":[{"embeddable":true,"href":"https:\/\/bulaoutdoor.nl\/fr\/wp-json\/wp\/v2\/comments?post=14981"}],"wp:featuredmedia":[{"embeddable":true,"href":"https:\/\/bulaoutdoor.nl\/fr\/wp-json\/wp\/v2\/media\/15018"}],"wp:attachment":[{"href":"https:\/\/bulaoutdoor.nl\/fr\/wp-json\/wp\/v2\/media?parent=14981"}],"wp:term":[{"taxonomy":"product_brand","embeddable":true,"href":"https:\/\/bulaoutdoor.nl\/fr\/wp-json\/wp\/v2\/product_brand?post=14981"},{"taxonomy":"product_cat","embeddable":true,"href":"https:\/\/bulaoutdoor.nl\/fr\/wp-json\/wp\/v2\/product_cat?post=14981"},{"taxonomy":"product_tag","embeddable":true,"href":"https:\/\/bulaoutdoor.nl\/fr\/wp-json\/wp\/v2\/product_tag?post=14981"}],"curies":[{"name":"wp","href":"https:\/\/api.w.org\/{rel}","templated":true}]}}