{"id":1499,"date":"2019-01-30T13:18:20","date_gmt":"2019-01-30T13:18:20","guid":{"rendered":"http:\/\/www.bulaoutdoor.nl\/?post_type=product&#038;p=1499"},"modified":"2024-04-08T04:54:07","modified_gmt":"2024-04-08T04:54:07","slug":"set-de-pizza-pour-la-maison-2-x-peel-scoop-oven-brush-wall-bracket-4-division-set2","status":"publish","type":"product","link":"https:\/\/bulaoutdoor.nl\/fr\/product\/pizza-set-voor-thuisgebruik-2-x-peel-schep-ovenborstel-muurbeugel-4-deling-set2\/","title":{"rendered":"Jeu de pizzas pour la maison - 4 pi\u00e8ces SET2"},"content":{"rendered":"<h3>Jeu de pizzas pour la maison - 4 pi\u00e8ces<\/h3>\n<p>Set \u00e0 pizza G-metal Amica line pour usage domestique, compos\u00e9 de :<\/p>\n<ul>\n<li>pizzapeel \/ pelle en acier aluminis\u00e9 32\u00d730 cm (code F-32R)<\/li>\n<li>petite pelle \u00e0 pizza aluminis\u00e9e diam\u00e8tre 20 cm (code F-20)<\/li>\n<li>brosse \u00e0 four avec poils en cuivre (code ACH-SP)<\/li>\n<li>Support de suspension murale (code ACH-PP3)<\/li>\n<\/ul>\n<p>Commandez d\u00e8s maintenant l'ensemble Pizza directement aupr\u00e8s de Bula Outdoor, votre sp\u00e9cialiste des fours \u00e0 pizza !<\/p>","protected":false},"excerpt":{"rendered":"<p>Jeu de pizzas pour la maison - 4 pi\u00e8ces.<\/p>\n<p>2 x pelure, brosse, support de suspension.<\/p>","protected":false},"featured_media":10893,"comment_status":"open","ping_status":"closed","template":"","meta":{"_acf_changed":false},"product_brand":[],"product_cat":[361],"product_tag":[106,95,105,96,94],"class_list":{"0":"post-1499","1":"product","2":"type-product","3":"status-publish","4":"has-post-thumbnail","6":"product_cat-pizza-bereiding-accessoires","7":"product_tag-ophangrek","8":"product_tag-peel","9":"product_tag-pizzaborstel","10":"product_tag-pizzaschep","11":"product_tag-pizzaset","13":"first","14":"instock","15":"sale","16":"taxable","17":"shipping-taxable","18":"purchasable","19":"product-type-simple"},"acf":[],"yoast_head":"<!-- This site is optimized with the Yoast SEO plugin v27.4 - https:\/\/yoast.com\/product\/yoast-seo-wordpress\/ -->\n<title>Pizza set voor thuisgebruik - 4 delig SET2 &#8211; Bula Outdoor<\/title>\n<meta name=\"description\" content=\"Pizzaset 4 delig Met grote peel \/ schep voor de bereiding van de pizza. Kleine peel \/ schep voor het draaien en uitnemen van de pizza. Ovenborstel ophangrek\" \/>\n<meta name=\"robots\" content=\"index, follow, max-snippet:-1, max-image-preview:large, max-video-preview:-1\" \/>\n<link rel=\"canonical\" href=\"https:\/\/bulaoutdoor.nl\/fr\/produit\/set-de-pizza-pour-la-maison-2-x-peel-scoop-oven-brush-wall-bracket-4-division-set2\/\" \/>\n<meta property=\"og:locale\" content=\"fr_FR\" \/>\n<meta property=\"og:type\" content=\"article\" \/>\n<meta property=\"og:title\" content=\"Pizza set voor thuisgebruik - 4 delig SET2 &#8211; Bula Outdoor\" \/>\n<meta property=\"og:description\" content=\"Pizzaset 4 delig Met grote peel \/ schep voor de bereiding van de pizza. Kleine peel \/ schep voor het draaien en uitnemen van de pizza. Ovenborstel ophangrek\" \/>\n<meta property=\"og:url\" content=\"https:\/\/bulaoutdoor.nl\/fr\/produit\/set-de-pizza-pour-la-maison-2-x-peel-scoop-oven-brush-wall-bracket-4-division-set2\/\" \/>\n<meta property=\"og:site_name\" content=\"Bula Outdoor\" \/>\n<meta property=\"article:modified_time\" content=\"2024-04-08T04:54:07+00:00\" \/>\n<meta property=\"og:image\" content=\"https:\/\/bulaoutdoor.nl\/wp-content\/uploads\/2019\/01\/bula-outdoor-pizza-set2-gi-metal_SCALED.jpg\" \/>\n\t<meta property=\"og:image:width\" content=\"900\" \/>\n\t<meta property=\"og:image:height\" content=\"900\" \/>\n\t<meta property=\"og:image:type\" content=\"image\/jpeg\" \/>\n<meta name=\"twitter:card\" content=\"summary_large_image\" \/>\n<meta name=\"twitter:label1\" content=\"Dur\u00e9e de lecture estim\u00e9e\" \/>\n\t<meta name=\"twitter:data1\" content=\"1 minute\" \/>\n<script type=\"application\/ld+json\" class=\"yoast-schema-graph\">{\"@context\":\"https:\\\/\\\/schema.org\",\"@graph\":[{\"@type\":\"WebPage\",\"@id\":\"https:\\\/\\\/bulaoutdoor.nl\\\/product\\\/pizza-set-voor-thuisgebruik-2-x-peel-schep-ovenborstel-muurbeugel-4-deling-set2\\\/\",\"url\":\"https:\\\/\\\/bulaoutdoor.nl\\\/product\\\/pizza-set-voor-thuisgebruik-2-x-peel-schep-ovenborstel-muurbeugel-4-deling-set2\\\/\",\"name\":\"Pizza set voor thuisgebruik - 4 delig SET2 &#8211; Bula Outdoor\",\"isPartOf\":{\"@id\":\"https:\\\/\\\/bulaoutdoor.nl\\\/#website\"},\"primaryImageOfPage\":{\"@id\":\"https:\\\/\\\/bulaoutdoor.nl\\\/product\\\/pizza-set-voor-thuisgebruik-2-x-peel-schep-ovenborstel-muurbeugel-4-deling-set2\\\/#primaryimage\"},\"image\":{\"@id\":\"https:\\\/\\\/bulaoutdoor.nl\\\/product\\\/pizza-set-voor-thuisgebruik-2-x-peel-schep-ovenborstel-muurbeugel-4-deling-set2\\\/#primaryimage\"},\"thumbnailUrl\":\"https:\\\/\\\/bulaoutdoor.nl\\\/wp-content\\\/uploads\\\/2019\\\/01\\\/bula-outdoor-pizza-set2-gi-metal_SCALED.jpg\",\"datePublished\":\"2019-01-30T13:18:20+00:00\",\"dateModified\":\"2024-04-08T04:54:07+00:00\",\"description\":\"Pizzaset 4 delig Met grote peel \\\/ schep voor de bereiding van de pizza. Kleine peel \\\/ schep voor het draaien en uitnemen van de pizza. Ovenborstel ophangrek\",\"breadcrumb\":{\"@id\":\"https:\\\/\\\/bulaoutdoor.nl\\\/product\\\/pizza-set-voor-thuisgebruik-2-x-peel-schep-ovenborstel-muurbeugel-4-deling-set2\\\/#breadcrumb\"},\"inLanguage\":\"fr-FR\",\"potentialAction\":[{\"@type\":\"ReadAction\",\"target\":[\"https:\\\/\\\/bulaoutdoor.nl\\\/product\\\/pizza-set-voor-thuisgebruik-2-x-peel-schep-ovenborstel-muurbeugel-4-deling-set2\\\/\"]}]},{\"@type\":\"ImageObject\",\"inLanguage\":\"fr-FR\",\"@id\":\"https:\\\/\\\/bulaoutdoor.nl\\\/product\\\/pizza-set-voor-thuisgebruik-2-x-peel-schep-ovenborstel-muurbeugel-4-deling-set2\\\/#primaryimage\",\"url\":\"https:\\\/\\\/bulaoutdoor.nl\\\/wp-content\\\/uploads\\\/2019\\\/01\\\/bula-outdoor-pizza-set2-gi-metal_SCALED.jpg\",\"contentUrl\":\"https:\\\/\\\/bulaoutdoor.nl\\\/wp-content\\\/uploads\\\/2019\\\/01\\\/bula-outdoor-pizza-set2-gi-metal_SCALED.jpg\",\"width\":900,\"height\":900},{\"@type\":\"BreadcrumbList\",\"@id\":\"https:\\\/\\\/bulaoutdoor.nl\\\/product\\\/pizza-set-voor-thuisgebruik-2-x-peel-schep-ovenborstel-muurbeugel-4-deling-set2\\\/#breadcrumb\",\"itemListElement\":[{\"@type\":\"ListItem\",\"position\":1,\"name\":\"Home\",\"item\":\"https:\\\/\\\/bulaoutdoor.nl\\\/\"},{\"@type\":\"ListItem\",\"position\":2,\"name\":\"Online BBQ kopen\",\"item\":\"https:\\\/\\\/bulaoutdoor.nl\\\/\"},{\"@type\":\"ListItem\",\"position\":3,\"name\":\"Pizza set voor thuisgebruik &#8211; 4 delig SET2\"}]},{\"@type\":\"WebSite\",\"@id\":\"https:\\\/\\\/bulaoutdoor.nl\\\/#website\",\"url\":\"https:\\\/\\\/bulaoutdoor.nl\\\/\",\"name\":\"Bula Outdoor\",\"description\":\"Voor uw buitenhaard, BBQ, tuinfakkel en houtoven\",\"publisher\":{\"@id\":\"https:\\\/\\\/bulaoutdoor.nl\\\/#organization\"},\"potentialAction\":[{\"@type\":\"SearchAction\",\"target\":{\"@type\":\"EntryPoint\",\"urlTemplate\":\"https:\\\/\\\/bulaoutdoor.nl\\\/?s={search_term_string}\"},\"query-input\":{\"@type\":\"PropertyValueSpecification\",\"valueRequired\":true,\"valueName\":\"search_term_string\"}}],\"inLanguage\":\"fr-FR\"},{\"@type\":\"Organization\",\"@id\":\"https:\\\/\\\/bulaoutdoor.nl\\\/#organization\",\"name\":\"Bula Outdoor\",\"url\":\"https:\\\/\\\/bulaoutdoor.nl\\\/\",\"logo\":{\"@type\":\"ImageObject\",\"inLanguage\":\"fr-FR\",\"@id\":\"https:\\\/\\\/bulaoutdoor.nl\\\/#\\\/schema\\\/logo\\\/image\\\/\",\"url\":\"https:\\\/\\\/www.bulaoutdoor.nl\\\/wp-content\\\/uploads\\\/2018\\\/04\\\/bulaoutdoor-logo.png\",\"contentUrl\":\"https:\\\/\\\/www.bulaoutdoor.nl\\\/wp-content\\\/uploads\\\/2018\\\/04\\\/bulaoutdoor-logo.png\",\"width\":324,\"height\":91,\"caption\":\"Bula Outdoor\"},\"image\":{\"@id\":\"https:\\\/\\\/bulaoutdoor.nl\\\/#\\\/schema\\\/logo\\\/image\\\/\"}}]}<\/script>\n<!-- \/ Yoast SEO plugin. -->","yoast_head_json":{"title":"Set de pizza pour usage domestique - 4 pi\u00e8ces SET2 - Bula Outdoor","description":"Set \u00e0 pizza 4 pi\u00e8ces Avec une grande pelle pour pr\u00e9parer la pizza. Petite pelle pour retourner et retirer la pizza. Support de suspension pour brosse de four","robots":{"index":"index","follow":"follow","max-snippet":"max-snippet:-1","max-image-preview":"max-image-preview:large","max-video-preview":"max-video-preview:-1"},"canonical":"https:\/\/bulaoutdoor.nl\/fr\/produit\/set-de-pizza-pour-la-maison-2-x-peel-scoop-oven-brush-wall-bracket-4-division-set2\/","og_locale":"fr_FR","og_type":"article","og_title":"Pizza set voor thuisgebruik - 4 delig SET2 &#8211; Bula Outdoor","og_description":"Pizzaset 4 delig Met grote peel \/ schep voor de bereiding van de pizza. Kleine peel \/ schep voor het draaien en uitnemen van de pizza. Ovenborstel ophangrek","og_url":"https:\/\/bulaoutdoor.nl\/fr\/produit\/set-de-pizza-pour-la-maison-2-x-peel-scoop-oven-brush-wall-bracket-4-division-set2\/","og_site_name":"Bula Outdoor","article_modified_time":"2024-04-08T04:54:07+00:00","og_image":[{"width":900,"height":900,"url":"https:\/\/bulaoutdoor.nl\/wp-content\/uploads\/2019\/01\/bula-outdoor-pizza-set2-gi-metal_SCALED.jpg","type":"image\/jpeg"}],"twitter_card":"summary_large_image","twitter_misc":{"Dur\u00e9e de lecture estim\u00e9e":"1 minute"},"schema":{"@context":"https:\/\/schema.org","@graph":[{"@type":"WebPage","@id":"https:\/\/bulaoutdoor.nl\/product\/pizza-set-voor-thuisgebruik-2-x-peel-schep-ovenborstel-muurbeugel-4-deling-set2\/","url":"https:\/\/bulaoutdoor.nl\/product\/pizza-set-voor-thuisgebruik-2-x-peel-schep-ovenborstel-muurbeugel-4-deling-set2\/","name":"Set de pizza pour usage domestique - 4 pi\u00e8ces SET2 - Bula Outdoor","isPartOf":{"@id":"https:\/\/bulaoutdoor.nl\/#website"},"primaryImageOfPage":{"@id":"https:\/\/bulaoutdoor.nl\/product\/pizza-set-voor-thuisgebruik-2-x-peel-schep-ovenborstel-muurbeugel-4-deling-set2\/#primaryimage"},"image":{"@id":"https:\/\/bulaoutdoor.nl\/product\/pizza-set-voor-thuisgebruik-2-x-peel-schep-ovenborstel-muurbeugel-4-deling-set2\/#primaryimage"},"thumbnailUrl":"https:\/\/bulaoutdoor.nl\/wp-content\/uploads\/2019\/01\/bula-outdoor-pizza-set2-gi-metal_SCALED.jpg","datePublished":"2019-01-30T13:18:20+00:00","dateModified":"2024-04-08T04:54:07+00:00","description":"Set \u00e0 pizza 4 pi\u00e8ces Avec une grande pelle pour pr\u00e9parer la pizza. Petite pelle pour retourner et retirer la pizza. Support de suspension pour brosse de four","breadcrumb":{"@id":"https:\/\/bulaoutdoor.nl\/product\/pizza-set-voor-thuisgebruik-2-x-peel-schep-ovenborstel-muurbeugel-4-deling-set2\/#breadcrumb"},"inLanguage":"fr-FR","potentialAction":[{"@type":"ReadAction","target":["https:\/\/bulaoutdoor.nl\/product\/pizza-set-voor-thuisgebruik-2-x-peel-schep-ovenborstel-muurbeugel-4-deling-set2\/"]}]},{"@type":"ImageObject","inLanguage":"fr-FR","@id":"https:\/\/bulaoutdoor.nl\/product\/pizza-set-voor-thuisgebruik-2-x-peel-schep-ovenborstel-muurbeugel-4-deling-set2\/#primaryimage","url":"https:\/\/bulaoutdoor.nl\/wp-content\/uploads\/2019\/01\/bula-outdoor-pizza-set2-gi-metal_SCALED.jpg","contentUrl":"https:\/\/bulaoutdoor.nl\/wp-content\/uploads\/2019\/01\/bula-outdoor-pizza-set2-gi-metal_SCALED.jpg","width":900,"height":900},{"@type":"BreadcrumbList","@id":"https:\/\/bulaoutdoor.nl\/product\/pizza-set-voor-thuisgebruik-2-x-peel-schep-ovenborstel-muurbeugel-4-deling-set2\/#breadcrumb","itemListElement":[{"@type":"ListItem","position":1,"name":"Home","item":"https:\/\/bulaoutdoor.nl\/"},{"@type":"ListItem","position":2,"name":"Online BBQ kopen","item":"https:\/\/bulaoutdoor.nl\/"},{"@type":"ListItem","position":3,"name":"Pizza set voor thuisgebruik &#8211; 4 delig SET2"}]},{"@type":"WebSite","@id":"https:\/\/bulaoutdoor.nl\/#website","url":"https:\/\/bulaoutdoor.nl\/","name":"Bula Outdoor","description":"Pour votre chemin\u00e9e ext\u00e9rieure, votre barbecue, votre torche de jardin et votre four \u00e0 bois","publisher":{"@id":"https:\/\/bulaoutdoor.nl\/#organization"},"potentialAction":[{"@type":"SearchAction","target":{"@type":"EntryPoint","urlTemplate":"https:\/\/bulaoutdoor.nl\/?s={search_term_string}"},"query-input":{"@type":"PropertyValueSpecification","valueRequired":true,"valueName":"search_term_string"}}],"inLanguage":"fr-FR"},{"@type":"Organization","@id":"https:\/\/bulaoutdoor.nl\/#organization","name":"Bula Outdoor","url":"https:\/\/bulaoutdoor.nl\/","logo":{"@type":"ImageObject","inLanguage":"fr-FR","@id":"https:\/\/bulaoutdoor.nl\/#\/schema\/logo\/image\/","url":"https:\/\/www.bulaoutdoor.nl\/wp-content\/uploads\/2018\/04\/bulaoutdoor-logo.png","contentUrl":"https:\/\/www.bulaoutdoor.nl\/wp-content\/uploads\/2018\/04\/bulaoutdoor-logo.png","width":324,"height":91,"caption":"Bula Outdoor"},"image":{"@id":"https:\/\/bulaoutdoor.nl\/#\/schema\/logo\/image\/"}}]}},"jetpack_sharing_enabled":true,"_links":{"self":[{"href":"https:\/\/bulaoutdoor.nl\/fr\/wp-json\/wp\/v2\/product\/1499","targetHints":{"allow":["GET"]}}],"collection":[{"href":"https:\/\/bulaoutdoor.nl\/fr\/wp-json\/wp\/v2\/product"}],"about":[{"href":"https:\/\/bulaoutdoor.nl\/fr\/wp-json\/wp\/v2\/types\/product"}],"replies":[{"embeddable":true,"href":"https:\/\/bulaoutdoor.nl\/fr\/wp-json\/wp\/v2\/comments?post=1499"}],"wp:featuredmedia":[{"embeddable":true,"href":"https:\/\/bulaoutdoor.nl\/fr\/wp-json\/wp\/v2\/media\/10893"}],"wp:attachment":[{"href":"https:\/\/bulaoutdoor.nl\/fr\/wp-json\/wp\/v2\/media?parent=1499"}],"wp:term":[{"taxonomy":"product_brand","embeddable":true,"href":"https:\/\/bulaoutdoor.nl\/fr\/wp-json\/wp\/v2\/product_brand?post=1499"},{"taxonomy":"product_cat","embeddable":true,"href":"https:\/\/bulaoutdoor.nl\/fr\/wp-json\/wp\/v2\/product_cat?post=1499"},{"taxonomy":"product_tag","embeddable":true,"href":"https:\/\/bulaoutdoor.nl\/fr\/wp-json\/wp\/v2\/product_tag?post=1499"}],"curies":[{"name":"wp","href":"https:\/\/api.w.org\/{rel}","templated":true}]}}