{"id":15375,"date":"2023-02-11T00:46:57","date_gmt":"2023-02-11T00:46:57","guid":{"rendered":"https:\/\/www.bulaoutdoor.nl\/?post_type=product&#038;p=15375"},"modified":"2024-03-31T01:54:27","modified_gmt":"2024-03-31T01:54:27","slug":"four-a-pizza-a-bois-mangiafuoco","status":"publish","type":"product","link":"https:\/\/bulaoutdoor.nl\/fr\/product\/mangiafuoco-hout-pizzaoven\/","title":{"rendered":"Four \u00e0 pizza \u00e0 bois Mangiafuoco"},"content":{"rendered":"<p>Les pizzas traditionnelles peuvent \u00eatre pr\u00e9par\u00e9es en un clin d'\u0153il avec ce four, mais son design \u00e9l\u00e9gant est aussi un must ! N'oubliez pas qu'il permet \u00e9galement de r\u00f4tir viandes et poissons et de cuire des pains croustillants et moelleux. Pouvant accueillir quatre pizzas et 3 \u00e0 5 kilos de pain, ce four vous permet de pr\u00e9parer en peu de temps des pizzas et d'autres plats savoureux pour un grand nombre de personnes.<\/p>\n<p>La surface de cuisson est en chamotte r\u00e9fractaire de haute qualit\u00e9, certifi\u00e9e pour un usage alimentaire. L'int\u00e9rieur du four est en acier inoxydable et l'ext\u00e9rieur en acier \u00e9lectrozingu\u00e9 est trait\u00e9 avec une peinture haute temp\u00e9rature pour une r\u00e9sistance maximale \u00e0 la chaleur, aux intemp\u00e9ries et \u00e0 la rouille.<br \/>\nL'isolation du four est constitu\u00e9e de laine de roche naturelle. Cette isolation permet de maintenir la temp\u00e9rature plus efficacement et d'\u00e9viter que l'ext\u00e9rieur du four ne devienne trop chaud.<\/p>\n<p>Caract\u00e9ristiques :<\/p>\n<ul>\n<li>Dimensions ext\u00e9rieures du four (L x L x H) :<br \/>\n98 x 85,5 x 196 cm<\/li>\n<li>Chambre de cuisson : 60 x 80 x 34 cm. Espace pour 4 pizzas et 3 \u00e0 5 kilos de pain.<\/li>\n<li>Combustible : bois 3,8 kg\/heure<\/li>\n<li>Chemin\u00e9e : \u2300150mm<\/li>\n<li>Poids : 135 kg<\/li>\n<li>Choisissez parmi les 3 couleurs disponibles : Rosso, acier inoxydable ou Anthracite.<img loading=\"lazy\" decoding=\"async\" class=\"alignnone size-full wp-image-15304\" src=\"https:\/\/www.bulaoutdoor.nl\/wp-content\/uploads\/2023\/01\/margherita-kleuren.jpg\" alt=\"\" width=\"675\" height=\"217\" srcset=\"https:\/\/bulaoutdoor.nl\/wp-content\/uploads\/2023\/01\/margherita-kleuren.jpg 675w, https:\/\/bulaoutdoor.nl\/wp-content\/uploads\/2023\/01\/margherita-kleuren-300x96.jpg 300w, https:\/\/bulaoutdoor.nl\/wp-content\/uploads\/2023\/01\/margherita-kleuren-416x134.jpg 416w\" sizes=\"auto, (max-width: 675px) 100vw, 675px\" \/><\/li>\n<li>Option pour un chariot en acier inoxydable avec des roues et un crochet pour suspendre les outils.<\/li>\n<\/ul>\n<p>\u00c9quipement standard Mangiafuoco :<\/p>\n<ul>\n<li>Un tuyau avec une soupape de sortie de fum\u00e9e r\u00e9glable et un chapeau de chemin\u00e9e.<\/li>\n<li>Une porte verrouillable pour la zone de cuisson.<\/li>\n<li>Un thermom\u00e8tre analogique.<\/li>\n<li>Un porte-bois \/ porte-b\u00fbches.<\/li>\n<li>Une diapositive de l'Axe.<\/li>\n<li>Le manuel est <a href=\"https:\/\/www.fontanaforni.com\/manuali_diretti\/MAN_FONTANA_FORNI_DIRETTI_ALL_LANG.pdf\">ici<\/a> disponible en version num\u00e9rique.<\/li>\n<\/ul>\n<p><iframe loading=\"lazy\" title=\"ENG - MANGIAFUOCO - Fontana Forni - four ext\u00e9rieur - bois ou gaz\" width=\"980\" height=\"551\" src=\"https:\/\/www.youtube.com\/embed\/jXKkoXhrBv0?feature=oembed&#038;enablejsapi=1&#038;origin=https:\/\/www.bulaoutdoor.nl\" frameborder=\"0\" allow=\"accelerometer; autoplay; clipboard-write; encrypted-media; gyroscope; picture-in-picture; web-share\" allowfullscreen><\/iframe><\/p>\n<p><img loading=\"lazy\" decoding=\"async\" class=\"wp-image-14911 alignnone\" src=\"https:\/\/www.bulaoutdoor.nl\/wp-content\/uploads\/2022\/11\/fontanawit.png\" alt=\"\" width=\"721\" height=\"159\" srcset=\"https:\/\/bulaoutdoor.nl\/wp-content\/uploads\/2022\/11\/fontanawit.png 508w, https:\/\/bulaoutdoor.nl\/wp-content\/uploads\/2022\/11\/fontanawit-300x66.png 300w, https:\/\/bulaoutdoor.nl\/wp-content\/uploads\/2022\/11\/fontanawit-416x92.png 416w\" sizes=\"auto, (max-width: 721px) 100vw, 721px\" \/>Commandez le Mangiafuoco directement aupr\u00e8s de Bula Outdoor, <a href=\"https:\/\/bulaoutdoor.nl\/fr\/categorie-de-produits\/fours-a-pizza\/\">votre four \u00e0 pizza<\/a> sp\u00e9cialiste !<\/p>","protected":false},"excerpt":{"rendered":"<p>Four Fontana \u00e0 bois tr\u00e8s spacieux et de grande qualit\u00e9.<\/p>","protected":false},"featured_media":15376,"comment_status":"open","ping_status":"closed","template":"","meta":{"_acf_changed":false},"product_brand":[],"product_cat":[1056],"product_tag":[1262,1260,1261],"class_list":{"0":"post-15375","1":"product","2":"type-product","3":"status-publish","4":"has-post-thumbnail","6":"product_cat-fontana-ovens","7":"product_tag-pizzaoven-60x80","8":"product_tag-pizzaoven-groot","9":"product_tag-pizzaoven-hout","11":"first","12":"instock","13":"taxable","14":"shipping-taxable","15":"purchasable","16":"product-type-variable","17":"has-default-attributes"},"acf":[],"yoast_head":"<!-- This site is optimized with the Yoast SEO plugin v27.5 - https:\/\/yoast.com\/product\/yoast-seo-wordpress\/ -->\n<title>Mangiafuoco hout pizzaoven &#8211; Bula Outdoor<\/title>\n<meta name=\"robots\" content=\"index, follow, max-snippet:-1, max-image-preview:large, max-video-preview:-1\" \/>\n<link rel=\"canonical\" href=\"https:\/\/bulaoutdoor.nl\/fr\/produit\/four-a-pizza-a-bois-mangiafuoco\/\" \/>\n<meta property=\"og:locale\" content=\"fr_FR\" \/>\n<meta property=\"og:type\" content=\"article\" \/>\n<meta property=\"og:title\" content=\"Mangiafuoco hout pizzaoven &#8211; Bula Outdoor\" \/>\n<meta property=\"og:description\" content=\"Zeer ruime houtgestookte Fontana oven van hoge kwaliteit.\" \/>\n<meta property=\"og:url\" content=\"https:\/\/bulaoutdoor.nl\/fr\/produit\/four-a-pizza-a-bois-mangiafuoco\/\" \/>\n<meta property=\"og:site_name\" content=\"Bula Outdoor\" \/>\n<meta property=\"article:modified_time\" content=\"2024-03-31T01:54:27+00:00\" \/>\n<meta property=\"og:image\" content=\"https:\/\/bulaoutdoor.nl\/wp-content\/uploads\/2023\/01\/Mangiafuco_2020.jpg\" \/>\n\t<meta property=\"og:image:width\" content=\"1000\" \/>\n\t<meta property=\"og:image:height\" content=\"1357\" \/>\n\t<meta property=\"og:image:type\" content=\"image\/jpeg\" \/>\n<meta name=\"twitter:card\" content=\"summary_large_image\" \/>\n<meta name=\"twitter:label1\" content=\"Dur\u00e9e de lecture estim\u00e9e\" \/>\n\t<meta name=\"twitter:data1\" content=\"2 minutes\" \/>\n<script type=\"application\/ld+json\" class=\"yoast-schema-graph\">{\"@context\":\"https:\\\/\\\/schema.org\",\"@graph\":[{\"@type\":\"WebPage\",\"@id\":\"https:\\\/\\\/bulaoutdoor.nl\\\/product\\\/mangiafuoco-hout-pizzaoven\\\/\",\"url\":\"https:\\\/\\\/bulaoutdoor.nl\\\/product\\\/mangiafuoco-hout-pizzaoven\\\/\",\"name\":\"Mangiafuoco hout pizzaoven &#8211; Bula Outdoor\",\"isPartOf\":{\"@id\":\"https:\\\/\\\/bulaoutdoor.nl\\\/#website\"},\"primaryImageOfPage\":{\"@id\":\"https:\\\/\\\/bulaoutdoor.nl\\\/product\\\/mangiafuoco-hout-pizzaoven\\\/#primaryimage\"},\"image\":{\"@id\":\"https:\\\/\\\/bulaoutdoor.nl\\\/product\\\/mangiafuoco-hout-pizzaoven\\\/#primaryimage\"},\"thumbnailUrl\":\"https:\\\/\\\/bulaoutdoor.nl\\\/wp-content\\\/uploads\\\/2023\\\/01\\\/Mangiafuco_2020.jpg\",\"datePublished\":\"2023-02-11T00:46:57+00:00\",\"dateModified\":\"2024-03-31T01:54:27+00:00\",\"breadcrumb\":{\"@id\":\"https:\\\/\\\/bulaoutdoor.nl\\\/product\\\/mangiafuoco-hout-pizzaoven\\\/#breadcrumb\"},\"inLanguage\":\"fr-FR\",\"potentialAction\":[{\"@type\":\"ReadAction\",\"target\":[\"https:\\\/\\\/bulaoutdoor.nl\\\/product\\\/mangiafuoco-hout-pizzaoven\\\/\"]}]},{\"@type\":\"ImageObject\",\"inLanguage\":\"fr-FR\",\"@id\":\"https:\\\/\\\/bulaoutdoor.nl\\\/product\\\/mangiafuoco-hout-pizzaoven\\\/#primaryimage\",\"url\":\"https:\\\/\\\/bulaoutdoor.nl\\\/wp-content\\\/uploads\\\/2023\\\/01\\\/Mangiafuco_2020.jpg\",\"contentUrl\":\"https:\\\/\\\/bulaoutdoor.nl\\\/wp-content\\\/uploads\\\/2023\\\/01\\\/Mangiafuco_2020.jpg\",\"width\":1000,\"height\":1357,\"caption\":\"Mangiafuco Pizzaoven\"},{\"@type\":\"BreadcrumbList\",\"@id\":\"https:\\\/\\\/bulaoutdoor.nl\\\/product\\\/mangiafuoco-hout-pizzaoven\\\/#breadcrumb\",\"itemListElement\":[{\"@type\":\"ListItem\",\"position\":1,\"name\":\"Home\",\"item\":\"https:\\\/\\\/bulaoutdoor.nl\\\/\"},{\"@type\":\"ListItem\",\"position\":2,\"name\":\"Online BBQ kopen\",\"item\":\"https:\\\/\\\/bulaoutdoor.nl\\\/\"},{\"@type\":\"ListItem\",\"position\":3,\"name\":\"Mangiafuoco hout pizzaoven\"}]},{\"@type\":\"WebSite\",\"@id\":\"https:\\\/\\\/bulaoutdoor.nl\\\/#website\",\"url\":\"https:\\\/\\\/bulaoutdoor.nl\\\/\",\"name\":\"Bula Outdoor\",\"description\":\"Voor uw buitenhaard, BBQ, tuinfakkel en houtoven\",\"publisher\":{\"@id\":\"https:\\\/\\\/bulaoutdoor.nl\\\/#organization\"},\"potentialAction\":[{\"@type\":\"SearchAction\",\"target\":{\"@type\":\"EntryPoint\",\"urlTemplate\":\"https:\\\/\\\/bulaoutdoor.nl\\\/?s={search_term_string}\"},\"query-input\":{\"@type\":\"PropertyValueSpecification\",\"valueRequired\":true,\"valueName\":\"search_term_string\"}}],\"inLanguage\":\"fr-FR\"},{\"@type\":\"Organization\",\"@id\":\"https:\\\/\\\/bulaoutdoor.nl\\\/#organization\",\"name\":\"Bula Outdoor\",\"url\":\"https:\\\/\\\/bulaoutdoor.nl\\\/\",\"logo\":{\"@type\":\"ImageObject\",\"inLanguage\":\"fr-FR\",\"@id\":\"https:\\\/\\\/bulaoutdoor.nl\\\/#\\\/schema\\\/logo\\\/image\\\/\",\"url\":\"https:\\\/\\\/www.bulaoutdoor.nl\\\/wp-content\\\/uploads\\\/2018\\\/04\\\/bulaoutdoor-logo.png\",\"contentUrl\":\"https:\\\/\\\/www.bulaoutdoor.nl\\\/wp-content\\\/uploads\\\/2018\\\/04\\\/bulaoutdoor-logo.png\",\"width\":324,\"height\":91,\"caption\":\"Bula Outdoor\"},\"image\":{\"@id\":\"https:\\\/\\\/bulaoutdoor.nl\\\/#\\\/schema\\\/logo\\\/image\\\/\"}}]}<\/script>\n<!-- \/ Yoast SEO plugin. -->","yoast_head_json":{"title":"Four \u00e0 pizza \u00e0 bois Mangiafuoco - Bula Outdoor","robots":{"index":"index","follow":"follow","max-snippet":"max-snippet:-1","max-image-preview":"max-image-preview:large","max-video-preview":"max-video-preview:-1"},"canonical":"https:\/\/bulaoutdoor.nl\/fr\/produit\/four-a-pizza-a-bois-mangiafuoco\/","og_locale":"fr_FR","og_type":"article","og_title":"Mangiafuoco hout pizzaoven &#8211; Bula Outdoor","og_description":"Zeer ruime houtgestookte Fontana oven van hoge kwaliteit.","og_url":"https:\/\/bulaoutdoor.nl\/fr\/produit\/four-a-pizza-a-bois-mangiafuoco\/","og_site_name":"Bula Outdoor","article_modified_time":"2024-03-31T01:54:27+00:00","og_image":[{"width":1000,"height":1357,"url":"https:\/\/bulaoutdoor.nl\/wp-content\/uploads\/2023\/01\/Mangiafuco_2020.jpg","type":"image\/jpeg"}],"twitter_card":"summary_large_image","twitter_misc":{"Dur\u00e9e de lecture estim\u00e9e":"2 minutes"},"schema":{"@context":"https:\/\/schema.org","@graph":[{"@type":"WebPage","@id":"https:\/\/bulaoutdoor.nl\/product\/mangiafuoco-hout-pizzaoven\/","url":"https:\/\/bulaoutdoor.nl\/product\/mangiafuoco-hout-pizzaoven\/","name":"Four \u00e0 pizza \u00e0 bois Mangiafuoco - Bula Outdoor","isPartOf":{"@id":"https:\/\/bulaoutdoor.nl\/#website"},"primaryImageOfPage":{"@id":"https:\/\/bulaoutdoor.nl\/product\/mangiafuoco-hout-pizzaoven\/#primaryimage"},"image":{"@id":"https:\/\/bulaoutdoor.nl\/product\/mangiafuoco-hout-pizzaoven\/#primaryimage"},"thumbnailUrl":"https:\/\/bulaoutdoor.nl\/wp-content\/uploads\/2023\/01\/Mangiafuco_2020.jpg","datePublished":"2023-02-11T00:46:57+00:00","dateModified":"2024-03-31T01:54:27+00:00","breadcrumb":{"@id":"https:\/\/bulaoutdoor.nl\/product\/mangiafuoco-hout-pizzaoven\/#breadcrumb"},"inLanguage":"fr-FR","potentialAction":[{"@type":"ReadAction","target":["https:\/\/bulaoutdoor.nl\/product\/mangiafuoco-hout-pizzaoven\/"]}]},{"@type":"ImageObject","inLanguage":"fr-FR","@id":"https:\/\/bulaoutdoor.nl\/product\/mangiafuoco-hout-pizzaoven\/#primaryimage","url":"https:\/\/bulaoutdoor.nl\/wp-content\/uploads\/2023\/01\/Mangiafuco_2020.jpg","contentUrl":"https:\/\/bulaoutdoor.nl\/wp-content\/uploads\/2023\/01\/Mangiafuco_2020.jpg","width":1000,"height":1357,"caption":"Mangiafuco Pizzaoven"},{"@type":"BreadcrumbList","@id":"https:\/\/bulaoutdoor.nl\/product\/mangiafuoco-hout-pizzaoven\/#breadcrumb","itemListElement":[{"@type":"ListItem","position":1,"name":"Home","item":"https:\/\/bulaoutdoor.nl\/"},{"@type":"ListItem","position":2,"name":"Online BBQ kopen","item":"https:\/\/bulaoutdoor.nl\/"},{"@type":"ListItem","position":3,"name":"Mangiafuoco hout pizzaoven"}]},{"@type":"WebSite","@id":"https:\/\/bulaoutdoor.nl\/#website","url":"https:\/\/bulaoutdoor.nl\/","name":"Bula Outdoor","description":"Pour votre chemin\u00e9e ext\u00e9rieure, votre barbecue, votre torche de jardin et votre four \u00e0 bois","publisher":{"@id":"https:\/\/bulaoutdoor.nl\/#organization"},"potentialAction":[{"@type":"SearchAction","target":{"@type":"EntryPoint","urlTemplate":"https:\/\/bulaoutdoor.nl\/?s={search_term_string}"},"query-input":{"@type":"PropertyValueSpecification","valueRequired":true,"valueName":"search_term_string"}}],"inLanguage":"fr-FR"},{"@type":"Organization","@id":"https:\/\/bulaoutdoor.nl\/#organization","name":"Bula Outdoor","url":"https:\/\/bulaoutdoor.nl\/","logo":{"@type":"ImageObject","inLanguage":"fr-FR","@id":"https:\/\/bulaoutdoor.nl\/#\/schema\/logo\/image\/","url":"https:\/\/www.bulaoutdoor.nl\/wp-content\/uploads\/2018\/04\/bulaoutdoor-logo.png","contentUrl":"https:\/\/www.bulaoutdoor.nl\/wp-content\/uploads\/2018\/04\/bulaoutdoor-logo.png","width":324,"height":91,"caption":"Bula Outdoor"},"image":{"@id":"https:\/\/bulaoutdoor.nl\/#\/schema\/logo\/image\/"}}]}},"jetpack_sharing_enabled":true,"_links":{"self":[{"href":"https:\/\/bulaoutdoor.nl\/fr\/wp-json\/wp\/v2\/product\/15375","targetHints":{"allow":["GET"]}}],"collection":[{"href":"https:\/\/bulaoutdoor.nl\/fr\/wp-json\/wp\/v2\/product"}],"about":[{"href":"https:\/\/bulaoutdoor.nl\/fr\/wp-json\/wp\/v2\/types\/product"}],"replies":[{"embeddable":true,"href":"https:\/\/bulaoutdoor.nl\/fr\/wp-json\/wp\/v2\/comments?post=15375"}],"wp:featuredmedia":[{"embeddable":true,"href":"https:\/\/bulaoutdoor.nl\/fr\/wp-json\/wp\/v2\/media\/15376"}],"wp:attachment":[{"href":"https:\/\/bulaoutdoor.nl\/fr\/wp-json\/wp\/v2\/media?parent=15375"}],"wp:term":[{"taxonomy":"product_brand","embeddable":true,"href":"https:\/\/bulaoutdoor.nl\/fr\/wp-json\/wp\/v2\/product_brand?post=15375"},{"taxonomy":"product_cat","embeddable":true,"href":"https:\/\/bulaoutdoor.nl\/fr\/wp-json\/wp\/v2\/product_cat?post=15375"},{"taxonomy":"product_tag","embeddable":true,"href":"https:\/\/bulaoutdoor.nl\/fr\/wp-json\/wp\/v2\/product_tag?post=15375"}],"curies":[{"name":"wp","href":"https:\/\/api.w.org\/{rel}","templated":true}]}}