{"id":15408,"date":"2017-07-12T14:43:39","date_gmt":"2017-07-12T14:43:39","guid":{"rendered":"https:\/\/www.bulaoutdoor.nl\/product\/altech-eclips-gourmet\/"},"modified":"2026-04-27T04:55:21","modified_gmt":"2026-04-27T04:55:21","slug":"altech-eclipse-gourmet","status":"publish","type":"product","link":"https:\/\/bulaoutdoor.nl\/fr\/product\/altech-eclips-gourmet\/","title":{"rendered":"Altech Eclipse Gourmet"},"content":{"rendered":"<h2>Utilisation optimale de la chaleur gr\u00e2ce \u00e0 l'Eclipse Depot<\/h2>\n<p>Pour utiliser au mieux la chaleur g\u00e9n\u00e9r\u00e9e lors de la cuisson, <a href=\"https:\/\/www.haveverwarming.nl\/altech\" target=\"_blank\" rel=\"noopener\">Altech<\/a> a mis au point un syst\u00e8me unique de guidage des fum\u00e9es pour l'Eclipse.<br \/>Les gaz de combustion dans ces <a href=\"https:\/\/www.haveverwarming.nl\/kachels\/hout\" target=\"_blank\" rel=\"noopener\">po\u00eale \u00e0 bois<\/a> sont collect\u00e9s et achemin\u00e9s dans des conduits de fum\u00e9e qui mesurent d\u00e9j\u00e0 plus de 2 m\u00e8tres de long dans le mod\u00e8le de base. Les gaz de combustion ont ainsi plus de temps pour lib\u00e9rer leur chaleur dans l'air ambiant. <a href=\"https:\/\/www.haveverwarming.nl\/kenniscentrum\/wat-is-speksteen\/\" target=\"_blank\" rel=\"noopener\">pierre ollaire<\/a>.&nbsp;<\/p>\n<h3>Cuisiner avec l'\u00e9clipse<\/h3>\n<p>Cet Altech Eclips Gourmet est \u00e9quip\u00e9 d'un four de cuisson. Vous pouvez ainsi profiter de la chaleur et du jeu des flammes pendant la cuisson d'un plat ou d'une pizza, par exemple.&nbsp;<\/p>\n<h3>Haute efficacit\u00e9<\/h3>\n<p>Le contr\u00f4le de l'air primaire et secondaire permet d'obtenir un rendement tr\u00e8s \u00e9lev\u00e9, ce qui signifie qu'il faut br\u00fbler moins de bois pour obtenir le m\u00eame r\u00e9sultat.<\/p>\n<h3>Venez dans notre centre d'exp\u00e9rience<\/h3>\n<p>Dans notre <a href=\"https:\/\/www.haveverwarming.nl\/experiencecenter\" target=\"_blank\" rel=\"noopener\">Centre d'exp\u00e9rience<\/a> \u00e0 Lunteren, nous disposons de plusieurs mod\u00e8les Altech avec <a href=\"https:\/\/www.haveverwarming.nl\/kenniscentrum\/wat-is-speksteen\/\" target=\"_blank\" rel=\"noopener\">pierre ollaire<\/a> en exposition. Venez admirer ce po\u00eale de vos propres yeux.<\/p>\n<p>T\u00e9l\u00e9chargements de produits<\/p>\n<ul>\n<li><a class=\"download file\" href=\"https:\/\/www.haveverwarming.nl\/amfile\/file\/download\/file\/8728\/product\/32\/\" target=\"_blank\"><span>Brochure Altech 2025<\/span><\/a><\/li>\n<li><a class=\"download file\" href=\"https:\/\/www.haveverwarming.nl\/amfile\/file\/download\/file\/329\/product\/32\/\" target=\"_blank\"><span>Dessin au trait Altech Eclipse Gourmet<\/span><\/a><\/li>\n<li><a class=\"download file\" href=\"https:\/\/www.haveverwarming.nl\/amfile\/file\/download\/file\/4027\/product\/32\/\" target=\"_blank\"><span>Guide du chauffage<\/span><\/a><\/li>\n<li><a class=\"download file\" href=\"https:\/\/www.haveverwarming.nl\/amfile\/file\/download\/file\/7012\/product\/32\/\" target=\"_blank\"><span>Label \u00e9nerg\u00e9tique Altech Eclips Gourmet<\/span><\/a><\/li>\n<li><a class=\"download file\" href=\"https:\/\/www.haveverwarming.nl\/amfile\/file\/download\/file\/7025\/product\/32\/\" target=\"_blank\"><span>Brochure sur le tir responsable<\/span><\/a><\/li>\n<li><a class=\"download file\" href=\"https:\/\/www.haveverwarming.nl\/amfile\/file\/download\/file\/7031\/product\/32\/\" target=\"_blank\"><span>Fiche technique Altech Eclips Gourmet<\/span><\/a><\/li>\n<li><a class=\"download file\" href=\"https:\/\/www.haveverwarming.nl\/amfile\/file\/download\/file\/7556\/product\/32\/\" target=\"_blank\"><span>Manuel Altech Eclipse<\/span><\/a><\/li>\n<li><a class=\"download file\" href=\"https:\/\/www.haveverwarming.nl\/productpdf\/download\/file\/id\/32\/name\/Altech_Eclips_Gourmet.pdf\/\" target=\"_blank\"><span>T\u00e9l\u00e9charger la fiche technique<\/span><\/a><\/li>\n<\/ul>","protected":false},"excerpt":{"rendered":"<p>Optimaal warmtegebruik met de Eclipse Depot Om optimaal gebruik te kunnen maken van de warmte die tijdens het stoken ontstaat, heeft Altech voor de Eclips een uniek rookgeleidingssysteem ontwikkeld.De rookgassen in deze houtkachel worden opgevangen en door rookgaskanalen geleidt die bij het basismodel al meer dan 2 meter lang zijn. Hierdoor krijgen de rookgassen meer [&hellip;]<\/p>\n","protected":false},"featured_media":98535,"comment_status":"open","ping_status":"closed","template":"","meta":{"_acf_changed":false},"product_brand":[],"product_cat":[1092],"product_tag":[],"class_list":{"0":"post-15408","1":"product","2":"type-product","3":"status-publish","4":"has-post-thumbnail","6":"product_cat-vrijstaande-houtkachels","8":"first","9":"instock","10":"taxable","11":"shipping-taxable","12":"purchasable","13":"product-type-simple"},"acf":[],"yoast_head":"<!-- This site is optimized with the Yoast SEO plugin v27.5 - https:\/\/yoast.com\/product\/yoast-seo-wordpress\/ -->\n<title>Altech Eclips Gourmet &#8211; Bula Outdoor<\/title>\n<meta name=\"robots\" content=\"index, follow, max-snippet:-1, max-image-preview:large, max-video-preview:-1\" \/>\n<link rel=\"canonical\" href=\"https:\/\/bulaoutdoor.nl\/fr\/produit\/altech-eclipse-gourmet\/\" \/>\n<meta property=\"og:locale\" content=\"fr_FR\" \/>\n<meta property=\"og:type\" content=\"article\" \/>\n<meta property=\"og:title\" content=\"Altech Eclips Gourmet &#8211; Bula Outdoor\" \/>\n<meta property=\"og:description\" content=\"Optimaal warmtegebruik met de Eclipse Depot Om optimaal gebruik te kunnen maken van de warmte die tijdens het stoken ontstaat, heeft Altech voor de Eclips een uniek rookgeleidingssysteem ontwikkeld.De rookgassen in deze houtkachel worden opgevangen en door rookgaskanalen geleidt die bij het basismodel al meer dan 2 meter lang zijn. Hierdoor krijgen de rookgassen meer [&hellip;]\" \/>\n<meta property=\"og:url\" content=\"https:\/\/bulaoutdoor.nl\/fr\/produit\/altech-eclipse-gourmet\/\" \/>\n<meta property=\"og:site_name\" content=\"Bula Outdoor\" \/>\n<meta property=\"article:modified_time\" content=\"2026-04-27T04:55:21+00:00\" \/>\n<meta property=\"og:image\" content=\"https:\/\/bulaoutdoor.nl\/wp-content\/uploads\/2017\/07\/altech-eclips-gourmet_1000x1000_1.jpg\" \/>\n\t<meta property=\"og:image:width\" content=\"1000\" \/>\n\t<meta property=\"og:image:height\" content=\"1000\" \/>\n\t<meta property=\"og:image:type\" content=\"image\/jpeg\" \/>\n<meta name=\"twitter:card\" content=\"summary_large_image\" \/>\n<meta name=\"twitter:label1\" content=\"Dur\u00e9e de lecture estim\u00e9e\" \/>\n\t<meta name=\"twitter:data1\" content=\"1 minute\" \/>\n<script type=\"application\/ld+json\" class=\"yoast-schema-graph\">{\"@context\":\"https:\\\/\\\/schema.org\",\"@graph\":[{\"@type\":\"WebPage\",\"@id\":\"https:\\\/\\\/bulaoutdoor.nl\\\/product\\\/altech-eclips-gourmet\\\/\",\"url\":\"https:\\\/\\\/bulaoutdoor.nl\\\/product\\\/altech-eclips-gourmet\\\/\",\"name\":\"Altech Eclips Gourmet &#8211; Bula Outdoor\",\"isPartOf\":{\"@id\":\"https:\\\/\\\/bulaoutdoor.nl\\\/#website\"},\"primaryImageOfPage\":{\"@id\":\"https:\\\/\\\/bulaoutdoor.nl\\\/product\\\/altech-eclips-gourmet\\\/#primaryimage\"},\"image\":{\"@id\":\"https:\\\/\\\/bulaoutdoor.nl\\\/product\\\/altech-eclips-gourmet\\\/#primaryimage\"},\"thumbnailUrl\":\"https:\\\/\\\/bulaoutdoor.nl\\\/wp-content\\\/uploads\\\/2017\\\/07\\\/altech-eclips-gourmet_1000x1000_1.jpg\",\"datePublished\":\"2017-07-12T14:43:39+00:00\",\"dateModified\":\"2026-04-27T04:55:21+00:00\",\"breadcrumb\":{\"@id\":\"https:\\\/\\\/bulaoutdoor.nl\\\/product\\\/altech-eclips-gourmet\\\/#breadcrumb\"},\"inLanguage\":\"fr-FR\",\"potentialAction\":[{\"@type\":\"ReadAction\",\"target\":[\"https:\\\/\\\/bulaoutdoor.nl\\\/product\\\/altech-eclips-gourmet\\\/\"]}]},{\"@type\":\"ImageObject\",\"inLanguage\":\"fr-FR\",\"@id\":\"https:\\\/\\\/bulaoutdoor.nl\\\/product\\\/altech-eclips-gourmet\\\/#primaryimage\",\"url\":\"https:\\\/\\\/bulaoutdoor.nl\\\/wp-content\\\/uploads\\\/2017\\\/07\\\/altech-eclips-gourmet_1000x1000_1.jpg\",\"contentUrl\":\"https:\\\/\\\/bulaoutdoor.nl\\\/wp-content\\\/uploads\\\/2017\\\/07\\\/altech-eclips-gourmet_1000x1000_1.jpg\",\"width\":1000,\"height\":1000,\"caption\":\"altech-eclips-gourmet-thumbnail\"},{\"@type\":\"BreadcrumbList\",\"@id\":\"https:\\\/\\\/bulaoutdoor.nl\\\/product\\\/altech-eclips-gourmet\\\/#breadcrumb\",\"itemListElement\":[{\"@type\":\"ListItem\",\"position\":1,\"name\":\"Home\",\"item\":\"https:\\\/\\\/bulaoutdoor.nl\\\/\"},{\"@type\":\"ListItem\",\"position\":2,\"name\":\"Online BBQ kopen\",\"item\":\"https:\\\/\\\/bulaoutdoor.nl\\\/\"},{\"@type\":\"ListItem\",\"position\":3,\"name\":\"Altech Eclips Gourmet\"}]},{\"@type\":\"WebSite\",\"@id\":\"https:\\\/\\\/bulaoutdoor.nl\\\/#website\",\"url\":\"https:\\\/\\\/bulaoutdoor.nl\\\/\",\"name\":\"Bula Outdoor\",\"description\":\"Voor uw buitenhaard, BBQ, tuinfakkel en houtoven\",\"publisher\":{\"@id\":\"https:\\\/\\\/bulaoutdoor.nl\\\/#organization\"},\"potentialAction\":[{\"@type\":\"SearchAction\",\"target\":{\"@type\":\"EntryPoint\",\"urlTemplate\":\"https:\\\/\\\/bulaoutdoor.nl\\\/?s={search_term_string}\"},\"query-input\":{\"@type\":\"PropertyValueSpecification\",\"valueRequired\":true,\"valueName\":\"search_term_string\"}}],\"inLanguage\":\"fr-FR\"},{\"@type\":\"Organization\",\"@id\":\"https:\\\/\\\/bulaoutdoor.nl\\\/#organization\",\"name\":\"Bula Outdoor\",\"url\":\"https:\\\/\\\/bulaoutdoor.nl\\\/\",\"logo\":{\"@type\":\"ImageObject\",\"inLanguage\":\"fr-FR\",\"@id\":\"https:\\\/\\\/bulaoutdoor.nl\\\/#\\\/schema\\\/logo\\\/image\\\/\",\"url\":\"https:\\\/\\\/www.bulaoutdoor.nl\\\/wp-content\\\/uploads\\\/2018\\\/04\\\/bulaoutdoor-logo.png\",\"contentUrl\":\"https:\\\/\\\/www.bulaoutdoor.nl\\\/wp-content\\\/uploads\\\/2018\\\/04\\\/bulaoutdoor-logo.png\",\"width\":324,\"height\":91,\"caption\":\"Bula Outdoor\"},\"image\":{\"@id\":\"https:\\\/\\\/bulaoutdoor.nl\\\/#\\\/schema\\\/logo\\\/image\\\/\"}}]}<\/script>\n<!-- \/ Yoast SEO plugin. -->","yoast_head_json":{"title":"Altech Eclipse Gourmet - Bula Outdoor","robots":{"index":"index","follow":"follow","max-snippet":"max-snippet:-1","max-image-preview":"max-image-preview:large","max-video-preview":"max-video-preview:-1"},"canonical":"https:\/\/bulaoutdoor.nl\/fr\/produit\/altech-eclipse-gourmet\/","og_locale":"fr_FR","og_type":"article","og_title":"Altech Eclips Gourmet &#8211; Bula Outdoor","og_description":"Optimaal warmtegebruik met de Eclipse Depot Om optimaal gebruik te kunnen maken van de warmte die tijdens het stoken ontstaat, heeft Altech voor de Eclips een uniek rookgeleidingssysteem ontwikkeld.De rookgassen in deze houtkachel worden opgevangen en door rookgaskanalen geleidt die bij het basismodel al meer dan 2 meter lang zijn. Hierdoor krijgen de rookgassen meer [&hellip;]","og_url":"https:\/\/bulaoutdoor.nl\/fr\/produit\/altech-eclipse-gourmet\/","og_site_name":"Bula Outdoor","article_modified_time":"2026-04-27T04:55:21+00:00","og_image":[{"width":1000,"height":1000,"url":"https:\/\/bulaoutdoor.nl\/wp-content\/uploads\/2017\/07\/altech-eclips-gourmet_1000x1000_1.jpg","type":"image\/jpeg"}],"twitter_card":"summary_large_image","twitter_misc":{"Dur\u00e9e de lecture estim\u00e9e":"1 minute"},"schema":{"@context":"https:\/\/schema.org","@graph":[{"@type":"WebPage","@id":"https:\/\/bulaoutdoor.nl\/product\/altech-eclips-gourmet\/","url":"https:\/\/bulaoutdoor.nl\/product\/altech-eclips-gourmet\/","name":"Altech Eclipse Gourmet - Bula Outdoor","isPartOf":{"@id":"https:\/\/bulaoutdoor.nl\/#website"},"primaryImageOfPage":{"@id":"https:\/\/bulaoutdoor.nl\/product\/altech-eclips-gourmet\/#primaryimage"},"image":{"@id":"https:\/\/bulaoutdoor.nl\/product\/altech-eclips-gourmet\/#primaryimage"},"thumbnailUrl":"https:\/\/bulaoutdoor.nl\/wp-content\/uploads\/2017\/07\/altech-eclips-gourmet_1000x1000_1.jpg","datePublished":"2017-07-12T14:43:39+00:00","dateModified":"2026-04-27T04:55:21+00:00","breadcrumb":{"@id":"https:\/\/bulaoutdoor.nl\/product\/altech-eclips-gourmet\/#breadcrumb"},"inLanguage":"fr-FR","potentialAction":[{"@type":"ReadAction","target":["https:\/\/bulaoutdoor.nl\/product\/altech-eclips-gourmet\/"]}]},{"@type":"ImageObject","inLanguage":"fr-FR","@id":"https:\/\/bulaoutdoor.nl\/product\/altech-eclips-gourmet\/#primaryimage","url":"https:\/\/bulaoutdoor.nl\/wp-content\/uploads\/2017\/07\/altech-eclips-gourmet_1000x1000_1.jpg","contentUrl":"https:\/\/bulaoutdoor.nl\/wp-content\/uploads\/2017\/07\/altech-eclips-gourmet_1000x1000_1.jpg","width":1000,"height":1000,"caption":"altech-eclips-gourmet-thumbnail"},{"@type":"BreadcrumbList","@id":"https:\/\/bulaoutdoor.nl\/product\/altech-eclips-gourmet\/#breadcrumb","itemListElement":[{"@type":"ListItem","position":1,"name":"Home","item":"https:\/\/bulaoutdoor.nl\/"},{"@type":"ListItem","position":2,"name":"Online BBQ kopen","item":"https:\/\/bulaoutdoor.nl\/"},{"@type":"ListItem","position":3,"name":"Altech Eclips Gourmet"}]},{"@type":"WebSite","@id":"https:\/\/bulaoutdoor.nl\/#website","url":"https:\/\/bulaoutdoor.nl\/","name":"Bula Outdoor","description":"Pour votre chemin\u00e9e ext\u00e9rieure, votre barbecue, votre torche de jardin et votre four \u00e0 bois","publisher":{"@id":"https:\/\/bulaoutdoor.nl\/#organization"},"potentialAction":[{"@type":"SearchAction","target":{"@type":"EntryPoint","urlTemplate":"https:\/\/bulaoutdoor.nl\/?s={search_term_string}"},"query-input":{"@type":"PropertyValueSpecification","valueRequired":true,"valueName":"search_term_string"}}],"inLanguage":"fr-FR"},{"@type":"Organization","@id":"https:\/\/bulaoutdoor.nl\/#organization","name":"Bula Outdoor","url":"https:\/\/bulaoutdoor.nl\/","logo":{"@type":"ImageObject","inLanguage":"fr-FR","@id":"https:\/\/bulaoutdoor.nl\/#\/schema\/logo\/image\/","url":"https:\/\/www.bulaoutdoor.nl\/wp-content\/uploads\/2018\/04\/bulaoutdoor-logo.png","contentUrl":"https:\/\/www.bulaoutdoor.nl\/wp-content\/uploads\/2018\/04\/bulaoutdoor-logo.png","width":324,"height":91,"caption":"Bula Outdoor"},"image":{"@id":"https:\/\/bulaoutdoor.nl\/#\/schema\/logo\/image\/"}}]}},"jetpack_sharing_enabled":true,"_links":{"self":[{"href":"https:\/\/bulaoutdoor.nl\/fr\/wp-json\/wp\/v2\/product\/15408","targetHints":{"allow":["GET"]}}],"collection":[{"href":"https:\/\/bulaoutdoor.nl\/fr\/wp-json\/wp\/v2\/product"}],"about":[{"href":"https:\/\/bulaoutdoor.nl\/fr\/wp-json\/wp\/v2\/types\/product"}],"replies":[{"embeddable":true,"href":"https:\/\/bulaoutdoor.nl\/fr\/wp-json\/wp\/v2\/comments?post=15408"}],"wp:featuredmedia":[{"embeddable":true,"href":"https:\/\/bulaoutdoor.nl\/fr\/wp-json\/wp\/v2\/media\/98535"}],"wp:attachment":[{"href":"https:\/\/bulaoutdoor.nl\/fr\/wp-json\/wp\/v2\/media?parent=15408"}],"wp:term":[{"taxonomy":"product_brand","embeddable":true,"href":"https:\/\/bulaoutdoor.nl\/fr\/wp-json\/wp\/v2\/product_brand?post=15408"},{"taxonomy":"product_cat","embeddable":true,"href":"https:\/\/bulaoutdoor.nl\/fr\/wp-json\/wp\/v2\/product_cat?post=15408"},{"taxonomy":"product_tag","embeddable":true,"href":"https:\/\/bulaoutdoor.nl\/fr\/wp-json\/wp\/v2\/product_tag?post=15408"}],"curies":[{"name":"wp","href":"https:\/\/api.w.org\/{rel}","templated":true}]}}