{"id":15424,"date":"2017-07-13T08:47:33","date_gmt":"2017-07-13T08:47:33","guid":{"rendered":"https:\/\/www.bulaoutdoor.nl\/product\/altech-ecosy-basis\/"},"modified":"2026-04-27T04:55:28","modified_gmt":"2026-04-27T04:55:28","slug":"altech-ecosy-basis","status":"publish","type":"product","link":"https:\/\/bulaoutdoor.nl\/fr\/product\/altech-ecosy-basis\/","title":{"rendered":"Altech Ecosy Basic"},"content":{"rendered":"<h2>Ecosy : moderne et ovale<\/h2>\n<p>L'Ecosy est un appareil moderne de forme ovale. <a href=\"https:\/\/www.haveverwarming.nl\/kachels\/hout\" target=\"_blank\" rel=\"noopener\">po\u00eale \u00e0 bois<\/a> qui s'int\u00e8gre aussi bien dans les int\u00e9rieurs traditionnels que modernes. Avec une chambre de combustion de 50 cm de large, il peut \u00e9galement \u00eatre facilement aliment\u00e9 par des blocs de bois plus importants. Par <a href=\"https:\/\/www.haveverwarming.nl\/altech\" target=\"_blank\" rel=\"noopener\">Altech's<\/a>&nbsp;La technologie moderne est l'Ecosy <a href=\"https:\/\/www.haveverwarming.nl\/kenniscentrum\/wat-is-speksteen\" target=\"_blank\" rel=\"noopener\">Pierre \u00e0 savon<\/a> Le po\u00eale est facile \u00e0 utiliser gr\u00e2ce \u00e0 un seul bouton. En outre, le po\u00eale est dot\u00e9 d'une double paroi qui garantit une chaleur durable.<\/p>\n<h3>Raccordement par le haut et par l'arri\u00e8re<\/h3>\n<p>L'Altech Ecosy peut \u00eatre connect\u00e9 soit par le haut, soit par l'arri\u00e8re. Par d\u00e9faut, le haut est suppos\u00e9 \u00eatre connect\u00e9. Ainsi, l'Ecosy <strong>esprit<\/strong>; vous voulez l'Altech Ecosy avec connexion arri\u00e8re ? Vous devez l'indiquer lors de la commande. Voir les extras pour le co\u00fbt suppl\u00e9mentaire de cette option.<\/p>\n<h3>Venez l'admirer dans notre Experience Centre<\/h3>\n<p>Dans notre <a href=\"https:\/\/www.haveverwarming.nl\/experiencecenter\" target=\"_blank\" rel=\"noopener\">Centre d'exp\u00e9rience<\/a> \u00e0 Lunteren, nous exposons plusieurs mod\u00e8les Altech en pierre ollaire.<\/p>\n<p>T\u00e9l\u00e9chargements de produits<\/p>\n<ul>\n<li><a class=\"download file\" href=\"https:\/\/www.haveverwarming.nl\/amfile\/file\/download\/file\/8728\/product\/42\/\" target=\"_blank\"><span>Brochure Altech 2025<\/span><\/a><\/li>\n<li><a class=\"download file\" href=\"https:\/\/www.haveverwarming.nl\/amfile\/file\/download\/file\/330\/product\/42\/\" target=\"_blank\"><span>Plan d'encombrement Altech Ecosy Basis<\/span><\/a><\/li>\n<li><a class=\"download file\" href=\"https:\/\/www.haveverwarming.nl\/amfile\/file\/download\/file\/7036\/product\/42\/\" target=\"_blank\"><span>Label \u00e9nerg\u00e9tique Altech Ecosy Basis<\/span><\/a><\/li>\n<li><a class=\"download file\" href=\"https:\/\/www.haveverwarming.nl\/amfile\/file\/download\/file\/7041\/product\/42\/\" target=\"_blank\"><span>Brochure sur le tir responsable<\/span><\/a><\/li>\n<li><a class=\"download file\" href=\"https:\/\/www.haveverwarming.nl\/amfile\/file\/download\/file\/7057\/product\/42\/\" target=\"_blank\"><span>Fiche technique Altech Ecosy<\/span><\/a><\/li>\n<li><a class=\"download file\" href=\"https:\/\/www.haveverwarming.nl\/amfile\/file\/download\/file\/7557\/product\/42\/\" target=\"_blank\"><span>Manuel Altech Ecosy wood<\/span><\/a><\/li>\n<li><a class=\"download file\" href=\"https:\/\/www.haveverwarming.nl\/productpdf\/download\/file\/id\/42\/name\/Altech_Ecosy_Basis.pdf\/\" target=\"_blank\"><span>T\u00e9l\u00e9charger la fiche technique<\/span><\/a><\/li>\n<\/ul>","protected":false},"excerpt":{"rendered":"<p>Ecosy: modern en ovaal De Ecosy is een moderne, ovale houtkachel die goed past in zowel traditionele als in moderne interieurs. Met een verbrandingskamer van 50 cm breed, kan er ook gemakkelijk met grotere blokken hout worden gestookt. Door Altech&#8217;s&nbsp;moderne techniek is de Ecosy Speksteen kachel gemakkelijk met \u00e9\u00e9n knop te bedienen. Daarnaast de kachel [&hellip;]<\/p>\n","protected":false},"featured_media":15425,"comment_status":"open","ping_status":"closed","template":"","meta":{"_acf_changed":false},"product_brand":[],"product_cat":[1092],"product_tag":[],"class_list":{"0":"post-15424","1":"product","2":"type-product","3":"status-publish","4":"has-post-thumbnail","6":"product_cat-vrijstaande-houtkachels","8":"first","9":"instock","10":"taxable","11":"shipping-taxable","12":"purchasable","13":"product-type-simple"},"acf":[],"yoast_head":"<!-- This site is optimized with the Yoast SEO plugin v27.5 - https:\/\/yoast.com\/product\/yoast-seo-wordpress\/ -->\n<title>Altech Ecosy Basis &#8211; Bula Outdoor<\/title>\n<meta name=\"robots\" content=\"index, follow, max-snippet:-1, max-image-preview:large, max-video-preview:-1\" \/>\n<link rel=\"canonical\" href=\"https:\/\/bulaoutdoor.nl\/fr\/produit\/altech-ecosy-basis\/\" \/>\n<meta property=\"og:locale\" content=\"fr_FR\" \/>\n<meta property=\"og:type\" content=\"article\" \/>\n<meta property=\"og:title\" content=\"Altech Ecosy Basis &#8211; Bula Outdoor\" \/>\n<meta property=\"og:description\" content=\"Ecosy: modern en ovaal De Ecosy is een moderne, ovale houtkachel die goed past in zowel traditionele als in moderne interieurs. Met een verbrandingskamer van 50 cm breed, kan er ook gemakkelijk met grotere blokken hout worden gestookt. Door Altech&#8217;s&nbsp;moderne techniek is de Ecosy Speksteen kachel gemakkelijk met \u00e9\u00e9n knop te bedienen. Daarnaast de kachel [&hellip;]\" \/>\n<meta property=\"og:url\" content=\"https:\/\/bulaoutdoor.nl\/fr\/produit\/altech-ecosy-basis\/\" \/>\n<meta property=\"og:site_name\" content=\"Bula Outdoor\" \/>\n<meta property=\"article:modified_time\" content=\"2026-04-27T04:55:28+00:00\" \/>\n<meta property=\"og:image\" content=\"https:\/\/bulaoutdoor.nl\/wp-content\/uploads\/2017\/07\/altech-ecosy-basis-1000x1000.jpg\" \/>\n\t<meta property=\"og:image:width\" content=\"1000\" \/>\n\t<meta property=\"og:image:height\" content=\"1000\" \/>\n\t<meta property=\"og:image:type\" content=\"image\/jpeg\" \/>\n<meta name=\"twitter:card\" content=\"summary_large_image\" \/>\n<meta name=\"twitter:label1\" content=\"Dur\u00e9e de lecture estim\u00e9e\" \/>\n\t<meta name=\"twitter:data1\" content=\"1 minute\" \/>\n<script type=\"application\/ld+json\" class=\"yoast-schema-graph\">{\"@context\":\"https:\\\/\\\/schema.org\",\"@graph\":[{\"@type\":\"WebPage\",\"@id\":\"https:\\\/\\\/bulaoutdoor.nl\\\/product\\\/altech-ecosy-basis\\\/\",\"url\":\"https:\\\/\\\/bulaoutdoor.nl\\\/product\\\/altech-ecosy-basis\\\/\",\"name\":\"Altech Ecosy Basis &#8211; Bula Outdoor\",\"isPartOf\":{\"@id\":\"https:\\\/\\\/bulaoutdoor.nl\\\/#website\"},\"primaryImageOfPage\":{\"@id\":\"https:\\\/\\\/bulaoutdoor.nl\\\/product\\\/altech-ecosy-basis\\\/#primaryimage\"},\"image\":{\"@id\":\"https:\\\/\\\/bulaoutdoor.nl\\\/product\\\/altech-ecosy-basis\\\/#primaryimage\"},\"thumbnailUrl\":\"https:\\\/\\\/bulaoutdoor.nl\\\/wp-content\\\/uploads\\\/2017\\\/07\\\/altech-ecosy-basis-1000x1000.jpg\",\"datePublished\":\"2017-07-13T08:47:33+00:00\",\"dateModified\":\"2026-04-27T04:55:28+00:00\",\"breadcrumb\":{\"@id\":\"https:\\\/\\\/bulaoutdoor.nl\\\/product\\\/altech-ecosy-basis\\\/#breadcrumb\"},\"inLanguage\":\"fr-FR\",\"potentialAction\":[{\"@type\":\"ReadAction\",\"target\":[\"https:\\\/\\\/bulaoutdoor.nl\\\/product\\\/altech-ecosy-basis\\\/\"]}]},{\"@type\":\"ImageObject\",\"inLanguage\":\"fr-FR\",\"@id\":\"https:\\\/\\\/bulaoutdoor.nl\\\/product\\\/altech-ecosy-basis\\\/#primaryimage\",\"url\":\"https:\\\/\\\/bulaoutdoor.nl\\\/wp-content\\\/uploads\\\/2017\\\/07\\\/altech-ecosy-basis-1000x1000.jpg\",\"contentUrl\":\"https:\\\/\\\/bulaoutdoor.nl\\\/wp-content\\\/uploads\\\/2017\\\/07\\\/altech-ecosy-basis-1000x1000.jpg\",\"width\":1000,\"height\":1000,\"caption\":\"altech-ecosy-basis-thumbnail\"},{\"@type\":\"BreadcrumbList\",\"@id\":\"https:\\\/\\\/bulaoutdoor.nl\\\/product\\\/altech-ecosy-basis\\\/#breadcrumb\",\"itemListElement\":[{\"@type\":\"ListItem\",\"position\":1,\"name\":\"Home\",\"item\":\"https:\\\/\\\/bulaoutdoor.nl\\\/\"},{\"@type\":\"ListItem\",\"position\":2,\"name\":\"Online BBQ kopen\",\"item\":\"https:\\\/\\\/bulaoutdoor.nl\\\/\"},{\"@type\":\"ListItem\",\"position\":3,\"name\":\"Altech Ecosy Basis\"}]},{\"@type\":\"WebSite\",\"@id\":\"https:\\\/\\\/bulaoutdoor.nl\\\/#website\",\"url\":\"https:\\\/\\\/bulaoutdoor.nl\\\/\",\"name\":\"Bula Outdoor\",\"description\":\"Voor uw buitenhaard, BBQ, tuinfakkel en houtoven\",\"publisher\":{\"@id\":\"https:\\\/\\\/bulaoutdoor.nl\\\/#organization\"},\"potentialAction\":[{\"@type\":\"SearchAction\",\"target\":{\"@type\":\"EntryPoint\",\"urlTemplate\":\"https:\\\/\\\/bulaoutdoor.nl\\\/?s={search_term_string}\"},\"query-input\":{\"@type\":\"PropertyValueSpecification\",\"valueRequired\":true,\"valueName\":\"search_term_string\"}}],\"inLanguage\":\"fr-FR\"},{\"@type\":\"Organization\",\"@id\":\"https:\\\/\\\/bulaoutdoor.nl\\\/#organization\",\"name\":\"Bula Outdoor\",\"url\":\"https:\\\/\\\/bulaoutdoor.nl\\\/\",\"logo\":{\"@type\":\"ImageObject\",\"inLanguage\":\"fr-FR\",\"@id\":\"https:\\\/\\\/bulaoutdoor.nl\\\/#\\\/schema\\\/logo\\\/image\\\/\",\"url\":\"https:\\\/\\\/www.bulaoutdoor.nl\\\/wp-content\\\/uploads\\\/2018\\\/04\\\/bulaoutdoor-logo.png\",\"contentUrl\":\"https:\\\/\\\/www.bulaoutdoor.nl\\\/wp-content\\\/uploads\\\/2018\\\/04\\\/bulaoutdoor-logo.png\",\"width\":324,\"height\":91,\"caption\":\"Bula Outdoor\"},\"image\":{\"@id\":\"https:\\\/\\\/bulaoutdoor.nl\\\/#\\\/schema\\\/logo\\\/image\\\/\"}}]}<\/script>\n<!-- \/ Yoast SEO plugin. -->","yoast_head_json":{"title":"Altech Ecosy Basis - Bula Outdoor","robots":{"index":"index","follow":"follow","max-snippet":"max-snippet:-1","max-image-preview":"max-image-preview:large","max-video-preview":"max-video-preview:-1"},"canonical":"https:\/\/bulaoutdoor.nl\/fr\/produit\/altech-ecosy-basis\/","og_locale":"fr_FR","og_type":"article","og_title":"Altech Ecosy Basis &#8211; Bula Outdoor","og_description":"Ecosy: modern en ovaal De Ecosy is een moderne, ovale houtkachel die goed past in zowel traditionele als in moderne interieurs. Met een verbrandingskamer van 50 cm breed, kan er ook gemakkelijk met grotere blokken hout worden gestookt. Door Altech&#8217;s&nbsp;moderne techniek is de Ecosy Speksteen kachel gemakkelijk met \u00e9\u00e9n knop te bedienen. Daarnaast de kachel [&hellip;]","og_url":"https:\/\/bulaoutdoor.nl\/fr\/produit\/altech-ecosy-basis\/","og_site_name":"Bula Outdoor","article_modified_time":"2026-04-27T04:55:28+00:00","og_image":[{"width":1000,"height":1000,"url":"https:\/\/bulaoutdoor.nl\/wp-content\/uploads\/2017\/07\/altech-ecosy-basis-1000x1000.jpg","type":"image\/jpeg"}],"twitter_card":"summary_large_image","twitter_misc":{"Dur\u00e9e de lecture estim\u00e9e":"1 minute"},"schema":{"@context":"https:\/\/schema.org","@graph":[{"@type":"WebPage","@id":"https:\/\/bulaoutdoor.nl\/product\/altech-ecosy-basis\/","url":"https:\/\/bulaoutdoor.nl\/product\/altech-ecosy-basis\/","name":"Altech Ecosy Basis - Bula Outdoor","isPartOf":{"@id":"https:\/\/bulaoutdoor.nl\/#website"},"primaryImageOfPage":{"@id":"https:\/\/bulaoutdoor.nl\/product\/altech-ecosy-basis\/#primaryimage"},"image":{"@id":"https:\/\/bulaoutdoor.nl\/product\/altech-ecosy-basis\/#primaryimage"},"thumbnailUrl":"https:\/\/bulaoutdoor.nl\/wp-content\/uploads\/2017\/07\/altech-ecosy-basis-1000x1000.jpg","datePublished":"2017-07-13T08:47:33+00:00","dateModified":"2026-04-27T04:55:28+00:00","breadcrumb":{"@id":"https:\/\/bulaoutdoor.nl\/product\/altech-ecosy-basis\/#breadcrumb"},"inLanguage":"fr-FR","potentialAction":[{"@type":"ReadAction","target":["https:\/\/bulaoutdoor.nl\/product\/altech-ecosy-basis\/"]}]},{"@type":"ImageObject","inLanguage":"fr-FR","@id":"https:\/\/bulaoutdoor.nl\/product\/altech-ecosy-basis\/#primaryimage","url":"https:\/\/bulaoutdoor.nl\/wp-content\/uploads\/2017\/07\/altech-ecosy-basis-1000x1000.jpg","contentUrl":"https:\/\/bulaoutdoor.nl\/wp-content\/uploads\/2017\/07\/altech-ecosy-basis-1000x1000.jpg","width":1000,"height":1000,"caption":"altech-ecosy-basis-thumbnail"},{"@type":"BreadcrumbList","@id":"https:\/\/bulaoutdoor.nl\/product\/altech-ecosy-basis\/#breadcrumb","itemListElement":[{"@type":"ListItem","position":1,"name":"Home","item":"https:\/\/bulaoutdoor.nl\/"},{"@type":"ListItem","position":2,"name":"Online BBQ kopen","item":"https:\/\/bulaoutdoor.nl\/"},{"@type":"ListItem","position":3,"name":"Altech Ecosy Basis"}]},{"@type":"WebSite","@id":"https:\/\/bulaoutdoor.nl\/#website","url":"https:\/\/bulaoutdoor.nl\/","name":"Bula Outdoor","description":"Pour votre chemin\u00e9e ext\u00e9rieure, votre barbecue, votre torche de jardin et votre four \u00e0 bois","publisher":{"@id":"https:\/\/bulaoutdoor.nl\/#organization"},"potentialAction":[{"@type":"SearchAction","target":{"@type":"EntryPoint","urlTemplate":"https:\/\/bulaoutdoor.nl\/?s={search_term_string}"},"query-input":{"@type":"PropertyValueSpecification","valueRequired":true,"valueName":"search_term_string"}}],"inLanguage":"fr-FR"},{"@type":"Organization","@id":"https:\/\/bulaoutdoor.nl\/#organization","name":"Bula Outdoor","url":"https:\/\/bulaoutdoor.nl\/","logo":{"@type":"ImageObject","inLanguage":"fr-FR","@id":"https:\/\/bulaoutdoor.nl\/#\/schema\/logo\/image\/","url":"https:\/\/www.bulaoutdoor.nl\/wp-content\/uploads\/2018\/04\/bulaoutdoor-logo.png","contentUrl":"https:\/\/www.bulaoutdoor.nl\/wp-content\/uploads\/2018\/04\/bulaoutdoor-logo.png","width":324,"height":91,"caption":"Bula Outdoor"},"image":{"@id":"https:\/\/bulaoutdoor.nl\/#\/schema\/logo\/image\/"}}]}},"jetpack_sharing_enabled":true,"_links":{"self":[{"href":"https:\/\/bulaoutdoor.nl\/fr\/wp-json\/wp\/v2\/product\/15424","targetHints":{"allow":["GET"]}}],"collection":[{"href":"https:\/\/bulaoutdoor.nl\/fr\/wp-json\/wp\/v2\/product"}],"about":[{"href":"https:\/\/bulaoutdoor.nl\/fr\/wp-json\/wp\/v2\/types\/product"}],"replies":[{"embeddable":true,"href":"https:\/\/bulaoutdoor.nl\/fr\/wp-json\/wp\/v2\/comments?post=15424"}],"wp:featuredmedia":[{"embeddable":true,"href":"https:\/\/bulaoutdoor.nl\/fr\/wp-json\/wp\/v2\/media\/15425"}],"wp:attachment":[{"href":"https:\/\/bulaoutdoor.nl\/fr\/wp-json\/wp\/v2\/media?parent=15424"}],"wp:term":[{"taxonomy":"product_brand","embeddable":true,"href":"https:\/\/bulaoutdoor.nl\/fr\/wp-json\/wp\/v2\/product_brand?post=15424"},{"taxonomy":"product_cat","embeddable":true,"href":"https:\/\/bulaoutdoor.nl\/fr\/wp-json\/wp\/v2\/product_cat?post=15424"},{"taxonomy":"product_tag","embeddable":true,"href":"https:\/\/bulaoutdoor.nl\/fr\/wp-json\/wp\/v2\/product_tag?post=15424"}],"curies":[{"name":"wp","href":"https:\/\/api.w.org\/{rel}","templated":true}]}}