{"id":15444,"date":"2017-07-13T13:37:09","date_gmt":"2017-07-13T13:37:09","guid":{"rendered":"https:\/\/www.bulaoutdoor.nl\/product\/altech-grande-nobles-basis\/"},"modified":"2026-04-27T04:55:58","modified_gmt":"2026-04-27T04:55:58","slug":"altech-grande-nobles-base","status":"publish","type":"product","link":"https:\/\/bulaoutdoor.nl\/fr\/product\/altech-grande-nobles-basis\/","title":{"rendered":"Altech Grande Nobles Basic"},"content":{"rendered":"<h2>Les Nobles Grande<\/h2>\n<p>Le pr\u00e9sent <a href=\"https:\/\/www.haveverwarming.nl\/altech\" target=\"_self\">Altech<\/a> le po\u00eale tient bon ! Le Grande est un v\u00e9ritable <a href=\"https:\/\/www.haveverwarming.nl\/kenniscentrum\/wat-is-speksteen\/\" target=\"_blank\" rel=\"noopener\">po\u00eale en pierre ollaire<\/a>un style g\u00e9n\u00e9reux et \u00e9l\u00e9gant <a href=\"https:\/\/www.haveverwarming.nl\/kachels\/hout\" target=\"_blank\" rel=\"noopener\">po\u00eale \u00e0 bois<\/a> qui peut traiter des blocs allant jusqu'\u00e0 un demi-m\u00e8tre. La beaut\u00e9 de ce po\u00eale en pierre ollaire est qu'il comprend un conducteur de gaz de combustion qui permet d'extraire encore plus de chaleur d'un bloc de bois. Le po\u00eale a une capacit\u00e9 de <a href=\"https:\/\/www.haveverwarming.nl\/kenniscentrum\/het-vermogen-van-een-haard-of-kachel\/\" target=\"_blank\" rel=\"noopener\">3 \u00e0 11 kW<\/a> et peut donc r\u00e9chauffer agr\u00e9ablement une pi\u00e8ce de vie moyenne. En outre, cette chaleur est tout \u00e0 fait diff\u00e9rente de celle d'un <a href=\"https:\/\/www.haveverwarming.nl\/kachels\" target=\"_blank\" rel=\"noopener\">t\u00f4le d'acier<\/a> po\u00eale. La chaleur d\u00e9gag\u00e9e par le po\u00eale en pierre ollaire peut \u00eatre compar\u00e9e \u00e0 une couverture chaude et \u00e9paisse qui vous enveloppe. De plus, le Nobl\u00e9s a un aspect classique, mais gr\u00e2ce \u00e0 ses diff\u00e9rentes options de couleurs, il s'int\u00e8gre parfaitement dans un salon \u00e9l\u00e9gant.<\/p>\n<h3>Venez au centre d'exp\u00e9rience de HAV\u00c9 Heating et laissez-vous inspirer.<\/h3>\n<p>Dans notre <a href=\"https:\/\/www.haveverwarming.nl\/experiencecenter\" target=\"_blank\" rel=\"noopener\">Centre d'exp\u00e9rience<\/a> \u00e0 Lunteren, nous exposons plusieurs mod\u00e8les Altech en pierre ollaire.<\/p>\n<p>T\u00e9l\u00e9chargements de produits<\/p>\n<ul>\n<li><a class=\"download file\" href=\"https:\/\/www.haveverwarming.nl\/amfile\/file\/download\/file\/1951\/product\/57\/\" target=\"_blank\"><span>Dessin au trait Grande Nobles<\/span><\/a><\/li>\n<li><a class=\"download file\" href=\"https:\/\/www.haveverwarming.nl\/amfile\/file\/download\/file\/4020\/product\/57\/\" target=\"_blank\"><span>Guide du chauffage<\/span><\/a><\/li>\n<li><a class=\"download file\" href=\"https:\/\/www.haveverwarming.nl\/amfile\/file\/download\/file\/6405\/product\/57\/\" target=\"_blank\"><span>Brochure sur le tir responsable<\/span><\/a><\/li>\n<li><a class=\"download file\" href=\"https:\/\/www.haveverwarming.nl\/amfile\/file\/download\/file\/7067\/product\/57\/\" target=\"_blank\"><span>Etiquette \u00e9nergie Grande Nobles<\/span><\/a><\/li>\n<li><a class=\"download file\" href=\"https:\/\/www.haveverwarming.nl\/amfile\/file\/download\/file\/7070\/product\/57\/\" target=\"_blank\"><span>Altech Grande Nobles Fiche technique de base<\/span><\/a><\/li>\n<li><a class=\"download file\" href=\"https:\/\/www.haveverwarming.nl\/amfile\/file\/download\/file\/7559\/product\/57\/\" target=\"_blank\"><span>Manuel Altech Grande Nobles wood<\/span><\/a><\/li>\n<li><a class=\"download file\" href=\"https:\/\/www.haveverwarming.nl\/amfile\/file\/download\/file\/8728\/product\/57\/\" target=\"_blank\"><span>Brochure Altech 2025<\/span><\/a><\/li>\n<li><a class=\"download file\" href=\"https:\/\/www.haveverwarming.nl\/productpdf\/download\/file\/id\/57\/name\/Altech_Grande_Nobles_Basis.pdf\/\" target=\"_blank\"><span>T\u00e9l\u00e9charger la fiche technique<\/span><\/a><\/li>\n<\/ul>","protected":false},"excerpt":{"rendered":"<p>De Nobl\u00e8s Grande Deze Altech kachel staat zijn mannetje! De Grande is een echte speksteenkachel, een stijlvolle royale houtkachel die blokken van wel een halve meter aan kan. Het mooie van deze speksteen kachel is dat er een rookgas geleider inzit die er voor zorgt dat er nog meer warmte uit een blok hout wordt [&hellip;]<\/p>\n","protected":false},"featured_media":15445,"comment_status":"open","ping_status":"closed","template":"","meta":{"_acf_changed":false},"product_brand":[],"product_cat":[1092],"product_tag":[],"class_list":{"0":"post-15444","1":"product","2":"type-product","3":"status-publish","4":"has-post-thumbnail","6":"product_cat-vrijstaande-houtkachels","8":"first","9":"instock","10":"taxable","11":"shipping-taxable","12":"purchasable","13":"product-type-simple"},"acf":[],"yoast_head":"<!-- This site is optimized with the Yoast SEO plugin v27.5 - https:\/\/yoast.com\/product\/yoast-seo-wordpress\/ -->\n<title>Altech Grande Nobles Basis &#8211; Bula Outdoor<\/title>\n<meta name=\"robots\" content=\"index, follow, max-snippet:-1, max-image-preview:large, max-video-preview:-1\" \/>\n<link rel=\"canonical\" href=\"https:\/\/bulaoutdoor.nl\/fr\/produit\/altech-grande-nobles-base\/\" \/>\n<meta property=\"og:locale\" content=\"fr_FR\" \/>\n<meta property=\"og:type\" content=\"article\" \/>\n<meta property=\"og:title\" content=\"Altech Grande Nobles Basis &#8211; Bula Outdoor\" \/>\n<meta property=\"og:description\" content=\"De Nobl\u00e8s Grande Deze Altech kachel staat zijn mannetje! De Grande is een echte speksteenkachel, een stijlvolle royale houtkachel die blokken van wel een halve meter aan kan. Het mooie van deze speksteen kachel is dat er een rookgas geleider inzit die er voor zorgt dat er nog meer warmte uit een blok hout wordt [&hellip;]\" \/>\n<meta property=\"og:url\" content=\"https:\/\/bulaoutdoor.nl\/fr\/produit\/altech-grande-nobles-base\/\" \/>\n<meta property=\"og:site_name\" content=\"Bula Outdoor\" \/>\n<meta property=\"article:modified_time\" content=\"2026-04-27T04:55:58+00:00\" \/>\n<meta property=\"og:image\" content=\"https:\/\/bulaoutdoor.nl\/wp-content\/uploads\/2017\/07\/altech-grand-nobles-basis-1000x1000.jpg\" \/>\n\t<meta property=\"og:image:width\" content=\"1000\" \/>\n\t<meta property=\"og:image:height\" content=\"1000\" \/>\n\t<meta property=\"og:image:type\" content=\"image\/jpeg\" \/>\n<meta name=\"twitter:card\" content=\"summary_large_image\" \/>\n<meta name=\"twitter:label1\" content=\"Dur\u00e9e de lecture estim\u00e9e\" \/>\n\t<meta name=\"twitter:data1\" content=\"1 minute\" \/>\n<script type=\"application\/ld+json\" class=\"yoast-schema-graph\">{\"@context\":\"https:\\\/\\\/schema.org\",\"@graph\":[{\"@type\":\"WebPage\",\"@id\":\"https:\\\/\\\/bulaoutdoor.nl\\\/product\\\/altech-grande-nobles-basis\\\/\",\"url\":\"https:\\\/\\\/bulaoutdoor.nl\\\/product\\\/altech-grande-nobles-basis\\\/\",\"name\":\"Altech Grande Nobles Basis &#8211; Bula Outdoor\",\"isPartOf\":{\"@id\":\"https:\\\/\\\/bulaoutdoor.nl\\\/#website\"},\"primaryImageOfPage\":{\"@id\":\"https:\\\/\\\/bulaoutdoor.nl\\\/product\\\/altech-grande-nobles-basis\\\/#primaryimage\"},\"image\":{\"@id\":\"https:\\\/\\\/bulaoutdoor.nl\\\/product\\\/altech-grande-nobles-basis\\\/#primaryimage\"},\"thumbnailUrl\":\"https:\\\/\\\/bulaoutdoor.nl\\\/wp-content\\\/uploads\\\/2017\\\/07\\\/altech-grand-nobles-basis-1000x1000.jpg\",\"datePublished\":\"2017-07-13T13:37:09+00:00\",\"dateModified\":\"2026-04-27T04:55:58+00:00\",\"breadcrumb\":{\"@id\":\"https:\\\/\\\/bulaoutdoor.nl\\\/product\\\/altech-grande-nobles-basis\\\/#breadcrumb\"},\"inLanguage\":\"fr-FR\",\"potentialAction\":[{\"@type\":\"ReadAction\",\"target\":[\"https:\\\/\\\/bulaoutdoor.nl\\\/product\\\/altech-grande-nobles-basis\\\/\"]}]},{\"@type\":\"ImageObject\",\"inLanguage\":\"fr-FR\",\"@id\":\"https:\\\/\\\/bulaoutdoor.nl\\\/product\\\/altech-grande-nobles-basis\\\/#primaryimage\",\"url\":\"https:\\\/\\\/bulaoutdoor.nl\\\/wp-content\\\/uploads\\\/2017\\\/07\\\/altech-grand-nobles-basis-1000x1000.jpg\",\"contentUrl\":\"https:\\\/\\\/bulaoutdoor.nl\\\/wp-content\\\/uploads\\\/2017\\\/07\\\/altech-grand-nobles-basis-1000x1000.jpg\",\"width\":1000,\"height\":1000,\"caption\":\"altech-grande-nobles-basis-thumbnail\"},{\"@type\":\"BreadcrumbList\",\"@id\":\"https:\\\/\\\/bulaoutdoor.nl\\\/product\\\/altech-grande-nobles-basis\\\/#breadcrumb\",\"itemListElement\":[{\"@type\":\"ListItem\",\"position\":1,\"name\":\"Home\",\"item\":\"https:\\\/\\\/bulaoutdoor.nl\\\/\"},{\"@type\":\"ListItem\",\"position\":2,\"name\":\"Online BBQ kopen\",\"item\":\"https:\\\/\\\/bulaoutdoor.nl\\\/\"},{\"@type\":\"ListItem\",\"position\":3,\"name\":\"Altech Grande Nobles Basis\"}]},{\"@type\":\"WebSite\",\"@id\":\"https:\\\/\\\/bulaoutdoor.nl\\\/#website\",\"url\":\"https:\\\/\\\/bulaoutdoor.nl\\\/\",\"name\":\"Bula Outdoor\",\"description\":\"Voor uw buitenhaard, BBQ, tuinfakkel en houtoven\",\"publisher\":{\"@id\":\"https:\\\/\\\/bulaoutdoor.nl\\\/#organization\"},\"potentialAction\":[{\"@type\":\"SearchAction\",\"target\":{\"@type\":\"EntryPoint\",\"urlTemplate\":\"https:\\\/\\\/bulaoutdoor.nl\\\/?s={search_term_string}\"},\"query-input\":{\"@type\":\"PropertyValueSpecification\",\"valueRequired\":true,\"valueName\":\"search_term_string\"}}],\"inLanguage\":\"fr-FR\"},{\"@type\":\"Organization\",\"@id\":\"https:\\\/\\\/bulaoutdoor.nl\\\/#organization\",\"name\":\"Bula Outdoor\",\"url\":\"https:\\\/\\\/bulaoutdoor.nl\\\/\",\"logo\":{\"@type\":\"ImageObject\",\"inLanguage\":\"fr-FR\",\"@id\":\"https:\\\/\\\/bulaoutdoor.nl\\\/#\\\/schema\\\/logo\\\/image\\\/\",\"url\":\"https:\\\/\\\/www.bulaoutdoor.nl\\\/wp-content\\\/uploads\\\/2018\\\/04\\\/bulaoutdoor-logo.png\",\"contentUrl\":\"https:\\\/\\\/www.bulaoutdoor.nl\\\/wp-content\\\/uploads\\\/2018\\\/04\\\/bulaoutdoor-logo.png\",\"width\":324,\"height\":91,\"caption\":\"Bula Outdoor\"},\"image\":{\"@id\":\"https:\\\/\\\/bulaoutdoor.nl\\\/#\\\/schema\\\/logo\\\/image\\\/\"}}]}<\/script>\n<!-- \/ Yoast SEO plugin. -->","yoast_head_json":{"title":"Base Altech Grande Nobles - Bula Outdoor","robots":{"index":"index","follow":"follow","max-snippet":"max-snippet:-1","max-image-preview":"max-image-preview:large","max-video-preview":"max-video-preview:-1"},"canonical":"https:\/\/bulaoutdoor.nl\/fr\/produit\/altech-grande-nobles-base\/","og_locale":"fr_FR","og_type":"article","og_title":"Altech Grande Nobles Basis &#8211; Bula Outdoor","og_description":"De Nobl\u00e8s Grande Deze Altech kachel staat zijn mannetje! De Grande is een echte speksteenkachel, een stijlvolle royale houtkachel die blokken van wel een halve meter aan kan. Het mooie van deze speksteen kachel is dat er een rookgas geleider inzit die er voor zorgt dat er nog meer warmte uit een blok hout wordt [&hellip;]","og_url":"https:\/\/bulaoutdoor.nl\/fr\/produit\/altech-grande-nobles-base\/","og_site_name":"Bula Outdoor","article_modified_time":"2026-04-27T04:55:58+00:00","og_image":[{"width":1000,"height":1000,"url":"https:\/\/bulaoutdoor.nl\/wp-content\/uploads\/2017\/07\/altech-grand-nobles-basis-1000x1000.jpg","type":"image\/jpeg"}],"twitter_card":"summary_large_image","twitter_misc":{"Dur\u00e9e de lecture estim\u00e9e":"1 minute"},"schema":{"@context":"https:\/\/schema.org","@graph":[{"@type":"WebPage","@id":"https:\/\/bulaoutdoor.nl\/product\/altech-grande-nobles-basis\/","url":"https:\/\/bulaoutdoor.nl\/product\/altech-grande-nobles-basis\/","name":"Base Altech Grande Nobles - Bula Outdoor","isPartOf":{"@id":"https:\/\/bulaoutdoor.nl\/#website"},"primaryImageOfPage":{"@id":"https:\/\/bulaoutdoor.nl\/product\/altech-grande-nobles-basis\/#primaryimage"},"image":{"@id":"https:\/\/bulaoutdoor.nl\/product\/altech-grande-nobles-basis\/#primaryimage"},"thumbnailUrl":"https:\/\/bulaoutdoor.nl\/wp-content\/uploads\/2017\/07\/altech-grand-nobles-basis-1000x1000.jpg","datePublished":"2017-07-13T13:37:09+00:00","dateModified":"2026-04-27T04:55:58+00:00","breadcrumb":{"@id":"https:\/\/bulaoutdoor.nl\/product\/altech-grande-nobles-basis\/#breadcrumb"},"inLanguage":"fr-FR","potentialAction":[{"@type":"ReadAction","target":["https:\/\/bulaoutdoor.nl\/product\/altech-grande-nobles-basis\/"]}]},{"@type":"ImageObject","inLanguage":"fr-FR","@id":"https:\/\/bulaoutdoor.nl\/product\/altech-grande-nobles-basis\/#primaryimage","url":"https:\/\/bulaoutdoor.nl\/wp-content\/uploads\/2017\/07\/altech-grand-nobles-basis-1000x1000.jpg","contentUrl":"https:\/\/bulaoutdoor.nl\/wp-content\/uploads\/2017\/07\/altech-grand-nobles-basis-1000x1000.jpg","width":1000,"height":1000,"caption":"altech-grande-nobles-basis-thumbnail"},{"@type":"BreadcrumbList","@id":"https:\/\/bulaoutdoor.nl\/product\/altech-grande-nobles-basis\/#breadcrumb","itemListElement":[{"@type":"ListItem","position":1,"name":"Home","item":"https:\/\/bulaoutdoor.nl\/"},{"@type":"ListItem","position":2,"name":"Online BBQ kopen","item":"https:\/\/bulaoutdoor.nl\/"},{"@type":"ListItem","position":3,"name":"Altech Grande Nobles Basis"}]},{"@type":"WebSite","@id":"https:\/\/bulaoutdoor.nl\/#website","url":"https:\/\/bulaoutdoor.nl\/","name":"Bula Outdoor","description":"Pour votre chemin\u00e9e ext\u00e9rieure, votre barbecue, votre torche de jardin et votre four \u00e0 bois","publisher":{"@id":"https:\/\/bulaoutdoor.nl\/#organization"},"potentialAction":[{"@type":"SearchAction","target":{"@type":"EntryPoint","urlTemplate":"https:\/\/bulaoutdoor.nl\/?s={search_term_string}"},"query-input":{"@type":"PropertyValueSpecification","valueRequired":true,"valueName":"search_term_string"}}],"inLanguage":"fr-FR"},{"@type":"Organization","@id":"https:\/\/bulaoutdoor.nl\/#organization","name":"Bula Outdoor","url":"https:\/\/bulaoutdoor.nl\/","logo":{"@type":"ImageObject","inLanguage":"fr-FR","@id":"https:\/\/bulaoutdoor.nl\/#\/schema\/logo\/image\/","url":"https:\/\/www.bulaoutdoor.nl\/wp-content\/uploads\/2018\/04\/bulaoutdoor-logo.png","contentUrl":"https:\/\/www.bulaoutdoor.nl\/wp-content\/uploads\/2018\/04\/bulaoutdoor-logo.png","width":324,"height":91,"caption":"Bula Outdoor"},"image":{"@id":"https:\/\/bulaoutdoor.nl\/#\/schema\/logo\/image\/"}}]}},"jetpack_sharing_enabled":true,"_links":{"self":[{"href":"https:\/\/bulaoutdoor.nl\/fr\/wp-json\/wp\/v2\/product\/15444","targetHints":{"allow":["GET"]}}],"collection":[{"href":"https:\/\/bulaoutdoor.nl\/fr\/wp-json\/wp\/v2\/product"}],"about":[{"href":"https:\/\/bulaoutdoor.nl\/fr\/wp-json\/wp\/v2\/types\/product"}],"replies":[{"embeddable":true,"href":"https:\/\/bulaoutdoor.nl\/fr\/wp-json\/wp\/v2\/comments?post=15444"}],"wp:featuredmedia":[{"embeddable":true,"href":"https:\/\/bulaoutdoor.nl\/fr\/wp-json\/wp\/v2\/media\/15445"}],"wp:attachment":[{"href":"https:\/\/bulaoutdoor.nl\/fr\/wp-json\/wp\/v2\/media?parent=15444"}],"wp:term":[{"taxonomy":"product_brand","embeddable":true,"href":"https:\/\/bulaoutdoor.nl\/fr\/wp-json\/wp\/v2\/product_brand?post=15444"},{"taxonomy":"product_cat","embeddable":true,"href":"https:\/\/bulaoutdoor.nl\/fr\/wp-json\/wp\/v2\/product_cat?post=15444"},{"taxonomy":"product_tag","embeddable":true,"href":"https:\/\/bulaoutdoor.nl\/fr\/wp-json\/wp\/v2\/product_tag?post=15444"}],"curies":[{"name":"wp","href":"https:\/\/api.w.org\/{rel}","templated":true}]}}