{"id":15448,"date":"2017-07-13T13:50:07","date_gmt":"2017-07-13T13:50:07","guid":{"rendered":"https:\/\/www.bulaoutdoor.nl\/product\/altech-grande-nobles-depot\/"},"modified":"2026-04-27T04:55:58","modified_gmt":"2026-04-27T04:55:58","slug":"altech-grande-nobles-depot-3","status":"publish","type":"product","link":"https:\/\/bulaoutdoor.nl\/fr\/product\/altech-grande-nobles-depot\/","title":{"rendered":"Altech Grande Nobles Depot"},"content":{"rendered":"<h2>Le Nobles Grande Depot<\/h2>\n<p>Le pr\u00e9sent <a href=\"https:\/\/www.haveverwarming.nl\/altech\" target=\"_blank\" rel=\"noopener\">Altech<\/a> Le Grande Depot est \u00e9quip\u00e9 d'un compartiment \u00e0 b\u00fbches, mais reste identique aux mod\u00e8les de base. La pierre ollaire <a href=\"https:\/\/www.haveverwarming.nl\/kachels\/hout\" target=\"_blank\" rel=\"noopener\">po\u00eale \u00e0 bois<\/a> tient bon ! Le Grande est un v\u00e9ritable po\u00eale en pierre ollaire et un po\u00eale \u00e0 bois g\u00e9n\u00e9reux et \u00e9l\u00e9gant qui peut accueillir des blocs d'un demi-m\u00e8tre.<\/p>\n<h3>\u00c9l\u00e9gant en une seule couleur<\/h3>\n<p>Ce d\u00e9p\u00f4t Grande est \u00e9galement disponible en couleur unie. Il devient alors un v\u00e9ritable design <a href=\"https:\/\/www.haveverwarming.nl\/kenniscentrum\/wat-is-speksteen\" target=\"_blank\" rel=\"noopener\">pierre ollaire<\/a> po\u00eale. La pierre ollaire a alors la m\u00eame couleur que la pierre utilis\u00e9e et visible. <a href=\"https:\/\/www.haveverwarming.nl\/kenniscentrum\/verschillen-houtkachels\/\" target=\"_blank\" rel=\"noopener\">fonte<\/a>!<\/p>\n<h3>Venez au centre d'exp\u00e9rience de HAV\u00c9 Heating et laissez-vous inspirer.<\/h3>\n<p>Dans notre <a href=\"https:\/\/www.haveverwarming.nl\/experiencecenter\" target=\"_blank\" rel=\"noopener\">Centre d'exp\u00e9rience<\/a> En effet, \u00e0 Lunteren, nous exposons plusieurs mod\u00e8les Altech en pierre ollaire.<\/p>\n<p>T\u00e9l\u00e9chargements de produits<\/p>\n<ul>\n<li><a class=\"download file\" href=\"https:\/\/www.haveverwarming.nl\/amfile\/file\/download\/file\/8728\/product\/59\/\" target=\"_blank\"><span>Brochure Altech 2025<\/span><\/a><\/li>\n<li><a class=\"download file\" href=\"https:\/\/www.haveverwarming.nl\/amfile\/file\/download\/file\/1952\/product\/59\/\" target=\"_blank\"><span>Dessin au trait Grande Nobles<\/span><\/a><\/li>\n<li><a class=\"download file\" href=\"https:\/\/www.haveverwarming.nl\/amfile\/file\/download\/file\/4021\/product\/59\/\" target=\"_blank\"><span>Guide du chauffage<\/span><\/a><\/li>\n<li><a class=\"download file\" href=\"https:\/\/www.haveverwarming.nl\/amfile\/file\/download\/file\/6406\/product\/59\/\" target=\"_blank\"><span>Brochure sur le tir responsable<\/span><\/a><\/li>\n<li><a class=\"download file\" href=\"https:\/\/www.haveverwarming.nl\/amfile\/file\/download\/file\/7071\/product\/59\/\" target=\"_blank\"><span>Etiquette \u00e9nergie Grande Nobles<\/span><\/a><\/li>\n<li><a class=\"download file\" href=\"https:\/\/www.haveverwarming.nl\/amfile\/file\/download\/file\/7561\/product\/59\/\" target=\"_blank\"><span>Manuel Altech Grande Nobles wood<\/span><\/a><\/li>\n<li><a class=\"download file\" href=\"https:\/\/www.haveverwarming.nl\/amfile\/file\/download\/file\/8975\/product\/59\/\" target=\"_blank\"><span>Fiche technique Altech Grande Nobles Depot<\/span><\/a><\/li>\n<li><a class=\"download file\" href=\"https:\/\/www.haveverwarming.nl\/productpdf\/download\/file\/id\/59\/name\/Altech_Grande_Nobles_Depot.pdf\/\" target=\"_blank\"><span>T\u00e9l\u00e9charger la fiche technique<\/span><\/a><\/li>\n<\/ul>","protected":false},"excerpt":{"rendered":"<p>De Nobl\u00e8s Grande Depot Deze Altech Grande Depot is uitgerust met een houtvak maar verder&nbsp;hetzelfde als het basismodel&nbsp;kachels. De speksteen houtkachel staat zijn mannetje! De Grande is een echte speksteenkachel en een stijlvolle royale houtkachel die blokken van wel een halve meter aan kan. Stijlvol in \u00e9\u00e9n kleur Deze Grande depot is ook in uni [&hellip;]<\/p>\n","protected":false},"featured_media":15449,"comment_status":"open","ping_status":"closed","template":"","meta":{"_acf_changed":false},"product_brand":[],"product_cat":[1092],"product_tag":[],"class_list":{"0":"post-15448","1":"product","2":"type-product","3":"status-publish","4":"has-post-thumbnail","6":"product_cat-vrijstaande-houtkachels","8":"first","9":"instock","10":"taxable","11":"shipping-taxable","12":"purchasable","13":"product-type-simple"},"acf":[],"yoast_head":"<!-- This site is optimized with the Yoast SEO plugin v27.5 - https:\/\/yoast.com\/product\/yoast-seo-wordpress\/ -->\n<title>Altech Grande Nobles Depot &#8211; Bula Outdoor<\/title>\n<meta name=\"robots\" content=\"index, follow, max-snippet:-1, max-image-preview:large, max-video-preview:-1\" \/>\n<link rel=\"canonical\" href=\"https:\/\/bulaoutdoor.nl\/fr\/produit\/altech-grande-nobles-depot-3\/\" \/>\n<meta property=\"og:locale\" content=\"fr_FR\" \/>\n<meta property=\"og:type\" content=\"article\" \/>\n<meta property=\"og:title\" content=\"Altech Grande Nobles Depot &#8211; Bula Outdoor\" \/>\n<meta property=\"og:description\" content=\"De Nobl\u00e8s Grande Depot Deze Altech Grande Depot is uitgerust met een houtvak maar verder&nbsp;hetzelfde als het basismodel&nbsp;kachels. De speksteen houtkachel staat zijn mannetje! De Grande is een echte speksteenkachel en een stijlvolle royale houtkachel die blokken van wel een halve meter aan kan. Stijlvol in \u00e9\u00e9n kleur Deze Grande depot is ook in uni [&hellip;]\" \/>\n<meta property=\"og:url\" content=\"https:\/\/bulaoutdoor.nl\/fr\/produit\/altech-grande-nobles-depot-3\/\" \/>\n<meta property=\"og:site_name\" content=\"Bula Outdoor\" \/>\n<meta property=\"article:modified_time\" content=\"2026-04-27T04:55:58+00:00\" \/>\n<meta property=\"og:image\" content=\"https:\/\/bulaoutdoor.nl\/wp-content\/uploads\/2017\/07\/altech-grand-nobles-depot-1000x1000.jpg\" \/>\n\t<meta property=\"og:image:width\" content=\"1000\" \/>\n\t<meta property=\"og:image:height\" content=\"1000\" \/>\n\t<meta property=\"og:image:type\" content=\"image\/jpeg\" \/>\n<meta name=\"twitter:card\" content=\"summary_large_image\" \/>\n<meta name=\"twitter:label1\" content=\"Dur\u00e9e de lecture estim\u00e9e\" \/>\n\t<meta name=\"twitter:data1\" content=\"1 minute\" \/>\n<script type=\"application\/ld+json\" class=\"yoast-schema-graph\">{\"@context\":\"https:\\\/\\\/schema.org\",\"@graph\":[{\"@type\":\"WebPage\",\"@id\":\"https:\\\/\\\/bulaoutdoor.nl\\\/product\\\/altech-grande-nobles-depot\\\/\",\"url\":\"https:\\\/\\\/bulaoutdoor.nl\\\/product\\\/altech-grande-nobles-depot\\\/\",\"name\":\"Altech Grande Nobles Depot &#8211; Bula Outdoor\",\"isPartOf\":{\"@id\":\"https:\\\/\\\/bulaoutdoor.nl\\\/#website\"},\"primaryImageOfPage\":{\"@id\":\"https:\\\/\\\/bulaoutdoor.nl\\\/product\\\/altech-grande-nobles-depot\\\/#primaryimage\"},\"image\":{\"@id\":\"https:\\\/\\\/bulaoutdoor.nl\\\/product\\\/altech-grande-nobles-depot\\\/#primaryimage\"},\"thumbnailUrl\":\"https:\\\/\\\/bulaoutdoor.nl\\\/wp-content\\\/uploads\\\/2017\\\/07\\\/altech-grand-nobles-depot-1000x1000.jpg\",\"datePublished\":\"2017-07-13T13:50:07+00:00\",\"dateModified\":\"2026-04-27T04:55:58+00:00\",\"breadcrumb\":{\"@id\":\"https:\\\/\\\/bulaoutdoor.nl\\\/product\\\/altech-grande-nobles-depot\\\/#breadcrumb\"},\"inLanguage\":\"fr-FR\",\"potentialAction\":[{\"@type\":\"ReadAction\",\"target\":[\"https:\\\/\\\/bulaoutdoor.nl\\\/product\\\/altech-grande-nobles-depot\\\/\"]}]},{\"@type\":\"ImageObject\",\"inLanguage\":\"fr-FR\",\"@id\":\"https:\\\/\\\/bulaoutdoor.nl\\\/product\\\/altech-grande-nobles-depot\\\/#primaryimage\",\"url\":\"https:\\\/\\\/bulaoutdoor.nl\\\/wp-content\\\/uploads\\\/2017\\\/07\\\/altech-grand-nobles-depot-1000x1000.jpg\",\"contentUrl\":\"https:\\\/\\\/bulaoutdoor.nl\\\/wp-content\\\/uploads\\\/2017\\\/07\\\/altech-grand-nobles-depot-1000x1000.jpg\",\"width\":1000,\"height\":1000,\"caption\":\"altech-grande-nobles-depot-thumbnail\"},{\"@type\":\"BreadcrumbList\",\"@id\":\"https:\\\/\\\/bulaoutdoor.nl\\\/product\\\/altech-grande-nobles-depot\\\/#breadcrumb\",\"itemListElement\":[{\"@type\":\"ListItem\",\"position\":1,\"name\":\"Home\",\"item\":\"https:\\\/\\\/bulaoutdoor.nl\\\/\"},{\"@type\":\"ListItem\",\"position\":2,\"name\":\"Online BBQ kopen\",\"item\":\"https:\\\/\\\/bulaoutdoor.nl\\\/\"},{\"@type\":\"ListItem\",\"position\":3,\"name\":\"Altech Grande Nobles Depot\"}]},{\"@type\":\"WebSite\",\"@id\":\"https:\\\/\\\/bulaoutdoor.nl\\\/#website\",\"url\":\"https:\\\/\\\/bulaoutdoor.nl\\\/\",\"name\":\"Bula Outdoor\",\"description\":\"Voor uw buitenhaard, BBQ, tuinfakkel en houtoven\",\"publisher\":{\"@id\":\"https:\\\/\\\/bulaoutdoor.nl\\\/#organization\"},\"potentialAction\":[{\"@type\":\"SearchAction\",\"target\":{\"@type\":\"EntryPoint\",\"urlTemplate\":\"https:\\\/\\\/bulaoutdoor.nl\\\/?s={search_term_string}\"},\"query-input\":{\"@type\":\"PropertyValueSpecification\",\"valueRequired\":true,\"valueName\":\"search_term_string\"}}],\"inLanguage\":\"fr-FR\"},{\"@type\":\"Organization\",\"@id\":\"https:\\\/\\\/bulaoutdoor.nl\\\/#organization\",\"name\":\"Bula Outdoor\",\"url\":\"https:\\\/\\\/bulaoutdoor.nl\\\/\",\"logo\":{\"@type\":\"ImageObject\",\"inLanguage\":\"fr-FR\",\"@id\":\"https:\\\/\\\/bulaoutdoor.nl\\\/#\\\/schema\\\/logo\\\/image\\\/\",\"url\":\"https:\\\/\\\/www.bulaoutdoor.nl\\\/wp-content\\\/uploads\\\/2018\\\/04\\\/bulaoutdoor-logo.png\",\"contentUrl\":\"https:\\\/\\\/www.bulaoutdoor.nl\\\/wp-content\\\/uploads\\\/2018\\\/04\\\/bulaoutdoor-logo.png\",\"width\":324,\"height\":91,\"caption\":\"Bula Outdoor\"},\"image\":{\"@id\":\"https:\\\/\\\/bulaoutdoor.nl\\\/#\\\/schema\\\/logo\\\/image\\\/\"}}]}<\/script>\n<!-- \/ Yoast SEO plugin. -->","yoast_head_json":{"title":"Altech Grande Nobles Depot - Bula Outdoor","robots":{"index":"index","follow":"follow","max-snippet":"max-snippet:-1","max-image-preview":"max-image-preview:large","max-video-preview":"max-video-preview:-1"},"canonical":"https:\/\/bulaoutdoor.nl\/fr\/produit\/altech-grande-nobles-depot-3\/","og_locale":"fr_FR","og_type":"article","og_title":"Altech Grande Nobles Depot &#8211; Bula Outdoor","og_description":"De Nobl\u00e8s Grande Depot Deze Altech Grande Depot is uitgerust met een houtvak maar verder&nbsp;hetzelfde als het basismodel&nbsp;kachels. De speksteen houtkachel staat zijn mannetje! De Grande is een echte speksteenkachel en een stijlvolle royale houtkachel die blokken van wel een halve meter aan kan. Stijlvol in \u00e9\u00e9n kleur Deze Grande depot is ook in uni [&hellip;]","og_url":"https:\/\/bulaoutdoor.nl\/fr\/produit\/altech-grande-nobles-depot-3\/","og_site_name":"Bula Outdoor","article_modified_time":"2026-04-27T04:55:58+00:00","og_image":[{"width":1000,"height":1000,"url":"https:\/\/bulaoutdoor.nl\/wp-content\/uploads\/2017\/07\/altech-grand-nobles-depot-1000x1000.jpg","type":"image\/jpeg"}],"twitter_card":"summary_large_image","twitter_misc":{"Dur\u00e9e de lecture estim\u00e9e":"1 minute"},"schema":{"@context":"https:\/\/schema.org","@graph":[{"@type":"WebPage","@id":"https:\/\/bulaoutdoor.nl\/product\/altech-grande-nobles-depot\/","url":"https:\/\/bulaoutdoor.nl\/product\/altech-grande-nobles-depot\/","name":"Altech Grande Nobles Depot - Bula Outdoor","isPartOf":{"@id":"https:\/\/bulaoutdoor.nl\/#website"},"primaryImageOfPage":{"@id":"https:\/\/bulaoutdoor.nl\/product\/altech-grande-nobles-depot\/#primaryimage"},"image":{"@id":"https:\/\/bulaoutdoor.nl\/product\/altech-grande-nobles-depot\/#primaryimage"},"thumbnailUrl":"https:\/\/bulaoutdoor.nl\/wp-content\/uploads\/2017\/07\/altech-grand-nobles-depot-1000x1000.jpg","datePublished":"2017-07-13T13:50:07+00:00","dateModified":"2026-04-27T04:55:58+00:00","breadcrumb":{"@id":"https:\/\/bulaoutdoor.nl\/product\/altech-grande-nobles-depot\/#breadcrumb"},"inLanguage":"fr-FR","potentialAction":[{"@type":"ReadAction","target":["https:\/\/bulaoutdoor.nl\/product\/altech-grande-nobles-depot\/"]}]},{"@type":"ImageObject","inLanguage":"fr-FR","@id":"https:\/\/bulaoutdoor.nl\/product\/altech-grande-nobles-depot\/#primaryimage","url":"https:\/\/bulaoutdoor.nl\/wp-content\/uploads\/2017\/07\/altech-grand-nobles-depot-1000x1000.jpg","contentUrl":"https:\/\/bulaoutdoor.nl\/wp-content\/uploads\/2017\/07\/altech-grand-nobles-depot-1000x1000.jpg","width":1000,"height":1000,"caption":"altech-grande-nobles-depot-thumbnail"},{"@type":"BreadcrumbList","@id":"https:\/\/bulaoutdoor.nl\/product\/altech-grande-nobles-depot\/#breadcrumb","itemListElement":[{"@type":"ListItem","position":1,"name":"Home","item":"https:\/\/bulaoutdoor.nl\/"},{"@type":"ListItem","position":2,"name":"Online BBQ kopen","item":"https:\/\/bulaoutdoor.nl\/"},{"@type":"ListItem","position":3,"name":"Altech Grande Nobles Depot"}]},{"@type":"WebSite","@id":"https:\/\/bulaoutdoor.nl\/#website","url":"https:\/\/bulaoutdoor.nl\/","name":"Bula Outdoor","description":"Pour votre chemin\u00e9e ext\u00e9rieure, votre barbecue, votre torche de jardin et votre four \u00e0 bois","publisher":{"@id":"https:\/\/bulaoutdoor.nl\/#organization"},"potentialAction":[{"@type":"SearchAction","target":{"@type":"EntryPoint","urlTemplate":"https:\/\/bulaoutdoor.nl\/?s={search_term_string}"},"query-input":{"@type":"PropertyValueSpecification","valueRequired":true,"valueName":"search_term_string"}}],"inLanguage":"fr-FR"},{"@type":"Organization","@id":"https:\/\/bulaoutdoor.nl\/#organization","name":"Bula Outdoor","url":"https:\/\/bulaoutdoor.nl\/","logo":{"@type":"ImageObject","inLanguage":"fr-FR","@id":"https:\/\/bulaoutdoor.nl\/#\/schema\/logo\/image\/","url":"https:\/\/www.bulaoutdoor.nl\/wp-content\/uploads\/2018\/04\/bulaoutdoor-logo.png","contentUrl":"https:\/\/www.bulaoutdoor.nl\/wp-content\/uploads\/2018\/04\/bulaoutdoor-logo.png","width":324,"height":91,"caption":"Bula Outdoor"},"image":{"@id":"https:\/\/bulaoutdoor.nl\/#\/schema\/logo\/image\/"}}]}},"jetpack_sharing_enabled":true,"_links":{"self":[{"href":"https:\/\/bulaoutdoor.nl\/fr\/wp-json\/wp\/v2\/product\/15448","targetHints":{"allow":["GET"]}}],"collection":[{"href":"https:\/\/bulaoutdoor.nl\/fr\/wp-json\/wp\/v2\/product"}],"about":[{"href":"https:\/\/bulaoutdoor.nl\/fr\/wp-json\/wp\/v2\/types\/product"}],"replies":[{"embeddable":true,"href":"https:\/\/bulaoutdoor.nl\/fr\/wp-json\/wp\/v2\/comments?post=15448"}],"wp:featuredmedia":[{"embeddable":true,"href":"https:\/\/bulaoutdoor.nl\/fr\/wp-json\/wp\/v2\/media\/15449"}],"wp:attachment":[{"href":"https:\/\/bulaoutdoor.nl\/fr\/wp-json\/wp\/v2\/media?parent=15448"}],"wp:term":[{"taxonomy":"product_brand","embeddable":true,"href":"https:\/\/bulaoutdoor.nl\/fr\/wp-json\/wp\/v2\/product_brand?post=15448"},{"taxonomy":"product_cat","embeddable":true,"href":"https:\/\/bulaoutdoor.nl\/fr\/wp-json\/wp\/v2\/product_cat?post=15448"},{"taxonomy":"product_tag","embeddable":true,"href":"https:\/\/bulaoutdoor.nl\/fr\/wp-json\/wp\/v2\/product_tag?post=15448"}],"curies":[{"name":"wp","href":"https:\/\/api.w.org\/{rel}","templated":true}]}}