{"id":15452,"date":"2017-07-13T14:00:59","date_gmt":"2017-07-13T14:00:59","guid":{"rendered":"https:\/\/www.bulaoutdoor.nl\/product\/altech-torus-basis\/"},"modified":"2026-04-27T04:55:59","modified_gmt":"2026-04-27T04:55:59","slug":"base-altech-torus","status":"publish","type":"product","link":"https:\/\/bulaoutdoor.nl\/fr\/product\/altech-torus-basis\/","title":{"rendered":"Altech Torus Basic"},"content":{"rendered":"<h2>Torus moderne<\/h2>\n<p>Les <a href=\"https:\/\/www.haveverwarming.nl\/altech\" target=\"_blank\" rel=\"noopener\">Altech<\/a> Torus est le po\u00eale en pierre ollaire le plus simple de la gamme Altech. A <a href=\"https:\/\/www.haveverwarming.nl\/kachels\/hout\" target=\"_blank\" rel=\"noopener\">po\u00eale \u00e0 bois<\/a>Le Torus est un appareil polyvalent gr\u00e2ce \u00e0 son fonctionnement facile \u00e0 l'aide d'un seul bouton. Avec ses lignes dures et sa fa\u00e7ade arrondie, le Torus attire tous les regards dans un int\u00e9rieur moderne. Disponible en plusieurs mod\u00e8les et couleurs, il y a un Torus pour chaque maison.&nbsp;<\/p>\n<h3>Pierre ollaire 4<\/h3>\n<p>Les po\u00eales Altech sont principalement constitu\u00e9s de <a href=\"https:\/\/www.haveverwarming.nl\/kenniscentrum\/wat-is-speksteen\" target=\"_blank\" rel=\"noopener\">pierre ollaire<\/a>La pierre ollaire est un mat\u00e9riau dont les propri\u00e9t\u00e9s uniques en font un mat\u00e9riau id\u00e9al pour la cuisson. La pierre ollaire a la capacit\u00e9 naturelle d'emmagasiner la chaleur plus de deux fois plus efficacement et de la conduire plus de dix fois mieux que la brique r\u00e9fractaire. La chaleur emmagasin\u00e9e est ensuite progressivement lib\u00e9r\u00e9e. Cette chaleur infrarouge est une chaleur merveilleusement douce qui ressemble \u00e0 une couverture chaude. La pierre ollaire d\u00e9gage de la chaleur jusqu'\u00e0 12 heures apr\u00e8s l'extinction du feu dans le po\u00eale. En outre, votre po\u00eale Altech chauffe \u00e9galement vos murs, plafonds et sols gr\u00e2ce \u00e0 cette chaleur rayonnante. Contrairement aux po\u00eales en t\u00f4le d'acier, qui \u00e9mettent une chaleur \u00e9norme pendant une courte p\u00e9riode et se refroidissent rapidement.&nbsp;<\/p>\n<h3>Venez au centre d'exp\u00e9rience de HAV\u00c9 Heating et laissez-vous inspirer.<\/h3>\n<p>Dans notre <a href=\"https:\/\/www.haveverwarming.nl\/experiencecenter\" target=\"_blank\" rel=\"noopener\">Centre d'exp\u00e9rience<\/a> \u00e0 Lunteren, nous exposons plusieurs mod\u00e8les Altech en pierre ollaire.<\/p>\n<p>T\u00e9l\u00e9chargements de produits<\/p>\n<ul>\n<li><a class=\"download file\" href=\"https:\/\/www.haveverwarming.nl\/amfile\/file\/download\/file\/8728\/product\/60\/\" target=\"_blank\"><span>Brochure Altech 2025<\/span><\/a><\/li>\n<li><a class=\"download file\" href=\"https:\/\/www.haveverwarming.nl\/amfile\/file\/download\/file\/334\/product\/60\/\" target=\"_blank\"><span>Dessin au trait Altech Torus Basis<\/span><\/a><\/li>\n<li><a class=\"download file\" href=\"https:\/\/www.haveverwarming.nl\/amfile\/file\/download\/file\/6416\/product\/60\/\" target=\"_blank\"><span>Brochure sur le tir responsable<\/span><\/a><\/li>\n<li><a class=\"download file\" href=\"https:\/\/www.haveverwarming.nl\/amfile\/file\/download\/file\/7104\/product\/60\/\" target=\"_blank\"><span>\u00c9tiquette \u00e9nerg\u00e9tique Torus<\/span><\/a><\/li>\n<li><a class=\"download file\" href=\"https:\/\/www.haveverwarming.nl\/amfile\/file\/download\/file\/7107\/product\/60\/\" target=\"_blank\"><span>Altech Torus base with legs Fiche technique<\/span><\/a><\/li>\n<li><a class=\"download file\" href=\"https:\/\/www.haveverwarming.nl\/amfile\/file\/download\/file\/7579\/product\/60\/\" target=\"_blank\"><span>Manuel Altech Torus wood<\/span><\/a><\/li>\n<li><a class=\"download file\" href=\"https:\/\/www.haveverwarming.nl\/productpdf\/download\/file\/id\/60\/name\/Altech_Torus_Basis.pdf\/\" target=\"_blank\"><span>T\u00e9l\u00e9charger la fiche technique<\/span><\/a><\/li>\n<\/ul>","protected":false},"excerpt":{"rendered":"<p>Moderne Torus De Altech Torus is de meest recht toe, recht aan speksteenkachel in het Altech assortiment. Een houtkachel, een allemansvriend door de makkelijke eenknopsbediening. Met zijn harde lijnen en afgeronde front is de Torus een echte blikvanger in een modern interieur. Verkrijgbaar in meerdere uitvoeringen en kleuren, zo is er voor elke woning een [&hellip;]<\/p>\n","protected":false},"featured_media":15453,"comment_status":"open","ping_status":"closed","template":"","meta":{"_acf_changed":false},"product_brand":[],"product_cat":[1092],"product_tag":[],"class_list":{"0":"post-15452","1":"product","2":"type-product","3":"status-publish","4":"has-post-thumbnail","6":"product_cat-vrijstaande-houtkachels","8":"first","9":"instock","10":"taxable","11":"shipping-taxable","12":"purchasable","13":"product-type-simple"},"acf":[],"yoast_head":"<!-- This site is optimized with the Yoast SEO plugin v27.5 - https:\/\/yoast.com\/product\/yoast-seo-wordpress\/ -->\n<title>Altech Torus Basis &#8211; Bula Outdoor<\/title>\n<meta name=\"robots\" content=\"index, follow, max-snippet:-1, max-image-preview:large, max-video-preview:-1\" \/>\n<link rel=\"canonical\" href=\"https:\/\/bulaoutdoor.nl\/fr\/produit\/base-altech-torus\/\" \/>\n<meta property=\"og:locale\" content=\"fr_FR\" \/>\n<meta property=\"og:type\" content=\"article\" \/>\n<meta property=\"og:title\" content=\"Altech Torus Basis &#8211; Bula Outdoor\" \/>\n<meta property=\"og:description\" content=\"Moderne Torus De Altech Torus is de meest recht toe, recht aan speksteenkachel in het Altech assortiment. Een houtkachel, een allemansvriend door de makkelijke eenknopsbediening. Met zijn harde lijnen en afgeronde front is de Torus een echte blikvanger in een modern interieur. Verkrijgbaar in meerdere uitvoeringen en kleuren, zo is er voor elke woning een [&hellip;]\" \/>\n<meta property=\"og:url\" content=\"https:\/\/bulaoutdoor.nl\/fr\/produit\/base-altech-torus\/\" \/>\n<meta property=\"og:site_name\" content=\"Bula Outdoor\" \/>\n<meta property=\"article:modified_time\" content=\"2026-04-27T04:55:59+00:00\" \/>\n<meta property=\"og:image\" content=\"https:\/\/bulaoutdoor.nl\/wp-content\/uploads\/2017\/07\/altech-torus-basis-pootjes-1000x1000.jpg\" \/>\n\t<meta property=\"og:image:width\" content=\"1000\" \/>\n\t<meta property=\"og:image:height\" content=\"1000\" \/>\n\t<meta property=\"og:image:type\" content=\"image\/jpeg\" \/>\n<meta name=\"twitter:card\" content=\"summary_large_image\" \/>\n<meta name=\"twitter:label1\" content=\"Dur\u00e9e de lecture estim\u00e9e\" \/>\n\t<meta name=\"twitter:data1\" content=\"2 minutes\" \/>\n<script type=\"application\/ld+json\" class=\"yoast-schema-graph\">{\"@context\":\"https:\\\/\\\/schema.org\",\"@graph\":[{\"@type\":\"WebPage\",\"@id\":\"https:\\\/\\\/bulaoutdoor.nl\\\/product\\\/altech-torus-basis\\\/\",\"url\":\"https:\\\/\\\/bulaoutdoor.nl\\\/product\\\/altech-torus-basis\\\/\",\"name\":\"Altech Torus Basis &#8211; Bula Outdoor\",\"isPartOf\":{\"@id\":\"https:\\\/\\\/bulaoutdoor.nl\\\/#website\"},\"primaryImageOfPage\":{\"@id\":\"https:\\\/\\\/bulaoutdoor.nl\\\/product\\\/altech-torus-basis\\\/#primaryimage\"},\"image\":{\"@id\":\"https:\\\/\\\/bulaoutdoor.nl\\\/product\\\/altech-torus-basis\\\/#primaryimage\"},\"thumbnailUrl\":\"https:\\\/\\\/bulaoutdoor.nl\\\/wp-content\\\/uploads\\\/2017\\\/07\\\/altech-torus-basis-pootjes-1000x1000.jpg\",\"datePublished\":\"2017-07-13T14:00:59+00:00\",\"dateModified\":\"2026-04-27T04:55:59+00:00\",\"breadcrumb\":{\"@id\":\"https:\\\/\\\/bulaoutdoor.nl\\\/product\\\/altech-torus-basis\\\/#breadcrumb\"},\"inLanguage\":\"fr-FR\",\"potentialAction\":[{\"@type\":\"ReadAction\",\"target\":[\"https:\\\/\\\/bulaoutdoor.nl\\\/product\\\/altech-torus-basis\\\/\"]}]},{\"@type\":\"ImageObject\",\"inLanguage\":\"fr-FR\",\"@id\":\"https:\\\/\\\/bulaoutdoor.nl\\\/product\\\/altech-torus-basis\\\/#primaryimage\",\"url\":\"https:\\\/\\\/bulaoutdoor.nl\\\/wp-content\\\/uploads\\\/2017\\\/07\\\/altech-torus-basis-pootjes-1000x1000.jpg\",\"contentUrl\":\"https:\\\/\\\/bulaoutdoor.nl\\\/wp-content\\\/uploads\\\/2017\\\/07\\\/altech-torus-basis-pootjes-1000x1000.jpg\",\"width\":1000,\"height\":1000,\"caption\":\"altech-torus-basis-thumbnail\"},{\"@type\":\"BreadcrumbList\",\"@id\":\"https:\\\/\\\/bulaoutdoor.nl\\\/product\\\/altech-torus-basis\\\/#breadcrumb\",\"itemListElement\":[{\"@type\":\"ListItem\",\"position\":1,\"name\":\"Home\",\"item\":\"https:\\\/\\\/bulaoutdoor.nl\\\/\"},{\"@type\":\"ListItem\",\"position\":2,\"name\":\"Online BBQ kopen\",\"item\":\"https:\\\/\\\/bulaoutdoor.nl\\\/\"},{\"@type\":\"ListItem\",\"position\":3,\"name\":\"Altech Torus Basis\"}]},{\"@type\":\"WebSite\",\"@id\":\"https:\\\/\\\/bulaoutdoor.nl\\\/#website\",\"url\":\"https:\\\/\\\/bulaoutdoor.nl\\\/\",\"name\":\"Bula Outdoor\",\"description\":\"Voor uw buitenhaard, BBQ, tuinfakkel en houtoven\",\"publisher\":{\"@id\":\"https:\\\/\\\/bulaoutdoor.nl\\\/#organization\"},\"potentialAction\":[{\"@type\":\"SearchAction\",\"target\":{\"@type\":\"EntryPoint\",\"urlTemplate\":\"https:\\\/\\\/bulaoutdoor.nl\\\/?s={search_term_string}\"},\"query-input\":{\"@type\":\"PropertyValueSpecification\",\"valueRequired\":true,\"valueName\":\"search_term_string\"}}],\"inLanguage\":\"fr-FR\"},{\"@type\":\"Organization\",\"@id\":\"https:\\\/\\\/bulaoutdoor.nl\\\/#organization\",\"name\":\"Bula Outdoor\",\"url\":\"https:\\\/\\\/bulaoutdoor.nl\\\/\",\"logo\":{\"@type\":\"ImageObject\",\"inLanguage\":\"fr-FR\",\"@id\":\"https:\\\/\\\/bulaoutdoor.nl\\\/#\\\/schema\\\/logo\\\/image\\\/\",\"url\":\"https:\\\/\\\/www.bulaoutdoor.nl\\\/wp-content\\\/uploads\\\/2018\\\/04\\\/bulaoutdoor-logo.png\",\"contentUrl\":\"https:\\\/\\\/www.bulaoutdoor.nl\\\/wp-content\\\/uploads\\\/2018\\\/04\\\/bulaoutdoor-logo.png\",\"width\":324,\"height\":91,\"caption\":\"Bula Outdoor\"},\"image\":{\"@id\":\"https:\\\/\\\/bulaoutdoor.nl\\\/#\\\/schema\\\/logo\\\/image\\\/\"}}]}<\/script>\n<!-- \/ Yoast SEO plugin. -->","yoast_head_json":{"title":"Altech Torus Basis - Bula Outdoor","robots":{"index":"index","follow":"follow","max-snippet":"max-snippet:-1","max-image-preview":"max-image-preview:large","max-video-preview":"max-video-preview:-1"},"canonical":"https:\/\/bulaoutdoor.nl\/fr\/produit\/base-altech-torus\/","og_locale":"fr_FR","og_type":"article","og_title":"Altech Torus Basis &#8211; Bula Outdoor","og_description":"Moderne Torus De Altech Torus is de meest recht toe, recht aan speksteenkachel in het Altech assortiment. Een houtkachel, een allemansvriend door de makkelijke eenknopsbediening. Met zijn harde lijnen en afgeronde front is de Torus een echte blikvanger in een modern interieur. Verkrijgbaar in meerdere uitvoeringen en kleuren, zo is er voor elke woning een [&hellip;]","og_url":"https:\/\/bulaoutdoor.nl\/fr\/produit\/base-altech-torus\/","og_site_name":"Bula Outdoor","article_modified_time":"2026-04-27T04:55:59+00:00","og_image":[{"width":1000,"height":1000,"url":"https:\/\/bulaoutdoor.nl\/wp-content\/uploads\/2017\/07\/altech-torus-basis-pootjes-1000x1000.jpg","type":"image\/jpeg"}],"twitter_card":"summary_large_image","twitter_misc":{"Dur\u00e9e de lecture estim\u00e9e":"2 minutes"},"schema":{"@context":"https:\/\/schema.org","@graph":[{"@type":"WebPage","@id":"https:\/\/bulaoutdoor.nl\/product\/altech-torus-basis\/","url":"https:\/\/bulaoutdoor.nl\/product\/altech-torus-basis\/","name":"Altech Torus Basis - Bula Outdoor","isPartOf":{"@id":"https:\/\/bulaoutdoor.nl\/#website"},"primaryImageOfPage":{"@id":"https:\/\/bulaoutdoor.nl\/product\/altech-torus-basis\/#primaryimage"},"image":{"@id":"https:\/\/bulaoutdoor.nl\/product\/altech-torus-basis\/#primaryimage"},"thumbnailUrl":"https:\/\/bulaoutdoor.nl\/wp-content\/uploads\/2017\/07\/altech-torus-basis-pootjes-1000x1000.jpg","datePublished":"2017-07-13T14:00:59+00:00","dateModified":"2026-04-27T04:55:59+00:00","breadcrumb":{"@id":"https:\/\/bulaoutdoor.nl\/product\/altech-torus-basis\/#breadcrumb"},"inLanguage":"fr-FR","potentialAction":[{"@type":"ReadAction","target":["https:\/\/bulaoutdoor.nl\/product\/altech-torus-basis\/"]}]},{"@type":"ImageObject","inLanguage":"fr-FR","@id":"https:\/\/bulaoutdoor.nl\/product\/altech-torus-basis\/#primaryimage","url":"https:\/\/bulaoutdoor.nl\/wp-content\/uploads\/2017\/07\/altech-torus-basis-pootjes-1000x1000.jpg","contentUrl":"https:\/\/bulaoutdoor.nl\/wp-content\/uploads\/2017\/07\/altech-torus-basis-pootjes-1000x1000.jpg","width":1000,"height":1000,"caption":"altech-torus-basis-thumbnail"},{"@type":"BreadcrumbList","@id":"https:\/\/bulaoutdoor.nl\/product\/altech-torus-basis\/#breadcrumb","itemListElement":[{"@type":"ListItem","position":1,"name":"Home","item":"https:\/\/bulaoutdoor.nl\/"},{"@type":"ListItem","position":2,"name":"Online BBQ kopen","item":"https:\/\/bulaoutdoor.nl\/"},{"@type":"ListItem","position":3,"name":"Altech Torus Basis"}]},{"@type":"WebSite","@id":"https:\/\/bulaoutdoor.nl\/#website","url":"https:\/\/bulaoutdoor.nl\/","name":"Bula Outdoor","description":"Pour votre chemin\u00e9e ext\u00e9rieure, votre barbecue, votre torche de jardin et votre four \u00e0 bois","publisher":{"@id":"https:\/\/bulaoutdoor.nl\/#organization"},"potentialAction":[{"@type":"SearchAction","target":{"@type":"EntryPoint","urlTemplate":"https:\/\/bulaoutdoor.nl\/?s={search_term_string}"},"query-input":{"@type":"PropertyValueSpecification","valueRequired":true,"valueName":"search_term_string"}}],"inLanguage":"fr-FR"},{"@type":"Organization","@id":"https:\/\/bulaoutdoor.nl\/#organization","name":"Bula Outdoor","url":"https:\/\/bulaoutdoor.nl\/","logo":{"@type":"ImageObject","inLanguage":"fr-FR","@id":"https:\/\/bulaoutdoor.nl\/#\/schema\/logo\/image\/","url":"https:\/\/www.bulaoutdoor.nl\/wp-content\/uploads\/2018\/04\/bulaoutdoor-logo.png","contentUrl":"https:\/\/www.bulaoutdoor.nl\/wp-content\/uploads\/2018\/04\/bulaoutdoor-logo.png","width":324,"height":91,"caption":"Bula Outdoor"},"image":{"@id":"https:\/\/bulaoutdoor.nl\/#\/schema\/logo\/image\/"}}]}},"jetpack_sharing_enabled":true,"_links":{"self":[{"href":"https:\/\/bulaoutdoor.nl\/fr\/wp-json\/wp\/v2\/product\/15452","targetHints":{"allow":["GET"]}}],"collection":[{"href":"https:\/\/bulaoutdoor.nl\/fr\/wp-json\/wp\/v2\/product"}],"about":[{"href":"https:\/\/bulaoutdoor.nl\/fr\/wp-json\/wp\/v2\/types\/product"}],"replies":[{"embeddable":true,"href":"https:\/\/bulaoutdoor.nl\/fr\/wp-json\/wp\/v2\/comments?post=15452"}],"wp:featuredmedia":[{"embeddable":true,"href":"https:\/\/bulaoutdoor.nl\/fr\/wp-json\/wp\/v2\/media\/15453"}],"wp:attachment":[{"href":"https:\/\/bulaoutdoor.nl\/fr\/wp-json\/wp\/v2\/media?parent=15452"}],"wp:term":[{"taxonomy":"product_brand","embeddable":true,"href":"https:\/\/bulaoutdoor.nl\/fr\/wp-json\/wp\/v2\/product_brand?post=15452"},{"taxonomy":"product_cat","embeddable":true,"href":"https:\/\/bulaoutdoor.nl\/fr\/wp-json\/wp\/v2\/product_cat?post=15452"},{"taxonomy":"product_tag","embeddable":true,"href":"https:\/\/bulaoutdoor.nl\/fr\/wp-json\/wp\/v2\/product_tag?post=15452"}],"curies":[{"name":"wp","href":"https:\/\/api.w.org\/{rel}","templated":true}]}}