{"id":15464,"date":"2017-07-13T14:44:03","date_gmt":"2017-07-13T14:44:03","guid":{"rendered":"https:\/\/www.bulaoutdoor.nl\/product\/altech-torus-depot\/"},"modified":"2026-04-27T04:56:05","modified_gmt":"2026-04-27T04:56:05","slug":"altech-torus-depot","status":"publish","type":"product","link":"https:\/\/bulaoutdoor.nl\/fr\/product\/altech-torus-depot\/","title":{"rendered":"Altech Torus Depot"},"content":{"rendered":"<h2>Torus moderne avec compartiment \u00e0 b\u00fbches<\/h2>\n<p>L'Altech Torus est le plus simple. <a href=\"https:\/\/www.haveverwarming.nl\/kenniscentrum\/wat-is-speksteen\" target=\"_blank\" rel=\"noopener\">po\u00eale en pierre ollaire<\/a> dans le <a href=\"https:\/\/www.haveverwarming.nl\/altech\" target=\"_blank\" rel=\"noopener\">Altech<\/a> gamme. Cette version est \u00e9quip\u00e9e d'un compartiment \u00e0 bois tr\u00e8s pratique. Cette version est \u00e9quip\u00e9e d'un compartiment \u00e0 bois pratique. <a href=\"https:\/\/www.haveverwarming.nl\/kachels\/hout\" target=\"_blank\" rel=\"noopener\">po\u00eale \u00e0 bois<\/a> est un outil polyvalent gr\u00e2ce \u00e0 son fonctionnement facile \u00e0 l'aide d'un seul bouton.<\/p>\n<h3>Couleur et porte Uni \u00e0 Depot<\/h3>\n<p>Le d\u00e9p\u00f4t Altech Torus est \u00e9galement disponible en couleur unie. Cela signifie qu'il <a href=\"https:\/\/www.haveverwarming.nl\/kenniscentrum\/verschillen-houtkachels\/\" target=\"_blank\" rel=\"noopener\">fonte<\/a> et la pierre ollaire sont de la m\u00eame couleur, ce qui en fait un tout. Pour finir, il est \u00e9galement possible d'obtenir une porte pour le d\u00e9p\u00f4t (compartiment en bois).<\/p>\n<h3>Venez au Centre d'exp\u00e9rience de chauffage HAV\u00c9<\/h3>\n<p>Dans notre grande <a href=\"https:\/\/www.haveverwarming.nl\/experiencecenter\" target=\"_blank\" rel=\"noopener\">Centre d'exp\u00e9rience<\/a> En effet, \u00e0 Lunteren, nous disposons de plusieurs pierres \u00e0 savon. <a href=\"https:\/\/www.haveverwarming.nl\/altech\" target=\"_blank\" rel=\"noopener\">Altech<\/a> mod\u00e8les expos\u00e9s.<\/p>\n<p>T\u00e9l\u00e9chargements de produits<\/p>\n<ul>\n<li><a class=\"download file\" href=\"https:\/\/www.haveverwarming.nl\/amfile\/file\/download\/file\/8728\/product\/72\/\" target=\"_blank\"><span>Brochure Altech 2025<\/span><\/a><\/li>\n<li><a class=\"download file\" href=\"https:\/\/www.haveverwarming.nl\/amfile\/file\/download\/file\/841\/product\/72\/\" target=\"_blank\"><span>Dessin au trait Altech Torus Depot<\/span><\/a><\/li>\n<li><a class=\"download file\" href=\"https:\/\/www.haveverwarming.nl\/amfile\/file\/download\/file\/6415\/product\/72\/\" target=\"_blank\"><span>Brochure sur le tir responsable<\/span><\/a><\/li>\n<li><a class=\"download file\" href=\"https:\/\/www.haveverwarming.nl\/amfile\/file\/download\/file\/7108\/product\/72\/\" target=\"_blank\"><span>\u00c9tiquette \u00e9nerg\u00e9tique Torus<\/span><\/a><\/li>\n<li><a class=\"download file\" href=\"https:\/\/www.haveverwarming.nl\/amfile\/file\/download\/file\/7109\/product\/72\/\" target=\"_blank\"><span>Manuel Torus<\/span><\/a><\/li>\n<li><a class=\"download file\" href=\"https:\/\/www.haveverwarming.nl\/amfile\/file\/download\/file\/7111\/product\/72\/\" target=\"_blank\"><span>Fiche technique Altech Torus Depot<\/span><\/a><\/li>\n<li><a class=\"download file\" href=\"https:\/\/www.haveverwarming.nl\/amfile\/file\/download\/file\/7580\/product\/72\/\" target=\"_blank\"><span>Manuel Altech Torus wood<\/span><\/a><\/li>\n<li><a class=\"download file\" href=\"https:\/\/www.haveverwarming.nl\/productpdf\/download\/file\/id\/72\/name\/Altech_Torus_Depot.pdf\/\" target=\"_blank\"><span>T\u00e9l\u00e9charger la fiche technique<\/span><\/a><\/li>\n<\/ul>","protected":false},"excerpt":{"rendered":"<p>Moderne Torus met houtvak De Altech Torus is de meest recht toe, recht aan speksteenkachel in het Altech assortiment. Deze versie is uitgevoerd met een handig&nbsp;houtvak.&nbsp;Deze houtkachel is een&nbsp;allemansvriend door de makkelijke eenknopsbediening. Uni kleur en deur bij&nbsp;Depot De Altech Torus depot is ook in een&nbsp;unikleur te krijgen. Dat betekent dat het gietijzer en het [&hellip;]<\/p>\n","protected":false},"featured_media":15465,"comment_status":"open","ping_status":"closed","template":"","meta":{"_acf_changed":false},"product_brand":[],"product_cat":[1092],"product_tag":[],"class_list":{"0":"post-15464","1":"product","2":"type-product","3":"status-publish","4":"has-post-thumbnail","6":"product_cat-vrijstaande-houtkachels","8":"first","9":"instock","10":"taxable","11":"shipping-taxable","12":"purchasable","13":"product-type-simple"},"acf":[],"yoast_head":"<!-- This site is optimized with the Yoast SEO plugin v27.5 - https:\/\/yoast.com\/product\/yoast-seo-wordpress\/ -->\n<title>Altech Torus Depot &#8211; Bula Outdoor<\/title>\n<meta name=\"robots\" content=\"index, follow, max-snippet:-1, max-image-preview:large, max-video-preview:-1\" \/>\n<link rel=\"canonical\" href=\"https:\/\/bulaoutdoor.nl\/fr\/produit\/altech-torus-depot\/\" \/>\n<meta property=\"og:locale\" content=\"fr_FR\" \/>\n<meta property=\"og:type\" content=\"article\" \/>\n<meta property=\"og:title\" content=\"Altech Torus Depot &#8211; Bula Outdoor\" \/>\n<meta property=\"og:description\" content=\"Moderne Torus met houtvak De Altech Torus is de meest recht toe, recht aan speksteenkachel in het Altech assortiment. Deze versie is uitgevoerd met een handig&nbsp;houtvak.&nbsp;Deze houtkachel is een&nbsp;allemansvriend door de makkelijke eenknopsbediening. Uni kleur en deur bij&nbsp;Depot De Altech Torus depot is ook in een&nbsp;unikleur te krijgen. Dat betekent dat het gietijzer en het [&hellip;]\" \/>\n<meta property=\"og:url\" content=\"https:\/\/bulaoutdoor.nl\/fr\/produit\/altech-torus-depot\/\" \/>\n<meta property=\"og:site_name\" content=\"Bula Outdoor\" \/>\n<meta property=\"article:modified_time\" content=\"2026-04-27T04:56:05+00:00\" \/>\n<meta property=\"og:image\" content=\"https:\/\/bulaoutdoor.nl\/wp-content\/uploads\/2017\/07\/altech-torus-depot-1000x1000.jpg\" \/>\n\t<meta property=\"og:image:width\" content=\"1000\" \/>\n\t<meta property=\"og:image:height\" content=\"1000\" \/>\n\t<meta property=\"og:image:type\" content=\"image\/jpeg\" \/>\n<meta name=\"twitter:card\" content=\"summary_large_image\" \/>\n<meta name=\"twitter:label1\" content=\"Dur\u00e9e de lecture estim\u00e9e\" \/>\n\t<meta name=\"twitter:data1\" content=\"1 minute\" \/>\n<script type=\"application\/ld+json\" class=\"yoast-schema-graph\">{\"@context\":\"https:\\\/\\\/schema.org\",\"@graph\":[{\"@type\":\"WebPage\",\"@id\":\"https:\\\/\\\/bulaoutdoor.nl\\\/product\\\/altech-torus-depot\\\/\",\"url\":\"https:\\\/\\\/bulaoutdoor.nl\\\/product\\\/altech-torus-depot\\\/\",\"name\":\"Altech Torus Depot &#8211; Bula Outdoor\",\"isPartOf\":{\"@id\":\"https:\\\/\\\/bulaoutdoor.nl\\\/#website\"},\"primaryImageOfPage\":{\"@id\":\"https:\\\/\\\/bulaoutdoor.nl\\\/product\\\/altech-torus-depot\\\/#primaryimage\"},\"image\":{\"@id\":\"https:\\\/\\\/bulaoutdoor.nl\\\/product\\\/altech-torus-depot\\\/#primaryimage\"},\"thumbnailUrl\":\"https:\\\/\\\/bulaoutdoor.nl\\\/wp-content\\\/uploads\\\/2017\\\/07\\\/altech-torus-depot-1000x1000.jpg\",\"datePublished\":\"2017-07-13T14:44:03+00:00\",\"dateModified\":\"2026-04-27T04:56:05+00:00\",\"breadcrumb\":{\"@id\":\"https:\\\/\\\/bulaoutdoor.nl\\\/product\\\/altech-torus-depot\\\/#breadcrumb\"},\"inLanguage\":\"fr-FR\",\"potentialAction\":[{\"@type\":\"ReadAction\",\"target\":[\"https:\\\/\\\/bulaoutdoor.nl\\\/product\\\/altech-torus-depot\\\/\"]}]},{\"@type\":\"ImageObject\",\"inLanguage\":\"fr-FR\",\"@id\":\"https:\\\/\\\/bulaoutdoor.nl\\\/product\\\/altech-torus-depot\\\/#primaryimage\",\"url\":\"https:\\\/\\\/bulaoutdoor.nl\\\/wp-content\\\/uploads\\\/2017\\\/07\\\/altech-torus-depot-1000x1000.jpg\",\"contentUrl\":\"https:\\\/\\\/bulaoutdoor.nl\\\/wp-content\\\/uploads\\\/2017\\\/07\\\/altech-torus-depot-1000x1000.jpg\",\"width\":1000,\"height\":1000,\"caption\":\"altech-torus-depot-thumbnail\"},{\"@type\":\"BreadcrumbList\",\"@id\":\"https:\\\/\\\/bulaoutdoor.nl\\\/product\\\/altech-torus-depot\\\/#breadcrumb\",\"itemListElement\":[{\"@type\":\"ListItem\",\"position\":1,\"name\":\"Home\",\"item\":\"https:\\\/\\\/bulaoutdoor.nl\\\/\"},{\"@type\":\"ListItem\",\"position\":2,\"name\":\"Online BBQ kopen\",\"item\":\"https:\\\/\\\/bulaoutdoor.nl\\\/\"},{\"@type\":\"ListItem\",\"position\":3,\"name\":\"Altech Torus Depot\"}]},{\"@type\":\"WebSite\",\"@id\":\"https:\\\/\\\/bulaoutdoor.nl\\\/#website\",\"url\":\"https:\\\/\\\/bulaoutdoor.nl\\\/\",\"name\":\"Bula Outdoor\",\"description\":\"Voor uw buitenhaard, BBQ, tuinfakkel en houtoven\",\"publisher\":{\"@id\":\"https:\\\/\\\/bulaoutdoor.nl\\\/#organization\"},\"potentialAction\":[{\"@type\":\"SearchAction\",\"target\":{\"@type\":\"EntryPoint\",\"urlTemplate\":\"https:\\\/\\\/bulaoutdoor.nl\\\/?s={search_term_string}\"},\"query-input\":{\"@type\":\"PropertyValueSpecification\",\"valueRequired\":true,\"valueName\":\"search_term_string\"}}],\"inLanguage\":\"fr-FR\"},{\"@type\":\"Organization\",\"@id\":\"https:\\\/\\\/bulaoutdoor.nl\\\/#organization\",\"name\":\"Bula Outdoor\",\"url\":\"https:\\\/\\\/bulaoutdoor.nl\\\/\",\"logo\":{\"@type\":\"ImageObject\",\"inLanguage\":\"fr-FR\",\"@id\":\"https:\\\/\\\/bulaoutdoor.nl\\\/#\\\/schema\\\/logo\\\/image\\\/\",\"url\":\"https:\\\/\\\/www.bulaoutdoor.nl\\\/wp-content\\\/uploads\\\/2018\\\/04\\\/bulaoutdoor-logo.png\",\"contentUrl\":\"https:\\\/\\\/www.bulaoutdoor.nl\\\/wp-content\\\/uploads\\\/2018\\\/04\\\/bulaoutdoor-logo.png\",\"width\":324,\"height\":91,\"caption\":\"Bula Outdoor\"},\"image\":{\"@id\":\"https:\\\/\\\/bulaoutdoor.nl\\\/#\\\/schema\\\/logo\\\/image\\\/\"}}]}<\/script>\n<!-- \/ Yoast SEO plugin. -->","yoast_head_json":{"title":"Altech Torus Depot - Bula Outdoor","robots":{"index":"index","follow":"follow","max-snippet":"max-snippet:-1","max-image-preview":"max-image-preview:large","max-video-preview":"max-video-preview:-1"},"canonical":"https:\/\/bulaoutdoor.nl\/fr\/produit\/altech-torus-depot\/","og_locale":"fr_FR","og_type":"article","og_title":"Altech Torus Depot &#8211; Bula Outdoor","og_description":"Moderne Torus met houtvak De Altech Torus is de meest recht toe, recht aan speksteenkachel in het Altech assortiment. Deze versie is uitgevoerd met een handig&nbsp;houtvak.&nbsp;Deze houtkachel is een&nbsp;allemansvriend door de makkelijke eenknopsbediening. Uni kleur en deur bij&nbsp;Depot De Altech Torus depot is ook in een&nbsp;unikleur te krijgen. Dat betekent dat het gietijzer en het [&hellip;]","og_url":"https:\/\/bulaoutdoor.nl\/fr\/produit\/altech-torus-depot\/","og_site_name":"Bula Outdoor","article_modified_time":"2026-04-27T04:56:05+00:00","og_image":[{"width":1000,"height":1000,"url":"https:\/\/bulaoutdoor.nl\/wp-content\/uploads\/2017\/07\/altech-torus-depot-1000x1000.jpg","type":"image\/jpeg"}],"twitter_card":"summary_large_image","twitter_misc":{"Dur\u00e9e de lecture estim\u00e9e":"1 minute"},"schema":{"@context":"https:\/\/schema.org","@graph":[{"@type":"WebPage","@id":"https:\/\/bulaoutdoor.nl\/product\/altech-torus-depot\/","url":"https:\/\/bulaoutdoor.nl\/product\/altech-torus-depot\/","name":"Altech Torus Depot - Bula Outdoor","isPartOf":{"@id":"https:\/\/bulaoutdoor.nl\/#website"},"primaryImageOfPage":{"@id":"https:\/\/bulaoutdoor.nl\/product\/altech-torus-depot\/#primaryimage"},"image":{"@id":"https:\/\/bulaoutdoor.nl\/product\/altech-torus-depot\/#primaryimage"},"thumbnailUrl":"https:\/\/bulaoutdoor.nl\/wp-content\/uploads\/2017\/07\/altech-torus-depot-1000x1000.jpg","datePublished":"2017-07-13T14:44:03+00:00","dateModified":"2026-04-27T04:56:05+00:00","breadcrumb":{"@id":"https:\/\/bulaoutdoor.nl\/product\/altech-torus-depot\/#breadcrumb"},"inLanguage":"fr-FR","potentialAction":[{"@type":"ReadAction","target":["https:\/\/bulaoutdoor.nl\/product\/altech-torus-depot\/"]}]},{"@type":"ImageObject","inLanguage":"fr-FR","@id":"https:\/\/bulaoutdoor.nl\/product\/altech-torus-depot\/#primaryimage","url":"https:\/\/bulaoutdoor.nl\/wp-content\/uploads\/2017\/07\/altech-torus-depot-1000x1000.jpg","contentUrl":"https:\/\/bulaoutdoor.nl\/wp-content\/uploads\/2017\/07\/altech-torus-depot-1000x1000.jpg","width":1000,"height":1000,"caption":"altech-torus-depot-thumbnail"},{"@type":"BreadcrumbList","@id":"https:\/\/bulaoutdoor.nl\/product\/altech-torus-depot\/#breadcrumb","itemListElement":[{"@type":"ListItem","position":1,"name":"Home","item":"https:\/\/bulaoutdoor.nl\/"},{"@type":"ListItem","position":2,"name":"Online BBQ kopen","item":"https:\/\/bulaoutdoor.nl\/"},{"@type":"ListItem","position":3,"name":"Altech Torus Depot"}]},{"@type":"WebSite","@id":"https:\/\/bulaoutdoor.nl\/#website","url":"https:\/\/bulaoutdoor.nl\/","name":"Bula Outdoor","description":"Pour votre chemin\u00e9e ext\u00e9rieure, votre barbecue, votre torche de jardin et votre four \u00e0 bois","publisher":{"@id":"https:\/\/bulaoutdoor.nl\/#organization"},"potentialAction":[{"@type":"SearchAction","target":{"@type":"EntryPoint","urlTemplate":"https:\/\/bulaoutdoor.nl\/?s={search_term_string}"},"query-input":{"@type":"PropertyValueSpecification","valueRequired":true,"valueName":"search_term_string"}}],"inLanguage":"fr-FR"},{"@type":"Organization","@id":"https:\/\/bulaoutdoor.nl\/#organization","name":"Bula Outdoor","url":"https:\/\/bulaoutdoor.nl\/","logo":{"@type":"ImageObject","inLanguage":"fr-FR","@id":"https:\/\/bulaoutdoor.nl\/#\/schema\/logo\/image\/","url":"https:\/\/www.bulaoutdoor.nl\/wp-content\/uploads\/2018\/04\/bulaoutdoor-logo.png","contentUrl":"https:\/\/www.bulaoutdoor.nl\/wp-content\/uploads\/2018\/04\/bulaoutdoor-logo.png","width":324,"height":91,"caption":"Bula Outdoor"},"image":{"@id":"https:\/\/bulaoutdoor.nl\/#\/schema\/logo\/image\/"}}]}},"jetpack_sharing_enabled":true,"_links":{"self":[{"href":"https:\/\/bulaoutdoor.nl\/fr\/wp-json\/wp\/v2\/product\/15464","targetHints":{"allow":["GET"]}}],"collection":[{"href":"https:\/\/bulaoutdoor.nl\/fr\/wp-json\/wp\/v2\/product"}],"about":[{"href":"https:\/\/bulaoutdoor.nl\/fr\/wp-json\/wp\/v2\/types\/product"}],"replies":[{"embeddable":true,"href":"https:\/\/bulaoutdoor.nl\/fr\/wp-json\/wp\/v2\/comments?post=15464"}],"wp:featuredmedia":[{"embeddable":true,"href":"https:\/\/bulaoutdoor.nl\/fr\/wp-json\/wp\/v2\/media\/15465"}],"wp:attachment":[{"href":"https:\/\/bulaoutdoor.nl\/fr\/wp-json\/wp\/v2\/media?parent=15464"}],"wp:term":[{"taxonomy":"product_brand","embeddable":true,"href":"https:\/\/bulaoutdoor.nl\/fr\/wp-json\/wp\/v2\/product_brand?post=15464"},{"taxonomy":"product_cat","embeddable":true,"href":"https:\/\/bulaoutdoor.nl\/fr\/wp-json\/wp\/v2\/product_cat?post=15464"},{"taxonomy":"product_tag","embeddable":true,"href":"https:\/\/bulaoutdoor.nl\/fr\/wp-json\/wp\/v2\/product_tag?post=15464"}],"curies":[{"name":"wp","href":"https:\/\/api.w.org\/{rel}","templated":true}]}}