{"id":15468,"date":"2017-07-13T14:44:48","date_gmt":"2017-07-13T14:44:48","guid":{"rendered":"https:\/\/www.bulaoutdoor.nl\/product\/jacobus-doorkijk-houtkachel12\/"},"modified":"2026-04-12T04:46:40","modified_gmt":"2026-04-12T04:46:40","slug":"poele-a-bois-transparent-jacobus12-2","status":"publish","type":"product","link":"https:\/\/bulaoutdoor.nl\/fr\/product\/jacobus-doorkijk-houtkachel12\/","title":{"rendered":"Po\u00eale \u00e0 bois transparent JAcobus 12"},"content":{"rendered":"<div>\n<h2>Aper\u00e7u de JAcobus 12<\/h2>\n<p>Les <a href=\"https:\/\/www.haveverwarming.nl\/jacobus\" target=\"_blank\" rel=\"noopener\">JAcobus<\/a> <a href=\"https:\/\/www.haveverwarming.nl\/kachels\/doorkijk\" target=\"_blank\" rel=\"noopener\">po\u00eale transparent<\/a> est unique en son genre. Ce po\u00eale \u00e0 bois est dot\u00e9 d'une porte avec une vitre sur deux c\u00f4t\u00e9s, ce qui permet de le placer au centre de votre pi\u00e8ce. Ce po\u00eale devient ainsi la pi\u00e8ce ma\u00eetresse rayonnante de votre pi\u00e8ce.&nbsp;<\/p>\n<p>Ce qui rend ce po\u00eale encore plus unique, c'est qu'il peut \u00eatre enti\u00e8rement contr\u00f4l\u00e9 \u00e0 l'aide d'un seul bouton. Gr\u00e2ce \u00e0 ce bouton et au rendement \u00e9lev\u00e9 du po\u00eale \u00e0 bois, ce dernier est tr\u00e8s facile \u00e0 r\u00e9gler et vous pouvez d\u00e9cider du nombre de kW de chaleur que vous souhaitez apporter \u00e0 votre pi\u00e8ce.<\/p>\n<h3>Le meilleur de sa cat\u00e9gorie !<\/h3>\n<p>Le JAcobus 12 est actuellement l'un des mod\u00e8les les plus vendus. <a href=\"https:\/\/www.haveverwarming.nl\/kachels\/hout\" target=\"_blank\" rel=\"noopener\">feux de bois<\/a> Et ce n'est pas sans raison, le JAcobus a un certain nombre de points qui le rendent excellent par rapport \u00e0 d'autres feux de bois.<\/p>\n<p>Dans la cat\u00e9gorie des po\u00eales \u00e0 bois, les po\u00eales JAcobus ont le meilleur rendement, notamment parce que l'air fourni est pr\u00e9chauff\u00e9 par le po\u00eale lui-m\u00eame. Une couche r\u00e9fl\u00e9chissante appliqu\u00e9e sur la vitre contribue \u00e9galement \u00e0 ce que la chaleur reste mieux \u00e0 l'int\u00e9rieur du po\u00eale.<\/p>\n<h3>Diff\u00e9rentes possibilit\u00e9s<\/h3>\n<p>D\u00e9sormais, les chemin\u00e9es JAcobus sont disponibles dans des longueurs plus courtes ou plus longues. En outre, il y a beaucoup plus d'options, par exemple, vous pouvez choisir un tiroir pratique sous votre chemin\u00e9e ou, par exemple, une porte \u00e0 fermeture automatique, il est \u00e9galement possible de commander divers accessoires. Toutes les options sont d\u00e9crites dans les sp\u00e9cifications. Vous pouvez commander le po\u00eale selon vos go\u00fbts.<\/p>\n<h3>Les granul\u00e9s de bois dans un po\u00eale \u00e0 bois ?<\/h3>\n<p>Supposons que vous n'ayez pas de (bon) bois en stock ou que vous souhaitiez que votre po\u00eale br\u00fble longtemps sans \u00eatre recharg\u00e9. Il est alors pratique de pouvoir faire fonctionner votre po\u00eale \u00e0 bois JAcobus avec des granul\u00e9s. C'est pourquoi nous proposons un \"module hybride\" pour le JAcobus. En un rien de temps, vous pouvez transformer votre JAcobus en po\u00eale \u00e0 granul\u00e9s. Chauffer au bois reste possible !<\/p>\n<h3>Centre d'exp\u00e9rience<\/h3>\n<p>Vous n'\u00eates pas encore s\u00fbr de votre choix ? Ou souhaitez-vous voir br\u00fbler des po\u00eales similaires ? Nous vous invitons \u00e0 visiter notre <a href=\"https:\/\/www.haveverwarming.nl\/experiencecenter\" target=\"_blank\" rel=\"noopener\">Centre d'exp\u00e9rience<\/a> \u00e0 Lunteren o\u00f9 nous avons le JAcobus 12 transparent. Nous avons \u00e9galement tous les autres mod\u00e8les de JAcobus qui br\u00fblent en exposition.<\/p>\n<\/div>\n<div class=\"productdetail white\">\n<div class=\"maxwidth\">\n<div class=\"text\">\n<p>&nbsp;<\/p>\n<\/div>\n<\/div>\n<\/div>\n<p>T\u00e9l\u00e9chargements de produits<\/p>\n<ul>\n<li><a class=\"download file\" href=\"https:\/\/www.haveverwarming.nl\/amfile\/file\/download\/file\/9199\/product\/73\/\" target=\"_blank\"><span>Brochure JAcobus 2023<\/span><\/a><\/li>\n<li><a class=\"download file\" href=\"https:\/\/www.haveverwarming.nl\/amfile\/file\/download\/file\/544\/product\/73\/\" target=\"_blank\"><span>Label \u00e9nerg\u00e9tique JAcobus 12 po\u00eale \u00e0 bois transparent<\/span><\/a><\/li>\n<li><a class=\"download file\" href=\"https:\/\/www.haveverwarming.nl\/amfile\/file\/download\/file\/5735\/product\/73\/\" target=\"_blank\"><span>Dessin au trait JAcobus 12 Look-through<\/span><\/a><\/li>\n<li><a class=\"download file\" href=\"https:\/\/www.haveverwarming.nl\/amfile\/file\/download\/file\/9\/product\/73\/\" target=\"_blank\"><span>Caract\u00e9ristiques techniques JAcobus 12 Look-through<\/span><\/a><\/li>\n<li><a class=\"download file\" href=\"https:\/\/www.haveverwarming.nl\/amfile\/file\/download\/file\/4103\/product\/73\/\" target=\"_blank\"><span>Manuel JAcobus 12 <\/span><\/a><\/li>\n<li><a class=\"download file\" href=\"https:\/\/www.haveverwarming.nl\/amfile\/file\/download\/file\/13\/product\/73\/\" target=\"_blank\"><span>Flyer JAcobus contre JAnus <\/span><\/a><\/li>\n<li><a class=\"download file\" href=\"https:\/\/www.haveverwarming.nl\/amfile\/file\/download\/file\/6484\/product\/73\/\" target=\"_blank\"><span>Brochure sur le tir responsable<\/span><\/a><\/li>\n<li><a class=\"download file\" href=\"https:\/\/www.haveverwarming.nl\/productpdf\/download\/file\/id\/73\/name\/JAcobus_12_doorkijk_houtkachel.pdf\/\" target=\"_blank\"><span>T\u00e9l\u00e9charger la fiche technique<\/span><\/a><\/li>\n<\/ul>","protected":false},"excerpt":{"rendered":"<p>JAcobus 12 Doorkijk De JAcobus doorkijk kachel is uniek in zijn soort. Deze houtkachel heeft aan twee zijden een deur met een glasvenster, dit zorgt ervoor dat het een haard is die goed in het midden van uw ruimte te plaatsen is. Zo is deze kachel het stralende middelpunt van uw kamer.&nbsp; Wat deze kachel [&hellip;]<\/p>\n","protected":false},"featured_media":15469,"comment_status":"open","ping_status":"closed","template":"","meta":{"_acf_changed":false},"product_brand":[],"product_cat":[1092],"product_tag":[],"class_list":{"0":"post-15468","1":"product","2":"type-product","3":"status-publish","4":"has-post-thumbnail","6":"product_cat-vrijstaande-houtkachels","8":"first","9":"instock","10":"taxable","11":"shipping-taxable","12":"purchasable","13":"product-type-simple"},"acf":[],"yoast_head":"<!-- This site is optimized with the Yoast SEO plugin v27.3 - https:\/\/yoast.com\/product\/yoast-seo-wordpress\/ -->\n<title>JAcobus 12 doorkijk houtkachel &#8211; Bula Outdoor<\/title>\n<meta name=\"robots\" content=\"index, follow, max-snippet:-1, max-image-preview:large, max-video-preview:-1\" \/>\n<link rel=\"canonical\" href=\"https:\/\/bulaoutdoor.nl\/fr\/produit\/poele-a-bois-transparent-jacobus12-2\/\" \/>\n<meta property=\"og:locale\" content=\"fr_FR\" \/>\n<meta property=\"og:type\" content=\"article\" \/>\n<meta property=\"og:title\" content=\"JAcobus 12 doorkijk houtkachel &#8211; Bula Outdoor\" \/>\n<meta property=\"og:description\" content=\"JAcobus 12 Doorkijk De JAcobus doorkijk kachel is uniek in zijn soort. Deze houtkachel heeft aan twee zijden een deur met een glasvenster, dit zorgt ervoor dat het een haard is die goed in het midden van uw ruimte te plaatsen is. Zo is deze kachel het stralende middelpunt van uw kamer.&nbsp; Wat deze kachel [&hellip;]\" \/>\n<meta property=\"og:url\" content=\"https:\/\/bulaoutdoor.nl\/fr\/produit\/poele-a-bois-transparent-jacobus12-2\/\" \/>\n<meta property=\"og:site_name\" content=\"Bula Outdoor\" \/>\n<meta property=\"article:modified_time\" content=\"2026-04-12T04:46:40+00:00\" \/>\n<meta property=\"og:image\" content=\"https:\/\/bulaoutdoor.nl\/wp-content\/uploads\/2017\/07\/jacobus_12_doorkijk_1000x1000.jpg\" \/>\n\t<meta property=\"og:image:width\" content=\"1000\" \/>\n\t<meta property=\"og:image:height\" content=\"1000\" \/>\n\t<meta property=\"og:image:type\" content=\"image\/jpeg\" \/>\n<meta name=\"twitter:card\" content=\"summary_large_image\" \/>\n<meta name=\"twitter:label1\" content=\"Dur\u00e9e de lecture estim\u00e9e\" \/>\n\t<meta name=\"twitter:data1\" content=\"2 minutes\" \/>\n<script type=\"application\/ld+json\" class=\"yoast-schema-graph\">{\"@context\":\"https:\\\/\\\/schema.org\",\"@graph\":[{\"@type\":\"WebPage\",\"@id\":\"https:\\\/\\\/bulaoutdoor.nl\\\/product\\\/jacobus-doorkijk-houtkachel12\\\/\",\"url\":\"https:\\\/\\\/bulaoutdoor.nl\\\/product\\\/jacobus-doorkijk-houtkachel12\\\/\",\"name\":\"JAcobus 12 doorkijk houtkachel &#8211; Bula Outdoor\",\"isPartOf\":{\"@id\":\"https:\\\/\\\/bulaoutdoor.nl\\\/#website\"},\"primaryImageOfPage\":{\"@id\":\"https:\\\/\\\/bulaoutdoor.nl\\\/product\\\/jacobus-doorkijk-houtkachel12\\\/#primaryimage\"},\"image\":{\"@id\":\"https:\\\/\\\/bulaoutdoor.nl\\\/product\\\/jacobus-doorkijk-houtkachel12\\\/#primaryimage\"},\"thumbnailUrl\":\"https:\\\/\\\/bulaoutdoor.nl\\\/wp-content\\\/uploads\\\/2017\\\/07\\\/jacobus_12_doorkijk_1000x1000.jpg\",\"datePublished\":\"2017-07-13T14:44:48+00:00\",\"dateModified\":\"2026-04-12T04:46:40+00:00\",\"breadcrumb\":{\"@id\":\"https:\\\/\\\/bulaoutdoor.nl\\\/product\\\/jacobus-doorkijk-houtkachel12\\\/#breadcrumb\"},\"inLanguage\":\"fr-FR\",\"potentialAction\":[{\"@type\":\"ReadAction\",\"target\":[\"https:\\\/\\\/bulaoutdoor.nl\\\/product\\\/jacobus-doorkijk-houtkachel12\\\/\"]}]},{\"@type\":\"ImageObject\",\"inLanguage\":\"fr-FR\",\"@id\":\"https:\\\/\\\/bulaoutdoor.nl\\\/product\\\/jacobus-doorkijk-houtkachel12\\\/#primaryimage\",\"url\":\"https:\\\/\\\/bulaoutdoor.nl\\\/wp-content\\\/uploads\\\/2017\\\/07\\\/jacobus_12_doorkijk_1000x1000.jpg\",\"contentUrl\":\"https:\\\/\\\/bulaoutdoor.nl\\\/wp-content\\\/uploads\\\/2017\\\/07\\\/jacobus_12_doorkijk_1000x1000.jpg\",\"width\":1000,\"height\":1000,\"caption\":\"jacobus-12-doorkijk-houtkachel-thumbnail\"},{\"@type\":\"BreadcrumbList\",\"@id\":\"https:\\\/\\\/bulaoutdoor.nl\\\/product\\\/jacobus-doorkijk-houtkachel12\\\/#breadcrumb\",\"itemListElement\":[{\"@type\":\"ListItem\",\"position\":1,\"name\":\"Home\",\"item\":\"https:\\\/\\\/bulaoutdoor.nl\\\/\"},{\"@type\":\"ListItem\",\"position\":2,\"name\":\"Online BBQ kopen\",\"item\":\"https:\\\/\\\/bulaoutdoor.nl\\\/\"},{\"@type\":\"ListItem\",\"position\":3,\"name\":\"JAcobus 12 doorkijk houtkachel\"}]},{\"@type\":\"WebSite\",\"@id\":\"https:\\\/\\\/bulaoutdoor.nl\\\/#website\",\"url\":\"https:\\\/\\\/bulaoutdoor.nl\\\/\",\"name\":\"Bula Outdoor\",\"description\":\"Voor uw buitenhaard, BBQ, tuinfakkel en houtoven\",\"publisher\":{\"@id\":\"https:\\\/\\\/bulaoutdoor.nl\\\/#organization\"},\"potentialAction\":[{\"@type\":\"SearchAction\",\"target\":{\"@type\":\"EntryPoint\",\"urlTemplate\":\"https:\\\/\\\/bulaoutdoor.nl\\\/?s={search_term_string}\"},\"query-input\":{\"@type\":\"PropertyValueSpecification\",\"valueRequired\":true,\"valueName\":\"search_term_string\"}}],\"inLanguage\":\"fr-FR\"},{\"@type\":\"Organization\",\"@id\":\"https:\\\/\\\/bulaoutdoor.nl\\\/#organization\",\"name\":\"Bula Outdoor\",\"url\":\"https:\\\/\\\/bulaoutdoor.nl\\\/\",\"logo\":{\"@type\":\"ImageObject\",\"inLanguage\":\"fr-FR\",\"@id\":\"https:\\\/\\\/bulaoutdoor.nl\\\/#\\\/schema\\\/logo\\\/image\\\/\",\"url\":\"https:\\\/\\\/www.bulaoutdoor.nl\\\/wp-content\\\/uploads\\\/2018\\\/04\\\/bulaoutdoor-logo.png\",\"contentUrl\":\"https:\\\/\\\/www.bulaoutdoor.nl\\\/wp-content\\\/uploads\\\/2018\\\/04\\\/bulaoutdoor-logo.png\",\"width\":324,\"height\":91,\"caption\":\"Bula Outdoor\"},\"image\":{\"@id\":\"https:\\\/\\\/bulaoutdoor.nl\\\/#\\\/schema\\\/logo\\\/image\\\/\"}}]}<\/script>\n<!-- \/ Yoast SEO plugin. -->","yoast_head_json":{"title":"Po\u00eale \u00e0 bois transparent JAcobus 12 - Bula Outdoor","robots":{"index":"index","follow":"follow","max-snippet":"max-snippet:-1","max-image-preview":"max-image-preview:large","max-video-preview":"max-video-preview:-1"},"canonical":"https:\/\/bulaoutdoor.nl\/fr\/produit\/poele-a-bois-transparent-jacobus12-2\/","og_locale":"fr_FR","og_type":"article","og_title":"JAcobus 12 doorkijk houtkachel &#8211; Bula Outdoor","og_description":"JAcobus 12 Doorkijk De JAcobus doorkijk kachel is uniek in zijn soort. Deze houtkachel heeft aan twee zijden een deur met een glasvenster, dit zorgt ervoor dat het een haard is die goed in het midden van uw ruimte te plaatsen is. Zo is deze kachel het stralende middelpunt van uw kamer.&nbsp; Wat deze kachel [&hellip;]","og_url":"https:\/\/bulaoutdoor.nl\/fr\/produit\/poele-a-bois-transparent-jacobus12-2\/","og_site_name":"Bula Outdoor","article_modified_time":"2026-04-12T04:46:40+00:00","og_image":[{"width":1000,"height":1000,"url":"https:\/\/bulaoutdoor.nl\/wp-content\/uploads\/2017\/07\/jacobus_12_doorkijk_1000x1000.jpg","type":"image\/jpeg"}],"twitter_card":"summary_large_image","twitter_misc":{"Dur\u00e9e de lecture estim\u00e9e":"2 minutes"},"schema":{"@context":"https:\/\/schema.org","@graph":[{"@type":"WebPage","@id":"https:\/\/bulaoutdoor.nl\/product\/jacobus-doorkijk-houtkachel12\/","url":"https:\/\/bulaoutdoor.nl\/product\/jacobus-doorkijk-houtkachel12\/","name":"Po\u00eale \u00e0 bois transparent JAcobus 12 - Bula Outdoor","isPartOf":{"@id":"https:\/\/bulaoutdoor.nl\/#website"},"primaryImageOfPage":{"@id":"https:\/\/bulaoutdoor.nl\/product\/jacobus-doorkijk-houtkachel12\/#primaryimage"},"image":{"@id":"https:\/\/bulaoutdoor.nl\/product\/jacobus-doorkijk-houtkachel12\/#primaryimage"},"thumbnailUrl":"https:\/\/bulaoutdoor.nl\/wp-content\/uploads\/2017\/07\/jacobus_12_doorkijk_1000x1000.jpg","datePublished":"2017-07-13T14:44:48+00:00","dateModified":"2026-04-12T04:46:40+00:00","breadcrumb":{"@id":"https:\/\/bulaoutdoor.nl\/product\/jacobus-doorkijk-houtkachel12\/#breadcrumb"},"inLanguage":"fr-FR","potentialAction":[{"@type":"ReadAction","target":["https:\/\/bulaoutdoor.nl\/product\/jacobus-doorkijk-houtkachel12\/"]}]},{"@type":"ImageObject","inLanguage":"fr-FR","@id":"https:\/\/bulaoutdoor.nl\/product\/jacobus-doorkijk-houtkachel12\/#primaryimage","url":"https:\/\/bulaoutdoor.nl\/wp-content\/uploads\/2017\/07\/jacobus_12_doorkijk_1000x1000.jpg","contentUrl":"https:\/\/bulaoutdoor.nl\/wp-content\/uploads\/2017\/07\/jacobus_12_doorkijk_1000x1000.jpg","width":1000,"height":1000,"caption":"jacobus-12-doorkijk-houtkachel-thumbnail"},{"@type":"BreadcrumbList","@id":"https:\/\/bulaoutdoor.nl\/product\/jacobus-doorkijk-houtkachel12\/#breadcrumb","itemListElement":[{"@type":"ListItem","position":1,"name":"Home","item":"https:\/\/bulaoutdoor.nl\/"},{"@type":"ListItem","position":2,"name":"Online BBQ kopen","item":"https:\/\/bulaoutdoor.nl\/"},{"@type":"ListItem","position":3,"name":"JAcobus 12 doorkijk houtkachel"}]},{"@type":"WebSite","@id":"https:\/\/bulaoutdoor.nl\/#website","url":"https:\/\/bulaoutdoor.nl\/","name":"Bula Outdoor","description":"Pour votre chemin\u00e9e ext\u00e9rieure, votre barbecue, votre torche de jardin et votre four \u00e0 bois","publisher":{"@id":"https:\/\/bulaoutdoor.nl\/#organization"},"potentialAction":[{"@type":"SearchAction","target":{"@type":"EntryPoint","urlTemplate":"https:\/\/bulaoutdoor.nl\/?s={search_term_string}"},"query-input":{"@type":"PropertyValueSpecification","valueRequired":true,"valueName":"search_term_string"}}],"inLanguage":"fr-FR"},{"@type":"Organization","@id":"https:\/\/bulaoutdoor.nl\/#organization","name":"Bula Outdoor","url":"https:\/\/bulaoutdoor.nl\/","logo":{"@type":"ImageObject","inLanguage":"fr-FR","@id":"https:\/\/bulaoutdoor.nl\/#\/schema\/logo\/image\/","url":"https:\/\/www.bulaoutdoor.nl\/wp-content\/uploads\/2018\/04\/bulaoutdoor-logo.png","contentUrl":"https:\/\/www.bulaoutdoor.nl\/wp-content\/uploads\/2018\/04\/bulaoutdoor-logo.png","width":324,"height":91,"caption":"Bula Outdoor"},"image":{"@id":"https:\/\/bulaoutdoor.nl\/#\/schema\/logo\/image\/"}}]}},"jetpack_sharing_enabled":true,"_links":{"self":[{"href":"https:\/\/bulaoutdoor.nl\/fr\/wp-json\/wp\/v2\/product\/15468","targetHints":{"allow":["GET"]}}],"collection":[{"href":"https:\/\/bulaoutdoor.nl\/fr\/wp-json\/wp\/v2\/product"}],"about":[{"href":"https:\/\/bulaoutdoor.nl\/fr\/wp-json\/wp\/v2\/types\/product"}],"replies":[{"embeddable":true,"href":"https:\/\/bulaoutdoor.nl\/fr\/wp-json\/wp\/v2\/comments?post=15468"}],"wp:featuredmedia":[{"embeddable":true,"href":"https:\/\/bulaoutdoor.nl\/fr\/wp-json\/wp\/v2\/media\/15469"}],"wp:attachment":[{"href":"https:\/\/bulaoutdoor.nl\/fr\/wp-json\/wp\/v2\/media?parent=15468"}],"wp:term":[{"taxonomy":"product_brand","embeddable":true,"href":"https:\/\/bulaoutdoor.nl\/fr\/wp-json\/wp\/v2\/product_brand?post=15468"},{"taxonomy":"product_cat","embeddable":true,"href":"https:\/\/bulaoutdoor.nl\/fr\/wp-json\/wp\/v2\/product_cat?post=15468"},{"taxonomy":"product_tag","embeddable":true,"href":"https:\/\/bulaoutdoor.nl\/fr\/wp-json\/wp\/v2\/product_tag?post=15468"}],"curies":[{"name":"wp","href":"https:\/\/api.w.org\/{rel}","templated":true}]}}