{"id":15476,"date":"2017-07-17T07:25:32","date_gmt":"2017-07-17T07:25:32","guid":{"rendered":"https:\/\/www.bulaoutdoor.nl\/product\/jacobus06-kookkachel\/"},"modified":"2026-04-27T04:56:07","modified_gmt":"2026-04-27T04:56:07","slug":"poele-jacobus06","status":"publish","type":"product","link":"https:\/\/bulaoutdoor.nl\/fr\/product\/jacobus06-kookkachel\/","title":{"rendered":"JAcobus 6 po\u00eale"},"content":{"rendered":"<h2>JAcobus 6 po\u00eale<\/h2>\n<p>Amusant et authentique, la cuisson au feu de bois. Si vous utilisez le raccordement arri\u00e8re, vous disposez de trois plaques de cuisson. Id\u00e9al pour la cuisine, la salle \u00e0 manger et, bien s\u00fbr, le jardin d'hiver et la v\u00e9randa. Jetez \u00e9galement un coup d'\u0153il aux accessoires sympas tels que la bouilloire et la po\u00eale \u00e0 frire.<\/p>\n<h3>Puissance et chauffage<\/h3>\n<p>Le petit <a href=\"https:\/\/www.haveverwarming.nl\/jacobus\" target=\"_blank\" rel=\"noopener\">JAcobus<\/a> Le JAcobus 6 peut fournir une puissance de 3,5 \u00e0 7 kW, puissance que vous pouvez r\u00e9gler en br\u00fblant plus ou moins de bois. Si vous br\u00fblez beaucoup de bois dans le JAcobus 6 et qu'il atteint sa puissance maximale de 7 kW, il peut chauffer des pi\u00e8ces jusqu'\u00e0 120 m3.<\/p>\n<h3>Le meilleur de sa cat\u00e9gorie !<\/h3>\n<p>Le JAcobus 6 est actuellement l'un des produits les plus vendus. <a href=\"https:\/\/www.haveverwarming.nl\/kachels\/hout\" target=\"_blank\" rel=\"noopener\">feux de bois<\/a> et non sans raison, le JAcobus pr\u00e9sente un certain nombre de points qui le distinguent des autres feux de bois.<\/p>\n<p>Dans la cat\u00e9gorie des po\u00eales \u00e0 bois, les po\u00eales JAcobus ont le meilleur rendement, notamment parce que l'air fourni est pr\u00e9chauff\u00e9 par le po\u00eale lui-m\u00eame. En outre, une couche r\u00e9fl\u00e9chissante appliqu\u00e9e sur la vitre permet \u00e0 la chaleur de mieux rester \u00e0 l'int\u00e9rieur du po\u00eale.<\/p>\n<h3>Les granul\u00e9s de bois dans un po\u00eale \u00e0 bois ?<\/h3>\n<p>Supposons que vous n'ayez pas de (bon) bois en stock ou que vous souhaitiez que votre po\u00eale br\u00fble longtemps sans \u00eatre recharg\u00e9. Il est alors pratique de pouvoir faire fonctionner votre po\u00eale \u00e0 bois JAcobus avec des granul\u00e9s. C'est pourquoi nous proposons un \"module hybride\" pour le JAcobus. En un rien de temps, vous pouvez transformer votre JAcobus en po\u00eale \u00e0 granul\u00e9s. Chauffer au bois reste possible !<\/p>\n<h3>Plus court ou plus long ?<\/h3>\n<p>D\u00e9sormais, les chemin\u00e9es JAcobus sont disponibles en version raccourcie ou rallong\u00e9e. <strong>Remarque ;<\/strong> en cas d'utilisation d'une alimentation en air externe, les jambes peuvent \u00eatre abaiss\u00e9es jusqu'\u00e0 17 cm !&nbsp;<\/p>\n<h3>Dans notre centre d'exp\u00e9rience<\/h3>\n<p>Vous n'\u00eates pas encore s\u00fbr de votre choix ? Ou souhaitez-vous voir br\u00fbler des po\u00eales similaires ? Dans ce cas, n'h\u00e9sitez pas \u00e0 visiter notre <a href=\"https:\/\/www.haveverwarming.nl\/experiencecenter\" target=\"_blank\" rel=\"noopener\">Centre d'exp\u00e9rience<\/a> O\u00f9 nous avons install\u00e9 le JAcobus 6 !<\/p>\n<p>T\u00e9l\u00e9chargements de produits<\/p>\n<ul>\n<li><a class=\"download file\" href=\"https:\/\/www.haveverwarming.nl\/amfile\/file\/download\/file\/9199\/product\/77\/\" target=\"_blank\"><span>Brochure JAcobus 2023<\/span><\/a><\/li>\n<li><a class=\"download file\" href=\"https:\/\/www.haveverwarming.nl\/amfile\/file\/download\/file\/5728\/product\/77\/\" target=\"_blank\"><span>Dessin au trait JAcobus 6 Boil<\/span><\/a><\/li>\n<li><a class=\"download file\" href=\"https:\/\/www.haveverwarming.nl\/amfile\/file\/download\/file\/547\/product\/77\/\" target=\"_blank\"><span>Label \u00e9nerg\u00e9tique du po\u00eale JAcobus 6<\/span><\/a><\/li>\n<li><a class=\"download file\" href=\"https:\/\/www.haveverwarming.nl\/amfile\/file\/download\/file\/10\/product\/77\/\" target=\"_blank\"><span>Manuel du r\u00e9chaud JAcobus 6<\/span><\/a><\/li>\n<li><a class=\"download file\" href=\"https:\/\/www.haveverwarming.nl\/amfile\/file\/download\/file\/9\/product\/77\/\" target=\"_blank\"><span>Caract\u00e9ristiques techniques de la chaudi\u00e8re JAcobus 6<\/span><\/a><\/li>\n<li><a class=\"download file\" href=\"https:\/\/www.haveverwarming.nl\/amfile\/file\/download\/file\/13\/product\/77\/\" target=\"_blank\"><span>Diff\u00e9rence JAnus versus JAcobus po\u00eale \u00e0 bois flyer<\/span><\/a><\/li>\n<li><a class=\"download file\" href=\"https:\/\/www.haveverwarming.nl\/amfile\/file\/download\/file\/6486\/product\/77\/\" target=\"_blank\"><span>Brochure sur le tir responsable<\/span><\/a><\/li>\n<li><a class=\"download file\" href=\"https:\/\/www.haveverwarming.nl\/productpdf\/download\/file\/id\/77\/name\/JAcobus_6_kookkachel.pdf\/\" target=\"_blank\"><span>T\u00e9l\u00e9charger la fiche technique<\/span><\/a><\/li>\n<\/ul>","protected":false},"excerpt":{"rendered":"<p>JAcobus 6 kookkachel Leuk en authentiek, koken op houtvuur. Wanneer u gebruikt maakt van de achteraansluiting heeft u drie kookpitten tot uw beschikking. Leuk voor in de woonkeuken en natuurlijk in serre en veranda. Kijk ook eens naar de leuke accessoires zoals de ketel en bakpan. Vermogen en verwarmen De kleine JAcobus kan een vermogen [&hellip;]<\/p>\n","protected":false},"featured_media":15477,"comment_status":"open","ping_status":"closed","template":"","meta":{"_acf_changed":false},"product_brand":[],"product_cat":[1092],"product_tag":[],"class_list":{"0":"post-15476","1":"product","2":"type-product","3":"status-publish","4":"has-post-thumbnail","6":"product_cat-vrijstaande-houtkachels","8":"first","9":"instock","10":"taxable","11":"shipping-taxable","12":"purchasable","13":"product-type-simple"},"acf":[],"yoast_head":"<!-- This site is optimized with the Yoast SEO plugin v27.5 - https:\/\/yoast.com\/product\/yoast-seo-wordpress\/ -->\n<title>JAcobus 6 kookkachel &#8211; Bula Outdoor<\/title>\n<meta name=\"robots\" content=\"index, follow, max-snippet:-1, max-image-preview:large, max-video-preview:-1\" \/>\n<link rel=\"canonical\" href=\"https:\/\/bulaoutdoor.nl\/fr\/produit\/poele-jacobus06\/\" \/>\n<meta property=\"og:locale\" content=\"fr_FR\" \/>\n<meta property=\"og:type\" content=\"article\" \/>\n<meta property=\"og:title\" content=\"JAcobus 6 kookkachel &#8211; Bula Outdoor\" \/>\n<meta property=\"og:description\" content=\"JAcobus 6 kookkachel Leuk en authentiek, koken op houtvuur. Wanneer u gebruikt maakt van de achteraansluiting heeft u drie kookpitten tot uw beschikking. Leuk voor in de woonkeuken en natuurlijk in serre en veranda. Kijk ook eens naar de leuke accessoires zoals de ketel en bakpan. Vermogen en verwarmen De kleine JAcobus kan een vermogen [&hellip;]\" \/>\n<meta property=\"og:url\" content=\"https:\/\/bulaoutdoor.nl\/fr\/produit\/poele-jacobus06\/\" \/>\n<meta property=\"og:site_name\" content=\"Bula Outdoor\" \/>\n<meta property=\"article:modified_time\" content=\"2026-04-27T04:56:07+00:00\" \/>\n<meta property=\"og:image\" content=\"https:\/\/bulaoutdoor.nl\/wp-content\/uploads\/2017\/07\/jacobus_6_kook_1000x1000.jpg\" \/>\n\t<meta property=\"og:image:width\" content=\"1000\" \/>\n\t<meta property=\"og:image:height\" content=\"1000\" \/>\n\t<meta property=\"og:image:type\" content=\"image\/jpeg\" \/>\n<meta name=\"twitter:card\" content=\"summary_large_image\" \/>\n<meta name=\"twitter:label1\" content=\"Dur\u00e9e de lecture estim\u00e9e\" \/>\n\t<meta name=\"twitter:data1\" content=\"2 minutes\" \/>\n<script type=\"application\/ld+json\" class=\"yoast-schema-graph\">{\"@context\":\"https:\\\/\\\/schema.org\",\"@graph\":[{\"@type\":\"WebPage\",\"@id\":\"https:\\\/\\\/bulaoutdoor.nl\\\/product\\\/jacobus06-kookkachel\\\/\",\"url\":\"https:\\\/\\\/bulaoutdoor.nl\\\/product\\\/jacobus06-kookkachel\\\/\",\"name\":\"JAcobus 6 kookkachel &#8211; Bula Outdoor\",\"isPartOf\":{\"@id\":\"https:\\\/\\\/bulaoutdoor.nl\\\/#website\"},\"primaryImageOfPage\":{\"@id\":\"https:\\\/\\\/bulaoutdoor.nl\\\/product\\\/jacobus06-kookkachel\\\/#primaryimage\"},\"image\":{\"@id\":\"https:\\\/\\\/bulaoutdoor.nl\\\/product\\\/jacobus06-kookkachel\\\/#primaryimage\"},\"thumbnailUrl\":\"https:\\\/\\\/bulaoutdoor.nl\\\/wp-content\\\/uploads\\\/2017\\\/07\\\/jacobus_6_kook_1000x1000.jpg\",\"datePublished\":\"2017-07-17T07:25:32+00:00\",\"dateModified\":\"2026-04-27T04:56:07+00:00\",\"breadcrumb\":{\"@id\":\"https:\\\/\\\/bulaoutdoor.nl\\\/product\\\/jacobus06-kookkachel\\\/#breadcrumb\"},\"inLanguage\":\"fr-FR\",\"potentialAction\":[{\"@type\":\"ReadAction\",\"target\":[\"https:\\\/\\\/bulaoutdoor.nl\\\/product\\\/jacobus06-kookkachel\\\/\"]}]},{\"@type\":\"ImageObject\",\"inLanguage\":\"fr-FR\",\"@id\":\"https:\\\/\\\/bulaoutdoor.nl\\\/product\\\/jacobus06-kookkachel\\\/#primaryimage\",\"url\":\"https:\\\/\\\/bulaoutdoor.nl\\\/wp-content\\\/uploads\\\/2017\\\/07\\\/jacobus_6_kook_1000x1000.jpg\",\"contentUrl\":\"https:\\\/\\\/bulaoutdoor.nl\\\/wp-content\\\/uploads\\\/2017\\\/07\\\/jacobus_6_kook_1000x1000.jpg\",\"width\":1000,\"height\":1000,\"caption\":\"jacobus-6-kookkachel-thumbnail\"},{\"@type\":\"BreadcrumbList\",\"@id\":\"https:\\\/\\\/bulaoutdoor.nl\\\/product\\\/jacobus06-kookkachel\\\/#breadcrumb\",\"itemListElement\":[{\"@type\":\"ListItem\",\"position\":1,\"name\":\"Home\",\"item\":\"https:\\\/\\\/bulaoutdoor.nl\\\/\"},{\"@type\":\"ListItem\",\"position\":2,\"name\":\"Online BBQ kopen\",\"item\":\"https:\\\/\\\/bulaoutdoor.nl\\\/\"},{\"@type\":\"ListItem\",\"position\":3,\"name\":\"JAcobus 6 kookkachel\"}]},{\"@type\":\"WebSite\",\"@id\":\"https:\\\/\\\/bulaoutdoor.nl\\\/#website\",\"url\":\"https:\\\/\\\/bulaoutdoor.nl\\\/\",\"name\":\"Bula Outdoor\",\"description\":\"Voor uw buitenhaard, BBQ, tuinfakkel en houtoven\",\"publisher\":{\"@id\":\"https:\\\/\\\/bulaoutdoor.nl\\\/#organization\"},\"potentialAction\":[{\"@type\":\"SearchAction\",\"target\":{\"@type\":\"EntryPoint\",\"urlTemplate\":\"https:\\\/\\\/bulaoutdoor.nl\\\/?s={search_term_string}\"},\"query-input\":{\"@type\":\"PropertyValueSpecification\",\"valueRequired\":true,\"valueName\":\"search_term_string\"}}],\"inLanguage\":\"fr-FR\"},{\"@type\":\"Organization\",\"@id\":\"https:\\\/\\\/bulaoutdoor.nl\\\/#organization\",\"name\":\"Bula Outdoor\",\"url\":\"https:\\\/\\\/bulaoutdoor.nl\\\/\",\"logo\":{\"@type\":\"ImageObject\",\"inLanguage\":\"fr-FR\",\"@id\":\"https:\\\/\\\/bulaoutdoor.nl\\\/#\\\/schema\\\/logo\\\/image\\\/\",\"url\":\"https:\\\/\\\/www.bulaoutdoor.nl\\\/wp-content\\\/uploads\\\/2018\\\/04\\\/bulaoutdoor-logo.png\",\"contentUrl\":\"https:\\\/\\\/www.bulaoutdoor.nl\\\/wp-content\\\/uploads\\\/2018\\\/04\\\/bulaoutdoor-logo.png\",\"width\":324,\"height\":91,\"caption\":\"Bula Outdoor\"},\"image\":{\"@id\":\"https:\\\/\\\/bulaoutdoor.nl\\\/#\\\/schema\\\/logo\\\/image\\\/\"}}]}<\/script>\n<!-- \/ Yoast SEO plugin. -->","yoast_head_json":{"title":"R\u00e9chaud JAcobus 6 - Bula Outdoor","robots":{"index":"index","follow":"follow","max-snippet":"max-snippet:-1","max-image-preview":"max-image-preview:large","max-video-preview":"max-video-preview:-1"},"canonical":"https:\/\/bulaoutdoor.nl\/fr\/produit\/poele-jacobus06\/","og_locale":"fr_FR","og_type":"article","og_title":"JAcobus 6 kookkachel &#8211; Bula Outdoor","og_description":"JAcobus 6 kookkachel Leuk en authentiek, koken op houtvuur. Wanneer u gebruikt maakt van de achteraansluiting heeft u drie kookpitten tot uw beschikking. Leuk voor in de woonkeuken en natuurlijk in serre en veranda. Kijk ook eens naar de leuke accessoires zoals de ketel en bakpan. Vermogen en verwarmen De kleine JAcobus kan een vermogen [&hellip;]","og_url":"https:\/\/bulaoutdoor.nl\/fr\/produit\/poele-jacobus06\/","og_site_name":"Bula Outdoor","article_modified_time":"2026-04-27T04:56:07+00:00","og_image":[{"width":1000,"height":1000,"url":"https:\/\/bulaoutdoor.nl\/wp-content\/uploads\/2017\/07\/jacobus_6_kook_1000x1000.jpg","type":"image\/jpeg"}],"twitter_card":"summary_large_image","twitter_misc":{"Dur\u00e9e de lecture estim\u00e9e":"2 minutes"},"schema":{"@context":"https:\/\/schema.org","@graph":[{"@type":"WebPage","@id":"https:\/\/bulaoutdoor.nl\/product\/jacobus06-kookkachel\/","url":"https:\/\/bulaoutdoor.nl\/product\/jacobus06-kookkachel\/","name":"R\u00e9chaud JAcobus 6 - Bula Outdoor","isPartOf":{"@id":"https:\/\/bulaoutdoor.nl\/#website"},"primaryImageOfPage":{"@id":"https:\/\/bulaoutdoor.nl\/product\/jacobus06-kookkachel\/#primaryimage"},"image":{"@id":"https:\/\/bulaoutdoor.nl\/product\/jacobus06-kookkachel\/#primaryimage"},"thumbnailUrl":"https:\/\/bulaoutdoor.nl\/wp-content\/uploads\/2017\/07\/jacobus_6_kook_1000x1000.jpg","datePublished":"2017-07-17T07:25:32+00:00","dateModified":"2026-04-27T04:56:07+00:00","breadcrumb":{"@id":"https:\/\/bulaoutdoor.nl\/product\/jacobus06-kookkachel\/#breadcrumb"},"inLanguage":"fr-FR","potentialAction":[{"@type":"ReadAction","target":["https:\/\/bulaoutdoor.nl\/product\/jacobus06-kookkachel\/"]}]},{"@type":"ImageObject","inLanguage":"fr-FR","@id":"https:\/\/bulaoutdoor.nl\/product\/jacobus06-kookkachel\/#primaryimage","url":"https:\/\/bulaoutdoor.nl\/wp-content\/uploads\/2017\/07\/jacobus_6_kook_1000x1000.jpg","contentUrl":"https:\/\/bulaoutdoor.nl\/wp-content\/uploads\/2017\/07\/jacobus_6_kook_1000x1000.jpg","width":1000,"height":1000,"caption":"jacobus-6-kookkachel-thumbnail"},{"@type":"BreadcrumbList","@id":"https:\/\/bulaoutdoor.nl\/product\/jacobus06-kookkachel\/#breadcrumb","itemListElement":[{"@type":"ListItem","position":1,"name":"Home","item":"https:\/\/bulaoutdoor.nl\/"},{"@type":"ListItem","position":2,"name":"Online BBQ kopen","item":"https:\/\/bulaoutdoor.nl\/"},{"@type":"ListItem","position":3,"name":"JAcobus 6 kookkachel"}]},{"@type":"WebSite","@id":"https:\/\/bulaoutdoor.nl\/#website","url":"https:\/\/bulaoutdoor.nl\/","name":"Bula Outdoor","description":"Pour votre chemin\u00e9e ext\u00e9rieure, votre barbecue, votre torche de jardin et votre four \u00e0 bois","publisher":{"@id":"https:\/\/bulaoutdoor.nl\/#organization"},"potentialAction":[{"@type":"SearchAction","target":{"@type":"EntryPoint","urlTemplate":"https:\/\/bulaoutdoor.nl\/?s={search_term_string}"},"query-input":{"@type":"PropertyValueSpecification","valueRequired":true,"valueName":"search_term_string"}}],"inLanguage":"fr-FR"},{"@type":"Organization","@id":"https:\/\/bulaoutdoor.nl\/#organization","name":"Bula Outdoor","url":"https:\/\/bulaoutdoor.nl\/","logo":{"@type":"ImageObject","inLanguage":"fr-FR","@id":"https:\/\/bulaoutdoor.nl\/#\/schema\/logo\/image\/","url":"https:\/\/www.bulaoutdoor.nl\/wp-content\/uploads\/2018\/04\/bulaoutdoor-logo.png","contentUrl":"https:\/\/www.bulaoutdoor.nl\/wp-content\/uploads\/2018\/04\/bulaoutdoor-logo.png","width":324,"height":91,"caption":"Bula Outdoor"},"image":{"@id":"https:\/\/bulaoutdoor.nl\/#\/schema\/logo\/image\/"}}]}},"jetpack_sharing_enabled":true,"_links":{"self":[{"href":"https:\/\/bulaoutdoor.nl\/fr\/wp-json\/wp\/v2\/product\/15476","targetHints":{"allow":["GET"]}}],"collection":[{"href":"https:\/\/bulaoutdoor.nl\/fr\/wp-json\/wp\/v2\/product"}],"about":[{"href":"https:\/\/bulaoutdoor.nl\/fr\/wp-json\/wp\/v2\/types\/product"}],"replies":[{"embeddable":true,"href":"https:\/\/bulaoutdoor.nl\/fr\/wp-json\/wp\/v2\/comments?post=15476"}],"wp:featuredmedia":[{"embeddable":true,"href":"https:\/\/bulaoutdoor.nl\/fr\/wp-json\/wp\/v2\/media\/15477"}],"wp:attachment":[{"href":"https:\/\/bulaoutdoor.nl\/fr\/wp-json\/wp\/v2\/media?parent=15476"}],"wp:term":[{"taxonomy":"product_brand","embeddable":true,"href":"https:\/\/bulaoutdoor.nl\/fr\/wp-json\/wp\/v2\/product_brand?post=15476"},{"taxonomy":"product_cat","embeddable":true,"href":"https:\/\/bulaoutdoor.nl\/fr\/wp-json\/wp\/v2\/product_cat?post=15476"},{"taxonomy":"product_tag","embeddable":true,"href":"https:\/\/bulaoutdoor.nl\/fr\/wp-json\/wp\/v2\/product_tag?post=15476"}],"curies":[{"name":"wp","href":"https:\/\/api.w.org\/{rel}","templated":true}]}}