{"id":15508,"date":"2017-07-17T10:02:27","date_gmt":"2017-07-17T10:02:27","guid":{"rendered":"https:\/\/www.bulaoutdoor.nl\/product\/jacobus-9-doorkijk-houtkachel\/"},"modified":"2026-04-06T04:54:18","modified_gmt":"2026-04-06T04:54:18","slug":"jacobus-9-poele-a-bois-transparent","status":"publish","type":"product","link":"https:\/\/bulaoutdoor.nl\/fr\/product\/jacobus-9-doorkijk-houtkachel\/","title":{"rendered":"JAcobus 9 Po\u00eale \u00e0 bois transparent"},"content":{"rendered":"<h2>Aper\u00e7u de JAcobus 9<\/h2>\n<p>Les <a href=\"https:\/\/www.haveverwarming.nl\/jacobus\" target=\"_blank\" rel=\"noopener\">JAcobus<\/a> <a href=\"https:\/\/www.haveverwarming.nl\/kachels\/doorkijk\" target=\"_blank\" rel=\"noopener\">po\u00eale transparent<\/a> est unique en son genre. Il s'agit d'une pi\u00e8ce unique. <a href=\"https:\/\/www.haveverwarming.nl\/kachels\/hout\" target=\"_blank\" rel=\"noopener\">po\u00eale \u00e0 bois<\/a> poss\u00e8de une porte avec une vitre sur deux c\u00f4t\u00e9s, ce qui en fait un po\u00eale qui peut \u00eatre plac\u00e9 au centre de votre pi\u00e8ce. Cela fait de ce po\u00eale la pi\u00e8ce ma\u00eetresse rayonnante de votre pi\u00e8ce.&nbsp;<\/p>\n<p>Ce qui rend ce po\u00eale encore plus unique, c'est qu'il peut \u00eatre enti\u00e8rement contr\u00f4l\u00e9 \u00e0 l'aide d'un seul bouton. Gr\u00e2ce \u00e0 ce bouton et au rendement \u00e9lev\u00e9 du po\u00eale \u00e0 bois, ce dernier est tr\u00e8s facile \u00e0 r\u00e9gler et vous pouvez d\u00e9cider du nombre de kW de chaleur que vous souhaitez apporter \u00e0 votre pi\u00e8ce.<\/p>\n<h3>Le meilleur de sa cat\u00e9gorie !<\/h3>\n<p>Le JAcobus 9 est actuellement l'un des feux de bois les plus vendus et ce n'est pas sans raison. Le JAcobus a un certain nombre de points qui le distinguent des autres feux de bois.<\/p>\n<p>Dans la cat\u00e9gorie des po\u00eales \u00e0 bois, les po\u00eales JAcobus ont le meilleur rendement, notamment parce que l'air fourni est pr\u00e9chauff\u00e9 par le po\u00eale lui-m\u00eame. En outre, une couche r\u00e9fl\u00e9chissante appliqu\u00e9e sur la vitre permet \u00e0 la chaleur de mieux rester \u00e0 l'int\u00e9rieur du po\u00eale.<\/p>\n<h3>Diff\u00e9rentes possibilit\u00e9s<\/h3>\n<p>D\u00e9sormais, les chemin\u00e9es JAcobus sont disponibles dans des longueurs plus courtes ou plus longues. En outre, il y a beaucoup plus d'options, par exemple, vous pouvez choisir un tiroir pratique sous votre chemin\u00e9e ou, par exemple, une porte \u00e0 fermeture automatique, il est \u00e9galement possible de commander divers accessoires. Toutes les options sont d\u00e9crites dans les sp\u00e9cifications. Vous pouvez commander le po\u00eale selon vos go\u00fbts.<\/p>\n<h3>Les granul\u00e9s de bois dans un po\u00eale \u00e0 bois ?<\/h3>\n<p>Supposons que vous n'ayez pas de (bon) bois en stock ou que vous souhaitiez que votre po\u00eale br\u00fble longtemps sans \u00eatre recharg\u00e9. Il est alors pratique de pouvoir faire fonctionner votre po\u00eale \u00e0 bois JAcobus avec des granul\u00e9s. C'est pourquoi nous proposons un \"module hybride\" pour le JAcobus. En un rien de temps, vous pouvez transformer votre JAcobus en po\u00eale \u00e0 granul\u00e9s. Chauffer au bois reste possible !<\/p>\n<h3>Dans notre centre d'exp\u00e9rience<\/h3>\n<p>Vous n'\u00eates pas encore s\u00fbr de votre choix ? Ou souhaitez-vous voir br\u00fbler des po\u00eales similaires ? Dans ce cas, n'h\u00e9sitez pas \u00e0 visiter notre <a href=\"https:\/\/www.haveverwarming.nl\/experiencecenter\" target=\"_blank\" rel=\"noopener\">Centre d'exp\u00e9rience<\/a> \u00e0 Lunteren o\u00f9 nous avons le JAcobus 9 transparent. Nous avons \u00e9galement tous les autres mod\u00e8les de JAcobus qui br\u00fblent en exposition.<\/p>\n<p>T\u00e9l\u00e9chargements de produits<\/p>\n<ul>\n<li><a class=\"download file\" href=\"https:\/\/www.haveverwarming.nl\/amfile\/file\/download\/file\/9199\/product\/98\/\" target=\"_blank\"><span>Brochure JAcobus 2023<\/span><\/a><\/li>\n<li><a class=\"download file\" href=\"https:\/\/www.haveverwarming.nl\/amfile\/file\/download\/file\/5732\/product\/98\/\" target=\"_blank\"><span>Dessin au trait JAcobus 9 Look-through<\/span><\/a><\/li>\n<li><a class=\"download file\" href=\"https:\/\/www.haveverwarming.nl\/amfile\/file\/download\/file\/597\/product\/98\/\" target=\"_blank\"><span>Label \u00e9nerg\u00e9tique JAcobus 9 po\u00eale \u00e0 bois transparent<\/span><\/a><\/li>\n<li><a class=\"download file\" href=\"https:\/\/www.haveverwarming.nl\/amfile\/file\/download\/file\/9\/product\/98\/\" target=\"_blank\"><span>Caract\u00e9ristiques techniques JAcobus 9 Look-through<\/span><\/a><\/li>\n<li><a class=\"download file\" href=\"https:\/\/www.haveverwarming.nl\/amfile\/file\/download\/file\/1091\/product\/98\/\" target=\"_blank\"><span>Aper\u00e7u du manuel JAcobus 9 <\/span><\/a><\/li>\n<li><a class=\"download file\" href=\"https:\/\/www.haveverwarming.nl\/amfile\/file\/download\/file\/598\/product\/98\/\" target=\"_blank\"><span>Diff\u00e9rence JAcobus et JAnus po\u00eale \u00e0 bois flyer<\/span><\/a><\/li>\n<li><a class=\"download file\" href=\"https:\/\/www.haveverwarming.nl\/amfile\/file\/download\/file\/6490\/product\/98\/\" target=\"_blank\"><span>Brochure sur le tir responsable<\/span><\/a><\/li>\n<li><a class=\"download file\" href=\"https:\/\/www.haveverwarming.nl\/productpdf\/download\/file\/id\/98\/name\/JAcobus_9_Doorkijk_houtkachel.pdf\/\" target=\"_blank\"><span>T\u00e9l\u00e9charger la fiche technique<\/span><\/a><\/li>\n<\/ul>","protected":false},"excerpt":{"rendered":"<p>JAcobus 9 Doorkijk De JAcobus doorkijk kachel is uniek in zijn soort. Deze houtkachel heeft aan twee zijden een deur met een glasvenster, dit zorgt ervoor dat het een haard is die goed in het midden van uw ruimte te plaatsen is. Zo is deze kachel het stralende middelpunt van uw kamer.&nbsp; Wat deze kachel [&hellip;]<\/p>\n","protected":false},"featured_media":15509,"comment_status":"open","ping_status":"closed","template":"","meta":{"_acf_changed":false},"product_brand":[],"product_cat":[1092],"product_tag":[],"class_list":{"0":"post-15508","1":"product","2":"type-product","3":"status-publish","4":"has-post-thumbnail","6":"product_cat-vrijstaande-houtkachels","8":"first","9":"instock","10":"taxable","11":"shipping-taxable","12":"purchasable","13":"product-type-simple"},"acf":[],"yoast_head":"<!-- This site is optimized with the Yoast SEO plugin v27.3 - https:\/\/yoast.com\/product\/yoast-seo-wordpress\/ -->\n<title>JAcobus 9 Doorkijk houtkachel &#8211; Bula Outdoor<\/title>\n<meta name=\"robots\" content=\"index, follow, max-snippet:-1, max-image-preview:large, max-video-preview:-1\" \/>\n<link rel=\"canonical\" href=\"https:\/\/bulaoutdoor.nl\/fr\/produit\/jacobus-9-poele-a-bois-transparent\/\" \/>\n<meta property=\"og:locale\" content=\"fr_FR\" \/>\n<meta property=\"og:type\" content=\"article\" \/>\n<meta property=\"og:title\" content=\"JAcobus 9 Doorkijk houtkachel &#8211; Bula Outdoor\" \/>\n<meta property=\"og:description\" content=\"JAcobus 9 Doorkijk De JAcobus doorkijk kachel is uniek in zijn soort. Deze houtkachel heeft aan twee zijden een deur met een glasvenster, dit zorgt ervoor dat het een haard is die goed in het midden van uw ruimte te plaatsen is. Zo is deze kachel het stralende middelpunt van uw kamer.&nbsp; Wat deze kachel [&hellip;]\" \/>\n<meta property=\"og:url\" content=\"https:\/\/bulaoutdoor.nl\/fr\/produit\/jacobus-9-poele-a-bois-transparent\/\" \/>\n<meta property=\"og:site_name\" content=\"Bula Outdoor\" \/>\n<meta property=\"article:modified_time\" content=\"2026-04-06T04:54:18+00:00\" \/>\n<meta property=\"og:image\" content=\"https:\/\/bulaoutdoor.nl\/wp-content\/uploads\/2017\/07\/jacobus_9_doorkijk_1000x1000.jpg\" \/>\n\t<meta property=\"og:image:width\" content=\"1000\" \/>\n\t<meta property=\"og:image:height\" content=\"1000\" \/>\n\t<meta property=\"og:image:type\" content=\"image\/jpeg\" \/>\n<meta name=\"twitter:card\" content=\"summary_large_image\" \/>\n<meta name=\"twitter:label1\" content=\"Dur\u00e9e de lecture estim\u00e9e\" \/>\n\t<meta name=\"twitter:data1\" content=\"2 minutes\" \/>\n<script type=\"application\/ld+json\" class=\"yoast-schema-graph\">{\"@context\":\"https:\\\/\\\/schema.org\",\"@graph\":[{\"@type\":\"WebPage\",\"@id\":\"https:\\\/\\\/bulaoutdoor.nl\\\/product\\\/jacobus-9-doorkijk-houtkachel\\\/\",\"url\":\"https:\\\/\\\/bulaoutdoor.nl\\\/product\\\/jacobus-9-doorkijk-houtkachel\\\/\",\"name\":\"JAcobus 9 Doorkijk houtkachel &#8211; Bula Outdoor\",\"isPartOf\":{\"@id\":\"https:\\\/\\\/bulaoutdoor.nl\\\/#website\"},\"primaryImageOfPage\":{\"@id\":\"https:\\\/\\\/bulaoutdoor.nl\\\/product\\\/jacobus-9-doorkijk-houtkachel\\\/#primaryimage\"},\"image\":{\"@id\":\"https:\\\/\\\/bulaoutdoor.nl\\\/product\\\/jacobus-9-doorkijk-houtkachel\\\/#primaryimage\"},\"thumbnailUrl\":\"https:\\\/\\\/bulaoutdoor.nl\\\/wp-content\\\/uploads\\\/2017\\\/07\\\/jacobus_9_doorkijk_1000x1000.jpg\",\"datePublished\":\"2017-07-17T10:02:27+00:00\",\"dateModified\":\"2026-04-06T04:54:18+00:00\",\"breadcrumb\":{\"@id\":\"https:\\\/\\\/bulaoutdoor.nl\\\/product\\\/jacobus-9-doorkijk-houtkachel\\\/#breadcrumb\"},\"inLanguage\":\"fr-FR\",\"potentialAction\":[{\"@type\":\"ReadAction\",\"target\":[\"https:\\\/\\\/bulaoutdoor.nl\\\/product\\\/jacobus-9-doorkijk-houtkachel\\\/\"]}]},{\"@type\":\"ImageObject\",\"inLanguage\":\"fr-FR\",\"@id\":\"https:\\\/\\\/bulaoutdoor.nl\\\/product\\\/jacobus-9-doorkijk-houtkachel\\\/#primaryimage\",\"url\":\"https:\\\/\\\/bulaoutdoor.nl\\\/wp-content\\\/uploads\\\/2017\\\/07\\\/jacobus_9_doorkijk_1000x1000.jpg\",\"contentUrl\":\"https:\\\/\\\/bulaoutdoor.nl\\\/wp-content\\\/uploads\\\/2017\\\/07\\\/jacobus_9_doorkijk_1000x1000.jpg\",\"width\":1000,\"height\":1000,\"caption\":\"jacobus-9-doorkijk-houtkachel-thumbnail\"},{\"@type\":\"BreadcrumbList\",\"@id\":\"https:\\\/\\\/bulaoutdoor.nl\\\/product\\\/jacobus-9-doorkijk-houtkachel\\\/#breadcrumb\",\"itemListElement\":[{\"@type\":\"ListItem\",\"position\":1,\"name\":\"Home\",\"item\":\"https:\\\/\\\/bulaoutdoor.nl\\\/\"},{\"@type\":\"ListItem\",\"position\":2,\"name\":\"Online BBQ kopen\",\"item\":\"https:\\\/\\\/bulaoutdoor.nl\\\/\"},{\"@type\":\"ListItem\",\"position\":3,\"name\":\"JAcobus 9 Doorkijk houtkachel\"}]},{\"@type\":\"WebSite\",\"@id\":\"https:\\\/\\\/bulaoutdoor.nl\\\/#website\",\"url\":\"https:\\\/\\\/bulaoutdoor.nl\\\/\",\"name\":\"Bula Outdoor\",\"description\":\"Voor uw buitenhaard, BBQ, tuinfakkel en houtoven\",\"publisher\":{\"@id\":\"https:\\\/\\\/bulaoutdoor.nl\\\/#organization\"},\"potentialAction\":[{\"@type\":\"SearchAction\",\"target\":{\"@type\":\"EntryPoint\",\"urlTemplate\":\"https:\\\/\\\/bulaoutdoor.nl\\\/?s={search_term_string}\"},\"query-input\":{\"@type\":\"PropertyValueSpecification\",\"valueRequired\":true,\"valueName\":\"search_term_string\"}}],\"inLanguage\":\"fr-FR\"},{\"@type\":\"Organization\",\"@id\":\"https:\\\/\\\/bulaoutdoor.nl\\\/#organization\",\"name\":\"Bula Outdoor\",\"url\":\"https:\\\/\\\/bulaoutdoor.nl\\\/\",\"logo\":{\"@type\":\"ImageObject\",\"inLanguage\":\"fr-FR\",\"@id\":\"https:\\\/\\\/bulaoutdoor.nl\\\/#\\\/schema\\\/logo\\\/image\\\/\",\"url\":\"https:\\\/\\\/www.bulaoutdoor.nl\\\/wp-content\\\/uploads\\\/2018\\\/04\\\/bulaoutdoor-logo.png\",\"contentUrl\":\"https:\\\/\\\/www.bulaoutdoor.nl\\\/wp-content\\\/uploads\\\/2018\\\/04\\\/bulaoutdoor-logo.png\",\"width\":324,\"height\":91,\"caption\":\"Bula Outdoor\"},\"image\":{\"@id\":\"https:\\\/\\\/bulaoutdoor.nl\\\/#\\\/schema\\\/logo\\\/image\\\/\"}}]}<\/script>\n<!-- \/ Yoast SEO plugin. -->","yoast_head_json":{"title":"JAcobus 9 Po\u00eale \u00e0 bois transparent - Bula Outdoor","robots":{"index":"index","follow":"follow","max-snippet":"max-snippet:-1","max-image-preview":"max-image-preview:large","max-video-preview":"max-video-preview:-1"},"canonical":"https:\/\/bulaoutdoor.nl\/fr\/produit\/jacobus-9-poele-a-bois-transparent\/","og_locale":"fr_FR","og_type":"article","og_title":"JAcobus 9 Doorkijk houtkachel &#8211; Bula Outdoor","og_description":"JAcobus 9 Doorkijk De JAcobus doorkijk kachel is uniek in zijn soort. Deze houtkachel heeft aan twee zijden een deur met een glasvenster, dit zorgt ervoor dat het een haard is die goed in het midden van uw ruimte te plaatsen is. Zo is deze kachel het stralende middelpunt van uw kamer.&nbsp; Wat deze kachel [&hellip;]","og_url":"https:\/\/bulaoutdoor.nl\/fr\/produit\/jacobus-9-poele-a-bois-transparent\/","og_site_name":"Bula Outdoor","article_modified_time":"2026-04-06T04:54:18+00:00","og_image":[{"width":1000,"height":1000,"url":"https:\/\/bulaoutdoor.nl\/wp-content\/uploads\/2017\/07\/jacobus_9_doorkijk_1000x1000.jpg","type":"image\/jpeg"}],"twitter_card":"summary_large_image","twitter_misc":{"Dur\u00e9e de lecture estim\u00e9e":"2 minutes"},"schema":{"@context":"https:\/\/schema.org","@graph":[{"@type":"WebPage","@id":"https:\/\/bulaoutdoor.nl\/product\/jacobus-9-doorkijk-houtkachel\/","url":"https:\/\/bulaoutdoor.nl\/product\/jacobus-9-doorkijk-houtkachel\/","name":"JAcobus 9 Po\u00eale \u00e0 bois transparent - Bula Outdoor","isPartOf":{"@id":"https:\/\/bulaoutdoor.nl\/#website"},"primaryImageOfPage":{"@id":"https:\/\/bulaoutdoor.nl\/product\/jacobus-9-doorkijk-houtkachel\/#primaryimage"},"image":{"@id":"https:\/\/bulaoutdoor.nl\/product\/jacobus-9-doorkijk-houtkachel\/#primaryimage"},"thumbnailUrl":"https:\/\/bulaoutdoor.nl\/wp-content\/uploads\/2017\/07\/jacobus_9_doorkijk_1000x1000.jpg","datePublished":"2017-07-17T10:02:27+00:00","dateModified":"2026-04-06T04:54:18+00:00","breadcrumb":{"@id":"https:\/\/bulaoutdoor.nl\/product\/jacobus-9-doorkijk-houtkachel\/#breadcrumb"},"inLanguage":"fr-FR","potentialAction":[{"@type":"ReadAction","target":["https:\/\/bulaoutdoor.nl\/product\/jacobus-9-doorkijk-houtkachel\/"]}]},{"@type":"ImageObject","inLanguage":"fr-FR","@id":"https:\/\/bulaoutdoor.nl\/product\/jacobus-9-doorkijk-houtkachel\/#primaryimage","url":"https:\/\/bulaoutdoor.nl\/wp-content\/uploads\/2017\/07\/jacobus_9_doorkijk_1000x1000.jpg","contentUrl":"https:\/\/bulaoutdoor.nl\/wp-content\/uploads\/2017\/07\/jacobus_9_doorkijk_1000x1000.jpg","width":1000,"height":1000,"caption":"jacobus-9-doorkijk-houtkachel-thumbnail"},{"@type":"BreadcrumbList","@id":"https:\/\/bulaoutdoor.nl\/product\/jacobus-9-doorkijk-houtkachel\/#breadcrumb","itemListElement":[{"@type":"ListItem","position":1,"name":"Home","item":"https:\/\/bulaoutdoor.nl\/"},{"@type":"ListItem","position":2,"name":"Online BBQ kopen","item":"https:\/\/bulaoutdoor.nl\/"},{"@type":"ListItem","position":3,"name":"JAcobus 9 Doorkijk houtkachel"}]},{"@type":"WebSite","@id":"https:\/\/bulaoutdoor.nl\/#website","url":"https:\/\/bulaoutdoor.nl\/","name":"Bula Outdoor","description":"Pour votre chemin\u00e9e ext\u00e9rieure, votre barbecue, votre torche de jardin et votre four \u00e0 bois","publisher":{"@id":"https:\/\/bulaoutdoor.nl\/#organization"},"potentialAction":[{"@type":"SearchAction","target":{"@type":"EntryPoint","urlTemplate":"https:\/\/bulaoutdoor.nl\/?s={search_term_string}"},"query-input":{"@type":"PropertyValueSpecification","valueRequired":true,"valueName":"search_term_string"}}],"inLanguage":"fr-FR"},{"@type":"Organization","@id":"https:\/\/bulaoutdoor.nl\/#organization","name":"Bula Outdoor","url":"https:\/\/bulaoutdoor.nl\/","logo":{"@type":"ImageObject","inLanguage":"fr-FR","@id":"https:\/\/bulaoutdoor.nl\/#\/schema\/logo\/image\/","url":"https:\/\/www.bulaoutdoor.nl\/wp-content\/uploads\/2018\/04\/bulaoutdoor-logo.png","contentUrl":"https:\/\/www.bulaoutdoor.nl\/wp-content\/uploads\/2018\/04\/bulaoutdoor-logo.png","width":324,"height":91,"caption":"Bula Outdoor"},"image":{"@id":"https:\/\/bulaoutdoor.nl\/#\/schema\/logo\/image\/"}}]}},"jetpack_sharing_enabled":true,"_links":{"self":[{"href":"https:\/\/bulaoutdoor.nl\/fr\/wp-json\/wp\/v2\/product\/15508","targetHints":{"allow":["GET"]}}],"collection":[{"href":"https:\/\/bulaoutdoor.nl\/fr\/wp-json\/wp\/v2\/product"}],"about":[{"href":"https:\/\/bulaoutdoor.nl\/fr\/wp-json\/wp\/v2\/types\/product"}],"replies":[{"embeddable":true,"href":"https:\/\/bulaoutdoor.nl\/fr\/wp-json\/wp\/v2\/comments?post=15508"}],"wp:featuredmedia":[{"embeddable":true,"href":"https:\/\/bulaoutdoor.nl\/fr\/wp-json\/wp\/v2\/media\/15509"}],"wp:attachment":[{"href":"https:\/\/bulaoutdoor.nl\/fr\/wp-json\/wp\/v2\/media?parent=15508"}],"wp:term":[{"taxonomy":"product_brand","embeddable":true,"href":"https:\/\/bulaoutdoor.nl\/fr\/wp-json\/wp\/v2\/product_brand?post=15508"},{"taxonomy":"product_cat","embeddable":true,"href":"https:\/\/bulaoutdoor.nl\/fr\/wp-json\/wp\/v2\/product_cat?post=15508"},{"taxonomy":"product_tag","embeddable":true,"href":"https:\/\/bulaoutdoor.nl\/fr\/wp-json\/wp\/v2\/product_tag?post=15508"}],"curies":[{"name":"wp","href":"https:\/\/api.w.org\/{rel}","templated":true}]}}