{"id":15520,"date":"2017-07-17T12:18:53","date_gmt":"2017-07-17T12:18:53","guid":{"rendered":"https:\/\/www.bulaoutdoor.nl\/product\/dovre-760wd-houtkachel\/"},"modified":"2026-04-05T04:40:04","modified_gmt":"2026-04-05T04:40:04","slug":"poele-a-bois-dovre-760wd-2","status":"publish","type":"product","link":"https:\/\/bulaoutdoor.nl\/fr\/product\/dovre-760wd-houtkachel\/","title":{"rendered":"Dovre 760WD Po\u00eale \u00e0 bois"},"content":{"rendered":"<h1>Le Dovre 760 WD<\/h1>\n<p>Avec une puissance nominale de <a href=\"https:\/\/www.haveverwarming.nl\/kenniscentrum\/het-vermogen-van-een-haard-of-kachel\/\" target=\"_blank\" rel=\"noopener\">8,5 \u00e0 10 kW<\/a> Ce po\u00eale permet de chauffer de grandes salles de s\u00e9jour et le froid fait partie du pass\u00e9. Les <a href=\"https:\/\/www.haveverwarming.nl\/dovre\" target=\"_blank\" rel=\"noopener\">Dovre<\/a> 760WD est un lieu rustique <a href=\"https:\/\/www.haveverwarming.nl\/kachels\/hout\" target=\"_blank\" rel=\"noopener\">po\u00eale \u00e0 bois<\/a> qui est \u00e9quip\u00e9 d'un syst\u00e8me de lavage d'air. Ce syst\u00e8me garantit qu'aucune suie ne se d\u00e9pose sur la vitre pendant la combustion. La trappe de d\u00e9gazage situ\u00e9e dans le plancher du po\u00eale offre \u00e9galement un grand confort. Ce po\u00eale est \u00e9quip\u00e9 d'une porte de tiroir \u00e0 cendres s\u00e9par\u00e9e.<\/p>\n<p>Veuillez noter qu'il existe deux rapports d'essai pour cet appareil avec des charges de combustible diff\u00e9rentes. Chaque rapport donne lieu \u00e0 une puissance nominale, une capacit\u00e9 et d'autres donn\u00e9es techniques qui lui sont propres (non affich\u00e9es). La puissance nominale peut varier de 8,5 \u00e0 10 kW.<\/p>\n<h3>Centre d'exp\u00e9riences<\/h3>\n<p>Passez nous voir dans notre <a href=\"https:\/\/www.haveverwarming.nl\/experiencecenter\" target=\"_blank\" rel=\"noopener\">Centre d'exp\u00e9rience<\/a> Pour admirer ce po\u00eale !<\/p>\n<p>T\u00e9l\u00e9chargements de produits<\/p>\n<ul>\n<li><a class=\"download file\" href=\"https:\/\/www.haveverwarming.nl\/amfile\/file\/download\/file\/7931\/product\/110\/\" target=\"_blank\"><span>Catalogue Dovre 2025<\/span><\/a><\/li>\n<li><a class=\"download file\" href=\"https:\/\/www.haveverwarming.nl\/amfile\/file\/download\/file\/9198\/product\/110\/\" target=\"_blank\"><span> Informations techniques \u2013 Dovre 2025 \u2013 2026<\/span><\/a><\/li>\n<li><a class=\"download file\" href=\"https:\/\/www.haveverwarming.nl\/amfile\/file\/download\/file\/8570\/product\/110\/\" target=\"_blank\"><span>Dessin au trait Dovre 760 WD<\/span><\/a><\/li>\n<li><a class=\"download file\" href=\"https:\/\/www.haveverwarming.nl\/amfile\/file\/download\/file\/6456\/product\/110\/\" target=\"_blank\"><span>Brochure sur le tir responsable<\/span><\/a><\/li>\n<li><a class=\"download file\" href=\"https:\/\/www.haveverwarming.nl\/amfile\/file\/download\/file\/7803\/product\/110\/\" target=\"_blank\"><span>Coulisseau pneumatique de r\u00e9glage 760WD<\/span><\/a><\/li>\n<li><a class=\"download file\" href=\"https:\/\/www.haveverwarming.nl\/amfile\/file\/download\/file\/9249\/product\/110\/\" target=\"_blank\"><span>Label \u00e9nerg\u00e9tique 760 WD<\/span><\/a><\/li>\n<li><a class=\"download file\" href=\"https:\/\/www.haveverwarming.nl\/amfile\/file\/download\/file\/9250\/product\/110\/\" target=\"_blank\"><span>Instructions d'installation et d'utilisation Po\u00eale \u00e0 bois Dovre 760WD<\/span><\/a><\/li>\n<li><a class=\"download file\" href=\"https:\/\/www.haveverwarming.nl\/productpdf\/download\/file\/id\/110\/name\/Dovre_760WD_Houtkachel.pdf\/\" target=\"_blank\"><span>T\u00e9l\u00e9charger la fiche technique<\/span><\/a><\/li>\n<\/ul>","protected":false},"excerpt":{"rendered":"<p>De Dovre 760 WD Met een nominaal vermogen van 8,5 tot 10 kW kunnen grote woonkamers met deze kachel verwarmd worden en behoort kou tot het verleden. De Dovre 760WD is een rustieke houtkachel die is voorzien van het airwash systeem. Dit systeem zorgt ervoor dat tijdens het branden er geen roet op de ruit [&hellip;]<\/p>\n","protected":false},"featured_media":15521,"comment_status":"open","ping_status":"closed","template":"","meta":{"_acf_changed":false},"product_brand":[],"product_cat":[1092],"product_tag":[],"class_list":{"0":"post-15520","1":"product","2":"type-product","3":"status-publish","4":"has-post-thumbnail","6":"product_cat-vrijstaande-houtkachels","8":"first","9":"instock","10":"taxable","11":"shipping-taxable","12":"purchasable","13":"product-type-simple"},"acf":[],"yoast_head":"<!-- This site is optimized with the Yoast SEO plugin v27.3 - https:\/\/yoast.com\/product\/yoast-seo-wordpress\/ -->\n<title>Dovre 760WD Houtkachel &#8211; Bula Outdoor<\/title>\n<meta name=\"robots\" content=\"index, follow, max-snippet:-1, max-image-preview:large, max-video-preview:-1\" \/>\n<link rel=\"canonical\" href=\"https:\/\/bulaoutdoor.nl\/fr\/produit\/poele-a-bois-dovre-760wd-2\/\" \/>\n<meta property=\"og:locale\" content=\"fr_FR\" \/>\n<meta property=\"og:type\" content=\"article\" \/>\n<meta property=\"og:title\" content=\"Dovre 760WD Houtkachel &#8211; Bula Outdoor\" \/>\n<meta property=\"og:description\" content=\"De Dovre 760 WD Met een nominaal vermogen van 8,5 tot 10 kW kunnen grote woonkamers met deze kachel verwarmd worden en behoort kou tot het verleden. De Dovre 760WD is een rustieke houtkachel die is voorzien van het airwash systeem. Dit systeem zorgt ervoor dat tijdens het branden er geen roet op de ruit [&hellip;]\" \/>\n<meta property=\"og:url\" content=\"https:\/\/bulaoutdoor.nl\/fr\/produit\/poele-a-bois-dovre-760wd-2\/\" \/>\n<meta property=\"og:site_name\" content=\"Bula Outdoor\" \/>\n<meta property=\"article:modified_time\" content=\"2026-04-05T04:40:04+00:00\" \/>\n<meta property=\"og:image\" content=\"https:\/\/bulaoutdoor.nl\/wp-content\/uploads\/2017\/07\/dovre_760ed.jpg\" \/>\n\t<meta property=\"og:image:width\" content=\"1000\" \/>\n\t<meta property=\"og:image:height\" content=\"1000\" \/>\n\t<meta property=\"og:image:type\" content=\"image\/jpeg\" \/>\n<meta name=\"twitter:card\" content=\"summary_large_image\" \/>\n<meta name=\"twitter:label1\" content=\"Dur\u00e9e de lecture estim\u00e9e\" \/>\n\t<meta name=\"twitter:data1\" content=\"1 minute\" \/>\n<script type=\"application\/ld+json\" class=\"yoast-schema-graph\">{\"@context\":\"https:\\\/\\\/schema.org\",\"@graph\":[{\"@type\":\"WebPage\",\"@id\":\"https:\\\/\\\/bulaoutdoor.nl\\\/product\\\/dovre-760wd-houtkachel\\\/\",\"url\":\"https:\\\/\\\/bulaoutdoor.nl\\\/product\\\/dovre-760wd-houtkachel\\\/\",\"name\":\"Dovre 760WD Houtkachel &#8211; Bula Outdoor\",\"isPartOf\":{\"@id\":\"https:\\\/\\\/bulaoutdoor.nl\\\/#website\"},\"primaryImageOfPage\":{\"@id\":\"https:\\\/\\\/bulaoutdoor.nl\\\/product\\\/dovre-760wd-houtkachel\\\/#primaryimage\"},\"image\":{\"@id\":\"https:\\\/\\\/bulaoutdoor.nl\\\/product\\\/dovre-760wd-houtkachel\\\/#primaryimage\"},\"thumbnailUrl\":\"https:\\\/\\\/bulaoutdoor.nl\\\/wp-content\\\/uploads\\\/2017\\\/07\\\/dovre_760ed.jpg\",\"datePublished\":\"2017-07-17T12:18:53+00:00\",\"dateModified\":\"2026-04-05T04:40:04+00:00\",\"breadcrumb\":{\"@id\":\"https:\\\/\\\/bulaoutdoor.nl\\\/product\\\/dovre-760wd-houtkachel\\\/#breadcrumb\"},\"inLanguage\":\"fr-FR\",\"potentialAction\":[{\"@type\":\"ReadAction\",\"target\":[\"https:\\\/\\\/bulaoutdoor.nl\\\/product\\\/dovre-760wd-houtkachel\\\/\"]}]},{\"@type\":\"ImageObject\",\"inLanguage\":\"fr-FR\",\"@id\":\"https:\\\/\\\/bulaoutdoor.nl\\\/product\\\/dovre-760wd-houtkachel\\\/#primaryimage\",\"url\":\"https:\\\/\\\/bulaoutdoor.nl\\\/wp-content\\\/uploads\\\/2017\\\/07\\\/dovre_760ed.jpg\",\"contentUrl\":\"https:\\\/\\\/bulaoutdoor.nl\\\/wp-content\\\/uploads\\\/2017\\\/07\\\/dovre_760ed.jpg\",\"width\":1000,\"height\":1000,\"caption\":\"dovre-760wd-houtkachel-thumbnail\"},{\"@type\":\"BreadcrumbList\",\"@id\":\"https:\\\/\\\/bulaoutdoor.nl\\\/product\\\/dovre-760wd-houtkachel\\\/#breadcrumb\",\"itemListElement\":[{\"@type\":\"ListItem\",\"position\":1,\"name\":\"Home\",\"item\":\"https:\\\/\\\/bulaoutdoor.nl\\\/\"},{\"@type\":\"ListItem\",\"position\":2,\"name\":\"Online BBQ kopen\",\"item\":\"https:\\\/\\\/bulaoutdoor.nl\\\/\"},{\"@type\":\"ListItem\",\"position\":3,\"name\":\"Dovre 760WD Houtkachel\"}]},{\"@type\":\"WebSite\",\"@id\":\"https:\\\/\\\/bulaoutdoor.nl\\\/#website\",\"url\":\"https:\\\/\\\/bulaoutdoor.nl\\\/\",\"name\":\"Bula Outdoor\",\"description\":\"Voor uw buitenhaard, BBQ, tuinfakkel en houtoven\",\"publisher\":{\"@id\":\"https:\\\/\\\/bulaoutdoor.nl\\\/#organization\"},\"potentialAction\":[{\"@type\":\"SearchAction\",\"target\":{\"@type\":\"EntryPoint\",\"urlTemplate\":\"https:\\\/\\\/bulaoutdoor.nl\\\/?s={search_term_string}\"},\"query-input\":{\"@type\":\"PropertyValueSpecification\",\"valueRequired\":true,\"valueName\":\"search_term_string\"}}],\"inLanguage\":\"fr-FR\"},{\"@type\":\"Organization\",\"@id\":\"https:\\\/\\\/bulaoutdoor.nl\\\/#organization\",\"name\":\"Bula Outdoor\",\"url\":\"https:\\\/\\\/bulaoutdoor.nl\\\/\",\"logo\":{\"@type\":\"ImageObject\",\"inLanguage\":\"fr-FR\",\"@id\":\"https:\\\/\\\/bulaoutdoor.nl\\\/#\\\/schema\\\/logo\\\/image\\\/\",\"url\":\"https:\\\/\\\/www.bulaoutdoor.nl\\\/wp-content\\\/uploads\\\/2018\\\/04\\\/bulaoutdoor-logo.png\",\"contentUrl\":\"https:\\\/\\\/www.bulaoutdoor.nl\\\/wp-content\\\/uploads\\\/2018\\\/04\\\/bulaoutdoor-logo.png\",\"width\":324,\"height\":91,\"caption\":\"Bula Outdoor\"},\"image\":{\"@id\":\"https:\\\/\\\/bulaoutdoor.nl\\\/#\\\/schema\\\/logo\\\/image\\\/\"}}]}<\/script>\n<!-- \/ Yoast SEO plugin. -->","yoast_head_json":{"title":"Po\u00eale \u00e0 bois Dovre 760WD - Bula Outdoor","robots":{"index":"index","follow":"follow","max-snippet":"max-snippet:-1","max-image-preview":"max-image-preview:large","max-video-preview":"max-video-preview:-1"},"canonical":"https:\/\/bulaoutdoor.nl\/fr\/produit\/poele-a-bois-dovre-760wd-2\/","og_locale":"fr_FR","og_type":"article","og_title":"Dovre 760WD Houtkachel &#8211; Bula Outdoor","og_description":"De Dovre 760 WD Met een nominaal vermogen van 8,5 tot 10 kW kunnen grote woonkamers met deze kachel verwarmd worden en behoort kou tot het verleden. De Dovre 760WD is een rustieke houtkachel die is voorzien van het airwash systeem. Dit systeem zorgt ervoor dat tijdens het branden er geen roet op de ruit [&hellip;]","og_url":"https:\/\/bulaoutdoor.nl\/fr\/produit\/poele-a-bois-dovre-760wd-2\/","og_site_name":"Bula Outdoor","article_modified_time":"2026-04-05T04:40:04+00:00","og_image":[{"width":1000,"height":1000,"url":"https:\/\/bulaoutdoor.nl\/wp-content\/uploads\/2017\/07\/dovre_760ed.jpg","type":"image\/jpeg"}],"twitter_card":"summary_large_image","twitter_misc":{"Dur\u00e9e de lecture estim\u00e9e":"1 minute"},"schema":{"@context":"https:\/\/schema.org","@graph":[{"@type":"WebPage","@id":"https:\/\/bulaoutdoor.nl\/product\/dovre-760wd-houtkachel\/","url":"https:\/\/bulaoutdoor.nl\/product\/dovre-760wd-houtkachel\/","name":"Po\u00eale \u00e0 bois Dovre 760WD - Bula Outdoor","isPartOf":{"@id":"https:\/\/bulaoutdoor.nl\/#website"},"primaryImageOfPage":{"@id":"https:\/\/bulaoutdoor.nl\/product\/dovre-760wd-houtkachel\/#primaryimage"},"image":{"@id":"https:\/\/bulaoutdoor.nl\/product\/dovre-760wd-houtkachel\/#primaryimage"},"thumbnailUrl":"https:\/\/bulaoutdoor.nl\/wp-content\/uploads\/2017\/07\/dovre_760ed.jpg","datePublished":"2017-07-17T12:18:53+00:00","dateModified":"2026-04-05T04:40:04+00:00","breadcrumb":{"@id":"https:\/\/bulaoutdoor.nl\/product\/dovre-760wd-houtkachel\/#breadcrumb"},"inLanguage":"fr-FR","potentialAction":[{"@type":"ReadAction","target":["https:\/\/bulaoutdoor.nl\/product\/dovre-760wd-houtkachel\/"]}]},{"@type":"ImageObject","inLanguage":"fr-FR","@id":"https:\/\/bulaoutdoor.nl\/product\/dovre-760wd-houtkachel\/#primaryimage","url":"https:\/\/bulaoutdoor.nl\/wp-content\/uploads\/2017\/07\/dovre_760ed.jpg","contentUrl":"https:\/\/bulaoutdoor.nl\/wp-content\/uploads\/2017\/07\/dovre_760ed.jpg","width":1000,"height":1000,"caption":"dovre-760wd-houtkachel-thumbnail"},{"@type":"BreadcrumbList","@id":"https:\/\/bulaoutdoor.nl\/product\/dovre-760wd-houtkachel\/#breadcrumb","itemListElement":[{"@type":"ListItem","position":1,"name":"Home","item":"https:\/\/bulaoutdoor.nl\/"},{"@type":"ListItem","position":2,"name":"Online BBQ kopen","item":"https:\/\/bulaoutdoor.nl\/"},{"@type":"ListItem","position":3,"name":"Dovre 760WD Houtkachel"}]},{"@type":"WebSite","@id":"https:\/\/bulaoutdoor.nl\/#website","url":"https:\/\/bulaoutdoor.nl\/","name":"Bula Outdoor","description":"Pour votre chemin\u00e9e ext\u00e9rieure, votre barbecue, votre torche de jardin et votre four \u00e0 bois","publisher":{"@id":"https:\/\/bulaoutdoor.nl\/#organization"},"potentialAction":[{"@type":"SearchAction","target":{"@type":"EntryPoint","urlTemplate":"https:\/\/bulaoutdoor.nl\/?s={search_term_string}"},"query-input":{"@type":"PropertyValueSpecification","valueRequired":true,"valueName":"search_term_string"}}],"inLanguage":"fr-FR"},{"@type":"Organization","@id":"https:\/\/bulaoutdoor.nl\/#organization","name":"Bula Outdoor","url":"https:\/\/bulaoutdoor.nl\/","logo":{"@type":"ImageObject","inLanguage":"fr-FR","@id":"https:\/\/bulaoutdoor.nl\/#\/schema\/logo\/image\/","url":"https:\/\/www.bulaoutdoor.nl\/wp-content\/uploads\/2018\/04\/bulaoutdoor-logo.png","contentUrl":"https:\/\/www.bulaoutdoor.nl\/wp-content\/uploads\/2018\/04\/bulaoutdoor-logo.png","width":324,"height":91,"caption":"Bula Outdoor"},"image":{"@id":"https:\/\/bulaoutdoor.nl\/#\/schema\/logo\/image\/"}}]}},"jetpack_sharing_enabled":true,"_links":{"self":[{"href":"https:\/\/bulaoutdoor.nl\/fr\/wp-json\/wp\/v2\/product\/15520","targetHints":{"allow":["GET"]}}],"collection":[{"href":"https:\/\/bulaoutdoor.nl\/fr\/wp-json\/wp\/v2\/product"}],"about":[{"href":"https:\/\/bulaoutdoor.nl\/fr\/wp-json\/wp\/v2\/types\/product"}],"replies":[{"embeddable":true,"href":"https:\/\/bulaoutdoor.nl\/fr\/wp-json\/wp\/v2\/comments?post=15520"}],"wp:featuredmedia":[{"embeddable":true,"href":"https:\/\/bulaoutdoor.nl\/fr\/wp-json\/wp\/v2\/media\/15521"}],"wp:attachment":[{"href":"https:\/\/bulaoutdoor.nl\/fr\/wp-json\/wp\/v2\/media?parent=15520"}],"wp:term":[{"taxonomy":"product_brand","embeddable":true,"href":"https:\/\/bulaoutdoor.nl\/fr\/wp-json\/wp\/v2\/product_brand?post=15520"},{"taxonomy":"product_cat","embeddable":true,"href":"https:\/\/bulaoutdoor.nl\/fr\/wp-json\/wp\/v2\/product_cat?post=15520"},{"taxonomy":"product_tag","embeddable":true,"href":"https:\/\/bulaoutdoor.nl\/fr\/wp-json\/wp\/v2\/product_tag?post=15520"}],"curies":[{"name":"wp","href":"https:\/\/api.w.org\/{rel}","templated":true}]}}