{"id":15568,"date":"2017-07-18T10:12:49","date_gmt":"2017-07-18T10:12:49","guid":{"rendered":"https:\/\/www.bulaoutdoor.nl\/product\/jydepejsen-omega-basis\/"},"modified":"2026-04-27T04:56:20","modified_gmt":"2026-04-27T04:56:20","slug":"jydepejsen-omega-base","status":"publish","type":"product","link":"https:\/\/bulaoutdoor.nl\/fr\/product\/jydepejsen-omega-basis\/","title":{"rendered":"Jydepejsen Omega Basic"},"content":{"rendered":"<h2>Jydepejsen Omega Basic<\/h2>\n<p>L'Omega Basis est un syst\u00e8me de pointe pour la gestion de l'information.&nbsp;<a href=\"https:\/\/www.haveverwarming.nl\/kachels\/hout\" target=\"_blank\" rel=\"noopener\">po\u00eale \u00e0 bois<\/a>L'Omega, avec sa belle forme ronde, ses lignes \u00e9pur\u00e9es, sa belle poign\u00e9e et sa porte enti\u00e8rement en verre noir, r\u00e9pond aux exigences les plus r\u00e9centes du march\u00e9 et offre diverses options. L'Omega r\u00e9pond aux derni\u00e8res exigences du march\u00e9 et offre de nombreuses options. Ce po\u00eale \u00e0 bois est \u00e9quip\u00e9 de s\u00e9rie d'une porte \u00e0 fermeture automatique et d'une possibilit\u00e9 de raccordement pour l'arriv\u00e9e d'air ext\u00e9rieur.<\/p>\n<h3>DuplicAir<\/h3>\n<p><a href=\"https:\/\/www.haveverwarming.nl\/Jydepejsen\" target=\"_blank\" rel=\"noopener\">Jydepejsen<\/a>&nbsp;Equiper ces r\u00e9chauds avec&nbsp;<a href=\"https:\/\/www.haveverwarming.nl\/kenniscentrum\/jydepejsen-duplicair\/\" target=\"_blank\" rel=\"noopener\">DuplicAir<\/a>.<\/p>\n<h3>Plateau tournant<\/h3>\n<p>Le r\u00e9chaud est \u00e9galement disponible avec une base pivotante invisible, qui peut tourner \u00e0 360\u00b0.&nbsp;<\/p>\n<h3>Garantie<\/h3>\n<p>Garantie de 5 ans : la p\u00e9riode de garantie extra-longue de Jydepejsen offre \u00e0 nos clients une plus grande s\u00e9curit\u00e9 lors de leur achat. DuplicAir\u00ae est un syst\u00e8me de contr\u00f4le sp\u00e9cialement con\u00e7u pour garantir une combustion optimale.<\/p>\n<h3>\n<p>Jydepejsen dans l'Experience Center de HAV\u00c9 Heating<\/h3>\n<p>Venez \u00e9galement voir les po\u00eales Jydepejsen dans l'exposition.&nbsp;<a href=\"https:\/\/www.haveverwarming.nl\/experiencecenter\" target=\"_blank\" rel=\"noopener\">Centre d'exp\u00e9rience<\/a>&nbsp;\u00e0 Lunteren !<\/p>\n<p>T\u00e9l\u00e9chargements de produits<\/p>\n<ul>\n<li><a class=\"download file\" href=\"https:\/\/www.haveverwarming.nl\/amfile\/file\/download\/file\/9157\/product\/151\/\" target=\"_blank\"><span>Brochure Jydepejsen<\/span><\/a><\/li>\n<li><a class=\"download file\" href=\"https:\/\/www.haveverwarming.nl\/amfile\/file\/download\/file\/274\/product\/151\/\" target=\"_blank\"><span>Manuel Jydepejsen Omega<\/span><\/a><\/li>\n<li><a class=\"download file\" href=\"https:\/\/www.haveverwarming.nl\/amfile\/file\/download\/file\/647\/product\/151\/\" target=\"_blank\"><span>Label \u00e9nerg\u00e9tique Jydepejsen Omega<\/span><\/a><\/li>\n<li><a class=\"download file\" href=\"https:\/\/www.haveverwarming.nl\/amfile\/file\/download\/file\/1107\/product\/151\/\" target=\"_blank\"><span>Dessin de construction Jydepejsen Omega<\/span><\/a><\/li>\n<li><a class=\"download file\" href=\"https:\/\/www.haveverwarming.nl\/amfile\/file\/download\/file\/5432\/product\/151\/\" target=\"_blank\"><span>Dessin au trait de base de l'om\u00e9ga<\/span><\/a><\/li>\n<li><a class=\"download file\" href=\"https:\/\/www.haveverwarming.nl\/amfile\/file\/download\/file\/6495\/product\/151\/\" target=\"_blank\"><span>Brochure sur le tir responsable<\/span><\/a><\/li>\n<li><a class=\"download file\" href=\"https:\/\/www.haveverwarming.nl\/productpdf\/download\/file\/id\/151\/name\/Jydepejsen_Omega_Basis.pdf\/\" target=\"_blank\"><span>T\u00e9l\u00e9charger la fiche technique<\/span><\/a><\/li>\n<\/ul>","protected":false},"excerpt":{"rendered":"<p>Jydepejsen Omega Basis De Omega Basis&nbsp;is een ultramoderne&nbsp;houtkachel, met zijn mooie ronde vorm, strakke lijnenspel, mooie handgreep en volledig uit zwart glas opgetrokken deur. De Omega voldoet aan de nieuwste eisen van de markt en biedt verschillende mogelijkheden. Deze houtkachel wordt standaard geleverd met een zelfsluitende deur en een aansluitmogelijkheid voor buitenluchtinlaat. DuplicAir Jydepejsen&nbsp;rust deze [&hellip;]<\/p>\n","protected":false},"featured_media":15569,"comment_status":"open","ping_status":"closed","template":"","meta":{"_acf_changed":false},"product_brand":[],"product_cat":[1092],"product_tag":[],"class_list":{"0":"post-15568","1":"product","2":"type-product","3":"status-publish","4":"has-post-thumbnail","6":"product_cat-vrijstaande-houtkachels","8":"first","9":"instock","10":"taxable","11":"shipping-taxable","12":"purchasable","13":"product-type-simple"},"acf":[],"yoast_head":"<!-- This site is optimized with the Yoast SEO plugin v27.5 - https:\/\/yoast.com\/product\/yoast-seo-wordpress\/ -->\n<title>Jydepejsen Omega Basis &#8211; Bula Outdoor<\/title>\n<meta name=\"robots\" content=\"index, follow, max-snippet:-1, max-image-preview:large, max-video-preview:-1\" \/>\n<link rel=\"canonical\" href=\"https:\/\/bulaoutdoor.nl\/fr\/produit\/jydepejsen-omega-base\/\" \/>\n<meta property=\"og:locale\" content=\"fr_FR\" \/>\n<meta property=\"og:type\" content=\"article\" \/>\n<meta property=\"og:title\" content=\"Jydepejsen Omega Basis &#8211; Bula Outdoor\" \/>\n<meta property=\"og:description\" content=\"Jydepejsen Omega Basis De Omega Basis&nbsp;is een ultramoderne&nbsp;houtkachel, met zijn mooie ronde vorm, strakke lijnenspel, mooie handgreep en volledig uit zwart glas opgetrokken deur. De Omega voldoet aan de nieuwste eisen van de markt en biedt verschillende mogelijkheden. Deze houtkachel wordt standaard geleverd met een zelfsluitende deur en een aansluitmogelijkheid voor buitenluchtinlaat. DuplicAir Jydepejsen&nbsp;rust deze [&hellip;]\" \/>\n<meta property=\"og:url\" content=\"https:\/\/bulaoutdoor.nl\/fr\/produit\/jydepejsen-omega-base\/\" \/>\n<meta property=\"og:site_name\" content=\"Bula Outdoor\" \/>\n<meta property=\"article:modified_time\" content=\"2026-04-27T04:56:20+00:00\" \/>\n<meta property=\"og:image\" content=\"https:\/\/bulaoutdoor.nl\/wp-content\/uploads\/2017\/07\/omega_basic_1000x1000_1.jpg\" \/>\n\t<meta property=\"og:image:width\" content=\"1000\" \/>\n\t<meta property=\"og:image:height\" content=\"1000\" \/>\n\t<meta property=\"og:image:type\" content=\"image\/jpeg\" \/>\n<meta name=\"twitter:card\" content=\"summary_large_image\" \/>\n<meta name=\"twitter:label1\" content=\"Dur\u00e9e de lecture estim\u00e9e\" \/>\n\t<meta name=\"twitter:data1\" content=\"1 minute\" \/>\n<script type=\"application\/ld+json\" class=\"yoast-schema-graph\">{\"@context\":\"https:\\\/\\\/schema.org\",\"@graph\":[{\"@type\":\"WebPage\",\"@id\":\"https:\\\/\\\/bulaoutdoor.nl\\\/product\\\/jydepejsen-omega-basis\\\/\",\"url\":\"https:\\\/\\\/bulaoutdoor.nl\\\/product\\\/jydepejsen-omega-basis\\\/\",\"name\":\"Jydepejsen Omega Basis &#8211; Bula Outdoor\",\"isPartOf\":{\"@id\":\"https:\\\/\\\/bulaoutdoor.nl\\\/#website\"},\"primaryImageOfPage\":{\"@id\":\"https:\\\/\\\/bulaoutdoor.nl\\\/product\\\/jydepejsen-omega-basis\\\/#primaryimage\"},\"image\":{\"@id\":\"https:\\\/\\\/bulaoutdoor.nl\\\/product\\\/jydepejsen-omega-basis\\\/#primaryimage\"},\"thumbnailUrl\":\"https:\\\/\\\/bulaoutdoor.nl\\\/wp-content\\\/uploads\\\/2017\\\/07\\\/omega_basic_1000x1000_1.jpg\",\"datePublished\":\"2017-07-18T10:12:49+00:00\",\"dateModified\":\"2026-04-27T04:56:20+00:00\",\"breadcrumb\":{\"@id\":\"https:\\\/\\\/bulaoutdoor.nl\\\/product\\\/jydepejsen-omega-basis\\\/#breadcrumb\"},\"inLanguage\":\"fr-FR\",\"potentialAction\":[{\"@type\":\"ReadAction\",\"target\":[\"https:\\\/\\\/bulaoutdoor.nl\\\/product\\\/jydepejsen-omega-basis\\\/\"]}]},{\"@type\":\"ImageObject\",\"inLanguage\":\"fr-FR\",\"@id\":\"https:\\\/\\\/bulaoutdoor.nl\\\/product\\\/jydepejsen-omega-basis\\\/#primaryimage\",\"url\":\"https:\\\/\\\/bulaoutdoor.nl\\\/wp-content\\\/uploads\\\/2017\\\/07\\\/omega_basic_1000x1000_1.jpg\",\"contentUrl\":\"https:\\\/\\\/bulaoutdoor.nl\\\/wp-content\\\/uploads\\\/2017\\\/07\\\/omega_basic_1000x1000_1.jpg\",\"width\":1000,\"height\":1000,\"caption\":\"jydepejsen-omega-basis-thumbnail\"},{\"@type\":\"BreadcrumbList\",\"@id\":\"https:\\\/\\\/bulaoutdoor.nl\\\/product\\\/jydepejsen-omega-basis\\\/#breadcrumb\",\"itemListElement\":[{\"@type\":\"ListItem\",\"position\":1,\"name\":\"Home\",\"item\":\"https:\\\/\\\/bulaoutdoor.nl\\\/\"},{\"@type\":\"ListItem\",\"position\":2,\"name\":\"Online BBQ kopen\",\"item\":\"https:\\\/\\\/bulaoutdoor.nl\\\/\"},{\"@type\":\"ListItem\",\"position\":3,\"name\":\"Jydepejsen Omega Basis\"}]},{\"@type\":\"WebSite\",\"@id\":\"https:\\\/\\\/bulaoutdoor.nl\\\/#website\",\"url\":\"https:\\\/\\\/bulaoutdoor.nl\\\/\",\"name\":\"Bula Outdoor\",\"description\":\"Voor uw buitenhaard, BBQ, tuinfakkel en houtoven\",\"publisher\":{\"@id\":\"https:\\\/\\\/bulaoutdoor.nl\\\/#organization\"},\"potentialAction\":[{\"@type\":\"SearchAction\",\"target\":{\"@type\":\"EntryPoint\",\"urlTemplate\":\"https:\\\/\\\/bulaoutdoor.nl\\\/?s={search_term_string}\"},\"query-input\":{\"@type\":\"PropertyValueSpecification\",\"valueRequired\":true,\"valueName\":\"search_term_string\"}}],\"inLanguage\":\"fr-FR\"},{\"@type\":\"Organization\",\"@id\":\"https:\\\/\\\/bulaoutdoor.nl\\\/#organization\",\"name\":\"Bula Outdoor\",\"url\":\"https:\\\/\\\/bulaoutdoor.nl\\\/\",\"logo\":{\"@type\":\"ImageObject\",\"inLanguage\":\"fr-FR\",\"@id\":\"https:\\\/\\\/bulaoutdoor.nl\\\/#\\\/schema\\\/logo\\\/image\\\/\",\"url\":\"https:\\\/\\\/www.bulaoutdoor.nl\\\/wp-content\\\/uploads\\\/2018\\\/04\\\/bulaoutdoor-logo.png\",\"contentUrl\":\"https:\\\/\\\/www.bulaoutdoor.nl\\\/wp-content\\\/uploads\\\/2018\\\/04\\\/bulaoutdoor-logo.png\",\"width\":324,\"height\":91,\"caption\":\"Bula Outdoor\"},\"image\":{\"@id\":\"https:\\\/\\\/bulaoutdoor.nl\\\/#\\\/schema\\\/logo\\\/image\\\/\"}}]}<\/script>\n<!-- \/ Yoast SEO plugin. -->","yoast_head_json":{"title":"Jydepejsen Omega Basic - Bula Outdoor","robots":{"index":"index","follow":"follow","max-snippet":"max-snippet:-1","max-image-preview":"max-image-preview:large","max-video-preview":"max-video-preview:-1"},"canonical":"https:\/\/bulaoutdoor.nl\/fr\/produit\/jydepejsen-omega-base\/","og_locale":"fr_FR","og_type":"article","og_title":"Jydepejsen Omega Basis &#8211; Bula Outdoor","og_description":"Jydepejsen Omega Basis De Omega Basis&nbsp;is een ultramoderne&nbsp;houtkachel, met zijn mooie ronde vorm, strakke lijnenspel, mooie handgreep en volledig uit zwart glas opgetrokken deur. De Omega voldoet aan de nieuwste eisen van de markt en biedt verschillende mogelijkheden. Deze houtkachel wordt standaard geleverd met een zelfsluitende deur en een aansluitmogelijkheid voor buitenluchtinlaat. DuplicAir Jydepejsen&nbsp;rust deze [&hellip;]","og_url":"https:\/\/bulaoutdoor.nl\/fr\/produit\/jydepejsen-omega-base\/","og_site_name":"Bula Outdoor","article_modified_time":"2026-04-27T04:56:20+00:00","og_image":[{"width":1000,"height":1000,"url":"https:\/\/bulaoutdoor.nl\/wp-content\/uploads\/2017\/07\/omega_basic_1000x1000_1.jpg","type":"image\/jpeg"}],"twitter_card":"summary_large_image","twitter_misc":{"Dur\u00e9e de lecture estim\u00e9e":"1 minute"},"schema":{"@context":"https:\/\/schema.org","@graph":[{"@type":"WebPage","@id":"https:\/\/bulaoutdoor.nl\/product\/jydepejsen-omega-basis\/","url":"https:\/\/bulaoutdoor.nl\/product\/jydepejsen-omega-basis\/","name":"Jydepejsen Omega Basic - Bula Outdoor","isPartOf":{"@id":"https:\/\/bulaoutdoor.nl\/#website"},"primaryImageOfPage":{"@id":"https:\/\/bulaoutdoor.nl\/product\/jydepejsen-omega-basis\/#primaryimage"},"image":{"@id":"https:\/\/bulaoutdoor.nl\/product\/jydepejsen-omega-basis\/#primaryimage"},"thumbnailUrl":"https:\/\/bulaoutdoor.nl\/wp-content\/uploads\/2017\/07\/omega_basic_1000x1000_1.jpg","datePublished":"2017-07-18T10:12:49+00:00","dateModified":"2026-04-27T04:56:20+00:00","breadcrumb":{"@id":"https:\/\/bulaoutdoor.nl\/product\/jydepejsen-omega-basis\/#breadcrumb"},"inLanguage":"fr-FR","potentialAction":[{"@type":"ReadAction","target":["https:\/\/bulaoutdoor.nl\/product\/jydepejsen-omega-basis\/"]}]},{"@type":"ImageObject","inLanguage":"fr-FR","@id":"https:\/\/bulaoutdoor.nl\/product\/jydepejsen-omega-basis\/#primaryimage","url":"https:\/\/bulaoutdoor.nl\/wp-content\/uploads\/2017\/07\/omega_basic_1000x1000_1.jpg","contentUrl":"https:\/\/bulaoutdoor.nl\/wp-content\/uploads\/2017\/07\/omega_basic_1000x1000_1.jpg","width":1000,"height":1000,"caption":"jydepejsen-omega-basis-thumbnail"},{"@type":"BreadcrumbList","@id":"https:\/\/bulaoutdoor.nl\/product\/jydepejsen-omega-basis\/#breadcrumb","itemListElement":[{"@type":"ListItem","position":1,"name":"Home","item":"https:\/\/bulaoutdoor.nl\/"},{"@type":"ListItem","position":2,"name":"Online BBQ kopen","item":"https:\/\/bulaoutdoor.nl\/"},{"@type":"ListItem","position":3,"name":"Jydepejsen Omega Basis"}]},{"@type":"WebSite","@id":"https:\/\/bulaoutdoor.nl\/#website","url":"https:\/\/bulaoutdoor.nl\/","name":"Bula Outdoor","description":"Pour votre chemin\u00e9e ext\u00e9rieure, votre barbecue, votre torche de jardin et votre four \u00e0 bois","publisher":{"@id":"https:\/\/bulaoutdoor.nl\/#organization"},"potentialAction":[{"@type":"SearchAction","target":{"@type":"EntryPoint","urlTemplate":"https:\/\/bulaoutdoor.nl\/?s={search_term_string}"},"query-input":{"@type":"PropertyValueSpecification","valueRequired":true,"valueName":"search_term_string"}}],"inLanguage":"fr-FR"},{"@type":"Organization","@id":"https:\/\/bulaoutdoor.nl\/#organization","name":"Bula Outdoor","url":"https:\/\/bulaoutdoor.nl\/","logo":{"@type":"ImageObject","inLanguage":"fr-FR","@id":"https:\/\/bulaoutdoor.nl\/#\/schema\/logo\/image\/","url":"https:\/\/www.bulaoutdoor.nl\/wp-content\/uploads\/2018\/04\/bulaoutdoor-logo.png","contentUrl":"https:\/\/www.bulaoutdoor.nl\/wp-content\/uploads\/2018\/04\/bulaoutdoor-logo.png","width":324,"height":91,"caption":"Bula Outdoor"},"image":{"@id":"https:\/\/bulaoutdoor.nl\/#\/schema\/logo\/image\/"}}]}},"jetpack_sharing_enabled":true,"_links":{"self":[{"href":"https:\/\/bulaoutdoor.nl\/fr\/wp-json\/wp\/v2\/product\/15568","targetHints":{"allow":["GET"]}}],"collection":[{"href":"https:\/\/bulaoutdoor.nl\/fr\/wp-json\/wp\/v2\/product"}],"about":[{"href":"https:\/\/bulaoutdoor.nl\/fr\/wp-json\/wp\/v2\/types\/product"}],"replies":[{"embeddable":true,"href":"https:\/\/bulaoutdoor.nl\/fr\/wp-json\/wp\/v2\/comments?post=15568"}],"wp:featuredmedia":[{"embeddable":true,"href":"https:\/\/bulaoutdoor.nl\/fr\/wp-json\/wp\/v2\/media\/15569"}],"wp:attachment":[{"href":"https:\/\/bulaoutdoor.nl\/fr\/wp-json\/wp\/v2\/media?parent=15568"}],"wp:term":[{"taxonomy":"product_brand","embeddable":true,"href":"https:\/\/bulaoutdoor.nl\/fr\/wp-json\/wp\/v2\/product_brand?post=15568"},{"taxonomy":"product_cat","embeddable":true,"href":"https:\/\/bulaoutdoor.nl\/fr\/wp-json\/wp\/v2\/product_cat?post=15568"},{"taxonomy":"product_tag","embeddable":true,"href":"https:\/\/bulaoutdoor.nl\/fr\/wp-json\/wp\/v2\/product_tag?post=15568"}],"curies":[{"name":"wp","href":"https:\/\/api.w.org\/{rel}","templated":true}]}}