{"id":15584,"date":"2017-07-18T11:55:27","date_gmt":"2017-07-18T11:55:27","guid":{"rendered":"https:\/\/www.bulaoutdoor.nl\/product\/nestor-martin-harmony-iii-houtkachel\/"},"modified":"2026-04-27T04:56:25","modified_gmt":"2026-04-27T04:56:25","slug":"poele-a-bois-nestor-martin-harmony-iii","status":"publish","type":"product","link":"https:\/\/bulaoutdoor.nl\/fr\/product\/nestor-martin-harmony-iii-houtkachel\/","title":{"rendered":"Nestor Martin Harmony 3"},"content":{"rendered":"<h2>Nestor Martin Harmony 3<\/h2>\n<p>L'Harmony 3 de <a href=\"https:\/\/www.haveverwarming.nl\/nestormartin\" target=\"_blank\" rel=\"noopener\">Nestor Martin<\/a> est un v\u00e9ritable cheval de bataille pour le chauffage fonctionnel. Il est facile \u00e0 utiliser gr\u00e2ce \u00e0 une seule glissi\u00e8re. L'aspect magnifique et authentique de cet appareil en fait un v\u00e9ritable outil de travail pour un chauffage fonctionnel.&nbsp;<a href=\"https:\/\/www.haveverwarming.nl\/kachels\/hout\" target=\"_blank\" rel=\"noopener\">po\u00eale \u00e0 bois<\/a>&nbsp;fait honneur \u00e0 son nom. Outre de belles flammes et un feu de bois cr\u00e9pitant, ce po\u00eale \u00e0 bois conf\u00e8re \u00e0 votre int\u00e9rieur une ambiance chaleureuse.&nbsp;<\/p>\n<h3>Chargeur lat\u00e9ral<\/h3>\n<p>Le po\u00eale dispose non seulement d'une porte d'entr\u00e9e, mais aussi d'une porte lat\u00e9rale, de sorte que vous pouvez facilement&nbsp;<a href=\"https:\/\/www.haveverwarming.nl\/kenniscentrum\/wat-is-hout\" target=\"_blank\" rel=\"noopener\">b\u00fbches<\/a>&nbsp;recharge dans le r\u00e9chaud.&nbsp;<\/p>\n<h3>Garder le po\u00eale \u00e0 bois Nestor Martin pendant la nuit<\/h3>\n<p>En raison du mode nuit de cette <a href=\"https:\/\/www.haveverwarming.nl\/kachels\/hout\" target=\"_blank\" rel=\"noopener\">po\u00eale \u00e0 bois<\/a> il re\u00e7oit une petite quantit\u00e9 d'oxyg\u00e8ne tout au long de la nuit. Ainsi, ce r\u00e9chaud peut rester allum\u00e9 pendant au moins huit heures. Le matin, si n\u00e9cessaire, il est encore chaud et vous pouvez continuer \u00e0 l'alimenter en un rien de temps.<\/p>\n<h3>Venez au Centre d'exp\u00e9rience de chauffage HAV\u00c9&nbsp;<\/h3>\n<p>N'h\u00e9sitez pas \u00e0 venir nous voir en <a href=\"https:\/\/www.haveverwarming.nl\/experiencecenter\" target=\"_blank\" rel=\"noopener\">Centre d'exp\u00e9rience<\/a> \u00e0 Lunteren pour voir le Nestor Martin Harmony en vrai, ainsi qu'une foule d'autres magnifiques po\u00eales en fonte et en t\u00f4le d'acier.<\/p>\n<p>T\u00e9l\u00e9chargements de produits<\/p>\n<ul>\n<li><a class=\"download file\" href=\"https:\/\/www.haveverwarming.nl\/amfile\/file\/download\/file\/8233\/product\/158\/\" target=\"_blank\"><span>Brochure Nestor Martin 2024<\/span><\/a><\/li>\n<li><a class=\"download file\" href=\"https:\/\/www.haveverwarming.nl\/amfile\/file\/download\/file\/656\/product\/158\/\" target=\"_blank\"><span>Label \u00e9nerg\u00e9tique Nestor Martin Harmony 3 po\u00eale \u00e0 bois<\/span><\/a><\/li>\n<li><a class=\"download file\" href=\"https:\/\/www.haveverwarming.nl\/amfile\/file\/download\/file\/5740\/product\/158\/\" target=\"_blank\"><span>Dessin au trait Nestor Martin Harmony 3<\/span><\/a><\/li>\n<li><a class=\"download file\" href=\"https:\/\/www.haveverwarming.nl\/amfile\/file\/download\/file\/1875\/product\/158\/\" target=\"_blank\"><span>Manuel de l'utilisateur Harmony 3<\/span><\/a><\/li>\n<li><a class=\"download file\" href=\"https:\/\/www.haveverwarming.nl\/productpdf\/download\/file\/id\/158\/name\/Nestor_Martin_Harmony_3.pdf\/\" target=\"_blank\"><span>T\u00e9l\u00e9charger la fiche technique<\/span><\/a><\/li>\n<\/ul>","protected":false},"excerpt":{"rendered":"<p>Nestor Martin&nbsp;Harmony 3 De Harmony 3 van Nestor Martin is een echt werkpaard voor functionele verwarming. Makkelijk te bedienen door middel van \u00e9\u00e9n schuif.&nbsp;De prachtige authentieke look doet deze&nbsp;houtkachel&nbsp;werkelijk eer aan. Naast een mooi vlammenspel en een knisperend houtvuur, geeft deze houtkachel uw interieur ook nog eens een gezellige uitstraling.&nbsp; Zijlader De kachel beschikt niet [&hellip;]<\/p>\n","protected":false},"featured_media":98546,"comment_status":"open","ping_status":"closed","template":"","meta":{"_acf_changed":false},"product_brand":[],"product_cat":[1092],"product_tag":[],"class_list":{"0":"post-15584","1":"product","2":"type-product","3":"status-publish","4":"has-post-thumbnail","6":"product_cat-vrijstaande-houtkachels","8":"first","9":"instock","10":"taxable","11":"shipping-taxable","12":"purchasable","13":"product-type-simple"},"acf":[],"yoast_head":"<!-- This site is optimized with the Yoast SEO plugin v27.5 - https:\/\/yoast.com\/product\/yoast-seo-wordpress\/ -->\n<title>Nestor Martin Harmony 3 &#8211; Bula Outdoor<\/title>\n<meta name=\"robots\" content=\"index, follow, max-snippet:-1, max-image-preview:large, max-video-preview:-1\" \/>\n<link rel=\"canonical\" href=\"https:\/\/bulaoutdoor.nl\/fr\/produit\/poele-a-bois-nestor-martin-harmony-iii\/\" \/>\n<meta property=\"og:locale\" content=\"fr_FR\" \/>\n<meta property=\"og:type\" content=\"article\" \/>\n<meta property=\"og:title\" content=\"Nestor Martin Harmony 3 &#8211; Bula Outdoor\" \/>\n<meta property=\"og:description\" content=\"Nestor Martin&nbsp;Harmony 3 De Harmony 3 van Nestor Martin is een echt werkpaard voor functionele verwarming. Makkelijk te bedienen door middel van \u00e9\u00e9n schuif.&nbsp;De prachtige authentieke look doet deze&nbsp;houtkachel&nbsp;werkelijk eer aan. Naast een mooi vlammenspel en een knisperend houtvuur, geeft deze houtkachel uw interieur ook nog eens een gezellige uitstraling.&nbsp; Zijlader De kachel beschikt niet [&hellip;]\" \/>\n<meta property=\"og:url\" content=\"https:\/\/bulaoutdoor.nl\/fr\/produit\/poele-a-bois-nestor-martin-harmony-iii\/\" \/>\n<meta property=\"og:site_name\" content=\"Bula Outdoor\" \/>\n<meta property=\"article:modified_time\" content=\"2026-04-27T04:56:25+00:00\" \/>\n<meta property=\"og:image\" content=\"https:\/\/bulaoutdoor.nl\/wp-content\/uploads\/2017\/07\/harmony_3.png\" \/>\n\t<meta property=\"og:image:width\" content=\"700\" \/>\n\t<meta property=\"og:image:height\" content=\"700\" \/>\n\t<meta property=\"og:image:type\" content=\"image\/png\" \/>\n<meta name=\"twitter:card\" content=\"summary_large_image\" \/>\n<meta name=\"twitter:label1\" content=\"Dur\u00e9e de lecture estim\u00e9e\" \/>\n\t<meta name=\"twitter:data1\" content=\"1 minute\" \/>\n<script type=\"application\/ld+json\" class=\"yoast-schema-graph\">{\"@context\":\"https:\\\/\\\/schema.org\",\"@graph\":[{\"@type\":\"WebPage\",\"@id\":\"https:\\\/\\\/bulaoutdoor.nl\\\/product\\\/nestor-martin-harmony-iii-houtkachel\\\/\",\"url\":\"https:\\\/\\\/bulaoutdoor.nl\\\/product\\\/nestor-martin-harmony-iii-houtkachel\\\/\",\"name\":\"Nestor Martin Harmony 3 &#8211; Bula Outdoor\",\"isPartOf\":{\"@id\":\"https:\\\/\\\/bulaoutdoor.nl\\\/#website\"},\"primaryImageOfPage\":{\"@id\":\"https:\\\/\\\/bulaoutdoor.nl\\\/product\\\/nestor-martin-harmony-iii-houtkachel\\\/#primaryimage\"},\"image\":{\"@id\":\"https:\\\/\\\/bulaoutdoor.nl\\\/product\\\/nestor-martin-harmony-iii-houtkachel\\\/#primaryimage\"},\"thumbnailUrl\":\"https:\\\/\\\/bulaoutdoor.nl\\\/wp-content\\\/uploads\\\/2017\\\/07\\\/harmony_3.png\",\"datePublished\":\"2017-07-18T11:55:27+00:00\",\"dateModified\":\"2026-04-27T04:56:25+00:00\",\"breadcrumb\":{\"@id\":\"https:\\\/\\\/bulaoutdoor.nl\\\/product\\\/nestor-martin-harmony-iii-houtkachel\\\/#breadcrumb\"},\"inLanguage\":\"fr-FR\",\"potentialAction\":[{\"@type\":\"ReadAction\",\"target\":[\"https:\\\/\\\/bulaoutdoor.nl\\\/product\\\/nestor-martin-harmony-iii-houtkachel\\\/\"]}]},{\"@type\":\"ImageObject\",\"inLanguage\":\"fr-FR\",\"@id\":\"https:\\\/\\\/bulaoutdoor.nl\\\/product\\\/nestor-martin-harmony-iii-houtkachel\\\/#primaryimage\",\"url\":\"https:\\\/\\\/bulaoutdoor.nl\\\/wp-content\\\/uploads\\\/2017\\\/07\\\/harmony_3.png\",\"contentUrl\":\"https:\\\/\\\/bulaoutdoor.nl\\\/wp-content\\\/uploads\\\/2017\\\/07\\\/harmony_3.png\",\"width\":700,\"height\":700,\"caption\":\"nestor-martin-harmony-3-thumbnail\"},{\"@type\":\"BreadcrumbList\",\"@id\":\"https:\\\/\\\/bulaoutdoor.nl\\\/product\\\/nestor-martin-harmony-iii-houtkachel\\\/#breadcrumb\",\"itemListElement\":[{\"@type\":\"ListItem\",\"position\":1,\"name\":\"Home\",\"item\":\"https:\\\/\\\/bulaoutdoor.nl\\\/\"},{\"@type\":\"ListItem\",\"position\":2,\"name\":\"Online BBQ kopen\",\"item\":\"https:\\\/\\\/bulaoutdoor.nl\\\/\"},{\"@type\":\"ListItem\",\"position\":3,\"name\":\"Nestor Martin Harmony 3\"}]},{\"@type\":\"WebSite\",\"@id\":\"https:\\\/\\\/bulaoutdoor.nl\\\/#website\",\"url\":\"https:\\\/\\\/bulaoutdoor.nl\\\/\",\"name\":\"Bula Outdoor\",\"description\":\"Voor uw buitenhaard, BBQ, tuinfakkel en houtoven\",\"publisher\":{\"@id\":\"https:\\\/\\\/bulaoutdoor.nl\\\/#organization\"},\"potentialAction\":[{\"@type\":\"SearchAction\",\"target\":{\"@type\":\"EntryPoint\",\"urlTemplate\":\"https:\\\/\\\/bulaoutdoor.nl\\\/?s={search_term_string}\"},\"query-input\":{\"@type\":\"PropertyValueSpecification\",\"valueRequired\":true,\"valueName\":\"search_term_string\"}}],\"inLanguage\":\"fr-FR\"},{\"@type\":\"Organization\",\"@id\":\"https:\\\/\\\/bulaoutdoor.nl\\\/#organization\",\"name\":\"Bula Outdoor\",\"url\":\"https:\\\/\\\/bulaoutdoor.nl\\\/\",\"logo\":{\"@type\":\"ImageObject\",\"inLanguage\":\"fr-FR\",\"@id\":\"https:\\\/\\\/bulaoutdoor.nl\\\/#\\\/schema\\\/logo\\\/image\\\/\",\"url\":\"https:\\\/\\\/www.bulaoutdoor.nl\\\/wp-content\\\/uploads\\\/2018\\\/04\\\/bulaoutdoor-logo.png\",\"contentUrl\":\"https:\\\/\\\/www.bulaoutdoor.nl\\\/wp-content\\\/uploads\\\/2018\\\/04\\\/bulaoutdoor-logo.png\",\"width\":324,\"height\":91,\"caption\":\"Bula Outdoor\"},\"image\":{\"@id\":\"https:\\\/\\\/bulaoutdoor.nl\\\/#\\\/schema\\\/logo\\\/image\\\/\"}}]}<\/script>\n<!-- \/ Yoast SEO plugin. -->","yoast_head_json":{"title":"Nestor Martin Harmony 3 - Bula Outdoor","robots":{"index":"index","follow":"follow","max-snippet":"max-snippet:-1","max-image-preview":"max-image-preview:large","max-video-preview":"max-video-preview:-1"},"canonical":"https:\/\/bulaoutdoor.nl\/fr\/produit\/poele-a-bois-nestor-martin-harmony-iii\/","og_locale":"fr_FR","og_type":"article","og_title":"Nestor Martin Harmony 3 &#8211; Bula Outdoor","og_description":"Nestor Martin&nbsp;Harmony 3 De Harmony 3 van Nestor Martin is een echt werkpaard voor functionele verwarming. Makkelijk te bedienen door middel van \u00e9\u00e9n schuif.&nbsp;De prachtige authentieke look doet deze&nbsp;houtkachel&nbsp;werkelijk eer aan. Naast een mooi vlammenspel en een knisperend houtvuur, geeft deze houtkachel uw interieur ook nog eens een gezellige uitstraling.&nbsp; Zijlader De kachel beschikt niet [&hellip;]","og_url":"https:\/\/bulaoutdoor.nl\/fr\/produit\/poele-a-bois-nestor-martin-harmony-iii\/","og_site_name":"Bula Outdoor","article_modified_time":"2026-04-27T04:56:25+00:00","og_image":[{"width":700,"height":700,"url":"https:\/\/bulaoutdoor.nl\/wp-content\/uploads\/2017\/07\/harmony_3.png","type":"image\/png"}],"twitter_card":"summary_large_image","twitter_misc":{"Dur\u00e9e de lecture estim\u00e9e":"1 minute"},"schema":{"@context":"https:\/\/schema.org","@graph":[{"@type":"WebPage","@id":"https:\/\/bulaoutdoor.nl\/product\/nestor-martin-harmony-iii-houtkachel\/","url":"https:\/\/bulaoutdoor.nl\/product\/nestor-martin-harmony-iii-houtkachel\/","name":"Nestor Martin Harmony 3 - Bula Outdoor","isPartOf":{"@id":"https:\/\/bulaoutdoor.nl\/#website"},"primaryImageOfPage":{"@id":"https:\/\/bulaoutdoor.nl\/product\/nestor-martin-harmony-iii-houtkachel\/#primaryimage"},"image":{"@id":"https:\/\/bulaoutdoor.nl\/product\/nestor-martin-harmony-iii-houtkachel\/#primaryimage"},"thumbnailUrl":"https:\/\/bulaoutdoor.nl\/wp-content\/uploads\/2017\/07\/harmony_3.png","datePublished":"2017-07-18T11:55:27+00:00","dateModified":"2026-04-27T04:56:25+00:00","breadcrumb":{"@id":"https:\/\/bulaoutdoor.nl\/product\/nestor-martin-harmony-iii-houtkachel\/#breadcrumb"},"inLanguage":"fr-FR","potentialAction":[{"@type":"ReadAction","target":["https:\/\/bulaoutdoor.nl\/product\/nestor-martin-harmony-iii-houtkachel\/"]}]},{"@type":"ImageObject","inLanguage":"fr-FR","@id":"https:\/\/bulaoutdoor.nl\/product\/nestor-martin-harmony-iii-houtkachel\/#primaryimage","url":"https:\/\/bulaoutdoor.nl\/wp-content\/uploads\/2017\/07\/harmony_3.png","contentUrl":"https:\/\/bulaoutdoor.nl\/wp-content\/uploads\/2017\/07\/harmony_3.png","width":700,"height":700,"caption":"nestor-martin-harmony-3-thumbnail"},{"@type":"BreadcrumbList","@id":"https:\/\/bulaoutdoor.nl\/product\/nestor-martin-harmony-iii-houtkachel\/#breadcrumb","itemListElement":[{"@type":"ListItem","position":1,"name":"Home","item":"https:\/\/bulaoutdoor.nl\/"},{"@type":"ListItem","position":2,"name":"Online BBQ kopen","item":"https:\/\/bulaoutdoor.nl\/"},{"@type":"ListItem","position":3,"name":"Nestor Martin Harmony 3"}]},{"@type":"WebSite","@id":"https:\/\/bulaoutdoor.nl\/#website","url":"https:\/\/bulaoutdoor.nl\/","name":"Bula Outdoor","description":"Pour votre chemin\u00e9e ext\u00e9rieure, votre barbecue, votre torche de jardin et votre four \u00e0 bois","publisher":{"@id":"https:\/\/bulaoutdoor.nl\/#organization"},"potentialAction":[{"@type":"SearchAction","target":{"@type":"EntryPoint","urlTemplate":"https:\/\/bulaoutdoor.nl\/?s={search_term_string}"},"query-input":{"@type":"PropertyValueSpecification","valueRequired":true,"valueName":"search_term_string"}}],"inLanguage":"fr-FR"},{"@type":"Organization","@id":"https:\/\/bulaoutdoor.nl\/#organization","name":"Bula Outdoor","url":"https:\/\/bulaoutdoor.nl\/","logo":{"@type":"ImageObject","inLanguage":"fr-FR","@id":"https:\/\/bulaoutdoor.nl\/#\/schema\/logo\/image\/","url":"https:\/\/www.bulaoutdoor.nl\/wp-content\/uploads\/2018\/04\/bulaoutdoor-logo.png","contentUrl":"https:\/\/www.bulaoutdoor.nl\/wp-content\/uploads\/2018\/04\/bulaoutdoor-logo.png","width":324,"height":91,"caption":"Bula Outdoor"},"image":{"@id":"https:\/\/bulaoutdoor.nl\/#\/schema\/logo\/image\/"}}]}},"jetpack_sharing_enabled":true,"_links":{"self":[{"href":"https:\/\/bulaoutdoor.nl\/fr\/wp-json\/wp\/v2\/product\/15584","targetHints":{"allow":["GET"]}}],"collection":[{"href":"https:\/\/bulaoutdoor.nl\/fr\/wp-json\/wp\/v2\/product"}],"about":[{"href":"https:\/\/bulaoutdoor.nl\/fr\/wp-json\/wp\/v2\/types\/product"}],"replies":[{"embeddable":true,"href":"https:\/\/bulaoutdoor.nl\/fr\/wp-json\/wp\/v2\/comments?post=15584"}],"wp:featuredmedia":[{"embeddable":true,"href":"https:\/\/bulaoutdoor.nl\/fr\/wp-json\/wp\/v2\/media\/98546"}],"wp:attachment":[{"href":"https:\/\/bulaoutdoor.nl\/fr\/wp-json\/wp\/v2\/media?parent=15584"}],"wp:term":[{"taxonomy":"product_brand","embeddable":true,"href":"https:\/\/bulaoutdoor.nl\/fr\/wp-json\/wp\/v2\/product_brand?post=15584"},{"taxonomy":"product_cat","embeddable":true,"href":"https:\/\/bulaoutdoor.nl\/fr\/wp-json\/wp\/v2\/product_cat?post=15584"},{"taxonomy":"product_tag","embeddable":true,"href":"https:\/\/bulaoutdoor.nl\/fr\/wp-json\/wp\/v2\/product_tag?post=15584"}],"curies":[{"name":"wp","href":"https:\/\/api.w.org\/{rel}","templated":true}]}}