{"id":15612,"date":"2017-07-18T13:43:44","date_gmt":"2017-07-18T13:43:44","guid":{"rendered":"https:\/\/www.bulaoutdoor.nl\/product\/nestor-martin-stanford-12-houtkachel\/"},"modified":"2026-04-05T04:41:32","modified_gmt":"2026-04-05T04:41:32","slug":"poele-a-bois-nestor-martin-stanford-12","status":"publish","type":"product","link":"https:\/\/bulaoutdoor.nl\/fr\/product\/nestor-martin-stanford-12-houtkachel\/","title":{"rendered":"Po\u00eale \u00e0 bois Nestor Martin Stanford 12"},"content":{"rendered":"<h2>Po\u00eale \u00e0 bois Nestor Martin Stanford 12<\/h2>\n<p>La s\u00e9rie Stanford se compose d'une ligne majestueuse&nbsp;<a href=\"https:\/\/www.haveverwarming.nl\/kachels\/hout\" target=\"_blank\" rel=\"noopener\">po\u00eales \u00e0 bois<\/a>&nbsp;qui enrichit tout int\u00e9rieur. Disponible en option avec une plaque de cuisson polie. Cette table de cuisson est disponible en option avec une plaque de cuisson polie.&nbsp;<a href=\"https:\/\/www.haveverwarming.nl\/nestor-martin\" target=\"_blank\" rel=\"noopener\">Nestor Martin<\/a>&nbsp;Le po\u00eale est livr\u00e9 avec des poign\u00e9es de la couleur du po\u00eale.<\/p>\n<h3>Avantages Stanford 12<\/h3>\n<p>Outre leur style unique, les mod\u00e8les de Stanford pr\u00e9sentent d'autres avantages :&nbsp;<\/p>\n<ul>\n<li>Une fen\u00eatre plus propre qui offre une vue incroyablement large de l'ensemble de l'Union europ\u00e9enne.&nbsp;<a href=\"https:\/\/www.haveverwarming.nl\/kenniscentrum\/wat-is-vuur\" target=\"_blank\" rel=\"noopener\">flamme<\/a><\/li>\n<li>Facile \u00e0 remplir sur le devant ou sur le c\u00f4t\u00e9 !<\/li>\n<li>Grand cendrier<\/li>\n<li>Combustion plus propre, double circulation d'air<\/li>\n<li>Air secondaire : admission d'air par la partie sup\u00e9rieure pour une combustion plus propre (r\u00e9duction des \u00e9missions de CO) et une fen\u00eatre plus propre.<\/li>\n<\/ul>\n<h3>Centre d'exp\u00e9rience<\/h3>\n<p>Venez \u00e9galement voir un mod\u00e8le similaire de la Stanford 12 en situation r\u00e9elle dans notre&nbsp;<a href=\"https:\/\/www.haveverwarming.nl\/experiencecenter\" target=\"_blank\" rel=\"noopener\">Centre d'exp\u00e9rience<\/a>!<\/p>\n<p>T\u00e9l\u00e9chargements de produits<\/p>\n<ul>\n<li><a class=\"download file\" href=\"https:\/\/www.haveverwarming.nl\/amfile\/file\/download\/file\/8233\/product\/176\/\" target=\"_blank\"><span>Brochure Nestor Martin 2024<\/span><\/a><\/li>\n<li><a class=\"download file\" href=\"https:\/\/www.haveverwarming.nl\/amfile\/file\/download\/file\/1675\/product\/176\/\" target=\"_blank\"><span>Dessin au trait Stanford 12<\/span><\/a><\/li>\n<li><a class=\"download file\" href=\"https:\/\/www.haveverwarming.nl\/amfile\/file\/download\/file\/5743\/product\/176\/\" target=\"_blank\"><span>Label \u00e9nerg\u00e9tique Nestor Martin Stanford 12 Po\u00eale \u00e0 bois<\/span><\/a><\/li>\n<li><a class=\"download file\" href=\"https:\/\/www.haveverwarming.nl\/amfile\/file\/download\/file\/1098\/product\/176\/\" target=\"_blank\"><span>Manuel d'utilisation de la t\u00e9l\u00e9commande Nestor Martin Stanford 12<\/span><\/a><\/li>\n<li><a class=\"download file\" href=\"https:\/\/www.haveverwarming.nl\/amfile\/file\/download\/file\/5744\/product\/176\/\" target=\"_blank\"><span>Manuel Nestor Martin Stanford 12 po\u00eale \u00e0 bois<\/span><\/a><\/li>\n<li><a class=\"download file\" href=\"https:\/\/www.haveverwarming.nl\/amfile\/file\/download\/file\/6577\/product\/176\/\" target=\"_blank\"><span>Brochure sur le tir responsable<\/span><\/a><\/li>\n<li><a class=\"download file\" href=\"https:\/\/www.haveverwarming.nl\/productpdf\/download\/file\/id\/176\/name\/Nestor_Martin_Stanford_12_houtkachel.pdf\/\" target=\"_blank\"><span>T\u00e9l\u00e9charger la fiche technique<\/span><\/a><\/li>\n<\/ul>","protected":false},"excerpt":{"rendered":"<p>Nestor Martin&nbsp;Stanford 12&nbsp;houtkachel De Stanford serie bestaat uit een statige lijn&nbsp;houtkachels&nbsp;die elk interieur rijker maakt. Eventueel met gepolijste kookplaat leverbaar. Deze&nbsp;Nestor Martin&nbsp;kachel wordt geleverd met kachelkleur grepen. Voordelen Stanford 12 Naast de unieke stijl hebben de&nbsp;Stanford modellen nog meer voordelen:&nbsp; Een schoner venster wat zorgt voor een onvoorstelbare brede kijk op het&nbsp;vlammenspel Gemakkelijk te vullen [&hellip;]<\/p>\n","protected":false},"featured_media":15613,"comment_status":"open","ping_status":"closed","template":"","meta":{"_acf_changed":false},"product_brand":[],"product_cat":[1092],"product_tag":[],"class_list":{"0":"post-15612","1":"product","2":"type-product","3":"status-publish","4":"has-post-thumbnail","6":"product_cat-vrijstaande-houtkachels","8":"first","9":"instock","10":"taxable","11":"shipping-taxable","12":"purchasable","13":"product-type-simple"},"acf":[],"yoast_head":"<!-- This site is optimized with the Yoast SEO plugin v27.3 - https:\/\/yoast.com\/product\/yoast-seo-wordpress\/ -->\n<title>Nestor Martin Stanford 12 houtkachel &#8211; Bula Outdoor<\/title>\n<meta name=\"robots\" content=\"index, follow, max-snippet:-1, max-image-preview:large, max-video-preview:-1\" \/>\n<link rel=\"canonical\" href=\"https:\/\/bulaoutdoor.nl\/fr\/produit\/poele-a-bois-nestor-martin-stanford-12\/\" \/>\n<meta property=\"og:locale\" content=\"fr_FR\" \/>\n<meta property=\"og:type\" content=\"article\" \/>\n<meta property=\"og:title\" content=\"Nestor Martin Stanford 12 houtkachel &#8211; Bula Outdoor\" \/>\n<meta property=\"og:description\" content=\"Nestor Martin&nbsp;Stanford 12&nbsp;houtkachel De Stanford serie bestaat uit een statige lijn&nbsp;houtkachels&nbsp;die elk interieur rijker maakt. Eventueel met gepolijste kookplaat leverbaar. Deze&nbsp;Nestor Martin&nbsp;kachel wordt geleverd met kachelkleur grepen. Voordelen Stanford 12 Naast de unieke stijl hebben de&nbsp;Stanford modellen nog meer voordelen:&nbsp; Een schoner venster wat zorgt voor een onvoorstelbare brede kijk op het&nbsp;vlammenspel Gemakkelijk te vullen [&hellip;]\" \/>\n<meta property=\"og:url\" content=\"https:\/\/bulaoutdoor.nl\/fr\/produit\/poele-a-bois-nestor-martin-stanford-12\/\" \/>\n<meta property=\"og:site_name\" content=\"Bula Outdoor\" \/>\n<meta property=\"article:modified_time\" content=\"2026-04-05T04:41:32+00:00\" \/>\n<meta property=\"og:image\" content=\"https:\/\/bulaoutdoor.nl\/wp-content\/uploads\/2017\/07\/stanford_12_graphite_klein.jpg\" \/>\n\t<meta property=\"og:image:width\" content=\"1200\" \/>\n\t<meta property=\"og:image:height\" content=\"1200\" \/>\n\t<meta property=\"og:image:type\" content=\"image\/jpeg\" \/>\n<meta name=\"twitter:card\" content=\"summary_large_image\" \/>\n<meta name=\"twitter:label1\" content=\"Dur\u00e9e de lecture estim\u00e9e\" \/>\n\t<meta name=\"twitter:data1\" content=\"1 minute\" \/>\n<script type=\"application\/ld+json\" class=\"yoast-schema-graph\">{\"@context\":\"https:\\\/\\\/schema.org\",\"@graph\":[{\"@type\":\"WebPage\",\"@id\":\"https:\\\/\\\/bulaoutdoor.nl\\\/product\\\/nestor-martin-stanford-12-houtkachel\\\/\",\"url\":\"https:\\\/\\\/bulaoutdoor.nl\\\/product\\\/nestor-martin-stanford-12-houtkachel\\\/\",\"name\":\"Nestor Martin Stanford 12 houtkachel &#8211; Bula Outdoor\",\"isPartOf\":{\"@id\":\"https:\\\/\\\/bulaoutdoor.nl\\\/#website\"},\"primaryImageOfPage\":{\"@id\":\"https:\\\/\\\/bulaoutdoor.nl\\\/product\\\/nestor-martin-stanford-12-houtkachel\\\/#primaryimage\"},\"image\":{\"@id\":\"https:\\\/\\\/bulaoutdoor.nl\\\/product\\\/nestor-martin-stanford-12-houtkachel\\\/#primaryimage\"},\"thumbnailUrl\":\"https:\\\/\\\/bulaoutdoor.nl\\\/wp-content\\\/uploads\\\/2017\\\/07\\\/stanford_12_graphite_klein.jpg\",\"datePublished\":\"2017-07-18T13:43:44+00:00\",\"dateModified\":\"2026-04-05T04:41:32+00:00\",\"breadcrumb\":{\"@id\":\"https:\\\/\\\/bulaoutdoor.nl\\\/product\\\/nestor-martin-stanford-12-houtkachel\\\/#breadcrumb\"},\"inLanguage\":\"fr-FR\",\"potentialAction\":[{\"@type\":\"ReadAction\",\"target\":[\"https:\\\/\\\/bulaoutdoor.nl\\\/product\\\/nestor-martin-stanford-12-houtkachel\\\/\"]}]},{\"@type\":\"ImageObject\",\"inLanguage\":\"fr-FR\",\"@id\":\"https:\\\/\\\/bulaoutdoor.nl\\\/product\\\/nestor-martin-stanford-12-houtkachel\\\/#primaryimage\",\"url\":\"https:\\\/\\\/bulaoutdoor.nl\\\/wp-content\\\/uploads\\\/2017\\\/07\\\/stanford_12_graphite_klein.jpg\",\"contentUrl\":\"https:\\\/\\\/bulaoutdoor.nl\\\/wp-content\\\/uploads\\\/2017\\\/07\\\/stanford_12_graphite_klein.jpg\",\"width\":1200,\"height\":1200,\"caption\":\"nestor-martin-stanford-12-houtkachel-thumbnail\"},{\"@type\":\"BreadcrumbList\",\"@id\":\"https:\\\/\\\/bulaoutdoor.nl\\\/product\\\/nestor-martin-stanford-12-houtkachel\\\/#breadcrumb\",\"itemListElement\":[{\"@type\":\"ListItem\",\"position\":1,\"name\":\"Home\",\"item\":\"https:\\\/\\\/bulaoutdoor.nl\\\/\"},{\"@type\":\"ListItem\",\"position\":2,\"name\":\"Online BBQ kopen\",\"item\":\"https:\\\/\\\/bulaoutdoor.nl\\\/\"},{\"@type\":\"ListItem\",\"position\":3,\"name\":\"Nestor Martin Stanford 12 houtkachel\"}]},{\"@type\":\"WebSite\",\"@id\":\"https:\\\/\\\/bulaoutdoor.nl\\\/#website\",\"url\":\"https:\\\/\\\/bulaoutdoor.nl\\\/\",\"name\":\"Bula Outdoor\",\"description\":\"Voor uw buitenhaard, BBQ, tuinfakkel en houtoven\",\"publisher\":{\"@id\":\"https:\\\/\\\/bulaoutdoor.nl\\\/#organization\"},\"potentialAction\":[{\"@type\":\"SearchAction\",\"target\":{\"@type\":\"EntryPoint\",\"urlTemplate\":\"https:\\\/\\\/bulaoutdoor.nl\\\/?s={search_term_string}\"},\"query-input\":{\"@type\":\"PropertyValueSpecification\",\"valueRequired\":true,\"valueName\":\"search_term_string\"}}],\"inLanguage\":\"fr-FR\"},{\"@type\":\"Organization\",\"@id\":\"https:\\\/\\\/bulaoutdoor.nl\\\/#organization\",\"name\":\"Bula Outdoor\",\"url\":\"https:\\\/\\\/bulaoutdoor.nl\\\/\",\"logo\":{\"@type\":\"ImageObject\",\"inLanguage\":\"fr-FR\",\"@id\":\"https:\\\/\\\/bulaoutdoor.nl\\\/#\\\/schema\\\/logo\\\/image\\\/\",\"url\":\"https:\\\/\\\/www.bulaoutdoor.nl\\\/wp-content\\\/uploads\\\/2018\\\/04\\\/bulaoutdoor-logo.png\",\"contentUrl\":\"https:\\\/\\\/www.bulaoutdoor.nl\\\/wp-content\\\/uploads\\\/2018\\\/04\\\/bulaoutdoor-logo.png\",\"width\":324,\"height\":91,\"caption\":\"Bula Outdoor\"},\"image\":{\"@id\":\"https:\\\/\\\/bulaoutdoor.nl\\\/#\\\/schema\\\/logo\\\/image\\\/\"}}]}<\/script>\n<!-- \/ Yoast SEO plugin. -->","yoast_head_json":{"title":"Po\u00eale \u00e0 bois Nestor Martin Stanford 12 - Bula Outdoor","robots":{"index":"index","follow":"follow","max-snippet":"max-snippet:-1","max-image-preview":"max-image-preview:large","max-video-preview":"max-video-preview:-1"},"canonical":"https:\/\/bulaoutdoor.nl\/fr\/produit\/poele-a-bois-nestor-martin-stanford-12\/","og_locale":"fr_FR","og_type":"article","og_title":"Nestor Martin Stanford 12 houtkachel &#8211; Bula Outdoor","og_description":"Nestor Martin&nbsp;Stanford 12&nbsp;houtkachel De Stanford serie bestaat uit een statige lijn&nbsp;houtkachels&nbsp;die elk interieur rijker maakt. Eventueel met gepolijste kookplaat leverbaar. Deze&nbsp;Nestor Martin&nbsp;kachel wordt geleverd met kachelkleur grepen. Voordelen Stanford 12 Naast de unieke stijl hebben de&nbsp;Stanford modellen nog meer voordelen:&nbsp; Een schoner venster wat zorgt voor een onvoorstelbare brede kijk op het&nbsp;vlammenspel Gemakkelijk te vullen [&hellip;]","og_url":"https:\/\/bulaoutdoor.nl\/fr\/produit\/poele-a-bois-nestor-martin-stanford-12\/","og_site_name":"Bula Outdoor","article_modified_time":"2026-04-05T04:41:32+00:00","og_image":[{"width":1200,"height":1200,"url":"https:\/\/bulaoutdoor.nl\/wp-content\/uploads\/2017\/07\/stanford_12_graphite_klein.jpg","type":"image\/jpeg"}],"twitter_card":"summary_large_image","twitter_misc":{"Dur\u00e9e de lecture estim\u00e9e":"1 minute"},"schema":{"@context":"https:\/\/schema.org","@graph":[{"@type":"WebPage","@id":"https:\/\/bulaoutdoor.nl\/product\/nestor-martin-stanford-12-houtkachel\/","url":"https:\/\/bulaoutdoor.nl\/product\/nestor-martin-stanford-12-houtkachel\/","name":"Po\u00eale \u00e0 bois Nestor Martin Stanford 12 - Bula Outdoor","isPartOf":{"@id":"https:\/\/bulaoutdoor.nl\/#website"},"primaryImageOfPage":{"@id":"https:\/\/bulaoutdoor.nl\/product\/nestor-martin-stanford-12-houtkachel\/#primaryimage"},"image":{"@id":"https:\/\/bulaoutdoor.nl\/product\/nestor-martin-stanford-12-houtkachel\/#primaryimage"},"thumbnailUrl":"https:\/\/bulaoutdoor.nl\/wp-content\/uploads\/2017\/07\/stanford_12_graphite_klein.jpg","datePublished":"2017-07-18T13:43:44+00:00","dateModified":"2026-04-05T04:41:32+00:00","breadcrumb":{"@id":"https:\/\/bulaoutdoor.nl\/product\/nestor-martin-stanford-12-houtkachel\/#breadcrumb"},"inLanguage":"fr-FR","potentialAction":[{"@type":"ReadAction","target":["https:\/\/bulaoutdoor.nl\/product\/nestor-martin-stanford-12-houtkachel\/"]}]},{"@type":"ImageObject","inLanguage":"fr-FR","@id":"https:\/\/bulaoutdoor.nl\/product\/nestor-martin-stanford-12-houtkachel\/#primaryimage","url":"https:\/\/bulaoutdoor.nl\/wp-content\/uploads\/2017\/07\/stanford_12_graphite_klein.jpg","contentUrl":"https:\/\/bulaoutdoor.nl\/wp-content\/uploads\/2017\/07\/stanford_12_graphite_klein.jpg","width":1200,"height":1200,"caption":"nestor-martin-stanford-12-houtkachel-thumbnail"},{"@type":"BreadcrumbList","@id":"https:\/\/bulaoutdoor.nl\/product\/nestor-martin-stanford-12-houtkachel\/#breadcrumb","itemListElement":[{"@type":"ListItem","position":1,"name":"Home","item":"https:\/\/bulaoutdoor.nl\/"},{"@type":"ListItem","position":2,"name":"Online BBQ kopen","item":"https:\/\/bulaoutdoor.nl\/"},{"@type":"ListItem","position":3,"name":"Nestor Martin Stanford 12 houtkachel"}]},{"@type":"WebSite","@id":"https:\/\/bulaoutdoor.nl\/#website","url":"https:\/\/bulaoutdoor.nl\/","name":"Bula Outdoor","description":"Pour votre chemin\u00e9e ext\u00e9rieure, votre barbecue, votre torche de jardin et votre four \u00e0 bois","publisher":{"@id":"https:\/\/bulaoutdoor.nl\/#organization"},"potentialAction":[{"@type":"SearchAction","target":{"@type":"EntryPoint","urlTemplate":"https:\/\/bulaoutdoor.nl\/?s={search_term_string}"},"query-input":{"@type":"PropertyValueSpecification","valueRequired":true,"valueName":"search_term_string"}}],"inLanguage":"fr-FR"},{"@type":"Organization","@id":"https:\/\/bulaoutdoor.nl\/#organization","name":"Bula Outdoor","url":"https:\/\/bulaoutdoor.nl\/","logo":{"@type":"ImageObject","inLanguage":"fr-FR","@id":"https:\/\/bulaoutdoor.nl\/#\/schema\/logo\/image\/","url":"https:\/\/www.bulaoutdoor.nl\/wp-content\/uploads\/2018\/04\/bulaoutdoor-logo.png","contentUrl":"https:\/\/www.bulaoutdoor.nl\/wp-content\/uploads\/2018\/04\/bulaoutdoor-logo.png","width":324,"height":91,"caption":"Bula Outdoor"},"image":{"@id":"https:\/\/bulaoutdoor.nl\/#\/schema\/logo\/image\/"}}]}},"jetpack_sharing_enabled":true,"_links":{"self":[{"href":"https:\/\/bulaoutdoor.nl\/fr\/wp-json\/wp\/v2\/product\/15612","targetHints":{"allow":["GET"]}}],"collection":[{"href":"https:\/\/bulaoutdoor.nl\/fr\/wp-json\/wp\/v2\/product"}],"about":[{"href":"https:\/\/bulaoutdoor.nl\/fr\/wp-json\/wp\/v2\/types\/product"}],"replies":[{"embeddable":true,"href":"https:\/\/bulaoutdoor.nl\/fr\/wp-json\/wp\/v2\/comments?post=15612"}],"wp:featuredmedia":[{"embeddable":true,"href":"https:\/\/bulaoutdoor.nl\/fr\/wp-json\/wp\/v2\/media\/15613"}],"wp:attachment":[{"href":"https:\/\/bulaoutdoor.nl\/fr\/wp-json\/wp\/v2\/media?parent=15612"}],"wp:term":[{"taxonomy":"product_brand","embeddable":true,"href":"https:\/\/bulaoutdoor.nl\/fr\/wp-json\/wp\/v2\/product_brand?post=15612"},{"taxonomy":"product_cat","embeddable":true,"href":"https:\/\/bulaoutdoor.nl\/fr\/wp-json\/wp\/v2\/product_cat?post=15612"},{"taxonomy":"product_tag","embeddable":true,"href":"https:\/\/bulaoutdoor.nl\/fr\/wp-json\/wp\/v2\/product_tag?post=15612"}],"curies":[{"name":"wp","href":"https:\/\/api.w.org\/{rel}","templated":true}]}}