{"id":15628,"date":"2017-07-18T14:20:13","date_gmt":"2017-07-18T14:20:13","guid":{"rendered":"https:\/\/www.bulaoutdoor.nl\/product\/dovre-vintage-50-houtkachel\/"},"modified":"2026-05-02T04:26:20","modified_gmt":"2026-05-02T04:26:20","slug":"poele-a-bois-dovre-vintage-50","status":"publish","type":"product","link":"https:\/\/bulaoutdoor.nl\/fr\/product\/dovre-vintage-50-houtkachel\/","title":{"rendered":"Po\u00eale \u00e0 bois Dovre Vintage 50"},"content":{"rendered":"<h2>Po\u00eale \u00e0 bois Dovre Vintage 50<\/h2>\n<p>Les <a href=\"https:\/\/www.haveverwarming.nl\/dovre\" target=\"_blank\" rel=\"noopener\">Dovre<\/a> Vintage 50 est un <a href=\"https:\/\/www.haveverwarming.nl\/kachels\/hout\" target=\"_blank\" rel=\"noopener\">feu de bois<\/a> avec un design remarquable qui se distinguera imm\u00e9diatement dans votre int\u00e9rieur. Gr\u00e2ce \u00e0 son design r\u00e9tro, le Dovre Vintage 50 est id\u00e9al pour un int\u00e9rieur moderne.<\/p>\n<p>Le po\u00eale Dovre est dot\u00e9 d'un syst\u00e8me unique de double combustion. Ce syst\u00e8me cr\u00e9e une combustion secondaire qui rallume les gaz de combustion restants qui n'ont pas \u00e9t\u00e9 compl\u00e8tement br\u00fbl\u00e9s. Le po\u00eale est dot\u00e9 d'une large fen\u00eatre qui offre une vue magnifique sur le paysage. <a href=\"https:\/\/www.haveverwarming.nl\/kenniscentrum\/wat-is-vuur\" target=\"_blank\" rel=\"noopener\">flamme<\/a>!<\/p>\n<h3>Centre d'exp\u00e9rience<\/h3>\n<p>Venez jeter un coup d'\u0153il \u00e0 notre <a href=\"https:\/\/www.haveverwarming.nl\/experiencecenter\" target=\"_blank\" rel=\"noopener\">Centre d'exp\u00e9rience<\/a> et demandez conseil \u00e0 l'un de nos sp\u00e9cialistes de la vente.<\/p>\n<p>&nbsp;<\/p>\n<p>T\u00e9l\u00e9chargements de produits<\/p>\n<ul>\n<li><a class=\"download file\" href=\"https:\/\/www.haveverwarming.nl\/amfile\/file\/download\/file\/7931\/product\/186\/\" target=\"_blank\"><span>Catalogue Dovre 2025<\/span><\/a><\/li>\n<li><a class=\"download file\" href=\"https:\/\/www.haveverwarming.nl\/amfile\/file\/download\/file\/9198\/product\/186\/\" target=\"_blank\"><span> Informations techniques \u2013 Dovre 2025 \u2013 2026<\/span><\/a><\/li>\n<li><a class=\"download file\" href=\"https:\/\/www.haveverwarming.nl\/amfile\/file\/download\/file\/56\/product\/186\/\" target=\"_blank\"><span>Dessin au trait Dovre Vintage 50<\/span><\/a><\/li>\n<li><a class=\"download file\" href=\"https:\/\/www.haveverwarming.nl\/amfile\/file\/download\/file\/634\/product\/186\/\" target=\"_blank\"><span>Label \u00e9nerg\u00e9tique Dovre Vintage 50<\/span><\/a><\/li>\n<li><a class=\"download file\" href=\"https:\/\/www.haveverwarming.nl\/amfile\/file\/download\/file\/57\/product\/186\/\" target=\"_blank\"><span>Explosion Dovre Vintage 50<\/span><\/a><\/li>\n<li><a class=\"download file\" href=\"https:\/\/www.haveverwarming.nl\/amfile\/file\/download\/file\/1009\/product\/186\/\" target=\"_blank\"><span>Manuel po\u00eale \u00e0 bois Dovre Vintage 50<\/span><\/a><\/li>\n<li><a class=\"download file\" href=\"https:\/\/www.haveverwarming.nl\/amfile\/file\/download\/file\/1007\/product\/186\/\" target=\"_blank\"><span>Brochure Dovre Vintage<\/span><\/a><\/li>\n<li><a class=\"download file\" href=\"https:\/\/www.haveverwarming.nl\/amfile\/file\/download\/file\/6468\/product\/186\/\" target=\"_blank\"><span>Brochure sur le tir responsable<\/span><\/a><\/li>\n<li><a class=\"download file\" href=\"https:\/\/www.haveverwarming.nl\/productpdf\/download\/file\/id\/186\/name\/Dovre_Vintage_50_houtkachel.pdf\/\" target=\"_blank\"><span>T\u00e9l\u00e9charger la fiche technique<\/span><\/a><\/li>\n<\/ul>","protected":false},"excerpt":{"rendered":"<p>Dovre Vintage 50 houtkachel De Dovre Vintage 50 is een houthaard met een opmerkelijk design dat direct zal opvallen in uw interieur. Dankzij het retro design van de Dovre Vintage 50 is deze ideaal om in een modern interieur te plaatsen. De Dovre kachel is voorzien van een uniek dubbel verbrandingssysteem. Hierdoor ontstaat een secundaire [&hellip;]<\/p>\n","protected":false},"featured_media":15629,"comment_status":"open","ping_status":"closed","template":"","meta":{"_acf_changed":false},"product_brand":[],"product_cat":[1092],"product_tag":[],"class_list":{"0":"post-15628","1":"product","2":"type-product","3":"status-publish","4":"has-post-thumbnail","6":"product_cat-vrijstaande-houtkachels","8":"first","9":"instock","10":"taxable","11":"shipping-taxable","12":"purchasable","13":"product-type-simple"},"acf":[],"yoast_head":"<!-- This site is optimized with the Yoast SEO plugin v27.5 - https:\/\/yoast.com\/product\/yoast-seo-wordpress\/ -->\n<title>Dovre Vintage 50 houtkachel &#8211; Bula Outdoor<\/title>\n<meta name=\"robots\" content=\"index, follow, max-snippet:-1, max-image-preview:large, max-video-preview:-1\" \/>\n<link rel=\"canonical\" href=\"https:\/\/bulaoutdoor.nl\/fr\/produit\/poele-a-bois-dovre-vintage-50\/\" \/>\n<meta property=\"og:locale\" content=\"fr_FR\" \/>\n<meta property=\"og:type\" content=\"article\" \/>\n<meta property=\"og:title\" content=\"Dovre Vintage 50 houtkachel &#8211; Bula Outdoor\" \/>\n<meta property=\"og:description\" content=\"Dovre Vintage 50 houtkachel De Dovre Vintage 50 is een houthaard met een opmerkelijk design dat direct zal opvallen in uw interieur. Dankzij het retro design van de Dovre Vintage 50 is deze ideaal om in een modern interieur te plaatsen. De Dovre kachel is voorzien van een uniek dubbel verbrandingssysteem. Hierdoor ontstaat een secundaire [&hellip;]\" \/>\n<meta property=\"og:url\" content=\"https:\/\/bulaoutdoor.nl\/fr\/produit\/poele-a-bois-dovre-vintage-50\/\" \/>\n<meta property=\"og:site_name\" content=\"Bula Outdoor\" \/>\n<meta property=\"article:modified_time\" content=\"2026-05-02T04:26:20+00:00\" \/>\n<meta property=\"og:image\" content=\"https:\/\/bulaoutdoor.nl\/wp-content\/uploads\/2017\/07\/vin50.jpg\" \/>\n\t<meta property=\"og:image:width\" content=\"1000\" \/>\n\t<meta property=\"og:image:height\" content=\"1000\" \/>\n\t<meta property=\"og:image:type\" content=\"image\/jpeg\" \/>\n<meta name=\"twitter:card\" content=\"summary_large_image\" \/>\n<meta name=\"twitter:label1\" content=\"Dur\u00e9e de lecture estim\u00e9e\" \/>\n\t<meta name=\"twitter:data1\" content=\"1 minute\" \/>\n<script type=\"application\/ld+json\" class=\"yoast-schema-graph\">{\"@context\":\"https:\\\/\\\/schema.org\",\"@graph\":[{\"@type\":\"WebPage\",\"@id\":\"https:\\\/\\\/bulaoutdoor.nl\\\/product\\\/dovre-vintage-50-houtkachel\\\/\",\"url\":\"https:\\\/\\\/bulaoutdoor.nl\\\/product\\\/dovre-vintage-50-houtkachel\\\/\",\"name\":\"Dovre Vintage 50 houtkachel &#8211; Bula Outdoor\",\"isPartOf\":{\"@id\":\"https:\\\/\\\/bulaoutdoor.nl\\\/#website\"},\"primaryImageOfPage\":{\"@id\":\"https:\\\/\\\/bulaoutdoor.nl\\\/product\\\/dovre-vintage-50-houtkachel\\\/#primaryimage\"},\"image\":{\"@id\":\"https:\\\/\\\/bulaoutdoor.nl\\\/product\\\/dovre-vintage-50-houtkachel\\\/#primaryimage\"},\"thumbnailUrl\":\"https:\\\/\\\/bulaoutdoor.nl\\\/wp-content\\\/uploads\\\/2017\\\/07\\\/vin50.jpg\",\"datePublished\":\"2017-07-18T14:20:13+00:00\",\"dateModified\":\"2026-05-02T04:26:20+00:00\",\"breadcrumb\":{\"@id\":\"https:\\\/\\\/bulaoutdoor.nl\\\/product\\\/dovre-vintage-50-houtkachel\\\/#breadcrumb\"},\"inLanguage\":\"fr-FR\",\"potentialAction\":[{\"@type\":\"ReadAction\",\"target\":[\"https:\\\/\\\/bulaoutdoor.nl\\\/product\\\/dovre-vintage-50-houtkachel\\\/\"]}]},{\"@type\":\"ImageObject\",\"inLanguage\":\"fr-FR\",\"@id\":\"https:\\\/\\\/bulaoutdoor.nl\\\/product\\\/dovre-vintage-50-houtkachel\\\/#primaryimage\",\"url\":\"https:\\\/\\\/bulaoutdoor.nl\\\/wp-content\\\/uploads\\\/2017\\\/07\\\/vin50.jpg\",\"contentUrl\":\"https:\\\/\\\/bulaoutdoor.nl\\\/wp-content\\\/uploads\\\/2017\\\/07\\\/vin50.jpg\",\"width\":1000,\"height\":1000,\"caption\":\"dovre-vintage-50-houtkachel-thumbnail\"},{\"@type\":\"BreadcrumbList\",\"@id\":\"https:\\\/\\\/bulaoutdoor.nl\\\/product\\\/dovre-vintage-50-houtkachel\\\/#breadcrumb\",\"itemListElement\":[{\"@type\":\"ListItem\",\"position\":1,\"name\":\"Home\",\"item\":\"https:\\\/\\\/bulaoutdoor.nl\\\/\"},{\"@type\":\"ListItem\",\"position\":2,\"name\":\"Online BBQ kopen\",\"item\":\"https:\\\/\\\/bulaoutdoor.nl\\\/\"},{\"@type\":\"ListItem\",\"position\":3,\"name\":\"Dovre Vintage 50 houtkachel\"}]},{\"@type\":\"WebSite\",\"@id\":\"https:\\\/\\\/bulaoutdoor.nl\\\/#website\",\"url\":\"https:\\\/\\\/bulaoutdoor.nl\\\/\",\"name\":\"Bula Outdoor\",\"description\":\"Voor uw buitenhaard, BBQ, tuinfakkel en houtoven\",\"publisher\":{\"@id\":\"https:\\\/\\\/bulaoutdoor.nl\\\/#organization\"},\"potentialAction\":[{\"@type\":\"SearchAction\",\"target\":{\"@type\":\"EntryPoint\",\"urlTemplate\":\"https:\\\/\\\/bulaoutdoor.nl\\\/?s={search_term_string}\"},\"query-input\":{\"@type\":\"PropertyValueSpecification\",\"valueRequired\":true,\"valueName\":\"search_term_string\"}}],\"inLanguage\":\"fr-FR\"},{\"@type\":\"Organization\",\"@id\":\"https:\\\/\\\/bulaoutdoor.nl\\\/#organization\",\"name\":\"Bula Outdoor\",\"url\":\"https:\\\/\\\/bulaoutdoor.nl\\\/\",\"logo\":{\"@type\":\"ImageObject\",\"inLanguage\":\"fr-FR\",\"@id\":\"https:\\\/\\\/bulaoutdoor.nl\\\/#\\\/schema\\\/logo\\\/image\\\/\",\"url\":\"https:\\\/\\\/www.bulaoutdoor.nl\\\/wp-content\\\/uploads\\\/2018\\\/04\\\/bulaoutdoor-logo.png\",\"contentUrl\":\"https:\\\/\\\/www.bulaoutdoor.nl\\\/wp-content\\\/uploads\\\/2018\\\/04\\\/bulaoutdoor-logo.png\",\"width\":324,\"height\":91,\"caption\":\"Bula Outdoor\"},\"image\":{\"@id\":\"https:\\\/\\\/bulaoutdoor.nl\\\/#\\\/schema\\\/logo\\\/image\\\/\"}}]}<\/script>\n<!-- \/ Yoast SEO plugin. -->","yoast_head_json":{"title":"Po\u00eale \u00e0 bois Dovre Vintage 50 - Bula Outdoor","robots":{"index":"index","follow":"follow","max-snippet":"max-snippet:-1","max-image-preview":"max-image-preview:large","max-video-preview":"max-video-preview:-1"},"canonical":"https:\/\/bulaoutdoor.nl\/fr\/produit\/poele-a-bois-dovre-vintage-50\/","og_locale":"fr_FR","og_type":"article","og_title":"Dovre Vintage 50 houtkachel &#8211; Bula Outdoor","og_description":"Dovre Vintage 50 houtkachel De Dovre Vintage 50 is een houthaard met een opmerkelijk design dat direct zal opvallen in uw interieur. Dankzij het retro design van de Dovre Vintage 50 is deze ideaal om in een modern interieur te plaatsen. De Dovre kachel is voorzien van een uniek dubbel verbrandingssysteem. Hierdoor ontstaat een secundaire [&hellip;]","og_url":"https:\/\/bulaoutdoor.nl\/fr\/produit\/poele-a-bois-dovre-vintage-50\/","og_site_name":"Bula Outdoor","article_modified_time":"2026-05-02T04:26:20+00:00","og_image":[{"width":1000,"height":1000,"url":"https:\/\/bulaoutdoor.nl\/wp-content\/uploads\/2017\/07\/vin50.jpg","type":"image\/jpeg"}],"twitter_card":"summary_large_image","twitter_misc":{"Dur\u00e9e de lecture estim\u00e9e":"1 minute"},"schema":{"@context":"https:\/\/schema.org","@graph":[{"@type":"WebPage","@id":"https:\/\/bulaoutdoor.nl\/product\/dovre-vintage-50-houtkachel\/","url":"https:\/\/bulaoutdoor.nl\/product\/dovre-vintage-50-houtkachel\/","name":"Po\u00eale \u00e0 bois Dovre Vintage 50 - Bula Outdoor","isPartOf":{"@id":"https:\/\/bulaoutdoor.nl\/#website"},"primaryImageOfPage":{"@id":"https:\/\/bulaoutdoor.nl\/product\/dovre-vintage-50-houtkachel\/#primaryimage"},"image":{"@id":"https:\/\/bulaoutdoor.nl\/product\/dovre-vintage-50-houtkachel\/#primaryimage"},"thumbnailUrl":"https:\/\/bulaoutdoor.nl\/wp-content\/uploads\/2017\/07\/vin50.jpg","datePublished":"2017-07-18T14:20:13+00:00","dateModified":"2026-05-02T04:26:20+00:00","breadcrumb":{"@id":"https:\/\/bulaoutdoor.nl\/product\/dovre-vintage-50-houtkachel\/#breadcrumb"},"inLanguage":"fr-FR","potentialAction":[{"@type":"ReadAction","target":["https:\/\/bulaoutdoor.nl\/product\/dovre-vintage-50-houtkachel\/"]}]},{"@type":"ImageObject","inLanguage":"fr-FR","@id":"https:\/\/bulaoutdoor.nl\/product\/dovre-vintage-50-houtkachel\/#primaryimage","url":"https:\/\/bulaoutdoor.nl\/wp-content\/uploads\/2017\/07\/vin50.jpg","contentUrl":"https:\/\/bulaoutdoor.nl\/wp-content\/uploads\/2017\/07\/vin50.jpg","width":1000,"height":1000,"caption":"dovre-vintage-50-houtkachel-thumbnail"},{"@type":"BreadcrumbList","@id":"https:\/\/bulaoutdoor.nl\/product\/dovre-vintage-50-houtkachel\/#breadcrumb","itemListElement":[{"@type":"ListItem","position":1,"name":"Home","item":"https:\/\/bulaoutdoor.nl\/"},{"@type":"ListItem","position":2,"name":"Online BBQ kopen","item":"https:\/\/bulaoutdoor.nl\/"},{"@type":"ListItem","position":3,"name":"Dovre Vintage 50 houtkachel"}]},{"@type":"WebSite","@id":"https:\/\/bulaoutdoor.nl\/#website","url":"https:\/\/bulaoutdoor.nl\/","name":"Bula Outdoor","description":"Pour votre chemin\u00e9e ext\u00e9rieure, votre barbecue, votre torche de jardin et votre four \u00e0 bois","publisher":{"@id":"https:\/\/bulaoutdoor.nl\/#organization"},"potentialAction":[{"@type":"SearchAction","target":{"@type":"EntryPoint","urlTemplate":"https:\/\/bulaoutdoor.nl\/?s={search_term_string}"},"query-input":{"@type":"PropertyValueSpecification","valueRequired":true,"valueName":"search_term_string"}}],"inLanguage":"fr-FR"},{"@type":"Organization","@id":"https:\/\/bulaoutdoor.nl\/#organization","name":"Bula Outdoor","url":"https:\/\/bulaoutdoor.nl\/","logo":{"@type":"ImageObject","inLanguage":"fr-FR","@id":"https:\/\/bulaoutdoor.nl\/#\/schema\/logo\/image\/","url":"https:\/\/www.bulaoutdoor.nl\/wp-content\/uploads\/2018\/04\/bulaoutdoor-logo.png","contentUrl":"https:\/\/www.bulaoutdoor.nl\/wp-content\/uploads\/2018\/04\/bulaoutdoor-logo.png","width":324,"height":91,"caption":"Bula Outdoor"},"image":{"@id":"https:\/\/bulaoutdoor.nl\/#\/schema\/logo\/image\/"}}]}},"jetpack_sharing_enabled":true,"_links":{"self":[{"href":"https:\/\/bulaoutdoor.nl\/fr\/wp-json\/wp\/v2\/product\/15628","targetHints":{"allow":["GET"]}}],"collection":[{"href":"https:\/\/bulaoutdoor.nl\/fr\/wp-json\/wp\/v2\/product"}],"about":[{"href":"https:\/\/bulaoutdoor.nl\/fr\/wp-json\/wp\/v2\/types\/product"}],"replies":[{"embeddable":true,"href":"https:\/\/bulaoutdoor.nl\/fr\/wp-json\/wp\/v2\/comments?post=15628"}],"wp:featuredmedia":[{"embeddable":true,"href":"https:\/\/bulaoutdoor.nl\/fr\/wp-json\/wp\/v2\/media\/15629"}],"wp:attachment":[{"href":"https:\/\/bulaoutdoor.nl\/fr\/wp-json\/wp\/v2\/media?parent=15628"}],"wp:term":[{"taxonomy":"product_brand","embeddable":true,"href":"https:\/\/bulaoutdoor.nl\/fr\/wp-json\/wp\/v2\/product_brand?post=15628"},{"taxonomy":"product_cat","embeddable":true,"href":"https:\/\/bulaoutdoor.nl\/fr\/wp-json\/wp\/v2\/product_cat?post=15628"},{"taxonomy":"product_tag","embeddable":true,"href":"https:\/\/bulaoutdoor.nl\/fr\/wp-json\/wp\/v2\/product_tag?post=15628"}],"curies":[{"name":"wp","href":"https:\/\/api.w.org\/{rel}","templated":true}]}}