{"id":15632,"date":"2017-07-18T14:23:07","date_gmt":"2017-07-18T14:23:07","guid":{"rendered":"https:\/\/www.bulaoutdoor.nl\/product\/jydepejsen-elegance-junior\/"},"modified":"2026-04-05T04:41:38","modified_gmt":"2026-04-05T04:41:38","slug":"jydepejsen-elegance-junior-5","status":"publish","type":"product","link":"https:\/\/bulaoutdoor.nl\/fr\/product\/jydepejsen-elegance-junior\/","title":{"rendered":"Jydepejsen Elegance Junior"},"content":{"rendered":"<h2>Po\u00eale \u00e0 bois Jydepejsen Elegance Junior&nbsp;<\/h2>\n<p>Les <a href=\"https:\/\/www.haveverwarming.nl\/jydepejsen\" target=\"_blank\" rel=\"noopener\">Jydepejsen<\/a> El\u00e9gance Junior <a href=\"https:\/\/www.haveverwarming.nl\/kachels\/hout\" target=\"_blank\" rel=\"noopener\">po\u00eale \u00e0 bois<\/a> se distingue par son design ovale et ses d\u00e9tails accrocheurs. La poign\u00e9e est int\u00e9gr\u00e9e dans un magnifique ruban en acier inoxydable (\u00e9galement disponible en noir) derri\u00e8re lequel se cache la commande d'air DuplicAir\u00ae. La fen\u00eatre panoramique la plus large du march\u00e9 offre une vue \u00e0 180\u00b0 sur le feu et constitue la touche finale parfaite.<\/p>\n<h3>Po\u00eale \u00e0 bois pivotant<\/h3>\n<p>Le Jydepejsen Elegance Junior est \u00e9galement disponible avec une base pivotante invisible, qui peut tourner \u00e0 360\u00b0.<\/p>\n<p>Ce Jydepejsen Elegance Junior a une variante plus grande : le <a href=\"https:\/\/www.haveverwarming.nl\/jydepejsen-elegance\" target=\"_blank\" rel=\"noopener\">Jydepejsen Elegance<\/a> et est \u00e9galement disponible en tant que chemin\u00e9e suspendue : <a href=\"https:\/\/www.haveverwarming.nl\/jydepejsen-elegance-wall\" target=\"_blank\" rel=\"noopener\">Mur d'\u00e9l\u00e9gance Jydepejsen<\/a><\/p>\n<h3>DuplicAir<\/h3>\n<p>DuplicAir\u00ae est un syst\u00e8me de contr\u00f4le sp\u00e9cialement con\u00e7u pour garantir une combustion optimale. Ce syst\u00e8me brevet\u00e9 est tr\u00e8s facile \u00e0 utiliser (via un cadran) et offre une solution de chauffage optimale pendant toute la dur\u00e9e de vie du po\u00eale.<\/p>\n<h3>Garantie suppl\u00e9mentaire !<\/h3>\n<p>Garantie de 5 ans : la p\u00e9riode de garantie extra-longue de Jydepejsen vous offre encore plus de s\u00e9curit\u00e9 lors de votre achat.&nbsp;<\/p>\n<p>Rev\u00eatement int\u00e9rieur des po\u00eales \u00e0 bois Jydepejsen<br \/>Rev\u00eatement int\u00e9rieur : les plaques de vermiculite plac\u00e9es dans les chambres de combustion de la <a href=\"https:\/\/www.haveverwarming.nl\/kachels\/jydepejsen-hout\" target=\"_blank\" rel=\"noopener\">Po\u00eales Jydepejsen<\/a> sont utilis\u00e9es, r\u00e9sistent \u00e0 une exposition directe aux flammes jusqu'\u00e0 1100 degr\u00e9s Celsius. Les plaques isolent la chambre de combustion, ce qui permet d'obtenir une temp\u00e9rature de combustion plus \u00e9lev\u00e9e, un meilleur d\u00e9gazage du bois et, par cons\u00e9quent, un meilleur rendement du po\u00eale \u00e0 bois.<\/p>\n<h3>Le centre d'exp\u00e9rience avec le plus grand nombre de po\u00eales \u00e0 bois<\/h3>\n<p>Passez \u00e0 notre <a href=\"https:\/\/www.haveverwarming.nl\/experiencecenter\" target=\"_blank\" rel=\"noopener\">Centre d'exp\u00e9rience<\/a> \u00e0 Lunteren pour voir les po\u00eales \u00e0 bois Jydepejsen, entre autres !<\/p>\n<p>T\u00e9l\u00e9chargements de produits<\/p>\n<ul>\n<li><a class=\"download file\" href=\"https:\/\/www.haveverwarming.nl\/amfile\/file\/download\/file\/9157\/product\/187\/\" target=\"_blank\"><span>Brochure Jydepejsen<\/span><\/a><\/li>\n<li><a class=\"download file\" href=\"https:\/\/www.haveverwarming.nl\/amfile\/file\/download\/file\/1454\/product\/187\/\" target=\"_blank\"><span>Manuel Jydepejsen Elegance Junior<\/span><\/a><\/li>\n<li><a class=\"download file\" href=\"https:\/\/www.haveverwarming.nl\/amfile\/file\/download\/file\/1455\/product\/187\/\" target=\"_blank\"><span>Label \u00e9nerg\u00e9tique Elegance Junior<\/span><\/a><\/li>\n<li><a class=\"download file\" href=\"https:\/\/www.haveverwarming.nl\/amfile\/file\/download\/file\/5425\/product\/187\/\" target=\"_blank\"><span>Dessin au trait Elegance Junior<\/span><\/a><\/li>\n<li><a class=\"download file\" href=\"https:\/\/www.haveverwarming.nl\/amfile\/file\/download\/file\/6496\/product\/187\/\" target=\"_blank\"><span>Brochure sur le tir responsable<\/span><\/a><\/li>\n<li><a class=\"download file\" href=\"https:\/\/www.haveverwarming.nl\/productpdf\/download\/file\/id\/187\/name\/Jydepejsen_Elegance_Junior.pdf\/\" target=\"_blank\"><span>T\u00e9l\u00e9charger la fiche technique<\/span><\/a><\/li>\n<\/ul>","protected":false},"excerpt":{"rendered":"<p>Houtkachel Jydepejsen Elegance Junior&nbsp; De Jydepejsen Elegance Junior houtkachel onderscheidt zich door het ovale ontwerp en opvallende details. De handgreep is ingebouwd in een prachtig roestvrijstalen lint (die overigens ook in het zwart beschikbaar is) waarachter de DuplicAir\u00ae luchtregeling verborgen is. De breedste panoramaruit op de markt biedt u 180\u00b0 zicht op het vuur en [&hellip;]<\/p>\n","protected":false},"featured_media":15633,"comment_status":"open","ping_status":"closed","template":"","meta":{"_acf_changed":false},"product_brand":[],"product_cat":[1092],"product_tag":[],"class_list":{"0":"post-15632","1":"product","2":"type-product","3":"status-publish","4":"has-post-thumbnail","6":"product_cat-vrijstaande-houtkachels","8":"first","9":"instock","10":"taxable","11":"shipping-taxable","12":"purchasable","13":"product-type-simple"},"acf":[],"yoast_head":"<!-- This site is optimized with the Yoast SEO plugin v27.3 - https:\/\/yoast.com\/product\/yoast-seo-wordpress\/ -->\n<title>Jydepejsen Elegance Junior &#8211; Bula Outdoor<\/title>\n<meta name=\"robots\" content=\"index, follow, max-snippet:-1, max-image-preview:large, max-video-preview:-1\" \/>\n<link rel=\"canonical\" href=\"https:\/\/bulaoutdoor.nl\/fr\/produit\/jydepejsen-elegance-junior-5\/\" \/>\n<meta property=\"og:locale\" content=\"fr_FR\" \/>\n<meta property=\"og:type\" content=\"article\" \/>\n<meta property=\"og:title\" content=\"Jydepejsen Elegance Junior &#8211; Bula Outdoor\" \/>\n<meta property=\"og:description\" content=\"Houtkachel Jydepejsen Elegance Junior&nbsp; De Jydepejsen Elegance Junior houtkachel onderscheidt zich door het ovale ontwerp en opvallende details. De handgreep is ingebouwd in een prachtig roestvrijstalen lint (die overigens ook in het zwart beschikbaar is) waarachter de DuplicAir\u00ae luchtregeling verborgen is. De breedste panoramaruit op de markt biedt u 180\u00b0 zicht op het vuur en [&hellip;]\" \/>\n<meta property=\"og:url\" content=\"https:\/\/bulaoutdoor.nl\/fr\/produit\/jydepejsen-elegance-junior-5\/\" \/>\n<meta property=\"og:site_name\" content=\"Bula Outdoor\" \/>\n<meta property=\"article:modified_time\" content=\"2026-04-05T04:41:38+00:00\" \/>\n<meta property=\"og:image\" content=\"https:\/\/bulaoutdoor.nl\/wp-content\/uploads\/2017\/07\/junior_wall.jpg\" \/>\n\t<meta property=\"og:image:width\" content=\"1000\" \/>\n\t<meta property=\"og:image:height\" content=\"1000\" \/>\n\t<meta property=\"og:image:type\" content=\"image\/jpeg\" \/>\n<meta name=\"twitter:card\" content=\"summary_large_image\" \/>\n<meta name=\"twitter:label1\" content=\"Dur\u00e9e de lecture estim\u00e9e\" \/>\n\t<meta name=\"twitter:data1\" content=\"2 minutes\" \/>\n<script type=\"application\/ld+json\" class=\"yoast-schema-graph\">{\"@context\":\"https:\\\/\\\/schema.org\",\"@graph\":[{\"@type\":\"WebPage\",\"@id\":\"https:\\\/\\\/bulaoutdoor.nl\\\/product\\\/jydepejsen-elegance-junior\\\/\",\"url\":\"https:\\\/\\\/bulaoutdoor.nl\\\/product\\\/jydepejsen-elegance-junior\\\/\",\"name\":\"Jydepejsen Elegance Junior &#8211; Bula Outdoor\",\"isPartOf\":{\"@id\":\"https:\\\/\\\/bulaoutdoor.nl\\\/#website\"},\"primaryImageOfPage\":{\"@id\":\"https:\\\/\\\/bulaoutdoor.nl\\\/product\\\/jydepejsen-elegance-junior\\\/#primaryimage\"},\"image\":{\"@id\":\"https:\\\/\\\/bulaoutdoor.nl\\\/product\\\/jydepejsen-elegance-junior\\\/#primaryimage\"},\"thumbnailUrl\":\"https:\\\/\\\/bulaoutdoor.nl\\\/wp-content\\\/uploads\\\/2017\\\/07\\\/junior_wall.jpg\",\"datePublished\":\"2017-07-18T14:23:07+00:00\",\"dateModified\":\"2026-04-05T04:41:38+00:00\",\"breadcrumb\":{\"@id\":\"https:\\\/\\\/bulaoutdoor.nl\\\/product\\\/jydepejsen-elegance-junior\\\/#breadcrumb\"},\"inLanguage\":\"fr-FR\",\"potentialAction\":[{\"@type\":\"ReadAction\",\"target\":[\"https:\\\/\\\/bulaoutdoor.nl\\\/product\\\/jydepejsen-elegance-junior\\\/\"]}]},{\"@type\":\"ImageObject\",\"inLanguage\":\"fr-FR\",\"@id\":\"https:\\\/\\\/bulaoutdoor.nl\\\/product\\\/jydepejsen-elegance-junior\\\/#primaryimage\",\"url\":\"https:\\\/\\\/bulaoutdoor.nl\\\/wp-content\\\/uploads\\\/2017\\\/07\\\/junior_wall.jpg\",\"contentUrl\":\"https:\\\/\\\/bulaoutdoor.nl\\\/wp-content\\\/uploads\\\/2017\\\/07\\\/junior_wall.jpg\",\"width\":1000,\"height\":1000,\"caption\":\"jydepejsen-elegance-junior-thumbnail\"},{\"@type\":\"BreadcrumbList\",\"@id\":\"https:\\\/\\\/bulaoutdoor.nl\\\/product\\\/jydepejsen-elegance-junior\\\/#breadcrumb\",\"itemListElement\":[{\"@type\":\"ListItem\",\"position\":1,\"name\":\"Home\",\"item\":\"https:\\\/\\\/bulaoutdoor.nl\\\/\"},{\"@type\":\"ListItem\",\"position\":2,\"name\":\"Online BBQ kopen\",\"item\":\"https:\\\/\\\/bulaoutdoor.nl\\\/\"},{\"@type\":\"ListItem\",\"position\":3,\"name\":\"Jydepejsen Elegance Junior\"}]},{\"@type\":\"WebSite\",\"@id\":\"https:\\\/\\\/bulaoutdoor.nl\\\/#website\",\"url\":\"https:\\\/\\\/bulaoutdoor.nl\\\/\",\"name\":\"Bula Outdoor\",\"description\":\"Voor uw buitenhaard, BBQ, tuinfakkel en houtoven\",\"publisher\":{\"@id\":\"https:\\\/\\\/bulaoutdoor.nl\\\/#organization\"},\"potentialAction\":[{\"@type\":\"SearchAction\",\"target\":{\"@type\":\"EntryPoint\",\"urlTemplate\":\"https:\\\/\\\/bulaoutdoor.nl\\\/?s={search_term_string}\"},\"query-input\":{\"@type\":\"PropertyValueSpecification\",\"valueRequired\":true,\"valueName\":\"search_term_string\"}}],\"inLanguage\":\"fr-FR\"},{\"@type\":\"Organization\",\"@id\":\"https:\\\/\\\/bulaoutdoor.nl\\\/#organization\",\"name\":\"Bula Outdoor\",\"url\":\"https:\\\/\\\/bulaoutdoor.nl\\\/\",\"logo\":{\"@type\":\"ImageObject\",\"inLanguage\":\"fr-FR\",\"@id\":\"https:\\\/\\\/bulaoutdoor.nl\\\/#\\\/schema\\\/logo\\\/image\\\/\",\"url\":\"https:\\\/\\\/www.bulaoutdoor.nl\\\/wp-content\\\/uploads\\\/2018\\\/04\\\/bulaoutdoor-logo.png\",\"contentUrl\":\"https:\\\/\\\/www.bulaoutdoor.nl\\\/wp-content\\\/uploads\\\/2018\\\/04\\\/bulaoutdoor-logo.png\",\"width\":324,\"height\":91,\"caption\":\"Bula Outdoor\"},\"image\":{\"@id\":\"https:\\\/\\\/bulaoutdoor.nl\\\/#\\\/schema\\\/logo\\\/image\\\/\"}}]}<\/script>\n<!-- \/ Yoast SEO plugin. -->","yoast_head_json":{"title":"Jydepejsen Elegance Junior - Bula Outdoor","robots":{"index":"index","follow":"follow","max-snippet":"max-snippet:-1","max-image-preview":"max-image-preview:large","max-video-preview":"max-video-preview:-1"},"canonical":"https:\/\/bulaoutdoor.nl\/fr\/produit\/jydepejsen-elegance-junior-5\/","og_locale":"fr_FR","og_type":"article","og_title":"Jydepejsen Elegance Junior &#8211; Bula Outdoor","og_description":"Houtkachel Jydepejsen Elegance Junior&nbsp; De Jydepejsen Elegance Junior houtkachel onderscheidt zich door het ovale ontwerp en opvallende details. De handgreep is ingebouwd in een prachtig roestvrijstalen lint (die overigens ook in het zwart beschikbaar is) waarachter de DuplicAir\u00ae luchtregeling verborgen is. De breedste panoramaruit op de markt biedt u 180\u00b0 zicht op het vuur en [&hellip;]","og_url":"https:\/\/bulaoutdoor.nl\/fr\/produit\/jydepejsen-elegance-junior-5\/","og_site_name":"Bula Outdoor","article_modified_time":"2026-04-05T04:41:38+00:00","og_image":[{"width":1000,"height":1000,"url":"https:\/\/bulaoutdoor.nl\/wp-content\/uploads\/2017\/07\/junior_wall.jpg","type":"image\/jpeg"}],"twitter_card":"summary_large_image","twitter_misc":{"Dur\u00e9e de lecture estim\u00e9e":"2 minutes"},"schema":{"@context":"https:\/\/schema.org","@graph":[{"@type":"WebPage","@id":"https:\/\/bulaoutdoor.nl\/product\/jydepejsen-elegance-junior\/","url":"https:\/\/bulaoutdoor.nl\/product\/jydepejsen-elegance-junior\/","name":"Jydepejsen Elegance Junior - Bula Outdoor","isPartOf":{"@id":"https:\/\/bulaoutdoor.nl\/#website"},"primaryImageOfPage":{"@id":"https:\/\/bulaoutdoor.nl\/product\/jydepejsen-elegance-junior\/#primaryimage"},"image":{"@id":"https:\/\/bulaoutdoor.nl\/product\/jydepejsen-elegance-junior\/#primaryimage"},"thumbnailUrl":"https:\/\/bulaoutdoor.nl\/wp-content\/uploads\/2017\/07\/junior_wall.jpg","datePublished":"2017-07-18T14:23:07+00:00","dateModified":"2026-04-05T04:41:38+00:00","breadcrumb":{"@id":"https:\/\/bulaoutdoor.nl\/product\/jydepejsen-elegance-junior\/#breadcrumb"},"inLanguage":"fr-FR","potentialAction":[{"@type":"ReadAction","target":["https:\/\/bulaoutdoor.nl\/product\/jydepejsen-elegance-junior\/"]}]},{"@type":"ImageObject","inLanguage":"fr-FR","@id":"https:\/\/bulaoutdoor.nl\/product\/jydepejsen-elegance-junior\/#primaryimage","url":"https:\/\/bulaoutdoor.nl\/wp-content\/uploads\/2017\/07\/junior_wall.jpg","contentUrl":"https:\/\/bulaoutdoor.nl\/wp-content\/uploads\/2017\/07\/junior_wall.jpg","width":1000,"height":1000,"caption":"jydepejsen-elegance-junior-thumbnail"},{"@type":"BreadcrumbList","@id":"https:\/\/bulaoutdoor.nl\/product\/jydepejsen-elegance-junior\/#breadcrumb","itemListElement":[{"@type":"ListItem","position":1,"name":"Home","item":"https:\/\/bulaoutdoor.nl\/"},{"@type":"ListItem","position":2,"name":"Online BBQ kopen","item":"https:\/\/bulaoutdoor.nl\/"},{"@type":"ListItem","position":3,"name":"Jydepejsen Elegance Junior"}]},{"@type":"WebSite","@id":"https:\/\/bulaoutdoor.nl\/#website","url":"https:\/\/bulaoutdoor.nl\/","name":"Bula Outdoor","description":"Pour votre chemin\u00e9e ext\u00e9rieure, votre barbecue, votre torche de jardin et votre four \u00e0 bois","publisher":{"@id":"https:\/\/bulaoutdoor.nl\/#organization"},"potentialAction":[{"@type":"SearchAction","target":{"@type":"EntryPoint","urlTemplate":"https:\/\/bulaoutdoor.nl\/?s={search_term_string}"},"query-input":{"@type":"PropertyValueSpecification","valueRequired":true,"valueName":"search_term_string"}}],"inLanguage":"fr-FR"},{"@type":"Organization","@id":"https:\/\/bulaoutdoor.nl\/#organization","name":"Bula Outdoor","url":"https:\/\/bulaoutdoor.nl\/","logo":{"@type":"ImageObject","inLanguage":"fr-FR","@id":"https:\/\/bulaoutdoor.nl\/#\/schema\/logo\/image\/","url":"https:\/\/www.bulaoutdoor.nl\/wp-content\/uploads\/2018\/04\/bulaoutdoor-logo.png","contentUrl":"https:\/\/www.bulaoutdoor.nl\/wp-content\/uploads\/2018\/04\/bulaoutdoor-logo.png","width":324,"height":91,"caption":"Bula Outdoor"},"image":{"@id":"https:\/\/bulaoutdoor.nl\/#\/schema\/logo\/image\/"}}]}},"jetpack_sharing_enabled":true,"_links":{"self":[{"href":"https:\/\/bulaoutdoor.nl\/fr\/wp-json\/wp\/v2\/product\/15632","targetHints":{"allow":["GET"]}}],"collection":[{"href":"https:\/\/bulaoutdoor.nl\/fr\/wp-json\/wp\/v2\/product"}],"about":[{"href":"https:\/\/bulaoutdoor.nl\/fr\/wp-json\/wp\/v2\/types\/product"}],"replies":[{"embeddable":true,"href":"https:\/\/bulaoutdoor.nl\/fr\/wp-json\/wp\/v2\/comments?post=15632"}],"wp:featuredmedia":[{"embeddable":true,"href":"https:\/\/bulaoutdoor.nl\/fr\/wp-json\/wp\/v2\/media\/15633"}],"wp:attachment":[{"href":"https:\/\/bulaoutdoor.nl\/fr\/wp-json\/wp\/v2\/media?parent=15632"}],"wp:term":[{"taxonomy":"product_brand","embeddable":true,"href":"https:\/\/bulaoutdoor.nl\/fr\/wp-json\/wp\/v2\/product_brand?post=15632"},{"taxonomy":"product_cat","embeddable":true,"href":"https:\/\/bulaoutdoor.nl\/fr\/wp-json\/wp\/v2\/product_cat?post=15632"},{"taxonomy":"product_tag","embeddable":true,"href":"https:\/\/bulaoutdoor.nl\/fr\/wp-json\/wp\/v2\/product_tag?post=15632"}],"curies":[{"name":"wp","href":"https:\/\/api.w.org\/{rel}","templated":true}]}}