{"id":15663,"date":"2017-07-19T07:05:00","date_gmt":"2017-07-19T07:05:00","guid":{"rendered":"https:\/\/www.bulaoutdoor.nl\/product\/jydepejsen-troja-46\/"},"modified":"2026-04-05T04:41:53","modified_gmt":"2026-04-05T04:41:53","slug":"jydepejsen-troja-46","status":"publish","type":"product","link":"https:\/\/bulaoutdoor.nl\/fr\/product\/jydepejsen-troja-46\/","title":{"rendered":"Jydepejsen Troja 46 pierre \u00e0 savon"},"content":{"rendered":"<h2>Jydepejsen Troja 46 po\u00eale \u00e0 bois<\/h2>\n<p>Le beau grand rond <a href=\"https:\/\/www.haveverwarming.nl\/kachels\/speksteen\">po\u00eale en pierre ollaire<\/a> <a href=\"https:\/\/www.haveverwarming.nl\/Jydepejsen\" target=\"_blank\" rel=\"noopener\">Jydepejsen<\/a> Troja 46 est id\u00e9al pour les tr\u00e8s grands espaces. L'imposante <a href=\"https:\/\/www.haveverwarming.nl\/kenniscentrum\/wat-is-speksteen\" target=\"_blank\" rel=\"noopener\">Pierre \u00e0 savon finlandaise<\/a> L'habillage en pierre ollaire s'harmonise parfaitement avec l'insert. La d\u00e9coration naturelle de la pierre ollaire de chaque Jydepejsen Troja rend chaque mod\u00e8le unique. Le Jydepejsen Troja est dot\u00e9 d'une grille de convection au sommet, qui permet de r\u00e9guler la distribution de la chaleur gr\u00e2ce au canal de convection.<\/p>\n<h3>Variantes de Troja<\/h3>\n<p>Le Troja de Jydepejsen existe en trois variantes. Le grand Troja 46, comme celui-ci, et ses deux petits fr\u00e8res, le <a href=\"https:\/\/www.haveverwarming.nl\/jydepejsen-troja-44\" target=\"_blank\" rel=\"noopener\">Troja 44<\/a> et le plus \u00e9lev\u00e9 <a href=\"https:\/\/www.haveverwarming.nl\/jydepejsen-troja-45\" target=\"_blank\" rel=\"noopener\">Troja 45<\/a>. Ils ne diff\u00e8rent que par leur hauteur.<\/p>\n<h3>DuplicAir\u00ae dans le <a href=\"https:\/\/www.haveverwarming.nl\/kachels\/jydepejsen-hout\" target=\"_blank\" rel=\"noopener\">Po\u00eales \u00e0 bois Jydepejsen<\/a><\/h3>\n<p>DuplicAir\u00ae est un syst\u00e8me de contr\u00f4le sp\u00e9cialement con\u00e7u pour garantir une combustion optimale. Ce syst\u00e8me brevet\u00e9 est tr\u00e8s facile \u00e0 utiliser (via un cadran) et offre une solution de chauffage optimale pendant toute la dur\u00e9e de vie de cet appareil. <a href=\"https:\/\/www.haveverwarming.nl\/kachels\/hout\" target=\"_blank\" rel=\"noopener\">po\u00eale \u00e0 bois<\/a>.<\/p>\n<h3>S\u00e9curit\u00e9 suppl\u00e9mentaire<\/h3>\n<p>Garantie de 5 ans : la p\u00e9riode de garantie extra-longue de Jydepejsen vous offre, en tant que client, une plus grande s\u00e9curit\u00e9 lors de votre achat.&nbsp;<\/p>\n<h3>Doubl\u00e9 de vermiculite<\/h3>\n<p>Rev\u00eatement int\u00e9rieur : les plaques de vermiculite plac\u00e9es dans les chambres de combustion des po\u00eales Jydepejsen r\u00e9sistent \u00e0 une exposition directe aux flammes jusqu'\u00e0 1100 degr\u00e9s Celsius. Ces plaques de vermiculite isolent parfaitement la chambre de combustion, ce qui permet d'obtenir une temp\u00e9rature de combustion plus \u00e9lev\u00e9e, un meilleur d\u00e9gazage du bois et, par cons\u00e9quent, de meilleures performances (meilleur rendement, etc.) du po\u00eale \u00e0 bois.<\/p>\n<h2>Venez visiter notre centre d'exp\u00e9rience<\/h2>\n<p>Nous rendre visite <a href=\"https:\/\/www.haveverwarming.nl\/experiencecenter\" target=\"_blank\" rel=\"noopener\">Centre d'exp\u00e9rience<\/a> \u00e0 Lunteren est toujours une sortie. Venez aussi voir les diff\u00e9rents po\u00eales Jydepejsen avec nous !<\/p>\n<p>T\u00e9l\u00e9chargements de produits<\/p>\n<ul>\n<li><a class=\"download file\" href=\"https:\/\/www.haveverwarming.nl\/amfile\/file\/download\/file\/9157\/product\/198\/\" target=\"_blank\"><span>Brochure Jydepejsen<\/span><\/a><\/li>\n<li><a class=\"download file\" href=\"https:\/\/www.haveverwarming.nl\/amfile\/file\/download\/file\/347\/product\/198\/\" target=\"_blank\"><span>Dessin au trait Jydepejsen Troja 46<\/span><\/a><\/li>\n<li><a class=\"download file\" href=\"https:\/\/www.haveverwarming.nl\/amfile\/file\/download\/file\/651\/product\/198\/\" target=\"_blank\"><span>Label \u00e9nergie Jydepesjen Troja 46<\/span><\/a><\/li>\n<li><a class=\"download file\" href=\"https:\/\/www.haveverwarming.nl\/amfile\/file\/download\/file\/1119\/product\/198\/\" target=\"_blank\"><span>Dessin de construction Jydepejsen Troja 46<\/span><\/a><\/li>\n<li><a class=\"download file\" href=\"https:\/\/www.haveverwarming.nl\/amfile\/file\/download\/file\/345\/product\/198\/\" target=\"_blank\"><span>Manuel Jydepejsen Troja 46<\/span><\/a><\/li>\n<li><a class=\"download file\" href=\"https:\/\/www.haveverwarming.nl\/amfile\/file\/download\/file\/6500\/product\/198\/\" target=\"_blank\"><span>Brochure sur le tir responsable<\/span><\/a><\/li>\n<li><a class=\"download file\" href=\"https:\/\/www.haveverwarming.nl\/productpdf\/download\/file\/id\/198\/name\/Jydepejsen_Troja_46_speksteen.pdf\/\" target=\"_blank\"><span>T\u00e9l\u00e9charger la fiche technique<\/span><\/a><\/li>\n<\/ul>","protected":false},"excerpt":{"rendered":"<p>Jydepejsen Troja 46 houtkachel De prachtige hoge ronde speksteenkachel Jydepejsen Troja 46 is ideaal voor hele grote ruimtes. Het massieve Finse speksteen om deze houtkachel zorgt een uiterst effici\u00ebnte warmteverspreiding en de speksteenbekleding sluit nauw aan op de inzethaard. De natuurlijke decoratie van het speksteen van elke Jydepejsen Troja maakt dat ieder model uniek is. [&hellip;]<\/p>\n","protected":false},"featured_media":30699,"comment_status":"open","ping_status":"closed","template":"","meta":{"_acf_changed":false},"product_brand":[],"product_cat":[1092],"product_tag":[],"class_list":{"0":"post-15663","1":"product","2":"type-product","3":"status-publish","4":"has-post-thumbnail","6":"product_cat-vrijstaande-houtkachels","8":"first","9":"instock","10":"taxable","11":"shipping-taxable","12":"purchasable","13":"product-type-simple"},"acf":[],"yoast_head":"<!-- This site is optimized with the Yoast SEO plugin v27.3 - https:\/\/yoast.com\/product\/yoast-seo-wordpress\/ -->\n<title>Jydepejsen Troja 46 speksteen &#8211; Bula Outdoor<\/title>\n<meta name=\"robots\" content=\"index, follow, max-snippet:-1, max-image-preview:large, max-video-preview:-1\" \/>\n<link rel=\"canonical\" href=\"https:\/\/bulaoutdoor.nl\/fr\/produit\/jydepejsen-troja-46\/\" \/>\n<meta property=\"og:locale\" content=\"fr_FR\" \/>\n<meta property=\"og:type\" content=\"article\" \/>\n<meta property=\"og:title\" content=\"Jydepejsen Troja 46 speksteen &#8211; Bula Outdoor\" \/>\n<meta property=\"og:description\" content=\"Jydepejsen Troja 46 houtkachel De prachtige hoge ronde speksteenkachel Jydepejsen Troja 46 is ideaal voor hele grote ruimtes. Het massieve Finse speksteen om deze houtkachel zorgt een uiterst effici\u00ebnte warmteverspreiding en de speksteenbekleding sluit nauw aan op de inzethaard. De natuurlijke decoratie van het speksteen van elke Jydepejsen Troja maakt dat ieder model uniek is. [&hellip;]\" \/>\n<meta property=\"og:url\" content=\"https:\/\/bulaoutdoor.nl\/fr\/produit\/jydepejsen-troja-46\/\" \/>\n<meta property=\"og:site_name\" content=\"Bula Outdoor\" \/>\n<meta property=\"article:modified_time\" content=\"2026-04-05T04:41:53+00:00\" \/>\n<meta property=\"og:image\" content=\"https:\/\/bulaoutdoor.nl\/wp-content\/uploads\/2017\/07\/troja_46_1000x1000.jpg\" \/>\n\t<meta property=\"og:image:width\" content=\"1000\" \/>\n\t<meta property=\"og:image:height\" content=\"1000\" \/>\n\t<meta property=\"og:image:type\" content=\"image\/jpeg\" \/>\n<meta name=\"twitter:card\" content=\"summary_large_image\" \/>\n<meta name=\"twitter:label1\" content=\"Dur\u00e9e de lecture estim\u00e9e\" \/>\n\t<meta name=\"twitter:data1\" content=\"2 minutes\" \/>\n<script type=\"application\/ld+json\" class=\"yoast-schema-graph\">{\"@context\":\"https:\\\/\\\/schema.org\",\"@graph\":[{\"@type\":\"WebPage\",\"@id\":\"https:\\\/\\\/bulaoutdoor.nl\\\/product\\\/jydepejsen-troja-46\\\/\",\"url\":\"https:\\\/\\\/bulaoutdoor.nl\\\/product\\\/jydepejsen-troja-46\\\/\",\"name\":\"Jydepejsen Troja 46 speksteen &#8211; Bula Outdoor\",\"isPartOf\":{\"@id\":\"https:\\\/\\\/bulaoutdoor.nl\\\/#website\"},\"primaryImageOfPage\":{\"@id\":\"https:\\\/\\\/bulaoutdoor.nl\\\/product\\\/jydepejsen-troja-46\\\/#primaryimage\"},\"image\":{\"@id\":\"https:\\\/\\\/bulaoutdoor.nl\\\/product\\\/jydepejsen-troja-46\\\/#primaryimage\"},\"thumbnailUrl\":\"https:\\\/\\\/bulaoutdoor.nl\\\/wp-content\\\/uploads\\\/2017\\\/07\\\/troja_46_1000x1000.jpg\",\"datePublished\":\"2017-07-19T07:05:00+00:00\",\"dateModified\":\"2026-04-05T04:41:53+00:00\",\"breadcrumb\":{\"@id\":\"https:\\\/\\\/bulaoutdoor.nl\\\/product\\\/jydepejsen-troja-46\\\/#breadcrumb\"},\"inLanguage\":\"fr-FR\",\"potentialAction\":[{\"@type\":\"ReadAction\",\"target\":[\"https:\\\/\\\/bulaoutdoor.nl\\\/product\\\/jydepejsen-troja-46\\\/\"]}]},{\"@type\":\"ImageObject\",\"inLanguage\":\"fr-FR\",\"@id\":\"https:\\\/\\\/bulaoutdoor.nl\\\/product\\\/jydepejsen-troja-46\\\/#primaryimage\",\"url\":\"https:\\\/\\\/bulaoutdoor.nl\\\/wp-content\\\/uploads\\\/2017\\\/07\\\/troja_46_1000x1000.jpg\",\"contentUrl\":\"https:\\\/\\\/bulaoutdoor.nl\\\/wp-content\\\/uploads\\\/2017\\\/07\\\/troja_46_1000x1000.jpg\",\"width\":1000,\"height\":1000,\"caption\":\"jydepejsen-troja-46-speksteen-thumbnail\"},{\"@type\":\"BreadcrumbList\",\"@id\":\"https:\\\/\\\/bulaoutdoor.nl\\\/product\\\/jydepejsen-troja-46\\\/#breadcrumb\",\"itemListElement\":[{\"@type\":\"ListItem\",\"position\":1,\"name\":\"Home\",\"item\":\"https:\\\/\\\/bulaoutdoor.nl\\\/\"},{\"@type\":\"ListItem\",\"position\":2,\"name\":\"Online BBQ kopen\",\"item\":\"https:\\\/\\\/bulaoutdoor.nl\\\/\"},{\"@type\":\"ListItem\",\"position\":3,\"name\":\"Jydepejsen Troja 46 speksteen\"}]},{\"@type\":\"WebSite\",\"@id\":\"https:\\\/\\\/bulaoutdoor.nl\\\/#website\",\"url\":\"https:\\\/\\\/bulaoutdoor.nl\\\/\",\"name\":\"Bula Outdoor\",\"description\":\"Voor uw buitenhaard, BBQ, tuinfakkel en houtoven\",\"publisher\":{\"@id\":\"https:\\\/\\\/bulaoutdoor.nl\\\/#organization\"},\"potentialAction\":[{\"@type\":\"SearchAction\",\"target\":{\"@type\":\"EntryPoint\",\"urlTemplate\":\"https:\\\/\\\/bulaoutdoor.nl\\\/?s={search_term_string}\"},\"query-input\":{\"@type\":\"PropertyValueSpecification\",\"valueRequired\":true,\"valueName\":\"search_term_string\"}}],\"inLanguage\":\"fr-FR\"},{\"@type\":\"Organization\",\"@id\":\"https:\\\/\\\/bulaoutdoor.nl\\\/#organization\",\"name\":\"Bula Outdoor\",\"url\":\"https:\\\/\\\/bulaoutdoor.nl\\\/\",\"logo\":{\"@type\":\"ImageObject\",\"inLanguage\":\"fr-FR\",\"@id\":\"https:\\\/\\\/bulaoutdoor.nl\\\/#\\\/schema\\\/logo\\\/image\\\/\",\"url\":\"https:\\\/\\\/www.bulaoutdoor.nl\\\/wp-content\\\/uploads\\\/2018\\\/04\\\/bulaoutdoor-logo.png\",\"contentUrl\":\"https:\\\/\\\/www.bulaoutdoor.nl\\\/wp-content\\\/uploads\\\/2018\\\/04\\\/bulaoutdoor-logo.png\",\"width\":324,\"height\":91,\"caption\":\"Bula Outdoor\"},\"image\":{\"@id\":\"https:\\\/\\\/bulaoutdoor.nl\\\/#\\\/schema\\\/logo\\\/image\\\/\"}}]}<\/script>\n<!-- \/ Yoast SEO plugin. -->","yoast_head_json":{"title":"Jydepejsen Troja 46 st\u00e9atite - Bula Outdoor","robots":{"index":"index","follow":"follow","max-snippet":"max-snippet:-1","max-image-preview":"max-image-preview:large","max-video-preview":"max-video-preview:-1"},"canonical":"https:\/\/bulaoutdoor.nl\/fr\/produit\/jydepejsen-troja-46\/","og_locale":"fr_FR","og_type":"article","og_title":"Jydepejsen Troja 46 speksteen &#8211; Bula Outdoor","og_description":"Jydepejsen Troja 46 houtkachel De prachtige hoge ronde speksteenkachel Jydepejsen Troja 46 is ideaal voor hele grote ruimtes. Het massieve Finse speksteen om deze houtkachel zorgt een uiterst effici\u00ebnte warmteverspreiding en de speksteenbekleding sluit nauw aan op de inzethaard. De natuurlijke decoratie van het speksteen van elke Jydepejsen Troja maakt dat ieder model uniek is. [&hellip;]","og_url":"https:\/\/bulaoutdoor.nl\/fr\/produit\/jydepejsen-troja-46\/","og_site_name":"Bula Outdoor","article_modified_time":"2026-04-05T04:41:53+00:00","og_image":[{"width":1000,"height":1000,"url":"https:\/\/bulaoutdoor.nl\/wp-content\/uploads\/2017\/07\/troja_46_1000x1000.jpg","type":"image\/jpeg"}],"twitter_card":"summary_large_image","twitter_misc":{"Dur\u00e9e de lecture estim\u00e9e":"2 minutes"},"schema":{"@context":"https:\/\/schema.org","@graph":[{"@type":"WebPage","@id":"https:\/\/bulaoutdoor.nl\/product\/jydepejsen-troja-46\/","url":"https:\/\/bulaoutdoor.nl\/product\/jydepejsen-troja-46\/","name":"Jydepejsen Troja 46 st\u00e9atite - Bula Outdoor","isPartOf":{"@id":"https:\/\/bulaoutdoor.nl\/#website"},"primaryImageOfPage":{"@id":"https:\/\/bulaoutdoor.nl\/product\/jydepejsen-troja-46\/#primaryimage"},"image":{"@id":"https:\/\/bulaoutdoor.nl\/product\/jydepejsen-troja-46\/#primaryimage"},"thumbnailUrl":"https:\/\/bulaoutdoor.nl\/wp-content\/uploads\/2017\/07\/troja_46_1000x1000.jpg","datePublished":"2017-07-19T07:05:00+00:00","dateModified":"2026-04-05T04:41:53+00:00","breadcrumb":{"@id":"https:\/\/bulaoutdoor.nl\/product\/jydepejsen-troja-46\/#breadcrumb"},"inLanguage":"fr-FR","potentialAction":[{"@type":"ReadAction","target":["https:\/\/bulaoutdoor.nl\/product\/jydepejsen-troja-46\/"]}]},{"@type":"ImageObject","inLanguage":"fr-FR","@id":"https:\/\/bulaoutdoor.nl\/product\/jydepejsen-troja-46\/#primaryimage","url":"https:\/\/bulaoutdoor.nl\/wp-content\/uploads\/2017\/07\/troja_46_1000x1000.jpg","contentUrl":"https:\/\/bulaoutdoor.nl\/wp-content\/uploads\/2017\/07\/troja_46_1000x1000.jpg","width":1000,"height":1000,"caption":"jydepejsen-troja-46-speksteen-thumbnail"},{"@type":"BreadcrumbList","@id":"https:\/\/bulaoutdoor.nl\/product\/jydepejsen-troja-46\/#breadcrumb","itemListElement":[{"@type":"ListItem","position":1,"name":"Home","item":"https:\/\/bulaoutdoor.nl\/"},{"@type":"ListItem","position":2,"name":"Online BBQ kopen","item":"https:\/\/bulaoutdoor.nl\/"},{"@type":"ListItem","position":3,"name":"Jydepejsen Troja 46 speksteen"}]},{"@type":"WebSite","@id":"https:\/\/bulaoutdoor.nl\/#website","url":"https:\/\/bulaoutdoor.nl\/","name":"Bula Outdoor","description":"Pour votre chemin\u00e9e ext\u00e9rieure, votre barbecue, votre torche de jardin et votre four \u00e0 bois","publisher":{"@id":"https:\/\/bulaoutdoor.nl\/#organization"},"potentialAction":[{"@type":"SearchAction","target":{"@type":"EntryPoint","urlTemplate":"https:\/\/bulaoutdoor.nl\/?s={search_term_string}"},"query-input":{"@type":"PropertyValueSpecification","valueRequired":true,"valueName":"search_term_string"}}],"inLanguage":"fr-FR"},{"@type":"Organization","@id":"https:\/\/bulaoutdoor.nl\/#organization","name":"Bula Outdoor","url":"https:\/\/bulaoutdoor.nl\/","logo":{"@type":"ImageObject","inLanguage":"fr-FR","@id":"https:\/\/bulaoutdoor.nl\/#\/schema\/logo\/image\/","url":"https:\/\/www.bulaoutdoor.nl\/wp-content\/uploads\/2018\/04\/bulaoutdoor-logo.png","contentUrl":"https:\/\/www.bulaoutdoor.nl\/wp-content\/uploads\/2018\/04\/bulaoutdoor-logo.png","width":324,"height":91,"caption":"Bula Outdoor"},"image":{"@id":"https:\/\/bulaoutdoor.nl\/#\/schema\/logo\/image\/"}}]}},"jetpack_sharing_enabled":true,"_links":{"self":[{"href":"https:\/\/bulaoutdoor.nl\/fr\/wp-json\/wp\/v2\/product\/15663","targetHints":{"allow":["GET"]}}],"collection":[{"href":"https:\/\/bulaoutdoor.nl\/fr\/wp-json\/wp\/v2\/product"}],"about":[{"href":"https:\/\/bulaoutdoor.nl\/fr\/wp-json\/wp\/v2\/types\/product"}],"replies":[{"embeddable":true,"href":"https:\/\/bulaoutdoor.nl\/fr\/wp-json\/wp\/v2\/comments?post=15663"}],"wp:featuredmedia":[{"embeddable":true,"href":"https:\/\/bulaoutdoor.nl\/fr\/wp-json\/wp\/v2\/media\/30699"}],"wp:attachment":[{"href":"https:\/\/bulaoutdoor.nl\/fr\/wp-json\/wp\/v2\/media?parent=15663"}],"wp:term":[{"taxonomy":"product_brand","embeddable":true,"href":"https:\/\/bulaoutdoor.nl\/fr\/wp-json\/wp\/v2\/product_brand?post=15663"},{"taxonomy":"product_cat","embeddable":true,"href":"https:\/\/bulaoutdoor.nl\/fr\/wp-json\/wp\/v2\/product_cat?post=15663"},{"taxonomy":"product_tag","embeddable":true,"href":"https:\/\/bulaoutdoor.nl\/fr\/wp-json\/wp\/v2\/product_tag?post=15663"}],"curies":[{"name":"wp","href":"https:\/\/api.w.org\/{rel}","templated":true}]}}