{"id":15717,"date":"2017-07-19T09:07:47","date_gmt":"2017-07-19T09:07:47","guid":{"rendered":"https:\/\/www.bulaoutdoor.nl\/product\/jydepejsen-bella-sideglass\/"},"modified":"2026-04-05T04:42:01","modified_gmt":"2026-04-05T04:42:01","slug":"jydepejsen-bella-sideglass","status":"publish","type":"product","link":"https:\/\/bulaoutdoor.nl\/fr\/product\/jydepejsen-bella-sideglass\/","title":{"rendered":"Fen\u00eatres lat\u00e9rales Jydepejsen Bella"},"content":{"rendered":"<h2>Jydepejsen Bella Sideglass<\/h2>\n<p>La Bella <a href=\"https:\/\/www.haveverwarming.nl\/kachels\/hout\" target=\"_blank\" rel=\"noopener\">po\u00eale \u00e0 bois<\/a> a de nombreux points communs avec la <a href=\"https:\/\/www.haveverwarming.nl\/jydepejsen-senza\" target=\"_blank\" rel=\"noopener\">Senza<\/a> et convient parfaitement aux maisons \u00e0 faible consommation d'\u00e9nergie ou aux maisons ayant de faibles besoins en chaleur. Bella est \u00e9quip\u00e9e de s\u00e9rie d'une porte \u00e0 fermeture automatique et d'une possibilit\u00e9 de raccordement pour l'alimentation en air ext\u00e9rieur. Cette chemin\u00e9e design tr\u00e8s \u00e9l\u00e9gante est dot\u00e9e d'une porte avec une fa\u00e7ade enti\u00e8rement vitr\u00e9e. Avec la poign\u00e9e int\u00e9gr\u00e9e, cela garantit le design \u00e9pur\u00e9 et l'aspect moderne de la chemin\u00e9e. <a href=\"https:\/\/www.haveverwarming.nl\/Jydepejsen\" target=\"_blank\" rel=\"noopener\">Jydepejsen<\/a> Lunettes Bella. Disponible en quatre versions diff\u00e9rentes : avec ou sans verres lat\u00e9raux comme ce verre lat\u00e9ral, combin\u00e9 avec deux hauteurs diff\u00e9rentes. Les pierres d'accumulation peuvent \u00eatre achet\u00e9es en tant qu'accessoire. Elles sont plac\u00e9es de mani\u00e8re invisible dans la partie sup\u00e9rieure des lunettes Jydepejsen Bella et continuent \u00e0 diffuser une chaleur agr\u00e9able pendant des heures apr\u00e8s que le po\u00eale s'est \u00e9teint.<\/p>\n<h3>DuplicAir<\/h3>\n<p>Le Jydepejsen Bella est \u00e9galement \u00e9quip\u00e9 de DuplicAir\u00ae. Il s'agit d'un syst\u00e8me de contr\u00f4le sp\u00e9cialement con\u00e7u pour garantir une combustion optimale. Ce syst\u00e8me brevet\u00e9 est tr\u00e8s facile \u00e0 utiliser (via un cadran) et offre une solution de chauffage optimale pendant toute la dur\u00e9e de vie du po\u00eale.<\/p>\n<h3>Garantie<\/h3>\n<p>Garantie de 5 ans : la p\u00e9riode de garantie extra-longue de Jydepejsen offre \u00e0 nos clients une plus grande s\u00e9curit\u00e9 lors de leur achat.&nbsp;<\/p>\n<p>DuplicAir\u00ae est un syst\u00e8me de contr\u00f4le sp\u00e9cialement d\u00e9velopp\u00e9 pour assurer une combustion optimale.<\/p>\n<h3>Jydepejsen dans notre Experience Centre<\/h3>\n<p>Venez \u00e9galement voir les po\u00eales Jydepejsen dans nos locaux. <a href=\"https:\/\/www.haveverwarming.nl\/experiencecenter\" target=\"_blank\" rel=\"noopener\">Centre d'exp\u00e9rience<\/a> \u00e0 Lunteren !<\/p>\n<p>T\u00e9l\u00e9chargements de produits<\/p>\n<ul>\n<li><a class=\"download file\" href=\"https:\/\/www.haveverwarming.nl\/amfile\/file\/download\/file\/9157\/product\/219\/\" target=\"_blank\"><span>Brochure Jydepejsen<\/span><\/a><\/li>\n<li><a class=\"download file\" href=\"https:\/\/www.haveverwarming.nl\/amfile\/file\/download\/file\/1103\/product\/219\/\" target=\"_blank\"><span>Plan de construction Jydepejsen Bella Sideglass<\/span><\/a><\/li>\n<li><a class=\"download file\" href=\"https:\/\/www.haveverwarming.nl\/amfile\/file\/download\/file\/340\/product\/219\/\" target=\"_blank\"><span>Jydepejsen Bell sideglass manual<\/span><\/a><\/li>\n<li><a class=\"download file\" href=\"https:\/\/www.haveverwarming.nl\/amfile\/file\/download\/file\/655\/product\/219\/\" target=\"_blank\"><span>Label \u00e9nerg\u00e9tique Jydepejsen Bella Sideglass<\/span><\/a><\/li>\n<li><a class=\"download file\" href=\"https:\/\/www.haveverwarming.nl\/amfile\/file\/download\/file\/5400\/product\/219\/\" target=\"_blank\"><span>Dessin au trait Bella avec vitres lat\u00e9rales<\/span><\/a><\/li>\n<li><a class=\"download file\" href=\"https:\/\/www.haveverwarming.nl\/amfile\/file\/download\/file\/6504\/product\/219\/\" target=\"_blank\"><span>Brochure sur le tir responsable<\/span><\/a><\/li>\n<li><a class=\"download file\" href=\"https:\/\/www.haveverwarming.nl\/productpdf\/download\/file\/id\/219\/name\/Jydepejsen_Bella_zijruiten.pdf\/\" target=\"_blank\"><span>T\u00e9l\u00e9charger la fiche technique<\/span><\/a><\/li>\n<\/ul>","protected":false},"excerpt":{"rendered":"<p>Jydepejsen Bella Sideglass De Bella houtkachel heeft veel gemeen met de Senza en is zeer geschikt voor energiezuinige huizen of huizen met een lage warmtebehoefte. Bella wordt standaard geleverd met een zelfsluitende deur en een aansluitmogelijkheid voor externe lucht toevoer. Deze zeer strakke designhaard is voorzien van een deur met een gehele glazen voorzijde. Samen [&hellip;]<\/p>\n","protected":false},"featured_media":15718,"comment_status":"open","ping_status":"closed","template":"","meta":{"_acf_changed":false},"product_brand":[],"product_cat":[1092],"product_tag":[],"class_list":{"0":"post-15717","1":"product","2":"type-product","3":"status-publish","4":"has-post-thumbnail","6":"product_cat-vrijstaande-houtkachels","8":"first","9":"instock","10":"taxable","11":"shipping-taxable","12":"purchasable","13":"product-type-simple"},"acf":[],"yoast_head":"<!-- This site is optimized with the Yoast SEO plugin v27.3 - https:\/\/yoast.com\/product\/yoast-seo-wordpress\/ -->\n<title>Jydepejsen Bella zijruiten &#8211; Bula Outdoor<\/title>\n<meta name=\"robots\" content=\"index, follow, max-snippet:-1, max-image-preview:large, max-video-preview:-1\" \/>\n<link rel=\"canonical\" href=\"https:\/\/bulaoutdoor.nl\/fr\/produit\/jydepejsen-bella-sideglass\/\" \/>\n<meta property=\"og:locale\" content=\"fr_FR\" \/>\n<meta property=\"og:type\" content=\"article\" \/>\n<meta property=\"og:title\" content=\"Jydepejsen Bella zijruiten &#8211; Bula Outdoor\" \/>\n<meta property=\"og:description\" content=\"Jydepejsen Bella Sideglass De Bella houtkachel heeft veel gemeen met de Senza en is zeer geschikt voor energiezuinige huizen of huizen met een lage warmtebehoefte. Bella wordt standaard geleverd met een zelfsluitende deur en een aansluitmogelijkheid voor externe lucht toevoer. Deze zeer strakke designhaard is voorzien van een deur met een gehele glazen voorzijde. Samen [&hellip;]\" \/>\n<meta property=\"og:url\" content=\"https:\/\/bulaoutdoor.nl\/fr\/produit\/jydepejsen-bella-sideglass\/\" \/>\n<meta property=\"og:site_name\" content=\"Bula Outdoor\" \/>\n<meta property=\"article:modified_time\" content=\"2026-04-05T04:42:01+00:00\" \/>\n<meta property=\"og:image\" content=\"https:\/\/bulaoutdoor.nl\/wp-content\/uploads\/2017\/07\/jydepesjen_bella_sideglass.jpg\" \/>\n\t<meta property=\"og:image:width\" content=\"1000\" \/>\n\t<meta property=\"og:image:height\" content=\"1000\" \/>\n\t<meta property=\"og:image:type\" content=\"image\/jpeg\" \/>\n<meta name=\"twitter:card\" content=\"summary_large_image\" \/>\n<meta name=\"twitter:label1\" content=\"Dur\u00e9e de lecture estim\u00e9e\" \/>\n\t<meta name=\"twitter:data1\" content=\"2 minutes\" \/>\n<script type=\"application\/ld+json\" class=\"yoast-schema-graph\">{\"@context\":\"https:\\\/\\\/schema.org\",\"@graph\":[{\"@type\":\"WebPage\",\"@id\":\"https:\\\/\\\/bulaoutdoor.nl\\\/product\\\/jydepejsen-bella-sideglass\\\/\",\"url\":\"https:\\\/\\\/bulaoutdoor.nl\\\/product\\\/jydepejsen-bella-sideglass\\\/\",\"name\":\"Jydepejsen Bella zijruiten &#8211; Bula Outdoor\",\"isPartOf\":{\"@id\":\"https:\\\/\\\/bulaoutdoor.nl\\\/#website\"},\"primaryImageOfPage\":{\"@id\":\"https:\\\/\\\/bulaoutdoor.nl\\\/product\\\/jydepejsen-bella-sideglass\\\/#primaryimage\"},\"image\":{\"@id\":\"https:\\\/\\\/bulaoutdoor.nl\\\/product\\\/jydepejsen-bella-sideglass\\\/#primaryimage\"},\"thumbnailUrl\":\"https:\\\/\\\/bulaoutdoor.nl\\\/wp-content\\\/uploads\\\/2017\\\/07\\\/jydepesjen_bella_sideglass.jpg\",\"datePublished\":\"2017-07-19T09:07:47+00:00\",\"dateModified\":\"2026-04-05T04:42:01+00:00\",\"breadcrumb\":{\"@id\":\"https:\\\/\\\/bulaoutdoor.nl\\\/product\\\/jydepejsen-bella-sideglass\\\/#breadcrumb\"},\"inLanguage\":\"fr-FR\",\"potentialAction\":[{\"@type\":\"ReadAction\",\"target\":[\"https:\\\/\\\/bulaoutdoor.nl\\\/product\\\/jydepejsen-bella-sideglass\\\/\"]}]},{\"@type\":\"ImageObject\",\"inLanguage\":\"fr-FR\",\"@id\":\"https:\\\/\\\/bulaoutdoor.nl\\\/product\\\/jydepejsen-bella-sideglass\\\/#primaryimage\",\"url\":\"https:\\\/\\\/bulaoutdoor.nl\\\/wp-content\\\/uploads\\\/2017\\\/07\\\/jydepesjen_bella_sideglass.jpg\",\"contentUrl\":\"https:\\\/\\\/bulaoutdoor.nl\\\/wp-content\\\/uploads\\\/2017\\\/07\\\/jydepesjen_bella_sideglass.jpg\",\"width\":1000,\"height\":1000,\"caption\":\"jydepejsen-bella-zijruiten-thumbnail\"},{\"@type\":\"BreadcrumbList\",\"@id\":\"https:\\\/\\\/bulaoutdoor.nl\\\/product\\\/jydepejsen-bella-sideglass\\\/#breadcrumb\",\"itemListElement\":[{\"@type\":\"ListItem\",\"position\":1,\"name\":\"Home\",\"item\":\"https:\\\/\\\/bulaoutdoor.nl\\\/\"},{\"@type\":\"ListItem\",\"position\":2,\"name\":\"Online BBQ kopen\",\"item\":\"https:\\\/\\\/bulaoutdoor.nl\\\/\"},{\"@type\":\"ListItem\",\"position\":3,\"name\":\"Jydepejsen Bella zijruiten\"}]},{\"@type\":\"WebSite\",\"@id\":\"https:\\\/\\\/bulaoutdoor.nl\\\/#website\",\"url\":\"https:\\\/\\\/bulaoutdoor.nl\\\/\",\"name\":\"Bula Outdoor\",\"description\":\"Voor uw buitenhaard, BBQ, tuinfakkel en houtoven\",\"publisher\":{\"@id\":\"https:\\\/\\\/bulaoutdoor.nl\\\/#organization\"},\"potentialAction\":[{\"@type\":\"SearchAction\",\"target\":{\"@type\":\"EntryPoint\",\"urlTemplate\":\"https:\\\/\\\/bulaoutdoor.nl\\\/?s={search_term_string}\"},\"query-input\":{\"@type\":\"PropertyValueSpecification\",\"valueRequired\":true,\"valueName\":\"search_term_string\"}}],\"inLanguage\":\"fr-FR\"},{\"@type\":\"Organization\",\"@id\":\"https:\\\/\\\/bulaoutdoor.nl\\\/#organization\",\"name\":\"Bula Outdoor\",\"url\":\"https:\\\/\\\/bulaoutdoor.nl\\\/\",\"logo\":{\"@type\":\"ImageObject\",\"inLanguage\":\"fr-FR\",\"@id\":\"https:\\\/\\\/bulaoutdoor.nl\\\/#\\\/schema\\\/logo\\\/image\\\/\",\"url\":\"https:\\\/\\\/www.bulaoutdoor.nl\\\/wp-content\\\/uploads\\\/2018\\\/04\\\/bulaoutdoor-logo.png\",\"contentUrl\":\"https:\\\/\\\/www.bulaoutdoor.nl\\\/wp-content\\\/uploads\\\/2018\\\/04\\\/bulaoutdoor-logo.png\",\"width\":324,\"height\":91,\"caption\":\"Bula Outdoor\"},\"image\":{\"@id\":\"https:\\\/\\\/bulaoutdoor.nl\\\/#\\\/schema\\\/logo\\\/image\\\/\"}}]}<\/script>\n<!-- \/ Yoast SEO plugin. -->","yoast_head_json":{"title":"Fen\u00eatres lat\u00e9rales Jydepejsen Bella - Bula Outdoor","robots":{"index":"index","follow":"follow","max-snippet":"max-snippet:-1","max-image-preview":"max-image-preview:large","max-video-preview":"max-video-preview:-1"},"canonical":"https:\/\/bulaoutdoor.nl\/fr\/produit\/jydepejsen-bella-sideglass\/","og_locale":"fr_FR","og_type":"article","og_title":"Jydepejsen Bella zijruiten &#8211; Bula Outdoor","og_description":"Jydepejsen Bella Sideglass De Bella houtkachel heeft veel gemeen met de Senza en is zeer geschikt voor energiezuinige huizen of huizen met een lage warmtebehoefte. Bella wordt standaard geleverd met een zelfsluitende deur en een aansluitmogelijkheid voor externe lucht toevoer. Deze zeer strakke designhaard is voorzien van een deur met een gehele glazen voorzijde. Samen [&hellip;]","og_url":"https:\/\/bulaoutdoor.nl\/fr\/produit\/jydepejsen-bella-sideglass\/","og_site_name":"Bula Outdoor","article_modified_time":"2026-04-05T04:42:01+00:00","og_image":[{"width":1000,"height":1000,"url":"https:\/\/bulaoutdoor.nl\/wp-content\/uploads\/2017\/07\/jydepesjen_bella_sideglass.jpg","type":"image\/jpeg"}],"twitter_card":"summary_large_image","twitter_misc":{"Dur\u00e9e de lecture estim\u00e9e":"2 minutes"},"schema":{"@context":"https:\/\/schema.org","@graph":[{"@type":"WebPage","@id":"https:\/\/bulaoutdoor.nl\/product\/jydepejsen-bella-sideglass\/","url":"https:\/\/bulaoutdoor.nl\/product\/jydepejsen-bella-sideglass\/","name":"Fen\u00eatres lat\u00e9rales Jydepejsen Bella - Bula Outdoor","isPartOf":{"@id":"https:\/\/bulaoutdoor.nl\/#website"},"primaryImageOfPage":{"@id":"https:\/\/bulaoutdoor.nl\/product\/jydepejsen-bella-sideglass\/#primaryimage"},"image":{"@id":"https:\/\/bulaoutdoor.nl\/product\/jydepejsen-bella-sideglass\/#primaryimage"},"thumbnailUrl":"https:\/\/bulaoutdoor.nl\/wp-content\/uploads\/2017\/07\/jydepesjen_bella_sideglass.jpg","datePublished":"2017-07-19T09:07:47+00:00","dateModified":"2026-04-05T04:42:01+00:00","breadcrumb":{"@id":"https:\/\/bulaoutdoor.nl\/product\/jydepejsen-bella-sideglass\/#breadcrumb"},"inLanguage":"fr-FR","potentialAction":[{"@type":"ReadAction","target":["https:\/\/bulaoutdoor.nl\/product\/jydepejsen-bella-sideglass\/"]}]},{"@type":"ImageObject","inLanguage":"fr-FR","@id":"https:\/\/bulaoutdoor.nl\/product\/jydepejsen-bella-sideglass\/#primaryimage","url":"https:\/\/bulaoutdoor.nl\/wp-content\/uploads\/2017\/07\/jydepesjen_bella_sideglass.jpg","contentUrl":"https:\/\/bulaoutdoor.nl\/wp-content\/uploads\/2017\/07\/jydepesjen_bella_sideglass.jpg","width":1000,"height":1000,"caption":"jydepejsen-bella-zijruiten-thumbnail"},{"@type":"BreadcrumbList","@id":"https:\/\/bulaoutdoor.nl\/product\/jydepejsen-bella-sideglass\/#breadcrumb","itemListElement":[{"@type":"ListItem","position":1,"name":"Home","item":"https:\/\/bulaoutdoor.nl\/"},{"@type":"ListItem","position":2,"name":"Online BBQ kopen","item":"https:\/\/bulaoutdoor.nl\/"},{"@type":"ListItem","position":3,"name":"Jydepejsen Bella zijruiten"}]},{"@type":"WebSite","@id":"https:\/\/bulaoutdoor.nl\/#website","url":"https:\/\/bulaoutdoor.nl\/","name":"Bula Outdoor","description":"Pour votre chemin\u00e9e ext\u00e9rieure, votre barbecue, votre torche de jardin et votre four \u00e0 bois","publisher":{"@id":"https:\/\/bulaoutdoor.nl\/#organization"},"potentialAction":[{"@type":"SearchAction","target":{"@type":"EntryPoint","urlTemplate":"https:\/\/bulaoutdoor.nl\/?s={search_term_string}"},"query-input":{"@type":"PropertyValueSpecification","valueRequired":true,"valueName":"search_term_string"}}],"inLanguage":"fr-FR"},{"@type":"Organization","@id":"https:\/\/bulaoutdoor.nl\/#organization","name":"Bula Outdoor","url":"https:\/\/bulaoutdoor.nl\/","logo":{"@type":"ImageObject","inLanguage":"fr-FR","@id":"https:\/\/bulaoutdoor.nl\/#\/schema\/logo\/image\/","url":"https:\/\/www.bulaoutdoor.nl\/wp-content\/uploads\/2018\/04\/bulaoutdoor-logo.png","contentUrl":"https:\/\/www.bulaoutdoor.nl\/wp-content\/uploads\/2018\/04\/bulaoutdoor-logo.png","width":324,"height":91,"caption":"Bula Outdoor"},"image":{"@id":"https:\/\/bulaoutdoor.nl\/#\/schema\/logo\/image\/"}}]}},"jetpack_sharing_enabled":true,"_links":{"self":[{"href":"https:\/\/bulaoutdoor.nl\/fr\/wp-json\/wp\/v2\/product\/15717","targetHints":{"allow":["GET"]}}],"collection":[{"href":"https:\/\/bulaoutdoor.nl\/fr\/wp-json\/wp\/v2\/product"}],"about":[{"href":"https:\/\/bulaoutdoor.nl\/fr\/wp-json\/wp\/v2\/types\/product"}],"replies":[{"embeddable":true,"href":"https:\/\/bulaoutdoor.nl\/fr\/wp-json\/wp\/v2\/comments?post=15717"}],"wp:featuredmedia":[{"embeddable":true,"href":"https:\/\/bulaoutdoor.nl\/fr\/wp-json\/wp\/v2\/media\/15718"}],"wp:attachment":[{"href":"https:\/\/bulaoutdoor.nl\/fr\/wp-json\/wp\/v2\/media?parent=15717"}],"wp:term":[{"taxonomy":"product_brand","embeddable":true,"href":"https:\/\/bulaoutdoor.nl\/fr\/wp-json\/wp\/v2\/product_brand?post=15717"},{"taxonomy":"product_cat","embeddable":true,"href":"https:\/\/bulaoutdoor.nl\/fr\/wp-json\/wp\/v2\/product_cat?post=15717"},{"taxonomy":"product_tag","embeddable":true,"href":"https:\/\/bulaoutdoor.nl\/fr\/wp-json\/wp\/v2\/product_tag?post=15717"}],"curies":[{"name":"wp","href":"https:\/\/api.w.org\/{rel}","templated":true}]}}