{"id":15737,"date":"2017-07-19T12:28:51","date_gmt":"2017-07-19T12:28:51","guid":{"rendered":"https:\/\/www.bulaoutdoor.nl\/product\/jydepejsen-senza-soapstone-sideglass\/"},"modified":"2026-04-27T04:57:38","modified_gmt":"2026-04-27T04:57:38","slug":"jydepejsen-senza-soapstone-sideglass-7","status":"publish","type":"product","link":"https:\/\/bulaoutdoor.nl\/fr\/product\/jydepejsen-senza-soapstone-sideglass\/","title":{"rendered":"Jydepejsen Senza Fen\u00eatres lat\u00e9rales en pierre ollaire"},"content":{"rendered":"<h2>La pierre \u00e0 savon Jydepejsen Senza<\/h2>\n<p>Les <a href=\"https:\/\/www.haveverwarming.nl\/Jydepejsen\" target=\"_blank\" rel=\"noopener\">Jydepejsen<\/a> Senza Soapstone <a href=\"https:\/\/www.haveverwarming.nl\/kachels\/hout\" target=\"_blank\" rel=\"noopener\">po\u00eale \u00e0 bois<\/a> convient parfaitement aux habitations ayant de faibles besoins en chaleur, telles que les maisons \u00e0 faible consommation d'\u00e9nergie, les petits salons ou les maisons d'\u00e9t\u00e9. La fa\u00e7ade et le dessus sont en fonte massive. La porte se ferme automatiquement \u00e0 l'aide d'aimants, ce qui conf\u00e8re au po\u00eale un aspect \u00e9l\u00e9gant et styl\u00e9. Le senza est disponible en quatre mod\u00e8les, avec ou sans vitres lat\u00e9rales. Les mod\u00e8les avec vitres lat\u00e9rales offrent une belle vue sur le feu depuis trois c\u00f4t\u00e9s.<\/p>\n<h3>Jydepejsen a approuv\u00e9<\/h3>\n<p>Le Jydepejsen Senza est test\u00e9 et approuv\u00e9 conform\u00e9ment aux exigences d'inspection les plus strictes. Il est \u00e9quip\u00e9 d'un raccord d'air ext\u00e9rieur et de la commande unique DuplicAir\u00ae. Deux poign\u00e9es diff\u00e9rentes sont disponibles pour la s\u00e9rie Jydepejsen Senza. Vous pouvez les voir sur les diff\u00e9rentes photos : un long tube vertical en acier inoxydable (refroidi \u00e0 l'air) ou une poign\u00e9e qui peut \u00eatre mont\u00e9e \u00e0 trois endroits diff\u00e9rents.<\/p>\n<p>Conception : Mads Miltersen<\/p>\n<h3>DuplicAir<\/h3>\n<p>DuplicAir\u00ae est un syst\u00e8me de contr\u00f4le sp\u00e9cialement con\u00e7u pour garantir une combustion optimale. Ce syst\u00e8me brevet\u00e9 est tr\u00e8s facile \u00e0 utiliser (via un cadran) et offre une solution de chauffage optimale pendant toute la dur\u00e9e de vie du po\u00eale.<\/p>\n<h3>Garantie<\/h3>\n<p>Garantie de 5 ans : la p\u00e9riode de garantie extra-longue de Jydepejsen offre \u00e0 nos clients une plus grande s\u00e9curit\u00e9 lors de leur achat.&nbsp;<\/p>\n<h3>Rev\u00eatement int\u00e9rieur Jydepejsen<\/h3>\n<p>Rev\u00eatement int\u00e9rieur : les plaques de vermiculite utilis\u00e9es dans les chambres de combustion des po\u00eales Jydepejsen r\u00e9sistent \u00e0 une exposition directe aux flammes jusqu'\u00e0 1100 degr\u00e9s Celsius. Les plaques isolent la chambre de combustion, ce qui permet d'obtenir une temp\u00e9rature de combustion plus \u00e9lev\u00e9e, un meilleur d\u00e9gazage du bois et, par cons\u00e9quent, un meilleur rendement du po\u00eale \u00e0 bois.<\/p>\n<p>Les mod\u00e8les stone senza sont \u00e9quip\u00e9s de s\u00e9rie d'une plaque d'obturation. Celle-ci ferme la connexion sup\u00e9rieure et garantit que le joint est \u00e0 la bonne hauteur.<\/p>\n<p class=\"p1\"><strong>Remarque :<\/strong> Si le po\u00eale est raccord\u00e9 \u00e0 l'arri\u00e8re, une plaque de recouvrement (suppl\u00e9ment de prix, voir suppl\u00e9ments) est n\u00e9cessaire pour fermer le raccordement des gaz de combustion en haut.<\/p>\n<h3><span style=\"font-size: 1.17em\">Venez voir !<\/span><\/h3>\n<p>Passez nous voir bient\u00f4t dans le <a href=\"https:\/\/www.haveverwarming.nl\/experiencecenter\" target=\"_blank\" rel=\"noopener\">Centre d'exp\u00e9rience<\/a> En Lunteren \u00e0 la <a href=\"https:\/\/www.haveverwarming.nl\/kachels\/jydepejsen-hout\" target=\"_blank\" rel=\"noopener\">Po\u00eales \u00e0 bois Jydepejsen<\/a> \u00e0 voir.<\/p>\n<p>&nbsp;<\/p>\n<p>T\u00e9l\u00e9chargements de produits<\/p>\n<ul>\n<li><a class=\"download file\" href=\"https:\/\/www.haveverwarming.nl\/amfile\/file\/download\/file\/9157\/product\/231\/\" target=\"_blank\"><span>Brochure Jydepejsen<\/span><\/a><\/li>\n<li><a class=\"download file\" href=\"https:\/\/www.haveverwarming.nl\/amfile\/file\/download\/file\/1116\/product\/231\/\" target=\"_blank\"><span>Manual Jydepejsen Senza Soapstone Sideglass<\/span><\/a><\/li>\n<li><a class=\"download file\" href=\"https:\/\/www.haveverwarming.nl\/amfile\/file\/download\/file\/1117\/product\/231\/\" target=\"_blank\"><span>Dessin de construction Jydepejsen Senza Soapstone Sideglass<\/span><\/a><\/li>\n<li><a class=\"download file\" href=\"https:\/\/www.haveverwarming.nl\/amfile\/file\/download\/file\/657\/product\/231\/\" target=\"_blank\"><span>Label \u00e9nerg\u00e9tique Jydepejsen Senza Soapstone<\/span><\/a><\/li>\n<li><a class=\"download file\" href=\"https:\/\/www.haveverwarming.nl\/amfile\/file\/download\/file\/5403\/product\/231\/\" target=\"_blank\"><span>Dessin au trait Senza en pierre ollaire avec fen\u00eatres lat\u00e9rales<\/span><\/a><\/li>\n<li><a class=\"download file\" href=\"https:\/\/www.haveverwarming.nl\/amfile\/file\/download\/file\/6509\/product\/231\/\" target=\"_blank\"><span>Brochure sur le tir responsable<\/span><\/a><\/li>\n<li><a class=\"download file\" href=\"https:\/\/www.haveverwarming.nl\/productpdf\/download\/file\/id\/231\/name\/Jydepejsen_Senza_speksteen_zijruiten.pdf\/\" target=\"_blank\"><span>T\u00e9l\u00e9charger la fiche technique<\/span><\/a><\/li>\n<\/ul>","protected":false},"excerpt":{"rendered":"<p>De Jydepejsen Senza Soapstone De Jydepejsen Senza Speksteen houtkachel is uitermate geschikt voor huizen met een lage warmtebehoefte, zoals energiezuinige huizen, kleinere woonkamers, of zomerhuizen. De voor- en bovenzijde bestaan uit massief gietijzer. De deur sluit vanzelf d.m.v. magneten, wat de kachel een elegante en stijlvolle aanblik geeft. De senza is verkrijgbaar in vier uitvoeringen, [&hellip;]<\/p>\n","protected":false},"featured_media":15738,"comment_status":"open","ping_status":"closed","template":"","meta":{"_acf_changed":false},"product_brand":[],"product_cat":[1092],"product_tag":[],"class_list":{"0":"post-15737","1":"product","2":"type-product","3":"status-publish","4":"has-post-thumbnail","6":"product_cat-vrijstaande-houtkachels","8":"first","9":"instock","10":"taxable","11":"shipping-taxable","12":"purchasable","13":"product-type-simple"},"acf":[],"yoast_head":"<!-- This site is optimized with the Yoast SEO plugin v27.5 - https:\/\/yoast.com\/product\/yoast-seo-wordpress\/ -->\n<title>Jydepejsen Senza speksteen zijruiten &#8211; Bula Outdoor<\/title>\n<meta name=\"robots\" content=\"index, follow, max-snippet:-1, max-image-preview:large, max-video-preview:-1\" \/>\n<link rel=\"canonical\" href=\"https:\/\/bulaoutdoor.nl\/fr\/produit\/jydepejsen-senza-soapstone-sideglass-7\/\" \/>\n<meta property=\"og:locale\" content=\"fr_FR\" \/>\n<meta property=\"og:type\" content=\"article\" \/>\n<meta property=\"og:title\" content=\"Jydepejsen Senza speksteen zijruiten &#8211; Bula Outdoor\" \/>\n<meta property=\"og:description\" content=\"De Jydepejsen Senza Soapstone De Jydepejsen Senza Speksteen houtkachel is uitermate geschikt voor huizen met een lage warmtebehoefte, zoals energiezuinige huizen, kleinere woonkamers, of zomerhuizen. De voor- en bovenzijde bestaan uit massief gietijzer. De deur sluit vanzelf d.m.v. magneten, wat de kachel een elegante en stijlvolle aanblik geeft. De senza is verkrijgbaar in vier uitvoeringen, [&hellip;]\" \/>\n<meta property=\"og:url\" content=\"https:\/\/bulaoutdoor.nl\/fr\/produit\/jydepejsen-senza-soapstone-sideglass-7\/\" \/>\n<meta property=\"og:site_name\" content=\"Bula Outdoor\" \/>\n<meta property=\"article:modified_time\" content=\"2026-04-27T04:57:38+00:00\" \/>\n<meta property=\"og:image\" content=\"https:\/\/bulaoutdoor.nl\/wp-content\/uploads\/2017\/07\/senzaspeksteen-sideview.jpg\" \/>\n\t<meta property=\"og:image:width\" content=\"1000\" \/>\n\t<meta property=\"og:image:height\" content=\"1000\" \/>\n\t<meta property=\"og:image:type\" content=\"image\/jpeg\" \/>\n<meta name=\"twitter:card\" content=\"summary_large_image\" \/>\n<meta name=\"twitter:label1\" content=\"Dur\u00e9e de lecture estim\u00e9e\" \/>\n\t<meta name=\"twitter:data1\" content=\"2 minutes\" \/>\n<script type=\"application\/ld+json\" class=\"yoast-schema-graph\">{\"@context\":\"https:\\\/\\\/schema.org\",\"@graph\":[{\"@type\":\"WebPage\",\"@id\":\"https:\\\/\\\/bulaoutdoor.nl\\\/product\\\/jydepejsen-senza-soapstone-sideglass\\\/\",\"url\":\"https:\\\/\\\/bulaoutdoor.nl\\\/product\\\/jydepejsen-senza-soapstone-sideglass\\\/\",\"name\":\"Jydepejsen Senza speksteen zijruiten &#8211; Bula Outdoor\",\"isPartOf\":{\"@id\":\"https:\\\/\\\/bulaoutdoor.nl\\\/#website\"},\"primaryImageOfPage\":{\"@id\":\"https:\\\/\\\/bulaoutdoor.nl\\\/product\\\/jydepejsen-senza-soapstone-sideglass\\\/#primaryimage\"},\"image\":{\"@id\":\"https:\\\/\\\/bulaoutdoor.nl\\\/product\\\/jydepejsen-senza-soapstone-sideglass\\\/#primaryimage\"},\"thumbnailUrl\":\"https:\\\/\\\/bulaoutdoor.nl\\\/wp-content\\\/uploads\\\/2017\\\/07\\\/senzaspeksteen-sideview.jpg\",\"datePublished\":\"2017-07-19T12:28:51+00:00\",\"dateModified\":\"2026-04-27T04:57:38+00:00\",\"breadcrumb\":{\"@id\":\"https:\\\/\\\/bulaoutdoor.nl\\\/product\\\/jydepejsen-senza-soapstone-sideglass\\\/#breadcrumb\"},\"inLanguage\":\"fr-FR\",\"potentialAction\":[{\"@type\":\"ReadAction\",\"target\":[\"https:\\\/\\\/bulaoutdoor.nl\\\/product\\\/jydepejsen-senza-soapstone-sideglass\\\/\"]}]},{\"@type\":\"ImageObject\",\"inLanguage\":\"fr-FR\",\"@id\":\"https:\\\/\\\/bulaoutdoor.nl\\\/product\\\/jydepejsen-senza-soapstone-sideglass\\\/#primaryimage\",\"url\":\"https:\\\/\\\/bulaoutdoor.nl\\\/wp-content\\\/uploads\\\/2017\\\/07\\\/senzaspeksteen-sideview.jpg\",\"contentUrl\":\"https:\\\/\\\/bulaoutdoor.nl\\\/wp-content\\\/uploads\\\/2017\\\/07\\\/senzaspeksteen-sideview.jpg\",\"width\":1000,\"height\":1000,\"caption\":\"jydepejsen-senza-speksteen-zijruiten-thumbnail\"},{\"@type\":\"BreadcrumbList\",\"@id\":\"https:\\\/\\\/bulaoutdoor.nl\\\/product\\\/jydepejsen-senza-soapstone-sideglass\\\/#breadcrumb\",\"itemListElement\":[{\"@type\":\"ListItem\",\"position\":1,\"name\":\"Home\",\"item\":\"https:\\\/\\\/bulaoutdoor.nl\\\/\"},{\"@type\":\"ListItem\",\"position\":2,\"name\":\"Online BBQ kopen\",\"item\":\"https:\\\/\\\/bulaoutdoor.nl\\\/\"},{\"@type\":\"ListItem\",\"position\":3,\"name\":\"Jydepejsen Senza speksteen zijruiten\"}]},{\"@type\":\"WebSite\",\"@id\":\"https:\\\/\\\/bulaoutdoor.nl\\\/#website\",\"url\":\"https:\\\/\\\/bulaoutdoor.nl\\\/\",\"name\":\"Bula Outdoor\",\"description\":\"Voor uw buitenhaard, BBQ, tuinfakkel en houtoven\",\"publisher\":{\"@id\":\"https:\\\/\\\/bulaoutdoor.nl\\\/#organization\"},\"potentialAction\":[{\"@type\":\"SearchAction\",\"target\":{\"@type\":\"EntryPoint\",\"urlTemplate\":\"https:\\\/\\\/bulaoutdoor.nl\\\/?s={search_term_string}\"},\"query-input\":{\"@type\":\"PropertyValueSpecification\",\"valueRequired\":true,\"valueName\":\"search_term_string\"}}],\"inLanguage\":\"fr-FR\"},{\"@type\":\"Organization\",\"@id\":\"https:\\\/\\\/bulaoutdoor.nl\\\/#organization\",\"name\":\"Bula Outdoor\",\"url\":\"https:\\\/\\\/bulaoutdoor.nl\\\/\",\"logo\":{\"@type\":\"ImageObject\",\"inLanguage\":\"fr-FR\",\"@id\":\"https:\\\/\\\/bulaoutdoor.nl\\\/#\\\/schema\\\/logo\\\/image\\\/\",\"url\":\"https:\\\/\\\/www.bulaoutdoor.nl\\\/wp-content\\\/uploads\\\/2018\\\/04\\\/bulaoutdoor-logo.png\",\"contentUrl\":\"https:\\\/\\\/www.bulaoutdoor.nl\\\/wp-content\\\/uploads\\\/2018\\\/04\\\/bulaoutdoor-logo.png\",\"width\":324,\"height\":91,\"caption\":\"Bula Outdoor\"},\"image\":{\"@id\":\"https:\\\/\\\/bulaoutdoor.nl\\\/#\\\/schema\\\/logo\\\/image\\\/\"}}]}<\/script>\n<!-- \/ Yoast SEO plugin. -->","yoast_head_json":{"title":"Fen\u00eatres lat\u00e9rales en pierre ollaire Jydepejsen Senza - Bula Outdoor","robots":{"index":"index","follow":"follow","max-snippet":"max-snippet:-1","max-image-preview":"max-image-preview:large","max-video-preview":"max-video-preview:-1"},"canonical":"https:\/\/bulaoutdoor.nl\/fr\/produit\/jydepejsen-senza-soapstone-sideglass-7\/","og_locale":"fr_FR","og_type":"article","og_title":"Jydepejsen Senza speksteen zijruiten &#8211; Bula Outdoor","og_description":"De Jydepejsen Senza Soapstone De Jydepejsen Senza Speksteen houtkachel is uitermate geschikt voor huizen met een lage warmtebehoefte, zoals energiezuinige huizen, kleinere woonkamers, of zomerhuizen. De voor- en bovenzijde bestaan uit massief gietijzer. De deur sluit vanzelf d.m.v. magneten, wat de kachel een elegante en stijlvolle aanblik geeft. De senza is verkrijgbaar in vier uitvoeringen, [&hellip;]","og_url":"https:\/\/bulaoutdoor.nl\/fr\/produit\/jydepejsen-senza-soapstone-sideglass-7\/","og_site_name":"Bula Outdoor","article_modified_time":"2026-04-27T04:57:38+00:00","og_image":[{"width":1000,"height":1000,"url":"https:\/\/bulaoutdoor.nl\/wp-content\/uploads\/2017\/07\/senzaspeksteen-sideview.jpg","type":"image\/jpeg"}],"twitter_card":"summary_large_image","twitter_misc":{"Dur\u00e9e de lecture estim\u00e9e":"2 minutes"},"schema":{"@context":"https:\/\/schema.org","@graph":[{"@type":"WebPage","@id":"https:\/\/bulaoutdoor.nl\/product\/jydepejsen-senza-soapstone-sideglass\/","url":"https:\/\/bulaoutdoor.nl\/product\/jydepejsen-senza-soapstone-sideglass\/","name":"Fen\u00eatres lat\u00e9rales en pierre ollaire Jydepejsen Senza - Bula Outdoor","isPartOf":{"@id":"https:\/\/bulaoutdoor.nl\/#website"},"primaryImageOfPage":{"@id":"https:\/\/bulaoutdoor.nl\/product\/jydepejsen-senza-soapstone-sideglass\/#primaryimage"},"image":{"@id":"https:\/\/bulaoutdoor.nl\/product\/jydepejsen-senza-soapstone-sideglass\/#primaryimage"},"thumbnailUrl":"https:\/\/bulaoutdoor.nl\/wp-content\/uploads\/2017\/07\/senzaspeksteen-sideview.jpg","datePublished":"2017-07-19T12:28:51+00:00","dateModified":"2026-04-27T04:57:38+00:00","breadcrumb":{"@id":"https:\/\/bulaoutdoor.nl\/product\/jydepejsen-senza-soapstone-sideglass\/#breadcrumb"},"inLanguage":"fr-FR","potentialAction":[{"@type":"ReadAction","target":["https:\/\/bulaoutdoor.nl\/product\/jydepejsen-senza-soapstone-sideglass\/"]}]},{"@type":"ImageObject","inLanguage":"fr-FR","@id":"https:\/\/bulaoutdoor.nl\/product\/jydepejsen-senza-soapstone-sideglass\/#primaryimage","url":"https:\/\/bulaoutdoor.nl\/wp-content\/uploads\/2017\/07\/senzaspeksteen-sideview.jpg","contentUrl":"https:\/\/bulaoutdoor.nl\/wp-content\/uploads\/2017\/07\/senzaspeksteen-sideview.jpg","width":1000,"height":1000,"caption":"jydepejsen-senza-speksteen-zijruiten-thumbnail"},{"@type":"BreadcrumbList","@id":"https:\/\/bulaoutdoor.nl\/product\/jydepejsen-senza-soapstone-sideglass\/#breadcrumb","itemListElement":[{"@type":"ListItem","position":1,"name":"Home","item":"https:\/\/bulaoutdoor.nl\/"},{"@type":"ListItem","position":2,"name":"Online BBQ kopen","item":"https:\/\/bulaoutdoor.nl\/"},{"@type":"ListItem","position":3,"name":"Jydepejsen Senza speksteen zijruiten"}]},{"@type":"WebSite","@id":"https:\/\/bulaoutdoor.nl\/#website","url":"https:\/\/bulaoutdoor.nl\/","name":"Bula Outdoor","description":"Pour votre chemin\u00e9e ext\u00e9rieure, votre barbecue, votre torche de jardin et votre four \u00e0 bois","publisher":{"@id":"https:\/\/bulaoutdoor.nl\/#organization"},"potentialAction":[{"@type":"SearchAction","target":{"@type":"EntryPoint","urlTemplate":"https:\/\/bulaoutdoor.nl\/?s={search_term_string}"},"query-input":{"@type":"PropertyValueSpecification","valueRequired":true,"valueName":"search_term_string"}}],"inLanguage":"fr-FR"},{"@type":"Organization","@id":"https:\/\/bulaoutdoor.nl\/#organization","name":"Bula Outdoor","url":"https:\/\/bulaoutdoor.nl\/","logo":{"@type":"ImageObject","inLanguage":"fr-FR","@id":"https:\/\/bulaoutdoor.nl\/#\/schema\/logo\/image\/","url":"https:\/\/www.bulaoutdoor.nl\/wp-content\/uploads\/2018\/04\/bulaoutdoor-logo.png","contentUrl":"https:\/\/www.bulaoutdoor.nl\/wp-content\/uploads\/2018\/04\/bulaoutdoor-logo.png","width":324,"height":91,"caption":"Bula Outdoor"},"image":{"@id":"https:\/\/bulaoutdoor.nl\/#\/schema\/logo\/image\/"}}]}},"jetpack_sharing_enabled":true,"_links":{"self":[{"href":"https:\/\/bulaoutdoor.nl\/fr\/wp-json\/wp\/v2\/product\/15737","targetHints":{"allow":["GET"]}}],"collection":[{"href":"https:\/\/bulaoutdoor.nl\/fr\/wp-json\/wp\/v2\/product"}],"about":[{"href":"https:\/\/bulaoutdoor.nl\/fr\/wp-json\/wp\/v2\/types\/product"}],"replies":[{"embeddable":true,"href":"https:\/\/bulaoutdoor.nl\/fr\/wp-json\/wp\/v2\/comments?post=15737"}],"wp:featuredmedia":[{"embeddable":true,"href":"https:\/\/bulaoutdoor.nl\/fr\/wp-json\/wp\/v2\/media\/15738"}],"wp:attachment":[{"href":"https:\/\/bulaoutdoor.nl\/fr\/wp-json\/wp\/v2\/media?parent=15737"}],"wp:term":[{"taxonomy":"product_brand","embeddable":true,"href":"https:\/\/bulaoutdoor.nl\/fr\/wp-json\/wp\/v2\/product_brand?post=15737"},{"taxonomy":"product_cat","embeddable":true,"href":"https:\/\/bulaoutdoor.nl\/fr\/wp-json\/wp\/v2\/product_cat?post=15737"},{"taxonomy":"product_tag","embeddable":true,"href":"https:\/\/bulaoutdoor.nl\/fr\/wp-json\/wp\/v2\/product_tag?post=15737"}],"curies":[{"name":"wp","href":"https:\/\/api.w.org\/{rel}","templated":true}]}}