{"id":15741,"date":"2017-07-19T12:38:02","date_gmt":"2017-07-19T12:38:02","guid":{"rendered":"https:\/\/www.bulaoutdoor.nl\/product\/sydepejsen-senza-soapstone\/"},"modified":"2026-04-05T04:42:19","modified_gmt":"2026-04-05T04:42:19","slug":"sydepejsen-senza-soapstone","status":"publish","type":"product","link":"https:\/\/bulaoutdoor.nl\/fr\/product\/sydepejsen-senza-soapstone\/","title":{"rendered":"Jydepejsen Senza soapstone"},"content":{"rendered":"<h2>La pierre \u00e0 savon Jydepejsen Senza<\/h2>\n<p>Le Senza est vraiment un tr\u00e8s beau po\u00eale \u00e0 bois. A alimenter, \u00e0 faire fonctionner et \u00e0 regarder ! Une s\u00e9curit\u00e9 <a href=\"https:\/\/www.haveverwarming.nl\/kachels\/hout\" target=\"_blank\" rel=\"noopener\">po\u00eale \u00e0 bois<\/a> gr\u00e2ce \u00e0 la porte \u00e0 fermeture automatique et convient \u00e0 presque toutes les pi\u00e8ces gr\u00e2ce \u00e0 la possibilit\u00e9 d'un apport d'air ext\u00e9rieur.<\/p>\n<h3>Hey cozy !<\/h3>\n<p>Juste ces <a href=\"https:\/\/www.haveverwarming.nl\/Jydepejsen\" target=\"_blank\" rel=\"noopener\">Jydepejsen<\/a> Le po\u00eale \u00e0 bois Senza convient aux petites pi\u00e8ces comme chauffage d'appoint et aux pi\u00e8ces o\u00f9 l'on recherche avant tout l'atmosph\u00e8re et le confort d'un po\u00eale \u00e0 bois. Gr\u00e2ce \u00e0 sa faible puissance, il s'int\u00e8gre dans presque toutes les pi\u00e8ces.&nbsp;<\/p>\n<p>&nbsp;<\/p>\n<h3>Pierre \u00e0 savon\/ pierre ollaire<\/h3>\n<p>Les caract\u00e9ristiques de la pierre \u00e0 savon Senza <a href=\"https:\/\/www.haveverwarming.nl\/kenniscentrum\/wat-is-speksteen\" target=\"_blank\" rel=\"noopener\">pierre ollaire<\/a> panneaux. Cela conf\u00e8re au po\u00eale un aspect tr\u00e8s agr\u00e9able et robuste, et vous b\u00e9n\u00e9ficiez imm\u00e9diatement des nombreux avantages de la pierre ollaire.<\/p>\n<p>Les mod\u00e8les stone senza sont \u00e9quip\u00e9s de s\u00e9rie d'une plaque d'obturation. Celle-ci ferme la connexion sup\u00e9rieure et garantit que le joint est \u00e0 la bonne hauteur.<\/p>\n<p class=\"p1\"><strong>Remarque :<\/strong> Si le po\u00eale est raccord\u00e9 \u00e0 l'arri\u00e8re, une plaque de recouvrement (suppl\u00e9ment de prix, voir suppl\u00e9ments) est n\u00e9cessaire pour fermer le raccordement des gaz de combustion en haut.<\/p>\n<h2 class=\"p2\">D\u00e9couvrez le po\u00eale \u00e0 bois Jydepejsen<\/h2>\n<p>Venez jeter un coup d'\u0153il dans notre <a href=\"https:\/\/www.haveverwarming.nl\/experiencecenter\" target=\"_blank\" rel=\"noopener\">Centre d'exp\u00e9rience<\/a> Au Senza ou autre <a href=\"https:\/\/www.haveverwarming.nl\/kachels\/jydepejsen-hout\" target=\"_blank\" rel=\"noopener\">Po\u00eales \u00e0 bois Jydepejsen<\/a> \u00e0 venir admirer.<\/p>\n<p>&nbsp;<\/p>\n<\/p>\n<p>T\u00e9l\u00e9chargements de produits<\/p>\n<ul>\n<li><a class=\"download file\" href=\"https:\/\/www.haveverwarming.nl\/amfile\/file\/download\/file\/9157\/product\/232\/\" target=\"_blank\"><span>Brochure Jydepejsen<\/span><\/a><\/li>\n<li><a class=\"download file\" href=\"https:\/\/www.haveverwarming.nl\/amfile\/file\/download\/file\/1114\/product\/232\/\" target=\"_blank\"><span>Dessin de construction Jydepejsen Senza Soapstone<\/span><\/a><\/li>\n<li><a class=\"download file\" href=\"https:\/\/www.haveverwarming.nl\/amfile\/file\/download\/file\/1115\/product\/232\/\" target=\"_blank\"><span>Manuel Jydepejsen Senza Soapstone<\/span><\/a><\/li>\n<li><a class=\"download file\" href=\"https:\/\/www.haveverwarming.nl\/amfile\/file\/download\/file\/657\/product\/232\/\" target=\"_blank\"><span>Label \u00e9nerg\u00e9tique Jydepejsen Senza Soapstone<\/span><\/a><\/li>\n<li><a class=\"download file\" href=\"https:\/\/www.haveverwarming.nl\/amfile\/file\/download\/file\/5449\/product\/232\/\" target=\"_blank\"><span>Dessin au trait Senza Soapstone<\/span><\/a><\/li>\n<li><a class=\"download file\" href=\"https:\/\/www.haveverwarming.nl\/amfile\/file\/download\/file\/6510\/product\/232\/\" target=\"_blank\"><span>Brochure sur le tir responsable<\/span><\/a><\/li>\n<li><a class=\"download file\" href=\"https:\/\/www.haveverwarming.nl\/productpdf\/download\/file\/id\/232\/name\/Jydepejsen_Senza_Speksteen.pdf\/\" target=\"_blank\"><span>T\u00e9l\u00e9charger la fiche technique<\/span><\/a><\/li>\n<\/ul>","protected":false},"excerpt":{"rendered":"<p>De Jydepejsen Senza Soapstone De Senza is echt een heerlijke houtkachel. Om te stoken, te bedienen en om te zien! Een veilige houtkachel door de zelfsluitende deur en geschikt voor bijna alle ruimtes door de mogelijkheid van de externe luchttoevoer. He gezellig! Juist deze Jydepejsen Senza houtkachel is geschikt voor kleinere ruimtes als bijverwarming en [&hellip;]<\/p>\n","protected":false},"featured_media":15742,"comment_status":"open","ping_status":"closed","template":"","meta":{"_acf_changed":false},"product_brand":[],"product_cat":[1092],"product_tag":[],"class_list":{"0":"post-15741","1":"product","2":"type-product","3":"status-publish","4":"has-post-thumbnail","6":"product_cat-vrijstaande-houtkachels","8":"first","9":"instock","10":"taxable","11":"shipping-taxable","12":"purchasable","13":"product-type-simple"},"acf":[],"yoast_head":"<!-- This site is optimized with the Yoast SEO plugin v27.3 - https:\/\/yoast.com\/product\/yoast-seo-wordpress\/ -->\n<title>Jydepejsen Senza Speksteen &#8211; Bula Outdoor<\/title>\n<meta name=\"robots\" content=\"index, follow, max-snippet:-1, max-image-preview:large, max-video-preview:-1\" \/>\n<link rel=\"canonical\" href=\"https:\/\/bulaoutdoor.nl\/fr\/produit\/sydepejsen-senza-soapstone\/\" \/>\n<meta property=\"og:locale\" content=\"fr_FR\" \/>\n<meta property=\"og:type\" content=\"article\" \/>\n<meta property=\"og:title\" content=\"Jydepejsen Senza Speksteen &#8211; Bula Outdoor\" \/>\n<meta property=\"og:description\" content=\"De Jydepejsen Senza Soapstone De Senza is echt een heerlijke houtkachel. Om te stoken, te bedienen en om te zien! Een veilige houtkachel door de zelfsluitende deur en geschikt voor bijna alle ruimtes door de mogelijkheid van de externe luchttoevoer. He gezellig! Juist deze Jydepejsen Senza houtkachel is geschikt voor kleinere ruimtes als bijverwarming en [&hellip;]\" \/>\n<meta property=\"og:url\" content=\"https:\/\/bulaoutdoor.nl\/fr\/produit\/sydepejsen-senza-soapstone\/\" \/>\n<meta property=\"og:site_name\" content=\"Bula Outdoor\" \/>\n<meta property=\"article:modified_time\" content=\"2026-04-05T04:42:19+00:00\" \/>\n<meta property=\"og:image\" content=\"https:\/\/bulaoutdoor.nl\/wp-content\/uploads\/2017\/07\/senzaspeksteen.jpg\" \/>\n\t<meta property=\"og:image:width\" content=\"1000\" \/>\n\t<meta property=\"og:image:height\" content=\"1000\" \/>\n\t<meta property=\"og:image:type\" content=\"image\/jpeg\" \/>\n<meta name=\"twitter:card\" content=\"summary_large_image\" \/>\n<meta name=\"twitter:label1\" content=\"Dur\u00e9e de lecture estim\u00e9e\" \/>\n\t<meta name=\"twitter:data1\" content=\"2 minutes\" \/>\n<script type=\"application\/ld+json\" class=\"yoast-schema-graph\">{\"@context\":\"https:\\\/\\\/schema.org\",\"@graph\":[{\"@type\":\"WebPage\",\"@id\":\"https:\\\/\\\/bulaoutdoor.nl\\\/product\\\/sydepejsen-senza-soapstone\\\/\",\"url\":\"https:\\\/\\\/bulaoutdoor.nl\\\/product\\\/sydepejsen-senza-soapstone\\\/\",\"name\":\"Jydepejsen Senza Speksteen &#8211; Bula Outdoor\",\"isPartOf\":{\"@id\":\"https:\\\/\\\/bulaoutdoor.nl\\\/#website\"},\"primaryImageOfPage\":{\"@id\":\"https:\\\/\\\/bulaoutdoor.nl\\\/product\\\/sydepejsen-senza-soapstone\\\/#primaryimage\"},\"image\":{\"@id\":\"https:\\\/\\\/bulaoutdoor.nl\\\/product\\\/sydepejsen-senza-soapstone\\\/#primaryimage\"},\"thumbnailUrl\":\"https:\\\/\\\/bulaoutdoor.nl\\\/wp-content\\\/uploads\\\/2017\\\/07\\\/senzaspeksteen.jpg\",\"datePublished\":\"2017-07-19T12:38:02+00:00\",\"dateModified\":\"2026-04-05T04:42:19+00:00\",\"breadcrumb\":{\"@id\":\"https:\\\/\\\/bulaoutdoor.nl\\\/product\\\/sydepejsen-senza-soapstone\\\/#breadcrumb\"},\"inLanguage\":\"fr-FR\",\"potentialAction\":[{\"@type\":\"ReadAction\",\"target\":[\"https:\\\/\\\/bulaoutdoor.nl\\\/product\\\/sydepejsen-senza-soapstone\\\/\"]}]},{\"@type\":\"ImageObject\",\"inLanguage\":\"fr-FR\",\"@id\":\"https:\\\/\\\/bulaoutdoor.nl\\\/product\\\/sydepejsen-senza-soapstone\\\/#primaryimage\",\"url\":\"https:\\\/\\\/bulaoutdoor.nl\\\/wp-content\\\/uploads\\\/2017\\\/07\\\/senzaspeksteen.jpg\",\"contentUrl\":\"https:\\\/\\\/bulaoutdoor.nl\\\/wp-content\\\/uploads\\\/2017\\\/07\\\/senzaspeksteen.jpg\",\"width\":1000,\"height\":1000,\"caption\":\"jydepejsen-senza-speksteen-thumbnail\"},{\"@type\":\"BreadcrumbList\",\"@id\":\"https:\\\/\\\/bulaoutdoor.nl\\\/product\\\/sydepejsen-senza-soapstone\\\/#breadcrumb\",\"itemListElement\":[{\"@type\":\"ListItem\",\"position\":1,\"name\":\"Home\",\"item\":\"https:\\\/\\\/bulaoutdoor.nl\\\/\"},{\"@type\":\"ListItem\",\"position\":2,\"name\":\"Online BBQ kopen\",\"item\":\"https:\\\/\\\/bulaoutdoor.nl\\\/\"},{\"@type\":\"ListItem\",\"position\":3,\"name\":\"Jydepejsen Senza Speksteen\"}]},{\"@type\":\"WebSite\",\"@id\":\"https:\\\/\\\/bulaoutdoor.nl\\\/#website\",\"url\":\"https:\\\/\\\/bulaoutdoor.nl\\\/\",\"name\":\"Bula Outdoor\",\"description\":\"Voor uw buitenhaard, BBQ, tuinfakkel en houtoven\",\"publisher\":{\"@id\":\"https:\\\/\\\/bulaoutdoor.nl\\\/#organization\"},\"potentialAction\":[{\"@type\":\"SearchAction\",\"target\":{\"@type\":\"EntryPoint\",\"urlTemplate\":\"https:\\\/\\\/bulaoutdoor.nl\\\/?s={search_term_string}\"},\"query-input\":{\"@type\":\"PropertyValueSpecification\",\"valueRequired\":true,\"valueName\":\"search_term_string\"}}],\"inLanguage\":\"fr-FR\"},{\"@type\":\"Organization\",\"@id\":\"https:\\\/\\\/bulaoutdoor.nl\\\/#organization\",\"name\":\"Bula Outdoor\",\"url\":\"https:\\\/\\\/bulaoutdoor.nl\\\/\",\"logo\":{\"@type\":\"ImageObject\",\"inLanguage\":\"fr-FR\",\"@id\":\"https:\\\/\\\/bulaoutdoor.nl\\\/#\\\/schema\\\/logo\\\/image\\\/\",\"url\":\"https:\\\/\\\/www.bulaoutdoor.nl\\\/wp-content\\\/uploads\\\/2018\\\/04\\\/bulaoutdoor-logo.png\",\"contentUrl\":\"https:\\\/\\\/www.bulaoutdoor.nl\\\/wp-content\\\/uploads\\\/2018\\\/04\\\/bulaoutdoor-logo.png\",\"width\":324,\"height\":91,\"caption\":\"Bula Outdoor\"},\"image\":{\"@id\":\"https:\\\/\\\/bulaoutdoor.nl\\\/#\\\/schema\\\/logo\\\/image\\\/\"}}]}<\/script>\n<!-- \/ Yoast SEO plugin. -->","yoast_head_json":{"title":"Jydepejsen Senza Soapstone - Bula Outdoor","robots":{"index":"index","follow":"follow","max-snippet":"max-snippet:-1","max-image-preview":"max-image-preview:large","max-video-preview":"max-video-preview:-1"},"canonical":"https:\/\/bulaoutdoor.nl\/fr\/produit\/sydepejsen-senza-soapstone\/","og_locale":"fr_FR","og_type":"article","og_title":"Jydepejsen Senza Speksteen &#8211; Bula Outdoor","og_description":"De Jydepejsen Senza Soapstone De Senza is echt een heerlijke houtkachel. Om te stoken, te bedienen en om te zien! Een veilige houtkachel door de zelfsluitende deur en geschikt voor bijna alle ruimtes door de mogelijkheid van de externe luchttoevoer. He gezellig! Juist deze Jydepejsen Senza houtkachel is geschikt voor kleinere ruimtes als bijverwarming en [&hellip;]","og_url":"https:\/\/bulaoutdoor.nl\/fr\/produit\/sydepejsen-senza-soapstone\/","og_site_name":"Bula Outdoor","article_modified_time":"2026-04-05T04:42:19+00:00","og_image":[{"width":1000,"height":1000,"url":"https:\/\/bulaoutdoor.nl\/wp-content\/uploads\/2017\/07\/senzaspeksteen.jpg","type":"image\/jpeg"}],"twitter_card":"summary_large_image","twitter_misc":{"Dur\u00e9e de lecture estim\u00e9e":"2 minutes"},"schema":{"@context":"https:\/\/schema.org","@graph":[{"@type":"WebPage","@id":"https:\/\/bulaoutdoor.nl\/product\/sydepejsen-senza-soapstone\/","url":"https:\/\/bulaoutdoor.nl\/product\/sydepejsen-senza-soapstone\/","name":"Jydepejsen Senza Soapstone - Bula Outdoor","isPartOf":{"@id":"https:\/\/bulaoutdoor.nl\/#website"},"primaryImageOfPage":{"@id":"https:\/\/bulaoutdoor.nl\/product\/sydepejsen-senza-soapstone\/#primaryimage"},"image":{"@id":"https:\/\/bulaoutdoor.nl\/product\/sydepejsen-senza-soapstone\/#primaryimage"},"thumbnailUrl":"https:\/\/bulaoutdoor.nl\/wp-content\/uploads\/2017\/07\/senzaspeksteen.jpg","datePublished":"2017-07-19T12:38:02+00:00","dateModified":"2026-04-05T04:42:19+00:00","breadcrumb":{"@id":"https:\/\/bulaoutdoor.nl\/product\/sydepejsen-senza-soapstone\/#breadcrumb"},"inLanguage":"fr-FR","potentialAction":[{"@type":"ReadAction","target":["https:\/\/bulaoutdoor.nl\/product\/sydepejsen-senza-soapstone\/"]}]},{"@type":"ImageObject","inLanguage":"fr-FR","@id":"https:\/\/bulaoutdoor.nl\/product\/sydepejsen-senza-soapstone\/#primaryimage","url":"https:\/\/bulaoutdoor.nl\/wp-content\/uploads\/2017\/07\/senzaspeksteen.jpg","contentUrl":"https:\/\/bulaoutdoor.nl\/wp-content\/uploads\/2017\/07\/senzaspeksteen.jpg","width":1000,"height":1000,"caption":"jydepejsen-senza-speksteen-thumbnail"},{"@type":"BreadcrumbList","@id":"https:\/\/bulaoutdoor.nl\/product\/sydepejsen-senza-soapstone\/#breadcrumb","itemListElement":[{"@type":"ListItem","position":1,"name":"Home","item":"https:\/\/bulaoutdoor.nl\/"},{"@type":"ListItem","position":2,"name":"Online BBQ kopen","item":"https:\/\/bulaoutdoor.nl\/"},{"@type":"ListItem","position":3,"name":"Jydepejsen Senza Speksteen"}]},{"@type":"WebSite","@id":"https:\/\/bulaoutdoor.nl\/#website","url":"https:\/\/bulaoutdoor.nl\/","name":"Bula Outdoor","description":"Pour votre chemin\u00e9e ext\u00e9rieure, votre barbecue, votre torche de jardin et votre four \u00e0 bois","publisher":{"@id":"https:\/\/bulaoutdoor.nl\/#organization"},"potentialAction":[{"@type":"SearchAction","target":{"@type":"EntryPoint","urlTemplate":"https:\/\/bulaoutdoor.nl\/?s={search_term_string}"},"query-input":{"@type":"PropertyValueSpecification","valueRequired":true,"valueName":"search_term_string"}}],"inLanguage":"fr-FR"},{"@type":"Organization","@id":"https:\/\/bulaoutdoor.nl\/#organization","name":"Bula Outdoor","url":"https:\/\/bulaoutdoor.nl\/","logo":{"@type":"ImageObject","inLanguage":"fr-FR","@id":"https:\/\/bulaoutdoor.nl\/#\/schema\/logo\/image\/","url":"https:\/\/www.bulaoutdoor.nl\/wp-content\/uploads\/2018\/04\/bulaoutdoor-logo.png","contentUrl":"https:\/\/www.bulaoutdoor.nl\/wp-content\/uploads\/2018\/04\/bulaoutdoor-logo.png","width":324,"height":91,"caption":"Bula Outdoor"},"image":{"@id":"https:\/\/bulaoutdoor.nl\/#\/schema\/logo\/image\/"}}]}},"jetpack_sharing_enabled":true,"_links":{"self":[{"href":"https:\/\/bulaoutdoor.nl\/fr\/wp-json\/wp\/v2\/product\/15741","targetHints":{"allow":["GET"]}}],"collection":[{"href":"https:\/\/bulaoutdoor.nl\/fr\/wp-json\/wp\/v2\/product"}],"about":[{"href":"https:\/\/bulaoutdoor.nl\/fr\/wp-json\/wp\/v2\/types\/product"}],"replies":[{"embeddable":true,"href":"https:\/\/bulaoutdoor.nl\/fr\/wp-json\/wp\/v2\/comments?post=15741"}],"wp:featuredmedia":[{"embeddable":true,"href":"https:\/\/bulaoutdoor.nl\/fr\/wp-json\/wp\/v2\/media\/15742"}],"wp:attachment":[{"href":"https:\/\/bulaoutdoor.nl\/fr\/wp-json\/wp\/v2\/media?parent=15741"}],"wp:term":[{"taxonomy":"product_brand","embeddable":true,"href":"https:\/\/bulaoutdoor.nl\/fr\/wp-json\/wp\/v2\/product_brand?post=15741"},{"taxonomy":"product_cat","embeddable":true,"href":"https:\/\/bulaoutdoor.nl\/fr\/wp-json\/wp\/v2\/product_cat?post=15741"},{"taxonomy":"product_tag","embeddable":true,"href":"https:\/\/bulaoutdoor.nl\/fr\/wp-json\/wp\/v2\/product_tag?post=15741"}],"curies":[{"name":"wp","href":"https:\/\/api.w.org\/{rel}","templated":true}]}}