{"id":15754,"date":"2017-07-19T14:09:00","date_gmt":"2017-07-19T14:09:00","guid":{"rendered":"https:\/\/www.bulaoutdoor.nl\/product\/wanders-black-pearl-houtkachel\/"},"modified":"2026-04-27T04:57:39","modified_gmt":"2026-04-27T04:57:39","slug":"poele-a-bois-wanders-black-pearl","status":"publish","type":"product","link":"https:\/\/bulaoutdoor.nl\/fr\/product\/wanders-black-pearl-houtkachel\/","title":{"rendered":"Po\u00eale \u00e0 bois Wanders Black Pearl"},"content":{"rendered":"<h2>Chemin\u00e9e suspendue Wanders Black Pearl<\/h2>\n<p>Les <a href=\"https:\/\/www.haveverwarming.nl\/wanders\" target=\"_blank\" rel=\"noopener\">Wanders<\/a> Black Pearl est une belle <a href=\"https:\/\/www.haveverwarming.nl\/kachels\/hout\" target=\"_blank\" rel=\"noopener\">chemin\u00e9e suspendue en bois<\/a> qui est fix\u00e9 au mur, mais o\u00f9 le verre qui l'entoure vous donne une vue parfaite sur le romantisme. <a href=\"https:\/\/www.haveverwarming.nl\/kenniscentrum\/wat-is-vuur\" target=\"_blank\" rel=\"noopener\">incendie<\/a> peut lancer. Le Black Pearl est apparent\u00e9 \u00e0 l'anguleux Black Diamond, qui conna\u00eet lui aussi un succ\u00e8s fulgurant sur le march\u00e9 des chemin\u00e9es. Le Black Pearl est de forme ovale et, comme son petit fr\u00e8re, il s'int\u00e8gre dans tous les int\u00e9rieurs.<\/p>\n<p>La belle plaque de verre en c\u00e9ramique sur le dessus de la chemin\u00e9e ajoute une touche de chic suppl\u00e9mentaire.<\/p>\n<p>Bien entendu, cette perle noire attire \u00e9galement le regard et constitue une source de chaleur dans un bureau, un \u00e9tablissement de restauration ou une salle d'\u00e9v\u00e9nements. Partout o\u00f9 l'on appr\u00e9cie l'atmosph\u00e8re, le confort, le romantisme, la chaleur et la beaut\u00e9 du design.<\/p>\n<h3>Centre d'exp\u00e9rience<\/h3>\n<p>Arr\u00eatez-vous \u00e0 notre grand <a href=\"https:\/\/www.haveverwarming.nl\/experiencecenter\" target=\"_blank\" rel=\"noopener\">Centre d'exp\u00e9rience<\/a> \u00e0 la <a href=\"https:\/\/www.haveverwarming.nl\/wanders\" target=\"_blank\" rel=\"noopener\">Wanders<\/a> po\u00eales \u00e0 bois et de nombreuses autres chemin\u00e9es \u00e0 bois \u00e0 voir.<\/p>\n<p>T\u00e9l\u00e9chargements de produits<\/p>\n<ul>\n<li><a class=\"download file\" href=\"https:\/\/www.haveverwarming.nl\/amfile\/file\/download\/file\/9167\/product\/241\/\" target=\"_blank\"><span>Brochure Wanders Bois et Gaz 2025<\/span><\/a><\/li>\n<li><a class=\"download file\" href=\"https:\/\/www.haveverwarming.nl\/amfile\/file\/download\/file\/581\/product\/241\/\" target=\"_blank\"><span>Label \u00e9nerg\u00e9tique du po\u00eale \u00e0 bois Wanders Black Pearl<\/span><\/a><\/li>\n<li><a class=\"download file\" href=\"https:\/\/www.haveverwarming.nl\/amfile\/file\/download\/file\/628\/product\/241\/\" target=\"_blank\"><span>Fiche d'information Po\u00eale \u00e0 bois Wanders Black Pearl<\/span><\/a><\/li>\n<li><a class=\"download file\" href=\"https:\/\/www.haveverwarming.nl\/amfile\/file\/download\/file\/1226\/product\/241\/\" target=\"_blank\"><span>Manuel du po\u00eale \u00e0 bois Wanders Black Pearl<\/span><\/a><\/li>\n<li><a class=\"download file\" href=\"https:\/\/www.haveverwarming.nl\/amfile\/file\/download\/file\/6801\/product\/241\/\" target=\"_blank\"><span>Brochure sur le tir responsable<\/span><\/a><\/li>\n<li><a class=\"download file\" href=\"https:\/\/www.haveverwarming.nl\/amfile\/file\/download\/file\/6886\/product\/241\/\" target=\"_blank\"><span>Dessin au trait Wanders Black Pearl po\u00eale \u00e0 bois<\/span><\/a><\/li>\n<li><a class=\"download file\" href=\"https:\/\/www.haveverwarming.nl\/productpdf\/download\/file\/id\/241\/name\/Wanders_Black_Pearl_houtkachel.pdf\/\" target=\"_blank\"><span>T\u00e9l\u00e9charger la fiche technique<\/span><\/a><\/li>\n<\/ul>","protected":false},"excerpt":{"rendered":"<p>Wanders Black Pearl hanghaard De Wanders Black Pearl is een prachtige hout hanghaard die aan de muur bevestigd wordt, maar waar je door het glas rondom overal een perfecte blik op het romantische vuur kunt werpen. De Black Pearl is familie van de hoekige Black Diamond die ook al een daverend succes in de haardenmarkt [&hellip;]<\/p>\n","protected":false},"featured_media":98563,"comment_status":"open","ping_status":"closed","template":"","meta":{"_acf_changed":false},"product_brand":[],"product_cat":[1248],"product_tag":[],"class_list":{"0":"post-15754","1":"product","2":"type-product","3":"status-publish","4":"has-post-thumbnail","6":"product_cat-hangende-houtkachels","8":"first","9":"instock","10":"taxable","11":"shipping-taxable","12":"purchasable","13":"product-type-simple"},"acf":[],"yoast_head":"<!-- This site is optimized with the Yoast SEO plugin v27.4 - https:\/\/yoast.com\/product\/yoast-seo-wordpress\/ -->\n<title>Wanders Black Pearl houtkachel &#8211; Bula Outdoor<\/title>\n<meta name=\"robots\" content=\"index, follow, max-snippet:-1, max-image-preview:large, max-video-preview:-1\" \/>\n<link rel=\"canonical\" href=\"https:\/\/bulaoutdoor.nl\/fr\/produit\/poele-a-bois-wanders-black-pearl\/\" \/>\n<meta property=\"og:locale\" content=\"fr_FR\" \/>\n<meta property=\"og:type\" content=\"article\" \/>\n<meta property=\"og:title\" content=\"Wanders Black Pearl houtkachel &#8211; Bula Outdoor\" \/>\n<meta property=\"og:description\" content=\"Wanders Black Pearl hanghaard De Wanders Black Pearl is een prachtige hout hanghaard die aan de muur bevestigd wordt, maar waar je door het glas rondom overal een perfecte blik op het romantische vuur kunt werpen. De Black Pearl is familie van de hoekige Black Diamond die ook al een daverend succes in de haardenmarkt [&hellip;]\" \/>\n<meta property=\"og:url\" content=\"https:\/\/bulaoutdoor.nl\/fr\/produit\/poele-a-bois-wanders-black-pearl\/\" \/>\n<meta property=\"og:site_name\" content=\"Bula Outdoor\" \/>\n<meta property=\"article:modified_time\" content=\"2026-04-27T04:57:39+00:00\" \/>\n<meta property=\"og:image\" content=\"https:\/\/bulaoutdoor.nl\/wp-content\/uploads\/2017\/07\/mata_pearl.jpg\" \/>\n\t<meta property=\"og:image:width\" content=\"1400\" \/>\n\t<meta property=\"og:image:height\" content=\"1400\" \/>\n\t<meta property=\"og:image:type\" content=\"image\/jpeg\" \/>\n<meta name=\"twitter:card\" content=\"summary_large_image\" \/>\n<meta name=\"twitter:label1\" content=\"Dur\u00e9e de lecture estim\u00e9e\" \/>\n\t<meta name=\"twitter:data1\" content=\"1 minute\" \/>\n<script type=\"application\/ld+json\" class=\"yoast-schema-graph\">{\"@context\":\"https:\\\/\\\/schema.org\",\"@graph\":[{\"@type\":\"WebPage\",\"@id\":\"https:\\\/\\\/bulaoutdoor.nl\\\/product\\\/wanders-black-pearl-houtkachel\\\/\",\"url\":\"https:\\\/\\\/bulaoutdoor.nl\\\/product\\\/wanders-black-pearl-houtkachel\\\/\",\"name\":\"Wanders Black Pearl houtkachel &#8211; Bula Outdoor\",\"isPartOf\":{\"@id\":\"https:\\\/\\\/bulaoutdoor.nl\\\/#website\"},\"primaryImageOfPage\":{\"@id\":\"https:\\\/\\\/bulaoutdoor.nl\\\/product\\\/wanders-black-pearl-houtkachel\\\/#primaryimage\"},\"image\":{\"@id\":\"https:\\\/\\\/bulaoutdoor.nl\\\/product\\\/wanders-black-pearl-houtkachel\\\/#primaryimage\"},\"thumbnailUrl\":\"https:\\\/\\\/bulaoutdoor.nl\\\/wp-content\\\/uploads\\\/2017\\\/07\\\/mata_pearl.jpg\",\"datePublished\":\"2017-07-19T14:09:00+00:00\",\"dateModified\":\"2026-04-27T04:57:39+00:00\",\"breadcrumb\":{\"@id\":\"https:\\\/\\\/bulaoutdoor.nl\\\/product\\\/wanders-black-pearl-houtkachel\\\/#breadcrumb\"},\"inLanguage\":\"fr-FR\",\"potentialAction\":[{\"@type\":\"ReadAction\",\"target\":[\"https:\\\/\\\/bulaoutdoor.nl\\\/product\\\/wanders-black-pearl-houtkachel\\\/\"]}]},{\"@type\":\"ImageObject\",\"inLanguage\":\"fr-FR\",\"@id\":\"https:\\\/\\\/bulaoutdoor.nl\\\/product\\\/wanders-black-pearl-houtkachel\\\/#primaryimage\",\"url\":\"https:\\\/\\\/bulaoutdoor.nl\\\/wp-content\\\/uploads\\\/2017\\\/07\\\/mata_pearl.jpg\",\"contentUrl\":\"https:\\\/\\\/bulaoutdoor.nl\\\/wp-content\\\/uploads\\\/2017\\\/07\\\/mata_pearl.jpg\",\"width\":1400,\"height\":1400,\"caption\":\"wanders-black-pearl-houtkachel-thumbnail\"},{\"@type\":\"BreadcrumbList\",\"@id\":\"https:\\\/\\\/bulaoutdoor.nl\\\/product\\\/wanders-black-pearl-houtkachel\\\/#breadcrumb\",\"itemListElement\":[{\"@type\":\"ListItem\",\"position\":1,\"name\":\"Home\",\"item\":\"https:\\\/\\\/bulaoutdoor.nl\\\/\"},{\"@type\":\"ListItem\",\"position\":2,\"name\":\"Online BBQ kopen\",\"item\":\"https:\\\/\\\/bulaoutdoor.nl\\\/\"},{\"@type\":\"ListItem\",\"position\":3,\"name\":\"Wanders Black Pearl houtkachel\"}]},{\"@type\":\"WebSite\",\"@id\":\"https:\\\/\\\/bulaoutdoor.nl\\\/#website\",\"url\":\"https:\\\/\\\/bulaoutdoor.nl\\\/\",\"name\":\"Bula Outdoor\",\"description\":\"Voor uw buitenhaard, BBQ, tuinfakkel en houtoven\",\"publisher\":{\"@id\":\"https:\\\/\\\/bulaoutdoor.nl\\\/#organization\"},\"potentialAction\":[{\"@type\":\"SearchAction\",\"target\":{\"@type\":\"EntryPoint\",\"urlTemplate\":\"https:\\\/\\\/bulaoutdoor.nl\\\/?s={search_term_string}\"},\"query-input\":{\"@type\":\"PropertyValueSpecification\",\"valueRequired\":true,\"valueName\":\"search_term_string\"}}],\"inLanguage\":\"fr-FR\"},{\"@type\":\"Organization\",\"@id\":\"https:\\\/\\\/bulaoutdoor.nl\\\/#organization\",\"name\":\"Bula Outdoor\",\"url\":\"https:\\\/\\\/bulaoutdoor.nl\\\/\",\"logo\":{\"@type\":\"ImageObject\",\"inLanguage\":\"fr-FR\",\"@id\":\"https:\\\/\\\/bulaoutdoor.nl\\\/#\\\/schema\\\/logo\\\/image\\\/\",\"url\":\"https:\\\/\\\/www.bulaoutdoor.nl\\\/wp-content\\\/uploads\\\/2018\\\/04\\\/bulaoutdoor-logo.png\",\"contentUrl\":\"https:\\\/\\\/www.bulaoutdoor.nl\\\/wp-content\\\/uploads\\\/2018\\\/04\\\/bulaoutdoor-logo.png\",\"width\":324,\"height\":91,\"caption\":\"Bula Outdoor\"},\"image\":{\"@id\":\"https:\\\/\\\/bulaoutdoor.nl\\\/#\\\/schema\\\/logo\\\/image\\\/\"}}]}<\/script>\n<!-- \/ Yoast SEO plugin. -->","yoast_head_json":{"title":"Po\u00eale \u00e0 bois Wanders Black Pearl - Bula Outdoor","robots":{"index":"index","follow":"follow","max-snippet":"max-snippet:-1","max-image-preview":"max-image-preview:large","max-video-preview":"max-video-preview:-1"},"canonical":"https:\/\/bulaoutdoor.nl\/fr\/produit\/poele-a-bois-wanders-black-pearl\/","og_locale":"fr_FR","og_type":"article","og_title":"Wanders Black Pearl houtkachel &#8211; Bula Outdoor","og_description":"Wanders Black Pearl hanghaard De Wanders Black Pearl is een prachtige hout hanghaard die aan de muur bevestigd wordt, maar waar je door het glas rondom overal een perfecte blik op het romantische vuur kunt werpen. De Black Pearl is familie van de hoekige Black Diamond die ook al een daverend succes in de haardenmarkt [&hellip;]","og_url":"https:\/\/bulaoutdoor.nl\/fr\/produit\/poele-a-bois-wanders-black-pearl\/","og_site_name":"Bula Outdoor","article_modified_time":"2026-04-27T04:57:39+00:00","og_image":[{"width":1400,"height":1400,"url":"https:\/\/bulaoutdoor.nl\/wp-content\/uploads\/2017\/07\/mata_pearl.jpg","type":"image\/jpeg"}],"twitter_card":"summary_large_image","twitter_misc":{"Dur\u00e9e de lecture estim\u00e9e":"1 minute"},"schema":{"@context":"https:\/\/schema.org","@graph":[{"@type":"WebPage","@id":"https:\/\/bulaoutdoor.nl\/product\/wanders-black-pearl-houtkachel\/","url":"https:\/\/bulaoutdoor.nl\/product\/wanders-black-pearl-houtkachel\/","name":"Po\u00eale \u00e0 bois Wanders Black Pearl - Bula Outdoor","isPartOf":{"@id":"https:\/\/bulaoutdoor.nl\/#website"},"primaryImageOfPage":{"@id":"https:\/\/bulaoutdoor.nl\/product\/wanders-black-pearl-houtkachel\/#primaryimage"},"image":{"@id":"https:\/\/bulaoutdoor.nl\/product\/wanders-black-pearl-houtkachel\/#primaryimage"},"thumbnailUrl":"https:\/\/bulaoutdoor.nl\/wp-content\/uploads\/2017\/07\/mata_pearl.jpg","datePublished":"2017-07-19T14:09:00+00:00","dateModified":"2026-04-27T04:57:39+00:00","breadcrumb":{"@id":"https:\/\/bulaoutdoor.nl\/product\/wanders-black-pearl-houtkachel\/#breadcrumb"},"inLanguage":"fr-FR","potentialAction":[{"@type":"ReadAction","target":["https:\/\/bulaoutdoor.nl\/product\/wanders-black-pearl-houtkachel\/"]}]},{"@type":"ImageObject","inLanguage":"fr-FR","@id":"https:\/\/bulaoutdoor.nl\/product\/wanders-black-pearl-houtkachel\/#primaryimage","url":"https:\/\/bulaoutdoor.nl\/wp-content\/uploads\/2017\/07\/mata_pearl.jpg","contentUrl":"https:\/\/bulaoutdoor.nl\/wp-content\/uploads\/2017\/07\/mata_pearl.jpg","width":1400,"height":1400,"caption":"wanders-black-pearl-houtkachel-thumbnail"},{"@type":"BreadcrumbList","@id":"https:\/\/bulaoutdoor.nl\/product\/wanders-black-pearl-houtkachel\/#breadcrumb","itemListElement":[{"@type":"ListItem","position":1,"name":"Home","item":"https:\/\/bulaoutdoor.nl\/"},{"@type":"ListItem","position":2,"name":"Online BBQ kopen","item":"https:\/\/bulaoutdoor.nl\/"},{"@type":"ListItem","position":3,"name":"Wanders Black Pearl houtkachel"}]},{"@type":"WebSite","@id":"https:\/\/bulaoutdoor.nl\/#website","url":"https:\/\/bulaoutdoor.nl\/","name":"Bula Outdoor","description":"Pour votre chemin\u00e9e ext\u00e9rieure, votre barbecue, votre torche de jardin et votre four \u00e0 bois","publisher":{"@id":"https:\/\/bulaoutdoor.nl\/#organization"},"potentialAction":[{"@type":"SearchAction","target":{"@type":"EntryPoint","urlTemplate":"https:\/\/bulaoutdoor.nl\/?s={search_term_string}"},"query-input":{"@type":"PropertyValueSpecification","valueRequired":true,"valueName":"search_term_string"}}],"inLanguage":"fr-FR"},{"@type":"Organization","@id":"https:\/\/bulaoutdoor.nl\/#organization","name":"Bula Outdoor","url":"https:\/\/bulaoutdoor.nl\/","logo":{"@type":"ImageObject","inLanguage":"fr-FR","@id":"https:\/\/bulaoutdoor.nl\/#\/schema\/logo\/image\/","url":"https:\/\/www.bulaoutdoor.nl\/wp-content\/uploads\/2018\/04\/bulaoutdoor-logo.png","contentUrl":"https:\/\/www.bulaoutdoor.nl\/wp-content\/uploads\/2018\/04\/bulaoutdoor-logo.png","width":324,"height":91,"caption":"Bula Outdoor"},"image":{"@id":"https:\/\/bulaoutdoor.nl\/#\/schema\/logo\/image\/"}}]}},"jetpack_sharing_enabled":true,"_links":{"self":[{"href":"https:\/\/bulaoutdoor.nl\/fr\/wp-json\/wp\/v2\/product\/15754","targetHints":{"allow":["GET"]}}],"collection":[{"href":"https:\/\/bulaoutdoor.nl\/fr\/wp-json\/wp\/v2\/product"}],"about":[{"href":"https:\/\/bulaoutdoor.nl\/fr\/wp-json\/wp\/v2\/types\/product"}],"replies":[{"embeddable":true,"href":"https:\/\/bulaoutdoor.nl\/fr\/wp-json\/wp\/v2\/comments?post=15754"}],"wp:featuredmedia":[{"embeddable":true,"href":"https:\/\/bulaoutdoor.nl\/fr\/wp-json\/wp\/v2\/media\/98563"}],"wp:attachment":[{"href":"https:\/\/bulaoutdoor.nl\/fr\/wp-json\/wp\/v2\/media?parent=15754"}],"wp:term":[{"taxonomy":"product_brand","embeddable":true,"href":"https:\/\/bulaoutdoor.nl\/fr\/wp-json\/wp\/v2\/product_brand?post=15754"},{"taxonomy":"product_cat","embeddable":true,"href":"https:\/\/bulaoutdoor.nl\/fr\/wp-json\/wp\/v2\/product_cat?post=15754"},{"taxonomy":"product_tag","embeddable":true,"href":"https:\/\/bulaoutdoor.nl\/fr\/wp-json\/wp\/v2\/product_tag?post=15754"}],"curies":[{"name":"wp","href":"https:\/\/api.w.org\/{rel}","templated":true}]}}