{"id":15802,"date":"2017-07-22T13:29:00","date_gmt":"2017-07-22T13:29:00","guid":{"rendered":"https:\/\/www.bulaoutdoor.nl\/product\/wanders-oak-concrete-houtkachel\/"},"modified":"2026-05-01T04:08:20","modified_gmt":"2026-05-01T04:08:20","slug":"wanders-oak-concrete-wood-stove","status":"publish","type":"product","link":"https:\/\/bulaoutdoor.nl\/fr\/product\/wanders-oak-concrete-houtkachel\/","title":{"rendered":"Po\u00eale \u00e0 bois Wanders Oak Concrete"},"content":{"rendered":"<h2>Po\u00eale \u00e0 bois Wanders Oak Concrete<\/h2>\n<p>Le nom, bien s\u00fbr, dit tout. Il s'agit d'une <a href=\"https:\/\/www.haveverwarming.nl\/kachels\/hout\" target=\"_blank\" rel=\"noopener\">feu de bois<\/a> de <a href=\"https:\/\/www.haveverwarming.nl\/wanders\" target=\"_blank\" rel=\"noopener\">Wanders<\/a> a une coque ext\u00e9rieure en b\u00e9ton. Ce petit feu de bois, avec son apparence inhabituelle, a tout ce qu'il faut pour devenir une vedette des magazines de d\u00e9coration.<\/p>\n<p>Ce po\u00eale \u00e0 bois se combine avec tous les meubles et surtout avec ce qui se fait de nos jours en mati\u00e8re de bois de r\u00e9cup\u00e9ration, de bois d'\u00e9chafaudage et d'autres meubles d\u00e9labr\u00e9s. Que ce soit dans le salon ou dans la cuisine chaleureuse. Ce Wanders Oak Concrete, disponible avec quatre pieds diff\u00e9rents, se sent \u00e0 l'aise dans n'importe quelle pi\u00e8ce.<\/p>\n<h3>Centre d'exp\u00e9rience<\/h3>\n<p>Arr\u00eatez-vous \u00e0 notre grand <a href=\"https:\/\/www.haveverwarming.nl\/experiencecenter\" target=\"_blank\" rel=\"noopener\">Centre d'exp\u00e9rience<\/a> pour voir le Wanders Oak et bien d'autres chemin\u00e9es \u00e0 bois.<\/p>\n<p>T\u00e9l\u00e9chargements de produits<\/p>\n<ul>\n<li><a class=\"download file\" href=\"https:\/\/www.haveverwarming.nl\/amfile\/file\/download\/file\/9167\/product\/269\/\" target=\"_blank\"><span>Brochure Wanders Bois et Gaz 2025<\/span><\/a><\/li>\n<li><a class=\"download file\" href=\"https:\/\/www.haveverwarming.nl\/amfile\/file\/download\/file\/71\/product\/269\/\" target=\"_blank\"><span>Dessin au trait Wanders Oak Concrete po\u00eale \u00e0 bois<\/span><\/a><\/li>\n<li><a class=\"download file\" href=\"https:\/\/www.haveverwarming.nl\/amfile\/file\/download\/file\/585\/product\/269\/\" target=\"_blank\"><span>Label \u00e9nerg\u00e9tique Po\u00eale \u00e0 bois Wanders Oak Concrete<\/span><\/a><\/li>\n<li><a class=\"download file\" href=\"https:\/\/www.haveverwarming.nl\/amfile\/file\/download\/file\/856\/product\/269\/\" target=\"_blank\"><span>Po\u00eale \u00e0 bois Wanders Oak Concrete manuel<\/span><\/a><\/li>\n<li><a class=\"download file\" href=\"https:\/\/www.haveverwarming.nl\/amfile\/file\/download\/file\/857\/product\/269\/\" target=\"_blank\"><span>Brochure Wanders Oak<\/span><\/a><\/li>\n<li><a class=\"download file\" href=\"https:\/\/www.haveverwarming.nl\/amfile\/file\/download\/file\/6810\/product\/269\/\" target=\"_blank\"><span>Brochure sur le tir responsable<\/span><\/a><\/li>\n<li><a class=\"download file\" href=\"https:\/\/www.haveverwarming.nl\/productpdf\/download\/file\/id\/269\/name\/Wanders_Oak_Concrete_houtkachel.pdf\/\" target=\"_blank\"><span>T\u00e9l\u00e9charger la fiche technique<\/span><\/a><\/li>\n<\/ul>","protected":false},"excerpt":{"rendered":"<p>Wanders Oak Concrete houtkachel De naam zegt het natuurlijk al. Deze houthaard van Wanders heeft een betonnen buitenmantel. Deze kleine houthaard, met zijn bijzondere uiterlijk, heeft het in zich om een woonbladtopper te worden. Deze houtkachel combineert met elk meubel en vooral wat er tegenwoordig in is qua sloophout, steigerhout en andere washed meubels. Of [&hellip;]<\/p>\n","protected":false},"featured_media":15803,"comment_status":"open","ping_status":"closed","template":"","meta":{"_acf_changed":false},"product_brand":[],"product_cat":[1092],"product_tag":[],"class_list":{"0":"post-15802","1":"product","2":"type-product","3":"status-publish","4":"has-post-thumbnail","6":"product_cat-vrijstaande-houtkachels","8":"first","9":"instock","10":"taxable","11":"shipping-taxable","12":"purchasable","13":"product-type-simple"},"acf":[],"yoast_head":"<!-- This site is optimized with the Yoast SEO plugin v27.5 - https:\/\/yoast.com\/product\/yoast-seo-wordpress\/ -->\n<title>Wanders Oak Concrete houtkachel &#8211; Bula Outdoor<\/title>\n<meta name=\"robots\" content=\"index, follow, max-snippet:-1, max-image-preview:large, max-video-preview:-1\" \/>\n<link rel=\"canonical\" href=\"https:\/\/bulaoutdoor.nl\/fr\/produit\/wanders-oak-concrete-wood-stove\/\" \/>\n<meta property=\"og:locale\" content=\"fr_FR\" \/>\n<meta property=\"og:type\" content=\"article\" \/>\n<meta property=\"og:title\" content=\"Wanders Oak Concrete houtkachel &#8211; Bula Outdoor\" \/>\n<meta property=\"og:description\" content=\"Wanders Oak Concrete houtkachel De naam zegt het natuurlijk al. Deze houthaard van Wanders heeft een betonnen buitenmantel. Deze kleine houthaard, met zijn bijzondere uiterlijk, heeft het in zich om een woonbladtopper te worden. Deze houtkachel combineert met elk meubel en vooral wat er tegenwoordig in is qua sloophout, steigerhout en andere washed meubels. Of [&hellip;]\" \/>\n<meta property=\"og:url\" content=\"https:\/\/bulaoutdoor.nl\/fr\/produit\/wanders-oak-concrete-wood-stove\/\" \/>\n<meta property=\"og:site_name\" content=\"Bula Outdoor\" \/>\n<meta property=\"article:modified_time\" content=\"2026-05-01T04:08:20+00:00\" \/>\n<meta property=\"og:image\" content=\"https:\/\/bulaoutdoor.nl\/wp-content\/uploads\/2017\/07\/1231.jpg\" \/>\n\t<meta property=\"og:image:width\" content=\"500\" \/>\n\t<meta property=\"og:image:height\" content=\"500\" \/>\n\t<meta property=\"og:image:type\" content=\"image\/jpeg\" \/>\n<meta name=\"twitter:card\" content=\"summary_large_image\" \/>\n<meta name=\"twitter:label1\" content=\"Dur\u00e9e de lecture estim\u00e9e\" \/>\n\t<meta name=\"twitter:data1\" content=\"1 minute\" \/>\n<script type=\"application\/ld+json\" class=\"yoast-schema-graph\">{\"@context\":\"https:\\\/\\\/schema.org\",\"@graph\":[{\"@type\":\"WebPage\",\"@id\":\"https:\\\/\\\/bulaoutdoor.nl\\\/product\\\/wanders-oak-concrete-houtkachel\\\/\",\"url\":\"https:\\\/\\\/bulaoutdoor.nl\\\/product\\\/wanders-oak-concrete-houtkachel\\\/\",\"name\":\"Wanders Oak Concrete houtkachel &#8211; Bula Outdoor\",\"isPartOf\":{\"@id\":\"https:\\\/\\\/bulaoutdoor.nl\\\/#website\"},\"primaryImageOfPage\":{\"@id\":\"https:\\\/\\\/bulaoutdoor.nl\\\/product\\\/wanders-oak-concrete-houtkachel\\\/#primaryimage\"},\"image\":{\"@id\":\"https:\\\/\\\/bulaoutdoor.nl\\\/product\\\/wanders-oak-concrete-houtkachel\\\/#primaryimage\"},\"thumbnailUrl\":\"https:\\\/\\\/bulaoutdoor.nl\\\/wp-content\\\/uploads\\\/2017\\\/07\\\/1231.jpg\",\"datePublished\":\"2017-07-22T13:29:00+00:00\",\"dateModified\":\"2026-05-01T04:08:20+00:00\",\"breadcrumb\":{\"@id\":\"https:\\\/\\\/bulaoutdoor.nl\\\/product\\\/wanders-oak-concrete-houtkachel\\\/#breadcrumb\"},\"inLanguage\":\"fr-FR\",\"potentialAction\":[{\"@type\":\"ReadAction\",\"target\":[\"https:\\\/\\\/bulaoutdoor.nl\\\/product\\\/wanders-oak-concrete-houtkachel\\\/\"]}]},{\"@type\":\"ImageObject\",\"inLanguage\":\"fr-FR\",\"@id\":\"https:\\\/\\\/bulaoutdoor.nl\\\/product\\\/wanders-oak-concrete-houtkachel\\\/#primaryimage\",\"url\":\"https:\\\/\\\/bulaoutdoor.nl\\\/wp-content\\\/uploads\\\/2017\\\/07\\\/1231.jpg\",\"contentUrl\":\"https:\\\/\\\/bulaoutdoor.nl\\\/wp-content\\\/uploads\\\/2017\\\/07\\\/1231.jpg\",\"width\":500,\"height\":500,\"caption\":\"wanders-oak-concrete-houtkachel-thumbnail\"},{\"@type\":\"BreadcrumbList\",\"@id\":\"https:\\\/\\\/bulaoutdoor.nl\\\/product\\\/wanders-oak-concrete-houtkachel\\\/#breadcrumb\",\"itemListElement\":[{\"@type\":\"ListItem\",\"position\":1,\"name\":\"Home\",\"item\":\"https:\\\/\\\/bulaoutdoor.nl\\\/\"},{\"@type\":\"ListItem\",\"position\":2,\"name\":\"Online BBQ kopen\",\"item\":\"https:\\\/\\\/bulaoutdoor.nl\\\/\"},{\"@type\":\"ListItem\",\"position\":3,\"name\":\"Wanders Oak Concrete houtkachel\"}]},{\"@type\":\"WebSite\",\"@id\":\"https:\\\/\\\/bulaoutdoor.nl\\\/#website\",\"url\":\"https:\\\/\\\/bulaoutdoor.nl\\\/\",\"name\":\"Bula Outdoor\",\"description\":\"Voor uw buitenhaard, BBQ, tuinfakkel en houtoven\",\"publisher\":{\"@id\":\"https:\\\/\\\/bulaoutdoor.nl\\\/#organization\"},\"potentialAction\":[{\"@type\":\"SearchAction\",\"target\":{\"@type\":\"EntryPoint\",\"urlTemplate\":\"https:\\\/\\\/bulaoutdoor.nl\\\/?s={search_term_string}\"},\"query-input\":{\"@type\":\"PropertyValueSpecification\",\"valueRequired\":true,\"valueName\":\"search_term_string\"}}],\"inLanguage\":\"fr-FR\"},{\"@type\":\"Organization\",\"@id\":\"https:\\\/\\\/bulaoutdoor.nl\\\/#organization\",\"name\":\"Bula Outdoor\",\"url\":\"https:\\\/\\\/bulaoutdoor.nl\\\/\",\"logo\":{\"@type\":\"ImageObject\",\"inLanguage\":\"fr-FR\",\"@id\":\"https:\\\/\\\/bulaoutdoor.nl\\\/#\\\/schema\\\/logo\\\/image\\\/\",\"url\":\"https:\\\/\\\/www.bulaoutdoor.nl\\\/wp-content\\\/uploads\\\/2018\\\/04\\\/bulaoutdoor-logo.png\",\"contentUrl\":\"https:\\\/\\\/www.bulaoutdoor.nl\\\/wp-content\\\/uploads\\\/2018\\\/04\\\/bulaoutdoor-logo.png\",\"width\":324,\"height\":91,\"caption\":\"Bula Outdoor\"},\"image\":{\"@id\":\"https:\\\/\\\/bulaoutdoor.nl\\\/#\\\/schema\\\/logo\\\/image\\\/\"}}]}<\/script>\n<!-- \/ Yoast SEO plugin. -->","yoast_head_json":{"title":"Po\u00eale \u00e0 bois Wanders Oak Concrete - Bula Outdoor","robots":{"index":"index","follow":"follow","max-snippet":"max-snippet:-1","max-image-preview":"max-image-preview:large","max-video-preview":"max-video-preview:-1"},"canonical":"https:\/\/bulaoutdoor.nl\/fr\/produit\/wanders-oak-concrete-wood-stove\/","og_locale":"fr_FR","og_type":"article","og_title":"Wanders Oak Concrete houtkachel &#8211; Bula Outdoor","og_description":"Wanders Oak Concrete houtkachel De naam zegt het natuurlijk al. Deze houthaard van Wanders heeft een betonnen buitenmantel. Deze kleine houthaard, met zijn bijzondere uiterlijk, heeft het in zich om een woonbladtopper te worden. Deze houtkachel combineert met elk meubel en vooral wat er tegenwoordig in is qua sloophout, steigerhout en andere washed meubels. Of [&hellip;]","og_url":"https:\/\/bulaoutdoor.nl\/fr\/produit\/wanders-oak-concrete-wood-stove\/","og_site_name":"Bula Outdoor","article_modified_time":"2026-05-01T04:08:20+00:00","og_image":[{"width":500,"height":500,"url":"https:\/\/bulaoutdoor.nl\/wp-content\/uploads\/2017\/07\/1231.jpg","type":"image\/jpeg"}],"twitter_card":"summary_large_image","twitter_misc":{"Dur\u00e9e de lecture estim\u00e9e":"1 minute"},"schema":{"@context":"https:\/\/schema.org","@graph":[{"@type":"WebPage","@id":"https:\/\/bulaoutdoor.nl\/product\/wanders-oak-concrete-houtkachel\/","url":"https:\/\/bulaoutdoor.nl\/product\/wanders-oak-concrete-houtkachel\/","name":"Po\u00eale \u00e0 bois Wanders Oak Concrete - Bula Outdoor","isPartOf":{"@id":"https:\/\/bulaoutdoor.nl\/#website"},"primaryImageOfPage":{"@id":"https:\/\/bulaoutdoor.nl\/product\/wanders-oak-concrete-houtkachel\/#primaryimage"},"image":{"@id":"https:\/\/bulaoutdoor.nl\/product\/wanders-oak-concrete-houtkachel\/#primaryimage"},"thumbnailUrl":"https:\/\/bulaoutdoor.nl\/wp-content\/uploads\/2017\/07\/1231.jpg","datePublished":"2017-07-22T13:29:00+00:00","dateModified":"2026-05-01T04:08:20+00:00","breadcrumb":{"@id":"https:\/\/bulaoutdoor.nl\/product\/wanders-oak-concrete-houtkachel\/#breadcrumb"},"inLanguage":"fr-FR","potentialAction":[{"@type":"ReadAction","target":["https:\/\/bulaoutdoor.nl\/product\/wanders-oak-concrete-houtkachel\/"]}]},{"@type":"ImageObject","inLanguage":"fr-FR","@id":"https:\/\/bulaoutdoor.nl\/product\/wanders-oak-concrete-houtkachel\/#primaryimage","url":"https:\/\/bulaoutdoor.nl\/wp-content\/uploads\/2017\/07\/1231.jpg","contentUrl":"https:\/\/bulaoutdoor.nl\/wp-content\/uploads\/2017\/07\/1231.jpg","width":500,"height":500,"caption":"wanders-oak-concrete-houtkachel-thumbnail"},{"@type":"BreadcrumbList","@id":"https:\/\/bulaoutdoor.nl\/product\/wanders-oak-concrete-houtkachel\/#breadcrumb","itemListElement":[{"@type":"ListItem","position":1,"name":"Home","item":"https:\/\/bulaoutdoor.nl\/"},{"@type":"ListItem","position":2,"name":"Online BBQ kopen","item":"https:\/\/bulaoutdoor.nl\/"},{"@type":"ListItem","position":3,"name":"Wanders Oak Concrete houtkachel"}]},{"@type":"WebSite","@id":"https:\/\/bulaoutdoor.nl\/#website","url":"https:\/\/bulaoutdoor.nl\/","name":"Bula Outdoor","description":"Pour votre chemin\u00e9e ext\u00e9rieure, votre barbecue, votre torche de jardin et votre four \u00e0 bois","publisher":{"@id":"https:\/\/bulaoutdoor.nl\/#organization"},"potentialAction":[{"@type":"SearchAction","target":{"@type":"EntryPoint","urlTemplate":"https:\/\/bulaoutdoor.nl\/?s={search_term_string}"},"query-input":{"@type":"PropertyValueSpecification","valueRequired":true,"valueName":"search_term_string"}}],"inLanguage":"fr-FR"},{"@type":"Organization","@id":"https:\/\/bulaoutdoor.nl\/#organization","name":"Bula Outdoor","url":"https:\/\/bulaoutdoor.nl\/","logo":{"@type":"ImageObject","inLanguage":"fr-FR","@id":"https:\/\/bulaoutdoor.nl\/#\/schema\/logo\/image\/","url":"https:\/\/www.bulaoutdoor.nl\/wp-content\/uploads\/2018\/04\/bulaoutdoor-logo.png","contentUrl":"https:\/\/www.bulaoutdoor.nl\/wp-content\/uploads\/2018\/04\/bulaoutdoor-logo.png","width":324,"height":91,"caption":"Bula Outdoor"},"image":{"@id":"https:\/\/bulaoutdoor.nl\/#\/schema\/logo\/image\/"}}]}},"jetpack_sharing_enabled":true,"_links":{"self":[{"href":"https:\/\/bulaoutdoor.nl\/fr\/wp-json\/wp\/v2\/product\/15802","targetHints":{"allow":["GET"]}}],"collection":[{"href":"https:\/\/bulaoutdoor.nl\/fr\/wp-json\/wp\/v2\/product"}],"about":[{"href":"https:\/\/bulaoutdoor.nl\/fr\/wp-json\/wp\/v2\/types\/product"}],"replies":[{"embeddable":true,"href":"https:\/\/bulaoutdoor.nl\/fr\/wp-json\/wp\/v2\/comments?post=15802"}],"wp:featuredmedia":[{"embeddable":true,"href":"https:\/\/bulaoutdoor.nl\/fr\/wp-json\/wp\/v2\/media\/15803"}],"wp:attachment":[{"href":"https:\/\/bulaoutdoor.nl\/fr\/wp-json\/wp\/v2\/media?parent=15802"}],"wp:term":[{"taxonomy":"product_brand","embeddable":true,"href":"https:\/\/bulaoutdoor.nl\/fr\/wp-json\/wp\/v2\/product_brand?post=15802"},{"taxonomy":"product_cat","embeddable":true,"href":"https:\/\/bulaoutdoor.nl\/fr\/wp-json\/wp\/v2\/product_cat?post=15802"},{"taxonomy":"product_tag","embeddable":true,"href":"https:\/\/bulaoutdoor.nl\/fr\/wp-json\/wp\/v2\/product_tag?post=15802"}],"curies":[{"name":"wp","href":"https:\/\/api.w.org\/{rel}","templated":true}]}}