{"id":15890,"date":"2017-08-25T07:08:29","date_gmt":"2017-08-25T07:08:29","guid":{"rendered":"https:\/\/www.bulaoutdoor.nl\/product\/wanders-pecan-eco-medium-speksteenkachel\/"},"modified":"2026-05-09T04:11:00","modified_gmt":"2026-05-09T04:11:00","slug":"wanders-pecan-eco-medium-soapstone-stove","status":"publish","type":"product","link":"https:\/\/bulaoutdoor.nl\/fr\/product\/wanders-pecan-eco-medium-speksteenkachel\/","title":{"rendered":"Wanders Pecan Eco Medium po\u00eale en pierre ollaire"},"content":{"rendered":"<h2>Wanders Pecan Eco Medium po\u00eale en pierre ollaire<\/h2>\n<p>Les <a href=\"https:\/\/www.haveverwarming.nl\/wanders\" target=\"_blank\" rel=\"noopener\">Wanders<\/a> Noix de p\u00e9can (<a href=\"https:\/\/www.haveverwarming.nl\/kenniscentrum\/wat-is-speksteen\" target=\"_blank\" rel=\"noopener\">pierre ollaire<\/a>)est un magnifique po\u00eale en pierre ollaire aux lignes \u00e9pur\u00e9es qui est pr\u00eat pour l'avenir gr\u00e2ce \u00e0 la technologie de combustion la plus r\u00e9cente. Laissez-vous surprendre par la belle combustion de ce <a href=\"https:\/\/www.haveverwarming.nl\/kachels\/hout\" target=\"_blank\" rel=\"noopener\">po\u00eale \u00e0 bois<\/a>Gr\u00e2ce aux d\u00e9rivations des gaz de combustion install\u00e9es des deux c\u00f4t\u00e9s du po\u00eale, la chaleur peut \u00eatre utilis\u00e9e de mani\u00e8re optimale pour chauffer la pierre ollaire. <\/p>\n<p>Ce po\u00eale est disponible en trois mod\u00e8les : le Pecan Eco Small, le Pecan Eco Medium et le Pecan Eco Large.<\/p>\n<h3>Po\u00eale en pierre \u00e0 bacon<\/h3>\n<p>Le pr\u00e9sent <a href=\"https:\/\/www.haveverwarming.nl\/kachels\/speksteen\" target=\"_blank\" rel=\"noopener\">po\u00eale en pierre ollaire<\/a> by Wanders conserve la chaleur pendant 6 \u00e0 8 heures et la restitue lentement dans la pi\u00e8ce. Cela signifie un tr\u00e8s haut rendement, une grande puissance et une faible consommation de bois. Ce po\u00eale convient parfaitement aux fumeurs responsables.<\/p>\n<h3>Venez au Centre d'exp\u00e9rience de chauffage HAV\u00c9<\/h3>\n<p>Aimeriez-vous le Wanders Pecan Eco ? <a href=\"https:\/\/www.haveverwarming.nl\/kenniscentrum\/wat-is-speksteen\" target=\"_blank\" rel=\"noopener\">pierre ollaire<\/a>&nbsp;<a href=\"https:\/\/www.haveverwarming.nl\/kachels\/hout\" target=\"_blank\" rel=\"noopener\">po\u00eale \u00e0 bois<\/a> dans la vie r\u00e9elle ? Vous pouvez, nous avons ce po\u00eale expos\u00e9 dans notre <a href=\"https:\/\/www.haveverwarming.nl\/experiencecenter\" target=\"_blank\" rel=\"noopener\">Centre d'exp\u00e9rience<\/a> \u00e0 Lunteren. Nous y exposons \u00e9galement plusieurs po\u00eales ind\u00e9pendants.<\/p>\n<p>T\u00e9l\u00e9chargements de produits<\/p>\n<ul>\n<li><a class=\"download file\" href=\"https:\/\/www.haveverwarming.nl\/amfile\/file\/download\/file\/9167\/product\/623\/\" target=\"_blank\"><span>Brochure Wanders Bois et Gaz 2025<\/span><\/a><\/li>\n<li><a class=\"download file\" href=\"https:\/\/www.haveverwarming.nl\/amfile\/file\/download\/file\/218\/product\/623\/\" target=\"_blank\"><span>Dessin au trait Wanders Pecan Eco Medium po\u00eale en pierre ollaire<\/span><\/a><\/li>\n<li><a class=\"download file\" href=\"https:\/\/www.haveverwarming.nl\/amfile\/file\/download\/file\/586\/product\/623\/\" target=\"_blank\"><span>Label \u00e9nerg\u00e9tique Wanders Pecan Eco Medium po\u00eale en pierre ollaire<\/span><\/a><\/li>\n<li><a class=\"download file\" href=\"https:\/\/www.haveverwarming.nl\/amfile\/file\/download\/file\/5972\/product\/623\/\" target=\"_blank\"><span>Manuel et instructions d'installation Pecan Eco<\/span><\/a><\/li>\n<li><a class=\"download file\" href=\"https:\/\/www.haveverwarming.nl\/amfile\/file\/download\/file\/6807\/product\/623\/\" target=\"_blank\"><span>Brochure sur le tir responsable<\/span><\/a><\/li>\n<li><a class=\"download file\" href=\"https:\/\/www.haveverwarming.nl\/productpdf\/download\/file\/id\/623\/name\/Wanders_Pecan_Eco_Medium_speksteenkachel.pdf\/\" target=\"_blank\"><span>T\u00e9l\u00e9charger la fiche technique<\/span><\/a><\/li>\n<\/ul>","protected":false},"excerpt":{"rendered":"<p>Wanders Pecan Eco Medium speksteenkachel De Wanders Pecan (speksteen)kachel is een mooie en strakke speksteenkachel die dankzij de nieuwste verbrandingstechniek klaar is voor de toekomst. Laat u verrassen door de prachtige verbranding in deze houtkachel, dankzij de rookgasomleidingen die aan beide zijden van de kachel zijn aangebracht, kan de warmte optimaal worden benut om het [&hellip;]<\/p>\n","protected":false},"featured_media":15891,"comment_status":"open","ping_status":"closed","template":"","meta":{"_acf_changed":false},"product_brand":[],"product_cat":[1092],"product_tag":[],"class_list":{"0":"post-15890","1":"product","2":"type-product","3":"status-publish","4":"has-post-thumbnail","6":"product_cat-vrijstaande-houtkachels","8":"first","9":"instock","10":"taxable","11":"shipping-taxable","12":"purchasable","13":"product-type-simple"},"acf":[],"yoast_head":"<!-- This site is optimized with the Yoast SEO plugin v27.5 - https:\/\/yoast.com\/product\/yoast-seo-wordpress\/ -->\n<title>Wanders Pecan Eco Medium speksteenkachel &#8211; Bula Outdoor<\/title>\n<meta name=\"robots\" content=\"index, follow, max-snippet:-1, max-image-preview:large, max-video-preview:-1\" \/>\n<link rel=\"canonical\" href=\"https:\/\/bulaoutdoor.nl\/fr\/produit\/wanders-pecan-eco-medium-soapstone-stove\/\" \/>\n<meta property=\"og:locale\" content=\"fr_FR\" \/>\n<meta property=\"og:type\" content=\"article\" \/>\n<meta property=\"og:title\" content=\"Wanders Pecan Eco Medium speksteenkachel &#8211; Bula Outdoor\" \/>\n<meta property=\"og:description\" content=\"Wanders Pecan Eco Medium speksteenkachel De Wanders Pecan (speksteen)kachel is een mooie en strakke speksteenkachel die dankzij de nieuwste verbrandingstechniek klaar is voor de toekomst. Laat u verrassen door de prachtige verbranding in deze houtkachel, dankzij de rookgasomleidingen die aan beide zijden van de kachel zijn aangebracht, kan de warmte optimaal worden benut om het [&hellip;]\" \/>\n<meta property=\"og:url\" content=\"https:\/\/bulaoutdoor.nl\/fr\/produit\/wanders-pecan-eco-medium-soapstone-stove\/\" \/>\n<meta property=\"og:site_name\" content=\"Bula Outdoor\" \/>\n<meta property=\"article:modified_time\" content=\"2026-05-09T04:11:00+00:00\" \/>\n<meta property=\"og:image\" content=\"https:\/\/bulaoutdoor.nl\/wp-content\/uploads\/2017\/08\/54321.jpg\" \/>\n\t<meta property=\"og:image:width\" content=\"500\" \/>\n\t<meta property=\"og:image:height\" content=\"500\" \/>\n\t<meta property=\"og:image:type\" content=\"image\/jpeg\" \/>\n<meta name=\"twitter:card\" content=\"summary_large_image\" \/>\n<meta name=\"twitter:label1\" content=\"Dur\u00e9e de lecture estim\u00e9e\" \/>\n\t<meta name=\"twitter:data1\" content=\"1 minute\" \/>\n<script type=\"application\/ld+json\" class=\"yoast-schema-graph\">{\"@context\":\"https:\\\/\\\/schema.org\",\"@graph\":[{\"@type\":\"WebPage\",\"@id\":\"https:\\\/\\\/bulaoutdoor.nl\\\/product\\\/wanders-pecan-eco-medium-speksteenkachel\\\/\",\"url\":\"https:\\\/\\\/bulaoutdoor.nl\\\/product\\\/wanders-pecan-eco-medium-speksteenkachel\\\/\",\"name\":\"Wanders Pecan Eco Medium speksteenkachel &#8211; Bula Outdoor\",\"isPartOf\":{\"@id\":\"https:\\\/\\\/bulaoutdoor.nl\\\/#website\"},\"primaryImageOfPage\":{\"@id\":\"https:\\\/\\\/bulaoutdoor.nl\\\/product\\\/wanders-pecan-eco-medium-speksteenkachel\\\/#primaryimage\"},\"image\":{\"@id\":\"https:\\\/\\\/bulaoutdoor.nl\\\/product\\\/wanders-pecan-eco-medium-speksteenkachel\\\/#primaryimage\"},\"thumbnailUrl\":\"https:\\\/\\\/bulaoutdoor.nl\\\/wp-content\\\/uploads\\\/2017\\\/08\\\/54321.jpg\",\"datePublished\":\"2017-08-25T07:08:29+00:00\",\"dateModified\":\"2026-05-09T04:11:00+00:00\",\"breadcrumb\":{\"@id\":\"https:\\\/\\\/bulaoutdoor.nl\\\/product\\\/wanders-pecan-eco-medium-speksteenkachel\\\/#breadcrumb\"},\"inLanguage\":\"fr-FR\",\"potentialAction\":[{\"@type\":\"ReadAction\",\"target\":[\"https:\\\/\\\/bulaoutdoor.nl\\\/product\\\/wanders-pecan-eco-medium-speksteenkachel\\\/\"]}]},{\"@type\":\"ImageObject\",\"inLanguage\":\"fr-FR\",\"@id\":\"https:\\\/\\\/bulaoutdoor.nl\\\/product\\\/wanders-pecan-eco-medium-speksteenkachel\\\/#primaryimage\",\"url\":\"https:\\\/\\\/bulaoutdoor.nl\\\/wp-content\\\/uploads\\\/2017\\\/08\\\/54321.jpg\",\"contentUrl\":\"https:\\\/\\\/bulaoutdoor.nl\\\/wp-content\\\/uploads\\\/2017\\\/08\\\/54321.jpg\",\"width\":500,\"height\":500,\"caption\":\"wanders-pecan-eco-medium-speksteenkachel-thumbnail\"},{\"@type\":\"BreadcrumbList\",\"@id\":\"https:\\\/\\\/bulaoutdoor.nl\\\/product\\\/wanders-pecan-eco-medium-speksteenkachel\\\/#breadcrumb\",\"itemListElement\":[{\"@type\":\"ListItem\",\"position\":1,\"name\":\"Home\",\"item\":\"https:\\\/\\\/bulaoutdoor.nl\\\/\"},{\"@type\":\"ListItem\",\"position\":2,\"name\":\"Online BBQ kopen\",\"item\":\"https:\\\/\\\/bulaoutdoor.nl\\\/\"},{\"@type\":\"ListItem\",\"position\":3,\"name\":\"Wanders Pecan Eco Medium speksteenkachel\"}]},{\"@type\":\"WebSite\",\"@id\":\"https:\\\/\\\/bulaoutdoor.nl\\\/#website\",\"url\":\"https:\\\/\\\/bulaoutdoor.nl\\\/\",\"name\":\"Bula Outdoor\",\"description\":\"Voor uw buitenhaard, BBQ, tuinfakkel en houtoven\",\"publisher\":{\"@id\":\"https:\\\/\\\/bulaoutdoor.nl\\\/#organization\"},\"potentialAction\":[{\"@type\":\"SearchAction\",\"target\":{\"@type\":\"EntryPoint\",\"urlTemplate\":\"https:\\\/\\\/bulaoutdoor.nl\\\/?s={search_term_string}\"},\"query-input\":{\"@type\":\"PropertyValueSpecification\",\"valueRequired\":true,\"valueName\":\"search_term_string\"}}],\"inLanguage\":\"fr-FR\"},{\"@type\":\"Organization\",\"@id\":\"https:\\\/\\\/bulaoutdoor.nl\\\/#organization\",\"name\":\"Bula Outdoor\",\"url\":\"https:\\\/\\\/bulaoutdoor.nl\\\/\",\"logo\":{\"@type\":\"ImageObject\",\"inLanguage\":\"fr-FR\",\"@id\":\"https:\\\/\\\/bulaoutdoor.nl\\\/#\\\/schema\\\/logo\\\/image\\\/\",\"url\":\"https:\\\/\\\/www.bulaoutdoor.nl\\\/wp-content\\\/uploads\\\/2018\\\/04\\\/bulaoutdoor-logo.png\",\"contentUrl\":\"https:\\\/\\\/www.bulaoutdoor.nl\\\/wp-content\\\/uploads\\\/2018\\\/04\\\/bulaoutdoor-logo.png\",\"width\":324,\"height\":91,\"caption\":\"Bula Outdoor\"},\"image\":{\"@id\":\"https:\\\/\\\/bulaoutdoor.nl\\\/#\\\/schema\\\/logo\\\/image\\\/\"}}]}<\/script>\n<!-- \/ Yoast SEO plugin. -->","yoast_head_json":{"title":"Po\u00eale en pierre ollaire Wanders Pecan Eco Medium - Bula Outdoor","robots":{"index":"index","follow":"follow","max-snippet":"max-snippet:-1","max-image-preview":"max-image-preview:large","max-video-preview":"max-video-preview:-1"},"canonical":"https:\/\/bulaoutdoor.nl\/fr\/produit\/wanders-pecan-eco-medium-soapstone-stove\/","og_locale":"fr_FR","og_type":"article","og_title":"Wanders Pecan Eco Medium speksteenkachel &#8211; Bula Outdoor","og_description":"Wanders Pecan Eco Medium speksteenkachel De Wanders Pecan (speksteen)kachel is een mooie en strakke speksteenkachel die dankzij de nieuwste verbrandingstechniek klaar is voor de toekomst. Laat u verrassen door de prachtige verbranding in deze houtkachel, dankzij de rookgasomleidingen die aan beide zijden van de kachel zijn aangebracht, kan de warmte optimaal worden benut om het [&hellip;]","og_url":"https:\/\/bulaoutdoor.nl\/fr\/produit\/wanders-pecan-eco-medium-soapstone-stove\/","og_site_name":"Bula Outdoor","article_modified_time":"2026-05-09T04:11:00+00:00","og_image":[{"width":500,"height":500,"url":"https:\/\/bulaoutdoor.nl\/wp-content\/uploads\/2017\/08\/54321.jpg","type":"image\/jpeg"}],"twitter_card":"summary_large_image","twitter_misc":{"Dur\u00e9e de lecture estim\u00e9e":"1 minute"},"schema":{"@context":"https:\/\/schema.org","@graph":[{"@type":"WebPage","@id":"https:\/\/bulaoutdoor.nl\/product\/wanders-pecan-eco-medium-speksteenkachel\/","url":"https:\/\/bulaoutdoor.nl\/product\/wanders-pecan-eco-medium-speksteenkachel\/","name":"Po\u00eale en pierre ollaire Wanders Pecan Eco Medium - Bula Outdoor","isPartOf":{"@id":"https:\/\/bulaoutdoor.nl\/#website"},"primaryImageOfPage":{"@id":"https:\/\/bulaoutdoor.nl\/product\/wanders-pecan-eco-medium-speksteenkachel\/#primaryimage"},"image":{"@id":"https:\/\/bulaoutdoor.nl\/product\/wanders-pecan-eco-medium-speksteenkachel\/#primaryimage"},"thumbnailUrl":"https:\/\/bulaoutdoor.nl\/wp-content\/uploads\/2017\/08\/54321.jpg","datePublished":"2017-08-25T07:08:29+00:00","dateModified":"2026-05-09T04:11:00+00:00","breadcrumb":{"@id":"https:\/\/bulaoutdoor.nl\/product\/wanders-pecan-eco-medium-speksteenkachel\/#breadcrumb"},"inLanguage":"fr-FR","potentialAction":[{"@type":"ReadAction","target":["https:\/\/bulaoutdoor.nl\/product\/wanders-pecan-eco-medium-speksteenkachel\/"]}]},{"@type":"ImageObject","inLanguage":"fr-FR","@id":"https:\/\/bulaoutdoor.nl\/product\/wanders-pecan-eco-medium-speksteenkachel\/#primaryimage","url":"https:\/\/bulaoutdoor.nl\/wp-content\/uploads\/2017\/08\/54321.jpg","contentUrl":"https:\/\/bulaoutdoor.nl\/wp-content\/uploads\/2017\/08\/54321.jpg","width":500,"height":500,"caption":"wanders-pecan-eco-medium-speksteenkachel-thumbnail"},{"@type":"BreadcrumbList","@id":"https:\/\/bulaoutdoor.nl\/product\/wanders-pecan-eco-medium-speksteenkachel\/#breadcrumb","itemListElement":[{"@type":"ListItem","position":1,"name":"Home","item":"https:\/\/bulaoutdoor.nl\/"},{"@type":"ListItem","position":2,"name":"Online BBQ kopen","item":"https:\/\/bulaoutdoor.nl\/"},{"@type":"ListItem","position":3,"name":"Wanders Pecan Eco Medium speksteenkachel"}]},{"@type":"WebSite","@id":"https:\/\/bulaoutdoor.nl\/#website","url":"https:\/\/bulaoutdoor.nl\/","name":"Bula Outdoor","description":"Pour votre chemin\u00e9e ext\u00e9rieure, votre barbecue, votre torche de jardin et votre four \u00e0 bois","publisher":{"@id":"https:\/\/bulaoutdoor.nl\/#organization"},"potentialAction":[{"@type":"SearchAction","target":{"@type":"EntryPoint","urlTemplate":"https:\/\/bulaoutdoor.nl\/?s={search_term_string}"},"query-input":{"@type":"PropertyValueSpecification","valueRequired":true,"valueName":"search_term_string"}}],"inLanguage":"fr-FR"},{"@type":"Organization","@id":"https:\/\/bulaoutdoor.nl\/#organization","name":"Bula Outdoor","url":"https:\/\/bulaoutdoor.nl\/","logo":{"@type":"ImageObject","inLanguage":"fr-FR","@id":"https:\/\/bulaoutdoor.nl\/#\/schema\/logo\/image\/","url":"https:\/\/www.bulaoutdoor.nl\/wp-content\/uploads\/2018\/04\/bulaoutdoor-logo.png","contentUrl":"https:\/\/www.bulaoutdoor.nl\/wp-content\/uploads\/2018\/04\/bulaoutdoor-logo.png","width":324,"height":91,"caption":"Bula Outdoor"},"image":{"@id":"https:\/\/bulaoutdoor.nl\/#\/schema\/logo\/image\/"}}]}},"jetpack_sharing_enabled":true,"_links":{"self":[{"href":"https:\/\/bulaoutdoor.nl\/fr\/wp-json\/wp\/v2\/product\/15890","targetHints":{"allow":["GET"]}}],"collection":[{"href":"https:\/\/bulaoutdoor.nl\/fr\/wp-json\/wp\/v2\/product"}],"about":[{"href":"https:\/\/bulaoutdoor.nl\/fr\/wp-json\/wp\/v2\/types\/product"}],"replies":[{"embeddable":true,"href":"https:\/\/bulaoutdoor.nl\/fr\/wp-json\/wp\/v2\/comments?post=15890"}],"wp:featuredmedia":[{"embeddable":true,"href":"https:\/\/bulaoutdoor.nl\/fr\/wp-json\/wp\/v2\/media\/15891"}],"wp:attachment":[{"href":"https:\/\/bulaoutdoor.nl\/fr\/wp-json\/wp\/v2\/media?parent=15890"}],"wp:term":[{"taxonomy":"product_brand","embeddable":true,"href":"https:\/\/bulaoutdoor.nl\/fr\/wp-json\/wp\/v2\/product_brand?post=15890"},{"taxonomy":"product_cat","embeddable":true,"href":"https:\/\/bulaoutdoor.nl\/fr\/wp-json\/wp\/v2\/product_cat?post=15890"},{"taxonomy":"product_tag","embeddable":true,"href":"https:\/\/bulaoutdoor.nl\/fr\/wp-json\/wp\/v2\/product_tag?post=15890"}],"curies":[{"name":"wp","href":"https:\/\/api.w.org\/{rel}","templated":true}]}}