{"id":16055,"date":"2017-10-26T14:06:34","date_gmt":"2017-10-26T14:06:34","guid":{"rendered":"https:\/\/www.bulaoutdoor.nl\/product\/charlton-jenrick-purevision-vrijstaand-rond-model\/"},"modified":"2026-04-03T04:07:04","modified_gmt":"2026-04-03T04:07:04","slug":"charlton-jenrick-purevision-modele-rond-autoportant","status":"publish","type":"product","link":"https:\/\/bulaoutdoor.nl\/fr\/product\/charlton-jenrick-purevision-vrijstaand-rond-model\/","title":{"rendered":"Charlton &amp; Jenrick Purevision mod\u00e8le rond autoportant"},"content":{"rendered":"<h2>Charlton &amp; Jenrick Purevision mod\u00e8le rond autoportant<\/h2>\n<p>La ronde&nbsp;<span style=\"color: #000000\"><a href=\"https:\/\/www.haveverwarming.nl\/kachels\/hout\" target=\"_blank\" rel=\"noopener\"><span style=\"color: #000000\">po\u00eale \u00e0 bois<\/span><\/a><\/span> de Charlton &amp; Jenrick est un po\u00eale \u00e0 bois massif de haute qualit\u00e9 en m\u00e9tal. Ce mod\u00e8le est unique en raison de sa tr\u00e8s grande fen\u00eatre panoramique. Ces po\u00eales offrent au po\u00eale une vue \u00e0 180 degr\u00e9s. Cela permet d'obtenir une vue HD cristalline des flammes. Les mod\u00e8les Purevision sont conformes aux propositions l\u00e9gislatives europ\u00e9ennes les plus strictes en mati\u00e8re d'environnement, d\u00e9crites dans ECODESIGN 2022. Charlton &amp; Jenrick offre une garantie fabricant de 12 ans sur tous ses produits.&nbsp;<\/p>\n<h3>Po\u00eales \u00e0 bois Charlton &amp; Jenrick&nbsp;<\/h3>\n<p>La marque Charlton &amp; Jenrick a \u00e9t\u00e9 fond\u00e9e en 1986 par deux Anglais, Barry Charlton et Bill Jenrick. Les po\u00eales \u00e0 bois de la marque sont originaires de la ville anglaise de Telford. Charlton &amp; Jenrick d\u00e9veloppe des po\u00eales \u00e0 bois tr\u00e8s efficaces, innovants et esth\u00e9tiques. Ses mod\u00e8les les plus populaires font partie de la gamme Purevision. Cette gamme se compose de po\u00eales autoportants simples avec diff\u00e9rents socles et compartiments \u00e0 b\u00fbches en option. R\u00e9cemment, une s\u00e9rie de po\u00eales \u00e0 bois ronds a \u00e9t\u00e9 ajout\u00e9e \u00e0 la gamme.<\/p>\n<h3>Caract\u00e9ristiques techniques uniques Charlton &amp; Jenrick Purevision mod\u00e8le rond autoportant<\/h3>\n<ul>\n<li>Syst\u00e8me d'a\u00e9ration tertiaire brevet\u00e9 qui assure une combustion optimale ;<\/li>\n<li>Facile \u00e0 utiliser avec un seul levier, le syst\u00e8me de r\u00e9gulation automatique de l'air avec un \"airwash\" extr\u00eamement puissant, permet de garder les fen\u00eatres toujours propres et donc claires comme du cristal ;<\/li>\n<li>Commande innovante de l'acc\u00e9l\u00e9rateur \u00e0 3 positions pour un d\u00e9marrage impeccable et un feu stable ;<\/li>\n<li>Chambre de combustion rev\u00eatue de parois en c\u00e9ramique moul\u00e9e de tr\u00e8s haute qualit\u00e9 ;&nbsp;<\/li>\n<li>Porte en acier massif dans les mod\u00e8les ronds, tous \u00e9quip\u00e9s d'une poign\u00e9e en acier inoxydable et d'une serrure \u00e0 ressort \u00e0 fermeture automatique. Il suffit d'une l\u00e9g\u00e8re pouss\u00e9e pour que la porte se ferme automatiquement ;<\/li>\n<li>Mode de contr\u00f4le standard s\u00e9par\u00e9 pour la combustion du charbon<\/li>\n<\/ul>\n<p>ATTENTION : ce po\u00eale \u00e0 bois est \u00e9quip\u00e9 en s\u00e9rie d'un raccord d'un diam\u00e8tre de 125 mm. Mais gr\u00e2ce \u00e0 un r\u00e9ducteur, cet appareil peut facilement \u00eatre raccord\u00e9 \u00e0 un conduit de 150 mm.&nbsp;&nbsp;<\/p>\n<h3>Po\u00eales \u00e0 bois Charlton &amp; Jenrick vus en train de br\u00fbler<\/h3>\n<p>Curieux de savoir comment br\u00fblent les po\u00eales \u00e0 bois Charlton &amp; Jenrick ? Visitez notre site web.&nbsp;<a href=\"https:\/\/www.haveverwarming.nl\/experiencecenter\" target=\"_blank\" rel=\"noopener\">Centre d'exp\u00e9rience.<\/a> Sur place, des conseillers de HAV\u00c9 Chauffage seront pr\u00e9sents pour vous faire d\u00e9couvrir les po\u00eales \u00e0 bois et Charlton &amp; Jenrick.<\/p>\n<p>T\u00e9l\u00e9chargements de produits<\/p>\n<ul>\n<li><a class=\"download file\" href=\"https:\/\/www.haveverwarming.nl\/amfile\/file\/download\/file\/1279\/product\/808\/\" target=\"_blank\"><span>Instructions de montage Kit d'alimentation en air<\/span><\/a><\/li>\n<li><a class=\"download file\" href=\"https:\/\/www.haveverwarming.nl\/amfile\/file\/download\/file\/6417\/product\/808\/\" target=\"_blank\"><span>Brochure sur le tir responsable<\/span><\/a><\/li>\n<li><a class=\"download file\" href=\"https:\/\/www.haveverwarming.nl\/amfile\/file\/download\/file\/7267\/product\/808\/\" target=\"_blank\"><span>Instructions de montage de l'ensemble d'alimentation en air<\/span><\/a><\/li>\n<li><a class=\"download file\" href=\"https:\/\/www.haveverwarming.nl\/amfile\/file\/download\/file\/642\/product\/808\/\" target=\"_blank\"><span>Label \u00e9nerg\u00e9tique Charlton &amp; Jenrick Purevision mod\u00e8le rond autoportant<\/span><\/a><\/li>\n<li><a class=\"download file\" href=\"https:\/\/www.haveverwarming.nl\/amfile\/file\/download\/file\/843\/product\/808\/\" target=\"_blank\"><span>Dessin au trait Charlton &amp; Jenrick Purevision mod\u00e8le rond autoportant<\/span><\/a><\/li>\n<li><a class=\"download file\" href=\"https:\/\/www.haveverwarming.nl\/amfile\/file\/download\/file\/1309\/product\/808\/\" target=\"_blank\"><span>Manuel Charlton et Jenrick PVR<\/span><\/a><\/li>\n<li><a class=\"download file\" href=\"https:\/\/www.haveverwarming.nl\/amfile\/file\/download\/file\/9086\/product\/808\/\" target=\"_blank\"><span>Brochure C&amp;J Bois 2025<\/span><\/a><\/li>\n<li><a class=\"download file\" href=\"https:\/\/www.haveverwarming.nl\/productpdf\/download\/file\/id\/808\/name\/Charlton_%2526_Jenrick_Purevision_vrijstaand_rond_model.pdf\/\" target=\"_blank\"><span>T\u00e9l\u00e9charger la fiche technique<\/span><\/a><\/li>\n<\/ul>","protected":false},"excerpt":{"rendered":"<p>Charlton &amp; Jenrick&nbsp;Purevision vrijstaand rond model De ronde&nbsp;houtkachel van Charlton &amp; Jenrick is een degelijke houtkachel van hoogwaardige kwaliteit en gemaakt van metaal. Het model is uniek door het extreem grote panoramavenster. Deze kachels bieden de stoker een zicht van 180 graden. Hierdoor ontstaat er een glashelder HD zicht op het vlammenspel. De Purevision modellen [&hellip;]<\/p>\n","protected":false},"featured_media":16056,"comment_status":"open","ping_status":"closed","template":"","meta":{"_acf_changed":false},"product_brand":[],"product_cat":[1092],"product_tag":[],"class_list":{"0":"post-16055","1":"product","2":"type-product","3":"status-publish","4":"has-post-thumbnail","6":"product_cat-vrijstaande-houtkachels","8":"first","9":"instock","10":"taxable","11":"shipping-taxable","12":"purchasable","13":"product-type-simple"},"acf":[],"yoast_head":"<!-- This site is optimized with the Yoast SEO plugin v27.3 - https:\/\/yoast.com\/product\/yoast-seo-wordpress\/ -->\n<title>Charlton &amp; Jenrick Purevision vrijstaand rond model &#8211; Bula Outdoor<\/title>\n<meta name=\"robots\" content=\"index, follow, max-snippet:-1, max-image-preview:large, max-video-preview:-1\" \/>\n<link rel=\"canonical\" href=\"https:\/\/bulaoutdoor.nl\/fr\/produit\/charlton-jenrick-purevision-modele-rond-autoportant\/\" \/>\n<meta property=\"og:locale\" content=\"fr_FR\" \/>\n<meta property=\"og:type\" content=\"article\" \/>\n<meta property=\"og:title\" content=\"Charlton &amp; Jenrick Purevision vrijstaand rond model &#8211; Bula Outdoor\" \/>\n<meta property=\"og:description\" content=\"Charlton &amp; Jenrick&nbsp;Purevision vrijstaand rond model De ronde&nbsp;houtkachel van Charlton &amp; Jenrick is een degelijke houtkachel van hoogwaardige kwaliteit en gemaakt van metaal. Het model is uniek door het extreem grote panoramavenster. Deze kachels bieden de stoker een zicht van 180 graden. Hierdoor ontstaat er een glashelder HD zicht op het vlammenspel. De Purevision modellen [&hellip;]\" \/>\n<meta property=\"og:url\" content=\"https:\/\/bulaoutdoor.nl\/fr\/produit\/charlton-jenrick-purevision-modele-rond-autoportant\/\" \/>\n<meta property=\"og:site_name\" content=\"Bula Outdoor\" \/>\n<meta property=\"article:modified_time\" content=\"2026-04-03T04:07:04+00:00\" \/>\n<meta property=\"og:image\" content=\"https:\/\/bulaoutdoor.nl\/wp-content\/uploads\/2017\/10\/purevision-pvr-basiskachel1x1.jpg\" \/>\n\t<meta property=\"og:image:width\" content=\"1000\" \/>\n\t<meta property=\"og:image:height\" content=\"1000\" \/>\n\t<meta property=\"og:image:type\" content=\"image\/jpeg\" \/>\n<meta name=\"twitter:card\" content=\"summary_large_image\" \/>\n<meta name=\"twitter:label1\" content=\"Dur\u00e9e de lecture estim\u00e9e\" \/>\n\t<meta name=\"twitter:data1\" content=\"2 minutes\" \/>\n<script type=\"application\/ld+json\" class=\"yoast-schema-graph\">{\"@context\":\"https:\\\/\\\/schema.org\",\"@graph\":[{\"@type\":\"WebPage\",\"@id\":\"https:\\\/\\\/bulaoutdoor.nl\\\/product\\\/charlton-jenrick-purevision-vrijstaand-rond-model\\\/\",\"url\":\"https:\\\/\\\/bulaoutdoor.nl\\\/product\\\/charlton-jenrick-purevision-vrijstaand-rond-model\\\/\",\"name\":\"Charlton &amp; Jenrick Purevision vrijstaand rond model &#8211; Bula Outdoor\",\"isPartOf\":{\"@id\":\"https:\\\/\\\/bulaoutdoor.nl\\\/#website\"},\"primaryImageOfPage\":{\"@id\":\"https:\\\/\\\/bulaoutdoor.nl\\\/product\\\/charlton-jenrick-purevision-vrijstaand-rond-model\\\/#primaryimage\"},\"image\":{\"@id\":\"https:\\\/\\\/bulaoutdoor.nl\\\/product\\\/charlton-jenrick-purevision-vrijstaand-rond-model\\\/#primaryimage\"},\"thumbnailUrl\":\"https:\\\/\\\/bulaoutdoor.nl\\\/wp-content\\\/uploads\\\/2017\\\/10\\\/purevision-pvr-basiskachel1x1.jpg\",\"datePublished\":\"2017-10-26T14:06:34+00:00\",\"dateModified\":\"2026-04-03T04:07:04+00:00\",\"breadcrumb\":{\"@id\":\"https:\\\/\\\/bulaoutdoor.nl\\\/product\\\/charlton-jenrick-purevision-vrijstaand-rond-model\\\/#breadcrumb\"},\"inLanguage\":\"fr-FR\",\"potentialAction\":[{\"@type\":\"ReadAction\",\"target\":[\"https:\\\/\\\/bulaoutdoor.nl\\\/product\\\/charlton-jenrick-purevision-vrijstaand-rond-model\\\/\"]}]},{\"@type\":\"ImageObject\",\"inLanguage\":\"fr-FR\",\"@id\":\"https:\\\/\\\/bulaoutdoor.nl\\\/product\\\/charlton-jenrick-purevision-vrijstaand-rond-model\\\/#primaryimage\",\"url\":\"https:\\\/\\\/bulaoutdoor.nl\\\/wp-content\\\/uploads\\\/2017\\\/10\\\/purevision-pvr-basiskachel1x1.jpg\",\"contentUrl\":\"https:\\\/\\\/bulaoutdoor.nl\\\/wp-content\\\/uploads\\\/2017\\\/10\\\/purevision-pvr-basiskachel1x1.jpg\",\"width\":1000,\"height\":1000,\"caption\":\"charlton-jenrick-purevision-vrijstaand-rond-model-thumbnail\"},{\"@type\":\"BreadcrumbList\",\"@id\":\"https:\\\/\\\/bulaoutdoor.nl\\\/product\\\/charlton-jenrick-purevision-vrijstaand-rond-model\\\/#breadcrumb\",\"itemListElement\":[{\"@type\":\"ListItem\",\"position\":1,\"name\":\"Home\",\"item\":\"https:\\\/\\\/bulaoutdoor.nl\\\/\"},{\"@type\":\"ListItem\",\"position\":2,\"name\":\"Online BBQ kopen\",\"item\":\"https:\\\/\\\/bulaoutdoor.nl\\\/\"},{\"@type\":\"ListItem\",\"position\":3,\"name\":\"Charlton &amp; Jenrick Purevision vrijstaand rond model\"}]},{\"@type\":\"WebSite\",\"@id\":\"https:\\\/\\\/bulaoutdoor.nl\\\/#website\",\"url\":\"https:\\\/\\\/bulaoutdoor.nl\\\/\",\"name\":\"Bula Outdoor\",\"description\":\"Voor uw buitenhaard, BBQ, tuinfakkel en houtoven\",\"publisher\":{\"@id\":\"https:\\\/\\\/bulaoutdoor.nl\\\/#organization\"},\"potentialAction\":[{\"@type\":\"SearchAction\",\"target\":{\"@type\":\"EntryPoint\",\"urlTemplate\":\"https:\\\/\\\/bulaoutdoor.nl\\\/?s={search_term_string}\"},\"query-input\":{\"@type\":\"PropertyValueSpecification\",\"valueRequired\":true,\"valueName\":\"search_term_string\"}}],\"inLanguage\":\"fr-FR\"},{\"@type\":\"Organization\",\"@id\":\"https:\\\/\\\/bulaoutdoor.nl\\\/#organization\",\"name\":\"Bula Outdoor\",\"url\":\"https:\\\/\\\/bulaoutdoor.nl\\\/\",\"logo\":{\"@type\":\"ImageObject\",\"inLanguage\":\"fr-FR\",\"@id\":\"https:\\\/\\\/bulaoutdoor.nl\\\/#\\\/schema\\\/logo\\\/image\\\/\",\"url\":\"https:\\\/\\\/www.bulaoutdoor.nl\\\/wp-content\\\/uploads\\\/2018\\\/04\\\/bulaoutdoor-logo.png\",\"contentUrl\":\"https:\\\/\\\/www.bulaoutdoor.nl\\\/wp-content\\\/uploads\\\/2018\\\/04\\\/bulaoutdoor-logo.png\",\"width\":324,\"height\":91,\"caption\":\"Bula Outdoor\"},\"image\":{\"@id\":\"https:\\\/\\\/bulaoutdoor.nl\\\/#\\\/schema\\\/logo\\\/image\\\/\"}}]}<\/script>\n<!-- \/ Yoast SEO plugin. -->","yoast_head_json":{"title":"Charlton &amp; Jenrick Purevision mod\u00e8le rond autoportant - Bula Outdoor","robots":{"index":"index","follow":"follow","max-snippet":"max-snippet:-1","max-image-preview":"max-image-preview:large","max-video-preview":"max-video-preview:-1"},"canonical":"https:\/\/bulaoutdoor.nl\/fr\/produit\/charlton-jenrick-purevision-modele-rond-autoportant\/","og_locale":"fr_FR","og_type":"article","og_title":"Charlton &amp; Jenrick Purevision vrijstaand rond model &#8211; Bula Outdoor","og_description":"Charlton &amp; Jenrick&nbsp;Purevision vrijstaand rond model De ronde&nbsp;houtkachel van Charlton &amp; Jenrick is een degelijke houtkachel van hoogwaardige kwaliteit en gemaakt van metaal. Het model is uniek door het extreem grote panoramavenster. Deze kachels bieden de stoker een zicht van 180 graden. Hierdoor ontstaat er een glashelder HD zicht op het vlammenspel. De Purevision modellen [&hellip;]","og_url":"https:\/\/bulaoutdoor.nl\/fr\/produit\/charlton-jenrick-purevision-modele-rond-autoportant\/","og_site_name":"Bula Outdoor","article_modified_time":"2026-04-03T04:07:04+00:00","og_image":[{"width":1000,"height":1000,"url":"https:\/\/bulaoutdoor.nl\/wp-content\/uploads\/2017\/10\/purevision-pvr-basiskachel1x1.jpg","type":"image\/jpeg"}],"twitter_card":"summary_large_image","twitter_misc":{"Dur\u00e9e de lecture estim\u00e9e":"2 minutes"},"schema":{"@context":"https:\/\/schema.org","@graph":[{"@type":"WebPage","@id":"https:\/\/bulaoutdoor.nl\/product\/charlton-jenrick-purevision-vrijstaand-rond-model\/","url":"https:\/\/bulaoutdoor.nl\/product\/charlton-jenrick-purevision-vrijstaand-rond-model\/","name":"Charlton &amp; Jenrick Purevision mod\u00e8le rond autoportant - Bula Outdoor","isPartOf":{"@id":"https:\/\/bulaoutdoor.nl\/#website"},"primaryImageOfPage":{"@id":"https:\/\/bulaoutdoor.nl\/product\/charlton-jenrick-purevision-vrijstaand-rond-model\/#primaryimage"},"image":{"@id":"https:\/\/bulaoutdoor.nl\/product\/charlton-jenrick-purevision-vrijstaand-rond-model\/#primaryimage"},"thumbnailUrl":"https:\/\/bulaoutdoor.nl\/wp-content\/uploads\/2017\/10\/purevision-pvr-basiskachel1x1.jpg","datePublished":"2017-10-26T14:06:34+00:00","dateModified":"2026-04-03T04:07:04+00:00","breadcrumb":{"@id":"https:\/\/bulaoutdoor.nl\/product\/charlton-jenrick-purevision-vrijstaand-rond-model\/#breadcrumb"},"inLanguage":"fr-FR","potentialAction":[{"@type":"ReadAction","target":["https:\/\/bulaoutdoor.nl\/product\/charlton-jenrick-purevision-vrijstaand-rond-model\/"]}]},{"@type":"ImageObject","inLanguage":"fr-FR","@id":"https:\/\/bulaoutdoor.nl\/product\/charlton-jenrick-purevision-vrijstaand-rond-model\/#primaryimage","url":"https:\/\/bulaoutdoor.nl\/wp-content\/uploads\/2017\/10\/purevision-pvr-basiskachel1x1.jpg","contentUrl":"https:\/\/bulaoutdoor.nl\/wp-content\/uploads\/2017\/10\/purevision-pvr-basiskachel1x1.jpg","width":1000,"height":1000,"caption":"charlton-jenrick-purevision-vrijstaand-rond-model-thumbnail"},{"@type":"BreadcrumbList","@id":"https:\/\/bulaoutdoor.nl\/product\/charlton-jenrick-purevision-vrijstaand-rond-model\/#breadcrumb","itemListElement":[{"@type":"ListItem","position":1,"name":"Home","item":"https:\/\/bulaoutdoor.nl\/"},{"@type":"ListItem","position":2,"name":"Online BBQ kopen","item":"https:\/\/bulaoutdoor.nl\/"},{"@type":"ListItem","position":3,"name":"Charlton &amp; Jenrick Purevision vrijstaand rond model"}]},{"@type":"WebSite","@id":"https:\/\/bulaoutdoor.nl\/#website","url":"https:\/\/bulaoutdoor.nl\/","name":"Bula Outdoor","description":"Pour votre chemin\u00e9e ext\u00e9rieure, votre barbecue, votre torche de jardin et votre four \u00e0 bois","publisher":{"@id":"https:\/\/bulaoutdoor.nl\/#organization"},"potentialAction":[{"@type":"SearchAction","target":{"@type":"EntryPoint","urlTemplate":"https:\/\/bulaoutdoor.nl\/?s={search_term_string}"},"query-input":{"@type":"PropertyValueSpecification","valueRequired":true,"valueName":"search_term_string"}}],"inLanguage":"fr-FR"},{"@type":"Organization","@id":"https:\/\/bulaoutdoor.nl\/#organization","name":"Bula Outdoor","url":"https:\/\/bulaoutdoor.nl\/","logo":{"@type":"ImageObject","inLanguage":"fr-FR","@id":"https:\/\/bulaoutdoor.nl\/#\/schema\/logo\/image\/","url":"https:\/\/www.bulaoutdoor.nl\/wp-content\/uploads\/2018\/04\/bulaoutdoor-logo.png","contentUrl":"https:\/\/www.bulaoutdoor.nl\/wp-content\/uploads\/2018\/04\/bulaoutdoor-logo.png","width":324,"height":91,"caption":"Bula Outdoor"},"image":{"@id":"https:\/\/bulaoutdoor.nl\/#\/schema\/logo\/image\/"}}]}},"jetpack_sharing_enabled":true,"_links":{"self":[{"href":"https:\/\/bulaoutdoor.nl\/fr\/wp-json\/wp\/v2\/product\/16055","targetHints":{"allow":["GET"]}}],"collection":[{"href":"https:\/\/bulaoutdoor.nl\/fr\/wp-json\/wp\/v2\/product"}],"about":[{"href":"https:\/\/bulaoutdoor.nl\/fr\/wp-json\/wp\/v2\/types\/product"}],"replies":[{"embeddable":true,"href":"https:\/\/bulaoutdoor.nl\/fr\/wp-json\/wp\/v2\/comments?post=16055"}],"wp:featuredmedia":[{"embeddable":true,"href":"https:\/\/bulaoutdoor.nl\/fr\/wp-json\/wp\/v2\/media\/16056"}],"wp:attachment":[{"href":"https:\/\/bulaoutdoor.nl\/fr\/wp-json\/wp\/v2\/media?parent=16055"}],"wp:term":[{"taxonomy":"product_brand","embeddable":true,"href":"https:\/\/bulaoutdoor.nl\/fr\/wp-json\/wp\/v2\/product_brand?post=16055"},{"taxonomy":"product_cat","embeddable":true,"href":"https:\/\/bulaoutdoor.nl\/fr\/wp-json\/wp\/v2\/product_cat?post=16055"},{"taxonomy":"product_tag","embeddable":true,"href":"https:\/\/bulaoutdoor.nl\/fr\/wp-json\/wp\/v2\/product_tag?post=16055"}],"curies":[{"name":"wp","href":"https:\/\/api.w.org\/{rel}","templated":true}]}}