{"id":16163,"date":"2018-06-26T12:17:53","date_gmt":"2018-06-26T12:17:53","guid":{"rendered":"https:\/\/www.bulaoutdoor.nl\/product\/charlton-jenrick-fireline-woodtec-5-kw-standaard\/"},"modified":"2026-04-30T04:58:50","modified_gmt":"2026-04-30T04:58:50","slug":"charlton-jenrick-fireline-woodtec-5-kw-standard","status":"publish","type":"product","link":"https:\/\/bulaoutdoor.nl\/fr\/product\/charlton-jenrick-fireline-woodtec-5-kw-standaard\/","title":{"rendered":"Charlton &amp; Jenrick Fireline Woodtec 5 kW standard 414 mm"},"content":{"rendered":"<h2>Charlton &amp; Jenrick Fireline Woodtec 5 kW standard 414 mm<\/h2>\n<p>Avec ses lignes \u00e9pur\u00e9es et sa fen\u00eatre panoramique, la gamme Woodtec offre la derni\u00e8re technologie de combustion de la biomasse. Facile \u00e0 utiliser et dot\u00e9 d'un choix de poign\u00e9es, le Woodtec est le choix id\u00e9al pour une maison traditionnelle ou contemporaine. Le po\u00eale Charlton &amp; Jenrick Woodtec 5 kW <a href=\"https:\/\/www.haveverwarming.nl\/kachels\/hout\" target=\"_blank\" rel=\"noopener\">po\u00eale \u00e0 bois<\/a>&nbsp;peuvent \u00eatre personnalis\u00e9es avec un socle optionnel, un rangement en bois et des poign\u00e9es noires ou en ch\u00eane. Pour une totale tranquillit\u00e9 d'esprit, tous les mod\u00e8les sont certifi\u00e9s SIA Ecodesign 2022, exempt\u00e9s par DEFRA pour les zones de contr\u00f4le des fum\u00e9es, approuv\u00e9s par HETAS et marqu\u00e9s CE conform\u00e9ment aux normes harmonis\u00e9es et fabriqu\u00e9s selon les syst\u00e8mes ISO 9001 et ISO 400.&nbsp;<\/p>\n<p>Ne choisissez que le meilleur avec les po\u00eales Woodtec de Fireline.<\/p>\n<h3>Po\u00eales \u00e0 bois Charlton &amp; Jenrick&nbsp;<\/h3>\n<p>La marque<a href=\"https:\/\/www.haveverwarming.nl\/charlton-and-jenrick\" target=\"_self\"> Charlton &amp; Jenrick<\/a>&nbsp;a \u00e9t\u00e9 fond\u00e9e en 1986 par deux Anglais, Barry Charlton et Bill Jenrick. Les po\u00eales \u00e0 bois de la marque sont originaires de la ville anglaise de Telford. Charlton &amp; Jenrick d\u00e9veloppe des po\u00eales \u00e0 bois tr\u00e8s performants, innovants et esth\u00e9tiques. Ses mod\u00e8les les plus populaires font partie de la gamme Purevision. Cette gamme se compose de po\u00eales autoportants simples avec diff\u00e9rents socles et compartiments \u00e0 b\u00fbches en option. R\u00e9cemment, une s\u00e9rie de po\u00eales \u00e0 bois ronds a \u00e9t\u00e9 ajout\u00e9e \u00e0 la gamme.<\/p>\n<h3>Caract\u00e9ristiques techniques uniques Charlton &amp; Jenrick Fireline Woodtec 5 kW standard 414 mm<\/h3>\n<ul>\n<li>Combustion optimale, conception ECO certifi\u00e9e 2022 ;<\/li>\n<li>Fen\u00eatre panoramique ;<\/li>\n<li>Syst\u00e8me d'a\u00e9ration tertiaire brevet\u00e9 permettant une combustion efficace ;<\/li>\n<li>Pieds r\u00e9glables pour les sols irr\u00e9guliers ;<\/li>\n<li>Raccordement du conduit de fum\u00e9e par le haut et par l'arri\u00e8re... ;<\/li>\n<li>Fonctionnement simple par un seul levier, outil de travail en acier inoxydable solide inclus, et.. ;<\/li>\n<li>Enveloppe en acier massif, porte en fonte.<\/li>\n<\/ul>\n<h3>Po\u00eales \u00e0 bois Charlton &amp; Jenrick vus en train de br\u00fbler<\/h3>\n<p>\u00cates-vous curieux de savoir comment la <a href=\"https:\/\/www.haveverwarming.nl\/kachels\/hout\" target=\"_blank\" rel=\"noopener\">po\u00eales \u00e0 bois<\/a> de Charlton &amp; Jenrick en train de br\u00fbler ? Alors, visitez notre&nbsp;<a href=\"https:\/\/www.haveverwarming.nl\/experiencecenter\" target=\"_self\">Centre d'exp\u00e9rience.<\/a>&nbsp;Sur place, des conseillers de HAV\u00c9 Chauffage seront pr\u00e9sents pour vous faire d\u00e9couvrir les po\u00eales \u00e0 bois et Charlton &amp; Jenrick.<\/p>\n<p>T\u00e9l\u00e9chargements de produits<\/p>\n<ul>\n<li><a class=\"download file\" href=\"https:\/\/www.haveverwarming.nl\/amfile\/file\/download\/file\/1304\/product\/942\/\" target=\"_blank\"><span>Dessin lin\u00e9aire Fireline Woodtec 5 kW standard 414 mm<\/span><\/a><\/li>\n<li><a class=\"download file\" href=\"https:\/\/www.haveverwarming.nl\/amfile\/file\/download\/file\/6921\/product\/942\/\" target=\"_blank\"><span>Dessin au trait Woodtec<\/span><\/a><\/li>\n<li><a class=\"download file\" href=\"https:\/\/www.haveverwarming.nl\/amfile\/file\/download\/file\/1307\/product\/942\/\" target=\"_blank\"><span>Etiquette \u00e9nerg\u00e9tique Fireline Woodtec 5 kW standard 414 mm<\/span><\/a><\/li>\n<li><a class=\"download file\" href=\"https:\/\/www.haveverwarming.nl\/amfile\/file\/download\/file\/6424\/product\/942\/\" target=\"_blank\"><span>Brochure sur le tir responsable<\/span><\/a><\/li>\n<li><a class=\"download file\" href=\"https:\/\/www.haveverwarming.nl\/amfile\/file\/download\/file\/7286\/product\/942\/\" target=\"_blank\"><span>Instructions de montage de l'ensemble d'alimentation en air<\/span><\/a><\/li>\n<li><a class=\"download file\" href=\"https:\/\/www.haveverwarming.nl\/amfile\/file\/download\/file\/9086\/product\/942\/\" target=\"_blank\"><span>Brochure C&amp;J Bois 2025<\/span><\/a><\/li>\n<li><a class=\"download file\" href=\"https:\/\/www.haveverwarming.nl\/amfile\/file\/download\/file\/9117\/product\/942\/\" target=\"_blank\"><span>Manuel C&amp;J Woodtec<\/span><\/a><\/li>\n<li><a class=\"download file\" href=\"https:\/\/www.haveverwarming.nl\/productpdf\/download\/file\/id\/942\/name\/Charlton_%2526_Jenrick_Fireline_Woodtec_5_kW_standaard_414_mm.pdf\/\" target=\"_blank\"><span>T\u00e9l\u00e9charger la fiche technique<\/span><\/a><\/li>\n<\/ul>","protected":false},"excerpt":{"rendered":"<p>Charlton &amp; Jenrick Fireline Woodtec 5 kW standaard 414 mm Met zijn strakke lijnen en panoramavenster biedt het Woodtec-assortiment de nieuwste biomassa verbrandingstechnologie.&nbsp;Eenvoudig te bedienen en met een keuze aan handvatten is de Woodtec de perfecte keuze voor een traditioneel of eigentijds huis. De Charlton &amp; Jenrick Woodtec 5 kW houtkachel&nbsp;kan worden gepersonaliseerd met optionele [&hellip;]<\/p>\n","protected":false},"featured_media":16164,"comment_status":"open","ping_status":"closed","template":"","meta":{"_acf_changed":false},"product_brand":[],"product_cat":[1092],"product_tag":[],"class_list":{"0":"post-16163","1":"product","2":"type-product","3":"status-publish","4":"has-post-thumbnail","6":"product_cat-vrijstaande-houtkachels","8":"first","9":"instock","10":"taxable","11":"shipping-taxable","12":"purchasable","13":"product-type-simple"},"acf":[],"yoast_head":"<!-- This site is optimized with the Yoast SEO plugin v27.5 - https:\/\/yoast.com\/product\/yoast-seo-wordpress\/ -->\n<title>Charlton &amp; Jenrick Fireline Woodtec 5 kW standaard 414 mm &#8211; Bula Outdoor<\/title>\n<meta name=\"robots\" content=\"index, follow, max-snippet:-1, max-image-preview:large, max-video-preview:-1\" \/>\n<link rel=\"canonical\" href=\"https:\/\/bulaoutdoor.nl\/fr\/produit\/charlton-jenrick-fireline-woodtec-5-kw-standard\/\" \/>\n<meta property=\"og:locale\" content=\"fr_FR\" \/>\n<meta property=\"og:type\" content=\"article\" \/>\n<meta property=\"og:title\" content=\"Charlton &amp; Jenrick Fireline Woodtec 5 kW standaard 414 mm &#8211; Bula Outdoor\" \/>\n<meta property=\"og:description\" content=\"Charlton &amp; Jenrick Fireline Woodtec 5 kW standaard 414 mm Met zijn strakke lijnen en panoramavenster biedt het Woodtec-assortiment de nieuwste biomassa verbrandingstechnologie.&nbsp;Eenvoudig te bedienen en met een keuze aan handvatten is de Woodtec de perfecte keuze voor een traditioneel of eigentijds huis. De Charlton &amp; Jenrick Woodtec 5 kW houtkachel&nbsp;kan worden gepersonaliseerd met optionele [&hellip;]\" \/>\n<meta property=\"og:url\" content=\"https:\/\/bulaoutdoor.nl\/fr\/produit\/charlton-jenrick-fireline-woodtec-5-kw-standard\/\" \/>\n<meta property=\"og:site_name\" content=\"Bula Outdoor\" \/>\n<meta property=\"article:modified_time\" content=\"2026-04-30T04:58:50+00:00\" \/>\n<meta property=\"og:image\" content=\"https:\/\/bulaoutdoor.nl\/wp-content\/uploads\/2018\/06\/fireline_woodtec_5kw_7626.jpg\" \/>\n\t<meta property=\"og:image:width\" content=\"1000\" \/>\n\t<meta property=\"og:image:height\" content=\"1000\" \/>\n\t<meta property=\"og:image:type\" content=\"image\/jpeg\" \/>\n<meta name=\"twitter:card\" content=\"summary_large_image\" \/>\n<meta name=\"twitter:label1\" content=\"Dur\u00e9e de lecture estim\u00e9e\" \/>\n\t<meta name=\"twitter:data1\" content=\"2 minutes\" \/>\n<script type=\"application\/ld+json\" class=\"yoast-schema-graph\">{\"@context\":\"https:\\\/\\\/schema.org\",\"@graph\":[{\"@type\":\"WebPage\",\"@id\":\"https:\\\/\\\/bulaoutdoor.nl\\\/product\\\/charlton-jenrick-fireline-woodtec-5-kw-standaard\\\/\",\"url\":\"https:\\\/\\\/bulaoutdoor.nl\\\/product\\\/charlton-jenrick-fireline-woodtec-5-kw-standaard\\\/\",\"name\":\"Charlton &amp; Jenrick Fireline Woodtec 5 kW standaard 414 mm &#8211; Bula Outdoor\",\"isPartOf\":{\"@id\":\"https:\\\/\\\/bulaoutdoor.nl\\\/#website\"},\"primaryImageOfPage\":{\"@id\":\"https:\\\/\\\/bulaoutdoor.nl\\\/product\\\/charlton-jenrick-fireline-woodtec-5-kw-standaard\\\/#primaryimage\"},\"image\":{\"@id\":\"https:\\\/\\\/bulaoutdoor.nl\\\/product\\\/charlton-jenrick-fireline-woodtec-5-kw-standaard\\\/#primaryimage\"},\"thumbnailUrl\":\"https:\\\/\\\/bulaoutdoor.nl\\\/wp-content\\\/uploads\\\/2018\\\/06\\\/fireline_woodtec_5kw_7626.jpg\",\"datePublished\":\"2018-06-26T12:17:53+00:00\",\"dateModified\":\"2026-04-30T04:58:50+00:00\",\"breadcrumb\":{\"@id\":\"https:\\\/\\\/bulaoutdoor.nl\\\/product\\\/charlton-jenrick-fireline-woodtec-5-kw-standaard\\\/#breadcrumb\"},\"inLanguage\":\"fr-FR\",\"potentialAction\":[{\"@type\":\"ReadAction\",\"target\":[\"https:\\\/\\\/bulaoutdoor.nl\\\/product\\\/charlton-jenrick-fireline-woodtec-5-kw-standaard\\\/\"]}]},{\"@type\":\"ImageObject\",\"inLanguage\":\"fr-FR\",\"@id\":\"https:\\\/\\\/bulaoutdoor.nl\\\/product\\\/charlton-jenrick-fireline-woodtec-5-kw-standaard\\\/#primaryimage\",\"url\":\"https:\\\/\\\/bulaoutdoor.nl\\\/wp-content\\\/uploads\\\/2018\\\/06\\\/fireline_woodtec_5kw_7626.jpg\",\"contentUrl\":\"https:\\\/\\\/bulaoutdoor.nl\\\/wp-content\\\/uploads\\\/2018\\\/06\\\/fireline_woodtec_5kw_7626.jpg\",\"width\":1000,\"height\":1000,\"caption\":\"charlton-jenrick-fireline-woodtec-5-kw-standaard-414-mm-thumbnail\"},{\"@type\":\"BreadcrumbList\",\"@id\":\"https:\\\/\\\/bulaoutdoor.nl\\\/product\\\/charlton-jenrick-fireline-woodtec-5-kw-standaard\\\/#breadcrumb\",\"itemListElement\":[{\"@type\":\"ListItem\",\"position\":1,\"name\":\"Home\",\"item\":\"https:\\\/\\\/bulaoutdoor.nl\\\/\"},{\"@type\":\"ListItem\",\"position\":2,\"name\":\"Online BBQ kopen\",\"item\":\"https:\\\/\\\/bulaoutdoor.nl\\\/\"},{\"@type\":\"ListItem\",\"position\":3,\"name\":\"Charlton &amp; Jenrick Fireline Woodtec 5 kW standaard 414 mm\"}]},{\"@type\":\"WebSite\",\"@id\":\"https:\\\/\\\/bulaoutdoor.nl\\\/#website\",\"url\":\"https:\\\/\\\/bulaoutdoor.nl\\\/\",\"name\":\"Bula Outdoor\",\"description\":\"Voor uw buitenhaard, BBQ, tuinfakkel en houtoven\",\"publisher\":{\"@id\":\"https:\\\/\\\/bulaoutdoor.nl\\\/#organization\"},\"potentialAction\":[{\"@type\":\"SearchAction\",\"target\":{\"@type\":\"EntryPoint\",\"urlTemplate\":\"https:\\\/\\\/bulaoutdoor.nl\\\/?s={search_term_string}\"},\"query-input\":{\"@type\":\"PropertyValueSpecification\",\"valueRequired\":true,\"valueName\":\"search_term_string\"}}],\"inLanguage\":\"fr-FR\"},{\"@type\":\"Organization\",\"@id\":\"https:\\\/\\\/bulaoutdoor.nl\\\/#organization\",\"name\":\"Bula Outdoor\",\"url\":\"https:\\\/\\\/bulaoutdoor.nl\\\/\",\"logo\":{\"@type\":\"ImageObject\",\"inLanguage\":\"fr-FR\",\"@id\":\"https:\\\/\\\/bulaoutdoor.nl\\\/#\\\/schema\\\/logo\\\/image\\\/\",\"url\":\"https:\\\/\\\/www.bulaoutdoor.nl\\\/wp-content\\\/uploads\\\/2018\\\/04\\\/bulaoutdoor-logo.png\",\"contentUrl\":\"https:\\\/\\\/www.bulaoutdoor.nl\\\/wp-content\\\/uploads\\\/2018\\\/04\\\/bulaoutdoor-logo.png\",\"width\":324,\"height\":91,\"caption\":\"Bula Outdoor\"},\"image\":{\"@id\":\"https:\\\/\\\/bulaoutdoor.nl\\\/#\\\/schema\\\/logo\\\/image\\\/\"}}]}<\/script>\n<!-- \/ Yoast SEO plugin. -->","yoast_head_json":{"title":"Charlton &amp; Jenrick Fireline Woodtec 5 kW standard 414 mm - Bula Outdoor","robots":{"index":"index","follow":"follow","max-snippet":"max-snippet:-1","max-image-preview":"max-image-preview:large","max-video-preview":"max-video-preview:-1"},"canonical":"https:\/\/bulaoutdoor.nl\/fr\/produit\/charlton-jenrick-fireline-woodtec-5-kw-standard\/","og_locale":"fr_FR","og_type":"article","og_title":"Charlton &amp; Jenrick Fireline Woodtec 5 kW standaard 414 mm &#8211; Bula Outdoor","og_description":"Charlton &amp; Jenrick Fireline Woodtec 5 kW standaard 414 mm Met zijn strakke lijnen en panoramavenster biedt het Woodtec-assortiment de nieuwste biomassa verbrandingstechnologie.&nbsp;Eenvoudig te bedienen en met een keuze aan handvatten is de Woodtec de perfecte keuze voor een traditioneel of eigentijds huis. De Charlton &amp; Jenrick Woodtec 5 kW houtkachel&nbsp;kan worden gepersonaliseerd met optionele [&hellip;]","og_url":"https:\/\/bulaoutdoor.nl\/fr\/produit\/charlton-jenrick-fireline-woodtec-5-kw-standard\/","og_site_name":"Bula Outdoor","article_modified_time":"2026-04-30T04:58:50+00:00","og_image":[{"width":1000,"height":1000,"url":"https:\/\/bulaoutdoor.nl\/wp-content\/uploads\/2018\/06\/fireline_woodtec_5kw_7626.jpg","type":"image\/jpeg"}],"twitter_card":"summary_large_image","twitter_misc":{"Dur\u00e9e de lecture estim\u00e9e":"2 minutes"},"schema":{"@context":"https:\/\/schema.org","@graph":[{"@type":"WebPage","@id":"https:\/\/bulaoutdoor.nl\/product\/charlton-jenrick-fireline-woodtec-5-kw-standaard\/","url":"https:\/\/bulaoutdoor.nl\/product\/charlton-jenrick-fireline-woodtec-5-kw-standaard\/","name":"Charlton &amp; Jenrick Fireline Woodtec 5 kW standard 414 mm - Bula Outdoor","isPartOf":{"@id":"https:\/\/bulaoutdoor.nl\/#website"},"primaryImageOfPage":{"@id":"https:\/\/bulaoutdoor.nl\/product\/charlton-jenrick-fireline-woodtec-5-kw-standaard\/#primaryimage"},"image":{"@id":"https:\/\/bulaoutdoor.nl\/product\/charlton-jenrick-fireline-woodtec-5-kw-standaard\/#primaryimage"},"thumbnailUrl":"https:\/\/bulaoutdoor.nl\/wp-content\/uploads\/2018\/06\/fireline_woodtec_5kw_7626.jpg","datePublished":"2018-06-26T12:17:53+00:00","dateModified":"2026-04-30T04:58:50+00:00","breadcrumb":{"@id":"https:\/\/bulaoutdoor.nl\/product\/charlton-jenrick-fireline-woodtec-5-kw-standaard\/#breadcrumb"},"inLanguage":"fr-FR","potentialAction":[{"@type":"ReadAction","target":["https:\/\/bulaoutdoor.nl\/product\/charlton-jenrick-fireline-woodtec-5-kw-standaard\/"]}]},{"@type":"ImageObject","inLanguage":"fr-FR","@id":"https:\/\/bulaoutdoor.nl\/product\/charlton-jenrick-fireline-woodtec-5-kw-standaard\/#primaryimage","url":"https:\/\/bulaoutdoor.nl\/wp-content\/uploads\/2018\/06\/fireline_woodtec_5kw_7626.jpg","contentUrl":"https:\/\/bulaoutdoor.nl\/wp-content\/uploads\/2018\/06\/fireline_woodtec_5kw_7626.jpg","width":1000,"height":1000,"caption":"charlton-jenrick-fireline-woodtec-5-kw-standaard-414-mm-thumbnail"},{"@type":"BreadcrumbList","@id":"https:\/\/bulaoutdoor.nl\/product\/charlton-jenrick-fireline-woodtec-5-kw-standaard\/#breadcrumb","itemListElement":[{"@type":"ListItem","position":1,"name":"Home","item":"https:\/\/bulaoutdoor.nl\/"},{"@type":"ListItem","position":2,"name":"Online BBQ kopen","item":"https:\/\/bulaoutdoor.nl\/"},{"@type":"ListItem","position":3,"name":"Charlton &amp; Jenrick Fireline Woodtec 5 kW standaard 414 mm"}]},{"@type":"WebSite","@id":"https:\/\/bulaoutdoor.nl\/#website","url":"https:\/\/bulaoutdoor.nl\/","name":"Bula Outdoor","description":"Pour votre chemin\u00e9e ext\u00e9rieure, votre barbecue, votre torche de jardin et votre four \u00e0 bois","publisher":{"@id":"https:\/\/bulaoutdoor.nl\/#organization"},"potentialAction":[{"@type":"SearchAction","target":{"@type":"EntryPoint","urlTemplate":"https:\/\/bulaoutdoor.nl\/?s={search_term_string}"},"query-input":{"@type":"PropertyValueSpecification","valueRequired":true,"valueName":"search_term_string"}}],"inLanguage":"fr-FR"},{"@type":"Organization","@id":"https:\/\/bulaoutdoor.nl\/#organization","name":"Bula Outdoor","url":"https:\/\/bulaoutdoor.nl\/","logo":{"@type":"ImageObject","inLanguage":"fr-FR","@id":"https:\/\/bulaoutdoor.nl\/#\/schema\/logo\/image\/","url":"https:\/\/www.bulaoutdoor.nl\/wp-content\/uploads\/2018\/04\/bulaoutdoor-logo.png","contentUrl":"https:\/\/www.bulaoutdoor.nl\/wp-content\/uploads\/2018\/04\/bulaoutdoor-logo.png","width":324,"height":91,"caption":"Bula Outdoor"},"image":{"@id":"https:\/\/bulaoutdoor.nl\/#\/schema\/logo\/image\/"}}]}},"jetpack_sharing_enabled":true,"_links":{"self":[{"href":"https:\/\/bulaoutdoor.nl\/fr\/wp-json\/wp\/v2\/product\/16163","targetHints":{"allow":["GET"]}}],"collection":[{"href":"https:\/\/bulaoutdoor.nl\/fr\/wp-json\/wp\/v2\/product"}],"about":[{"href":"https:\/\/bulaoutdoor.nl\/fr\/wp-json\/wp\/v2\/types\/product"}],"replies":[{"embeddable":true,"href":"https:\/\/bulaoutdoor.nl\/fr\/wp-json\/wp\/v2\/comments?post=16163"}],"wp:featuredmedia":[{"embeddable":true,"href":"https:\/\/bulaoutdoor.nl\/fr\/wp-json\/wp\/v2\/media\/16164"}],"wp:attachment":[{"href":"https:\/\/bulaoutdoor.nl\/fr\/wp-json\/wp\/v2\/media?parent=16163"}],"wp:term":[{"taxonomy":"product_brand","embeddable":true,"href":"https:\/\/bulaoutdoor.nl\/fr\/wp-json\/wp\/v2\/product_brand?post=16163"},{"taxonomy":"product_cat","embeddable":true,"href":"https:\/\/bulaoutdoor.nl\/fr\/wp-json\/wp\/v2\/product_cat?post=16163"},{"taxonomy":"product_tag","embeddable":true,"href":"https:\/\/bulaoutdoor.nl\/fr\/wp-json\/wp\/v2\/product_tag?post=16163"}],"curies":[{"name":"wp","href":"https:\/\/api.w.org\/{rel}","templated":true}]}}