{"id":16238,"date":"2018-10-02T10:24:00","date_gmt":"2018-10-02T10:24:00","guid":{"rendered":"https:\/\/www.bulaoutdoor.nl\/product\/jydepejsen-cosmo-1147-speksteen\/"},"modified":"2026-04-27T04:58:34","modified_gmt":"2026-04-27T04:58:34","slug":"jydepejsen-cosmo-1147-soapstone","status":"publish","type":"product","link":"https:\/\/bulaoutdoor.nl\/fr\/product\/jydepejsen-cosmo-1147-speksteen\/","title":{"rendered":"Jydepejsen Cosmo 1147 st\u00e9atite"},"content":{"rendered":"<h2>Jydepejsen Cosmo 1147 st\u00e9atite<\/h2>\n<p>La pierre \u00e0 savon Cosmo 1147 <a href=\"https:\/\/www.haveverwarming.nl\/kachels\/hout\" target=\"_blank\" rel=\"noopener\">po\u00eale \u00e0 bois<\/a> by Jydepejsen se sent \u00e0 l'aise dans de nombreux int\u00e9rieurs. Tulikivi finlandais <a href=\"https:\/\/www.haveverwarming.nl\/kenniscentrum\/wat-is-speksteen\/\" target=\"_blank\" rel=\"noopener\">pierre ollaire<\/a> permet \u00e0 la chaleur de se propager naturellement.&nbsp;<\/p>\n<p>Ce mod\u00e8le est dot\u00e9 de commandes simples. Avec&nbsp;<a href=\"https:\/\/www.haveverwarming.nl\/kenniscentrum\/jydepejsen-duplicair\/\" target=\"_blank\" rel=\"noopener\">le syst\u00e8me d'air DuplicAir<\/a>L'air de combustion pr\u00e9chauff\u00e9 est introduit dans l'appareil de chauffage. <a href=\"https:\/\/www.haveverwarming.nl\/kachels\" target=\"_blank\" rel=\"noopener\">po\u00eale<\/a> apport\u00e9. Cette simple commande fournit l'air de combustion primaire et secondaire. La chambre de combustion est rev\u00eatue de panneaux de vermiculite, qui r\u00e9sistent \u00e0 une exposition directe aux flammes jusqu'\u00e0 1100\u00b0C. Les panneaux isolent la chambre de combustion. Les panneaux isolent la chambre de combustion, ce qui permet une temp\u00e9rature de combustion plus \u00e9lev\u00e9e, un meilleur d\u00e9gazage du bois et, par cons\u00e9quent, un meilleur rendement du po\u00eale \u00e0 bois.&nbsp;<\/p>\n<p class=\"p1\"><strong>Remarque :<\/strong> Si le po\u00eale est raccord\u00e9 \u00e0 l'arri\u00e8re, une plaque de recouvrement (suppl\u00e9ment de prix, voir suppl\u00e9ments) est n\u00e9cessaire pour fermer le raccordement des gaz de combustion en haut.<\/p>\n<h3>D\u00e9couvrez la chaleur de la pierre ollaire Jydepejsen Cosmo 1147.&nbsp;<\/h3>\n<p>Venez au <a href=\"https:\/\/www.haveverwarming.nl\/experiencecenter\" target=\"_blank\" rel=\"noopener\">Centre d'exp\u00e9rience<\/a> de HAV\u00c9 Heating et admirez la pierre ollaire Jydepejsen Cosmo 1147 pour vous-m\u00eame<\/p>\n<p>T\u00e9l\u00e9chargements de produits<\/p>\n<ul>\n<li><a class=\"download file\" href=\"https:\/\/www.haveverwarming.nl\/amfile\/file\/download\/file\/9157\/product\/994\/\" target=\"_blank\"><span>Brochure Jydepejsen<\/span><\/a><\/li>\n<li><a class=\"download file\" href=\"https:\/\/www.haveverwarming.nl\/amfile\/file\/download\/file\/1361\/product\/994\/\" target=\"_blank\"><span>Manuel Jydepejsen Cosmo<\/span><\/a><\/li>\n<li><a class=\"download file\" href=\"https:\/\/www.haveverwarming.nl\/amfile\/file\/download\/file\/1379\/product\/994\/\" target=\"_blank\"><span> Label \u00e9nerg\u00e9tique Jydepejsen Cosmo <\/span><\/a><\/li>\n<li><a class=\"download file\" href=\"https:\/\/www.haveverwarming.nl\/amfile\/file\/download\/file\/6903\/product\/994\/\" target=\"_blank\"><span>Dessin au trait Jydepejsen Cosmo 1147 <\/span><\/a><\/li>\n<li><a class=\"download file\" href=\"https:\/\/www.haveverwarming.nl\/amfile\/file\/download\/file\/6518\/product\/994\/\" target=\"_blank\"><span>Brochure sur le tir responsable<\/span><\/a><\/li>\n<li><a class=\"download file\" href=\"https:\/\/www.haveverwarming.nl\/productpdf\/download\/file\/id\/994\/name\/Jydepejsen_Cosmo_1147_speksteen.pdf\/\" target=\"_blank\"><span>T\u00e9l\u00e9charger la fiche technique<\/span><\/a><\/li>\n<\/ul>","protected":false},"excerpt":{"rendered":"<p>Jydepejsen Cosmo 1147 speksteen De Cosmo 1147 speksteen houtkachel van Jydepejsen voelt zich thuis in veel interieurs. Het Finse Tulikivi speksteen zorgt ervoor, dat de warmte zich op een natuurlijke wijze kan verspreiden.&nbsp; Dit model heeft een eenvoudige bediening. Met&nbsp;het DuplicAir\u00ae luchtsysteem, wordt er voorverwarmde verbrandingslucht in de kachel gebracht. Deze eenvoudige bediening zorgt voor [&hellip;]<\/p>\n","protected":false},"featured_media":16239,"comment_status":"open","ping_status":"closed","template":"","meta":{"_acf_changed":false},"product_brand":[],"product_cat":[1092],"product_tag":[],"class_list":{"0":"post-16238","1":"product","2":"type-product","3":"status-publish","4":"has-post-thumbnail","6":"product_cat-vrijstaande-houtkachels","8":"first","9":"instock","10":"taxable","11":"shipping-taxable","12":"purchasable","13":"product-type-simple"},"acf":[],"yoast_head":"<!-- This site is optimized with the Yoast SEO plugin v27.5 - https:\/\/yoast.com\/product\/yoast-seo-wordpress\/ -->\n<title>Jydepejsen Cosmo 1147 speksteen &#8211; Bula Outdoor<\/title>\n<meta name=\"robots\" content=\"index, follow, max-snippet:-1, max-image-preview:large, max-video-preview:-1\" \/>\n<link rel=\"canonical\" href=\"https:\/\/bulaoutdoor.nl\/fr\/produit\/jydepejsen-cosmo-1147-soapstone\/\" \/>\n<meta property=\"og:locale\" content=\"fr_FR\" \/>\n<meta property=\"og:type\" content=\"article\" \/>\n<meta property=\"og:title\" content=\"Jydepejsen Cosmo 1147 speksteen &#8211; Bula Outdoor\" \/>\n<meta property=\"og:description\" content=\"Jydepejsen Cosmo 1147 speksteen De Cosmo 1147 speksteen houtkachel van Jydepejsen voelt zich thuis in veel interieurs. Het Finse Tulikivi speksteen zorgt ervoor, dat de warmte zich op een natuurlijke wijze kan verspreiden.&nbsp; Dit model heeft een eenvoudige bediening. Met&nbsp;het DuplicAir\u00ae luchtsysteem, wordt er voorverwarmde verbrandingslucht in de kachel gebracht. Deze eenvoudige bediening zorgt voor [&hellip;]\" \/>\n<meta property=\"og:url\" content=\"https:\/\/bulaoutdoor.nl\/fr\/produit\/jydepejsen-cosmo-1147-soapstone\/\" \/>\n<meta property=\"og:site_name\" content=\"Bula Outdoor\" \/>\n<meta property=\"article:modified_time\" content=\"2026-04-27T04:58:34+00:00\" \/>\n<meta property=\"og:image\" content=\"https:\/\/bulaoutdoor.nl\/wp-content\/uploads\/2018\/10\/cs114711_copy.jpg\" \/>\n\t<meta property=\"og:image:width\" content=\"1000\" \/>\n\t<meta property=\"og:image:height\" content=\"1000\" \/>\n\t<meta property=\"og:image:type\" content=\"image\/jpeg\" \/>\n<meta name=\"twitter:card\" content=\"summary_large_image\" \/>\n<meta name=\"twitter:label1\" content=\"Dur\u00e9e de lecture estim\u00e9e\" \/>\n\t<meta name=\"twitter:data1\" content=\"1 minute\" \/>\n<script type=\"application\/ld+json\" class=\"yoast-schema-graph\">{\"@context\":\"https:\\\/\\\/schema.org\",\"@graph\":[{\"@type\":\"WebPage\",\"@id\":\"https:\\\/\\\/bulaoutdoor.nl\\\/product\\\/jydepejsen-cosmo-1147-speksteen\\\/\",\"url\":\"https:\\\/\\\/bulaoutdoor.nl\\\/product\\\/jydepejsen-cosmo-1147-speksteen\\\/\",\"name\":\"Jydepejsen Cosmo 1147 speksteen &#8211; Bula Outdoor\",\"isPartOf\":{\"@id\":\"https:\\\/\\\/bulaoutdoor.nl\\\/#website\"},\"primaryImageOfPage\":{\"@id\":\"https:\\\/\\\/bulaoutdoor.nl\\\/product\\\/jydepejsen-cosmo-1147-speksteen\\\/#primaryimage\"},\"image\":{\"@id\":\"https:\\\/\\\/bulaoutdoor.nl\\\/product\\\/jydepejsen-cosmo-1147-speksteen\\\/#primaryimage\"},\"thumbnailUrl\":\"https:\\\/\\\/bulaoutdoor.nl\\\/wp-content\\\/uploads\\\/2018\\\/10\\\/cs114711_copy.jpg\",\"datePublished\":\"2018-10-02T10:24:00+00:00\",\"dateModified\":\"2026-04-27T04:58:34+00:00\",\"breadcrumb\":{\"@id\":\"https:\\\/\\\/bulaoutdoor.nl\\\/product\\\/jydepejsen-cosmo-1147-speksteen\\\/#breadcrumb\"},\"inLanguage\":\"fr-FR\",\"potentialAction\":[{\"@type\":\"ReadAction\",\"target\":[\"https:\\\/\\\/bulaoutdoor.nl\\\/product\\\/jydepejsen-cosmo-1147-speksteen\\\/\"]}]},{\"@type\":\"ImageObject\",\"inLanguage\":\"fr-FR\",\"@id\":\"https:\\\/\\\/bulaoutdoor.nl\\\/product\\\/jydepejsen-cosmo-1147-speksteen\\\/#primaryimage\",\"url\":\"https:\\\/\\\/bulaoutdoor.nl\\\/wp-content\\\/uploads\\\/2018\\\/10\\\/cs114711_copy.jpg\",\"contentUrl\":\"https:\\\/\\\/bulaoutdoor.nl\\\/wp-content\\\/uploads\\\/2018\\\/10\\\/cs114711_copy.jpg\",\"width\":1000,\"height\":1000,\"caption\":\"jydepejsen-cosmo-1147-speksteen-thumbnail\"},{\"@type\":\"BreadcrumbList\",\"@id\":\"https:\\\/\\\/bulaoutdoor.nl\\\/product\\\/jydepejsen-cosmo-1147-speksteen\\\/#breadcrumb\",\"itemListElement\":[{\"@type\":\"ListItem\",\"position\":1,\"name\":\"Home\",\"item\":\"https:\\\/\\\/bulaoutdoor.nl\\\/\"},{\"@type\":\"ListItem\",\"position\":2,\"name\":\"Online BBQ kopen\",\"item\":\"https:\\\/\\\/bulaoutdoor.nl\\\/\"},{\"@type\":\"ListItem\",\"position\":3,\"name\":\"Jydepejsen Cosmo 1147 speksteen\"}]},{\"@type\":\"WebSite\",\"@id\":\"https:\\\/\\\/bulaoutdoor.nl\\\/#website\",\"url\":\"https:\\\/\\\/bulaoutdoor.nl\\\/\",\"name\":\"Bula Outdoor\",\"description\":\"Voor uw buitenhaard, BBQ, tuinfakkel en houtoven\",\"publisher\":{\"@id\":\"https:\\\/\\\/bulaoutdoor.nl\\\/#organization\"},\"potentialAction\":[{\"@type\":\"SearchAction\",\"target\":{\"@type\":\"EntryPoint\",\"urlTemplate\":\"https:\\\/\\\/bulaoutdoor.nl\\\/?s={search_term_string}\"},\"query-input\":{\"@type\":\"PropertyValueSpecification\",\"valueRequired\":true,\"valueName\":\"search_term_string\"}}],\"inLanguage\":\"fr-FR\"},{\"@type\":\"Organization\",\"@id\":\"https:\\\/\\\/bulaoutdoor.nl\\\/#organization\",\"name\":\"Bula Outdoor\",\"url\":\"https:\\\/\\\/bulaoutdoor.nl\\\/\",\"logo\":{\"@type\":\"ImageObject\",\"inLanguage\":\"fr-FR\",\"@id\":\"https:\\\/\\\/bulaoutdoor.nl\\\/#\\\/schema\\\/logo\\\/image\\\/\",\"url\":\"https:\\\/\\\/www.bulaoutdoor.nl\\\/wp-content\\\/uploads\\\/2018\\\/04\\\/bulaoutdoor-logo.png\",\"contentUrl\":\"https:\\\/\\\/www.bulaoutdoor.nl\\\/wp-content\\\/uploads\\\/2018\\\/04\\\/bulaoutdoor-logo.png\",\"width\":324,\"height\":91,\"caption\":\"Bula Outdoor\"},\"image\":{\"@id\":\"https:\\\/\\\/bulaoutdoor.nl\\\/#\\\/schema\\\/logo\\\/image\\\/\"}}]}<\/script>\n<!-- \/ Yoast SEO plugin. -->","yoast_head_json":{"title":"Jydepejsen Cosmo 1147 st\u00e9atite - Bula Outdoor","robots":{"index":"index","follow":"follow","max-snippet":"max-snippet:-1","max-image-preview":"max-image-preview:large","max-video-preview":"max-video-preview:-1"},"canonical":"https:\/\/bulaoutdoor.nl\/fr\/produit\/jydepejsen-cosmo-1147-soapstone\/","og_locale":"fr_FR","og_type":"article","og_title":"Jydepejsen Cosmo 1147 speksteen &#8211; Bula Outdoor","og_description":"Jydepejsen Cosmo 1147 speksteen De Cosmo 1147 speksteen houtkachel van Jydepejsen voelt zich thuis in veel interieurs. Het Finse Tulikivi speksteen zorgt ervoor, dat de warmte zich op een natuurlijke wijze kan verspreiden.&nbsp; Dit model heeft een eenvoudige bediening. Met&nbsp;het DuplicAir\u00ae luchtsysteem, wordt er voorverwarmde verbrandingslucht in de kachel gebracht. Deze eenvoudige bediening zorgt voor [&hellip;]","og_url":"https:\/\/bulaoutdoor.nl\/fr\/produit\/jydepejsen-cosmo-1147-soapstone\/","og_site_name":"Bula Outdoor","article_modified_time":"2026-04-27T04:58:34+00:00","og_image":[{"width":1000,"height":1000,"url":"https:\/\/bulaoutdoor.nl\/wp-content\/uploads\/2018\/10\/cs114711_copy.jpg","type":"image\/jpeg"}],"twitter_card":"summary_large_image","twitter_misc":{"Dur\u00e9e de lecture estim\u00e9e":"1 minute"},"schema":{"@context":"https:\/\/schema.org","@graph":[{"@type":"WebPage","@id":"https:\/\/bulaoutdoor.nl\/product\/jydepejsen-cosmo-1147-speksteen\/","url":"https:\/\/bulaoutdoor.nl\/product\/jydepejsen-cosmo-1147-speksteen\/","name":"Jydepejsen Cosmo 1147 st\u00e9atite - Bula Outdoor","isPartOf":{"@id":"https:\/\/bulaoutdoor.nl\/#website"},"primaryImageOfPage":{"@id":"https:\/\/bulaoutdoor.nl\/product\/jydepejsen-cosmo-1147-speksteen\/#primaryimage"},"image":{"@id":"https:\/\/bulaoutdoor.nl\/product\/jydepejsen-cosmo-1147-speksteen\/#primaryimage"},"thumbnailUrl":"https:\/\/bulaoutdoor.nl\/wp-content\/uploads\/2018\/10\/cs114711_copy.jpg","datePublished":"2018-10-02T10:24:00+00:00","dateModified":"2026-04-27T04:58:34+00:00","breadcrumb":{"@id":"https:\/\/bulaoutdoor.nl\/product\/jydepejsen-cosmo-1147-speksteen\/#breadcrumb"},"inLanguage":"fr-FR","potentialAction":[{"@type":"ReadAction","target":["https:\/\/bulaoutdoor.nl\/product\/jydepejsen-cosmo-1147-speksteen\/"]}]},{"@type":"ImageObject","inLanguage":"fr-FR","@id":"https:\/\/bulaoutdoor.nl\/product\/jydepejsen-cosmo-1147-speksteen\/#primaryimage","url":"https:\/\/bulaoutdoor.nl\/wp-content\/uploads\/2018\/10\/cs114711_copy.jpg","contentUrl":"https:\/\/bulaoutdoor.nl\/wp-content\/uploads\/2018\/10\/cs114711_copy.jpg","width":1000,"height":1000,"caption":"jydepejsen-cosmo-1147-speksteen-thumbnail"},{"@type":"BreadcrumbList","@id":"https:\/\/bulaoutdoor.nl\/product\/jydepejsen-cosmo-1147-speksteen\/#breadcrumb","itemListElement":[{"@type":"ListItem","position":1,"name":"Home","item":"https:\/\/bulaoutdoor.nl\/"},{"@type":"ListItem","position":2,"name":"Online BBQ kopen","item":"https:\/\/bulaoutdoor.nl\/"},{"@type":"ListItem","position":3,"name":"Jydepejsen Cosmo 1147 speksteen"}]},{"@type":"WebSite","@id":"https:\/\/bulaoutdoor.nl\/#website","url":"https:\/\/bulaoutdoor.nl\/","name":"Bula Outdoor","description":"Pour votre chemin\u00e9e ext\u00e9rieure, votre barbecue, votre torche de jardin et votre four \u00e0 bois","publisher":{"@id":"https:\/\/bulaoutdoor.nl\/#organization"},"potentialAction":[{"@type":"SearchAction","target":{"@type":"EntryPoint","urlTemplate":"https:\/\/bulaoutdoor.nl\/?s={search_term_string}"},"query-input":{"@type":"PropertyValueSpecification","valueRequired":true,"valueName":"search_term_string"}}],"inLanguage":"fr-FR"},{"@type":"Organization","@id":"https:\/\/bulaoutdoor.nl\/#organization","name":"Bula Outdoor","url":"https:\/\/bulaoutdoor.nl\/","logo":{"@type":"ImageObject","inLanguage":"fr-FR","@id":"https:\/\/bulaoutdoor.nl\/#\/schema\/logo\/image\/","url":"https:\/\/www.bulaoutdoor.nl\/wp-content\/uploads\/2018\/04\/bulaoutdoor-logo.png","contentUrl":"https:\/\/www.bulaoutdoor.nl\/wp-content\/uploads\/2018\/04\/bulaoutdoor-logo.png","width":324,"height":91,"caption":"Bula Outdoor"},"image":{"@id":"https:\/\/bulaoutdoor.nl\/#\/schema\/logo\/image\/"}}]}},"jetpack_sharing_enabled":true,"_links":{"self":[{"href":"https:\/\/bulaoutdoor.nl\/fr\/wp-json\/wp\/v2\/product\/16238","targetHints":{"allow":["GET"]}}],"collection":[{"href":"https:\/\/bulaoutdoor.nl\/fr\/wp-json\/wp\/v2\/product"}],"about":[{"href":"https:\/\/bulaoutdoor.nl\/fr\/wp-json\/wp\/v2\/types\/product"}],"replies":[{"embeddable":true,"href":"https:\/\/bulaoutdoor.nl\/fr\/wp-json\/wp\/v2\/comments?post=16238"}],"wp:featuredmedia":[{"embeddable":true,"href":"https:\/\/bulaoutdoor.nl\/fr\/wp-json\/wp\/v2\/media\/16239"}],"wp:attachment":[{"href":"https:\/\/bulaoutdoor.nl\/fr\/wp-json\/wp\/v2\/media?parent=16238"}],"wp:term":[{"taxonomy":"product_brand","embeddable":true,"href":"https:\/\/bulaoutdoor.nl\/fr\/wp-json\/wp\/v2\/product_brand?post=16238"},{"taxonomy":"product_cat","embeddable":true,"href":"https:\/\/bulaoutdoor.nl\/fr\/wp-json\/wp\/v2\/product_cat?post=16238"},{"taxonomy":"product_tag","embeddable":true,"href":"https:\/\/bulaoutdoor.nl\/fr\/wp-json\/wp\/v2\/product_tag?post=16238"}],"curies":[{"name":"wp","href":"https:\/\/api.w.org\/{rel}","templated":true}]}}