{"id":16305,"date":"2018-10-04T09:37:18","date_gmt":"2018-10-04T09:37:18","guid":{"rendered":"https:\/\/www.bulaoutdoor.nl\/product\/jydepejsen-mido-speksteen-top\/"},"modified":"2026-04-27T04:59:12","modified_gmt":"2026-04-27T04:59:12","slug":"jydepejsen-mido-soapstone-top","status":"publish","type":"product","link":"https:\/\/bulaoutdoor.nl\/fr\/product\/jydepejsen-mido-speksteen-top\/","title":{"rendered":"Jydepejsen Plateau en pierre ollaire Mido"},"content":{"rendered":"<h2>Jydepejsen Plateau en pierre ollaire Mido<\/h2>\n<p>La tablette en pierre ollaire Mido est l'un des plus beaux mod\u00e8les. <a href=\"https:\/\/www.haveverwarming.nl\/kachels\/hout\" target=\"_blank\" rel=\"noopener\">po\u00eales \u00e0 bois<\/a> de Jydepejsen. Ce mod\u00e8le a une apparence \u00e9l\u00e9gante et raffin\u00e9e. Avec sa simplicit\u00e9 impressionnante, ses d\u00e9tails uniques et sa fabrication solide, le design est intemporel. Les <a href=\"https:\/\/www.haveverwarming.nl\/kachels\" target=\"_blank\" rel=\"noopener\">po\u00eale<\/a> comporte de grandes portes en fonte, derri\u00e8re lesquelles se trouvent la chambre de combustion et le tiroir \u00e0 cendres. La grande vitre bomb\u00e9e offre une vue impressionnante sur la chambre de combustion, ce qui vous permet de profiter au maximum du feu.<\/p>\n<h3>Simplicit\u00e9 d'utilisation<\/h3>\n<p>Le po\u00eale \u00e0 bois est \u00e9quip\u00e9 de&nbsp;<a href=\"https:\/\/www.haveverwarming.nl\/kenniscentrum\/jydepejsen-duplicair\/\" target=\"_blank\" rel=\"noopener\">le syst\u00e8me d'air unique DuplicAir<\/a> de Jydepejsen, qui assure une combustion optimale et efficace. La poign\u00e9e du po\u00eale est en acier inoxydable solide et robuste et a une belle allure. Gr\u00e2ce \u00e0 son design \u00e9l\u00e9gant et harmonieux et \u00e0 sa simplicit\u00e9, ce po\u00eale \u00e0 bois s'int\u00e8gre dans de nombreux int\u00e9rieurs.<\/p>\n<h3>Profiter d'une chaleur intense<\/h3>\n<p>Jydepejsen a cr\u00e9\u00e9 le Mido en collaboration avec la c\u00e9l\u00e8bre soci\u00e9t\u00e9 finlandaise&nbsp;<a href=\"https:\/\/www.haveverwarming.nl\/kenniscentrum\/wat-is-speksteen\/\" target=\"_blank\" rel=\"noopener\">pierre ollaire<\/a>&nbsp;de Tulikivi lign\u00e9e. Ce producteur a plus de 35 ans d'exp\u00e9rience dans l'extraction et le traitement de la st\u00e9atite de haute qualit\u00e9. Le gisement, situ\u00e9 dans l'est de la Finlande, est l'un des plus importants connus. En raison de sa forte teneur en talc, la st\u00e9atite de Tulikivi est facile \u00e0 traiter, ce qui permet d'en faire de magnifiques \u00e9l\u00e9ments en pierre. Ses propri\u00e9t\u00e9s thermiques sont \"ph\u00e9nom\u00e9nales\". La st\u00e9atite de Tulikivi est capable d'emmagasiner la chaleur et de la conserver plus longtemps. La chaleur est ensuite lentement lib\u00e9r\u00e9e et diffus\u00e9e progressivement dans la pi\u00e8ce sous la forme d'une agr\u00e9able chaleur rayonnante.<\/p>\n<h3>Admirez ce po\u00eale \u00e0 bois par vous-m\u00eame<\/h3>\n<p>Venez au&nbsp;<a href=\"https:\/\/www.haveverwarming.nl\/experiencecenter\" target=\"_blank\" rel=\"noopener\">Centre d'exp\u00e9rience<\/a>&nbsp;de HAV\u00c9 et exp\u00e9rimentez la chaleur de la <a href=\"https:\/\/www.haveverwarming.nl\/jydepejsen\" target=\"_blank\" rel=\"noopener\">Jydepejsen<\/a> les po\u00eales \u00e0 bois eux-m\u00eames<\/p>\n<p>&nbsp;<\/p>\n<p>T\u00e9l\u00e9chargements de produits<\/p>\n<ul>\n<li><a class=\"download file\" href=\"https:\/\/www.haveverwarming.nl\/amfile\/file\/download\/file\/9157\/product\/1015\/\" target=\"_blank\"><span>Brochure Jydepejsen<\/span><\/a><\/li>\n<li><a class=\"download file\" href=\"https:\/\/www.haveverwarming.nl\/amfile\/file\/download\/file\/1404\/product\/1015\/\" target=\"_blank\"><span>Dessin au trait Jydepejsen Dessus en pierre ollaire Mido <\/span><\/a><\/li>\n<li><a class=\"download file\" href=\"https:\/\/www.haveverwarming.nl\/amfile\/file\/download\/file\/1367\/product\/1015\/\" target=\"_blank\"><span>Manuel Mido <\/span><\/a><\/li>\n<li><a class=\"download file\" href=\"https:\/\/www.haveverwarming.nl\/amfile\/file\/download\/file\/1401\/product\/1015\/\" target=\"_blank\"><span>Label \u00e9nergie Jydepejsen Mido <\/span><\/a><\/li>\n<li><a class=\"download file\" href=\"https:\/\/www.haveverwarming.nl\/amfile\/file\/download\/file\/6535\/product\/1015\/\" target=\"_blank\"><span>Brochure sur le tir responsable<\/span><\/a><\/li>\n<li><a class=\"download file\" href=\"https:\/\/www.haveverwarming.nl\/productpdf\/download\/file\/id\/1015\/name\/Jydepejsen_Mido_speksteen_top.pdf\/\" target=\"_blank\"><span>T\u00e9l\u00e9charger la fiche technique<\/span><\/a><\/li>\n<\/ul>","protected":false},"excerpt":{"rendered":"<p>Jydepejsen Mido speksteen top De Mido Speksteen Top een van de prachtige modellen houtkachels van Jydepejsen. Dit model heeft een slanke en elegante uitstraling. Door de indrukwekkende eenvoud, de unieke details en het gedegen handwerk oogt het design tijdloos. De kachel is voorzien van grote gietijzeren deuren, waarachter zich de brandkamer en aslade bevinden. Door [&hellip;]<\/p>\n","protected":false},"featured_media":16306,"comment_status":"open","ping_status":"closed","template":"","meta":{"_acf_changed":false},"product_brand":[],"product_cat":[1092],"product_tag":[],"class_list":{"0":"post-16305","1":"product","2":"type-product","3":"status-publish","4":"has-post-thumbnail","6":"product_cat-vrijstaande-houtkachels","8":"first","9":"instock","10":"taxable","11":"shipping-taxable","12":"purchasable","13":"product-type-simple"},"acf":[],"yoast_head":"<!-- This site is optimized with the Yoast SEO plugin v27.5 - https:\/\/yoast.com\/product\/yoast-seo-wordpress\/ -->\n<title>Jydepejsen Mido speksteen top &#8211; Bula Outdoor<\/title>\n<meta name=\"robots\" content=\"index, follow, max-snippet:-1, max-image-preview:large, max-video-preview:-1\" \/>\n<link rel=\"canonical\" href=\"https:\/\/bulaoutdoor.nl\/fr\/produit\/jydepejsen-mido-soapstone-top\/\" \/>\n<meta property=\"og:locale\" content=\"fr_FR\" \/>\n<meta property=\"og:type\" content=\"article\" \/>\n<meta property=\"og:title\" content=\"Jydepejsen Mido speksteen top &#8211; Bula Outdoor\" \/>\n<meta property=\"og:description\" content=\"Jydepejsen Mido speksteen top De Mido Speksteen Top een van de prachtige modellen houtkachels van Jydepejsen. Dit model heeft een slanke en elegante uitstraling. Door de indrukwekkende eenvoud, de unieke details en het gedegen handwerk oogt het design tijdloos. De kachel is voorzien van grote gietijzeren deuren, waarachter zich de brandkamer en aslade bevinden. Door [&hellip;]\" \/>\n<meta property=\"og:url\" content=\"https:\/\/bulaoutdoor.nl\/fr\/produit\/jydepejsen-mido-soapstone-top\/\" \/>\n<meta property=\"og:site_name\" content=\"Bula Outdoor\" \/>\n<meta property=\"article:modified_time\" content=\"2026-04-27T04:59:12+00:00\" \/>\n<meta property=\"og:image\" content=\"https:\/\/bulaoutdoor.nl\/wp-content\/uploads\/2018\/10\/rechthoek_midoi_speksteen_top.jpg\" \/>\n\t<meta property=\"og:image:width\" content=\"1000\" \/>\n\t<meta property=\"og:image:height\" content=\"1000\" \/>\n\t<meta property=\"og:image:type\" content=\"image\/jpeg\" \/>\n<meta name=\"twitter:card\" content=\"summary_large_image\" \/>\n<meta name=\"twitter:label1\" content=\"Dur\u00e9e de lecture estim\u00e9e\" \/>\n\t<meta name=\"twitter:data1\" content=\"2 minutes\" \/>\n<script type=\"application\/ld+json\" class=\"yoast-schema-graph\">{\"@context\":\"https:\\\/\\\/schema.org\",\"@graph\":[{\"@type\":\"WebPage\",\"@id\":\"https:\\\/\\\/bulaoutdoor.nl\\\/product\\\/jydepejsen-mido-speksteen-top\\\/\",\"url\":\"https:\\\/\\\/bulaoutdoor.nl\\\/product\\\/jydepejsen-mido-speksteen-top\\\/\",\"name\":\"Jydepejsen Mido speksteen top &#8211; Bula Outdoor\",\"isPartOf\":{\"@id\":\"https:\\\/\\\/bulaoutdoor.nl\\\/#website\"},\"primaryImageOfPage\":{\"@id\":\"https:\\\/\\\/bulaoutdoor.nl\\\/product\\\/jydepejsen-mido-speksteen-top\\\/#primaryimage\"},\"image\":{\"@id\":\"https:\\\/\\\/bulaoutdoor.nl\\\/product\\\/jydepejsen-mido-speksteen-top\\\/#primaryimage\"},\"thumbnailUrl\":\"https:\\\/\\\/bulaoutdoor.nl\\\/wp-content\\\/uploads\\\/2018\\\/10\\\/rechthoek_midoi_speksteen_top.jpg\",\"datePublished\":\"2018-10-04T09:37:18+00:00\",\"dateModified\":\"2026-04-27T04:59:12+00:00\",\"breadcrumb\":{\"@id\":\"https:\\\/\\\/bulaoutdoor.nl\\\/product\\\/jydepejsen-mido-speksteen-top\\\/#breadcrumb\"},\"inLanguage\":\"fr-FR\",\"potentialAction\":[{\"@type\":\"ReadAction\",\"target\":[\"https:\\\/\\\/bulaoutdoor.nl\\\/product\\\/jydepejsen-mido-speksteen-top\\\/\"]}]},{\"@type\":\"ImageObject\",\"inLanguage\":\"fr-FR\",\"@id\":\"https:\\\/\\\/bulaoutdoor.nl\\\/product\\\/jydepejsen-mido-speksteen-top\\\/#primaryimage\",\"url\":\"https:\\\/\\\/bulaoutdoor.nl\\\/wp-content\\\/uploads\\\/2018\\\/10\\\/rechthoek_midoi_speksteen_top.jpg\",\"contentUrl\":\"https:\\\/\\\/bulaoutdoor.nl\\\/wp-content\\\/uploads\\\/2018\\\/10\\\/rechthoek_midoi_speksteen_top.jpg\",\"width\":1000,\"height\":1000,\"caption\":\"jydepejsen-mido-speksteen-top-thumbnail\"},{\"@type\":\"BreadcrumbList\",\"@id\":\"https:\\\/\\\/bulaoutdoor.nl\\\/product\\\/jydepejsen-mido-speksteen-top\\\/#breadcrumb\",\"itemListElement\":[{\"@type\":\"ListItem\",\"position\":1,\"name\":\"Home\",\"item\":\"https:\\\/\\\/bulaoutdoor.nl\\\/\"},{\"@type\":\"ListItem\",\"position\":2,\"name\":\"Online BBQ kopen\",\"item\":\"https:\\\/\\\/bulaoutdoor.nl\\\/\"},{\"@type\":\"ListItem\",\"position\":3,\"name\":\"Jydepejsen Mido speksteen top\"}]},{\"@type\":\"WebSite\",\"@id\":\"https:\\\/\\\/bulaoutdoor.nl\\\/#website\",\"url\":\"https:\\\/\\\/bulaoutdoor.nl\\\/\",\"name\":\"Bula Outdoor\",\"description\":\"Voor uw buitenhaard, BBQ, tuinfakkel en houtoven\",\"publisher\":{\"@id\":\"https:\\\/\\\/bulaoutdoor.nl\\\/#organization\"},\"potentialAction\":[{\"@type\":\"SearchAction\",\"target\":{\"@type\":\"EntryPoint\",\"urlTemplate\":\"https:\\\/\\\/bulaoutdoor.nl\\\/?s={search_term_string}\"},\"query-input\":{\"@type\":\"PropertyValueSpecification\",\"valueRequired\":true,\"valueName\":\"search_term_string\"}}],\"inLanguage\":\"fr-FR\"},{\"@type\":\"Organization\",\"@id\":\"https:\\\/\\\/bulaoutdoor.nl\\\/#organization\",\"name\":\"Bula Outdoor\",\"url\":\"https:\\\/\\\/bulaoutdoor.nl\\\/\",\"logo\":{\"@type\":\"ImageObject\",\"inLanguage\":\"fr-FR\",\"@id\":\"https:\\\/\\\/bulaoutdoor.nl\\\/#\\\/schema\\\/logo\\\/image\\\/\",\"url\":\"https:\\\/\\\/www.bulaoutdoor.nl\\\/wp-content\\\/uploads\\\/2018\\\/04\\\/bulaoutdoor-logo.png\",\"contentUrl\":\"https:\\\/\\\/www.bulaoutdoor.nl\\\/wp-content\\\/uploads\\\/2018\\\/04\\\/bulaoutdoor-logo.png\",\"width\":324,\"height\":91,\"caption\":\"Bula Outdoor\"},\"image\":{\"@id\":\"https:\\\/\\\/bulaoutdoor.nl\\\/#\\\/schema\\\/logo\\\/image\\\/\"}}]}<\/script>\n<!-- \/ Yoast SEO plugin. -->","yoast_head_json":{"title":"Jydepejsen Mido plan en pierre ollaire - Bula Outdoor","robots":{"index":"index","follow":"follow","max-snippet":"max-snippet:-1","max-image-preview":"max-image-preview:large","max-video-preview":"max-video-preview:-1"},"canonical":"https:\/\/bulaoutdoor.nl\/fr\/produit\/jydepejsen-mido-soapstone-top\/","og_locale":"fr_FR","og_type":"article","og_title":"Jydepejsen Mido speksteen top &#8211; Bula Outdoor","og_description":"Jydepejsen Mido speksteen top De Mido Speksteen Top een van de prachtige modellen houtkachels van Jydepejsen. Dit model heeft een slanke en elegante uitstraling. Door de indrukwekkende eenvoud, de unieke details en het gedegen handwerk oogt het design tijdloos. De kachel is voorzien van grote gietijzeren deuren, waarachter zich de brandkamer en aslade bevinden. Door [&hellip;]","og_url":"https:\/\/bulaoutdoor.nl\/fr\/produit\/jydepejsen-mido-soapstone-top\/","og_site_name":"Bula Outdoor","article_modified_time":"2026-04-27T04:59:12+00:00","og_image":[{"width":1000,"height":1000,"url":"https:\/\/bulaoutdoor.nl\/wp-content\/uploads\/2018\/10\/rechthoek_midoi_speksteen_top.jpg","type":"image\/jpeg"}],"twitter_card":"summary_large_image","twitter_misc":{"Dur\u00e9e de lecture estim\u00e9e":"2 minutes"},"schema":{"@context":"https:\/\/schema.org","@graph":[{"@type":"WebPage","@id":"https:\/\/bulaoutdoor.nl\/product\/jydepejsen-mido-speksteen-top\/","url":"https:\/\/bulaoutdoor.nl\/product\/jydepejsen-mido-speksteen-top\/","name":"Jydepejsen Mido plan en pierre ollaire - Bula Outdoor","isPartOf":{"@id":"https:\/\/bulaoutdoor.nl\/#website"},"primaryImageOfPage":{"@id":"https:\/\/bulaoutdoor.nl\/product\/jydepejsen-mido-speksteen-top\/#primaryimage"},"image":{"@id":"https:\/\/bulaoutdoor.nl\/product\/jydepejsen-mido-speksteen-top\/#primaryimage"},"thumbnailUrl":"https:\/\/bulaoutdoor.nl\/wp-content\/uploads\/2018\/10\/rechthoek_midoi_speksteen_top.jpg","datePublished":"2018-10-04T09:37:18+00:00","dateModified":"2026-04-27T04:59:12+00:00","breadcrumb":{"@id":"https:\/\/bulaoutdoor.nl\/product\/jydepejsen-mido-speksteen-top\/#breadcrumb"},"inLanguage":"fr-FR","potentialAction":[{"@type":"ReadAction","target":["https:\/\/bulaoutdoor.nl\/product\/jydepejsen-mido-speksteen-top\/"]}]},{"@type":"ImageObject","inLanguage":"fr-FR","@id":"https:\/\/bulaoutdoor.nl\/product\/jydepejsen-mido-speksteen-top\/#primaryimage","url":"https:\/\/bulaoutdoor.nl\/wp-content\/uploads\/2018\/10\/rechthoek_midoi_speksteen_top.jpg","contentUrl":"https:\/\/bulaoutdoor.nl\/wp-content\/uploads\/2018\/10\/rechthoek_midoi_speksteen_top.jpg","width":1000,"height":1000,"caption":"jydepejsen-mido-speksteen-top-thumbnail"},{"@type":"BreadcrumbList","@id":"https:\/\/bulaoutdoor.nl\/product\/jydepejsen-mido-speksteen-top\/#breadcrumb","itemListElement":[{"@type":"ListItem","position":1,"name":"Home","item":"https:\/\/bulaoutdoor.nl\/"},{"@type":"ListItem","position":2,"name":"Online BBQ kopen","item":"https:\/\/bulaoutdoor.nl\/"},{"@type":"ListItem","position":3,"name":"Jydepejsen Mido speksteen top"}]},{"@type":"WebSite","@id":"https:\/\/bulaoutdoor.nl\/#website","url":"https:\/\/bulaoutdoor.nl\/","name":"Bula Outdoor","description":"Pour votre chemin\u00e9e ext\u00e9rieure, votre barbecue, votre torche de jardin et votre four \u00e0 bois","publisher":{"@id":"https:\/\/bulaoutdoor.nl\/#organization"},"potentialAction":[{"@type":"SearchAction","target":{"@type":"EntryPoint","urlTemplate":"https:\/\/bulaoutdoor.nl\/?s={search_term_string}"},"query-input":{"@type":"PropertyValueSpecification","valueRequired":true,"valueName":"search_term_string"}}],"inLanguage":"fr-FR"},{"@type":"Organization","@id":"https:\/\/bulaoutdoor.nl\/#organization","name":"Bula Outdoor","url":"https:\/\/bulaoutdoor.nl\/","logo":{"@type":"ImageObject","inLanguage":"fr-FR","@id":"https:\/\/bulaoutdoor.nl\/#\/schema\/logo\/image\/","url":"https:\/\/www.bulaoutdoor.nl\/wp-content\/uploads\/2018\/04\/bulaoutdoor-logo.png","contentUrl":"https:\/\/www.bulaoutdoor.nl\/wp-content\/uploads\/2018\/04\/bulaoutdoor-logo.png","width":324,"height":91,"caption":"Bula Outdoor"},"image":{"@id":"https:\/\/bulaoutdoor.nl\/#\/schema\/logo\/image\/"}}]}},"jetpack_sharing_enabled":true,"_links":{"self":[{"href":"https:\/\/bulaoutdoor.nl\/fr\/wp-json\/wp\/v2\/product\/16305","targetHints":{"allow":["GET"]}}],"collection":[{"href":"https:\/\/bulaoutdoor.nl\/fr\/wp-json\/wp\/v2\/product"}],"about":[{"href":"https:\/\/bulaoutdoor.nl\/fr\/wp-json\/wp\/v2\/types\/product"}],"replies":[{"embeddable":true,"href":"https:\/\/bulaoutdoor.nl\/fr\/wp-json\/wp\/v2\/comments?post=16305"}],"wp:featuredmedia":[{"embeddable":true,"href":"https:\/\/bulaoutdoor.nl\/fr\/wp-json\/wp\/v2\/media\/16306"}],"wp:attachment":[{"href":"https:\/\/bulaoutdoor.nl\/fr\/wp-json\/wp\/v2\/media?parent=16305"}],"wp:term":[{"taxonomy":"product_brand","embeddable":true,"href":"https:\/\/bulaoutdoor.nl\/fr\/wp-json\/wp\/v2\/product_brand?post=16305"},{"taxonomy":"product_cat","embeddable":true,"href":"https:\/\/bulaoutdoor.nl\/fr\/wp-json\/wp\/v2\/product_cat?post=16305"},{"taxonomy":"product_tag","embeddable":true,"href":"https:\/\/bulaoutdoor.nl\/fr\/wp-json\/wp\/v2\/product_tag?post=16305"}],"curies":[{"name":"wp","href":"https:\/\/api.w.org\/{rel}","templated":true}]}}