{"id":16381,"date":"2019-02-07T07:48:54","date_gmt":"2019-02-07T07:48:54","guid":{"rendered":"https:\/\/www.bulaoutdoor.nl\/product\/nestor-martin-harmony-1\/"},"modified":"2026-04-15T04:37:50","modified_gmt":"2026-04-15T04:37:50","slug":"nestor-martin-harmony-2","status":"publish","type":"product","link":"https:\/\/bulaoutdoor.nl\/fr\/product\/nestor-martin-harmony-1\/","title":{"rendered":"Nestor Martin Harmony 1"},"content":{"rendered":"<h2>Nestor Martin Harmony 1<\/h2>\n<p>Ce magnifique Harmony 1 est un produit du c\u00e9l\u00e8bre fabricant de po\u00eales. <a href=\"https:\/\/www.haveverwarming.nl\/nestor-martin\" target=\"_blank\" rel=\"noopener\">Nestor Martin.<\/a> L'aspect magnifique et authentique fait de cette <a href=\"https:\/\/www.haveverwarming.nl\/kachels\/hout\" target=\"_blank\" rel=\"noopener\">po\u00eale \u00e0 bois<\/a> fait honneur \u00e0 son nom. Outre de belles flammes et un feu de bois cr\u00e9pitant, ce po\u00eale \u00e0 bois conf\u00e8re \u00e0 votre int\u00e9rieur une ambiance chaleureuse.&nbsp;<\/p>\n<p>Le po\u00eale dispose non seulement d'une porte d'entr\u00e9e, mais aussi d'une porte lat\u00e9rale, de sorte que vous pouvez facilement <a href=\"https:\/\/www.haveverwarming.nl\/kenniscentrum\/wat-is-hout\" target=\"_blank\" rel=\"noopener\">b\u00fbches<\/a> recharge dans le r\u00e9chaud.&nbsp;<\/p>\n<h3>Centre d'exp\u00e9rience<\/h3>\n<p>Rejoignez-nous <a href=\"https:\/\/www.haveverwarming.nl\/experiencecenter\" target=\"_blank\" rel=\"noopener\">Centre d'exp\u00e9rience<\/a> \u00e0 Lunteren pour admirer diff\u00e9rents po\u00eales Nestor Martin.<\/p>\n<p>T\u00e9l\u00e9chargements de produits<\/p>\n<ul>\n<li><a class=\"download file\" href=\"https:\/\/www.haveverwarming.nl\/amfile\/file\/download\/file\/8233\/product\/1085\/\" target=\"_blank\"><span>Brochure Nestor Martin 2024<\/span><\/a><\/li>\n<li><a class=\"download file\" href=\"https:\/\/www.haveverwarming.nl\/amfile\/file\/download\/file\/5758\/product\/1085\/\" target=\"_blank\"><span>Dessin au trait Nestor Martin Harmony 1<\/span><\/a><\/li>\n<li><a class=\"download file\" href=\"https:\/\/www.haveverwarming.nl\/amfile\/file\/download\/file\/5736\/product\/1085\/\" target=\"_blank\"><span>Manuel d'utilisation Nestor Martin Harmony<\/span><\/a><\/li>\n<li><a class=\"download file\" href=\"https:\/\/www.haveverwarming.nl\/amfile\/file\/download\/file\/5737\/product\/1085\/\" target=\"_blank\"><span>Label \u00e9nerg\u00e9tique Nestor Martin Harmony 1<\/span><\/a><\/li>\n<li><a class=\"download file\" href=\"https:\/\/www.haveverwarming.nl\/amfile\/file\/download\/file\/6583\/product\/1085\/\" target=\"_blank\"><span>Brochure sur le tir responsable<\/span><\/a><\/li>\n<li><a class=\"download file\" href=\"https:\/\/www.haveverwarming.nl\/productpdf\/download\/file\/id\/1085\/name\/Nestor_Martin_Harmony_1.pdf\/\" target=\"_blank\"><span>T\u00e9l\u00e9charger la fiche technique<\/span><\/a><\/li>\n<\/ul>","protected":false},"excerpt":{"rendered":"<p>Nestor Martin Harmony 1 Deze prachtige Harmony 1 is een product van de bekende kachelmaker Nestor Martin. De prachtige authentieke look doet deze houtkachel werkelijk eer aan. Naast een mooi vlammenspel en een knisperend houtvuur, geeft deze houtkachel uw interieur ook nog eens een gezellige uitstraling.&nbsp; De kachel beschikt niet alleen over een deur aan [&hellip;]<\/p>\n","protected":false},"featured_media":16382,"comment_status":"open","ping_status":"closed","template":"","meta":{"_acf_changed":false},"product_brand":[],"product_cat":[1092],"product_tag":[],"class_list":{"0":"post-16381","1":"product","2":"type-product","3":"status-publish","4":"has-post-thumbnail","6":"product_cat-vrijstaande-houtkachels","8":"first","9":"instock","10":"taxable","11":"shipping-taxable","12":"purchasable","13":"product-type-simple"},"acf":[],"yoast_head":"<!-- This site is optimized with the Yoast SEO plugin v27.4 - https:\/\/yoast.com\/product\/yoast-seo-wordpress\/ -->\n<title>Nestor Martin Harmony 1 &#8211; Bula Outdoor<\/title>\n<meta name=\"robots\" content=\"index, follow, max-snippet:-1, max-image-preview:large, max-video-preview:-1\" \/>\n<link rel=\"canonical\" href=\"https:\/\/bulaoutdoor.nl\/fr\/produit\/nestor-martin-harmony-2\/\" \/>\n<meta property=\"og:locale\" content=\"fr_FR\" \/>\n<meta property=\"og:type\" content=\"article\" \/>\n<meta property=\"og:title\" content=\"Nestor Martin Harmony 1 &#8211; Bula Outdoor\" \/>\n<meta property=\"og:description\" content=\"Nestor Martin Harmony 1 Deze prachtige Harmony 1 is een product van de bekende kachelmaker Nestor Martin. De prachtige authentieke look doet deze houtkachel werkelijk eer aan. Naast een mooi vlammenspel en een knisperend houtvuur, geeft deze houtkachel uw interieur ook nog eens een gezellige uitstraling.&nbsp; De kachel beschikt niet alleen over een deur aan [&hellip;]\" \/>\n<meta property=\"og:url\" content=\"https:\/\/bulaoutdoor.nl\/fr\/produit\/nestor-martin-harmony-2\/\" \/>\n<meta property=\"og:site_name\" content=\"Bula Outdoor\" \/>\n<meta property=\"article:modified_time\" content=\"2026-04-15T04:37:50+00:00\" \/>\n<meta property=\"og:image\" content=\"https:\/\/bulaoutdoor.nl\/wp-content\/uploads\/2019\/02\/harmony1.jpg\" \/>\n\t<meta property=\"og:image:width\" content=\"1000\" \/>\n\t<meta property=\"og:image:height\" content=\"1000\" \/>\n\t<meta property=\"og:image:type\" content=\"image\/jpeg\" \/>\n<meta name=\"twitter:card\" content=\"summary_large_image\" \/>\n<meta name=\"twitter:label1\" content=\"Dur\u00e9e de lecture estim\u00e9e\" \/>\n\t<meta name=\"twitter:data1\" content=\"1 minute\" \/>\n<script type=\"application\/ld+json\" class=\"yoast-schema-graph\">{\"@context\":\"https:\\\/\\\/schema.org\",\"@graph\":[{\"@type\":\"WebPage\",\"@id\":\"https:\\\/\\\/bulaoutdoor.nl\\\/product\\\/nestor-martin-harmony-1\\\/\",\"url\":\"https:\\\/\\\/bulaoutdoor.nl\\\/product\\\/nestor-martin-harmony-1\\\/\",\"name\":\"Nestor Martin Harmony 1 &#8211; Bula Outdoor\",\"isPartOf\":{\"@id\":\"https:\\\/\\\/bulaoutdoor.nl\\\/#website\"},\"primaryImageOfPage\":{\"@id\":\"https:\\\/\\\/bulaoutdoor.nl\\\/product\\\/nestor-martin-harmony-1\\\/#primaryimage\"},\"image\":{\"@id\":\"https:\\\/\\\/bulaoutdoor.nl\\\/product\\\/nestor-martin-harmony-1\\\/#primaryimage\"},\"thumbnailUrl\":\"https:\\\/\\\/bulaoutdoor.nl\\\/wp-content\\\/uploads\\\/2019\\\/02\\\/harmony1.jpg\",\"datePublished\":\"2019-02-07T07:48:54+00:00\",\"dateModified\":\"2026-04-15T04:37:50+00:00\",\"breadcrumb\":{\"@id\":\"https:\\\/\\\/bulaoutdoor.nl\\\/product\\\/nestor-martin-harmony-1\\\/#breadcrumb\"},\"inLanguage\":\"fr-FR\",\"potentialAction\":[{\"@type\":\"ReadAction\",\"target\":[\"https:\\\/\\\/bulaoutdoor.nl\\\/product\\\/nestor-martin-harmony-1\\\/\"]}]},{\"@type\":\"ImageObject\",\"inLanguage\":\"fr-FR\",\"@id\":\"https:\\\/\\\/bulaoutdoor.nl\\\/product\\\/nestor-martin-harmony-1\\\/#primaryimage\",\"url\":\"https:\\\/\\\/bulaoutdoor.nl\\\/wp-content\\\/uploads\\\/2019\\\/02\\\/harmony1.jpg\",\"contentUrl\":\"https:\\\/\\\/bulaoutdoor.nl\\\/wp-content\\\/uploads\\\/2019\\\/02\\\/harmony1.jpg\",\"width\":1000,\"height\":1000,\"caption\":\"nestor-martin-harmony-1-thumbnail\"},{\"@type\":\"BreadcrumbList\",\"@id\":\"https:\\\/\\\/bulaoutdoor.nl\\\/product\\\/nestor-martin-harmony-1\\\/#breadcrumb\",\"itemListElement\":[{\"@type\":\"ListItem\",\"position\":1,\"name\":\"Home\",\"item\":\"https:\\\/\\\/bulaoutdoor.nl\\\/\"},{\"@type\":\"ListItem\",\"position\":2,\"name\":\"Online BBQ kopen\",\"item\":\"https:\\\/\\\/bulaoutdoor.nl\\\/\"},{\"@type\":\"ListItem\",\"position\":3,\"name\":\"Nestor Martin Harmony 1\"}]},{\"@type\":\"WebSite\",\"@id\":\"https:\\\/\\\/bulaoutdoor.nl\\\/#website\",\"url\":\"https:\\\/\\\/bulaoutdoor.nl\\\/\",\"name\":\"Bula Outdoor\",\"description\":\"Voor uw buitenhaard, BBQ, tuinfakkel en houtoven\",\"publisher\":{\"@id\":\"https:\\\/\\\/bulaoutdoor.nl\\\/#organization\"},\"potentialAction\":[{\"@type\":\"SearchAction\",\"target\":{\"@type\":\"EntryPoint\",\"urlTemplate\":\"https:\\\/\\\/bulaoutdoor.nl\\\/?s={search_term_string}\"},\"query-input\":{\"@type\":\"PropertyValueSpecification\",\"valueRequired\":true,\"valueName\":\"search_term_string\"}}],\"inLanguage\":\"fr-FR\"},{\"@type\":\"Organization\",\"@id\":\"https:\\\/\\\/bulaoutdoor.nl\\\/#organization\",\"name\":\"Bula Outdoor\",\"url\":\"https:\\\/\\\/bulaoutdoor.nl\\\/\",\"logo\":{\"@type\":\"ImageObject\",\"inLanguage\":\"fr-FR\",\"@id\":\"https:\\\/\\\/bulaoutdoor.nl\\\/#\\\/schema\\\/logo\\\/image\\\/\",\"url\":\"https:\\\/\\\/www.bulaoutdoor.nl\\\/wp-content\\\/uploads\\\/2018\\\/04\\\/bulaoutdoor-logo.png\",\"contentUrl\":\"https:\\\/\\\/www.bulaoutdoor.nl\\\/wp-content\\\/uploads\\\/2018\\\/04\\\/bulaoutdoor-logo.png\",\"width\":324,\"height\":91,\"caption\":\"Bula Outdoor\"},\"image\":{\"@id\":\"https:\\\/\\\/bulaoutdoor.nl\\\/#\\\/schema\\\/logo\\\/image\\\/\"}}]}<\/script>\n<!-- \/ Yoast SEO plugin. -->","yoast_head_json":{"title":"Nestor Martin Harmony 1 - Bula Outdoor","robots":{"index":"index","follow":"follow","max-snippet":"max-snippet:-1","max-image-preview":"max-image-preview:large","max-video-preview":"max-video-preview:-1"},"canonical":"https:\/\/bulaoutdoor.nl\/fr\/produit\/nestor-martin-harmony-2\/","og_locale":"fr_FR","og_type":"article","og_title":"Nestor Martin Harmony 1 &#8211; Bula Outdoor","og_description":"Nestor Martin Harmony 1 Deze prachtige Harmony 1 is een product van de bekende kachelmaker Nestor Martin. De prachtige authentieke look doet deze houtkachel werkelijk eer aan. Naast een mooi vlammenspel en een knisperend houtvuur, geeft deze houtkachel uw interieur ook nog eens een gezellige uitstraling.&nbsp; De kachel beschikt niet alleen over een deur aan [&hellip;]","og_url":"https:\/\/bulaoutdoor.nl\/fr\/produit\/nestor-martin-harmony-2\/","og_site_name":"Bula Outdoor","article_modified_time":"2026-04-15T04:37:50+00:00","og_image":[{"width":1000,"height":1000,"url":"https:\/\/bulaoutdoor.nl\/wp-content\/uploads\/2019\/02\/harmony1.jpg","type":"image\/jpeg"}],"twitter_card":"summary_large_image","twitter_misc":{"Dur\u00e9e de lecture estim\u00e9e":"1 minute"},"schema":{"@context":"https:\/\/schema.org","@graph":[{"@type":"WebPage","@id":"https:\/\/bulaoutdoor.nl\/product\/nestor-martin-harmony-1\/","url":"https:\/\/bulaoutdoor.nl\/product\/nestor-martin-harmony-1\/","name":"Nestor Martin Harmony 1 - Bula Outdoor","isPartOf":{"@id":"https:\/\/bulaoutdoor.nl\/#website"},"primaryImageOfPage":{"@id":"https:\/\/bulaoutdoor.nl\/product\/nestor-martin-harmony-1\/#primaryimage"},"image":{"@id":"https:\/\/bulaoutdoor.nl\/product\/nestor-martin-harmony-1\/#primaryimage"},"thumbnailUrl":"https:\/\/bulaoutdoor.nl\/wp-content\/uploads\/2019\/02\/harmony1.jpg","datePublished":"2019-02-07T07:48:54+00:00","dateModified":"2026-04-15T04:37:50+00:00","breadcrumb":{"@id":"https:\/\/bulaoutdoor.nl\/product\/nestor-martin-harmony-1\/#breadcrumb"},"inLanguage":"fr-FR","potentialAction":[{"@type":"ReadAction","target":["https:\/\/bulaoutdoor.nl\/product\/nestor-martin-harmony-1\/"]}]},{"@type":"ImageObject","inLanguage":"fr-FR","@id":"https:\/\/bulaoutdoor.nl\/product\/nestor-martin-harmony-1\/#primaryimage","url":"https:\/\/bulaoutdoor.nl\/wp-content\/uploads\/2019\/02\/harmony1.jpg","contentUrl":"https:\/\/bulaoutdoor.nl\/wp-content\/uploads\/2019\/02\/harmony1.jpg","width":1000,"height":1000,"caption":"nestor-martin-harmony-1-thumbnail"},{"@type":"BreadcrumbList","@id":"https:\/\/bulaoutdoor.nl\/product\/nestor-martin-harmony-1\/#breadcrumb","itemListElement":[{"@type":"ListItem","position":1,"name":"Home","item":"https:\/\/bulaoutdoor.nl\/"},{"@type":"ListItem","position":2,"name":"Online BBQ kopen","item":"https:\/\/bulaoutdoor.nl\/"},{"@type":"ListItem","position":3,"name":"Nestor Martin Harmony 1"}]},{"@type":"WebSite","@id":"https:\/\/bulaoutdoor.nl\/#website","url":"https:\/\/bulaoutdoor.nl\/","name":"Bula Outdoor","description":"Pour votre chemin\u00e9e ext\u00e9rieure, votre barbecue, votre torche de jardin et votre four \u00e0 bois","publisher":{"@id":"https:\/\/bulaoutdoor.nl\/#organization"},"potentialAction":[{"@type":"SearchAction","target":{"@type":"EntryPoint","urlTemplate":"https:\/\/bulaoutdoor.nl\/?s={search_term_string}"},"query-input":{"@type":"PropertyValueSpecification","valueRequired":true,"valueName":"search_term_string"}}],"inLanguage":"fr-FR"},{"@type":"Organization","@id":"https:\/\/bulaoutdoor.nl\/#organization","name":"Bula Outdoor","url":"https:\/\/bulaoutdoor.nl\/","logo":{"@type":"ImageObject","inLanguage":"fr-FR","@id":"https:\/\/bulaoutdoor.nl\/#\/schema\/logo\/image\/","url":"https:\/\/www.bulaoutdoor.nl\/wp-content\/uploads\/2018\/04\/bulaoutdoor-logo.png","contentUrl":"https:\/\/www.bulaoutdoor.nl\/wp-content\/uploads\/2018\/04\/bulaoutdoor-logo.png","width":324,"height":91,"caption":"Bula Outdoor"},"image":{"@id":"https:\/\/bulaoutdoor.nl\/#\/schema\/logo\/image\/"}}]}},"jetpack_sharing_enabled":true,"_links":{"self":[{"href":"https:\/\/bulaoutdoor.nl\/fr\/wp-json\/wp\/v2\/product\/16381","targetHints":{"allow":["GET"]}}],"collection":[{"href":"https:\/\/bulaoutdoor.nl\/fr\/wp-json\/wp\/v2\/product"}],"about":[{"href":"https:\/\/bulaoutdoor.nl\/fr\/wp-json\/wp\/v2\/types\/product"}],"replies":[{"embeddable":true,"href":"https:\/\/bulaoutdoor.nl\/fr\/wp-json\/wp\/v2\/comments?post=16381"}],"wp:featuredmedia":[{"embeddable":true,"href":"https:\/\/bulaoutdoor.nl\/fr\/wp-json\/wp\/v2\/media\/16382"}],"wp:attachment":[{"href":"https:\/\/bulaoutdoor.nl\/fr\/wp-json\/wp\/v2\/media?parent=16381"}],"wp:term":[{"taxonomy":"product_brand","embeddable":true,"href":"https:\/\/bulaoutdoor.nl\/fr\/wp-json\/wp\/v2\/product_brand?post=16381"},{"taxonomy":"product_cat","embeddable":true,"href":"https:\/\/bulaoutdoor.nl\/fr\/wp-json\/wp\/v2\/product_cat?post=16381"},{"taxonomy":"product_tag","embeddable":true,"href":"https:\/\/bulaoutdoor.nl\/fr\/wp-json\/wp\/v2\/product_tag?post=16381"}],"curies":[{"name":"wp","href":"https:\/\/api.w.org\/{rel}","templated":true}]}}