{"id":16417,"date":"2019-07-30T13:06:40","date_gmt":"2019-07-30T13:06:40","guid":{"rendered":"https:\/\/www.bulaoutdoor.nl\/product\/charlton-jenrick-purevision-heritage-breed\/"},"modified":"2026-04-04T04:14:35","modified_gmt":"2026-04-04T04:14:35","slug":"charlton-jenrick-purevision-heritage-broad","status":"publish","type":"product","link":"https:\/\/bulaoutdoor.nl\/fr\/product\/charlton-jenrick-purevision-heritage-breed\/","title":{"rendered":"Charlton &amp; Jenrick Purevision Heritage Wide 5kW porte droite"},"content":{"rendered":"<h2>Po\u00eale \u00e0 bois Purevision Heritage Wide 5kW de Charlton &amp; Jenrick<\/h2>\n<p>La tradition rencontre la technologie la plus r\u00e9cente en mati\u00e8re de po\u00eales et de chemin\u00e9es d'ambiance : La s\u00e9rie \"Heritage\" de <a href=\"https:\/\/www.haveverwarming.nl\/charlton-and-jenrick\">Charlton &amp; Jenrick<\/a> est sp\u00e9cial parce qu'il combine cette authentique chemin\u00e9e design avec la derni\u00e8re technologie ECO-design2022. Profitez donc de ce look traditionnel avec la meilleure et la plus moderne des technologies de combustion.<\/p>\n<h3>Trois longueurs sont disponibles pour ce po\u00eale \u00e0 bois :<\/h3>\n<ul>\n<li><strong>56,6 cm<\/strong> - C'est la longueur du po\u00eale avec les pieds de 50 mm.<\/li>\n<li><strong>59,1 cm -&nbsp;<\/strong>C'est la longueur du po\u00eale avec les pieds de 75 mm.<\/li>\n<li><strong>61,6 cm<\/strong>&nbsp;- C'est la longueur du po\u00eale avec les pieds de 100 mm.<\/li>\n<li><strong>La longueur des pieds ne peut pas \u00eatre ajout\u00e9e \u00e0 la longueur du po\u00eale !<\/strong><\/li>\n<\/ul>\n<p><strong>La hauteur du tuyau dur est diff\u00e9rente pour chaque version de ce po\u00eale \u00e0 bois :<\/strong><\/p>\n<ul>\n<li>Avec ses pieds bas, le h<label for=\"FVXW3V2\" data-bind=\"attr: {for: uid}\">hauteur du tuyau d'art <\/label>\u00e0 488 mm<\/li>\n<li>Au niveau des jambes moyennes, l'indice h<label for=\"FVXW3V2\" data-bind=\"attr: {for: uid}\">hauteur du tuyau d'art <\/label>\u00e0 513 mm<\/li>\n<li>Avec ses longues jambes, le h<label for=\"FVXW3V2\" data-bind=\"attr: {for: uid}\">hauteur du tuyau d'art <\/label>\u00e0 538 mm<\/li>\n<\/ul>\n<h3>Caract\u00e9ristiques techniques uniques Po\u00eale \u00e0 bois Charlton &amp; Jenrick Purevision Heritage<\/h3>\n<ul>\n<li><strong>Style authentique et design \u00e9l\u00e9gant, s'adaptant \u00e0 tout int\u00e9rieur moderne ou classique<\/strong> - Les chemin\u00e9es Heritage ont \u00e9t\u00e9 con\u00e7ues avec le plus grand soin par les meilleurs designers afin de mettre en valeur leur aspect traditionnel dans les int\u00e9rieurs les plus divers.<\/li>\n<li><strong>Fen\u00eatre panoramique en verre -&nbsp;<\/strong>Les chemin\u00e9es patrimoniales offrent une vue HD spectaculaire des flammes, une exigence que tout le monde souhaite pour faire de la chemin\u00e9e la pi\u00e8ce ma\u00eetresse la plus atmosph\u00e9rique de l'int\u00e9rieur. En fonction de vos go\u00fbts personnels, vous pouvez choisir entre une vue en arc de cercle ou une vue droite et \u00e9l\u00e9gante.<\/li>\n<li><strong>Syst\u00e8me d'a\u00e9ration tertiaire brevet\u00e9<\/strong> - Comme l'ensemble des <a href=\"https:\/\/www.haveverwarming.nl\/kachels\/hout?serie=331\">Purevision<\/a> La collection Heritage est dot\u00e9e de la derni\u00e8re technologie de combustion, de faibles \u00e9missions et d'une grande efficacit\u00e9 de combustion, ce qui permet d'obtenir un rendement thermique \u00e9lev\u00e9 pour une faible consommation de b\u00fbches.<\/li>\n<li><strong>Choix de la hauteur<\/strong> - Pour r\u00e9pondre aux diff\u00e9rentes exigences de hauteur du foyer, nous proposons un choix de 3 hauteurs de pieds diff\u00e9rentes.<\/li>\n<li><strong>Fonctionnement avec des curseurs d'air<\/strong> - Profitez d'une circulation d'air exceptionnelle, de flammes puissantes et d'une puissance calorifique facilement r\u00e9glable gr\u00e2ce au syst\u00e8me intelligent de contr\u00f4le automatique de l'air via les deux curseurs d'air facilement r\u00e9glables.<\/li>\n<li><strong>Nettoyage puissant de l'air<\/strong> - Cela garantit une vision claire et continue des flammes.<\/li>\n<li><strong>Syst\u00e8me d'\u00e9tranglement hybride Prism<\/strong> - Il s'agit de la derni\u00e8re technologie de combustion qui contr\u00f4le le m\u00e9lange optimal des gaz de combustion avec l'oxyg\u00e8ne. Cela permet d'obtenir les \u00e9missions les plus faibles possibles avec le rendement de combustion le plus \u00e9lev\u00e9 possible.<\/li>\n<li><strong>Capot de style authentique en option<\/strong> - Ce style de hotte donne \u00e0 la chemin\u00e9e un aspect authentique et est largement utilis\u00e9 dans les grandes pi\u00e8ces ou lorsqu'elle est install\u00e9e \u00e0 la place d'une ancienne chemin\u00e9e.<\/li>\n<li><strong>Raccordement flexible de l'air ext\u00e9rieur en option<\/strong> - Avec une connexion directe \u00e0 l'air ext\u00e9rieur, il n'est pas n\u00e9cessaire d'installer des ventilateurs s\u00e9par\u00e9s dans la pi\u00e8ce.<\/li>\n<li><strong>Plaque de fond du foyer<\/strong> - Tous les mod\u00e8les autoportants peuvent \u00eatre plac\u00e9s sur une plaque de base ignifuge de 12 mm d'\u00e9paisseur qui s'\u00e9tend sur 230 mm devant le foyer.<\/li>\n<\/ul>\n<p>Ce po\u00eale est livr\u00e9 en standard sans compartiment \u00e0 b\u00fbches (voir les suppl\u00e9ments pour le co\u00fbt suppl\u00e9mentaire).&nbsp;<\/p>\n<h3>Centre d'exp\u00e9rience<\/h3>\n<p>Curieux de savoir comment br\u00fblent les po\u00eales \u00e0 bois Charlton &amp; Jenrick ? Visitez notre site web.&nbsp;<a href=\"https:\/\/www.haveverwarming.nl\/experiencecenter\" target=\"_blank\" rel=\"noopener\">Centre d'exp\u00e9rience.<\/a> Des conseillers de HAV\u00c9 Chauffage seront pr\u00e9sents pour vous parler des po\u00eales \u00e0 bois et de Charlton &amp; Jenrick.<\/p>\n<p>T\u00e9l\u00e9chargements de produits<\/p>\n<ul>\n<li><a class=\"download file\" href=\"https:\/\/www.haveverwarming.nl\/amfile\/file\/download\/file\/6428\/product\/1249\/\" target=\"_blank\"><span>Brochure sur le tir responsable<\/span><\/a><\/li>\n<li><a class=\"download file\" href=\"https:\/\/www.haveverwarming.nl\/amfile\/file\/download\/file\/7279\/product\/1249\/\" target=\"_blank\"><span>Instructions de montage de l'ensemble d'alimentation en air<\/span><\/a><\/li>\n<li><a class=\"download file\" href=\"https:\/\/www.haveverwarming.nl\/amfile\/file\/download\/file\/7280\/product\/1249\/\" target=\"_blank\"><span>Manuel du patrimoine<\/span><\/a><\/li>\n<li><a class=\"download file\" href=\"https:\/\/www.haveverwarming.nl\/amfile\/file\/download\/file\/7281\/product\/1249\/\" target=\"_blank\"><span>Dessin au trait Purevision Heritage Wide<\/span><\/a><\/li>\n<li><a class=\"download file\" href=\"https:\/\/www.haveverwarming.nl\/amfile\/file\/download\/file\/7282\/product\/1249\/\" target=\"_blank\"><span>HPV5W sans hotte avec compartiment \u00e0 b\u00fbches<\/span><\/a><\/li>\n<li><a class=\"download file\" href=\"https:\/\/www.haveverwarming.nl\/amfile\/file\/download\/file\/7283\/product\/1249\/\" target=\"_blank\"><span>HPV5W avec hotte sans compartiment \u00e0 b\u00fbches<\/span><\/a><\/li>\n<li><a class=\"download file\" href=\"https:\/\/www.haveverwarming.nl\/amfile\/file\/download\/file\/7284\/product\/1249\/\" target=\"_blank\"><span>HPV5W avec hotte et compartiment \u00e0 b\u00fbches<\/span><\/a><\/li>\n<li><a class=\"download file\" href=\"https:\/\/www.haveverwarming.nl\/amfile\/file\/download\/file\/7285\/product\/1249\/\" target=\"_blank\"><span>Carte d'information n\u00e9erlandaise Purevision Heritage<\/span><\/a><\/li>\n<li><a class=\"download file\" href=\"https:\/\/www.haveverwarming.nl\/amfile\/file\/download\/file\/7677\/product\/1249\/\" target=\"_blank\"><span>Etiquette \u00e9nerg\u00e9tique Purevision Heritage Wide 5kW<\/span><\/a><\/li>\n<li><a class=\"download file\" href=\"https:\/\/www.haveverwarming.nl\/amfile\/file\/download\/file\/9086\/product\/1249\/\" target=\"_blank\"><span>Brochure C&amp;J Bois 2025<\/span><\/a><\/li>\n<li><a class=\"download file\" href=\"https:\/\/www.haveverwarming.nl\/productpdf\/download\/file\/id\/1249\/name\/Charlton_%2526_Jenrick_Purevision_Heritage_Breed_5kW_rechte_deur.pdf\/\" target=\"_blank\"><span>T\u00e9l\u00e9charger la fiche technique<\/span><\/a><\/li>\n<\/ul>","protected":false},"excerpt":{"rendered":"<p>Charlton &amp; Jenrick Purevision Heritage Breed 5kW houtkachel Waar traditie samengaat met de nieuwste technologie voor sfeerkachels en haarden:&nbsp;De \u201cHeritage\u201d serie van Charlton &amp; Jenrick is bijzonder omdat zij deze authentieke designhaard combineert met de nieuwste ECO-design2022 technologie. Geniet dus van deze traditionele uitstraling met de beste en meest moderne verbrandingstechnieken. Er zijn drie lengtes [&hellip;]<\/p>\n","protected":false},"featured_media":55411,"comment_status":"open","ping_status":"closed","template":"","meta":{"_acf_changed":false},"product_brand":[],"product_cat":[1092],"product_tag":[],"class_list":{"0":"post-16417","1":"product","2":"type-product","3":"status-publish","4":"has-post-thumbnail","6":"product_cat-vrijstaande-houtkachels","8":"first","9":"instock","10":"taxable","11":"shipping-taxable","12":"purchasable","13":"product-type-simple"},"acf":[],"yoast_head":"<!-- This site is optimized with the Yoast SEO plugin v27.3 - https:\/\/yoast.com\/product\/yoast-seo-wordpress\/ -->\n<title>Charlton &amp; Jenrick Purevision Heritage Breed 5kW rechte deur &#8211; Bula Outdoor<\/title>\n<meta name=\"robots\" content=\"index, follow, max-snippet:-1, max-image-preview:large, max-video-preview:-1\" \/>\n<link rel=\"canonical\" href=\"https:\/\/bulaoutdoor.nl\/fr\/produit\/charlton-jenrick-purevision-heritage-broad\/\" \/>\n<meta property=\"og:locale\" content=\"fr_FR\" \/>\n<meta property=\"og:type\" content=\"article\" \/>\n<meta property=\"og:title\" content=\"Charlton &amp; Jenrick Purevision Heritage Breed 5kW rechte deur &#8211; Bula Outdoor\" \/>\n<meta property=\"og:description\" content=\"Charlton &amp; Jenrick Purevision Heritage Breed 5kW houtkachel Waar traditie samengaat met de nieuwste technologie voor sfeerkachels en haarden:&nbsp;De \u201cHeritage\u201d serie van Charlton &amp; Jenrick is bijzonder omdat zij deze authentieke designhaard combineert met de nieuwste ECO-design2022 technologie. Geniet dus van deze traditionele uitstraling met de beste en meest moderne verbrandingstechnieken. Er zijn drie lengtes [&hellip;]\" \/>\n<meta property=\"og:url\" content=\"https:\/\/bulaoutdoor.nl\/fr\/produit\/charlton-jenrick-purevision-heritage-broad\/\" \/>\n<meta property=\"og:site_name\" content=\"Bula Outdoor\" \/>\n<meta property=\"article:modified_time\" content=\"2026-04-04T04:14:35+00:00\" \/>\n<meta property=\"og:image\" content=\"https:\/\/bulaoutdoor.nl\/wp-content\/uploads\/2019\/07\/heritage_breed2.jpg\" \/>\n\t<meta property=\"og:image:width\" content=\"1000\" \/>\n\t<meta property=\"og:image:height\" content=\"1000\" \/>\n\t<meta property=\"og:image:type\" content=\"image\/jpeg\" \/>\n<meta name=\"twitter:card\" content=\"summary_large_image\" \/>\n<meta name=\"twitter:label1\" content=\"Dur\u00e9e de lecture estim\u00e9e\" \/>\n\t<meta name=\"twitter:data1\" content=\"3 minutes\" \/>\n<script type=\"application\/ld+json\" class=\"yoast-schema-graph\">{\"@context\":\"https:\\\/\\\/schema.org\",\"@graph\":[{\"@type\":\"WebPage\",\"@id\":\"https:\\\/\\\/bulaoutdoor.nl\\\/product\\\/charlton-jenrick-purevision-heritage-breed\\\/\",\"url\":\"https:\\\/\\\/bulaoutdoor.nl\\\/product\\\/charlton-jenrick-purevision-heritage-breed\\\/\",\"name\":\"Charlton &amp; Jenrick Purevision Heritage Breed 5kW rechte deur &#8211; Bula Outdoor\",\"isPartOf\":{\"@id\":\"https:\\\/\\\/bulaoutdoor.nl\\\/#website\"},\"primaryImageOfPage\":{\"@id\":\"https:\\\/\\\/bulaoutdoor.nl\\\/product\\\/charlton-jenrick-purevision-heritage-breed\\\/#primaryimage\"},\"image\":{\"@id\":\"https:\\\/\\\/bulaoutdoor.nl\\\/product\\\/charlton-jenrick-purevision-heritage-breed\\\/#primaryimage\"},\"thumbnailUrl\":\"https:\\\/\\\/bulaoutdoor.nl\\\/wp-content\\\/uploads\\\/2019\\\/07\\\/heritage_breed2.jpg\",\"datePublished\":\"2019-07-30T13:06:40+00:00\",\"dateModified\":\"2026-04-04T04:14:35+00:00\",\"breadcrumb\":{\"@id\":\"https:\\\/\\\/bulaoutdoor.nl\\\/product\\\/charlton-jenrick-purevision-heritage-breed\\\/#breadcrumb\"},\"inLanguage\":\"fr-FR\",\"potentialAction\":[{\"@type\":\"ReadAction\",\"target\":[\"https:\\\/\\\/bulaoutdoor.nl\\\/product\\\/charlton-jenrick-purevision-heritage-breed\\\/\"]}]},{\"@type\":\"ImageObject\",\"inLanguage\":\"fr-FR\",\"@id\":\"https:\\\/\\\/bulaoutdoor.nl\\\/product\\\/charlton-jenrick-purevision-heritage-breed\\\/#primaryimage\",\"url\":\"https:\\\/\\\/bulaoutdoor.nl\\\/wp-content\\\/uploads\\\/2019\\\/07\\\/heritage_breed2.jpg\",\"contentUrl\":\"https:\\\/\\\/bulaoutdoor.nl\\\/wp-content\\\/uploads\\\/2019\\\/07\\\/heritage_breed2.jpg\",\"width\":1000,\"height\":1000,\"caption\":\"charlton-jenrick-purevision-heritage-breed-5kw-rechte-deur-thumbnail\"},{\"@type\":\"BreadcrumbList\",\"@id\":\"https:\\\/\\\/bulaoutdoor.nl\\\/product\\\/charlton-jenrick-purevision-heritage-breed\\\/#breadcrumb\",\"itemListElement\":[{\"@type\":\"ListItem\",\"position\":1,\"name\":\"Home\",\"item\":\"https:\\\/\\\/bulaoutdoor.nl\\\/\"},{\"@type\":\"ListItem\",\"position\":2,\"name\":\"Online BBQ kopen\",\"item\":\"https:\\\/\\\/bulaoutdoor.nl\\\/\"},{\"@type\":\"ListItem\",\"position\":3,\"name\":\"Charlton &amp; Jenrick Purevision Heritage Breed 5kW rechte deur\"}]},{\"@type\":\"WebSite\",\"@id\":\"https:\\\/\\\/bulaoutdoor.nl\\\/#website\",\"url\":\"https:\\\/\\\/bulaoutdoor.nl\\\/\",\"name\":\"Bula Outdoor\",\"description\":\"Voor uw buitenhaard, BBQ, tuinfakkel en houtoven\",\"publisher\":{\"@id\":\"https:\\\/\\\/bulaoutdoor.nl\\\/#organization\"},\"potentialAction\":[{\"@type\":\"SearchAction\",\"target\":{\"@type\":\"EntryPoint\",\"urlTemplate\":\"https:\\\/\\\/bulaoutdoor.nl\\\/?s={search_term_string}\"},\"query-input\":{\"@type\":\"PropertyValueSpecification\",\"valueRequired\":true,\"valueName\":\"search_term_string\"}}],\"inLanguage\":\"fr-FR\"},{\"@type\":\"Organization\",\"@id\":\"https:\\\/\\\/bulaoutdoor.nl\\\/#organization\",\"name\":\"Bula Outdoor\",\"url\":\"https:\\\/\\\/bulaoutdoor.nl\\\/\",\"logo\":{\"@type\":\"ImageObject\",\"inLanguage\":\"fr-FR\",\"@id\":\"https:\\\/\\\/bulaoutdoor.nl\\\/#\\\/schema\\\/logo\\\/image\\\/\",\"url\":\"https:\\\/\\\/www.bulaoutdoor.nl\\\/wp-content\\\/uploads\\\/2018\\\/04\\\/bulaoutdoor-logo.png\",\"contentUrl\":\"https:\\\/\\\/www.bulaoutdoor.nl\\\/wp-content\\\/uploads\\\/2018\\\/04\\\/bulaoutdoor-logo.png\",\"width\":324,\"height\":91,\"caption\":\"Bula Outdoor\"},\"image\":{\"@id\":\"https:\\\/\\\/bulaoutdoor.nl\\\/#\\\/schema\\\/logo\\\/image\\\/\"}}]}<\/script>\n<!-- \/ Yoast SEO plugin. -->","yoast_head_json":{"title":"Charlton &amp; Jenrick Purevision Heritage Wide 5kW porte droite - Bula Outdoor","robots":{"index":"index","follow":"follow","max-snippet":"max-snippet:-1","max-image-preview":"max-image-preview:large","max-video-preview":"max-video-preview:-1"},"canonical":"https:\/\/bulaoutdoor.nl\/fr\/produit\/charlton-jenrick-purevision-heritage-broad\/","og_locale":"fr_FR","og_type":"article","og_title":"Charlton &amp; Jenrick Purevision Heritage Breed 5kW rechte deur &#8211; Bula Outdoor","og_description":"Charlton &amp; Jenrick Purevision Heritage Breed 5kW houtkachel Waar traditie samengaat met de nieuwste technologie voor sfeerkachels en haarden:&nbsp;De \u201cHeritage\u201d serie van Charlton &amp; Jenrick is bijzonder omdat zij deze authentieke designhaard combineert met de nieuwste ECO-design2022 technologie. Geniet dus van deze traditionele uitstraling met de beste en meest moderne verbrandingstechnieken. Er zijn drie lengtes [&hellip;]","og_url":"https:\/\/bulaoutdoor.nl\/fr\/produit\/charlton-jenrick-purevision-heritage-broad\/","og_site_name":"Bula Outdoor","article_modified_time":"2026-04-04T04:14:35+00:00","og_image":[{"width":1000,"height":1000,"url":"https:\/\/bulaoutdoor.nl\/wp-content\/uploads\/2019\/07\/heritage_breed2.jpg","type":"image\/jpeg"}],"twitter_card":"summary_large_image","twitter_misc":{"Dur\u00e9e de lecture estim\u00e9e":"3 minutes"},"schema":{"@context":"https:\/\/schema.org","@graph":[{"@type":"WebPage","@id":"https:\/\/bulaoutdoor.nl\/product\/charlton-jenrick-purevision-heritage-breed\/","url":"https:\/\/bulaoutdoor.nl\/product\/charlton-jenrick-purevision-heritage-breed\/","name":"Charlton &amp; Jenrick Purevision Heritage Wide 5kW porte droite - Bula Outdoor","isPartOf":{"@id":"https:\/\/bulaoutdoor.nl\/#website"},"primaryImageOfPage":{"@id":"https:\/\/bulaoutdoor.nl\/product\/charlton-jenrick-purevision-heritage-breed\/#primaryimage"},"image":{"@id":"https:\/\/bulaoutdoor.nl\/product\/charlton-jenrick-purevision-heritage-breed\/#primaryimage"},"thumbnailUrl":"https:\/\/bulaoutdoor.nl\/wp-content\/uploads\/2019\/07\/heritage_breed2.jpg","datePublished":"2019-07-30T13:06:40+00:00","dateModified":"2026-04-04T04:14:35+00:00","breadcrumb":{"@id":"https:\/\/bulaoutdoor.nl\/product\/charlton-jenrick-purevision-heritage-breed\/#breadcrumb"},"inLanguage":"fr-FR","potentialAction":[{"@type":"ReadAction","target":["https:\/\/bulaoutdoor.nl\/product\/charlton-jenrick-purevision-heritage-breed\/"]}]},{"@type":"ImageObject","inLanguage":"fr-FR","@id":"https:\/\/bulaoutdoor.nl\/product\/charlton-jenrick-purevision-heritage-breed\/#primaryimage","url":"https:\/\/bulaoutdoor.nl\/wp-content\/uploads\/2019\/07\/heritage_breed2.jpg","contentUrl":"https:\/\/bulaoutdoor.nl\/wp-content\/uploads\/2019\/07\/heritage_breed2.jpg","width":1000,"height":1000,"caption":"charlton-jenrick-purevision-heritage-breed-5kw-rechte-deur-thumbnail"},{"@type":"BreadcrumbList","@id":"https:\/\/bulaoutdoor.nl\/product\/charlton-jenrick-purevision-heritage-breed\/#breadcrumb","itemListElement":[{"@type":"ListItem","position":1,"name":"Home","item":"https:\/\/bulaoutdoor.nl\/"},{"@type":"ListItem","position":2,"name":"Online BBQ kopen","item":"https:\/\/bulaoutdoor.nl\/"},{"@type":"ListItem","position":3,"name":"Charlton &amp; Jenrick Purevision Heritage Breed 5kW rechte deur"}]},{"@type":"WebSite","@id":"https:\/\/bulaoutdoor.nl\/#website","url":"https:\/\/bulaoutdoor.nl\/","name":"Bula Outdoor","description":"Pour votre chemin\u00e9e ext\u00e9rieure, votre barbecue, votre torche de jardin et votre four \u00e0 bois","publisher":{"@id":"https:\/\/bulaoutdoor.nl\/#organization"},"potentialAction":[{"@type":"SearchAction","target":{"@type":"EntryPoint","urlTemplate":"https:\/\/bulaoutdoor.nl\/?s={search_term_string}"},"query-input":{"@type":"PropertyValueSpecification","valueRequired":true,"valueName":"search_term_string"}}],"inLanguage":"fr-FR"},{"@type":"Organization","@id":"https:\/\/bulaoutdoor.nl\/#organization","name":"Bula Outdoor","url":"https:\/\/bulaoutdoor.nl\/","logo":{"@type":"ImageObject","inLanguage":"fr-FR","@id":"https:\/\/bulaoutdoor.nl\/#\/schema\/logo\/image\/","url":"https:\/\/www.bulaoutdoor.nl\/wp-content\/uploads\/2018\/04\/bulaoutdoor-logo.png","contentUrl":"https:\/\/www.bulaoutdoor.nl\/wp-content\/uploads\/2018\/04\/bulaoutdoor-logo.png","width":324,"height":91,"caption":"Bula Outdoor"},"image":{"@id":"https:\/\/bulaoutdoor.nl\/#\/schema\/logo\/image\/"}}]}},"jetpack_sharing_enabled":true,"_links":{"self":[{"href":"https:\/\/bulaoutdoor.nl\/fr\/wp-json\/wp\/v2\/product\/16417","targetHints":{"allow":["GET"]}}],"collection":[{"href":"https:\/\/bulaoutdoor.nl\/fr\/wp-json\/wp\/v2\/product"}],"about":[{"href":"https:\/\/bulaoutdoor.nl\/fr\/wp-json\/wp\/v2\/types\/product"}],"replies":[{"embeddable":true,"href":"https:\/\/bulaoutdoor.nl\/fr\/wp-json\/wp\/v2\/comments?post=16417"}],"wp:featuredmedia":[{"embeddable":true,"href":"https:\/\/bulaoutdoor.nl\/fr\/wp-json\/wp\/v2\/media\/55411"}],"wp:attachment":[{"href":"https:\/\/bulaoutdoor.nl\/fr\/wp-json\/wp\/v2\/media?parent=16417"}],"wp:term":[{"taxonomy":"product_brand","embeddable":true,"href":"https:\/\/bulaoutdoor.nl\/fr\/wp-json\/wp\/v2\/product_brand?post=16417"},{"taxonomy":"product_cat","embeddable":true,"href":"https:\/\/bulaoutdoor.nl\/fr\/wp-json\/wp\/v2\/product_cat?post=16417"},{"taxonomy":"product_tag","embeddable":true,"href":"https:\/\/bulaoutdoor.nl\/fr\/wp-json\/wp\/v2\/product_tag?post=16417"}],"curies":[{"name":"wp","href":"https:\/\/api.w.org\/{rel}","templated":true}]}}