{"id":16435,"date":"2019-09-20T14:41:18","date_gmt":"2019-09-20T14:41:18","guid":{"rendered":"https:\/\/www.bulaoutdoor.nl\/product\/jydepejsen-cozy-met-zijruiten\/"},"modified":"2026-04-04T04:14:39","modified_gmt":"2026-04-04T04:14:39","slug":"jydepejsen-cozy-with-side-windows","status":"publish","type":"product","link":"https:\/\/bulaoutdoor.nl\/fr\/product\/jydepejsen-cozy-met-zijruiten\/","title":{"rendered":"Jydepejsen Cozy Classic avec fen\u00eatres lat\u00e9rales"},"content":{"rendered":"<h2>Le Jydepejsen Cozy avec fen\u00eatres lat\u00e9rales<\/h2>\n<p>Les <a href=\"https:\/\/www.haveverwarming.nl\/jydepejsen\">Jydepejsen<\/a> Cozy est le dernier mod\u00e8le de Jydepejsen et pr\u00e9sente de nombreuses caract\u00e9ristiques uniques. Il existe deux nouvelles variantes : le Cozy Classic, en fonte, et le Cozy Modern, \u00e9galement en fonte mais avec une porte vitr\u00e9e. Les deux mod\u00e8les peuvent \u00eatre \u00e9quip\u00e9s de vitres lat\u00e9rales, ce qui permet de mieux voir le feu de ce magnifique po\u00eale \u00e0 bois. En outre, le Cozy a un fond plus large et plus profond, avec la possibilit\u00e9 de r\u00e9gler la grille et une porte \u00e0 fermeture automatique, comme le Senza.<\/p>\n<p class=\"p1\"><strong>Remarque :<\/strong> Si le po\u00eale est raccord\u00e9 \u00e0 l'arri\u00e8re, une plaque de recouvrement (suppl\u00e9ment de prix, voir suppl\u00e9ments) est n\u00e9cessaire pour fermer le raccordement des gaz de combustion en haut.<\/p>\n<h3>Admirez les po\u00eales \u00e0 bois Jydepejsen par vous-m\u00eame<\/h3>\n<p>Venez au <a href=\"https:\/\/www.haveverwarming.nl\/experiencecenter\" target=\"_blank\" rel=\"noopener\">Centre d'exp\u00e9rience<\/a> de HAV\u00c9 Chauffer et admirer ces <a href=\"https:\/\/www.haveverwarming.nl\/kachels\" target=\"_blank\" rel=\"noopener\">po\u00eale<\/a> de Jydepejsen lui-m\u00eame !<\/p>\n<p>T\u00e9l\u00e9chargements de produits<\/p>\n<ul>\n<li><a class=\"download file\" href=\"https:\/\/www.haveverwarming.nl\/amfile\/file\/download\/file\/9157\/product\/1272\/\" target=\"_blank\"><span>Brochure Jydepejsen<\/span><\/a><\/li>\n<li><a class=\"download file\" href=\"https:\/\/www.haveverwarming.nl\/amfile\/file\/download\/file\/2438\/product\/1272\/\" target=\"_blank\"><span>Dessin au trait Jydepejsen Cozy<\/span><\/a><\/li>\n<li><a class=\"download file\" href=\"https:\/\/www.haveverwarming.nl\/amfile\/file\/download\/file\/2784\/product\/1272\/\" target=\"_blank\"><span>\u00c9tiquette \u00e9nerg\u00e9tique Cozy<\/span><\/a><\/li>\n<li><a class=\"download file\" href=\"https:\/\/www.haveverwarming.nl\/amfile\/file\/download\/file\/5773\/product\/1272\/\" target=\"_blank\"><span>Manuel Jydepejsen Cozy<\/span><\/a><\/li>\n<li><a class=\"download file\" href=\"https:\/\/www.haveverwarming.nl\/amfile\/file\/download\/file\/6553\/product\/1272\/\" target=\"_blank\"><span>Brochure sur le tir responsable<\/span><\/a><\/li>\n<li><a class=\"download file\" href=\"https:\/\/www.haveverwarming.nl\/productpdf\/download\/file\/id\/1272\/name\/Jydepejsen_Cozy_Classic_met_zijruiten.pdf\/\" target=\"_blank\"><span>T\u00e9l\u00e9charger la fiche technique<\/span><\/a><\/li>\n<\/ul>","protected":false},"excerpt":{"rendered":"<p>De&nbsp;Jydepejsen Cozy met zijruiten De Jydepejsen Cozy is het nieuwste model van Jydepejsen en heeft veel unieke eigenschappen. Er zijn twee nieuwe varianten: de Cozy Classic, gemaakt van gietijzer, en de Cozy Modern, ook van gietijzer maar met een glazen deur. Beide modellen hebben de mogelijkheid tot zijruiten, waardoor u een beter zicht hebt op [&hellip;]<\/p>\n","protected":false},"featured_media":16436,"comment_status":"open","ping_status":"closed","template":"","meta":{"_acf_changed":false},"product_brand":[],"product_cat":[1092],"product_tag":[],"class_list":{"0":"post-16435","1":"product","2":"type-product","3":"status-publish","4":"has-post-thumbnail","6":"product_cat-vrijstaande-houtkachels","8":"first","9":"instock","10":"taxable","11":"shipping-taxable","12":"purchasable","13":"product-type-simple"},"acf":[],"yoast_head":"<!-- This site is optimized with the Yoast SEO plugin v27.3 - https:\/\/yoast.com\/product\/yoast-seo-wordpress\/ -->\n<title>Jydepejsen Cozy Classic met zijruiten &#8211; Bula Outdoor<\/title>\n<meta name=\"robots\" content=\"index, follow, max-snippet:-1, max-image-preview:large, max-video-preview:-1\" \/>\n<link rel=\"canonical\" href=\"https:\/\/bulaoutdoor.nl\/fr\/produit\/jydepejsen-cozy-with-side-windows\/\" \/>\n<meta property=\"og:locale\" content=\"fr_FR\" \/>\n<meta property=\"og:type\" content=\"article\" \/>\n<meta property=\"og:title\" content=\"Jydepejsen Cozy Classic met zijruiten &#8211; Bula Outdoor\" \/>\n<meta property=\"og:description\" content=\"De&nbsp;Jydepejsen Cozy met zijruiten De Jydepejsen Cozy is het nieuwste model van Jydepejsen en heeft veel unieke eigenschappen. Er zijn twee nieuwe varianten: de Cozy Classic, gemaakt van gietijzer, en de Cozy Modern, ook van gietijzer maar met een glazen deur. Beide modellen hebben de mogelijkheid tot zijruiten, waardoor u een beter zicht hebt op [&hellip;]\" \/>\n<meta property=\"og:url\" content=\"https:\/\/bulaoutdoor.nl\/fr\/produit\/jydepejsen-cozy-with-side-windows\/\" \/>\n<meta property=\"og:site_name\" content=\"Bula Outdoor\" \/>\n<meta property=\"article:modified_time\" content=\"2026-04-04T04:14:39+00:00\" \/>\n<meta property=\"og:image\" content=\"https:\/\/bulaoutdoor.nl\/wp-content\/uploads\/2019\/09\/cozy-classic-zijruiten.jpg\" \/>\n\t<meta property=\"og:image:width\" content=\"1000\" \/>\n\t<meta property=\"og:image:height\" content=\"1000\" \/>\n\t<meta property=\"og:image:type\" content=\"image\/jpeg\" \/>\n<meta name=\"twitter:card\" content=\"summary_large_image\" \/>\n<meta name=\"twitter:label1\" content=\"Dur\u00e9e de lecture estim\u00e9e\" \/>\n\t<meta name=\"twitter:data1\" content=\"1 minute\" \/>\n<script type=\"application\/ld+json\" class=\"yoast-schema-graph\">{\"@context\":\"https:\\\/\\\/schema.org\",\"@graph\":[{\"@type\":\"WebPage\",\"@id\":\"https:\\\/\\\/bulaoutdoor.nl\\\/product\\\/jydepejsen-cozy-met-zijruiten\\\/\",\"url\":\"https:\\\/\\\/bulaoutdoor.nl\\\/product\\\/jydepejsen-cozy-met-zijruiten\\\/\",\"name\":\"Jydepejsen Cozy Classic met zijruiten &#8211; Bula Outdoor\",\"isPartOf\":{\"@id\":\"https:\\\/\\\/bulaoutdoor.nl\\\/#website\"},\"primaryImageOfPage\":{\"@id\":\"https:\\\/\\\/bulaoutdoor.nl\\\/product\\\/jydepejsen-cozy-met-zijruiten\\\/#primaryimage\"},\"image\":{\"@id\":\"https:\\\/\\\/bulaoutdoor.nl\\\/product\\\/jydepejsen-cozy-met-zijruiten\\\/#primaryimage\"},\"thumbnailUrl\":\"https:\\\/\\\/bulaoutdoor.nl\\\/wp-content\\\/uploads\\\/2019\\\/09\\\/cozy-classic-zijruiten.jpg\",\"datePublished\":\"2019-09-20T14:41:18+00:00\",\"dateModified\":\"2026-04-04T04:14:39+00:00\",\"breadcrumb\":{\"@id\":\"https:\\\/\\\/bulaoutdoor.nl\\\/product\\\/jydepejsen-cozy-met-zijruiten\\\/#breadcrumb\"},\"inLanguage\":\"fr-FR\",\"potentialAction\":[{\"@type\":\"ReadAction\",\"target\":[\"https:\\\/\\\/bulaoutdoor.nl\\\/product\\\/jydepejsen-cozy-met-zijruiten\\\/\"]}]},{\"@type\":\"ImageObject\",\"inLanguage\":\"fr-FR\",\"@id\":\"https:\\\/\\\/bulaoutdoor.nl\\\/product\\\/jydepejsen-cozy-met-zijruiten\\\/#primaryimage\",\"url\":\"https:\\\/\\\/bulaoutdoor.nl\\\/wp-content\\\/uploads\\\/2019\\\/09\\\/cozy-classic-zijruiten.jpg\",\"contentUrl\":\"https:\\\/\\\/bulaoutdoor.nl\\\/wp-content\\\/uploads\\\/2019\\\/09\\\/cozy-classic-zijruiten.jpg\",\"width\":1000,\"height\":1000,\"caption\":\"jydepejsen-cozy-classic-met-zijruiten-thumbnail\"},{\"@type\":\"BreadcrumbList\",\"@id\":\"https:\\\/\\\/bulaoutdoor.nl\\\/product\\\/jydepejsen-cozy-met-zijruiten\\\/#breadcrumb\",\"itemListElement\":[{\"@type\":\"ListItem\",\"position\":1,\"name\":\"Home\",\"item\":\"https:\\\/\\\/bulaoutdoor.nl\\\/\"},{\"@type\":\"ListItem\",\"position\":2,\"name\":\"Online BBQ kopen\",\"item\":\"https:\\\/\\\/bulaoutdoor.nl\\\/\"},{\"@type\":\"ListItem\",\"position\":3,\"name\":\"Jydepejsen Cozy Classic met zijruiten\"}]},{\"@type\":\"WebSite\",\"@id\":\"https:\\\/\\\/bulaoutdoor.nl\\\/#website\",\"url\":\"https:\\\/\\\/bulaoutdoor.nl\\\/\",\"name\":\"Bula Outdoor\",\"description\":\"Voor uw buitenhaard, BBQ, tuinfakkel en houtoven\",\"publisher\":{\"@id\":\"https:\\\/\\\/bulaoutdoor.nl\\\/#organization\"},\"potentialAction\":[{\"@type\":\"SearchAction\",\"target\":{\"@type\":\"EntryPoint\",\"urlTemplate\":\"https:\\\/\\\/bulaoutdoor.nl\\\/?s={search_term_string}\"},\"query-input\":{\"@type\":\"PropertyValueSpecification\",\"valueRequired\":true,\"valueName\":\"search_term_string\"}}],\"inLanguage\":\"fr-FR\"},{\"@type\":\"Organization\",\"@id\":\"https:\\\/\\\/bulaoutdoor.nl\\\/#organization\",\"name\":\"Bula Outdoor\",\"url\":\"https:\\\/\\\/bulaoutdoor.nl\\\/\",\"logo\":{\"@type\":\"ImageObject\",\"inLanguage\":\"fr-FR\",\"@id\":\"https:\\\/\\\/bulaoutdoor.nl\\\/#\\\/schema\\\/logo\\\/image\\\/\",\"url\":\"https:\\\/\\\/www.bulaoutdoor.nl\\\/wp-content\\\/uploads\\\/2018\\\/04\\\/bulaoutdoor-logo.png\",\"contentUrl\":\"https:\\\/\\\/www.bulaoutdoor.nl\\\/wp-content\\\/uploads\\\/2018\\\/04\\\/bulaoutdoor-logo.png\",\"width\":324,\"height\":91,\"caption\":\"Bula Outdoor\"},\"image\":{\"@id\":\"https:\\\/\\\/bulaoutdoor.nl\\\/#\\\/schema\\\/logo\\\/image\\\/\"}}]}<\/script>\n<!-- \/ Yoast SEO plugin. -->","yoast_head_json":{"title":"Jydepejsen Cozy Classic avec fen\u00eatres lat\u00e9rales - Bula Outdoor","robots":{"index":"index","follow":"follow","max-snippet":"max-snippet:-1","max-image-preview":"max-image-preview:large","max-video-preview":"max-video-preview:-1"},"canonical":"https:\/\/bulaoutdoor.nl\/fr\/produit\/jydepejsen-cozy-with-side-windows\/","og_locale":"fr_FR","og_type":"article","og_title":"Jydepejsen Cozy Classic met zijruiten &#8211; Bula Outdoor","og_description":"De&nbsp;Jydepejsen Cozy met zijruiten De Jydepejsen Cozy is het nieuwste model van Jydepejsen en heeft veel unieke eigenschappen. Er zijn twee nieuwe varianten: de Cozy Classic, gemaakt van gietijzer, en de Cozy Modern, ook van gietijzer maar met een glazen deur. Beide modellen hebben de mogelijkheid tot zijruiten, waardoor u een beter zicht hebt op [&hellip;]","og_url":"https:\/\/bulaoutdoor.nl\/fr\/produit\/jydepejsen-cozy-with-side-windows\/","og_site_name":"Bula Outdoor","article_modified_time":"2026-04-04T04:14:39+00:00","og_image":[{"width":1000,"height":1000,"url":"https:\/\/bulaoutdoor.nl\/wp-content\/uploads\/2019\/09\/cozy-classic-zijruiten.jpg","type":"image\/jpeg"}],"twitter_card":"summary_large_image","twitter_misc":{"Dur\u00e9e de lecture estim\u00e9e":"1 minute"},"schema":{"@context":"https:\/\/schema.org","@graph":[{"@type":"WebPage","@id":"https:\/\/bulaoutdoor.nl\/product\/jydepejsen-cozy-met-zijruiten\/","url":"https:\/\/bulaoutdoor.nl\/product\/jydepejsen-cozy-met-zijruiten\/","name":"Jydepejsen Cozy Classic avec fen\u00eatres lat\u00e9rales - Bula Outdoor","isPartOf":{"@id":"https:\/\/bulaoutdoor.nl\/#website"},"primaryImageOfPage":{"@id":"https:\/\/bulaoutdoor.nl\/product\/jydepejsen-cozy-met-zijruiten\/#primaryimage"},"image":{"@id":"https:\/\/bulaoutdoor.nl\/product\/jydepejsen-cozy-met-zijruiten\/#primaryimage"},"thumbnailUrl":"https:\/\/bulaoutdoor.nl\/wp-content\/uploads\/2019\/09\/cozy-classic-zijruiten.jpg","datePublished":"2019-09-20T14:41:18+00:00","dateModified":"2026-04-04T04:14:39+00:00","breadcrumb":{"@id":"https:\/\/bulaoutdoor.nl\/product\/jydepejsen-cozy-met-zijruiten\/#breadcrumb"},"inLanguage":"fr-FR","potentialAction":[{"@type":"ReadAction","target":["https:\/\/bulaoutdoor.nl\/product\/jydepejsen-cozy-met-zijruiten\/"]}]},{"@type":"ImageObject","inLanguage":"fr-FR","@id":"https:\/\/bulaoutdoor.nl\/product\/jydepejsen-cozy-met-zijruiten\/#primaryimage","url":"https:\/\/bulaoutdoor.nl\/wp-content\/uploads\/2019\/09\/cozy-classic-zijruiten.jpg","contentUrl":"https:\/\/bulaoutdoor.nl\/wp-content\/uploads\/2019\/09\/cozy-classic-zijruiten.jpg","width":1000,"height":1000,"caption":"jydepejsen-cozy-classic-met-zijruiten-thumbnail"},{"@type":"BreadcrumbList","@id":"https:\/\/bulaoutdoor.nl\/product\/jydepejsen-cozy-met-zijruiten\/#breadcrumb","itemListElement":[{"@type":"ListItem","position":1,"name":"Home","item":"https:\/\/bulaoutdoor.nl\/"},{"@type":"ListItem","position":2,"name":"Online BBQ kopen","item":"https:\/\/bulaoutdoor.nl\/"},{"@type":"ListItem","position":3,"name":"Jydepejsen Cozy Classic met zijruiten"}]},{"@type":"WebSite","@id":"https:\/\/bulaoutdoor.nl\/#website","url":"https:\/\/bulaoutdoor.nl\/","name":"Bula Outdoor","description":"Pour votre chemin\u00e9e ext\u00e9rieure, votre barbecue, votre torche de jardin et votre four \u00e0 bois","publisher":{"@id":"https:\/\/bulaoutdoor.nl\/#organization"},"potentialAction":[{"@type":"SearchAction","target":{"@type":"EntryPoint","urlTemplate":"https:\/\/bulaoutdoor.nl\/?s={search_term_string}"},"query-input":{"@type":"PropertyValueSpecification","valueRequired":true,"valueName":"search_term_string"}}],"inLanguage":"fr-FR"},{"@type":"Organization","@id":"https:\/\/bulaoutdoor.nl\/#organization","name":"Bula Outdoor","url":"https:\/\/bulaoutdoor.nl\/","logo":{"@type":"ImageObject","inLanguage":"fr-FR","@id":"https:\/\/bulaoutdoor.nl\/#\/schema\/logo\/image\/","url":"https:\/\/www.bulaoutdoor.nl\/wp-content\/uploads\/2018\/04\/bulaoutdoor-logo.png","contentUrl":"https:\/\/www.bulaoutdoor.nl\/wp-content\/uploads\/2018\/04\/bulaoutdoor-logo.png","width":324,"height":91,"caption":"Bula Outdoor"},"image":{"@id":"https:\/\/bulaoutdoor.nl\/#\/schema\/logo\/image\/"}}]}},"jetpack_sharing_enabled":true,"_links":{"self":[{"href":"https:\/\/bulaoutdoor.nl\/fr\/wp-json\/wp\/v2\/product\/16435","targetHints":{"allow":["GET"]}}],"collection":[{"href":"https:\/\/bulaoutdoor.nl\/fr\/wp-json\/wp\/v2\/product"}],"about":[{"href":"https:\/\/bulaoutdoor.nl\/fr\/wp-json\/wp\/v2\/types\/product"}],"replies":[{"embeddable":true,"href":"https:\/\/bulaoutdoor.nl\/fr\/wp-json\/wp\/v2\/comments?post=16435"}],"wp:featuredmedia":[{"embeddable":true,"href":"https:\/\/bulaoutdoor.nl\/fr\/wp-json\/wp\/v2\/media\/16436"}],"wp:attachment":[{"href":"https:\/\/bulaoutdoor.nl\/fr\/wp-json\/wp\/v2\/media?parent=16435"}],"wp:term":[{"taxonomy":"product_brand","embeddable":true,"href":"https:\/\/bulaoutdoor.nl\/fr\/wp-json\/wp\/v2\/product_brand?post=16435"},{"taxonomy":"product_cat","embeddable":true,"href":"https:\/\/bulaoutdoor.nl\/fr\/wp-json\/wp\/v2\/product_cat?post=16435"},{"taxonomy":"product_tag","embeddable":true,"href":"https:\/\/bulaoutdoor.nl\/fr\/wp-json\/wp\/v2\/product_tag?post=16435"}],"curies":[{"name":"wp","href":"https:\/\/api.w.org\/{rel}","templated":true}]}}