{"id":16748,"date":"2020-07-23T09:01:17","date_gmt":"2020-07-23T09:01:17","guid":{"rendered":"https:\/\/www.bulaoutdoor.nl\/product\/dovre-rock500-wb-houtkachel-3\/"},"modified":"2026-04-03T04:08:24","modified_gmt":"2026-04-03T04:08:24","slug":"dovre-rock500-wb-poele-a-bois-3","status":"publish","type":"product","link":"https:\/\/bulaoutdoor.nl\/fr\/product\/dovre-rock500-wb-houtkachel-3\/","title":{"rendered":"Dovre Rock500 WB"},"content":{"rendered":"<h2>Dovre ROCK500 WB<\/h2>\n<p>Les&nbsp;<a href=\"https:\/\/www.haveverwarming.nl\/dovre\" target=\"_blank\" rel=\"noopener\">Dovre<\/a>&nbsp;Le ROCK500 WB est un&nbsp;<a href=\"https:\/\/www.haveverwarming.nl\/kenniscentrum\/verschillen-houtkachels\/\" target=\"_blank\" rel=\"noopener\">fonte<\/a>&nbsp;po\u00eale \u00e0 bois. A&nbsp;<a href=\"https:\/\/www.haveverwarming.nl\/kachels\/hout\" target=\"_blank\" rel=\"noopener\">po\u00eale \u00e0 bois<\/a>&nbsp;avec des bords doux et un look moderne, mais aussi un po\u00eale qui travaille dur. Ce po\u00eale est dot\u00e9 d'un&nbsp;<a href=\"https:\/\/www.haveverwarming.nl\/kenniscentrum\/het-vermogen-van-een-haard-of-kachel\/\" target=\"_blank\" rel=\"noopener\">pouvoir<\/a> jusqu'\u00e0 9 kW. Le po\u00eale est facile \u00e0 utiliser gr\u00e2ce \u00e0 sa commande \u00e0 air unique, peut \u00eatre raccord\u00e9 directement \u00e0 l'air ext\u00e9rieur et est dot\u00e9 d'un m\u00e9canisme de verrouillage innovant.<\/p>\n<p>Le ROCK 500 WB dispose d'un compartiment \u00e0 bois o\u00f9 vous pouvez ranger votre bois - tr\u00e8s pratique et tr\u00e8s confortable !<\/p>\n<h3>Venez au Centre d'exp\u00e9rience de chauffage HAV\u00c9<\/h3>\n<p>Pour plus d'informations, veuillez nous rendre visite \u00e0 l'adresse suivante&nbsp;<a href=\"https:\/\/www.haveverwarming.nl\/experiencecenter\" target=\"_blank\" rel=\"noopener\">Centre d'exp\u00e9rience<\/a> \u00e0 Lunteren !<\/p>\n<p>T\u00e9l\u00e9chargements de produits<\/p>\n<ul>\n<li><a class=\"download file\" href=\"https:\/\/www.haveverwarming.nl\/amfile\/file\/download\/file\/7931\/product\/1449\/\" target=\"_blank\"><span>Catalogue Dovre 2025<\/span><\/a><\/li>\n<li><a class=\"download file\" href=\"https:\/\/www.haveverwarming.nl\/amfile\/file\/download\/file\/9198\/product\/1449\/\" target=\"_blank\"><span> Informations techniques \u2013 Dovre 2025 \u2013 2026<\/span><\/a><\/li>\n<li><a class=\"download file\" href=\"https:\/\/www.haveverwarming.nl\/amfile\/file\/download\/file\/3444\/product\/1449\/\" target=\"_blank\"><span>Dessin au trait ROCK 500 WB<\/span><\/a><\/li>\n<li><a class=\"download file\" href=\"https:\/\/www.haveverwarming.nl\/amfile\/file\/download\/file\/3446\/product\/1449\/\" target=\"_blank\"><span>Label \u00e9nerg\u00e9tique Dovre Rock 500 WB<\/span><\/a><\/li>\n<li><a class=\"download file\" href=\"https:\/\/www.haveverwarming.nl\/amfile\/file\/download\/file\/6475\/product\/1449\/\" target=\"_blank\"><span>Brochure sur le tir responsable<\/span><\/a><\/li>\n<li><a class=\"download file\" href=\"https:\/\/www.haveverwarming.nl\/amfile\/file\/download\/file\/9261\/product\/1449\/\" target=\"_blank\"><span>Instructions d'installation et d'utilisation Rock500 TB<\/span><\/a><\/li>\n<li><a class=\"download file\" href=\"https:\/\/www.haveverwarming.nl\/productpdf\/download\/file\/id\/1449\/name\/Dovre_Rock500_WB.pdf\/\" target=\"_blank\"><span>T\u00e9l\u00e9charger la fiche technique<\/span><\/a><\/li>\n<\/ul>","protected":false},"excerpt":{"rendered":"<p>Dovre&nbsp;ROCK500 WB De&nbsp;Dovre&nbsp;ROCK500&nbsp;WB&nbsp;is een robuuste&nbsp;gietijzeren&nbsp;houtkachel. Een&nbsp;houtkachel&nbsp;met zachte randen en een moderne looks, maar ook een kachel die hard werkt. Deze kachel heeft een&nbsp;vermogen tot 9 kW. De kachel is eenvoudig te bedienen door de enkele luchtregeling, is direct aansluitbaar op de buitenlucht en beschikt over een innovatief sluitingsmechanisme. De ROCK 500&nbsp;WB beschikt over een houtvak [&hellip;]<\/p>\n","protected":false},"featured_media":16749,"comment_status":"open","ping_status":"closed","template":"","meta":{"_acf_changed":false},"product_brand":[],"product_cat":[1092],"product_tag":[],"class_list":{"0":"post-16748","1":"product","2":"type-product","3":"status-publish","4":"has-post-thumbnail","6":"product_cat-vrijstaande-houtkachels","8":"first","9":"instock","10":"taxable","11":"shipping-taxable","12":"purchasable","13":"product-type-simple"},"acf":[],"yoast_head":"<!-- This site is optimized with the Yoast SEO plugin v27.3 - https:\/\/yoast.com\/product\/yoast-seo-wordpress\/ -->\n<title>Dovre Rock500 WB &#8211; Bula Outdoor<\/title>\n<meta name=\"robots\" content=\"index, follow, max-snippet:-1, max-image-preview:large, max-video-preview:-1\" \/>\n<link rel=\"canonical\" href=\"https:\/\/bulaoutdoor.nl\/fr\/produit\/dovre-rock500-wb-poele-a-bois-3\/\" \/>\n<meta property=\"og:locale\" content=\"fr_FR\" \/>\n<meta property=\"og:type\" content=\"article\" \/>\n<meta property=\"og:title\" content=\"Dovre Rock500 WB &#8211; Bula Outdoor\" \/>\n<meta property=\"og:description\" content=\"Dovre&nbsp;ROCK500 WB De&nbsp;Dovre&nbsp;ROCK500&nbsp;WB&nbsp;is een robuuste&nbsp;gietijzeren&nbsp;houtkachel. Een&nbsp;houtkachel&nbsp;met zachte randen en een moderne looks, maar ook een kachel die hard werkt. Deze kachel heeft een&nbsp;vermogen tot 9 kW. De kachel is eenvoudig te bedienen door de enkele luchtregeling, is direct aansluitbaar op de buitenlucht en beschikt over een innovatief sluitingsmechanisme. De ROCK 500&nbsp;WB beschikt over een houtvak [&hellip;]\" \/>\n<meta property=\"og:url\" content=\"https:\/\/bulaoutdoor.nl\/fr\/produit\/dovre-rock500-wb-poele-a-bois-3\/\" \/>\n<meta property=\"og:site_name\" content=\"Bula Outdoor\" \/>\n<meta property=\"article:modified_time\" content=\"2026-04-03T04:08:24+00:00\" \/>\n<meta property=\"og:image\" content=\"https:\/\/bulaoutdoor.nl\/wp-content\/uploads\/2020\/07\/dovre_rock500wb_1000x1000.jpg\" \/>\n\t<meta property=\"og:image:width\" content=\"1000\" \/>\n\t<meta property=\"og:image:height\" content=\"1000\" \/>\n\t<meta property=\"og:image:type\" content=\"image\/jpeg\" \/>\n<meta name=\"twitter:card\" content=\"summary_large_image\" \/>\n<meta name=\"twitter:label1\" content=\"Dur\u00e9e de lecture estim\u00e9e\" \/>\n\t<meta name=\"twitter:data1\" content=\"1 minute\" \/>\n<script type=\"application\/ld+json\" class=\"yoast-schema-graph\">{\"@context\":\"https:\\\/\\\/schema.org\",\"@graph\":[{\"@type\":\"WebPage\",\"@id\":\"https:\\\/\\\/bulaoutdoor.nl\\\/product\\\/dovre-rock500-wb-houtkachel-3\\\/\",\"url\":\"https:\\\/\\\/bulaoutdoor.nl\\\/product\\\/dovre-rock500-wb-houtkachel-3\\\/\",\"name\":\"Dovre Rock500 WB &#8211; Bula Outdoor\",\"isPartOf\":{\"@id\":\"https:\\\/\\\/bulaoutdoor.nl\\\/#website\"},\"primaryImageOfPage\":{\"@id\":\"https:\\\/\\\/bulaoutdoor.nl\\\/product\\\/dovre-rock500-wb-houtkachel-3\\\/#primaryimage\"},\"image\":{\"@id\":\"https:\\\/\\\/bulaoutdoor.nl\\\/product\\\/dovre-rock500-wb-houtkachel-3\\\/#primaryimage\"},\"thumbnailUrl\":\"https:\\\/\\\/bulaoutdoor.nl\\\/wp-content\\\/uploads\\\/2020\\\/07\\\/dovre_rock500wb_1000x1000.jpg\",\"datePublished\":\"2020-07-23T09:01:17+00:00\",\"dateModified\":\"2026-04-03T04:08:24+00:00\",\"breadcrumb\":{\"@id\":\"https:\\\/\\\/bulaoutdoor.nl\\\/product\\\/dovre-rock500-wb-houtkachel-3\\\/#breadcrumb\"},\"inLanguage\":\"fr-FR\",\"potentialAction\":[{\"@type\":\"ReadAction\",\"target\":[\"https:\\\/\\\/bulaoutdoor.nl\\\/product\\\/dovre-rock500-wb-houtkachel-3\\\/\"]}]},{\"@type\":\"ImageObject\",\"inLanguage\":\"fr-FR\",\"@id\":\"https:\\\/\\\/bulaoutdoor.nl\\\/product\\\/dovre-rock500-wb-houtkachel-3\\\/#primaryimage\",\"url\":\"https:\\\/\\\/bulaoutdoor.nl\\\/wp-content\\\/uploads\\\/2020\\\/07\\\/dovre_rock500wb_1000x1000.jpg\",\"contentUrl\":\"https:\\\/\\\/bulaoutdoor.nl\\\/wp-content\\\/uploads\\\/2020\\\/07\\\/dovre_rock500wb_1000x1000.jpg\",\"width\":1000,\"height\":1000,\"caption\":\"dovre-rock500-wb-thumbnail\"},{\"@type\":\"BreadcrumbList\",\"@id\":\"https:\\\/\\\/bulaoutdoor.nl\\\/product\\\/dovre-rock500-wb-houtkachel-3\\\/#breadcrumb\",\"itemListElement\":[{\"@type\":\"ListItem\",\"position\":1,\"name\":\"Home\",\"item\":\"https:\\\/\\\/bulaoutdoor.nl\\\/\"},{\"@type\":\"ListItem\",\"position\":2,\"name\":\"Online BBQ kopen\",\"item\":\"https:\\\/\\\/bulaoutdoor.nl\\\/\"},{\"@type\":\"ListItem\",\"position\":3,\"name\":\"Dovre Rock500 WB\"}]},{\"@type\":\"WebSite\",\"@id\":\"https:\\\/\\\/bulaoutdoor.nl\\\/#website\",\"url\":\"https:\\\/\\\/bulaoutdoor.nl\\\/\",\"name\":\"Bula Outdoor\",\"description\":\"Voor uw buitenhaard, BBQ, tuinfakkel en houtoven\",\"publisher\":{\"@id\":\"https:\\\/\\\/bulaoutdoor.nl\\\/#organization\"},\"potentialAction\":[{\"@type\":\"SearchAction\",\"target\":{\"@type\":\"EntryPoint\",\"urlTemplate\":\"https:\\\/\\\/bulaoutdoor.nl\\\/?s={search_term_string}\"},\"query-input\":{\"@type\":\"PropertyValueSpecification\",\"valueRequired\":true,\"valueName\":\"search_term_string\"}}],\"inLanguage\":\"fr-FR\"},{\"@type\":\"Organization\",\"@id\":\"https:\\\/\\\/bulaoutdoor.nl\\\/#organization\",\"name\":\"Bula Outdoor\",\"url\":\"https:\\\/\\\/bulaoutdoor.nl\\\/\",\"logo\":{\"@type\":\"ImageObject\",\"inLanguage\":\"fr-FR\",\"@id\":\"https:\\\/\\\/bulaoutdoor.nl\\\/#\\\/schema\\\/logo\\\/image\\\/\",\"url\":\"https:\\\/\\\/www.bulaoutdoor.nl\\\/wp-content\\\/uploads\\\/2018\\\/04\\\/bulaoutdoor-logo.png\",\"contentUrl\":\"https:\\\/\\\/www.bulaoutdoor.nl\\\/wp-content\\\/uploads\\\/2018\\\/04\\\/bulaoutdoor-logo.png\",\"width\":324,\"height\":91,\"caption\":\"Bula Outdoor\"},\"image\":{\"@id\":\"https:\\\/\\\/bulaoutdoor.nl\\\/#\\\/schema\\\/logo\\\/image\\\/\"}}]}<\/script>\n<!-- \/ Yoast SEO plugin. -->","yoast_head_json":{"title":"Dovre Rock500 WB - Bula Outdoor","robots":{"index":"index","follow":"follow","max-snippet":"max-snippet:-1","max-image-preview":"max-image-preview:large","max-video-preview":"max-video-preview:-1"},"canonical":"https:\/\/bulaoutdoor.nl\/fr\/produit\/dovre-rock500-wb-poele-a-bois-3\/","og_locale":"fr_FR","og_type":"article","og_title":"Dovre Rock500 WB &#8211; Bula Outdoor","og_description":"Dovre&nbsp;ROCK500 WB De&nbsp;Dovre&nbsp;ROCK500&nbsp;WB&nbsp;is een robuuste&nbsp;gietijzeren&nbsp;houtkachel. Een&nbsp;houtkachel&nbsp;met zachte randen en een moderne looks, maar ook een kachel die hard werkt. Deze kachel heeft een&nbsp;vermogen tot 9 kW. De kachel is eenvoudig te bedienen door de enkele luchtregeling, is direct aansluitbaar op de buitenlucht en beschikt over een innovatief sluitingsmechanisme. De ROCK 500&nbsp;WB beschikt over een houtvak [&hellip;]","og_url":"https:\/\/bulaoutdoor.nl\/fr\/produit\/dovre-rock500-wb-poele-a-bois-3\/","og_site_name":"Bula Outdoor","article_modified_time":"2026-04-03T04:08:24+00:00","og_image":[{"width":1000,"height":1000,"url":"https:\/\/bulaoutdoor.nl\/wp-content\/uploads\/2020\/07\/dovre_rock500wb_1000x1000.jpg","type":"image\/jpeg"}],"twitter_card":"summary_large_image","twitter_misc":{"Dur\u00e9e de lecture estim\u00e9e":"1 minute"},"schema":{"@context":"https:\/\/schema.org","@graph":[{"@type":"WebPage","@id":"https:\/\/bulaoutdoor.nl\/product\/dovre-rock500-wb-houtkachel-3\/","url":"https:\/\/bulaoutdoor.nl\/product\/dovre-rock500-wb-houtkachel-3\/","name":"Dovre Rock500 WB - Bula Outdoor","isPartOf":{"@id":"https:\/\/bulaoutdoor.nl\/#website"},"primaryImageOfPage":{"@id":"https:\/\/bulaoutdoor.nl\/product\/dovre-rock500-wb-houtkachel-3\/#primaryimage"},"image":{"@id":"https:\/\/bulaoutdoor.nl\/product\/dovre-rock500-wb-houtkachel-3\/#primaryimage"},"thumbnailUrl":"https:\/\/bulaoutdoor.nl\/wp-content\/uploads\/2020\/07\/dovre_rock500wb_1000x1000.jpg","datePublished":"2020-07-23T09:01:17+00:00","dateModified":"2026-04-03T04:08:24+00:00","breadcrumb":{"@id":"https:\/\/bulaoutdoor.nl\/product\/dovre-rock500-wb-houtkachel-3\/#breadcrumb"},"inLanguage":"fr-FR","potentialAction":[{"@type":"ReadAction","target":["https:\/\/bulaoutdoor.nl\/product\/dovre-rock500-wb-houtkachel-3\/"]}]},{"@type":"ImageObject","inLanguage":"fr-FR","@id":"https:\/\/bulaoutdoor.nl\/product\/dovre-rock500-wb-houtkachel-3\/#primaryimage","url":"https:\/\/bulaoutdoor.nl\/wp-content\/uploads\/2020\/07\/dovre_rock500wb_1000x1000.jpg","contentUrl":"https:\/\/bulaoutdoor.nl\/wp-content\/uploads\/2020\/07\/dovre_rock500wb_1000x1000.jpg","width":1000,"height":1000,"caption":"dovre-rock500-wb-thumbnail"},{"@type":"BreadcrumbList","@id":"https:\/\/bulaoutdoor.nl\/product\/dovre-rock500-wb-houtkachel-3\/#breadcrumb","itemListElement":[{"@type":"ListItem","position":1,"name":"Home","item":"https:\/\/bulaoutdoor.nl\/"},{"@type":"ListItem","position":2,"name":"Online BBQ kopen","item":"https:\/\/bulaoutdoor.nl\/"},{"@type":"ListItem","position":3,"name":"Dovre Rock500 WB"}]},{"@type":"WebSite","@id":"https:\/\/bulaoutdoor.nl\/#website","url":"https:\/\/bulaoutdoor.nl\/","name":"Bula Outdoor","description":"Pour votre chemin\u00e9e ext\u00e9rieure, votre barbecue, votre torche de jardin et votre four \u00e0 bois","publisher":{"@id":"https:\/\/bulaoutdoor.nl\/#organization"},"potentialAction":[{"@type":"SearchAction","target":{"@type":"EntryPoint","urlTemplate":"https:\/\/bulaoutdoor.nl\/?s={search_term_string}"},"query-input":{"@type":"PropertyValueSpecification","valueRequired":true,"valueName":"search_term_string"}}],"inLanguage":"fr-FR"},{"@type":"Organization","@id":"https:\/\/bulaoutdoor.nl\/#organization","name":"Bula Outdoor","url":"https:\/\/bulaoutdoor.nl\/","logo":{"@type":"ImageObject","inLanguage":"fr-FR","@id":"https:\/\/bulaoutdoor.nl\/#\/schema\/logo\/image\/","url":"https:\/\/www.bulaoutdoor.nl\/wp-content\/uploads\/2018\/04\/bulaoutdoor-logo.png","contentUrl":"https:\/\/www.bulaoutdoor.nl\/wp-content\/uploads\/2018\/04\/bulaoutdoor-logo.png","width":324,"height":91,"caption":"Bula Outdoor"},"image":{"@id":"https:\/\/bulaoutdoor.nl\/#\/schema\/logo\/image\/"}}]}},"jetpack_sharing_enabled":true,"_links":{"self":[{"href":"https:\/\/bulaoutdoor.nl\/fr\/wp-json\/wp\/v2\/product\/16748","targetHints":{"allow":["GET"]}}],"collection":[{"href":"https:\/\/bulaoutdoor.nl\/fr\/wp-json\/wp\/v2\/product"}],"about":[{"href":"https:\/\/bulaoutdoor.nl\/fr\/wp-json\/wp\/v2\/types\/product"}],"replies":[{"embeddable":true,"href":"https:\/\/bulaoutdoor.nl\/fr\/wp-json\/wp\/v2\/comments?post=16748"}],"wp:featuredmedia":[{"embeddable":true,"href":"https:\/\/bulaoutdoor.nl\/fr\/wp-json\/wp\/v2\/media\/16749"}],"wp:attachment":[{"href":"https:\/\/bulaoutdoor.nl\/fr\/wp-json\/wp\/v2\/media?parent=16748"}],"wp:term":[{"taxonomy":"product_brand","embeddable":true,"href":"https:\/\/bulaoutdoor.nl\/fr\/wp-json\/wp\/v2\/product_brand?post=16748"},{"taxonomy":"product_cat","embeddable":true,"href":"https:\/\/bulaoutdoor.nl\/fr\/wp-json\/wp\/v2\/product_cat?post=16748"},{"taxonomy":"product_tag","embeddable":true,"href":"https:\/\/bulaoutdoor.nl\/fr\/wp-json\/wp\/v2\/product_tag?post=16748"}],"curies":[{"name":"wp","href":"https:\/\/api.w.org\/{rel}","templated":true}]}}