{"id":16752,"date":"2020-07-24T06:19:54","date_gmt":"2020-07-24T06:19:54","guid":{"rendered":"https:\/\/www.bulaoutdoor.nl\/product\/dovre-rock350-wb-houtkachel-2\/"},"modified":"2026-04-03T04:08:24","modified_gmt":"2026-04-03T04:08:24","slug":"dovre-rock350-wb-poele-a-bois-2","status":"publish","type":"product","link":"https:\/\/bulaoutdoor.nl\/fr\/product\/dovre-rock350-wb-houtkachel-2\/","title":{"rendered":"Dovre Rock350 WB"},"content":{"rendered":"<h2>Dovre ROCK350 WB<\/h2>\n<p>Les&nbsp;<a href=\"https:\/\/www.haveverwarming.nl\/dovre\" target=\"_blank\" rel=\"noopener\">Dovre<\/a>&nbsp;Le ROCK350 WB est un&nbsp;<a href=\"https:\/\/www.haveverwarming.nl\/kenniscentrum\/verschillen-houtkachels\/\" target=\"_blank\" rel=\"noopener\">fonte<\/a>&nbsp;po\u00eale \u00e0 bois. A&nbsp;<a href=\"https:\/\/www.haveverwarming.nl\/kachels\/hout\" target=\"_blank\" rel=\"noopener\">po\u00eale \u00e0 bois<\/a>&nbsp;avec des bords doux et un look moderne, mais aussi un po\u00eale qui travaille dur. Ce po\u00eale est dot\u00e9 d'un&nbsp;<a href=\"https:\/\/www.haveverwarming.nl\/kenniscentrum\/het-vermogen-van-een-haard-of-kachel\/\" target=\"_blank\" rel=\"noopener\">pouvoir<\/a>&nbsp;jusqu'\u00e0 9 kW. Le po\u00eale est facile \u00e0 utiliser gr\u00e2ce \u00e0 sa commande \u00e0 air unique, peut \u00eatre raccord\u00e9 directement \u00e0 l'air ext\u00e9rieur et est dot\u00e9 d'un m\u00e9canisme de verrouillage innovant.<\/p>\n<p>Le ROCK 350 WB dispose d'un compartiment \u00e0 bois o\u00f9 vous pouvez ranger votre bois - tr\u00e8s pratique et tr\u00e8s confortable !<\/p>\n<h3>Centre d'exp\u00e9rience<\/h3>\n<p>Rejoignez-nous <a href=\"https:\/\/www.haveverwarming.nl\/experiencecenter\" target=\"_blank\" rel=\"noopener\">Centre d'exp\u00e9rience<\/a> Et admirez le ROCK350 WB de vos propres yeux !<\/p>\n<p>T\u00e9l\u00e9chargements de produits<\/p>\n<ul>\n<li><a class=\"download file\" href=\"https:\/\/www.haveverwarming.nl\/amfile\/file\/download\/file\/7931\/product\/1452\/\" target=\"_blank\"><span>Catalogue Dovre 2025<\/span><\/a><\/li>\n<li><a class=\"download file\" href=\"https:\/\/www.haveverwarming.nl\/amfile\/file\/download\/file\/9198\/product\/1452\/\" target=\"_blank\"><span> Informations techniques \u2013 Dovre 2025 \u2013 2026<\/span><\/a><\/li>\n<li><a class=\"download file\" href=\"https:\/\/www.haveverwarming.nl\/amfile\/file\/download\/file\/3465\/product\/1452\/\" target=\"_blank\"><span>Dessin au trait ROCK 350 WB<\/span><\/a><\/li>\n<li><a class=\"download file\" href=\"https:\/\/www.haveverwarming.nl\/amfile\/file\/download\/file\/3466\/product\/1452\/\" target=\"_blank\"><span>Label \u00e9nerg\u00e9tique Dovre Rock350<\/span><\/a><\/li>\n<li><a class=\"download file\" href=\"https:\/\/www.haveverwarming.nl\/amfile\/file\/download\/file\/6476\/product\/1452\/\" target=\"_blank\"><span>Brochure sur le tir responsable<\/span><\/a><\/li>\n<li><a class=\"download file\" href=\"https:\/\/www.haveverwarming.nl\/amfile\/file\/download\/file\/9259\/product\/1452\/\" target=\"_blank\"><span>Instructions d'installation et d'utilisation Dovre Rock 350<\/span><\/a><\/li>\n<li><a class=\"download file\" href=\"https:\/\/www.haveverwarming.nl\/productpdf\/download\/file\/id\/1452\/name\/Dovre_Rock350_WB.pdf\/\" target=\"_blank\"><span>T\u00e9l\u00e9charger la fiche technique<\/span><\/a><\/li>\n<\/ul>","protected":false},"excerpt":{"rendered":"<p>Dovre ROCK350 WB De&nbsp;Dovre&nbsp;ROCK350 WB&nbsp;is een robuuste&nbsp;gietijzeren&nbsp;houtkachel. Een&nbsp;houtkachel&nbsp;met zachte randen en een moderne looks, maar ook een kachel die hard werkt. Deze kachel heeft een&nbsp;vermogen&nbsp;tot 9 kW.&nbsp;De kachel is eenvoudig te&nbsp;bedienen&nbsp;door de&nbsp;enkele luchtregeling, is&nbsp;direct aansluitbaar op de buitenlucht en beschikt over&nbsp;een innovatief sluitingsmechanisme. De ROCK 350 WB beschikt over een houtvak waar u uw hout [&hellip;]<\/p>\n","protected":false},"featured_media":16753,"comment_status":"open","ping_status":"closed","template":"","meta":{"_acf_changed":false},"product_brand":[],"product_cat":[1092],"product_tag":[],"class_list":{"0":"post-16752","1":"product","2":"type-product","3":"status-publish","4":"has-post-thumbnail","6":"product_cat-vrijstaande-houtkachels","8":"first","9":"instock","10":"taxable","11":"shipping-taxable","12":"purchasable","13":"product-type-simple"},"acf":[],"yoast_head":"<!-- This site is optimized with the Yoast SEO plugin v27.3 - https:\/\/yoast.com\/product\/yoast-seo-wordpress\/ -->\n<title>Dovre Rock350 WB &#8211; Bula Outdoor<\/title>\n<meta name=\"robots\" content=\"index, follow, max-snippet:-1, max-image-preview:large, max-video-preview:-1\" \/>\n<link rel=\"canonical\" href=\"https:\/\/bulaoutdoor.nl\/fr\/produit\/dovre-rock350-wb-poele-a-bois-2\/\" \/>\n<meta property=\"og:locale\" content=\"fr_FR\" \/>\n<meta property=\"og:type\" content=\"article\" \/>\n<meta property=\"og:title\" content=\"Dovre Rock350 WB &#8211; Bula Outdoor\" \/>\n<meta property=\"og:description\" content=\"Dovre ROCK350 WB De&nbsp;Dovre&nbsp;ROCK350 WB&nbsp;is een robuuste&nbsp;gietijzeren&nbsp;houtkachel. Een&nbsp;houtkachel&nbsp;met zachte randen en een moderne looks, maar ook een kachel die hard werkt. Deze kachel heeft een&nbsp;vermogen&nbsp;tot 9 kW.&nbsp;De kachel is eenvoudig te&nbsp;bedienen&nbsp;door de&nbsp;enkele luchtregeling, is&nbsp;direct aansluitbaar op de buitenlucht en beschikt over&nbsp;een innovatief sluitingsmechanisme. De ROCK 350 WB beschikt over een houtvak waar u uw hout [&hellip;]\" \/>\n<meta property=\"og:url\" content=\"https:\/\/bulaoutdoor.nl\/fr\/produit\/dovre-rock350-wb-poele-a-bois-2\/\" \/>\n<meta property=\"og:site_name\" content=\"Bula Outdoor\" \/>\n<meta property=\"article:modified_time\" content=\"2026-04-03T04:08:24+00:00\" \/>\n<meta property=\"og:image\" content=\"https:\/\/bulaoutdoor.nl\/wp-content\/uploads\/2020\/07\/rock350wb_p01_vierkant.jpg\" \/>\n\t<meta property=\"og:image:width\" content=\"1000\" \/>\n\t<meta property=\"og:image:height\" content=\"1000\" \/>\n\t<meta property=\"og:image:type\" content=\"image\/jpeg\" \/>\n<meta name=\"twitter:card\" content=\"summary_large_image\" \/>\n<meta name=\"twitter:label1\" content=\"Dur\u00e9e de lecture estim\u00e9e\" \/>\n\t<meta name=\"twitter:data1\" content=\"1 minute\" \/>\n<script type=\"application\/ld+json\" class=\"yoast-schema-graph\">{\"@context\":\"https:\\\/\\\/schema.org\",\"@graph\":[{\"@type\":\"WebPage\",\"@id\":\"https:\\\/\\\/bulaoutdoor.nl\\\/product\\\/dovre-rock350-wb-houtkachel-2\\\/\",\"url\":\"https:\\\/\\\/bulaoutdoor.nl\\\/product\\\/dovre-rock350-wb-houtkachel-2\\\/\",\"name\":\"Dovre Rock350 WB &#8211; Bula Outdoor\",\"isPartOf\":{\"@id\":\"https:\\\/\\\/bulaoutdoor.nl\\\/#website\"},\"primaryImageOfPage\":{\"@id\":\"https:\\\/\\\/bulaoutdoor.nl\\\/product\\\/dovre-rock350-wb-houtkachel-2\\\/#primaryimage\"},\"image\":{\"@id\":\"https:\\\/\\\/bulaoutdoor.nl\\\/product\\\/dovre-rock350-wb-houtkachel-2\\\/#primaryimage\"},\"thumbnailUrl\":\"https:\\\/\\\/bulaoutdoor.nl\\\/wp-content\\\/uploads\\\/2020\\\/07\\\/rock350wb_p01_vierkant.jpg\",\"datePublished\":\"2020-07-24T06:19:54+00:00\",\"dateModified\":\"2026-04-03T04:08:24+00:00\",\"breadcrumb\":{\"@id\":\"https:\\\/\\\/bulaoutdoor.nl\\\/product\\\/dovre-rock350-wb-houtkachel-2\\\/#breadcrumb\"},\"inLanguage\":\"fr-FR\",\"potentialAction\":[{\"@type\":\"ReadAction\",\"target\":[\"https:\\\/\\\/bulaoutdoor.nl\\\/product\\\/dovre-rock350-wb-houtkachel-2\\\/\"]}]},{\"@type\":\"ImageObject\",\"inLanguage\":\"fr-FR\",\"@id\":\"https:\\\/\\\/bulaoutdoor.nl\\\/product\\\/dovre-rock350-wb-houtkachel-2\\\/#primaryimage\",\"url\":\"https:\\\/\\\/bulaoutdoor.nl\\\/wp-content\\\/uploads\\\/2020\\\/07\\\/rock350wb_p01_vierkant.jpg\",\"contentUrl\":\"https:\\\/\\\/bulaoutdoor.nl\\\/wp-content\\\/uploads\\\/2020\\\/07\\\/rock350wb_p01_vierkant.jpg\",\"width\":1000,\"height\":1000,\"caption\":\"dovre-rock350-wb-thumbnail\"},{\"@type\":\"BreadcrumbList\",\"@id\":\"https:\\\/\\\/bulaoutdoor.nl\\\/product\\\/dovre-rock350-wb-houtkachel-2\\\/#breadcrumb\",\"itemListElement\":[{\"@type\":\"ListItem\",\"position\":1,\"name\":\"Home\",\"item\":\"https:\\\/\\\/bulaoutdoor.nl\\\/\"},{\"@type\":\"ListItem\",\"position\":2,\"name\":\"Online BBQ kopen\",\"item\":\"https:\\\/\\\/bulaoutdoor.nl\\\/\"},{\"@type\":\"ListItem\",\"position\":3,\"name\":\"Dovre Rock350 WB\"}]},{\"@type\":\"WebSite\",\"@id\":\"https:\\\/\\\/bulaoutdoor.nl\\\/#website\",\"url\":\"https:\\\/\\\/bulaoutdoor.nl\\\/\",\"name\":\"Bula Outdoor\",\"description\":\"Voor uw buitenhaard, BBQ, tuinfakkel en houtoven\",\"publisher\":{\"@id\":\"https:\\\/\\\/bulaoutdoor.nl\\\/#organization\"},\"potentialAction\":[{\"@type\":\"SearchAction\",\"target\":{\"@type\":\"EntryPoint\",\"urlTemplate\":\"https:\\\/\\\/bulaoutdoor.nl\\\/?s={search_term_string}\"},\"query-input\":{\"@type\":\"PropertyValueSpecification\",\"valueRequired\":true,\"valueName\":\"search_term_string\"}}],\"inLanguage\":\"fr-FR\"},{\"@type\":\"Organization\",\"@id\":\"https:\\\/\\\/bulaoutdoor.nl\\\/#organization\",\"name\":\"Bula Outdoor\",\"url\":\"https:\\\/\\\/bulaoutdoor.nl\\\/\",\"logo\":{\"@type\":\"ImageObject\",\"inLanguage\":\"fr-FR\",\"@id\":\"https:\\\/\\\/bulaoutdoor.nl\\\/#\\\/schema\\\/logo\\\/image\\\/\",\"url\":\"https:\\\/\\\/www.bulaoutdoor.nl\\\/wp-content\\\/uploads\\\/2018\\\/04\\\/bulaoutdoor-logo.png\",\"contentUrl\":\"https:\\\/\\\/www.bulaoutdoor.nl\\\/wp-content\\\/uploads\\\/2018\\\/04\\\/bulaoutdoor-logo.png\",\"width\":324,\"height\":91,\"caption\":\"Bula Outdoor\"},\"image\":{\"@id\":\"https:\\\/\\\/bulaoutdoor.nl\\\/#\\\/schema\\\/logo\\\/image\\\/\"}}]}<\/script>\n<!-- \/ Yoast SEO plugin. -->","yoast_head_json":{"title":"Dovre Rock350 WB - Bula Outdoor","robots":{"index":"index","follow":"follow","max-snippet":"max-snippet:-1","max-image-preview":"max-image-preview:large","max-video-preview":"max-video-preview:-1"},"canonical":"https:\/\/bulaoutdoor.nl\/fr\/produit\/dovre-rock350-wb-poele-a-bois-2\/","og_locale":"fr_FR","og_type":"article","og_title":"Dovre Rock350 WB &#8211; Bula Outdoor","og_description":"Dovre ROCK350 WB De&nbsp;Dovre&nbsp;ROCK350 WB&nbsp;is een robuuste&nbsp;gietijzeren&nbsp;houtkachel. Een&nbsp;houtkachel&nbsp;met zachte randen en een moderne looks, maar ook een kachel die hard werkt. Deze kachel heeft een&nbsp;vermogen&nbsp;tot 9 kW.&nbsp;De kachel is eenvoudig te&nbsp;bedienen&nbsp;door de&nbsp;enkele luchtregeling, is&nbsp;direct aansluitbaar op de buitenlucht en beschikt over&nbsp;een innovatief sluitingsmechanisme. De ROCK 350 WB beschikt over een houtvak waar u uw hout [&hellip;]","og_url":"https:\/\/bulaoutdoor.nl\/fr\/produit\/dovre-rock350-wb-poele-a-bois-2\/","og_site_name":"Bula Outdoor","article_modified_time":"2026-04-03T04:08:24+00:00","og_image":[{"width":1000,"height":1000,"url":"https:\/\/bulaoutdoor.nl\/wp-content\/uploads\/2020\/07\/rock350wb_p01_vierkant.jpg","type":"image\/jpeg"}],"twitter_card":"summary_large_image","twitter_misc":{"Dur\u00e9e de lecture estim\u00e9e":"1 minute"},"schema":{"@context":"https:\/\/schema.org","@graph":[{"@type":"WebPage","@id":"https:\/\/bulaoutdoor.nl\/product\/dovre-rock350-wb-houtkachel-2\/","url":"https:\/\/bulaoutdoor.nl\/product\/dovre-rock350-wb-houtkachel-2\/","name":"Dovre Rock350 WB - Bula Outdoor","isPartOf":{"@id":"https:\/\/bulaoutdoor.nl\/#website"},"primaryImageOfPage":{"@id":"https:\/\/bulaoutdoor.nl\/product\/dovre-rock350-wb-houtkachel-2\/#primaryimage"},"image":{"@id":"https:\/\/bulaoutdoor.nl\/product\/dovre-rock350-wb-houtkachel-2\/#primaryimage"},"thumbnailUrl":"https:\/\/bulaoutdoor.nl\/wp-content\/uploads\/2020\/07\/rock350wb_p01_vierkant.jpg","datePublished":"2020-07-24T06:19:54+00:00","dateModified":"2026-04-03T04:08:24+00:00","breadcrumb":{"@id":"https:\/\/bulaoutdoor.nl\/product\/dovre-rock350-wb-houtkachel-2\/#breadcrumb"},"inLanguage":"fr-FR","potentialAction":[{"@type":"ReadAction","target":["https:\/\/bulaoutdoor.nl\/product\/dovre-rock350-wb-houtkachel-2\/"]}]},{"@type":"ImageObject","inLanguage":"fr-FR","@id":"https:\/\/bulaoutdoor.nl\/product\/dovre-rock350-wb-houtkachel-2\/#primaryimage","url":"https:\/\/bulaoutdoor.nl\/wp-content\/uploads\/2020\/07\/rock350wb_p01_vierkant.jpg","contentUrl":"https:\/\/bulaoutdoor.nl\/wp-content\/uploads\/2020\/07\/rock350wb_p01_vierkant.jpg","width":1000,"height":1000,"caption":"dovre-rock350-wb-thumbnail"},{"@type":"BreadcrumbList","@id":"https:\/\/bulaoutdoor.nl\/product\/dovre-rock350-wb-houtkachel-2\/#breadcrumb","itemListElement":[{"@type":"ListItem","position":1,"name":"Home","item":"https:\/\/bulaoutdoor.nl\/"},{"@type":"ListItem","position":2,"name":"Online BBQ kopen","item":"https:\/\/bulaoutdoor.nl\/"},{"@type":"ListItem","position":3,"name":"Dovre Rock350 WB"}]},{"@type":"WebSite","@id":"https:\/\/bulaoutdoor.nl\/#website","url":"https:\/\/bulaoutdoor.nl\/","name":"Bula Outdoor","description":"Pour votre chemin\u00e9e ext\u00e9rieure, votre barbecue, votre torche de jardin et votre four \u00e0 bois","publisher":{"@id":"https:\/\/bulaoutdoor.nl\/#organization"},"potentialAction":[{"@type":"SearchAction","target":{"@type":"EntryPoint","urlTemplate":"https:\/\/bulaoutdoor.nl\/?s={search_term_string}"},"query-input":{"@type":"PropertyValueSpecification","valueRequired":true,"valueName":"search_term_string"}}],"inLanguage":"fr-FR"},{"@type":"Organization","@id":"https:\/\/bulaoutdoor.nl\/#organization","name":"Bula Outdoor","url":"https:\/\/bulaoutdoor.nl\/","logo":{"@type":"ImageObject","inLanguage":"fr-FR","@id":"https:\/\/bulaoutdoor.nl\/#\/schema\/logo\/image\/","url":"https:\/\/www.bulaoutdoor.nl\/wp-content\/uploads\/2018\/04\/bulaoutdoor-logo.png","contentUrl":"https:\/\/www.bulaoutdoor.nl\/wp-content\/uploads\/2018\/04\/bulaoutdoor-logo.png","width":324,"height":91,"caption":"Bula Outdoor"},"image":{"@id":"https:\/\/bulaoutdoor.nl\/#\/schema\/logo\/image\/"}}]}},"jetpack_sharing_enabled":true,"_links":{"self":[{"href":"https:\/\/bulaoutdoor.nl\/fr\/wp-json\/wp\/v2\/product\/16752","targetHints":{"allow":["GET"]}}],"collection":[{"href":"https:\/\/bulaoutdoor.nl\/fr\/wp-json\/wp\/v2\/product"}],"about":[{"href":"https:\/\/bulaoutdoor.nl\/fr\/wp-json\/wp\/v2\/types\/product"}],"replies":[{"embeddable":true,"href":"https:\/\/bulaoutdoor.nl\/fr\/wp-json\/wp\/v2\/comments?post=16752"}],"wp:featuredmedia":[{"embeddable":true,"href":"https:\/\/bulaoutdoor.nl\/fr\/wp-json\/wp\/v2\/media\/16753"}],"wp:attachment":[{"href":"https:\/\/bulaoutdoor.nl\/fr\/wp-json\/wp\/v2\/media?parent=16752"}],"wp:term":[{"taxonomy":"product_brand","embeddable":true,"href":"https:\/\/bulaoutdoor.nl\/fr\/wp-json\/wp\/v2\/product_brand?post=16752"},{"taxonomy":"product_cat","embeddable":true,"href":"https:\/\/bulaoutdoor.nl\/fr\/wp-json\/wp\/v2\/product_cat?post=16752"},{"taxonomy":"product_tag","embeddable":true,"href":"https:\/\/bulaoutdoor.nl\/fr\/wp-json\/wp\/v2\/product_tag?post=16752"}],"curies":[{"name":"wp","href":"https:\/\/api.w.org\/{rel}","templated":true}]}}