{"id":16783,"date":"2020-09-29T09:43:47","date_gmt":"2020-09-29T09:43:47","guid":{"rendered":"https:\/\/www.bulaoutdoor.nl\/product\/charlton-jenrick-fireline-fp5w4\/"},"modified":"2026-04-03T04:08:38","modified_gmt":"2026-04-03T04:08:38","slug":"charlton-jenrick-fireline-fp5w4","status":"publish","type":"product","link":"https:\/\/bulaoutdoor.nl\/fr\/product\/charlton-jenrick-fireline-fp5w4\/","title":{"rendered":"Charlton &amp; Jenrick Fireline FP5W-4 po\u00eale \u00e0 bois large"},"content":{"rendered":"<h2>Charlton &amp; Jenrick Fireline FP5W-4 po\u00eale \u00e0 bois<\/h2>\n<p>Ce magnifique <a href=\"https:\/\/www.haveverwarming.nl\/kachels\/hout\" target=\"_blank\" rel=\"noopener\">po\u00eale \u00e0 bois<\/a> de la gamme Fireline de Charlton &amp; Jenrick attire tous les regards. Ce mod\u00e8le est un po\u00eale \u00e0 bois multifonctionnel. Le po\u00eale \u00e0 bois Fireline FP5W-4 de Charlton &amp; Jenrick est fait d'acier combin\u00e9 \u00e0 un rev\u00eatement en acier inoxydable. <a href=\"https:\/\/www.haveverwarming.nl\/kenniscentrum\/verschillen-houtkachels\/\" target=\"_blank\" rel=\"noopener\">fonte<\/a> et est conforme \u00e0 la norme Ecodesign2022. C'est le fr\u00e8re du po\u00eale \u00e0 bois Fireline FQ, mais avec des d\u00e9tails diff\u00e9rents, notamment une porte et une poign\u00e9e diff\u00e9rentes.<\/p>\n<p>ATTENTION : ce po\u00eale est livr\u00e9 de s\u00e9rie sans compartiment \u00e0 bois (disponible moyennant un suppl\u00e9ment). De plus, ce po\u00eale \u00e0 bois est \u00e9quip\u00e9 de s\u00e9rie d'un raccord d'un diam\u00e8tre de 125. Mais gr\u00e2ce \u00e0 un r\u00e9ducteur, cet appareil peut facilement \u00eatre raccord\u00e9 \u00e0 un conduit de 150.<\/p>\n<h3>Centre d'exp\u00e9rience<\/h3>\n<p>Visitez-nous<a href=\"https:\/\/www.haveverwarming.nl\/experiencecenter\" target=\"_blank\" rel=\"noopener\"> Centre d'exp\u00e9rience<\/a> en lunteren ! Nous exposons ici plusieurs po\u00eales \u00e0 bois.<\/p>\n<p>T\u00e9l\u00e9chargements de produits<\/p>\n<ul>\n<li><a class=\"download file\" href=\"https:\/\/www.haveverwarming.nl\/amfile\/file\/download\/file\/6294\/product\/1565\/\" target=\"_blank\"><span>Dessin au trait Fireline FP5W<\/span><\/a><\/li>\n<li><a class=\"download file\" href=\"https:\/\/www.haveverwarming.nl\/amfile\/file\/download\/file\/6926\/product\/1565\/\" target=\"_blank\"><span>Dessin au trait Fireline FP5W-4 Dessin au trait avec compartiment \u00e0 b\u00fbches<\/span><\/a><\/li>\n<li><a class=\"download file\" href=\"https:\/\/www.haveverwarming.nl\/amfile\/file\/download\/file\/4648\/product\/1565\/\" target=\"_blank\"><span>Label \u00e9nerg\u00e9tique Fireline FP5W-4<\/span><\/a><\/li>\n<li><a class=\"download file\" href=\"https:\/\/www.haveverwarming.nl\/amfile\/file\/download\/file\/6105\/product\/1565\/\" target=\"_blank\"><span>Manuel Fireline FX FP FQ FT <\/span><\/a><\/li>\n<li><a class=\"download file\" href=\"https:\/\/www.haveverwarming.nl\/amfile\/file\/download\/file\/6430\/product\/1565\/\" target=\"_blank\"><span>Brochure sur le tir responsable<\/span><\/a><\/li>\n<li><a class=\"download file\" href=\"https:\/\/www.haveverwarming.nl\/amfile\/file\/download\/file\/9086\/product\/1565\/\" target=\"_blank\"><span>Brochure C&amp;J Bois 2025<\/span><\/a><\/li>\n<li><a class=\"download file\" href=\"https:\/\/www.haveverwarming.nl\/productpdf\/download\/file\/id\/1565\/name\/Charlton_%2526_Jenrick_Fireline_FP5W-4_houtkachel_breed.pdf\/\" target=\"_blank\"><span>T\u00e9l\u00e9charger la fiche technique<\/span><\/a><\/li>\n<\/ul>","protected":false},"excerpt":{"rendered":"<p>Charlton &amp; Jenrick Fireline&nbsp;FP5W-4 houtkachel Deze prachtige houtkachel uit de Fireline-serie van Charlton &amp; Jenrick is een echte eyecatcher. Dit model is een multifunctionele houtkachel. De Charlton &amp; Jenrick Fireline FP5W-4 houtkachel is gemaakt van staal in combinatie met een gietijzeren deur en voldoet aan het Ecodesign2022. Het is het broertje van de Fireline FQ [&hellip;]<\/p>\n","protected":false},"featured_media":16784,"comment_status":"open","ping_status":"closed","template":"","meta":{"_acf_changed":false},"product_brand":[],"product_cat":[1092],"product_tag":[],"class_list":{"0":"post-16783","1":"product","2":"type-product","3":"status-publish","4":"has-post-thumbnail","6":"product_cat-vrijstaande-houtkachels","8":"first","9":"instock","10":"taxable","11":"shipping-taxable","12":"purchasable","13":"product-type-simple"},"acf":[],"yoast_head":"<!-- This site is optimized with the Yoast SEO plugin v27.3 - https:\/\/yoast.com\/product\/yoast-seo-wordpress\/ -->\n<title>Charlton &amp; Jenrick Fireline FP5W-4 houtkachel breed &#8211; Bula Outdoor<\/title>\n<meta name=\"robots\" content=\"index, follow, max-snippet:-1, max-image-preview:large, max-video-preview:-1\" \/>\n<link rel=\"canonical\" href=\"https:\/\/bulaoutdoor.nl\/fr\/produit\/charlton-jenrick-fireline-fp5w4\/\" \/>\n<meta property=\"og:locale\" content=\"fr_FR\" \/>\n<meta property=\"og:type\" content=\"article\" \/>\n<meta property=\"og:title\" content=\"Charlton &amp; Jenrick Fireline FP5W-4 houtkachel breed &#8211; Bula Outdoor\" \/>\n<meta property=\"og:description\" content=\"Charlton &amp; Jenrick Fireline&nbsp;FP5W-4 houtkachel Deze prachtige houtkachel uit de Fireline-serie van Charlton &amp; Jenrick is een echte eyecatcher. Dit model is een multifunctionele houtkachel. De Charlton &amp; Jenrick Fireline FP5W-4 houtkachel is gemaakt van staal in combinatie met een gietijzeren deur en voldoet aan het Ecodesign2022. Het is het broertje van de Fireline FQ [&hellip;]\" \/>\n<meta property=\"og:url\" content=\"https:\/\/bulaoutdoor.nl\/fr\/produit\/charlton-jenrick-fireline-fp5w4\/\" \/>\n<meta property=\"og:site_name\" content=\"Bula Outdoor\" \/>\n<meta property=\"article:modified_time\" content=\"2026-04-03T04:08:38+00:00\" \/>\n<meta property=\"og:image\" content=\"https:\/\/bulaoutdoor.nl\/wp-content\/uploads\/2020\/09\/fp5w-42.jpg\" \/>\n\t<meta property=\"og:image:width\" content=\"1000\" \/>\n\t<meta property=\"og:image:height\" content=\"1000\" \/>\n\t<meta property=\"og:image:type\" content=\"image\/jpeg\" \/>\n<meta name=\"twitter:card\" content=\"summary_large_image\" \/>\n<meta name=\"twitter:label1\" content=\"Dur\u00e9e de lecture estim\u00e9e\" \/>\n\t<meta name=\"twitter:data1\" content=\"1 minute\" \/>\n<script type=\"application\/ld+json\" class=\"yoast-schema-graph\">{\"@context\":\"https:\\\/\\\/schema.org\",\"@graph\":[{\"@type\":\"WebPage\",\"@id\":\"https:\\\/\\\/bulaoutdoor.nl\\\/product\\\/charlton-jenrick-fireline-fp5w4\\\/\",\"url\":\"https:\\\/\\\/bulaoutdoor.nl\\\/product\\\/charlton-jenrick-fireline-fp5w4\\\/\",\"name\":\"Charlton &amp; Jenrick Fireline FP5W-4 houtkachel breed &#8211; Bula Outdoor\",\"isPartOf\":{\"@id\":\"https:\\\/\\\/bulaoutdoor.nl\\\/#website\"},\"primaryImageOfPage\":{\"@id\":\"https:\\\/\\\/bulaoutdoor.nl\\\/product\\\/charlton-jenrick-fireline-fp5w4\\\/#primaryimage\"},\"image\":{\"@id\":\"https:\\\/\\\/bulaoutdoor.nl\\\/product\\\/charlton-jenrick-fireline-fp5w4\\\/#primaryimage\"},\"thumbnailUrl\":\"https:\\\/\\\/bulaoutdoor.nl\\\/wp-content\\\/uploads\\\/2020\\\/09\\\/fp5w-42.jpg\",\"datePublished\":\"2020-09-29T09:43:47+00:00\",\"dateModified\":\"2026-04-03T04:08:38+00:00\",\"breadcrumb\":{\"@id\":\"https:\\\/\\\/bulaoutdoor.nl\\\/product\\\/charlton-jenrick-fireline-fp5w4\\\/#breadcrumb\"},\"inLanguage\":\"fr-FR\",\"potentialAction\":[{\"@type\":\"ReadAction\",\"target\":[\"https:\\\/\\\/bulaoutdoor.nl\\\/product\\\/charlton-jenrick-fireline-fp5w4\\\/\"]}]},{\"@type\":\"ImageObject\",\"inLanguage\":\"fr-FR\",\"@id\":\"https:\\\/\\\/bulaoutdoor.nl\\\/product\\\/charlton-jenrick-fireline-fp5w4\\\/#primaryimage\",\"url\":\"https:\\\/\\\/bulaoutdoor.nl\\\/wp-content\\\/uploads\\\/2020\\\/09\\\/fp5w-42.jpg\",\"contentUrl\":\"https:\\\/\\\/bulaoutdoor.nl\\\/wp-content\\\/uploads\\\/2020\\\/09\\\/fp5w-42.jpg\",\"width\":1000,\"height\":1000,\"caption\":\"charlton-jenrick-fireline-fp5w-4-houtkachel-breed-thumbnail\"},{\"@type\":\"BreadcrumbList\",\"@id\":\"https:\\\/\\\/bulaoutdoor.nl\\\/product\\\/charlton-jenrick-fireline-fp5w4\\\/#breadcrumb\",\"itemListElement\":[{\"@type\":\"ListItem\",\"position\":1,\"name\":\"Home\",\"item\":\"https:\\\/\\\/bulaoutdoor.nl\\\/\"},{\"@type\":\"ListItem\",\"position\":2,\"name\":\"Online BBQ kopen\",\"item\":\"https:\\\/\\\/bulaoutdoor.nl\\\/\"},{\"@type\":\"ListItem\",\"position\":3,\"name\":\"Charlton &amp; Jenrick Fireline FP5W-4 houtkachel breed\"}]},{\"@type\":\"WebSite\",\"@id\":\"https:\\\/\\\/bulaoutdoor.nl\\\/#website\",\"url\":\"https:\\\/\\\/bulaoutdoor.nl\\\/\",\"name\":\"Bula Outdoor\",\"description\":\"Voor uw buitenhaard, BBQ, tuinfakkel en houtoven\",\"publisher\":{\"@id\":\"https:\\\/\\\/bulaoutdoor.nl\\\/#organization\"},\"potentialAction\":[{\"@type\":\"SearchAction\",\"target\":{\"@type\":\"EntryPoint\",\"urlTemplate\":\"https:\\\/\\\/bulaoutdoor.nl\\\/?s={search_term_string}\"},\"query-input\":{\"@type\":\"PropertyValueSpecification\",\"valueRequired\":true,\"valueName\":\"search_term_string\"}}],\"inLanguage\":\"fr-FR\"},{\"@type\":\"Organization\",\"@id\":\"https:\\\/\\\/bulaoutdoor.nl\\\/#organization\",\"name\":\"Bula Outdoor\",\"url\":\"https:\\\/\\\/bulaoutdoor.nl\\\/\",\"logo\":{\"@type\":\"ImageObject\",\"inLanguage\":\"fr-FR\",\"@id\":\"https:\\\/\\\/bulaoutdoor.nl\\\/#\\\/schema\\\/logo\\\/image\\\/\",\"url\":\"https:\\\/\\\/www.bulaoutdoor.nl\\\/wp-content\\\/uploads\\\/2018\\\/04\\\/bulaoutdoor-logo.png\",\"contentUrl\":\"https:\\\/\\\/www.bulaoutdoor.nl\\\/wp-content\\\/uploads\\\/2018\\\/04\\\/bulaoutdoor-logo.png\",\"width\":324,\"height\":91,\"caption\":\"Bula Outdoor\"},\"image\":{\"@id\":\"https:\\\/\\\/bulaoutdoor.nl\\\/#\\\/schema\\\/logo\\\/image\\\/\"}}]}<\/script>\n<!-- \/ Yoast SEO plugin. -->","yoast_head_json":{"title":"Charlton &amp; Jenrick Fireline FP5W-4 po\u00eale \u00e0 bois large - Bula Outdoor","robots":{"index":"index","follow":"follow","max-snippet":"max-snippet:-1","max-image-preview":"max-image-preview:large","max-video-preview":"max-video-preview:-1"},"canonical":"https:\/\/bulaoutdoor.nl\/fr\/produit\/charlton-jenrick-fireline-fp5w4\/","og_locale":"fr_FR","og_type":"article","og_title":"Charlton &amp; Jenrick Fireline FP5W-4 houtkachel breed &#8211; Bula Outdoor","og_description":"Charlton &amp; Jenrick Fireline&nbsp;FP5W-4 houtkachel Deze prachtige houtkachel uit de Fireline-serie van Charlton &amp; Jenrick is een echte eyecatcher. Dit model is een multifunctionele houtkachel. De Charlton &amp; Jenrick Fireline FP5W-4 houtkachel is gemaakt van staal in combinatie met een gietijzeren deur en voldoet aan het Ecodesign2022. Het is het broertje van de Fireline FQ [&hellip;]","og_url":"https:\/\/bulaoutdoor.nl\/fr\/produit\/charlton-jenrick-fireline-fp5w4\/","og_site_name":"Bula Outdoor","article_modified_time":"2026-04-03T04:08:38+00:00","og_image":[{"width":1000,"height":1000,"url":"https:\/\/bulaoutdoor.nl\/wp-content\/uploads\/2020\/09\/fp5w-42.jpg","type":"image\/jpeg"}],"twitter_card":"summary_large_image","twitter_misc":{"Dur\u00e9e de lecture estim\u00e9e":"1 minute"},"schema":{"@context":"https:\/\/schema.org","@graph":[{"@type":"WebPage","@id":"https:\/\/bulaoutdoor.nl\/product\/charlton-jenrick-fireline-fp5w4\/","url":"https:\/\/bulaoutdoor.nl\/product\/charlton-jenrick-fireline-fp5w4\/","name":"Charlton &amp; Jenrick Fireline FP5W-4 po\u00eale \u00e0 bois large - Bula Outdoor","isPartOf":{"@id":"https:\/\/bulaoutdoor.nl\/#website"},"primaryImageOfPage":{"@id":"https:\/\/bulaoutdoor.nl\/product\/charlton-jenrick-fireline-fp5w4\/#primaryimage"},"image":{"@id":"https:\/\/bulaoutdoor.nl\/product\/charlton-jenrick-fireline-fp5w4\/#primaryimage"},"thumbnailUrl":"https:\/\/bulaoutdoor.nl\/wp-content\/uploads\/2020\/09\/fp5w-42.jpg","datePublished":"2020-09-29T09:43:47+00:00","dateModified":"2026-04-03T04:08:38+00:00","breadcrumb":{"@id":"https:\/\/bulaoutdoor.nl\/product\/charlton-jenrick-fireline-fp5w4\/#breadcrumb"},"inLanguage":"fr-FR","potentialAction":[{"@type":"ReadAction","target":["https:\/\/bulaoutdoor.nl\/product\/charlton-jenrick-fireline-fp5w4\/"]}]},{"@type":"ImageObject","inLanguage":"fr-FR","@id":"https:\/\/bulaoutdoor.nl\/product\/charlton-jenrick-fireline-fp5w4\/#primaryimage","url":"https:\/\/bulaoutdoor.nl\/wp-content\/uploads\/2020\/09\/fp5w-42.jpg","contentUrl":"https:\/\/bulaoutdoor.nl\/wp-content\/uploads\/2020\/09\/fp5w-42.jpg","width":1000,"height":1000,"caption":"charlton-jenrick-fireline-fp5w-4-houtkachel-breed-thumbnail"},{"@type":"BreadcrumbList","@id":"https:\/\/bulaoutdoor.nl\/product\/charlton-jenrick-fireline-fp5w4\/#breadcrumb","itemListElement":[{"@type":"ListItem","position":1,"name":"Home","item":"https:\/\/bulaoutdoor.nl\/"},{"@type":"ListItem","position":2,"name":"Online BBQ kopen","item":"https:\/\/bulaoutdoor.nl\/"},{"@type":"ListItem","position":3,"name":"Charlton &amp; Jenrick Fireline FP5W-4 houtkachel breed"}]},{"@type":"WebSite","@id":"https:\/\/bulaoutdoor.nl\/#website","url":"https:\/\/bulaoutdoor.nl\/","name":"Bula Outdoor","description":"Pour votre chemin\u00e9e ext\u00e9rieure, votre barbecue, votre torche de jardin et votre four \u00e0 bois","publisher":{"@id":"https:\/\/bulaoutdoor.nl\/#organization"},"potentialAction":[{"@type":"SearchAction","target":{"@type":"EntryPoint","urlTemplate":"https:\/\/bulaoutdoor.nl\/?s={search_term_string}"},"query-input":{"@type":"PropertyValueSpecification","valueRequired":true,"valueName":"search_term_string"}}],"inLanguage":"fr-FR"},{"@type":"Organization","@id":"https:\/\/bulaoutdoor.nl\/#organization","name":"Bula Outdoor","url":"https:\/\/bulaoutdoor.nl\/","logo":{"@type":"ImageObject","inLanguage":"fr-FR","@id":"https:\/\/bulaoutdoor.nl\/#\/schema\/logo\/image\/","url":"https:\/\/www.bulaoutdoor.nl\/wp-content\/uploads\/2018\/04\/bulaoutdoor-logo.png","contentUrl":"https:\/\/www.bulaoutdoor.nl\/wp-content\/uploads\/2018\/04\/bulaoutdoor-logo.png","width":324,"height":91,"caption":"Bula Outdoor"},"image":{"@id":"https:\/\/bulaoutdoor.nl\/#\/schema\/logo\/image\/"}}]}},"jetpack_sharing_enabled":true,"_links":{"self":[{"href":"https:\/\/bulaoutdoor.nl\/fr\/wp-json\/wp\/v2\/product\/16783","targetHints":{"allow":["GET"]}}],"collection":[{"href":"https:\/\/bulaoutdoor.nl\/fr\/wp-json\/wp\/v2\/product"}],"about":[{"href":"https:\/\/bulaoutdoor.nl\/fr\/wp-json\/wp\/v2\/types\/product"}],"replies":[{"embeddable":true,"href":"https:\/\/bulaoutdoor.nl\/fr\/wp-json\/wp\/v2\/comments?post=16783"}],"wp:featuredmedia":[{"embeddable":true,"href":"https:\/\/bulaoutdoor.nl\/fr\/wp-json\/wp\/v2\/media\/16784"}],"wp:attachment":[{"href":"https:\/\/bulaoutdoor.nl\/fr\/wp-json\/wp\/v2\/media?parent=16783"}],"wp:term":[{"taxonomy":"product_brand","embeddable":true,"href":"https:\/\/bulaoutdoor.nl\/fr\/wp-json\/wp\/v2\/product_brand?post=16783"},{"taxonomy":"product_cat","embeddable":true,"href":"https:\/\/bulaoutdoor.nl\/fr\/wp-json\/wp\/v2\/product_cat?post=16783"},{"taxonomy":"product_tag","embeddable":true,"href":"https:\/\/bulaoutdoor.nl\/fr\/wp-json\/wp\/v2\/product_tag?post=16783"}],"curies":[{"name":"wp","href":"https:\/\/api.w.org\/{rel}","templated":true}]}}