{"id":16805,"date":"2020-11-20T14:58:49","date_gmt":"2020-11-20T14:58:49","guid":{"rendered":"https:\/\/www.bulaoutdoor.nl\/product\/altech-max-b-depot\/"},"modified":"2026-04-03T04:08:40","modified_gmt":"2026-04-03T04:08:40","slug":"altech-max-b-depot","status":"publish","type":"product","link":"https:\/\/bulaoutdoor.nl\/fr\/product\/altech-max-b-depot\/","title":{"rendered":"Altech MAX B Depot"},"content":{"rendered":"<h2>Altech MAX B Depot<\/h2>\n<p>Un design \u00e9pur\u00e9 sans pr\u00e9c\u00e9dent associ\u00e9 \u00e0 la chaleur famili\u00e8re de la pierre ollaire qui fait la r\u00e9putation de l'entreprise. <a href=\"https:\/\/www.haveverwarming.nl\/altech\">Altech <\/a>Max \"le\" po\u00eale du futur. Pour la premi\u00e8re fois en 40 ans, Altech <a href=\"https:\/\/www.haveverwarming.nl\/kenniscentrum\/verschillen-houtkachels\">po\u00eales en pierre ollaire<\/a>&nbsp;C'est pourquoi nous avons choisi de commercialiser un mod\u00e8le avec un cadre en acier. Ce cadre en acier et la pierre ollaire encastr\u00e9e conf\u00e8rent \u00e0 l'Altech Max le design le plus \u00e9pur\u00e9 de tous les po\u00eales \u00e0 pierre ollaire. Avec une puissance de 3 \u00e0 8,5 kW, le Max convient aussi bien aux petites pi\u00e8ces qu'aux grands espaces pour leur procurer une merveilleuse chaleur infrarouge. Le po\u00eale <a href=\"https:\/\/www.haveverwarming.nl\/kachels\/hout\">po\u00eale \u00e0 bois<\/a> est facile \u00e0 utiliser, vous pouvez actionner la poign\u00e9e de porte int\u00e9gr\u00e9e et le levier d'air \u00e0 l'aide de la cl\u00e9 fournie. Comme vous l'attendez de nous, ce mod\u00e8le est \u00e9galement disponible avec une terrasse en bois, ce qui vous permet d'avoir une meilleure vue sur les magnifiques paysages de la r\u00e9gion. <a href=\"https:\/\/www.haveverwarming.nl\/kenniscentrum\/wat-is-vuur\">jeu du feu<\/a>.<\/p>\n<h3>Admirez vous-m\u00eame ce mod\u00e8le unique<\/h3>\n<p>Venez au <a href=\"https:\/\/www.haveverwarming.nl\/experiencecenter\">Centre d'exp\u00e9rience<\/a> de HAV\u00c9 Heating et admirez l'Altech Max B par vous-m\u00eame.<\/p>\n<p>T\u00e9l\u00e9chargements de produits<\/p>\n<ul>\n<li><a class=\"download file\" href=\"https:\/\/www.haveverwarming.nl\/amfile\/file\/download\/file\/8728\/product\/1587\/\" target=\"_blank\"><span>Brochure Altech 2025<\/span><\/a><\/li>\n<li><a class=\"download file\" href=\"https:\/\/www.haveverwarming.nl\/amfile\/file\/download\/file\/4019\/product\/1587\/\" target=\"_blank\"><span>Flyer<\/span><\/a><\/li>\n<li><a class=\"download file\" href=\"https:\/\/www.haveverwarming.nl\/amfile\/file\/download\/file\/6413\/product\/1587\/\" target=\"_blank\"><span>Brochure sur le tir responsable<\/span><\/a><\/li>\n<li><a class=\"download file\" href=\"https:\/\/www.haveverwarming.nl\/amfile\/file\/download\/file\/7124\/product\/1587\/\" target=\"_blank\"><span>\u00c9tiquette \u00e9nerg\u00e9tique Max B<\/span><\/a><\/li>\n<li><a class=\"download file\" href=\"https:\/\/www.haveverwarming.nl\/amfile\/file\/download\/file\/7126\/product\/1587\/\" target=\"_blank\"><span>Dessin au trait Altech Max B<\/span><\/a><\/li>\n<li><a class=\"download file\" href=\"https:\/\/www.haveverwarming.nl\/amfile\/file\/download\/file\/7127\/product\/1587\/\" target=\"_blank\"><span>Dessin au trait Altech Max B en vrac<\/span><\/a><\/li>\n<li><a class=\"download file\" href=\"https:\/\/www.haveverwarming.nl\/amfile\/file\/download\/file\/7129\/product\/1587\/\" target=\"_blank\"><span>Fiche technique Altech Max B Depot<\/span><\/a><\/li>\n<li><a class=\"download file\" href=\"https:\/\/www.haveverwarming.nl\/amfile\/file\/download\/file\/7568\/product\/1587\/\" target=\"_blank\"><span>Manuel Altech Max B<\/span><\/a><\/li>\n<li><a class=\"download file\" href=\"https:\/\/www.haveverwarming.nl\/productpdf\/download\/file\/id\/1587\/name\/Altech_MAX_B_Depot.pdf\/\" target=\"_blank\"><span>T\u00e9l\u00e9charger la fiche technique<\/span><\/a><\/li>\n<\/ul>","protected":false},"excerpt":{"rendered":"<p>Altech MAX B Depot Een ongekend strak design in combinatie met de vertrouwde speksteenwarmte dat maakt de Altech Max &#8216;de&#8217;&nbsp;kachel van de toekomst. Voor de eerste keer in 40 jaar dat Altech speksteenkachels&nbsp;maakt, hebben wij de keuze gemaakt om een model op de markt te brengen met een stalen frame. Door dit stalen frame en [&hellip;]<\/p>\n","protected":false},"featured_media":16806,"comment_status":"open","ping_status":"closed","template":"","meta":{"_acf_changed":false},"product_brand":[],"product_cat":[1092],"product_tag":[],"class_list":{"0":"post-16805","1":"product","2":"type-product","3":"status-publish","4":"has-post-thumbnail","6":"product_cat-vrijstaande-houtkachels","8":"first","9":"instock","10":"taxable","11":"shipping-taxable","12":"purchasable","13":"product-type-simple"},"acf":[],"yoast_head":"<!-- This site is optimized with the Yoast SEO plugin v27.3 - https:\/\/yoast.com\/product\/yoast-seo-wordpress\/ -->\n<title>Altech MAX B Depot &#8211; Bula Outdoor<\/title>\n<meta name=\"robots\" content=\"index, follow, max-snippet:-1, max-image-preview:large, max-video-preview:-1\" \/>\n<link rel=\"canonical\" href=\"https:\/\/bulaoutdoor.nl\/fr\/produit\/altech-max-b-depot\/\" \/>\n<meta property=\"og:locale\" content=\"fr_FR\" \/>\n<meta property=\"og:type\" content=\"article\" \/>\n<meta property=\"og:title\" content=\"Altech MAX B Depot &#8211; Bula Outdoor\" \/>\n<meta property=\"og:description\" content=\"Altech MAX B Depot Een ongekend strak design in combinatie met de vertrouwde speksteenwarmte dat maakt de Altech Max &#8216;de&#8217;&nbsp;kachel van de toekomst. Voor de eerste keer in 40 jaar dat Altech speksteenkachels&nbsp;maakt, hebben wij de keuze gemaakt om een model op de markt te brengen met een stalen frame. Door dit stalen frame en [&hellip;]\" \/>\n<meta property=\"og:url\" content=\"https:\/\/bulaoutdoor.nl\/fr\/produit\/altech-max-b-depot\/\" \/>\n<meta property=\"og:site_name\" content=\"Bula Outdoor\" \/>\n<meta property=\"article:modified_time\" content=\"2026-04-03T04:08:40+00:00\" \/>\n<meta property=\"og:image\" content=\"https:\/\/bulaoutdoor.nl\/wp-content\/uploads\/2020\/11\/altech-max-b-depot-1000x1000.jpg\" \/>\n\t<meta property=\"og:image:width\" content=\"1000\" \/>\n\t<meta property=\"og:image:height\" content=\"1000\" \/>\n\t<meta property=\"og:image:type\" content=\"image\/jpeg\" \/>\n<meta name=\"twitter:card\" content=\"summary_large_image\" \/>\n<meta name=\"twitter:label1\" content=\"Dur\u00e9e de lecture estim\u00e9e\" \/>\n\t<meta name=\"twitter:data1\" content=\"1 minute\" \/>\n<script type=\"application\/ld+json\" class=\"yoast-schema-graph\">{\"@context\":\"https:\\\/\\\/schema.org\",\"@graph\":[{\"@type\":\"WebPage\",\"@id\":\"https:\\\/\\\/bulaoutdoor.nl\\\/product\\\/altech-max-b-depot\\\/\",\"url\":\"https:\\\/\\\/bulaoutdoor.nl\\\/product\\\/altech-max-b-depot\\\/\",\"name\":\"Altech MAX B Depot &#8211; Bula Outdoor\",\"isPartOf\":{\"@id\":\"https:\\\/\\\/bulaoutdoor.nl\\\/#website\"},\"primaryImageOfPage\":{\"@id\":\"https:\\\/\\\/bulaoutdoor.nl\\\/product\\\/altech-max-b-depot\\\/#primaryimage\"},\"image\":{\"@id\":\"https:\\\/\\\/bulaoutdoor.nl\\\/product\\\/altech-max-b-depot\\\/#primaryimage\"},\"thumbnailUrl\":\"https:\\\/\\\/bulaoutdoor.nl\\\/wp-content\\\/uploads\\\/2020\\\/11\\\/altech-max-b-depot-1000x1000.jpg\",\"datePublished\":\"2020-11-20T14:58:49+00:00\",\"dateModified\":\"2026-04-03T04:08:40+00:00\",\"breadcrumb\":{\"@id\":\"https:\\\/\\\/bulaoutdoor.nl\\\/product\\\/altech-max-b-depot\\\/#breadcrumb\"},\"inLanguage\":\"fr-FR\",\"potentialAction\":[{\"@type\":\"ReadAction\",\"target\":[\"https:\\\/\\\/bulaoutdoor.nl\\\/product\\\/altech-max-b-depot\\\/\"]}]},{\"@type\":\"ImageObject\",\"inLanguage\":\"fr-FR\",\"@id\":\"https:\\\/\\\/bulaoutdoor.nl\\\/product\\\/altech-max-b-depot\\\/#primaryimage\",\"url\":\"https:\\\/\\\/bulaoutdoor.nl\\\/wp-content\\\/uploads\\\/2020\\\/11\\\/altech-max-b-depot-1000x1000.jpg\",\"contentUrl\":\"https:\\\/\\\/bulaoutdoor.nl\\\/wp-content\\\/uploads\\\/2020\\\/11\\\/altech-max-b-depot-1000x1000.jpg\",\"width\":1000,\"height\":1000,\"caption\":\"altech-max-b-depot-thumbnail\"},{\"@type\":\"BreadcrumbList\",\"@id\":\"https:\\\/\\\/bulaoutdoor.nl\\\/product\\\/altech-max-b-depot\\\/#breadcrumb\",\"itemListElement\":[{\"@type\":\"ListItem\",\"position\":1,\"name\":\"Home\",\"item\":\"https:\\\/\\\/bulaoutdoor.nl\\\/\"},{\"@type\":\"ListItem\",\"position\":2,\"name\":\"Online BBQ kopen\",\"item\":\"https:\\\/\\\/bulaoutdoor.nl\\\/\"},{\"@type\":\"ListItem\",\"position\":3,\"name\":\"Altech MAX B Depot\"}]},{\"@type\":\"WebSite\",\"@id\":\"https:\\\/\\\/bulaoutdoor.nl\\\/#website\",\"url\":\"https:\\\/\\\/bulaoutdoor.nl\\\/\",\"name\":\"Bula Outdoor\",\"description\":\"Voor uw buitenhaard, BBQ, tuinfakkel en houtoven\",\"publisher\":{\"@id\":\"https:\\\/\\\/bulaoutdoor.nl\\\/#organization\"},\"potentialAction\":[{\"@type\":\"SearchAction\",\"target\":{\"@type\":\"EntryPoint\",\"urlTemplate\":\"https:\\\/\\\/bulaoutdoor.nl\\\/?s={search_term_string}\"},\"query-input\":{\"@type\":\"PropertyValueSpecification\",\"valueRequired\":true,\"valueName\":\"search_term_string\"}}],\"inLanguage\":\"fr-FR\"},{\"@type\":\"Organization\",\"@id\":\"https:\\\/\\\/bulaoutdoor.nl\\\/#organization\",\"name\":\"Bula Outdoor\",\"url\":\"https:\\\/\\\/bulaoutdoor.nl\\\/\",\"logo\":{\"@type\":\"ImageObject\",\"inLanguage\":\"fr-FR\",\"@id\":\"https:\\\/\\\/bulaoutdoor.nl\\\/#\\\/schema\\\/logo\\\/image\\\/\",\"url\":\"https:\\\/\\\/www.bulaoutdoor.nl\\\/wp-content\\\/uploads\\\/2018\\\/04\\\/bulaoutdoor-logo.png\",\"contentUrl\":\"https:\\\/\\\/www.bulaoutdoor.nl\\\/wp-content\\\/uploads\\\/2018\\\/04\\\/bulaoutdoor-logo.png\",\"width\":324,\"height\":91,\"caption\":\"Bula Outdoor\"},\"image\":{\"@id\":\"https:\\\/\\\/bulaoutdoor.nl\\\/#\\\/schema\\\/logo\\\/image\\\/\"}}]}<\/script>\n<!-- \/ Yoast SEO plugin. -->","yoast_head_json":{"title":"Altech MAX B Depot - Bula Outdoor","robots":{"index":"index","follow":"follow","max-snippet":"max-snippet:-1","max-image-preview":"max-image-preview:large","max-video-preview":"max-video-preview:-1"},"canonical":"https:\/\/bulaoutdoor.nl\/fr\/produit\/altech-max-b-depot\/","og_locale":"fr_FR","og_type":"article","og_title":"Altech MAX B Depot &#8211; Bula Outdoor","og_description":"Altech MAX B Depot Een ongekend strak design in combinatie met de vertrouwde speksteenwarmte dat maakt de Altech Max &#8216;de&#8217;&nbsp;kachel van de toekomst. Voor de eerste keer in 40 jaar dat Altech speksteenkachels&nbsp;maakt, hebben wij de keuze gemaakt om een model op de markt te brengen met een stalen frame. Door dit stalen frame en [&hellip;]","og_url":"https:\/\/bulaoutdoor.nl\/fr\/produit\/altech-max-b-depot\/","og_site_name":"Bula Outdoor","article_modified_time":"2026-04-03T04:08:40+00:00","og_image":[{"width":1000,"height":1000,"url":"https:\/\/bulaoutdoor.nl\/wp-content\/uploads\/2020\/11\/altech-max-b-depot-1000x1000.jpg","type":"image\/jpeg"}],"twitter_card":"summary_large_image","twitter_misc":{"Dur\u00e9e de lecture estim\u00e9e":"1 minute"},"schema":{"@context":"https:\/\/schema.org","@graph":[{"@type":"WebPage","@id":"https:\/\/bulaoutdoor.nl\/product\/altech-max-b-depot\/","url":"https:\/\/bulaoutdoor.nl\/product\/altech-max-b-depot\/","name":"Altech MAX B Depot - Bula Outdoor","isPartOf":{"@id":"https:\/\/bulaoutdoor.nl\/#website"},"primaryImageOfPage":{"@id":"https:\/\/bulaoutdoor.nl\/product\/altech-max-b-depot\/#primaryimage"},"image":{"@id":"https:\/\/bulaoutdoor.nl\/product\/altech-max-b-depot\/#primaryimage"},"thumbnailUrl":"https:\/\/bulaoutdoor.nl\/wp-content\/uploads\/2020\/11\/altech-max-b-depot-1000x1000.jpg","datePublished":"2020-11-20T14:58:49+00:00","dateModified":"2026-04-03T04:08:40+00:00","breadcrumb":{"@id":"https:\/\/bulaoutdoor.nl\/product\/altech-max-b-depot\/#breadcrumb"},"inLanguage":"fr-FR","potentialAction":[{"@type":"ReadAction","target":["https:\/\/bulaoutdoor.nl\/product\/altech-max-b-depot\/"]}]},{"@type":"ImageObject","inLanguage":"fr-FR","@id":"https:\/\/bulaoutdoor.nl\/product\/altech-max-b-depot\/#primaryimage","url":"https:\/\/bulaoutdoor.nl\/wp-content\/uploads\/2020\/11\/altech-max-b-depot-1000x1000.jpg","contentUrl":"https:\/\/bulaoutdoor.nl\/wp-content\/uploads\/2020\/11\/altech-max-b-depot-1000x1000.jpg","width":1000,"height":1000,"caption":"altech-max-b-depot-thumbnail"},{"@type":"BreadcrumbList","@id":"https:\/\/bulaoutdoor.nl\/product\/altech-max-b-depot\/#breadcrumb","itemListElement":[{"@type":"ListItem","position":1,"name":"Home","item":"https:\/\/bulaoutdoor.nl\/"},{"@type":"ListItem","position":2,"name":"Online BBQ kopen","item":"https:\/\/bulaoutdoor.nl\/"},{"@type":"ListItem","position":3,"name":"Altech MAX B Depot"}]},{"@type":"WebSite","@id":"https:\/\/bulaoutdoor.nl\/#website","url":"https:\/\/bulaoutdoor.nl\/","name":"Bula Outdoor","description":"Pour votre chemin\u00e9e ext\u00e9rieure, votre barbecue, votre torche de jardin et votre four \u00e0 bois","publisher":{"@id":"https:\/\/bulaoutdoor.nl\/#organization"},"potentialAction":[{"@type":"SearchAction","target":{"@type":"EntryPoint","urlTemplate":"https:\/\/bulaoutdoor.nl\/?s={search_term_string}"},"query-input":{"@type":"PropertyValueSpecification","valueRequired":true,"valueName":"search_term_string"}}],"inLanguage":"fr-FR"},{"@type":"Organization","@id":"https:\/\/bulaoutdoor.nl\/#organization","name":"Bula Outdoor","url":"https:\/\/bulaoutdoor.nl\/","logo":{"@type":"ImageObject","inLanguage":"fr-FR","@id":"https:\/\/bulaoutdoor.nl\/#\/schema\/logo\/image\/","url":"https:\/\/www.bulaoutdoor.nl\/wp-content\/uploads\/2018\/04\/bulaoutdoor-logo.png","contentUrl":"https:\/\/www.bulaoutdoor.nl\/wp-content\/uploads\/2018\/04\/bulaoutdoor-logo.png","width":324,"height":91,"caption":"Bula Outdoor"},"image":{"@id":"https:\/\/bulaoutdoor.nl\/#\/schema\/logo\/image\/"}}]}},"jetpack_sharing_enabled":true,"_links":{"self":[{"href":"https:\/\/bulaoutdoor.nl\/fr\/wp-json\/wp\/v2\/product\/16805","targetHints":{"allow":["GET"]}}],"collection":[{"href":"https:\/\/bulaoutdoor.nl\/fr\/wp-json\/wp\/v2\/product"}],"about":[{"href":"https:\/\/bulaoutdoor.nl\/fr\/wp-json\/wp\/v2\/types\/product"}],"replies":[{"embeddable":true,"href":"https:\/\/bulaoutdoor.nl\/fr\/wp-json\/wp\/v2\/comments?post=16805"}],"wp:featuredmedia":[{"embeddable":true,"href":"https:\/\/bulaoutdoor.nl\/fr\/wp-json\/wp\/v2\/media\/16806"}],"wp:attachment":[{"href":"https:\/\/bulaoutdoor.nl\/fr\/wp-json\/wp\/v2\/media?parent=16805"}],"wp:term":[{"taxonomy":"product_brand","embeddable":true,"href":"https:\/\/bulaoutdoor.nl\/fr\/wp-json\/wp\/v2\/product_brand?post=16805"},{"taxonomy":"product_cat","embeddable":true,"href":"https:\/\/bulaoutdoor.nl\/fr\/wp-json\/wp\/v2\/product_cat?post=16805"},{"taxonomy":"product_tag","embeddable":true,"href":"https:\/\/bulaoutdoor.nl\/fr\/wp-json\/wp\/v2\/product_tag?post=16805"}],"curies":[{"name":"wp","href":"https:\/\/api.w.org\/{rel}","templated":true}]}}