{"id":17093,"date":"2022-06-21T09:00:20","date_gmt":"2022-06-21T09:00:20","guid":{"rendered":"https:\/\/www.bulaoutdoor.nl\/product\/charlton-jenrick-purevision-lpv8-wall-houtkachel\/"},"modified":"2026-04-05T04:49:10","modified_gmt":"2026-04-05T04:49:10","slug":"charlton-jenrick-purevision-lpv8-wall-wood-stove","status":"publish","type":"product","link":"https:\/\/bulaoutdoor.nl\/fr\/product\/charlton-jenrick-purevision-lpv8-wall-houtkachel\/","title":{"rendered":"Charlton &amp; Jenrick Purevision LPV8 Po\u00eale \u00e0 bois mural"},"content":{"rendered":"<h2>Charlton &amp; Jenrick LPV8 Po\u00eale \u00e0 bois mural&nbsp;<\/h2>\n<p>\u00c9l\u00e9gant et moderne. Tels sont les mots qui d\u00e9crivent cette pi\u00e8ce d\u00e9tach\u00e9e <a href=\"https:\/\/www.haveverwarming.nl\/kachels\/hout\" target=\"_blank\" rel=\"noopener\">po\u00eale \u00e0 bois<\/a> parfaitement d\u00e9crite. Les <a href=\"https:\/\/www.haveverwarming.nl\/charlton-and-jenrick\" target=\"_blank\" rel=\"noopener\">Charlton &amp; Jenrick<\/a> Le design \u00e9pur\u00e9 du Purevision LPV8 Linear en fait le compl\u00e9ment id\u00e9al de tout int\u00e9rieur moderne. L'avantage d'un po\u00eale suspendu est qu'il cr\u00e9e un effet d'espace dans le salon. En outre, le po\u00eale est \u00e9quip\u00e9 de trois vitres, dont une large vitre frontale qui offre une vue imprenable sur le cr\u00e9pitement. <a href=\"https:\/\/www.haveverwarming.nl\/kenniscentrum\/wat-is-vuur\" target=\"_blank\" rel=\"noopener\">feu de bois<\/a>!&nbsp;<\/p>\n<p>Veuillez noter que le po\u00eale est livr\u00e9 en standard avec des poign\u00e9es noires. Des poign\u00e9es en acier inoxydable sont disponibles moyennant un suppl\u00e9ment de prix.<\/p>\n<h3>Caract\u00e9ristiques techniques du LPV8 :<\/h3>\n<ul>\n<li>Puissante purge d'air qui aide \u00e0 br\u00fbler le po\u00eale proprement pour produire une image de flamme de haute d\u00e9finition.<\/li>\n<li>Syst\u00e8me de profilage de l'air tertiaire assurant une combustion efficace et un rendement \u00e9lev\u00e9<\/li>\n<li>Outil de travail et support robustes en acier inoxydable pour une utilisation ais\u00e9e<\/li>\n<\/ul>\n<h3>Voir diff\u00e9rents po\u00eales \u00e0 bois en fonctionnement ?<\/h3>\n<p>Passez nous voir dans notre <a href=\"https:\/\/www.haveverwarming.nl\/experiencecenter\" target=\"_blank\" rel=\"noopener\">Centre d'exp\u00e9rience<\/a> \u00e0 Lunteren pour admirer diff\u00e9rents po\u00eales. Sur place, nos conseillers seront \u00e0 votre disposition pour vous renseigner sur les po\u00eales Charlton &amp; Jenrick.<\/p>\n<p>T\u00e9l\u00e9chargements de produits<\/p>\n<ul>\n<li><a class=\"download file\" href=\"https:\/\/www.haveverwarming.nl\/amfile\/file\/download\/file\/6134\/product\/1904\/\" target=\"_blank\"><span>Manuel Fireline Purevision LPV<\/span><\/a><\/li>\n<li><a class=\"download file\" href=\"https:\/\/www.haveverwarming.nl\/amfile\/file\/download\/file\/6319\/product\/1904\/\" target=\"_blank\"><span>Manuel Alimentation en air externe LPV<\/span><\/a><\/li>\n<li><a class=\"download file\" href=\"https:\/\/www.haveverwarming.nl\/amfile\/file\/download\/file\/6117\/product\/1904\/\" target=\"_blank\"><span>Dessin au trait Purevision LPV8 Wall<\/span><\/a><\/li>\n<li><a class=\"download file\" href=\"https:\/\/www.haveverwarming.nl\/amfile\/file\/download\/file\/6298\/product\/1904\/\" target=\"_blank\"><span>Dessin lin\u00e9aire LPV Kit d'alimentation en air ext\u00e9rieur<\/span><\/a><\/li>\n<li><a class=\"download file\" href=\"https:\/\/www.haveverwarming.nl\/amfile\/file\/download\/file\/7516\/product\/1904\/\" target=\"_blank\"><span>Label \u00e9nerg\u00e9tique LPV8<\/span><\/a><\/li>\n<li><a class=\"download file\" href=\"https:\/\/www.haveverwarming.nl\/amfile\/file\/download\/file\/6441\/product\/1904\/\" target=\"_blank\"><span>Brochure sur le tir responsable<\/span><\/a><\/li>\n<li><a class=\"download file\" href=\"https:\/\/www.haveverwarming.nl\/amfile\/file\/download\/file\/8841\/product\/1904\/\" target=\"_blank\"><span>LPV Dimensions de l'alimentation en air ext\u00e9rieur<\/span><\/a><\/li>\n<li><a class=\"download file\" href=\"https:\/\/www.haveverwarming.nl\/amfile\/file\/download\/file\/9086\/product\/1904\/\" target=\"_blank\"><span>Brochure C&amp;J Bois 2025<\/span><\/a><\/li>\n<li><a class=\"download file\" href=\"https:\/\/www.haveverwarming.nl\/productpdf\/download\/file\/id\/1904\/name\/Charlton_%2526_Jenrick_Purevision_LPV8_Wall_houtkachel.pdf\/\" target=\"_blank\"><span>T\u00e9l\u00e9charger la fiche technique<\/span><\/a><\/li>\n<\/ul>","protected":false},"excerpt":{"rendered":"<p>Charlton &amp; Jenrick LPV8 Wall houtkachel&nbsp; Strak en modern. Dat zijn de woorden die deze vrijstaande houtkachel perf\u00e9ct omschrijven. De Charlton &amp; Jenrick Purevision LPV8 Linear is door zijn strakke design de perfecte aanvulling op ieder modern interieur. Het voordeel van een hangende kachel is dat het zorgt voor een ruimtelijk effect in de woonkamer. [&hellip;]<\/p>\n","protected":false},"featured_media":30992,"comment_status":"open","ping_status":"closed","template":"","meta":{"_acf_changed":false},"product_brand":[],"product_cat":[1248],"product_tag":[],"class_list":{"0":"post-17093","1":"product","2":"type-product","3":"status-publish","4":"has-post-thumbnail","6":"product_cat-hangende-houtkachels","8":"first","9":"instock","10":"taxable","11":"shipping-taxable","12":"purchasable","13":"product-type-simple"},"acf":[],"yoast_head":"<!-- This site is optimized with the Yoast SEO plugin v27.3 - https:\/\/yoast.com\/product\/yoast-seo-wordpress\/ -->\n<title>Charlton &amp; Jenrick Purevision LPV8 Wall houtkachel &#8211; Bula Outdoor<\/title>\n<meta name=\"robots\" content=\"index, follow, max-snippet:-1, max-image-preview:large, max-video-preview:-1\" \/>\n<link rel=\"canonical\" href=\"https:\/\/bulaoutdoor.nl\/fr\/produit\/charlton-jenrick-purevision-lpv8-wall-wood-stove\/\" \/>\n<meta property=\"og:locale\" content=\"fr_FR\" \/>\n<meta property=\"og:type\" content=\"article\" \/>\n<meta property=\"og:title\" content=\"Charlton &amp; Jenrick Purevision LPV8 Wall houtkachel &#8211; Bula Outdoor\" \/>\n<meta property=\"og:description\" content=\"Charlton &amp; Jenrick LPV8 Wall houtkachel&nbsp; Strak en modern. Dat zijn de woorden die deze vrijstaande houtkachel perf\u00e9ct omschrijven. De Charlton &amp; Jenrick Purevision LPV8 Linear is door zijn strakke design de perfecte aanvulling op ieder modern interieur. Het voordeel van een hangende kachel is dat het zorgt voor een ruimtelijk effect in de woonkamer. [&hellip;]\" \/>\n<meta property=\"og:url\" content=\"https:\/\/bulaoutdoor.nl\/fr\/produit\/charlton-jenrick-purevision-lpv8-wall-wood-stove\/\" \/>\n<meta property=\"og:site_name\" content=\"Bula Outdoor\" \/>\n<meta property=\"article:modified_time\" content=\"2026-04-05T04:49:10+00:00\" \/>\n<meta property=\"og:image\" content=\"https:\/\/bulaoutdoor.nl\/wp-content\/uploads\/2022\/06\/lpv8_wall_zwrte_details.jpg\" \/>\n\t<meta property=\"og:image:width\" content=\"1200\" \/>\n\t<meta property=\"og:image:height\" content=\"1200\" \/>\n\t<meta property=\"og:image:type\" content=\"image\/jpeg\" \/>\n<meta name=\"twitter:card\" content=\"summary_large_image\" \/>\n<meta name=\"twitter:label1\" content=\"Dur\u00e9e de lecture estim\u00e9e\" \/>\n\t<meta name=\"twitter:data1\" content=\"2 minutes\" \/>\n<script type=\"application\/ld+json\" class=\"yoast-schema-graph\">{\"@context\":\"https:\\\/\\\/schema.org\",\"@graph\":[{\"@type\":\"WebPage\",\"@id\":\"https:\\\/\\\/bulaoutdoor.nl\\\/product\\\/charlton-jenrick-purevision-lpv8-wall-houtkachel\\\/\",\"url\":\"https:\\\/\\\/bulaoutdoor.nl\\\/product\\\/charlton-jenrick-purevision-lpv8-wall-houtkachel\\\/\",\"name\":\"Charlton &amp; Jenrick Purevision LPV8 Wall houtkachel &#8211; Bula Outdoor\",\"isPartOf\":{\"@id\":\"https:\\\/\\\/bulaoutdoor.nl\\\/#website\"},\"primaryImageOfPage\":{\"@id\":\"https:\\\/\\\/bulaoutdoor.nl\\\/product\\\/charlton-jenrick-purevision-lpv8-wall-houtkachel\\\/#primaryimage\"},\"image\":{\"@id\":\"https:\\\/\\\/bulaoutdoor.nl\\\/product\\\/charlton-jenrick-purevision-lpv8-wall-houtkachel\\\/#primaryimage\"},\"thumbnailUrl\":\"https:\\\/\\\/bulaoutdoor.nl\\\/wp-content\\\/uploads\\\/2022\\\/06\\\/lpv8_wall_zwrte_details.jpg\",\"datePublished\":\"2022-06-21T09:00:20+00:00\",\"dateModified\":\"2026-04-05T04:49:10+00:00\",\"breadcrumb\":{\"@id\":\"https:\\\/\\\/bulaoutdoor.nl\\\/product\\\/charlton-jenrick-purevision-lpv8-wall-houtkachel\\\/#breadcrumb\"},\"inLanguage\":\"fr-FR\",\"potentialAction\":[{\"@type\":\"ReadAction\",\"target\":[\"https:\\\/\\\/bulaoutdoor.nl\\\/product\\\/charlton-jenrick-purevision-lpv8-wall-houtkachel\\\/\"]}]},{\"@type\":\"ImageObject\",\"inLanguage\":\"fr-FR\",\"@id\":\"https:\\\/\\\/bulaoutdoor.nl\\\/product\\\/charlton-jenrick-purevision-lpv8-wall-houtkachel\\\/#primaryimage\",\"url\":\"https:\\\/\\\/bulaoutdoor.nl\\\/wp-content\\\/uploads\\\/2022\\\/06\\\/lpv8_wall_zwrte_details.jpg\",\"contentUrl\":\"https:\\\/\\\/bulaoutdoor.nl\\\/wp-content\\\/uploads\\\/2022\\\/06\\\/lpv8_wall_zwrte_details.jpg\",\"width\":1200,\"height\":1200,\"caption\":\"charlton-jenrick-purevision-lpv8-wall-houtkachel-thumbnail\"},{\"@type\":\"BreadcrumbList\",\"@id\":\"https:\\\/\\\/bulaoutdoor.nl\\\/product\\\/charlton-jenrick-purevision-lpv8-wall-houtkachel\\\/#breadcrumb\",\"itemListElement\":[{\"@type\":\"ListItem\",\"position\":1,\"name\":\"Home\",\"item\":\"https:\\\/\\\/bulaoutdoor.nl\\\/\"},{\"@type\":\"ListItem\",\"position\":2,\"name\":\"Online BBQ kopen\",\"item\":\"https:\\\/\\\/bulaoutdoor.nl\\\/\"},{\"@type\":\"ListItem\",\"position\":3,\"name\":\"Charlton &amp; Jenrick Purevision LPV8 Wall houtkachel\"}]},{\"@type\":\"WebSite\",\"@id\":\"https:\\\/\\\/bulaoutdoor.nl\\\/#website\",\"url\":\"https:\\\/\\\/bulaoutdoor.nl\\\/\",\"name\":\"Bula Outdoor\",\"description\":\"Voor uw buitenhaard, BBQ, tuinfakkel en houtoven\",\"publisher\":{\"@id\":\"https:\\\/\\\/bulaoutdoor.nl\\\/#organization\"},\"potentialAction\":[{\"@type\":\"SearchAction\",\"target\":{\"@type\":\"EntryPoint\",\"urlTemplate\":\"https:\\\/\\\/bulaoutdoor.nl\\\/?s={search_term_string}\"},\"query-input\":{\"@type\":\"PropertyValueSpecification\",\"valueRequired\":true,\"valueName\":\"search_term_string\"}}],\"inLanguage\":\"fr-FR\"},{\"@type\":\"Organization\",\"@id\":\"https:\\\/\\\/bulaoutdoor.nl\\\/#organization\",\"name\":\"Bula Outdoor\",\"url\":\"https:\\\/\\\/bulaoutdoor.nl\\\/\",\"logo\":{\"@type\":\"ImageObject\",\"inLanguage\":\"fr-FR\",\"@id\":\"https:\\\/\\\/bulaoutdoor.nl\\\/#\\\/schema\\\/logo\\\/image\\\/\",\"url\":\"https:\\\/\\\/www.bulaoutdoor.nl\\\/wp-content\\\/uploads\\\/2018\\\/04\\\/bulaoutdoor-logo.png\",\"contentUrl\":\"https:\\\/\\\/www.bulaoutdoor.nl\\\/wp-content\\\/uploads\\\/2018\\\/04\\\/bulaoutdoor-logo.png\",\"width\":324,\"height\":91,\"caption\":\"Bula Outdoor\"},\"image\":{\"@id\":\"https:\\\/\\\/bulaoutdoor.nl\\\/#\\\/schema\\\/logo\\\/image\\\/\"}}]}<\/script>\n<!-- \/ Yoast SEO plugin. -->","yoast_head_json":{"title":"Charlton &amp; Jenrick Purevision LPV8 Po\u00eale \u00e0 bois mural - Bula Outdoor","robots":{"index":"index","follow":"follow","max-snippet":"max-snippet:-1","max-image-preview":"max-image-preview:large","max-video-preview":"max-video-preview:-1"},"canonical":"https:\/\/bulaoutdoor.nl\/fr\/produit\/charlton-jenrick-purevision-lpv8-wall-wood-stove\/","og_locale":"fr_FR","og_type":"article","og_title":"Charlton &amp; Jenrick Purevision LPV8 Wall houtkachel &#8211; Bula Outdoor","og_description":"Charlton &amp; Jenrick LPV8 Wall houtkachel&nbsp; Strak en modern. Dat zijn de woorden die deze vrijstaande houtkachel perf\u00e9ct omschrijven. De Charlton &amp; Jenrick Purevision LPV8 Linear is door zijn strakke design de perfecte aanvulling op ieder modern interieur. Het voordeel van een hangende kachel is dat het zorgt voor een ruimtelijk effect in de woonkamer. [&hellip;]","og_url":"https:\/\/bulaoutdoor.nl\/fr\/produit\/charlton-jenrick-purevision-lpv8-wall-wood-stove\/","og_site_name":"Bula Outdoor","article_modified_time":"2026-04-05T04:49:10+00:00","og_image":[{"width":1200,"height":1200,"url":"https:\/\/bulaoutdoor.nl\/wp-content\/uploads\/2022\/06\/lpv8_wall_zwrte_details.jpg","type":"image\/jpeg"}],"twitter_card":"summary_large_image","twitter_misc":{"Dur\u00e9e de lecture estim\u00e9e":"2 minutes"},"schema":{"@context":"https:\/\/schema.org","@graph":[{"@type":"WebPage","@id":"https:\/\/bulaoutdoor.nl\/product\/charlton-jenrick-purevision-lpv8-wall-houtkachel\/","url":"https:\/\/bulaoutdoor.nl\/product\/charlton-jenrick-purevision-lpv8-wall-houtkachel\/","name":"Charlton &amp; Jenrick Purevision LPV8 Po\u00eale \u00e0 bois mural - Bula Outdoor","isPartOf":{"@id":"https:\/\/bulaoutdoor.nl\/#website"},"primaryImageOfPage":{"@id":"https:\/\/bulaoutdoor.nl\/product\/charlton-jenrick-purevision-lpv8-wall-houtkachel\/#primaryimage"},"image":{"@id":"https:\/\/bulaoutdoor.nl\/product\/charlton-jenrick-purevision-lpv8-wall-houtkachel\/#primaryimage"},"thumbnailUrl":"https:\/\/bulaoutdoor.nl\/wp-content\/uploads\/2022\/06\/lpv8_wall_zwrte_details.jpg","datePublished":"2022-06-21T09:00:20+00:00","dateModified":"2026-04-05T04:49:10+00:00","breadcrumb":{"@id":"https:\/\/bulaoutdoor.nl\/product\/charlton-jenrick-purevision-lpv8-wall-houtkachel\/#breadcrumb"},"inLanguage":"fr-FR","potentialAction":[{"@type":"ReadAction","target":["https:\/\/bulaoutdoor.nl\/product\/charlton-jenrick-purevision-lpv8-wall-houtkachel\/"]}]},{"@type":"ImageObject","inLanguage":"fr-FR","@id":"https:\/\/bulaoutdoor.nl\/product\/charlton-jenrick-purevision-lpv8-wall-houtkachel\/#primaryimage","url":"https:\/\/bulaoutdoor.nl\/wp-content\/uploads\/2022\/06\/lpv8_wall_zwrte_details.jpg","contentUrl":"https:\/\/bulaoutdoor.nl\/wp-content\/uploads\/2022\/06\/lpv8_wall_zwrte_details.jpg","width":1200,"height":1200,"caption":"charlton-jenrick-purevision-lpv8-wall-houtkachel-thumbnail"},{"@type":"BreadcrumbList","@id":"https:\/\/bulaoutdoor.nl\/product\/charlton-jenrick-purevision-lpv8-wall-houtkachel\/#breadcrumb","itemListElement":[{"@type":"ListItem","position":1,"name":"Home","item":"https:\/\/bulaoutdoor.nl\/"},{"@type":"ListItem","position":2,"name":"Online BBQ kopen","item":"https:\/\/bulaoutdoor.nl\/"},{"@type":"ListItem","position":3,"name":"Charlton &amp; Jenrick Purevision LPV8 Wall houtkachel"}]},{"@type":"WebSite","@id":"https:\/\/bulaoutdoor.nl\/#website","url":"https:\/\/bulaoutdoor.nl\/","name":"Bula Outdoor","description":"Pour votre chemin\u00e9e ext\u00e9rieure, votre barbecue, votre torche de jardin et votre four \u00e0 bois","publisher":{"@id":"https:\/\/bulaoutdoor.nl\/#organization"},"potentialAction":[{"@type":"SearchAction","target":{"@type":"EntryPoint","urlTemplate":"https:\/\/bulaoutdoor.nl\/?s={search_term_string}"},"query-input":{"@type":"PropertyValueSpecification","valueRequired":true,"valueName":"search_term_string"}}],"inLanguage":"fr-FR"},{"@type":"Organization","@id":"https:\/\/bulaoutdoor.nl\/#organization","name":"Bula Outdoor","url":"https:\/\/bulaoutdoor.nl\/","logo":{"@type":"ImageObject","inLanguage":"fr-FR","@id":"https:\/\/bulaoutdoor.nl\/#\/schema\/logo\/image\/","url":"https:\/\/www.bulaoutdoor.nl\/wp-content\/uploads\/2018\/04\/bulaoutdoor-logo.png","contentUrl":"https:\/\/www.bulaoutdoor.nl\/wp-content\/uploads\/2018\/04\/bulaoutdoor-logo.png","width":324,"height":91,"caption":"Bula Outdoor"},"image":{"@id":"https:\/\/bulaoutdoor.nl\/#\/schema\/logo\/image\/"}}]}},"jetpack_sharing_enabled":true,"_links":{"self":[{"href":"https:\/\/bulaoutdoor.nl\/fr\/wp-json\/wp\/v2\/product\/17093","targetHints":{"allow":["GET"]}}],"collection":[{"href":"https:\/\/bulaoutdoor.nl\/fr\/wp-json\/wp\/v2\/product"}],"about":[{"href":"https:\/\/bulaoutdoor.nl\/fr\/wp-json\/wp\/v2\/types\/product"}],"replies":[{"embeddable":true,"href":"https:\/\/bulaoutdoor.nl\/fr\/wp-json\/wp\/v2\/comments?post=17093"}],"wp:featuredmedia":[{"embeddable":true,"href":"https:\/\/bulaoutdoor.nl\/fr\/wp-json\/wp\/v2\/media\/30992"}],"wp:attachment":[{"href":"https:\/\/bulaoutdoor.nl\/fr\/wp-json\/wp\/v2\/media?parent=17093"}],"wp:term":[{"taxonomy":"product_brand","embeddable":true,"href":"https:\/\/bulaoutdoor.nl\/fr\/wp-json\/wp\/v2\/product_brand?post=17093"},{"taxonomy":"product_cat","embeddable":true,"href":"https:\/\/bulaoutdoor.nl\/fr\/wp-json\/wp\/v2\/product_cat?post=17093"},{"taxonomy":"product_tag","embeddable":true,"href":"https:\/\/bulaoutdoor.nl\/fr\/wp-json\/wp\/v2\/product_tag?post=17093"}],"curies":[{"name":"wp","href":"https:\/\/api.w.org\/{rel}","templated":true}]}}