{"id":17232,"date":"2022-10-31T09:56:14","date_gmt":"2022-10-31T09:56:14","guid":{"rendered":"https:\/\/www.bulaoutdoor.nl\/product\/jydepejsen-cozy-modern-wall-met-zijruiten\/"},"modified":"2026-04-05T04:49:16","modified_gmt":"2026-04-05T04:49:16","slug":"jydepejsen-cozy-modern-wall-with-side-windows","status":"publish","type":"product","link":"https:\/\/bulaoutdoor.nl\/fr\/product\/jydepejsen-cozy-modern-wall-met-zijruiten\/","title":{"rendered":"Jydepejsen Cozy Modern Wall avec fen\u00eatres lat\u00e9rales"},"content":{"rendered":"<p>Le po\u00eale \u00e0 bois en fonte Jydepejsen Cozy Modern Wall avec fen\u00eatres lat\u00e9rales est le dernier mod\u00e8le de Jydepejsen avec de nombreuses caract\u00e9ristiques uniques. De belles formes rondes combin\u00e9es \u00e0 l'utilisation de fonte et d'acier de haute qualit\u00e9 conf\u00e8rent au po\u00eale un aspect intemporel. Chaque d\u00e9tail a \u00e9t\u00e9 harmonieusement int\u00e9gr\u00e9 au design. Comme la grande fen\u00eatre qui s'int\u00e8gre harmonieusement dans le design rond et offre une belle vue de face sur les flammes. Le Cozy Modern Wall atteint un rendement thermique de 80% et a obtenu d'excellents r\u00e9sultats en termes d'\u00e9missions lors de l'inspection.<\/p>\n<h4><strong>Une bonne combustion et un bon contr\u00f4le du feu avec DuplicAir\u00ae.<\/strong><\/h4>\n<p>DuplicAir\u00ae est un syst\u00e8me de contr\u00f4le de l'air unique et sp\u00e9cialement con\u00e7u pour garantir une bonne combustion. Gr\u00e2ce \u00e0 un cadran, l'alimentation en air est r\u00e9gl\u00e9e avec pr\u00e9cision et facilit\u00e9. Une bonne combustion est importante pour un bon rendement et de faibles \u00e9missions.<\/p>\n<h4><strong>Bonne r\u00e9partition de la chaleur gr\u00e2ce \u00e0 la convection<\/strong><\/h4>\n<p>Le po\u00eale commence \u00e0 produire de la chaleur par convection peu apr\u00e8s l'allumage. L'air chaud monte et se r\u00e9pand dans la pi\u00e8ce.<\/p>\n<h4><strong>Centre d'exp\u00e9rience<\/strong><\/h4>\n<p>Visitez-nous&nbsp;<a href=\"https:\/\/www.haveverwarming.nl\/experiencecenter\" target=\"_blank\" rel=\"noopener\">Centre d'exp\u00e9rience<\/a>&nbsp;\u00e0 Lunteren pour admirer diff\u00e9rents mod\u00e8les Jydepejsen en situation r\u00e9elle et obtenir les conseils de l'un de nos sp\u00e9cialistes de la vente.<\/p>\n<p>T\u00e9l\u00e9chargements de produits<\/p>\n<ul>\n<li><a class=\"download file\" href=\"https:\/\/www.haveverwarming.nl\/amfile\/file\/download\/file\/9157\/product\/1961\/\" target=\"_blank\"><span>Brochure Jydepejsen<\/span><\/a><\/li>\n<li><a class=\"download file\" href=\"https:\/\/www.haveverwarming.nl\/amfile\/file\/download\/file\/6267\/product\/1961\/\" target=\"_blank\"><span>Etiquette \u00e9nerg\u00e9tique Jydepejsen Cozy Modern Wall avec fen\u00eatres lat\u00e9rales<\/span><\/a><\/li>\n<li><a class=\"download file\" href=\"https:\/\/www.haveverwarming.nl\/amfile\/file\/download\/file\/6268\/product\/1961\/\" target=\"_blank\"><span>Manuel Jydepejsen Cozy <\/span><\/a><\/li>\n<li><a class=\"download file\" href=\"https:\/\/www.haveverwarming.nl\/amfile\/file\/download\/file\/6566\/product\/1961\/\" target=\"_blank\"><span>Brochure sur le tir responsable<\/span><\/a><\/li>\n<li><a class=\"download file\" href=\"https:\/\/www.haveverwarming.nl\/productpdf\/download\/file\/id\/1961\/name\/Jydepejsen_Cozy_Modern_Wall_met_zijruiten.pdf\/\" target=\"_blank\"><span>T\u00e9l\u00e9charger la fiche technique<\/span><\/a><\/li>\n<\/ul>","protected":false},"excerpt":{"rendered":"<p>De Jydepejsen Cozy Modern Wall met zijruiten houtkachel met gietijzer is het nieuwste model van Jydepejsen met veel unieke eigenschappen. Mooie ronde vormen in combinatie met het gebruik van hoge kwaliteit gietijzer en staal geven de kachel een tijdloze uitstraling. Elk detail is harmonisch in het ontwerp verwerkt. Net als het grote venster dat vloeiend [&hellip;]<\/p>\n","protected":false},"featured_media":31063,"comment_status":"open","ping_status":"closed","template":"","meta":{"_acf_changed":false},"product_brand":[],"product_cat":[1248],"product_tag":[],"class_list":{"0":"post-17232","1":"product","2":"type-product","3":"status-publish","4":"has-post-thumbnail","6":"product_cat-hangende-houtkachels","8":"first","9":"instock","10":"taxable","11":"shipping-taxable","12":"purchasable","13":"product-type-simple"},"acf":[],"yoast_head":"<!-- This site is optimized with the Yoast SEO plugin v27.3 - https:\/\/yoast.com\/product\/yoast-seo-wordpress\/ -->\n<title>Jydepejsen Cozy Modern Wall met zijruiten &#8211; Bula Outdoor<\/title>\n<meta name=\"robots\" content=\"index, follow, max-snippet:-1, max-image-preview:large, max-video-preview:-1\" \/>\n<link rel=\"canonical\" href=\"https:\/\/bulaoutdoor.nl\/fr\/produit\/jydepejsen-cozy-modern-wall-with-side-windows\/\" \/>\n<meta property=\"og:locale\" content=\"fr_FR\" \/>\n<meta property=\"og:type\" content=\"article\" \/>\n<meta property=\"og:title\" content=\"Jydepejsen Cozy Modern Wall met zijruiten &#8211; Bula Outdoor\" \/>\n<meta property=\"og:description\" content=\"De Jydepejsen Cozy Modern Wall met zijruiten houtkachel met gietijzer is het nieuwste model van Jydepejsen met veel unieke eigenschappen. Mooie ronde vormen in combinatie met het gebruik van hoge kwaliteit gietijzer en staal geven de kachel een tijdloze uitstraling. Elk detail is harmonisch in het ontwerp verwerkt. Net als het grote venster dat vloeiend [&hellip;]\" \/>\n<meta property=\"og:url\" content=\"https:\/\/bulaoutdoor.nl\/fr\/produit\/jydepejsen-cozy-modern-wall-with-side-windows\/\" \/>\n<meta property=\"og:site_name\" content=\"Bula Outdoor\" \/>\n<meta property=\"article:modified_time\" content=\"2026-04-05T04:49:16+00:00\" \/>\n<meta property=\"og:image\" content=\"https:\/\/bulaoutdoor.nl\/wp-content\/uploads\/2022\/10\/jydepejsen_cozy_modern_wall_zijruiten-1.jpg\" \/>\n\t<meta property=\"og:image:width\" content=\"1080\" \/>\n\t<meta property=\"og:image:height\" content=\"1080\" \/>\n\t<meta property=\"og:image:type\" content=\"image\/jpeg\" \/>\n<meta name=\"twitter:card\" content=\"summary_large_image\" \/>\n<meta name=\"twitter:label1\" content=\"Dur\u00e9e de lecture estim\u00e9e\" \/>\n\t<meta name=\"twitter:data1\" content=\"1 minute\" \/>\n<script type=\"application\/ld+json\" class=\"yoast-schema-graph\">{\"@context\":\"https:\\\/\\\/schema.org\",\"@graph\":[{\"@type\":\"WebPage\",\"@id\":\"https:\\\/\\\/bulaoutdoor.nl\\\/product\\\/jydepejsen-cozy-modern-wall-met-zijruiten\\\/\",\"url\":\"https:\\\/\\\/bulaoutdoor.nl\\\/product\\\/jydepejsen-cozy-modern-wall-met-zijruiten\\\/\",\"name\":\"Jydepejsen Cozy Modern Wall met zijruiten &#8211; Bula Outdoor\",\"isPartOf\":{\"@id\":\"https:\\\/\\\/bulaoutdoor.nl\\\/#website\"},\"primaryImageOfPage\":{\"@id\":\"https:\\\/\\\/bulaoutdoor.nl\\\/product\\\/jydepejsen-cozy-modern-wall-met-zijruiten\\\/#primaryimage\"},\"image\":{\"@id\":\"https:\\\/\\\/bulaoutdoor.nl\\\/product\\\/jydepejsen-cozy-modern-wall-met-zijruiten\\\/#primaryimage\"},\"thumbnailUrl\":\"https:\\\/\\\/bulaoutdoor.nl\\\/wp-content\\\/uploads\\\/2022\\\/10\\\/jydepejsen_cozy_modern_wall_zijruiten-1.jpg\",\"datePublished\":\"2022-10-31T09:56:14+00:00\",\"dateModified\":\"2026-04-05T04:49:16+00:00\",\"breadcrumb\":{\"@id\":\"https:\\\/\\\/bulaoutdoor.nl\\\/product\\\/jydepejsen-cozy-modern-wall-met-zijruiten\\\/#breadcrumb\"},\"inLanguage\":\"fr-FR\",\"potentialAction\":[{\"@type\":\"ReadAction\",\"target\":[\"https:\\\/\\\/bulaoutdoor.nl\\\/product\\\/jydepejsen-cozy-modern-wall-met-zijruiten\\\/\"]}]},{\"@type\":\"ImageObject\",\"inLanguage\":\"fr-FR\",\"@id\":\"https:\\\/\\\/bulaoutdoor.nl\\\/product\\\/jydepejsen-cozy-modern-wall-met-zijruiten\\\/#primaryimage\",\"url\":\"https:\\\/\\\/bulaoutdoor.nl\\\/wp-content\\\/uploads\\\/2022\\\/10\\\/jydepejsen_cozy_modern_wall_zijruiten-1.jpg\",\"contentUrl\":\"https:\\\/\\\/bulaoutdoor.nl\\\/wp-content\\\/uploads\\\/2022\\\/10\\\/jydepejsen_cozy_modern_wall_zijruiten-1.jpg\",\"width\":1080,\"height\":1080,\"caption\":\"jydepejsen-cozy-modern-wall-met-zijruiten-thumbnail\"},{\"@type\":\"BreadcrumbList\",\"@id\":\"https:\\\/\\\/bulaoutdoor.nl\\\/product\\\/jydepejsen-cozy-modern-wall-met-zijruiten\\\/#breadcrumb\",\"itemListElement\":[{\"@type\":\"ListItem\",\"position\":1,\"name\":\"Home\",\"item\":\"https:\\\/\\\/bulaoutdoor.nl\\\/\"},{\"@type\":\"ListItem\",\"position\":2,\"name\":\"Online BBQ kopen\",\"item\":\"https:\\\/\\\/bulaoutdoor.nl\\\/\"},{\"@type\":\"ListItem\",\"position\":3,\"name\":\"Jydepejsen Cozy Modern Wall met zijruiten\"}]},{\"@type\":\"WebSite\",\"@id\":\"https:\\\/\\\/bulaoutdoor.nl\\\/#website\",\"url\":\"https:\\\/\\\/bulaoutdoor.nl\\\/\",\"name\":\"Bula Outdoor\",\"description\":\"Voor uw buitenhaard, BBQ, tuinfakkel en houtoven\",\"publisher\":{\"@id\":\"https:\\\/\\\/bulaoutdoor.nl\\\/#organization\"},\"potentialAction\":[{\"@type\":\"SearchAction\",\"target\":{\"@type\":\"EntryPoint\",\"urlTemplate\":\"https:\\\/\\\/bulaoutdoor.nl\\\/?s={search_term_string}\"},\"query-input\":{\"@type\":\"PropertyValueSpecification\",\"valueRequired\":true,\"valueName\":\"search_term_string\"}}],\"inLanguage\":\"fr-FR\"},{\"@type\":\"Organization\",\"@id\":\"https:\\\/\\\/bulaoutdoor.nl\\\/#organization\",\"name\":\"Bula Outdoor\",\"url\":\"https:\\\/\\\/bulaoutdoor.nl\\\/\",\"logo\":{\"@type\":\"ImageObject\",\"inLanguage\":\"fr-FR\",\"@id\":\"https:\\\/\\\/bulaoutdoor.nl\\\/#\\\/schema\\\/logo\\\/image\\\/\",\"url\":\"https:\\\/\\\/www.bulaoutdoor.nl\\\/wp-content\\\/uploads\\\/2018\\\/04\\\/bulaoutdoor-logo.png\",\"contentUrl\":\"https:\\\/\\\/www.bulaoutdoor.nl\\\/wp-content\\\/uploads\\\/2018\\\/04\\\/bulaoutdoor-logo.png\",\"width\":324,\"height\":91,\"caption\":\"Bula Outdoor\"},\"image\":{\"@id\":\"https:\\\/\\\/bulaoutdoor.nl\\\/#\\\/schema\\\/logo\\\/image\\\/\"}}]}<\/script>\n<!-- \/ Yoast SEO plugin. -->","yoast_head_json":{"title":"Jydepejsen Cozy Modern Wall avec fen\u00eatres lat\u00e9rales - Bula Outdoor","robots":{"index":"index","follow":"follow","max-snippet":"max-snippet:-1","max-image-preview":"max-image-preview:large","max-video-preview":"max-video-preview:-1"},"canonical":"https:\/\/bulaoutdoor.nl\/fr\/produit\/jydepejsen-cozy-modern-wall-with-side-windows\/","og_locale":"fr_FR","og_type":"article","og_title":"Jydepejsen Cozy Modern Wall met zijruiten &#8211; Bula Outdoor","og_description":"De Jydepejsen Cozy Modern Wall met zijruiten houtkachel met gietijzer is het nieuwste model van Jydepejsen met veel unieke eigenschappen. Mooie ronde vormen in combinatie met het gebruik van hoge kwaliteit gietijzer en staal geven de kachel een tijdloze uitstraling. Elk detail is harmonisch in het ontwerp verwerkt. Net als het grote venster dat vloeiend [&hellip;]","og_url":"https:\/\/bulaoutdoor.nl\/fr\/produit\/jydepejsen-cozy-modern-wall-with-side-windows\/","og_site_name":"Bula Outdoor","article_modified_time":"2026-04-05T04:49:16+00:00","og_image":[{"width":1080,"height":1080,"url":"https:\/\/bulaoutdoor.nl\/wp-content\/uploads\/2022\/10\/jydepejsen_cozy_modern_wall_zijruiten-1.jpg","type":"image\/jpeg"}],"twitter_card":"summary_large_image","twitter_misc":{"Dur\u00e9e de lecture estim\u00e9e":"1 minute"},"schema":{"@context":"https:\/\/schema.org","@graph":[{"@type":"WebPage","@id":"https:\/\/bulaoutdoor.nl\/product\/jydepejsen-cozy-modern-wall-met-zijruiten\/","url":"https:\/\/bulaoutdoor.nl\/product\/jydepejsen-cozy-modern-wall-met-zijruiten\/","name":"Jydepejsen Cozy Modern Wall avec fen\u00eatres lat\u00e9rales - Bula Outdoor","isPartOf":{"@id":"https:\/\/bulaoutdoor.nl\/#website"},"primaryImageOfPage":{"@id":"https:\/\/bulaoutdoor.nl\/product\/jydepejsen-cozy-modern-wall-met-zijruiten\/#primaryimage"},"image":{"@id":"https:\/\/bulaoutdoor.nl\/product\/jydepejsen-cozy-modern-wall-met-zijruiten\/#primaryimage"},"thumbnailUrl":"https:\/\/bulaoutdoor.nl\/wp-content\/uploads\/2022\/10\/jydepejsen_cozy_modern_wall_zijruiten-1.jpg","datePublished":"2022-10-31T09:56:14+00:00","dateModified":"2026-04-05T04:49:16+00:00","breadcrumb":{"@id":"https:\/\/bulaoutdoor.nl\/product\/jydepejsen-cozy-modern-wall-met-zijruiten\/#breadcrumb"},"inLanguage":"fr-FR","potentialAction":[{"@type":"ReadAction","target":["https:\/\/bulaoutdoor.nl\/product\/jydepejsen-cozy-modern-wall-met-zijruiten\/"]}]},{"@type":"ImageObject","inLanguage":"fr-FR","@id":"https:\/\/bulaoutdoor.nl\/product\/jydepejsen-cozy-modern-wall-met-zijruiten\/#primaryimage","url":"https:\/\/bulaoutdoor.nl\/wp-content\/uploads\/2022\/10\/jydepejsen_cozy_modern_wall_zijruiten-1.jpg","contentUrl":"https:\/\/bulaoutdoor.nl\/wp-content\/uploads\/2022\/10\/jydepejsen_cozy_modern_wall_zijruiten-1.jpg","width":1080,"height":1080,"caption":"jydepejsen-cozy-modern-wall-met-zijruiten-thumbnail"},{"@type":"BreadcrumbList","@id":"https:\/\/bulaoutdoor.nl\/product\/jydepejsen-cozy-modern-wall-met-zijruiten\/#breadcrumb","itemListElement":[{"@type":"ListItem","position":1,"name":"Home","item":"https:\/\/bulaoutdoor.nl\/"},{"@type":"ListItem","position":2,"name":"Online BBQ kopen","item":"https:\/\/bulaoutdoor.nl\/"},{"@type":"ListItem","position":3,"name":"Jydepejsen Cozy Modern Wall met zijruiten"}]},{"@type":"WebSite","@id":"https:\/\/bulaoutdoor.nl\/#website","url":"https:\/\/bulaoutdoor.nl\/","name":"Bula Outdoor","description":"Pour votre chemin\u00e9e ext\u00e9rieure, votre barbecue, votre torche de jardin et votre four \u00e0 bois","publisher":{"@id":"https:\/\/bulaoutdoor.nl\/#organization"},"potentialAction":[{"@type":"SearchAction","target":{"@type":"EntryPoint","urlTemplate":"https:\/\/bulaoutdoor.nl\/?s={search_term_string}"},"query-input":{"@type":"PropertyValueSpecification","valueRequired":true,"valueName":"search_term_string"}}],"inLanguage":"fr-FR"},{"@type":"Organization","@id":"https:\/\/bulaoutdoor.nl\/#organization","name":"Bula Outdoor","url":"https:\/\/bulaoutdoor.nl\/","logo":{"@type":"ImageObject","inLanguage":"fr-FR","@id":"https:\/\/bulaoutdoor.nl\/#\/schema\/logo\/image\/","url":"https:\/\/www.bulaoutdoor.nl\/wp-content\/uploads\/2018\/04\/bulaoutdoor-logo.png","contentUrl":"https:\/\/www.bulaoutdoor.nl\/wp-content\/uploads\/2018\/04\/bulaoutdoor-logo.png","width":324,"height":91,"caption":"Bula Outdoor"},"image":{"@id":"https:\/\/bulaoutdoor.nl\/#\/schema\/logo\/image\/"}}]}},"jetpack_sharing_enabled":true,"_links":{"self":[{"href":"https:\/\/bulaoutdoor.nl\/fr\/wp-json\/wp\/v2\/product\/17232","targetHints":{"allow":["GET"]}}],"collection":[{"href":"https:\/\/bulaoutdoor.nl\/fr\/wp-json\/wp\/v2\/product"}],"about":[{"href":"https:\/\/bulaoutdoor.nl\/fr\/wp-json\/wp\/v2\/types\/product"}],"replies":[{"embeddable":true,"href":"https:\/\/bulaoutdoor.nl\/fr\/wp-json\/wp\/v2\/comments?post=17232"}],"wp:featuredmedia":[{"embeddable":true,"href":"https:\/\/bulaoutdoor.nl\/fr\/wp-json\/wp\/v2\/media\/31063"}],"wp:attachment":[{"href":"https:\/\/bulaoutdoor.nl\/fr\/wp-json\/wp\/v2\/media?parent=17232"}],"wp:term":[{"taxonomy":"product_brand","embeddable":true,"href":"https:\/\/bulaoutdoor.nl\/fr\/wp-json\/wp\/v2\/product_brand?post=17232"},{"taxonomy":"product_cat","embeddable":true,"href":"https:\/\/bulaoutdoor.nl\/fr\/wp-json\/wp\/v2\/product_cat?post=17232"},{"taxonomy":"product_tag","embeddable":true,"href":"https:\/\/bulaoutdoor.nl\/fr\/wp-json\/wp\/v2\/product_tag?post=17232"}],"curies":[{"name":"wp","href":"https:\/\/api.w.org\/{rel}","templated":true}]}}