{"id":17245,"date":"2022-10-31T13:52:29","date_gmt":"2022-10-31T13:52:29","guid":{"rendered":"https:\/\/www.bulaoutdoor.nl\/product\/jydepejsen-orion-zandsteen-grijs-hout\/"},"modified":"2026-04-05T04:49:17","modified_gmt":"2026-04-05T04:49:17","slug":"jydepejsen-orion-sandstone-grey-wood","status":"publish","type":"product","link":"https:\/\/bulaoutdoor.nl\/fr\/product\/jydepejsen-orion-zandsteen-grijs-hout\/","title":{"rendered":"Jydepejsen Orion Sandstone grey wood"},"content":{"rendered":"<div class=\"elementor-element elementor-element-95393fa elementor-widget elementor-widget-woocommerce-product-title elementor-page-title elementor-widget-heading animated fadeInUp\" data-id=\"95393fa\" data-element_type=\"widget\" data-widget_type=\"woocommerce-product-title.default\">\n<p class=\"product_title entry-title elementor-heading-title elementor-size-default\">Les <a href=\"https:\/\/www.haveverwarming.nl\/jydepejsen\">Jydepejsen<\/a> Le gr\u00e8s\/la st\u00e9atite d'Orion est un mat\u00e9riau g\u00e9n\u00e9reux. <a href=\"https:\/\/www.haveverwarming.nl\/kachels\/hout\">po\u00eale \u00e0 bois<\/a> avec un aspect classique et rustique et une finition en pierre ollaire. Cette pierre a la capacit\u00e9 d'emmagasiner la chaleur de mani\u00e8re optimale. Une fois les flammes du po\u00eale \u00e9teintes, la pierre ollaire continue d'\u00e9mettre une agr\u00e9able chaleur accumul\u00e9e pendant longtemps. L'Orion est un po\u00eale \u00e0 bois impressionnant et g\u00e9n\u00e9reux qui ajoute de l'ambiance et de la chaleur \u00e0 votre salle de s\u00e9jour. La grande fen\u00eatre panoramique \u00e0 l'avant offre une excellente vue sur le feu. L'impressionnante porte en fonte du po\u00eale \u00e0 bois en st\u00e9atite Orion se referme automatiquement pour un fonctionnement en douceur et peut r\u00e9sister \u00e0 des temp\u00e9ratures \u00e9lev\u00e9es.<\/p>\n<\/div>\n<div class=\"elementor-element elementor-element-d6bab7f elementor-widget elementor-widget-woocommerce-product-content\" data-id=\"d6bab7f\" data-element_type=\"widget\" data-widget_type=\"woocommerce-product-content.default\">\n<div class=\"elementor-widget-container\">\n<h3><strong>Une bonne combustion et un bon contr\u00f4le du feu avec DuplicAir\u00ae.&nbsp;<\/strong><\/h3>\n<p>DuplicAir\u00ae est un syst\u00e8me de contr\u00f4le de l'air unique et sp\u00e9cialement con\u00e7u pour garantir une bonne combustion. Gr\u00e2ce \u00e0 un cadran, l'alimentation en air est r\u00e9gl\u00e9e avec pr\u00e9cision et facilit\u00e9. Une bonne combustion est importante pour un bon rendement et de faibles \u00e9missions.&nbsp;<\/p>\n<h3><strong>Temp\u00e9rature homog\u00e8ne gr\u00e2ce \u00e0 la convection&nbsp;<\/strong><\/h3>\n<p>Le po\u00eale commence \u00e0 produire de la chaleur par convection peu apr\u00e8s l'allumage. Gr\u00e2ce \u00e0 la circulation de l'air, la chaleur se propage naturellement. Il en r\u00e9sulte un climat int\u00e9rieur confortable et une temp\u00e9rature homog\u00e8ne dans toute la pi\u00e8ce.<\/p>\n<h3><strong>Pr\u00eat pour l'avenir avec EcoDesign&nbsp;<\/strong><\/h3>\n<p>Tous les po\u00eales Jydepejsen sont conformes aux exigences d'EcoDesign. EcoDesign est une initiative de l'Union europ\u00e9enne visant \u00e0 r\u00e9duire les \u00e9missions (nocives) des foyers et des po\u00eales. Avec le po\u00eale \u00e0 bois en st\u00e9atite Orion, respectueux de l'environnement, vous \u00eates pr\u00eat pour l'avenir.&nbsp;<\/p>\n<h3><strong>Centre d'exp\u00e9rience<\/strong><\/h3>\n<p>Visitez-nous <a href=\"https:\/\/www.haveverwarming.nl\/experiencecenter\" target=\"_blank\" rel=\"noopener\">Centre d'exp\u00e9rience<\/a> \u00e0 Lunteren pour admirer diff\u00e9rents mod\u00e8les Jydepejsen en situation r\u00e9elle et obtenir les conseils de l'un de nos sp\u00e9cialistes de la vente.<\/p>\n<p>&nbsp;<\/p>\n<\/div>\n<\/div>\n<p>T\u00e9l\u00e9chargements de produits<\/p>\n<ul>\n<li><a class=\"download file\" href=\"https:\/\/www.haveverwarming.nl\/amfile\/file\/download\/file\/9157\/product\/1966\/\" target=\"_blank\"><span>Brochure Jydepejsen<\/span><\/a><\/li>\n<li><a class=\"download file\" href=\"https:\/\/www.haveverwarming.nl\/amfile\/file\/download\/file\/6274\/product\/1966\/\" target=\"_blank\"><span>Manual Jydepejsen Orion<\/span><\/a><\/li>\n<li><a class=\"download file\" href=\"https:\/\/www.haveverwarming.nl\/amfile\/file\/download\/file\/6275\/product\/1966\/\" target=\"_blank\"><span>Label \u00e9nerg\u00e9tique Jydepejsen Orion<\/span><\/a><\/li>\n<li><a class=\"download file\" href=\"https:\/\/www.haveverwarming.nl\/amfile\/file\/download\/file\/6568\/product\/1966\/\" target=\"_blank\"><span>Brochure sur le tir responsable<\/span><\/a><\/li>\n<li><a class=\"download file\" href=\"https:\/\/www.haveverwarming.nl\/productpdf\/download\/file\/id\/1966\/name\/Jydepejsen_Orion_Zandsteen_grijs_hout.pdf\/\" target=\"_blank\"><span>T\u00e9l\u00e9charger la fiche technique<\/span><\/a><\/li>\n<\/ul>","protected":false},"excerpt":{"rendered":"<p>De Jydepejsen Orion zandsteen\/speksteen is een royale houtkachel met een klassieke en rustieke uitstraling en een afwerking van speksteen. Deze steen heeft de eigenschap om warmte uitstekend op te slaan. Nadat de vlammen in de kachel zijn gedoofd, blijft speksteen nog lange tijd aangename accumulatiewarmte afgeven. De Orion is een opvallende en royale houtkachel die [&hellip;]<\/p>\n","protected":false},"featured_media":31069,"comment_status":"open","ping_status":"closed","template":"","meta":{"_acf_changed":false},"product_brand":[],"product_cat":[1092],"product_tag":[],"class_list":{"0":"post-17245","1":"product","2":"type-product","3":"status-publish","4":"has-post-thumbnail","6":"product_cat-vrijstaande-houtkachels","8":"first","9":"instock","10":"taxable","11":"shipping-taxable","12":"purchasable","13":"product-type-simple"},"acf":[],"yoast_head":"<!-- This site is optimized with the Yoast SEO plugin v27.3 - https:\/\/yoast.com\/product\/yoast-seo-wordpress\/ -->\n<title>Jydepejsen Orion Zandsteen grijs hout &#8211; Bula Outdoor<\/title>\n<meta name=\"robots\" content=\"index, follow, max-snippet:-1, max-image-preview:large, max-video-preview:-1\" \/>\n<link rel=\"canonical\" href=\"https:\/\/bulaoutdoor.nl\/fr\/produit\/jydepejsen-orion-sandstone-grey-wood\/\" \/>\n<meta property=\"og:locale\" content=\"fr_FR\" \/>\n<meta property=\"og:type\" content=\"article\" \/>\n<meta property=\"og:title\" content=\"Jydepejsen Orion Zandsteen grijs hout &#8211; Bula Outdoor\" \/>\n<meta property=\"og:description\" content=\"De Jydepejsen Orion zandsteen\/speksteen is een royale houtkachel met een klassieke en rustieke uitstraling en een afwerking van speksteen. Deze steen heeft de eigenschap om warmte uitstekend op te slaan. Nadat de vlammen in de kachel zijn gedoofd, blijft speksteen nog lange tijd aangename accumulatiewarmte afgeven. De Orion is een opvallende en royale houtkachel die [&hellip;]\" \/>\n<meta property=\"og:url\" content=\"https:\/\/bulaoutdoor.nl\/fr\/produit\/jydepejsen-orion-sandstone-grey-wood\/\" \/>\n<meta property=\"og:site_name\" content=\"Bula Outdoor\" \/>\n<meta property=\"article:modified_time\" content=\"2026-04-05T04:49:17+00:00\" \/>\n<meta property=\"og:image\" content=\"https:\/\/bulaoutdoor.nl\/wp-content\/uploads\/2022\/10\/orion_zandsteen_grijs.jpg\" \/>\n\t<meta property=\"og:image:width\" content=\"1080\" \/>\n\t<meta property=\"og:image:height\" content=\"1080\" \/>\n\t<meta property=\"og:image:type\" content=\"image\/jpeg\" \/>\n<meta name=\"twitter:card\" content=\"summary_large_image\" \/>\n<meta name=\"twitter:label1\" content=\"Dur\u00e9e de lecture estim\u00e9e\" \/>\n\t<meta name=\"twitter:data1\" content=\"1 minute\" \/>\n<script type=\"application\/ld+json\" class=\"yoast-schema-graph\">{\"@context\":\"https:\\\/\\\/schema.org\",\"@graph\":[{\"@type\":\"WebPage\",\"@id\":\"https:\\\/\\\/bulaoutdoor.nl\\\/product\\\/jydepejsen-orion-zandsteen-grijs-hout\\\/\",\"url\":\"https:\\\/\\\/bulaoutdoor.nl\\\/product\\\/jydepejsen-orion-zandsteen-grijs-hout\\\/\",\"name\":\"Jydepejsen Orion Zandsteen grijs hout &#8211; Bula Outdoor\",\"isPartOf\":{\"@id\":\"https:\\\/\\\/bulaoutdoor.nl\\\/#website\"},\"primaryImageOfPage\":{\"@id\":\"https:\\\/\\\/bulaoutdoor.nl\\\/product\\\/jydepejsen-orion-zandsteen-grijs-hout\\\/#primaryimage\"},\"image\":{\"@id\":\"https:\\\/\\\/bulaoutdoor.nl\\\/product\\\/jydepejsen-orion-zandsteen-grijs-hout\\\/#primaryimage\"},\"thumbnailUrl\":\"https:\\\/\\\/bulaoutdoor.nl\\\/wp-content\\\/uploads\\\/2022\\\/10\\\/orion_zandsteen_grijs.jpg\",\"datePublished\":\"2022-10-31T13:52:29+00:00\",\"dateModified\":\"2026-04-05T04:49:17+00:00\",\"breadcrumb\":{\"@id\":\"https:\\\/\\\/bulaoutdoor.nl\\\/product\\\/jydepejsen-orion-zandsteen-grijs-hout\\\/#breadcrumb\"},\"inLanguage\":\"fr-FR\",\"potentialAction\":[{\"@type\":\"ReadAction\",\"target\":[\"https:\\\/\\\/bulaoutdoor.nl\\\/product\\\/jydepejsen-orion-zandsteen-grijs-hout\\\/\"]}]},{\"@type\":\"ImageObject\",\"inLanguage\":\"fr-FR\",\"@id\":\"https:\\\/\\\/bulaoutdoor.nl\\\/product\\\/jydepejsen-orion-zandsteen-grijs-hout\\\/#primaryimage\",\"url\":\"https:\\\/\\\/bulaoutdoor.nl\\\/wp-content\\\/uploads\\\/2022\\\/10\\\/orion_zandsteen_grijs.jpg\",\"contentUrl\":\"https:\\\/\\\/bulaoutdoor.nl\\\/wp-content\\\/uploads\\\/2022\\\/10\\\/orion_zandsteen_grijs.jpg\",\"width\":1080,\"height\":1080,\"caption\":\"jydepejsen-orion-zandsteen-grijs-hout-thumbnail\"},{\"@type\":\"BreadcrumbList\",\"@id\":\"https:\\\/\\\/bulaoutdoor.nl\\\/product\\\/jydepejsen-orion-zandsteen-grijs-hout\\\/#breadcrumb\",\"itemListElement\":[{\"@type\":\"ListItem\",\"position\":1,\"name\":\"Home\",\"item\":\"https:\\\/\\\/bulaoutdoor.nl\\\/\"},{\"@type\":\"ListItem\",\"position\":2,\"name\":\"Online BBQ kopen\",\"item\":\"https:\\\/\\\/bulaoutdoor.nl\\\/\"},{\"@type\":\"ListItem\",\"position\":3,\"name\":\"Jydepejsen Orion Zandsteen grijs hout\"}]},{\"@type\":\"WebSite\",\"@id\":\"https:\\\/\\\/bulaoutdoor.nl\\\/#website\",\"url\":\"https:\\\/\\\/bulaoutdoor.nl\\\/\",\"name\":\"Bula Outdoor\",\"description\":\"Voor uw buitenhaard, BBQ, tuinfakkel en houtoven\",\"publisher\":{\"@id\":\"https:\\\/\\\/bulaoutdoor.nl\\\/#organization\"},\"potentialAction\":[{\"@type\":\"SearchAction\",\"target\":{\"@type\":\"EntryPoint\",\"urlTemplate\":\"https:\\\/\\\/bulaoutdoor.nl\\\/?s={search_term_string}\"},\"query-input\":{\"@type\":\"PropertyValueSpecification\",\"valueRequired\":true,\"valueName\":\"search_term_string\"}}],\"inLanguage\":\"fr-FR\"},{\"@type\":\"Organization\",\"@id\":\"https:\\\/\\\/bulaoutdoor.nl\\\/#organization\",\"name\":\"Bula Outdoor\",\"url\":\"https:\\\/\\\/bulaoutdoor.nl\\\/\",\"logo\":{\"@type\":\"ImageObject\",\"inLanguage\":\"fr-FR\",\"@id\":\"https:\\\/\\\/bulaoutdoor.nl\\\/#\\\/schema\\\/logo\\\/image\\\/\",\"url\":\"https:\\\/\\\/www.bulaoutdoor.nl\\\/wp-content\\\/uploads\\\/2018\\\/04\\\/bulaoutdoor-logo.png\",\"contentUrl\":\"https:\\\/\\\/www.bulaoutdoor.nl\\\/wp-content\\\/uploads\\\/2018\\\/04\\\/bulaoutdoor-logo.png\",\"width\":324,\"height\":91,\"caption\":\"Bula Outdoor\"},\"image\":{\"@id\":\"https:\\\/\\\/bulaoutdoor.nl\\\/#\\\/schema\\\/logo\\\/image\\\/\"}}]}<\/script>\n<!-- \/ Yoast SEO plugin. -->","yoast_head_json":{"title":"Jydepejsen Orion Gr\u00e8s bois gris - Bula Outdoor","robots":{"index":"index","follow":"follow","max-snippet":"max-snippet:-1","max-image-preview":"max-image-preview:large","max-video-preview":"max-video-preview:-1"},"canonical":"https:\/\/bulaoutdoor.nl\/fr\/produit\/jydepejsen-orion-sandstone-grey-wood\/","og_locale":"fr_FR","og_type":"article","og_title":"Jydepejsen Orion Zandsteen grijs hout &#8211; Bula Outdoor","og_description":"De Jydepejsen Orion zandsteen\/speksteen is een royale houtkachel met een klassieke en rustieke uitstraling en een afwerking van speksteen. Deze steen heeft de eigenschap om warmte uitstekend op te slaan. Nadat de vlammen in de kachel zijn gedoofd, blijft speksteen nog lange tijd aangename accumulatiewarmte afgeven. De Orion is een opvallende en royale houtkachel die [&hellip;]","og_url":"https:\/\/bulaoutdoor.nl\/fr\/produit\/jydepejsen-orion-sandstone-grey-wood\/","og_site_name":"Bula Outdoor","article_modified_time":"2026-04-05T04:49:17+00:00","og_image":[{"width":1080,"height":1080,"url":"https:\/\/bulaoutdoor.nl\/wp-content\/uploads\/2022\/10\/orion_zandsteen_grijs.jpg","type":"image\/jpeg"}],"twitter_card":"summary_large_image","twitter_misc":{"Dur\u00e9e de lecture estim\u00e9e":"1 minute"},"schema":{"@context":"https:\/\/schema.org","@graph":[{"@type":"WebPage","@id":"https:\/\/bulaoutdoor.nl\/product\/jydepejsen-orion-zandsteen-grijs-hout\/","url":"https:\/\/bulaoutdoor.nl\/product\/jydepejsen-orion-zandsteen-grijs-hout\/","name":"Jydepejsen Orion Gr\u00e8s bois gris - Bula Outdoor","isPartOf":{"@id":"https:\/\/bulaoutdoor.nl\/#website"},"primaryImageOfPage":{"@id":"https:\/\/bulaoutdoor.nl\/product\/jydepejsen-orion-zandsteen-grijs-hout\/#primaryimage"},"image":{"@id":"https:\/\/bulaoutdoor.nl\/product\/jydepejsen-orion-zandsteen-grijs-hout\/#primaryimage"},"thumbnailUrl":"https:\/\/bulaoutdoor.nl\/wp-content\/uploads\/2022\/10\/orion_zandsteen_grijs.jpg","datePublished":"2022-10-31T13:52:29+00:00","dateModified":"2026-04-05T04:49:17+00:00","breadcrumb":{"@id":"https:\/\/bulaoutdoor.nl\/product\/jydepejsen-orion-zandsteen-grijs-hout\/#breadcrumb"},"inLanguage":"fr-FR","potentialAction":[{"@type":"ReadAction","target":["https:\/\/bulaoutdoor.nl\/product\/jydepejsen-orion-zandsteen-grijs-hout\/"]}]},{"@type":"ImageObject","inLanguage":"fr-FR","@id":"https:\/\/bulaoutdoor.nl\/product\/jydepejsen-orion-zandsteen-grijs-hout\/#primaryimage","url":"https:\/\/bulaoutdoor.nl\/wp-content\/uploads\/2022\/10\/orion_zandsteen_grijs.jpg","contentUrl":"https:\/\/bulaoutdoor.nl\/wp-content\/uploads\/2022\/10\/orion_zandsteen_grijs.jpg","width":1080,"height":1080,"caption":"jydepejsen-orion-zandsteen-grijs-hout-thumbnail"},{"@type":"BreadcrumbList","@id":"https:\/\/bulaoutdoor.nl\/product\/jydepejsen-orion-zandsteen-grijs-hout\/#breadcrumb","itemListElement":[{"@type":"ListItem","position":1,"name":"Home","item":"https:\/\/bulaoutdoor.nl\/"},{"@type":"ListItem","position":2,"name":"Online BBQ kopen","item":"https:\/\/bulaoutdoor.nl\/"},{"@type":"ListItem","position":3,"name":"Jydepejsen Orion Zandsteen grijs hout"}]},{"@type":"WebSite","@id":"https:\/\/bulaoutdoor.nl\/#website","url":"https:\/\/bulaoutdoor.nl\/","name":"Bula Outdoor","description":"Pour votre chemin\u00e9e ext\u00e9rieure, votre barbecue, votre torche de jardin et votre four \u00e0 bois","publisher":{"@id":"https:\/\/bulaoutdoor.nl\/#organization"},"potentialAction":[{"@type":"SearchAction","target":{"@type":"EntryPoint","urlTemplate":"https:\/\/bulaoutdoor.nl\/?s={search_term_string}"},"query-input":{"@type":"PropertyValueSpecification","valueRequired":true,"valueName":"search_term_string"}}],"inLanguage":"fr-FR"},{"@type":"Organization","@id":"https:\/\/bulaoutdoor.nl\/#organization","name":"Bula Outdoor","url":"https:\/\/bulaoutdoor.nl\/","logo":{"@type":"ImageObject","inLanguage":"fr-FR","@id":"https:\/\/bulaoutdoor.nl\/#\/schema\/logo\/image\/","url":"https:\/\/www.bulaoutdoor.nl\/wp-content\/uploads\/2018\/04\/bulaoutdoor-logo.png","contentUrl":"https:\/\/www.bulaoutdoor.nl\/wp-content\/uploads\/2018\/04\/bulaoutdoor-logo.png","width":324,"height":91,"caption":"Bula Outdoor"},"image":{"@id":"https:\/\/bulaoutdoor.nl\/#\/schema\/logo\/image\/"}}]}},"jetpack_sharing_enabled":true,"_links":{"self":[{"href":"https:\/\/bulaoutdoor.nl\/fr\/wp-json\/wp\/v2\/product\/17245","targetHints":{"allow":["GET"]}}],"collection":[{"href":"https:\/\/bulaoutdoor.nl\/fr\/wp-json\/wp\/v2\/product"}],"about":[{"href":"https:\/\/bulaoutdoor.nl\/fr\/wp-json\/wp\/v2\/types\/product"}],"replies":[{"embeddable":true,"href":"https:\/\/bulaoutdoor.nl\/fr\/wp-json\/wp\/v2\/comments?post=17245"}],"wp:featuredmedia":[{"embeddable":true,"href":"https:\/\/bulaoutdoor.nl\/fr\/wp-json\/wp\/v2\/media\/31069"}],"wp:attachment":[{"href":"https:\/\/bulaoutdoor.nl\/fr\/wp-json\/wp\/v2\/media?parent=17245"}],"wp:term":[{"taxonomy":"product_brand","embeddable":true,"href":"https:\/\/bulaoutdoor.nl\/fr\/wp-json\/wp\/v2\/product_brand?post=17245"},{"taxonomy":"product_cat","embeddable":true,"href":"https:\/\/bulaoutdoor.nl\/fr\/wp-json\/wp\/v2\/product_cat?post=17245"},{"taxonomy":"product_tag","embeddable":true,"href":"https:\/\/bulaoutdoor.nl\/fr\/wp-json\/wp\/v2\/product_tag?post=17245"}],"curies":[{"name":"wp","href":"https:\/\/api.w.org\/{rel}","templated":true}]}}