{"id":1812,"date":"2019-04-26T11:16:26","date_gmt":"2019-04-26T11:16:26","guid":{"rendered":"https:\/\/www.bulaoutdoor.nl\/?post_type=product&#038;p=1812"},"modified":"2025-05-20T13:20:59","modified_gmt":"2025-05-20T13:20:59","slug":"primo-oval-jr-series-200-all-in-one-bbq","status":"publish","type":"product","link":"https:\/\/bulaoutdoor.nl\/fr\/product\/primo-ovaal-jr-serie-200-all-in-one-bbq\/","title":{"rendered":"Primo Oval Jr Series 200 Barbecue tout-en-un"},"content":{"rendered":"<p>L'Oval Junior de Primo offre une surface de cuisson plus importante qu'il n'y para\u00eet. Pr\u00e9parer deux dindes de 3 kg en m\u00eame temps ne pose donc aucun probl\u00e8me. Cette version est la plus petite de la s\u00e9rie Primo Oval, mais elle offre une grande surface de cuisson, de fumage et de grillade gr\u00e2ce \u00e0 son design ovale brevet\u00e9 \u00e0 l'\u00e9chelle mondiale.<\/p>\n<p>Les nombreux accessoires optionnels permettent d'\u00e9tendre encore cette surface de cuisson avec jusqu'\u00e0 deux grilles sur\u00e9lev\u00e9es en option. Il existe en outre de nombreuses autres options. Des options de cuisson aux chariots, tables et couvertures. Certains de ces accessoires sont inclus dans cet ensemble tout-en-un.<\/p>\n<div id='gallery-1' class='gallery galleryid-1812 gallery-columns-4 gallery-size-large'><figure class='gallery-item'>\n\t\t\t<div class='gallery-icon landscape'>\n\t\t\t\t<img loading=\"lazy\" decoding=\"async\" width=\"480\" height=\"480\" src=\"https:\/\/bulaoutdoor.nl\/wp-content\/uploads\/2019\/04\/jr-200-all-in-one_SCALED.png\" class=\"attachment-large size-large\" alt=\"\" aria-describedby=\"gallery-1-10987\" srcset=\"https:\/\/bulaoutdoor.nl\/wp-content\/uploads\/2019\/04\/jr-200-all-in-one_SCALED.png 480w, https:\/\/bulaoutdoor.nl\/wp-content\/uploads\/2019\/04\/jr-200-all-in-one_SCALED-324x324.png 324w, https:\/\/bulaoutdoor.nl\/wp-content\/uploads\/2019\/04\/jr-200-all-in-one_SCALED-100x100.png 100w, https:\/\/bulaoutdoor.nl\/wp-content\/uploads\/2019\/04\/jr-200-all-in-one_SCALED-416x416.png 416w, https:\/\/bulaoutdoor.nl\/wp-content\/uploads\/2019\/04\/jr-200-all-in-one_SCALED-300x300.png 300w, https:\/\/bulaoutdoor.nl\/wp-content\/uploads\/2019\/04\/jr-200-all-in-one_SCALED-150x150.png 150w\" sizes=\"auto, (max-width: 480px) 100vw, 480px\" \/>\n\t\t\t<\/div>\n\t\t\t\t<figcaption class='wp-caption-text gallery-caption' id='gallery-1-10987'>\n\t\t\t\tJR 200 ovale sur berceau avec lames lat\u00e9rales\n\t\t\t\t<\/figcaption><\/figure><figure class='gallery-item'>\n\t\t\t<div class='gallery-icon landscape'>\n\t\t\t\t<img loading=\"lazy\" decoding=\"async\" width=\"480\" height=\"480\" src=\"https:\/\/bulaoutdoor.nl\/wp-content\/uploads\/2021\/05\/verdeelplaat-vuurbox-2_SCALED.jpg\" class=\"attachment-large size-large\" alt=\"\" aria-describedby=\"gallery-1-10972\" srcset=\"https:\/\/bulaoutdoor.nl\/wp-content\/uploads\/2021\/05\/verdeelplaat-vuurbox-2_SCALED.jpg 480w, https:\/\/bulaoutdoor.nl\/wp-content\/uploads\/2021\/05\/verdeelplaat-vuurbox-2_SCALED-324x324.jpg 324w, https:\/\/bulaoutdoor.nl\/wp-content\/uploads\/2021\/05\/verdeelplaat-vuurbox-2_SCALED-100x100.jpg 100w, https:\/\/bulaoutdoor.nl\/wp-content\/uploads\/2021\/05\/verdeelplaat-vuurbox-2_SCALED-416x416.jpg 416w, https:\/\/bulaoutdoor.nl\/wp-content\/uploads\/2021\/05\/verdeelplaat-vuurbox-2_SCALED-300x300.jpg 300w, https:\/\/bulaoutdoor.nl\/wp-content\/uploads\/2021\/05\/verdeelplaat-vuurbox-2_SCALED-150x150.jpg 150w\" sizes=\"auto, (max-width: 480px) 100vw, 480px\" \/>\n\t\t\t<\/div>\n\t\t\t\t<figcaption class='wp-caption-text gallery-caption' id='gallery-1-10972'>\n\t\t\t\tplaque de distribution\n\t\t\t\t<\/figcaption><\/figure><figure class='gallery-item'>\n\t\t\t<div class='gallery-icon landscape'>\n\t\t\t\t<img loading=\"lazy\" decoding=\"async\" width=\"480\" height=\"480\" src=\"https:\/\/bulaoutdoor.nl\/wp-content\/uploads\/2021\/05\/druiprekrvs_SCALED.jpg\" class=\"attachment-large size-large\" alt=\"\" aria-describedby=\"gallery-1-10974\" srcset=\"https:\/\/bulaoutdoor.nl\/wp-content\/uploads\/2021\/05\/druiprekrvs_SCALED.jpg 480w, https:\/\/bulaoutdoor.nl\/wp-content\/uploads\/2021\/05\/druiprekrvs_SCALED-324x324.jpg 324w, https:\/\/bulaoutdoor.nl\/wp-content\/uploads\/2021\/05\/druiprekrvs_SCALED-100x100.jpg 100w, https:\/\/bulaoutdoor.nl\/wp-content\/uploads\/2021\/05\/druiprekrvs_SCALED-416x416.jpg 416w, https:\/\/bulaoutdoor.nl\/wp-content\/uploads\/2021\/05\/druiprekrvs_SCALED-300x300.jpg 300w, https:\/\/bulaoutdoor.nl\/wp-content\/uploads\/2021\/05\/druiprekrvs_SCALED-150x150.jpg 150w\" sizes=\"auto, (max-width: 480px) 100vw, 480px\" \/>\n\t\t\t<\/div>\n\t\t\t\t<figcaption class='wp-caption-text gallery-caption' id='gallery-1-10974'>\n\t\t\t\tgrille d'\u00e9gouttage\n\t\t\t\t<\/figcaption><\/figure><figure class='gallery-item'>\n\t\t\t<div class='gallery-icon landscape'>\n\t\t\t\t<img loading=\"lazy\" decoding=\"async\" width=\"480\" height=\"480\" src=\"https:\/\/bulaoutdoor.nl\/wp-content\/uploads\/2021\/04\/warmte-reflector-platen-2_SCALED.jpg\" class=\"attachment-large size-large\" alt=\"\" aria-describedby=\"gallery-1-10979\" srcset=\"https:\/\/bulaoutdoor.nl\/wp-content\/uploads\/2021\/04\/warmte-reflector-platen-2_SCALED.jpg 480w, https:\/\/bulaoutdoor.nl\/wp-content\/uploads\/2021\/04\/warmte-reflector-platen-2_SCALED-324x324.jpg 324w, https:\/\/bulaoutdoor.nl\/wp-content\/uploads\/2021\/04\/warmte-reflector-platen-2_SCALED-100x100.jpg 100w, https:\/\/bulaoutdoor.nl\/wp-content\/uploads\/2021\/04\/warmte-reflector-platen-2_SCALED-416x416.jpg 416w, https:\/\/bulaoutdoor.nl\/wp-content\/uploads\/2021\/04\/warmte-reflector-platen-2_SCALED-300x300.jpg 300w, https:\/\/bulaoutdoor.nl\/wp-content\/uploads\/2021\/04\/warmte-reflector-platen-2_SCALED-150x150.jpg 150w\" sizes=\"auto, (max-width: 480px) 100vw, 480px\" \/>\n\t\t\t<\/div>\n\t\t\t\t<figcaption class='wp-caption-text gallery-caption' id='gallery-1-10979'>\n\t\t\t\tr\u00e9flecteurs en c\u00e9ramique\n\t\t\t\t<\/figcaption><\/figure><figure class='gallery-item'>\n\t\t\t<div class='gallery-icon landscape'>\n\t\t\t\t<img loading=\"lazy\" decoding=\"async\" width=\"480\" height=\"392\" src=\"https:\/\/bulaoutdoor.nl\/wp-content\/uploads\/2021\/04\/grill-tang-1.jpg\" class=\"attachment-large size-large\" alt=\"\" aria-describedby=\"gallery-1-10419\" srcset=\"https:\/\/bulaoutdoor.nl\/wp-content\/uploads\/2021\/04\/grill-tang-1.jpg 480w, https:\/\/bulaoutdoor.nl\/wp-content\/uploads\/2021\/04\/grill-tang-1-416x340.jpg 416w, https:\/\/bulaoutdoor.nl\/wp-content\/uploads\/2021\/04\/grill-tang-1-300x245.jpg 300w\" sizes=\"auto, (max-width: 480px) 100vw, 480px\" \/>\n\t\t\t<\/div>\n\t\t\t\t<figcaption class='wp-caption-text gallery-caption' id='gallery-1-10419'>\n\t\t\t\tpinces \u00e0 griller\n\t\t\t\t<\/figcaption><\/figure><figure class='gallery-item'>\n\t\t\t<div class='gallery-icon landscape'>\n\t\t\t\t<img loading=\"lazy\" decoding=\"async\" width=\"604\" height=\"604\" src=\"https:\/\/bulaoutdoor.nl\/wp-content\/uploads\/2021\/06\/aio-ash-tool.jpg\" class=\"attachment-large size-large\" alt=\"\" aria-describedby=\"gallery-1-11603\" srcset=\"https:\/\/bulaoutdoor.nl\/wp-content\/uploads\/2021\/06\/aio-ash-tool.jpg 604w, https:\/\/bulaoutdoor.nl\/wp-content\/uploads\/2021\/06\/aio-ash-tool-300x300.jpg 300w, https:\/\/bulaoutdoor.nl\/wp-content\/uploads\/2021\/06\/aio-ash-tool-150x150.jpg 150w, https:\/\/bulaoutdoor.nl\/wp-content\/uploads\/2021\/06\/aio-ash-tool-324x324.jpg 324w, https:\/\/bulaoutdoor.nl\/wp-content\/uploads\/2021\/06\/aio-ash-tool-416x416.jpg 416w, https:\/\/bulaoutdoor.nl\/wp-content\/uploads\/2021\/06\/aio-ash-tool-100x100.jpg 100w\" sizes=\"auto, (max-width: 604px) 100vw, 604px\" \/>\n\t\t\t<\/div>\n\t\t\t\t<figcaption class='wp-caption-text gallery-caption' id='gallery-1-11603'>\n\t\t\t\taspook\n\t\t\t\t<\/figcaption><\/figure>\n\t\t<\/div>\n\n<p>&nbsp;<\/p>\n<p>Sp\u00e9cifications :<\/p>\n<ul>\n<li>Poids 45,36 kg<\/li>\n<li>Surface de cuisson 1355 cm\u00b2.<\/li>\n<li>Syst\u00e8me de rayonnage optionnel 968cm\u00b2 (maximum 2 rayonnages, 484cm\u00b2 par rayonnage)<\/li>\n<li>Surface totale de cuisson 2323cm\u00b2. <strong>Plus grand que le Grand Gr\u00a0<\/strong><b>L'\u0153uf !<\/b><\/li>\n<li>Grille de cuisson 34cm x 47cm<\/li>\n<li>Plage de temp\u00e9rature 66\u00b0C-454\u00b0C<\/li>\n<\/ul>\n<p><strong>Garantie limit\u00e9e de 20 ans.\u00a0\u00a0<\/strong><\/p>\n<p>Caract\u00e9ristiques :<\/p>\n<ul>\n<li>Conception ovale brevet\u00e9e<\/li>\n<li>Sortie de fum\u00e9e r\u00e9glable en fonte<\/li>\n<li>Un thermom\u00e8tre facile \u00e0 lire<\/li>\n<li>Entr\u00e9e d'air en acier inoxydable en bas<\/li>\n<li>C\u00e9ramique de la meilleure qualit\u00e9<\/li>\n<li>Grilles de cuisson r\u00e9versibles<\/li>\n<\/ul>\n<p dir=\"ltr\"><strong>Un go\u00fbt unique<\/strong> La c\u00e9ramique de la meilleure qualit\u00e9 garde la viande d\u00e9licieusement juteuse et lui conf\u00e8re un agr\u00e9able ar\u00f4me de charbon de bois. Alors que les barbecues en m\u00e9tal extraient l'humidit\u00e9 de la viande, sur un barbecue Primo, l'humidit\u00e9 reste bien \u00e0 l'int\u00e9rieur de la viande, qui reste juteuse.<\/p>\n<p dir=\"ltr\"><strong>La temp\u00e9rature est sous contr\u00f4le<\/strong> Dans les barbecues Primo, la temp\u00e9rature est facilement r\u00e9glable gr\u00e2ce \u00e0 la sortie de fum\u00e9e r\u00e9glable. De 66\u00b0C \u00e0 454\u00b0C, il n'y a aucun probl\u00e8me. Que vous souhaitiez cuire lentement un saumon \u00e0 66\u00b0C, une c\u00f4te de b\u0153uf \u00e0 450\u00b0C, un cochon de lait ou un gigot d'agneau \u00e0 basse temp\u00e9rature. <a href=\"https:\/\/cdn.primogrill.com\/cmss_files\/attachmentlibrary\/Primo-Quick-Start-Guide.pdf\" target=\"_blank\" rel=\"noopener\">Ce n'est pas un probl\u00e8me avec un barbecue Primo.<\/a><\/p>\n<div id='gallery-2' class='gallery galleryid-1812 gallery-columns-1 gallery-size-full'><figure class='gallery-item'>\n\t\t\t<div class='gallery-icon landscape'>\n\t\t\t\t<img loading=\"lazy\" decoding=\"async\" width=\"772\" height=\"345\" src=\"https:\/\/bulaoutdoor.nl\/wp-content\/uploads\/2021\/06\/kookzones.png\" class=\"attachment-full size-full\" alt=\"\" srcset=\"https:\/\/bulaoutdoor.nl\/wp-content\/uploads\/2021\/06\/kookzones.png 772w, https:\/\/bulaoutdoor.nl\/wp-content\/uploads\/2021\/06\/kookzones-300x134.png 300w, https:\/\/bulaoutdoor.nl\/wp-content\/uploads\/2021\/06\/kookzones-768x343.png 768w, https:\/\/bulaoutdoor.nl\/wp-content\/uploads\/2021\/06\/kookzones-416x186.png 416w\" sizes=\"auto, (max-width: 772px) 100vw, 772px\" \/>\n\t\t\t<\/div><\/figure>\n\t\t<\/div>\n\n<p class=\"textbox\" dir=\"ltr\"><strong>D\u00e9marrage rapide<\/strong> En 15 minutes, le gril Primo est pr\u00eat pour un d\u00e9licieux festin au barbecue. C'est aussi rapide qu'un barbecue \u00e0 gaz.<\/p>\n<p class=\"textbox\" dir=\"ltr\"><strong>Facile \u00e0 entretenir<\/strong> La coque en c\u00e9ramique Primo du barbecue fonctionne comme un four autonettoyant. V\u00e9rifiez de temps en temps que tout fonctionne bien et profitez de votre barbecue pendant des d\u00e9cennies.<\/p>\n<p dir=\"ltr\"><strong>Plein air<\/strong> Les Primos sont con\u00e7us pour \u00eatre utilis\u00e9s \u00e0 l'ext\u00e9rieur, quel que soit le climat. La c\u00e9ramique, le m\u00e9tal utilis\u00e9 et la finition \u00e9maill\u00e9e r\u00e9sistent \u00e0 toutes les conditions m\u00e9t\u00e9orologiques. Vous souhaitez prot\u00e9ger encore mieux votre Primo ? Choisissez l'une des housses disponibles.<\/p>\n<p>En savoir plus sur Primo dans cette vid\u00e9o :<\/p>\n<p><iframe loading=\"lazy\" title=\"Primo University Class 1 : Pr\u00e9sentation du gril c\u00e9ramique Primo\" width=\"980\" height=\"551\" src=\"https:\/\/www.youtube.com\/embed\/2yvOy48rKJE?feature=oembed&#038;enablejsapi=1&#038;origin=https:\/\/bulaoutdoor.nl\" frameborder=\"0\" allow=\"accelerometer; autoplay; clipboard-write; encrypted-media; gyroscope; picture-in-picture; web-share\" referrerpolicy=\"strict-origin-when-cross-origin\" allowfullscreen><\/iframe><\/p>\n<p>Commander directement aupr\u00e8s de\u00a0<a href=\"https:\/\/bulaoutdoor.nl\/fr\/\">Bula Outdoor<\/a>, votre\u00a0<a href=\"https:\/\/bulaoutdoor.nl\/fr\/categorie-de-produits\/bbq\/\">sp\u00e9cialiste du barbecue<\/a>!<\/p>","protected":false},"excerpt":{"rendered":"<p>C\u00e9ramique de premi\u00e8re qualit\u00e9 garantie 20 ans. <strong>Chariot avec lames lat\u00e9rales, plaque de distribution en fonte PG00314, \u00e9gouttoir PG00313, r\u00e9flecteur de chaleur en c\u00e9ramique PG00325, crochet PG00776, pince \u00e0 griller PG00777.<\/strong><\/p>","protected":false},"featured_media":10987,"comment_status":"open","ping_status":"closed","template":"","meta":{"_acf_changed":false},"product_brand":[],"product_cat":[464],"product_tag":[611,613,612],"class_list":{"0":"post-1812","1":"product","2":"type-product","3":"status-publish","4":"has-post-thumbnail","6":"product_cat-primo-barbecues-all-in-one","7":"product_tag-pgcjrc-200-7400","8":"product_tag-primo-oval-jr-200-all-in-one","9":"product_tag-primo-oval-junior-all-in-one","11":"first","12":"instock","13":"sale","14":"taxable","15":"shipping-taxable","16":"purchasable","17":"product-type-simple"},"acf":[],"yoast_head":"<!-- This site is optimized with the Yoast SEO plugin v27.4 - https:\/\/yoast.com\/product\/yoast-seo-wordpress\/ -->\n<title>Primo Oval Jr Serie 200 All in one BBQ &#8211; Bula Outdoor<\/title>\n<meta name=\"description\" content=\"Primo Ovaal Jr Serie 200 All in one BBQ\" \/>\n<meta name=\"robots\" content=\"index, follow, max-snippet:-1, max-image-preview:large, max-video-preview:-1\" \/>\n<link rel=\"canonical\" href=\"https:\/\/bulaoutdoor.nl\/fr\/produit\/primo-oval-jr-series-200-all-in-one-bbq\/\" \/>\n<meta property=\"og:locale\" content=\"fr_FR\" \/>\n<meta property=\"og:type\" content=\"article\" \/>\n<meta property=\"og:title\" content=\"Primo Oval Jr Serie 200 All in one BBQ &#8211; Bula Outdoor\" \/>\n<meta property=\"og:description\" content=\"Primo Ovaal Jr Serie 200 All in one BBQ\" \/>\n<meta property=\"og:url\" content=\"https:\/\/bulaoutdoor.nl\/fr\/produit\/primo-oval-jr-series-200-all-in-one-bbq\/\" \/>\n<meta property=\"og:site_name\" content=\"Bula Outdoor\" \/>\n<meta property=\"article:modified_time\" content=\"2025-05-20T13:20:59+00:00\" \/>\n<meta property=\"og:image\" content=\"https:\/\/bulaoutdoor.nl\/wp-content\/uploads\/2019\/04\/jr-200-all-in-one_SCALED.png\" \/>\n\t<meta property=\"og:image:width\" content=\"480\" \/>\n\t<meta property=\"og:image:height\" content=\"480\" \/>\n\t<meta property=\"og:image:type\" content=\"image\/png\" \/>\n<meta name=\"twitter:card\" content=\"summary_large_image\" \/>\n<meta name=\"twitter:label1\" content=\"Dur\u00e9e de lecture estim\u00e9e\" \/>\n\t<meta name=\"twitter:data1\" content=\"3 minutes\" \/>\n<script type=\"application\/ld+json\" class=\"yoast-schema-graph\">{\"@context\":\"https:\\\/\\\/schema.org\",\"@graph\":[{\"@type\":\"WebPage\",\"@id\":\"https:\\\/\\\/bulaoutdoor.nl\\\/product\\\/primo-ovaal-jr-serie-200-all-in-one-bbq\\\/\",\"url\":\"https:\\\/\\\/bulaoutdoor.nl\\\/product\\\/primo-ovaal-jr-serie-200-all-in-one-bbq\\\/\",\"name\":\"Primo Oval Jr Serie 200 All in one BBQ &#8211; Bula Outdoor\",\"isPartOf\":{\"@id\":\"https:\\\/\\\/bulaoutdoor.nl\\\/#website\"},\"primaryImageOfPage\":{\"@id\":\"https:\\\/\\\/bulaoutdoor.nl\\\/product\\\/primo-ovaal-jr-serie-200-all-in-one-bbq\\\/#primaryimage\"},\"image\":{\"@id\":\"https:\\\/\\\/bulaoutdoor.nl\\\/product\\\/primo-ovaal-jr-serie-200-all-in-one-bbq\\\/#primaryimage\"},\"thumbnailUrl\":\"https:\\\/\\\/bulaoutdoor.nl\\\/wp-content\\\/uploads\\\/2019\\\/04\\\/jr-200-all-in-one_SCALED.png\",\"datePublished\":\"2019-04-26T11:16:26+00:00\",\"dateModified\":\"2025-05-20T13:20:59+00:00\",\"description\":\"Primo Ovaal Jr Serie 200 All in one BBQ\",\"breadcrumb\":{\"@id\":\"https:\\\/\\\/bulaoutdoor.nl\\\/product\\\/primo-ovaal-jr-serie-200-all-in-one-bbq\\\/#breadcrumb\"},\"inLanguage\":\"fr-FR\",\"potentialAction\":[{\"@type\":\"ReadAction\",\"target\":[\"https:\\\/\\\/bulaoutdoor.nl\\\/product\\\/primo-ovaal-jr-serie-200-all-in-one-bbq\\\/\"]}]},{\"@type\":\"ImageObject\",\"inLanguage\":\"fr-FR\",\"@id\":\"https:\\\/\\\/bulaoutdoor.nl\\\/product\\\/primo-ovaal-jr-serie-200-all-in-one-bbq\\\/#primaryimage\",\"url\":\"https:\\\/\\\/bulaoutdoor.nl\\\/wp-content\\\/uploads\\\/2019\\\/04\\\/jr-200-all-in-one_SCALED.png\",\"contentUrl\":\"https:\\\/\\\/bulaoutdoor.nl\\\/wp-content\\\/uploads\\\/2019\\\/04\\\/jr-200-all-in-one_SCALED.png\",\"width\":480,\"height\":480,\"caption\":\"Oval JR 200 op cradle met zijbladen\"},{\"@type\":\"BreadcrumbList\",\"@id\":\"https:\\\/\\\/bulaoutdoor.nl\\\/product\\\/primo-ovaal-jr-serie-200-all-in-one-bbq\\\/#breadcrumb\",\"itemListElement\":[{\"@type\":\"ListItem\",\"position\":1,\"name\":\"Home\",\"item\":\"https:\\\/\\\/bulaoutdoor.nl\\\/\"},{\"@type\":\"ListItem\",\"position\":2,\"name\":\"Online BBQ kopen\",\"item\":\"https:\\\/\\\/bulaoutdoor.nl\\\/\"},{\"@type\":\"ListItem\",\"position\":3,\"name\":\"Primo Oval Jr Serie 200 All in one BBQ\"}]},{\"@type\":\"WebSite\",\"@id\":\"https:\\\/\\\/bulaoutdoor.nl\\\/#website\",\"url\":\"https:\\\/\\\/bulaoutdoor.nl\\\/\",\"name\":\"Bula Outdoor\",\"description\":\"Voor uw buitenhaard, BBQ, tuinfakkel en houtoven\",\"publisher\":{\"@id\":\"https:\\\/\\\/bulaoutdoor.nl\\\/#organization\"},\"potentialAction\":[{\"@type\":\"SearchAction\",\"target\":{\"@type\":\"EntryPoint\",\"urlTemplate\":\"https:\\\/\\\/bulaoutdoor.nl\\\/?s={search_term_string}\"},\"query-input\":{\"@type\":\"PropertyValueSpecification\",\"valueRequired\":true,\"valueName\":\"search_term_string\"}}],\"inLanguage\":\"fr-FR\"},{\"@type\":\"Organization\",\"@id\":\"https:\\\/\\\/bulaoutdoor.nl\\\/#organization\",\"name\":\"Bula Outdoor\",\"url\":\"https:\\\/\\\/bulaoutdoor.nl\\\/\",\"logo\":{\"@type\":\"ImageObject\",\"inLanguage\":\"fr-FR\",\"@id\":\"https:\\\/\\\/bulaoutdoor.nl\\\/#\\\/schema\\\/logo\\\/image\\\/\",\"url\":\"https:\\\/\\\/www.bulaoutdoor.nl\\\/wp-content\\\/uploads\\\/2018\\\/04\\\/bulaoutdoor-logo.png\",\"contentUrl\":\"https:\\\/\\\/www.bulaoutdoor.nl\\\/wp-content\\\/uploads\\\/2018\\\/04\\\/bulaoutdoor-logo.png\",\"width\":324,\"height\":91,\"caption\":\"Bula Outdoor\"},\"image\":{\"@id\":\"https:\\\/\\\/bulaoutdoor.nl\\\/#\\\/schema\\\/logo\\\/image\\\/\"}}]}<\/script>\n<!-- \/ Yoast SEO plugin. -->","yoast_head_json":{"title":"Primo Oval Jr Series 200 Barbecue tout-en-un - Bula Outdoor","description":"Primo Oval Jr Series 200 Barbecue tout-en-un","robots":{"index":"index","follow":"follow","max-snippet":"max-snippet:-1","max-image-preview":"max-image-preview:large","max-video-preview":"max-video-preview:-1"},"canonical":"https:\/\/bulaoutdoor.nl\/fr\/produit\/primo-oval-jr-series-200-all-in-one-bbq\/","og_locale":"fr_FR","og_type":"article","og_title":"Primo Oval Jr Serie 200 All in one BBQ &#8211; Bula Outdoor","og_description":"Primo Ovaal Jr Serie 200 All in one BBQ","og_url":"https:\/\/bulaoutdoor.nl\/fr\/produit\/primo-oval-jr-series-200-all-in-one-bbq\/","og_site_name":"Bula Outdoor","article_modified_time":"2025-05-20T13:20:59+00:00","og_image":[{"width":480,"height":480,"url":"https:\/\/bulaoutdoor.nl\/wp-content\/uploads\/2019\/04\/jr-200-all-in-one_SCALED.png","type":"image\/png"}],"twitter_card":"summary_large_image","twitter_misc":{"Dur\u00e9e de lecture estim\u00e9e":"3 minutes"},"schema":{"@context":"https:\/\/schema.org","@graph":[{"@type":"WebPage","@id":"https:\/\/bulaoutdoor.nl\/product\/primo-ovaal-jr-serie-200-all-in-one-bbq\/","url":"https:\/\/bulaoutdoor.nl\/product\/primo-ovaal-jr-serie-200-all-in-one-bbq\/","name":"Primo Oval Jr Series 200 Barbecue tout-en-un - Bula Outdoor","isPartOf":{"@id":"https:\/\/bulaoutdoor.nl\/#website"},"primaryImageOfPage":{"@id":"https:\/\/bulaoutdoor.nl\/product\/primo-ovaal-jr-serie-200-all-in-one-bbq\/#primaryimage"},"image":{"@id":"https:\/\/bulaoutdoor.nl\/product\/primo-ovaal-jr-serie-200-all-in-one-bbq\/#primaryimage"},"thumbnailUrl":"https:\/\/bulaoutdoor.nl\/wp-content\/uploads\/2019\/04\/jr-200-all-in-one_SCALED.png","datePublished":"2019-04-26T11:16:26+00:00","dateModified":"2025-05-20T13:20:59+00:00","description":"Primo Oval Jr Series 200 Barbecue tout-en-un","breadcrumb":{"@id":"https:\/\/bulaoutdoor.nl\/product\/primo-ovaal-jr-serie-200-all-in-one-bbq\/#breadcrumb"},"inLanguage":"fr-FR","potentialAction":[{"@type":"ReadAction","target":["https:\/\/bulaoutdoor.nl\/product\/primo-ovaal-jr-serie-200-all-in-one-bbq\/"]}]},{"@type":"ImageObject","inLanguage":"fr-FR","@id":"https:\/\/bulaoutdoor.nl\/product\/primo-ovaal-jr-serie-200-all-in-one-bbq\/#primaryimage","url":"https:\/\/bulaoutdoor.nl\/wp-content\/uploads\/2019\/04\/jr-200-all-in-one_SCALED.png","contentUrl":"https:\/\/bulaoutdoor.nl\/wp-content\/uploads\/2019\/04\/jr-200-all-in-one_SCALED.png","width":480,"height":480,"caption":"Oval JR 200 op cradle met zijbladen"},{"@type":"BreadcrumbList","@id":"https:\/\/bulaoutdoor.nl\/product\/primo-ovaal-jr-serie-200-all-in-one-bbq\/#breadcrumb","itemListElement":[{"@type":"ListItem","position":1,"name":"Home","item":"https:\/\/bulaoutdoor.nl\/"},{"@type":"ListItem","position":2,"name":"Online BBQ kopen","item":"https:\/\/bulaoutdoor.nl\/"},{"@type":"ListItem","position":3,"name":"Primo Oval Jr Serie 200 All in one BBQ"}]},{"@type":"WebSite","@id":"https:\/\/bulaoutdoor.nl\/#website","url":"https:\/\/bulaoutdoor.nl\/","name":"Bula Outdoor","description":"Pour votre chemin\u00e9e ext\u00e9rieure, votre barbecue, votre torche de jardin et votre four \u00e0 bois","publisher":{"@id":"https:\/\/bulaoutdoor.nl\/#organization"},"potentialAction":[{"@type":"SearchAction","target":{"@type":"EntryPoint","urlTemplate":"https:\/\/bulaoutdoor.nl\/?s={search_term_string}"},"query-input":{"@type":"PropertyValueSpecification","valueRequired":true,"valueName":"search_term_string"}}],"inLanguage":"fr-FR"},{"@type":"Organization","@id":"https:\/\/bulaoutdoor.nl\/#organization","name":"Bula Outdoor","url":"https:\/\/bulaoutdoor.nl\/","logo":{"@type":"ImageObject","inLanguage":"fr-FR","@id":"https:\/\/bulaoutdoor.nl\/#\/schema\/logo\/image\/","url":"https:\/\/www.bulaoutdoor.nl\/wp-content\/uploads\/2018\/04\/bulaoutdoor-logo.png","contentUrl":"https:\/\/www.bulaoutdoor.nl\/wp-content\/uploads\/2018\/04\/bulaoutdoor-logo.png","width":324,"height":91,"caption":"Bula Outdoor"},"image":{"@id":"https:\/\/bulaoutdoor.nl\/#\/schema\/logo\/image\/"}}]}},"jetpack_sharing_enabled":true,"_links":{"self":[{"href":"https:\/\/bulaoutdoor.nl\/fr\/wp-json\/wp\/v2\/product\/1812","targetHints":{"allow":["GET"]}}],"collection":[{"href":"https:\/\/bulaoutdoor.nl\/fr\/wp-json\/wp\/v2\/product"}],"about":[{"href":"https:\/\/bulaoutdoor.nl\/fr\/wp-json\/wp\/v2\/types\/product"}],"replies":[{"embeddable":true,"href":"https:\/\/bulaoutdoor.nl\/fr\/wp-json\/wp\/v2\/comments?post=1812"}],"wp:featuredmedia":[{"embeddable":true,"href":"https:\/\/bulaoutdoor.nl\/fr\/wp-json\/wp\/v2\/media\/10987"}],"wp:attachment":[{"href":"https:\/\/bulaoutdoor.nl\/fr\/wp-json\/wp\/v2\/media?parent=1812"}],"wp:term":[{"taxonomy":"product_brand","embeddable":true,"href":"https:\/\/bulaoutdoor.nl\/fr\/wp-json\/wp\/v2\/product_brand?post=1812"},{"taxonomy":"product_cat","embeddable":true,"href":"https:\/\/bulaoutdoor.nl\/fr\/wp-json\/wp\/v2\/product_cat?post=1812"},{"taxonomy":"product_tag","embeddable":true,"href":"https:\/\/bulaoutdoor.nl\/fr\/wp-json\/wp\/v2\/product_tag?post=1812"}],"curies":[{"name":"wp","href":"https:\/\/api.w.org\/{rel}","templated":true}]}}