{"id":1853,"date":"2019-05-04T10:04:08","date_gmt":"2019-05-04T10:04:08","guid":{"rendered":"https:\/\/www.bulaoutdoor.nl\/?post_type=product&#038;p=1853"},"modified":"2023-11-13T10:00:38","modified_gmt":"2023-11-13T10:00:38","slug":"fer-a-sandwich-pour-panini-grille","status":"publish","type":"product","link":"https:\/\/bulaoutdoor.nl\/fr\/product\/sandwich-ijzer-voor-tosti-panini\/","title":{"rendered":"Le moulin \u00e0 vent Tosi fer \u00e0 repasser L"},"content":{"rendered":"<h1>Le moulin \u00e0 vent Tosi fer \u00e0 repasser L<\/h1>\n<p>Pr\u00e9parez votre propre sandwich ou panini sur le feu. Cela peut se faire sur le barbecue, le feu ouvert, la chemin\u00e9e mais aussi sur la cuisini\u00e8re.<\/p>\n<p>D\u00e9couvrez les nombreuses possibilit\u00e9s de notre fer \u00e0 sandwich ! Du juteux\u00a0<a href=\"https:\/\/www.thewindmillcastiron.nl\/nl\/blogs\/berichten\/barbecue-chicken-tosti\/\" target=\"_blank\" rel=\"noopener\">Sandwichs au poulet BBQ<\/a>\u00a0\u00e0 d\u00e9lectable\u00a0<a href=\"https:\/\/www.thewindmillcastiron.nl\/nl\/blogs\/berichten\/recept-flame-grilled-steak-sandwich\/\" target=\"_blank\" rel=\"noopener\">sandwichs grill\u00e9s \u00e0 la flamme<\/a>\u00a0et m\u00eame\u00a0<a href=\"https:\/\/www.thewindmillcastiron.nl\/nl\/blogs\/berichten\/pizza-uit-eigen-tuin\/\" target=\"_blank\" rel=\"noopener\">de d\u00e9licieuses pizzas<\/a>\u00a0et\u00a0<a href=\"https:\/\/www.thewindmillcastiron.nl\/nl\/blogs\/berichten\/recept-pie-iron-kaneelbroodjes\/\" target=\"_blank\" rel=\"noopener\">petits pains \u00e0 la cannelle<\/a>. Vous pouvez \u00e9galement faire frire des l\u00e9gumes, du poisson ou de la viande dans le fer \u00e0 sandwich ou pr\u00e9parer un d\u00e9licieux dessert avec des guimauves, du chocolat et des cerises chaudes. Lire notre blog\u00a0<a href=\"https:\/\/www.thewindmillcastiron.nl\/nl\/blogs\/berichten\/wat-kun-je-allemaal-met-het-sandwichijzer\/\" target=\"_blank\" rel=\"noopener\">\"Que peut-on faire avec le fer \u00e0 sandwich ?\"<\/a>\u00a0pour cette inspiration et bien d'autres encore !<\/p>\n<p>Amusant \u00e0 faire avec les amis et la famille.<\/p>\n<p>Caract\u00e9ristiques :<\/p>\n<ul>\n<li>Fonte trait\u00e9e pr\u00e9-saison.<\/li>\n<li>Id\u00e9al pour le feu de camp.<\/li>\n<li>Tiges extra-longues en acier inoxydable avec poign\u00e9es en bois.<\/li>\n<\/ul>\n<p>Sp\u00e9cifications :<\/p>\n<ul>\n<li>Poids : 1850 grammes<\/li>\n<li>Longueur : 730 mm<\/li>\n<li>Hauteur : 130 mm<\/li>\n<li>Longueur des tiges en acier inoxydable avec poign\u00e9es en bois : 570 mm<\/li>\n<li>Poign\u00e9e \u00d8 : 7 mm<\/li>\n<\/ul>\n<p>Commandez le fer \u00e0 repasser Tosi L The Windmill directement aupr\u00e8s de Bula Outdoor, votre <a href=\"https:\/\/bulaoutdoor.nl\/fr\/categorie-de-produits\/ustensiles-de-cuisine-pour-lexterieur\/\">Cuisine en plein air<\/a>\u00a0sp\u00e9cialiste.<\/p>","protected":false},"excerpt":{"rendered":"<p>Pr\u00e9parez votre propre sandwich ou panini sur le feu. Cela peut se faire sur le barbecue ou sur un feu ouvert.<\/p>","protected":false},"featured_media":1854,"comment_status":"open","ping_status":"closed","template":"","meta":{"_acf_changed":false},"product_brand":[],"product_cat":[26],"product_tag":[1087,1086,81],"class_list":{"0":"post-1853","1":"product","2":"type-product","3":"status-publish","4":"has-post-thumbnail","6":"product_cat-outdoor-kookset","7":"product_tag-sandwich-ijzer","8":"product_tag-tosti-ijzer","9":"product_tag-windmill","11":"first","12":"instock","13":"taxable","14":"shipping-taxable","15":"purchasable","16":"product-type-simple"},"acf":[],"yoast_head":"<!-- This site is optimized with the Yoast SEO plugin v27.3 - https:\/\/yoast.com\/product\/yoast-seo-wordpress\/ -->\n<title>The Windmill Tosi-ijzer L &#8211; Bula Outdoor<\/title>\n<meta name=\"robots\" content=\"index, follow, max-snippet:-1, max-image-preview:large, max-video-preview:-1\" \/>\n<link rel=\"canonical\" href=\"https:\/\/bulaoutdoor.nl\/fr\/produit\/fer-a-sandwich-pour-panini-grille\/\" \/>\n<meta property=\"og:locale\" content=\"fr_FR\" \/>\n<meta property=\"og:type\" content=\"article\" \/>\n<meta property=\"og:title\" content=\"The Windmill Tosi-ijzer L &#8211; Bula Outdoor\" \/>\n<meta property=\"og:description\" content=\"Maak je eigen tosti of panini boven een vuur. Het kan op de bbq, open vuur.\" \/>\n<meta property=\"og:url\" content=\"https:\/\/bulaoutdoor.nl\/fr\/produit\/fer-a-sandwich-pour-panini-grille\/\" \/>\n<meta property=\"og:site_name\" content=\"Bula Outdoor\" \/>\n<meta property=\"article:modified_time\" content=\"2023-11-13T10:00:38+00:00\" \/>\n<meta property=\"og:image\" content=\"https:\/\/bulaoutdoor.nl\/wp-content\/uploads\/2019\/05\/twm021-sandwich-iron-bula-outdoor.jpg\" \/>\n\t<meta property=\"og:image:width\" content=\"688\" \/>\n\t<meta property=\"og:image:height\" content=\"688\" \/>\n\t<meta property=\"og:image:type\" content=\"image\/jpeg\" \/>\n<meta name=\"twitter:card\" content=\"summary_large_image\" \/>\n<meta name=\"twitter:label1\" content=\"Dur\u00e9e de lecture estim\u00e9e\" \/>\n\t<meta name=\"twitter:data1\" content=\"1 minute\" \/>\n<script type=\"application\/ld+json\" class=\"yoast-schema-graph\">{\"@context\":\"https:\\\/\\\/schema.org\",\"@graph\":[{\"@type\":\"WebPage\",\"@id\":\"https:\\\/\\\/bulaoutdoor.nl\\\/product\\\/sandwich-ijzer-voor-tosti-panini\\\/\",\"url\":\"https:\\\/\\\/bulaoutdoor.nl\\\/product\\\/sandwich-ijzer-voor-tosti-panini\\\/\",\"name\":\"The Windmill Tosi-ijzer L &#8211; Bula Outdoor\",\"isPartOf\":{\"@id\":\"https:\\\/\\\/bulaoutdoor.nl\\\/#website\"},\"primaryImageOfPage\":{\"@id\":\"https:\\\/\\\/bulaoutdoor.nl\\\/product\\\/sandwich-ijzer-voor-tosti-panini\\\/#primaryimage\"},\"image\":{\"@id\":\"https:\\\/\\\/bulaoutdoor.nl\\\/product\\\/sandwich-ijzer-voor-tosti-panini\\\/#primaryimage\"},\"thumbnailUrl\":\"https:\\\/\\\/bulaoutdoor.nl\\\/wp-content\\\/uploads\\\/2019\\\/05\\\/twm021-sandwich-iron-bula-outdoor.jpg\",\"datePublished\":\"2019-05-04T10:04:08+00:00\",\"dateModified\":\"2023-11-13T10:00:38+00:00\",\"breadcrumb\":{\"@id\":\"https:\\\/\\\/bulaoutdoor.nl\\\/product\\\/sandwich-ijzer-voor-tosti-panini\\\/#breadcrumb\"},\"inLanguage\":\"fr-FR\",\"potentialAction\":[{\"@type\":\"ReadAction\",\"target\":[\"https:\\\/\\\/bulaoutdoor.nl\\\/product\\\/sandwich-ijzer-voor-tosti-panini\\\/\"]}]},{\"@type\":\"ImageObject\",\"inLanguage\":\"fr-FR\",\"@id\":\"https:\\\/\\\/bulaoutdoor.nl\\\/product\\\/sandwich-ijzer-voor-tosti-panini\\\/#primaryimage\",\"url\":\"https:\\\/\\\/bulaoutdoor.nl\\\/wp-content\\\/uploads\\\/2019\\\/05\\\/twm021-sandwich-iron-bula-outdoor.jpg\",\"contentUrl\":\"https:\\\/\\\/bulaoutdoor.nl\\\/wp-content\\\/uploads\\\/2019\\\/05\\\/twm021-sandwich-iron-bula-outdoor.jpg\",\"width\":688,\"height\":688},{\"@type\":\"BreadcrumbList\",\"@id\":\"https:\\\/\\\/bulaoutdoor.nl\\\/product\\\/sandwich-ijzer-voor-tosti-panini\\\/#breadcrumb\",\"itemListElement\":[{\"@type\":\"ListItem\",\"position\":1,\"name\":\"Home\",\"item\":\"https:\\\/\\\/bulaoutdoor.nl\\\/\"},{\"@type\":\"ListItem\",\"position\":2,\"name\":\"Online BBQ kopen\",\"item\":\"https:\\\/\\\/bulaoutdoor.nl\\\/\"},{\"@type\":\"ListItem\",\"position\":3,\"name\":\"The Windmill Tosi-ijzer L\"}]},{\"@type\":\"WebSite\",\"@id\":\"https:\\\/\\\/bulaoutdoor.nl\\\/#website\",\"url\":\"https:\\\/\\\/bulaoutdoor.nl\\\/\",\"name\":\"Bula Outdoor\",\"description\":\"Voor uw buitenhaard, BBQ, tuinfakkel en houtoven\",\"publisher\":{\"@id\":\"https:\\\/\\\/bulaoutdoor.nl\\\/#organization\"},\"potentialAction\":[{\"@type\":\"SearchAction\",\"target\":{\"@type\":\"EntryPoint\",\"urlTemplate\":\"https:\\\/\\\/bulaoutdoor.nl\\\/?s={search_term_string}\"},\"query-input\":{\"@type\":\"PropertyValueSpecification\",\"valueRequired\":true,\"valueName\":\"search_term_string\"}}],\"inLanguage\":\"fr-FR\"},{\"@type\":\"Organization\",\"@id\":\"https:\\\/\\\/bulaoutdoor.nl\\\/#organization\",\"name\":\"Bula Outdoor\",\"url\":\"https:\\\/\\\/bulaoutdoor.nl\\\/\",\"logo\":{\"@type\":\"ImageObject\",\"inLanguage\":\"fr-FR\",\"@id\":\"https:\\\/\\\/bulaoutdoor.nl\\\/#\\\/schema\\\/logo\\\/image\\\/\",\"url\":\"https:\\\/\\\/www.bulaoutdoor.nl\\\/wp-content\\\/uploads\\\/2018\\\/04\\\/bulaoutdoor-logo.png\",\"contentUrl\":\"https:\\\/\\\/www.bulaoutdoor.nl\\\/wp-content\\\/uploads\\\/2018\\\/04\\\/bulaoutdoor-logo.png\",\"width\":324,\"height\":91,\"caption\":\"Bula Outdoor\"},\"image\":{\"@id\":\"https:\\\/\\\/bulaoutdoor.nl\\\/#\\\/schema\\\/logo\\\/image\\\/\"}}]}<\/script>\n<!-- \/ Yoast SEO plugin. -->","yoast_head_json":{"title":"Moulin \u00e0 vent Tosi fer \u00e0 repasser L - Bula Outdoor","robots":{"index":"index","follow":"follow","max-snippet":"max-snippet:-1","max-image-preview":"max-image-preview:large","max-video-preview":"max-video-preview:-1"},"canonical":"https:\/\/bulaoutdoor.nl\/fr\/produit\/fer-a-sandwich-pour-panini-grille\/","og_locale":"fr_FR","og_type":"article","og_title":"The Windmill Tosi-ijzer L &#8211; Bula Outdoor","og_description":"Maak je eigen tosti of panini boven een vuur. Het kan op de bbq, open vuur.","og_url":"https:\/\/bulaoutdoor.nl\/fr\/produit\/fer-a-sandwich-pour-panini-grille\/","og_site_name":"Bula Outdoor","article_modified_time":"2023-11-13T10:00:38+00:00","og_image":[{"width":688,"height":688,"url":"https:\/\/bulaoutdoor.nl\/wp-content\/uploads\/2019\/05\/twm021-sandwich-iron-bula-outdoor.jpg","type":"image\/jpeg"}],"twitter_card":"summary_large_image","twitter_misc":{"Dur\u00e9e de lecture estim\u00e9e":"1 minute"},"schema":{"@context":"https:\/\/schema.org","@graph":[{"@type":"WebPage","@id":"https:\/\/bulaoutdoor.nl\/product\/sandwich-ijzer-voor-tosti-panini\/","url":"https:\/\/bulaoutdoor.nl\/product\/sandwich-ijzer-voor-tosti-panini\/","name":"Moulin \u00e0 vent Tosi fer \u00e0 repasser L - Bula Outdoor","isPartOf":{"@id":"https:\/\/bulaoutdoor.nl\/#website"},"primaryImageOfPage":{"@id":"https:\/\/bulaoutdoor.nl\/product\/sandwich-ijzer-voor-tosti-panini\/#primaryimage"},"image":{"@id":"https:\/\/bulaoutdoor.nl\/product\/sandwich-ijzer-voor-tosti-panini\/#primaryimage"},"thumbnailUrl":"https:\/\/bulaoutdoor.nl\/wp-content\/uploads\/2019\/05\/twm021-sandwich-iron-bula-outdoor.jpg","datePublished":"2019-05-04T10:04:08+00:00","dateModified":"2023-11-13T10:00:38+00:00","breadcrumb":{"@id":"https:\/\/bulaoutdoor.nl\/product\/sandwich-ijzer-voor-tosti-panini\/#breadcrumb"},"inLanguage":"fr-FR","potentialAction":[{"@type":"ReadAction","target":["https:\/\/bulaoutdoor.nl\/product\/sandwich-ijzer-voor-tosti-panini\/"]}]},{"@type":"ImageObject","inLanguage":"fr-FR","@id":"https:\/\/bulaoutdoor.nl\/product\/sandwich-ijzer-voor-tosti-panini\/#primaryimage","url":"https:\/\/bulaoutdoor.nl\/wp-content\/uploads\/2019\/05\/twm021-sandwich-iron-bula-outdoor.jpg","contentUrl":"https:\/\/bulaoutdoor.nl\/wp-content\/uploads\/2019\/05\/twm021-sandwich-iron-bula-outdoor.jpg","width":688,"height":688},{"@type":"BreadcrumbList","@id":"https:\/\/bulaoutdoor.nl\/product\/sandwich-ijzer-voor-tosti-panini\/#breadcrumb","itemListElement":[{"@type":"ListItem","position":1,"name":"Home","item":"https:\/\/bulaoutdoor.nl\/"},{"@type":"ListItem","position":2,"name":"Online BBQ kopen","item":"https:\/\/bulaoutdoor.nl\/"},{"@type":"ListItem","position":3,"name":"The Windmill Tosi-ijzer L"}]},{"@type":"WebSite","@id":"https:\/\/bulaoutdoor.nl\/#website","url":"https:\/\/bulaoutdoor.nl\/","name":"Bula Outdoor","description":"Pour votre chemin\u00e9e ext\u00e9rieure, votre barbecue, votre torche de jardin et votre four \u00e0 bois","publisher":{"@id":"https:\/\/bulaoutdoor.nl\/#organization"},"potentialAction":[{"@type":"SearchAction","target":{"@type":"EntryPoint","urlTemplate":"https:\/\/bulaoutdoor.nl\/?s={search_term_string}"},"query-input":{"@type":"PropertyValueSpecification","valueRequired":true,"valueName":"search_term_string"}}],"inLanguage":"fr-FR"},{"@type":"Organization","@id":"https:\/\/bulaoutdoor.nl\/#organization","name":"Bula Outdoor","url":"https:\/\/bulaoutdoor.nl\/","logo":{"@type":"ImageObject","inLanguage":"fr-FR","@id":"https:\/\/bulaoutdoor.nl\/#\/schema\/logo\/image\/","url":"https:\/\/www.bulaoutdoor.nl\/wp-content\/uploads\/2018\/04\/bulaoutdoor-logo.png","contentUrl":"https:\/\/www.bulaoutdoor.nl\/wp-content\/uploads\/2018\/04\/bulaoutdoor-logo.png","width":324,"height":91,"caption":"Bula Outdoor"},"image":{"@id":"https:\/\/bulaoutdoor.nl\/#\/schema\/logo\/image\/"}}]}},"jetpack_sharing_enabled":true,"_links":{"self":[{"href":"https:\/\/bulaoutdoor.nl\/fr\/wp-json\/wp\/v2\/product\/1853","targetHints":{"allow":["GET"]}}],"collection":[{"href":"https:\/\/bulaoutdoor.nl\/fr\/wp-json\/wp\/v2\/product"}],"about":[{"href":"https:\/\/bulaoutdoor.nl\/fr\/wp-json\/wp\/v2\/types\/product"}],"replies":[{"embeddable":true,"href":"https:\/\/bulaoutdoor.nl\/fr\/wp-json\/wp\/v2\/comments?post=1853"}],"wp:featuredmedia":[{"embeddable":true,"href":"https:\/\/bulaoutdoor.nl\/fr\/wp-json\/wp\/v2\/media\/1854"}],"wp:attachment":[{"href":"https:\/\/bulaoutdoor.nl\/fr\/wp-json\/wp\/v2\/media?parent=1853"}],"wp:term":[{"taxonomy":"product_brand","embeddable":true,"href":"https:\/\/bulaoutdoor.nl\/fr\/wp-json\/wp\/v2\/product_brand?post=1853"},{"taxonomy":"product_cat","embeddable":true,"href":"https:\/\/bulaoutdoor.nl\/fr\/wp-json\/wp\/v2\/product_cat?post=1853"},{"taxonomy":"product_tag","embeddable":true,"href":"https:\/\/bulaoutdoor.nl\/fr\/wp-json\/wp\/v2\/product_tag?post=1853"}],"curies":[{"name":"wp","href":"https:\/\/api.w.org\/{rel}","templated":true}]}}