{"id":2137,"date":"2019-06-25T13:08:33","date_gmt":"2019-06-25T13:08:33","guid":{"rendered":"https:\/\/www.bulaoutdoor.nl\/?post_type=product&#038;p=2137"},"modified":"2022-12-08T19:17:29","modified_gmt":"2022-12-08T19:17:29","slug":"douche-de-jardin-mobile-serpentine","status":"publish","type":"product","link":"https:\/\/bulaoutdoor.nl\/fr\/product\/serpentine-mobiele-tuindouche\/","title":{"rendered":"Douche de jardin mobile serpentine"},"content":{"rendered":"<h2>Douche de jardin mobile serpentine en acier inoxydable<\/h2>\n<p>La Serpentine est une douche de jardin mobile enti\u00e8rement fabriqu\u00e9e en acier inoxydable (Inox). Elle a un aspect \u00e9l\u00e9gant et une conception pratique qui permet de la raccorder facilement \u00e0 un tuyau d'arrosage. Le raccord sp\u00e9cial du tuyau d'arrosage alimente la douche en eau. Gr\u00e2ce \u00e0 sa construction tr\u00e8s l\u00e9g\u00e8re, la Serpentine peut \u00eatre facilement d\u00e9plac\u00e9e, ce qui vous permet de vous doucher n'importe o\u00f9 dans le jardin.<\/p>\n<p><strong>Caract\u00e9ristiques du produit<\/strong><\/p>\n<ul>\n<li>L\u00e9ger et portable<\/li>\n<li>Convivialit\u00e9 et facilit\u00e9 de raccordement au tuyau d'arrosage<\/li>\n<li>R\u00e9utiliser l'eau de la douche en se douchant pr\u00e8s d'une pelouse ou d'une jardini\u00e8re<\/li>\n<\/ul>\n<p><strong>Dimensions du produit<\/strong><br \/>\nH 212 x L 60 x P 93 cm<\/p>\n<p><strong>Mat\u00e9riau<\/strong><br \/>\nAcier inoxydable<\/p>","protected":false},"excerpt":{"rendered":"<p>La Serpentine est une douche de jardin mobile enti\u00e8rement fabriqu\u00e9e en acier inoxydable (Inox). Elle a un aspect \u00e9l\u00e9gant et une conception pratique qui permet de la raccorder facilement \u00e0 un tuyau d'arrosage.<\/p>","protected":false},"featured_media":2138,"comment_status":"open","ping_status":"closed","template":"","meta":{"_acf_changed":false},"product_brand":[],"product_cat":[24],"product_tag":[],"class_list":{"0":"post-2137","1":"product","2":"type-product","3":"status-publish","4":"has-post-thumbnail","6":"product_cat-weltevree","8":"first","9":"instock","10":"taxable","11":"shipping-taxable","12":"purchasable","13":"product-type-simple"},"acf":[],"yoast_head":"<!-- This site is optimized with the Yoast SEO plugin v27.3 - https:\/\/yoast.com\/product\/yoast-seo-wordpress\/ -->\n<title>Serpentine mobiele tuindouche &#8211; Bula Outdoor<\/title>\n<meta name=\"description\" content=\"De Serpentine is een tuindouche die is gemaakt van roestvrij staal (Inox). Hij heeft een elegante uitstraling en een praktisch ontwerp.\" \/>\n<meta name=\"robots\" content=\"index, follow, max-snippet:-1, max-image-preview:large, max-video-preview:-1\" \/>\n<link rel=\"canonical\" href=\"https:\/\/bulaoutdoor.nl\/fr\/produit\/douche-de-jardin-mobile-serpentine\/\" \/>\n<meta property=\"og:locale\" content=\"fr_FR\" \/>\n<meta property=\"og:type\" content=\"article\" \/>\n<meta property=\"og:title\" content=\"Serpentine mobiele tuindouche &#8211; Bula Outdoor\" \/>\n<meta property=\"og:description\" content=\"De Serpentine is een tuindouche die is gemaakt van roestvrij staal (Inox). Hij heeft een elegante uitstraling en een praktisch ontwerp.\" \/>\n<meta property=\"og:url\" content=\"https:\/\/bulaoutdoor.nl\/fr\/produit\/douche-de-jardin-mobile-serpentine\/\" \/>\n<meta property=\"og:site_name\" content=\"Bula Outdoor\" \/>\n<meta property=\"article:modified_time\" content=\"2022-12-08T19:17:29+00:00\" \/>\n<meta property=\"og:image\" content=\"https:\/\/bulaoutdoor.nl\/wp-content\/uploads\/2019\/06\/serpentine_kraantje-bula-outdoor-e1561468508549.jpg\" \/>\n\t<meta property=\"og:image:width\" content=\"350\" \/>\n\t<meta property=\"og:image:height\" content=\"350\" \/>\n\t<meta property=\"og:image:type\" content=\"image\/jpeg\" \/>\n<meta name=\"twitter:card\" content=\"summary_large_image\" \/>\n<meta name=\"twitter:label1\" content=\"Dur\u00e9e de lecture estim\u00e9e\" \/>\n\t<meta name=\"twitter:data1\" content=\"1 minute\" \/>\n<script type=\"application\/ld+json\" class=\"yoast-schema-graph\">{\"@context\":\"https:\\\/\\\/schema.org\",\"@graph\":[{\"@type\":\"WebPage\",\"@id\":\"https:\\\/\\\/bulaoutdoor.nl\\\/product\\\/serpentine-mobiele-tuindouche\\\/\",\"url\":\"https:\\\/\\\/bulaoutdoor.nl\\\/product\\\/serpentine-mobiele-tuindouche\\\/\",\"name\":\"Serpentine mobiele tuindouche &#8211; Bula Outdoor\",\"isPartOf\":{\"@id\":\"https:\\\/\\\/bulaoutdoor.nl\\\/#website\"},\"primaryImageOfPage\":{\"@id\":\"https:\\\/\\\/bulaoutdoor.nl\\\/product\\\/serpentine-mobiele-tuindouche\\\/#primaryimage\"},\"image\":{\"@id\":\"https:\\\/\\\/bulaoutdoor.nl\\\/product\\\/serpentine-mobiele-tuindouche\\\/#primaryimage\"},\"thumbnailUrl\":\"https:\\\/\\\/bulaoutdoor.nl\\\/wp-content\\\/uploads\\\/2019\\\/06\\\/serpentine_kraantje-bula-outdoor-e1561468508549.jpg\",\"datePublished\":\"2019-06-25T13:08:33+00:00\",\"dateModified\":\"2022-12-08T19:17:29+00:00\",\"description\":\"De Serpentine is een tuindouche die is gemaakt van roestvrij staal (Inox). Hij heeft een elegante uitstraling en een praktisch ontwerp.\",\"breadcrumb\":{\"@id\":\"https:\\\/\\\/bulaoutdoor.nl\\\/product\\\/serpentine-mobiele-tuindouche\\\/#breadcrumb\"},\"inLanguage\":\"fr-FR\",\"potentialAction\":[{\"@type\":\"ReadAction\",\"target\":[\"https:\\\/\\\/bulaoutdoor.nl\\\/product\\\/serpentine-mobiele-tuindouche\\\/\"]}]},{\"@type\":\"ImageObject\",\"inLanguage\":\"fr-FR\",\"@id\":\"https:\\\/\\\/bulaoutdoor.nl\\\/product\\\/serpentine-mobiele-tuindouche\\\/#primaryimage\",\"url\":\"https:\\\/\\\/bulaoutdoor.nl\\\/wp-content\\\/uploads\\\/2019\\\/06\\\/serpentine_kraantje-bula-outdoor-e1561468508549.jpg\",\"contentUrl\":\"https:\\\/\\\/bulaoutdoor.nl\\\/wp-content\\\/uploads\\\/2019\\\/06\\\/serpentine_kraantje-bula-outdoor-e1561468508549.jpg\",\"width\":350,\"height\":350,\"caption\":\"Buitendouche\"},{\"@type\":\"BreadcrumbList\",\"@id\":\"https:\\\/\\\/bulaoutdoor.nl\\\/product\\\/serpentine-mobiele-tuindouche\\\/#breadcrumb\",\"itemListElement\":[{\"@type\":\"ListItem\",\"position\":1,\"name\":\"Home\",\"item\":\"https:\\\/\\\/bulaoutdoor.nl\\\/\"},{\"@type\":\"ListItem\",\"position\":2,\"name\":\"Online BBQ kopen\",\"item\":\"https:\\\/\\\/bulaoutdoor.nl\\\/\"},{\"@type\":\"ListItem\",\"position\":3,\"name\":\"Serpentine mobiele tuindouche\"}]},{\"@type\":\"WebSite\",\"@id\":\"https:\\\/\\\/bulaoutdoor.nl\\\/#website\",\"url\":\"https:\\\/\\\/bulaoutdoor.nl\\\/\",\"name\":\"Bula Outdoor\",\"description\":\"Voor uw buitenhaard, BBQ, tuinfakkel en houtoven\",\"publisher\":{\"@id\":\"https:\\\/\\\/bulaoutdoor.nl\\\/#organization\"},\"potentialAction\":[{\"@type\":\"SearchAction\",\"target\":{\"@type\":\"EntryPoint\",\"urlTemplate\":\"https:\\\/\\\/bulaoutdoor.nl\\\/?s={search_term_string}\"},\"query-input\":{\"@type\":\"PropertyValueSpecification\",\"valueRequired\":true,\"valueName\":\"search_term_string\"}}],\"inLanguage\":\"fr-FR\"},{\"@type\":\"Organization\",\"@id\":\"https:\\\/\\\/bulaoutdoor.nl\\\/#organization\",\"name\":\"Bula Outdoor\",\"url\":\"https:\\\/\\\/bulaoutdoor.nl\\\/\",\"logo\":{\"@type\":\"ImageObject\",\"inLanguage\":\"fr-FR\",\"@id\":\"https:\\\/\\\/bulaoutdoor.nl\\\/#\\\/schema\\\/logo\\\/image\\\/\",\"url\":\"https:\\\/\\\/www.bulaoutdoor.nl\\\/wp-content\\\/uploads\\\/2018\\\/04\\\/bulaoutdoor-logo.png\",\"contentUrl\":\"https:\\\/\\\/www.bulaoutdoor.nl\\\/wp-content\\\/uploads\\\/2018\\\/04\\\/bulaoutdoor-logo.png\",\"width\":324,\"height\":91,\"caption\":\"Bula Outdoor\"},\"image\":{\"@id\":\"https:\\\/\\\/bulaoutdoor.nl\\\/#\\\/schema\\\/logo\\\/image\\\/\"}}]}<\/script>\n<!-- \/ Yoast SEO plugin. -->","yoast_head_json":{"title":"Douche de jardin mobile serpentine - Bula Outdoor","description":"La douche Serpentine est une douche de jardin en acier inoxydable (Inox). Elle a un aspect \u00e9l\u00e9gant et un design pratique.","robots":{"index":"index","follow":"follow","max-snippet":"max-snippet:-1","max-image-preview":"max-image-preview:large","max-video-preview":"max-video-preview:-1"},"canonical":"https:\/\/bulaoutdoor.nl\/fr\/produit\/douche-de-jardin-mobile-serpentine\/","og_locale":"fr_FR","og_type":"article","og_title":"Serpentine mobiele tuindouche &#8211; Bula Outdoor","og_description":"De Serpentine is een tuindouche die is gemaakt van roestvrij staal (Inox). Hij heeft een elegante uitstraling en een praktisch ontwerp.","og_url":"https:\/\/bulaoutdoor.nl\/fr\/produit\/douche-de-jardin-mobile-serpentine\/","og_site_name":"Bula Outdoor","article_modified_time":"2022-12-08T19:17:29+00:00","og_image":[{"width":350,"height":350,"url":"https:\/\/bulaoutdoor.nl\/wp-content\/uploads\/2019\/06\/serpentine_kraantje-bula-outdoor-e1561468508549.jpg","type":"image\/jpeg"}],"twitter_card":"summary_large_image","twitter_misc":{"Dur\u00e9e de lecture estim\u00e9e":"1 minute"},"schema":{"@context":"https:\/\/schema.org","@graph":[{"@type":"WebPage","@id":"https:\/\/bulaoutdoor.nl\/product\/serpentine-mobiele-tuindouche\/","url":"https:\/\/bulaoutdoor.nl\/product\/serpentine-mobiele-tuindouche\/","name":"Douche de jardin mobile serpentine - Bula Outdoor","isPartOf":{"@id":"https:\/\/bulaoutdoor.nl\/#website"},"primaryImageOfPage":{"@id":"https:\/\/bulaoutdoor.nl\/product\/serpentine-mobiele-tuindouche\/#primaryimage"},"image":{"@id":"https:\/\/bulaoutdoor.nl\/product\/serpentine-mobiele-tuindouche\/#primaryimage"},"thumbnailUrl":"https:\/\/bulaoutdoor.nl\/wp-content\/uploads\/2019\/06\/serpentine_kraantje-bula-outdoor-e1561468508549.jpg","datePublished":"2019-06-25T13:08:33+00:00","dateModified":"2022-12-08T19:17:29+00:00","description":"La douche Serpentine est une douche de jardin en acier inoxydable (Inox). Elle a un aspect \u00e9l\u00e9gant et un design pratique.","breadcrumb":{"@id":"https:\/\/bulaoutdoor.nl\/product\/serpentine-mobiele-tuindouche\/#breadcrumb"},"inLanguage":"fr-FR","potentialAction":[{"@type":"ReadAction","target":["https:\/\/bulaoutdoor.nl\/product\/serpentine-mobiele-tuindouche\/"]}]},{"@type":"ImageObject","inLanguage":"fr-FR","@id":"https:\/\/bulaoutdoor.nl\/product\/serpentine-mobiele-tuindouche\/#primaryimage","url":"https:\/\/bulaoutdoor.nl\/wp-content\/uploads\/2019\/06\/serpentine_kraantje-bula-outdoor-e1561468508549.jpg","contentUrl":"https:\/\/bulaoutdoor.nl\/wp-content\/uploads\/2019\/06\/serpentine_kraantje-bula-outdoor-e1561468508549.jpg","width":350,"height":350,"caption":"Buitendouche"},{"@type":"BreadcrumbList","@id":"https:\/\/bulaoutdoor.nl\/product\/serpentine-mobiele-tuindouche\/#breadcrumb","itemListElement":[{"@type":"ListItem","position":1,"name":"Home","item":"https:\/\/bulaoutdoor.nl\/"},{"@type":"ListItem","position":2,"name":"Online BBQ kopen","item":"https:\/\/bulaoutdoor.nl\/"},{"@type":"ListItem","position":3,"name":"Serpentine mobiele tuindouche"}]},{"@type":"WebSite","@id":"https:\/\/bulaoutdoor.nl\/#website","url":"https:\/\/bulaoutdoor.nl\/","name":"Bula Outdoor","description":"Pour votre chemin\u00e9e ext\u00e9rieure, votre barbecue, votre torche de jardin et votre four \u00e0 bois","publisher":{"@id":"https:\/\/bulaoutdoor.nl\/#organization"},"potentialAction":[{"@type":"SearchAction","target":{"@type":"EntryPoint","urlTemplate":"https:\/\/bulaoutdoor.nl\/?s={search_term_string}"},"query-input":{"@type":"PropertyValueSpecification","valueRequired":true,"valueName":"search_term_string"}}],"inLanguage":"fr-FR"},{"@type":"Organization","@id":"https:\/\/bulaoutdoor.nl\/#organization","name":"Bula Outdoor","url":"https:\/\/bulaoutdoor.nl\/","logo":{"@type":"ImageObject","inLanguage":"fr-FR","@id":"https:\/\/bulaoutdoor.nl\/#\/schema\/logo\/image\/","url":"https:\/\/www.bulaoutdoor.nl\/wp-content\/uploads\/2018\/04\/bulaoutdoor-logo.png","contentUrl":"https:\/\/www.bulaoutdoor.nl\/wp-content\/uploads\/2018\/04\/bulaoutdoor-logo.png","width":324,"height":91,"caption":"Bula Outdoor"},"image":{"@id":"https:\/\/bulaoutdoor.nl\/#\/schema\/logo\/image\/"}}]}},"jetpack_sharing_enabled":true,"_links":{"self":[{"href":"https:\/\/bulaoutdoor.nl\/fr\/wp-json\/wp\/v2\/product\/2137","targetHints":{"allow":["GET"]}}],"collection":[{"href":"https:\/\/bulaoutdoor.nl\/fr\/wp-json\/wp\/v2\/product"}],"about":[{"href":"https:\/\/bulaoutdoor.nl\/fr\/wp-json\/wp\/v2\/types\/product"}],"replies":[{"embeddable":true,"href":"https:\/\/bulaoutdoor.nl\/fr\/wp-json\/wp\/v2\/comments?post=2137"}],"wp:featuredmedia":[{"embeddable":true,"href":"https:\/\/bulaoutdoor.nl\/fr\/wp-json\/wp\/v2\/media\/2138"}],"wp:attachment":[{"href":"https:\/\/bulaoutdoor.nl\/fr\/wp-json\/wp\/v2\/media?parent=2137"}],"wp:term":[{"taxonomy":"product_brand","embeddable":true,"href":"https:\/\/bulaoutdoor.nl\/fr\/wp-json\/wp\/v2\/product_brand?post=2137"},{"taxonomy":"product_cat","embeddable":true,"href":"https:\/\/bulaoutdoor.nl\/fr\/wp-json\/wp\/v2\/product_cat?post=2137"},{"taxonomy":"product_tag","embeddable":true,"href":"https:\/\/bulaoutdoor.nl\/fr\/wp-json\/wp\/v2\/product_tag?post=2137"}],"curies":[{"name":"wp","href":"https:\/\/api.w.org\/{rel}","templated":true}]}}