{"id":28866,"date":"2017-07-18T14:53:31","date_gmt":"2017-07-18T14:53:31","guid":{"rendered":"https:\/\/www.bulaoutdoor.nl\/product\/spartherm-linear-triple-50x74x50-vaste-greep\/"},"modified":"2026-04-27T04:56:58","modified_gmt":"2026-04-27T04:56:58","slug":"spartherm-linear-triple-50x74x50-poignee-fixe","status":"publish","type":"product","link":"https:\/\/bulaoutdoor.nl\/fr\/product\/spartherm-linear-triple-50x74x50-vaste-greep\/","title":{"rendered":"Spartherm Linear Triple 50x74x50 (poign\u00e9e fixe)"},"content":{"rendered":"<h2>Spartherm Linear Triple 50x71x50 (poign\u00e9e fixe)<\/h2>\n<p>Le Linear Triple 50x71x50 (anciennement U70h) est \u00e9galement disponible dans une taille plus petite (le <a href=\"https:\/\/www.haveverwarming.nl\/spartherm-linear-3-zijdig-50x50x54\">Lin\u00e9aire Triple 50x50x54<\/a>) et dans un format plus grand (le<a href=\"https:\/\/www.haveverwarming.nl\/kachels\/spartherm-linear-3-zijdig-55x91x54-vaste-greep\" target=\"_blank\" rel=\"noopener\"> Lin\u00e9aire Triple 55x91x54<\/a>). Le syst\u00e8me de porte levante vous permet de faire du feu de deux fa\u00e7ons. Lorsque la porte est ouverte, vous pouvez profiter pleinement d'un v\u00e9ritable feu ouvert. Lorsque la porte est ferm\u00e9e, vous pouvez alimenter le feu de mani\u00e8re extr\u00eamement efficace tout en b\u00e9n\u00e9ficiant d'une vue magnifique sur le feu gr\u00e2ce aux grandes fen\u00eatres.<\/p>\n<h3>Options<\/h3>\n<p>Le triple lin\u00e9aire 50x71x50 <a href=\"https:\/\/www.haveverwarming.nl\/kachels\/hout\" target=\"_blank\" rel=\"noopener\">feu de bois<\/a>\u00a0est livr\u00e9 de s\u00e9rie avec une paroi arri\u00e8re en chamotte blanche, mais vous pouvez \u00e9galement opter pour une paroi arri\u00e8re en chamotte gris fonc\u00e9. L'avantage de la paroi arri\u00e8re en chamotte gris fonc\u00e9 est que le feu para\u00eet plus \u00e9l\u00e9gant et plus moderne et que le jeu des flammes est plus saisissant. De plus, la paroi arri\u00e8re en chamotte peut \u00eatre choisie avec le po\u00eale sans frais suppl\u00e9mentaires.<\/p>\n<h3><strong>Chemin\u00e9es uniques Spartherm<\/strong><\/h3>\n<p>Pourquoi Spartherm <a href=\"https:\/\/www.haveverwarming.nl\/kachels\/inbouw\" target=\"_blank\" rel=\"noopener\">feu int\u00e9gr\u00e9<\/a> le meilleur choix ? Entre autres raisons :<\/p>\n<ul>\n<li>Double poulie (porte levante) au lieu d'une seule.<\/li>\n<li>By-pass int\u00e9gr\u00e9 qui emp\u00eache \u00e9galement la fum\u00e9e de s'\u00e9chapper lors du remplissage.<\/li>\n<\/ul>\n<h3>Centre d'exp\u00e9rience<\/h3>\n<p>L'U90h est pr\u00e9sent\u00e9 dans notre\u00a0<a href=\"https:\/\/www.haveverwarming.nl\/experiencecenter\" target=\"_blank\" rel=\"noopener\">Centre d'exp\u00e9rience<\/a>\u00a0et celle-ci est bien s\u00fbr similaire \u00e0 la U70h. Vous \u00eates les bienvenus pour venir voir cette chemin\u00e9e !<\/p>\n<p>T\u00e9l\u00e9chargements de produits<\/p>\n<ul>\n<li><a class=\"download file\" href=\"https:\/\/www.haveverwarming.nl\/amfile\/file\/download\/file\/9159\/product\/193\/\" target=\"_blank\"><span>Brochure Spartherm po\u00eales \u00e0 bois encastrables et inserts 2026<\/span><\/a><\/li>\n<li><a class=\"download file\" href=\"https:\/\/www.haveverwarming.nl\/amfile\/file\/download\/file\/552\/product\/193\/\" target=\"_blank\"><span>Etiquette \u00e9nergie Spartherm Linear 3 faces 50x74x50 (poign\u00e9e fixe)<\/span><\/a><\/li>\n<li><a class=\"download file\" href=\"https:\/\/www.haveverwarming.nl\/amfile\/file\/download\/file\/1568\/product\/193\/\" target=\"_blank\"><span>Manuel d'utilisation Linear Triple 50x74x50 (poign\u00e9e fixe)<\/span><\/a><\/li>\n<li><a class=\"download file\" href=\"https:\/\/www.haveverwarming.nl\/amfile\/file\/download\/file\/1569\/product\/193\/\" target=\"_blank\"><span>Instructions d'installation Linear Triple 50x74x50 (poign\u00e9e fixe)<\/span><\/a><\/li>\n<li><a class=\"download file\" href=\"https:\/\/www.haveverwarming.nl\/amfile\/file\/download\/file\/6621\/product\/193\/\" target=\"_blank\"><span>Brochure sur le tir responsable<\/span><\/a><\/li>\n<li><a class=\"download file\" href=\"https:\/\/www.haveverwarming.nl\/productpdf\/download\/file\/id\/193\/name\/Spartherm_Linear_Triple_50x74x50_%2528vaste_greep%2529.pdf\/\" target=\"_blank\"><span>T\u00e9l\u00e9charger la fiche technique<\/span><\/a><\/li>\n<\/ul>","protected":false},"excerpt":{"rendered":"<p>Spartherm\u00a0Linear Triple 50x71x50 (vaste greep) De Linear Triple 50x71x50 (voorheen de U70h) is ook verkrijgbaar in een kleinere maat (de Linear Triple 50x50x54) en in een grotere maat (de Linear Triple 55x91x54). Door het liftdeursysteem kunt u op twee manieren stoken. Wanneer u de liftdeur geopend hebt, kan er optimaal genoten worden van een echt [&hellip;]<\/p>\n","protected":false},"featured_media":30693,"comment_status":"open","ping_status":"closed","template":"","meta":{"_acf_changed":false},"product_brand":[],"product_cat":[1253],"product_tag":[],"class_list":{"0":"post-28866","1":"product","2":"type-product","3":"status-publish","4":"has-post-thumbnail","6":"product_cat-inbouw-houtkachels","8":"first","9":"instock","10":"taxable","11":"shipping-taxable","12":"purchasable","13":"product-type-simple"},"acf":[],"yoast_head":"<!-- This site is optimized with the Yoast SEO plugin v27.4 - https:\/\/yoast.com\/product\/yoast-seo-wordpress\/ -->\n<title>Spartherm Linear Triple 50x74x50 (vaste greep) &#8211; Bula Outdoor<\/title>\n<meta name=\"robots\" content=\"index, follow, max-snippet:-1, max-image-preview:large, max-video-preview:-1\" \/>\n<link rel=\"canonical\" href=\"https:\/\/bulaoutdoor.nl\/fr\/produit\/spartherm-linear-triple-50x74x50-poignee-fixe\/\" \/>\n<meta property=\"og:locale\" content=\"fr_FR\" \/>\n<meta property=\"og:type\" content=\"article\" \/>\n<meta property=\"og:title\" content=\"Spartherm Linear Triple 50x74x50 (vaste greep) &#8211; Bula Outdoor\" \/>\n<meta property=\"og:description\" content=\"Spartherm\u00a0Linear Triple 50x71x50 (vaste greep) De Linear Triple 50x71x50 (voorheen de U70h) is ook verkrijgbaar in een kleinere maat (de Linear Triple 50x50x54) en in een grotere maat (de Linear Triple 55x91x54). Door het liftdeursysteem kunt u op twee manieren stoken. Wanneer u de liftdeur geopend hebt, kan er optimaal genoten worden van een echt [&hellip;]\" \/>\n<meta property=\"og:url\" content=\"https:\/\/bulaoutdoor.nl\/fr\/produit\/spartherm-linear-triple-50x74x50-poignee-fixe\/\" \/>\n<meta property=\"og:site_name\" content=\"Bula Outdoor\" \/>\n<meta property=\"article:modified_time\" content=\"2026-04-27T04:56:58+00:00\" \/>\n<meta property=\"og:image\" content=\"https:\/\/bulaoutdoor.nl\/wp-content\/uploads\/2017\/07\/sp_arte_u70h-4s_linear_300_dpi_rgb_klein.jpg\" \/>\n\t<meta property=\"og:image:width\" content=\"1177\" \/>\n\t<meta property=\"og:image:height\" content=\"1177\" \/>\n\t<meta property=\"og:image:type\" content=\"image\/jpeg\" \/>\n<meta name=\"twitter:card\" content=\"summary_large_image\" \/>\n<meta name=\"twitter:label1\" content=\"Dur\u00e9e de lecture estim\u00e9e\" \/>\n\t<meta name=\"twitter:data1\" content=\"1 minute\" \/>\n<script type=\"application\/ld+json\" class=\"yoast-schema-graph\">{\"@context\":\"https:\\\/\\\/schema.org\",\"@graph\":[{\"@type\":\"WebPage\",\"@id\":\"https:\\\/\\\/bulaoutdoor.nl\\\/product\\\/spartherm-linear-triple-50x74x50-vaste-greep\\\/\",\"url\":\"https:\\\/\\\/bulaoutdoor.nl\\\/product\\\/spartherm-linear-triple-50x74x50-vaste-greep\\\/\",\"name\":\"Spartherm Linear Triple 50x74x50 (vaste greep) &#8211; Bula Outdoor\",\"isPartOf\":{\"@id\":\"https:\\\/\\\/bulaoutdoor.nl\\\/#website\"},\"primaryImageOfPage\":{\"@id\":\"https:\\\/\\\/bulaoutdoor.nl\\\/product\\\/spartherm-linear-triple-50x74x50-vaste-greep\\\/#primaryimage\"},\"image\":{\"@id\":\"https:\\\/\\\/bulaoutdoor.nl\\\/product\\\/spartherm-linear-triple-50x74x50-vaste-greep\\\/#primaryimage\"},\"thumbnailUrl\":\"https:\\\/\\\/bulaoutdoor.nl\\\/wp-content\\\/uploads\\\/2017\\\/07\\\/sp_arte_u70h-4s_linear_300_dpi_rgb_klein.jpg\",\"datePublished\":\"2017-07-18T14:53:31+00:00\",\"dateModified\":\"2026-04-27T04:56:58+00:00\",\"breadcrumb\":{\"@id\":\"https:\\\/\\\/bulaoutdoor.nl\\\/product\\\/spartherm-linear-triple-50x74x50-vaste-greep\\\/#breadcrumb\"},\"inLanguage\":\"fr-FR\",\"potentialAction\":[{\"@type\":\"ReadAction\",\"target\":[\"https:\\\/\\\/bulaoutdoor.nl\\\/product\\\/spartherm-linear-triple-50x74x50-vaste-greep\\\/\"]}]},{\"@type\":\"ImageObject\",\"inLanguage\":\"fr-FR\",\"@id\":\"https:\\\/\\\/bulaoutdoor.nl\\\/product\\\/spartherm-linear-triple-50x74x50-vaste-greep\\\/#primaryimage\",\"url\":\"https:\\\/\\\/bulaoutdoor.nl\\\/wp-content\\\/uploads\\\/2017\\\/07\\\/sp_arte_u70h-4s_linear_300_dpi_rgb_klein.jpg\",\"contentUrl\":\"https:\\\/\\\/bulaoutdoor.nl\\\/wp-content\\\/uploads\\\/2017\\\/07\\\/sp_arte_u70h-4s_linear_300_dpi_rgb_klein.jpg\",\"width\":1177,\"height\":1177,\"caption\":\"spartherm-linear-triple-50x74x50-vaste-greep-thumbnail\"},{\"@type\":\"BreadcrumbList\",\"@id\":\"https:\\\/\\\/bulaoutdoor.nl\\\/product\\\/spartherm-linear-triple-50x74x50-vaste-greep\\\/#breadcrumb\",\"itemListElement\":[{\"@type\":\"ListItem\",\"position\":1,\"name\":\"Home\",\"item\":\"https:\\\/\\\/bulaoutdoor.nl\\\/\"},{\"@type\":\"ListItem\",\"position\":2,\"name\":\"Online BBQ kopen\",\"item\":\"https:\\\/\\\/bulaoutdoor.nl\\\/\"},{\"@type\":\"ListItem\",\"position\":3,\"name\":\"Spartherm Linear Triple 50x74x50 (vaste greep)\"}]},{\"@type\":\"WebSite\",\"@id\":\"https:\\\/\\\/bulaoutdoor.nl\\\/#website\",\"url\":\"https:\\\/\\\/bulaoutdoor.nl\\\/\",\"name\":\"Bula Outdoor\",\"description\":\"Voor uw buitenhaard, BBQ, tuinfakkel en houtoven\",\"publisher\":{\"@id\":\"https:\\\/\\\/bulaoutdoor.nl\\\/#organization\"},\"potentialAction\":[{\"@type\":\"SearchAction\",\"target\":{\"@type\":\"EntryPoint\",\"urlTemplate\":\"https:\\\/\\\/bulaoutdoor.nl\\\/?s={search_term_string}\"},\"query-input\":{\"@type\":\"PropertyValueSpecification\",\"valueRequired\":true,\"valueName\":\"search_term_string\"}}],\"inLanguage\":\"fr-FR\"},{\"@type\":\"Organization\",\"@id\":\"https:\\\/\\\/bulaoutdoor.nl\\\/#organization\",\"name\":\"Bula Outdoor\",\"url\":\"https:\\\/\\\/bulaoutdoor.nl\\\/\",\"logo\":{\"@type\":\"ImageObject\",\"inLanguage\":\"fr-FR\",\"@id\":\"https:\\\/\\\/bulaoutdoor.nl\\\/#\\\/schema\\\/logo\\\/image\\\/\",\"url\":\"https:\\\/\\\/www.bulaoutdoor.nl\\\/wp-content\\\/uploads\\\/2018\\\/04\\\/bulaoutdoor-logo.png\",\"contentUrl\":\"https:\\\/\\\/www.bulaoutdoor.nl\\\/wp-content\\\/uploads\\\/2018\\\/04\\\/bulaoutdoor-logo.png\",\"width\":324,\"height\":91,\"caption\":\"Bula Outdoor\"},\"image\":{\"@id\":\"https:\\\/\\\/bulaoutdoor.nl\\\/#\\\/schema\\\/logo\\\/image\\\/\"}}]}<\/script>\n<!-- \/ Yoast SEO plugin. -->","yoast_head_json":{"title":"Spartherm Linear Triple 50x74x50 (poign\u00e9e fixe) - Bula Outdoor","robots":{"index":"index","follow":"follow","max-snippet":"max-snippet:-1","max-image-preview":"max-image-preview:large","max-video-preview":"max-video-preview:-1"},"canonical":"https:\/\/bulaoutdoor.nl\/fr\/produit\/spartherm-linear-triple-50x74x50-poignee-fixe\/","og_locale":"fr_FR","og_type":"article","og_title":"Spartherm Linear Triple 50x74x50 (vaste greep) &#8211; Bula Outdoor","og_description":"Spartherm\u00a0Linear Triple 50x71x50 (vaste greep) De Linear Triple 50x71x50 (voorheen de U70h) is ook verkrijgbaar in een kleinere maat (de Linear Triple 50x50x54) en in een grotere maat (de Linear Triple 55x91x54). Door het liftdeursysteem kunt u op twee manieren stoken. Wanneer u de liftdeur geopend hebt, kan er optimaal genoten worden van een echt [&hellip;]","og_url":"https:\/\/bulaoutdoor.nl\/fr\/produit\/spartherm-linear-triple-50x74x50-poignee-fixe\/","og_site_name":"Bula Outdoor","article_modified_time":"2026-04-27T04:56:58+00:00","og_image":[{"width":1177,"height":1177,"url":"https:\/\/bulaoutdoor.nl\/wp-content\/uploads\/2017\/07\/sp_arte_u70h-4s_linear_300_dpi_rgb_klein.jpg","type":"image\/jpeg"}],"twitter_card":"summary_large_image","twitter_misc":{"Dur\u00e9e de lecture estim\u00e9e":"1 minute"},"schema":{"@context":"https:\/\/schema.org","@graph":[{"@type":"WebPage","@id":"https:\/\/bulaoutdoor.nl\/product\/spartherm-linear-triple-50x74x50-vaste-greep\/","url":"https:\/\/bulaoutdoor.nl\/product\/spartherm-linear-triple-50x74x50-vaste-greep\/","name":"Spartherm Linear Triple 50x74x50 (poign\u00e9e fixe) - Bula Outdoor","isPartOf":{"@id":"https:\/\/bulaoutdoor.nl\/#website"},"primaryImageOfPage":{"@id":"https:\/\/bulaoutdoor.nl\/product\/spartherm-linear-triple-50x74x50-vaste-greep\/#primaryimage"},"image":{"@id":"https:\/\/bulaoutdoor.nl\/product\/spartherm-linear-triple-50x74x50-vaste-greep\/#primaryimage"},"thumbnailUrl":"https:\/\/bulaoutdoor.nl\/wp-content\/uploads\/2017\/07\/sp_arte_u70h-4s_linear_300_dpi_rgb_klein.jpg","datePublished":"2017-07-18T14:53:31+00:00","dateModified":"2026-04-27T04:56:58+00:00","breadcrumb":{"@id":"https:\/\/bulaoutdoor.nl\/product\/spartherm-linear-triple-50x74x50-vaste-greep\/#breadcrumb"},"inLanguage":"fr-FR","potentialAction":[{"@type":"ReadAction","target":["https:\/\/bulaoutdoor.nl\/product\/spartherm-linear-triple-50x74x50-vaste-greep\/"]}]},{"@type":"ImageObject","inLanguage":"fr-FR","@id":"https:\/\/bulaoutdoor.nl\/product\/spartherm-linear-triple-50x74x50-vaste-greep\/#primaryimage","url":"https:\/\/bulaoutdoor.nl\/wp-content\/uploads\/2017\/07\/sp_arte_u70h-4s_linear_300_dpi_rgb_klein.jpg","contentUrl":"https:\/\/bulaoutdoor.nl\/wp-content\/uploads\/2017\/07\/sp_arte_u70h-4s_linear_300_dpi_rgb_klein.jpg","width":1177,"height":1177,"caption":"spartherm-linear-triple-50x74x50-vaste-greep-thumbnail"},{"@type":"BreadcrumbList","@id":"https:\/\/bulaoutdoor.nl\/product\/spartherm-linear-triple-50x74x50-vaste-greep\/#breadcrumb","itemListElement":[{"@type":"ListItem","position":1,"name":"Home","item":"https:\/\/bulaoutdoor.nl\/"},{"@type":"ListItem","position":2,"name":"Online BBQ kopen","item":"https:\/\/bulaoutdoor.nl\/"},{"@type":"ListItem","position":3,"name":"Spartherm Linear Triple 50x74x50 (vaste greep)"}]},{"@type":"WebSite","@id":"https:\/\/bulaoutdoor.nl\/#website","url":"https:\/\/bulaoutdoor.nl\/","name":"Bula Outdoor","description":"Pour votre chemin\u00e9e ext\u00e9rieure, votre barbecue, votre torche de jardin et votre four \u00e0 bois","publisher":{"@id":"https:\/\/bulaoutdoor.nl\/#organization"},"potentialAction":[{"@type":"SearchAction","target":{"@type":"EntryPoint","urlTemplate":"https:\/\/bulaoutdoor.nl\/?s={search_term_string}"},"query-input":{"@type":"PropertyValueSpecification","valueRequired":true,"valueName":"search_term_string"}}],"inLanguage":"fr-FR"},{"@type":"Organization","@id":"https:\/\/bulaoutdoor.nl\/#organization","name":"Bula Outdoor","url":"https:\/\/bulaoutdoor.nl\/","logo":{"@type":"ImageObject","inLanguage":"fr-FR","@id":"https:\/\/bulaoutdoor.nl\/#\/schema\/logo\/image\/","url":"https:\/\/www.bulaoutdoor.nl\/wp-content\/uploads\/2018\/04\/bulaoutdoor-logo.png","contentUrl":"https:\/\/www.bulaoutdoor.nl\/wp-content\/uploads\/2018\/04\/bulaoutdoor-logo.png","width":324,"height":91,"caption":"Bula Outdoor"},"image":{"@id":"https:\/\/bulaoutdoor.nl\/#\/schema\/logo\/image\/"}}]}},"jetpack_sharing_enabled":true,"_links":{"self":[{"href":"https:\/\/bulaoutdoor.nl\/fr\/wp-json\/wp\/v2\/product\/28866","targetHints":{"allow":["GET"]}}],"collection":[{"href":"https:\/\/bulaoutdoor.nl\/fr\/wp-json\/wp\/v2\/product"}],"about":[{"href":"https:\/\/bulaoutdoor.nl\/fr\/wp-json\/wp\/v2\/types\/product"}],"replies":[{"embeddable":true,"href":"https:\/\/bulaoutdoor.nl\/fr\/wp-json\/wp\/v2\/comments?post=28866"}],"wp:featuredmedia":[{"embeddable":true,"href":"https:\/\/bulaoutdoor.nl\/fr\/wp-json\/wp\/v2\/media\/30693"}],"wp:attachment":[{"href":"https:\/\/bulaoutdoor.nl\/fr\/wp-json\/wp\/v2\/media?parent=28866"}],"wp:term":[{"taxonomy":"product_brand","embeddable":true,"href":"https:\/\/bulaoutdoor.nl\/fr\/wp-json\/wp\/v2\/product_brand?post=28866"},{"taxonomy":"product_cat","embeddable":true,"href":"https:\/\/bulaoutdoor.nl\/fr\/wp-json\/wp\/v2\/product_cat?post=28866"},{"taxonomy":"product_tag","embeddable":true,"href":"https:\/\/bulaoutdoor.nl\/fr\/wp-json\/wp\/v2\/product_tag?post=28866"}],"curies":[{"name":"wp","href":"https:\/\/api.w.org\/{rel}","templated":true}]}}