{"id":28868,"date":"2017-07-19T07:16:29","date_gmt":"2017-07-19T07:16:29","guid":{"rendered":"https:\/\/www.bulaoutdoor.nl\/product\/spartherm-linear-front-60x51-vaste-greep\/"},"modified":"2026-04-27T04:57:14","modified_gmt":"2026-04-27T04:57:14","slug":"spartherm-linear-front-60x51-fixed-handle","status":"publish","type":"product","link":"https:\/\/bulaoutdoor.nl\/fr\/product\/spartherm-linear-front-60x51-vaste-greep\/","title":{"rendered":"Spartherm Linear Front 60\u00d751 (poign\u00e9e fixe)"},"content":{"rendered":"<h1>Spartherm Linear Front 60\u00d751 (poign\u00e9e fixe)<\/h1>\n<p>Le Linear Front 60\u00d751 (anciennement Mini Sh-4S) est un syst\u00e8me d'\u00e9clairage int\u00e9gr\u00e9. <a href=\"https:\/\/www.haveverwarming.nl\/kachels\/hout\" target=\"_blank\" rel=\"noopener\">feu de bois<\/a> de <a href=\"https:\/\/www.haveverwarming.nl\/spartherm\" target=\"_blank\" rel=\"noopener\">Spartherm<\/a> qui est disponible en version 4S ou 3S. Les diff\u00e9rences entre ces deux versions sont les cadres autour de la fen\u00eatre et les diff\u00e9rentes poign\u00e9es. La version 3S a 3 cadres et n'a donc pas de bord inf\u00e9rieur avec une poign\u00e9e, alors que la version 4S en a une. La Mini Sh de Spartherm fonctionne \u00e9galement avec le syst\u00e8me de porte levante de Spartherm, ce qui signifie \u00e9galement que vous pouvez basculer cette fen\u00eatre et la nettoyer facilement. Le Mini Sh est \u00e9galement disponible en tant que chemin\u00e9e transparente : le&nbsp;<a href=\"https:\/\/www.haveverwarming.nl\/spartherm-mini-s-fdh\" target=\"_blank\" rel=\"noopener\">Mini S-FDh<\/a>.<\/p>\n<h3>Options<\/h3>\n<p>Le Linear Front 60\u00d751 est livr\u00e9 en standard avec une paroi arri\u00e8re en chamotte blanche, mais vous pouvez \u00e9galement opter pour une paroi arri\u00e8re en chamotte gris fonc\u00e9. L'avantage de la paroi arri\u00e8re en chamotte gris fonc\u00e9 est que le feu para\u00eet plus \u00e9l\u00e9gant et plus moderne et que le jeu des flammes est plus saisissant. De plus, la paroi arri\u00e8re en chamotte peut \u00eatre choisie avec le po\u00eale sans frais suppl\u00e9mentaires.<\/p>\n<h3><strong>Chemin\u00e9es uniques Spartherm<\/strong><\/h3>\n<p>Qu'est-ce qui fait qu'un Spartherm <a href=\"https:\/\/www.haveverwarming.nl\/kachels\/inbouw\" target=\"_blank\" rel=\"noopener\">feu int\u00e9gr\u00e9<\/a> la diff\u00e9rence ? Quelques points pour vous :<\/p>\n<ul>\n<li>Double poulie (porte levante) au lieu d'une seule.<\/li>\n<li>By-pass int\u00e9gr\u00e9 qui emp\u00eache \u00e9galement la fum\u00e9e de s'\u00e9chapper lors du remplissage.<\/li>\n<\/ul>\n<h2>Venez \u00e0 Lunteren et visitez le centre d'exp\u00e9rience de HAV\u00c9 Heating&nbsp;<\/h2>\n<p>Cette magnifique chemin\u00e9e est expos\u00e9e dans notre <a href=\"https:\/\/www.haveverwarming.nl\/experiencecenter\" target=\"_blank\" rel=\"noopener\">Centre d'exp\u00e9rience<\/a>&nbsp;et vous \u00eates invit\u00e9s \u00e0 venir voir cette chemin\u00e9e br\u00fbler !<\/p>\n<p>T\u00e9l\u00e9chargements de produits<\/p>\n<ul>\n<li><a class=\"download file\" href=\"https:\/\/www.haveverwarming.nl\/amfile\/file\/download\/file\/9159\/product\/201\/\" target=\"_blank\"><span>Brochure Spartherm po\u00eales \u00e0 bois encastrables et inserts 2026<\/span><\/a><\/li>\n<li><a class=\"download file\" href=\"https:\/\/www.haveverwarming.nl\/amfile\/file\/download\/file\/555\/product\/201\/\" target=\"_blank\"><span>Etiquette \u00e9nerg\u00e9tique Spartherm Linear Front 60\u00d751 (poign\u00e9e fixe)<\/span><\/a><\/li>\n<li><a class=\"download file\" href=\"https:\/\/www.haveverwarming.nl\/amfile\/file\/download\/file\/1568\/product\/201\/\" target=\"_blank\"><span>Manuel d'utilisation Linear Front 60\u00d751 (poign\u00e9e fixe)<\/span><\/a><\/li>\n<li><a class=\"download file\" href=\"https:\/\/www.haveverwarming.nl\/amfile\/file\/download\/file\/1569\/product\/201\/\" target=\"_blank\"><span>Instructions de montage Linear Front 60\u00d751 (poign\u00e9e fixe)<\/span><\/a><\/li>\n<li><a class=\"download file\" href=\"https:\/\/www.haveverwarming.nl\/amfile\/file\/download\/file\/9181\/product\/201\/\" target=\"_blank\"><span>Dessin au trait Spartherm Linear Front 60\u00d751<\/span><\/a><\/li>\n<li><a class=\"download file\" href=\"https:\/\/www.haveverwarming.nl\/amfile\/file\/download\/file\/6737\/product\/201\/\" target=\"_blank\"><span>Brochure sur le tir responsable<\/span><\/a><\/li>\n<li><a class=\"download file\" href=\"https:\/\/www.haveverwarming.nl\/productpdf\/download\/file\/id\/201\/name\/Spartherm_Linear_Front_60x51_%2528vaste_greep%2529.pdf\/\" target=\"_blank\"><span>T\u00e9l\u00e9charger la fiche technique<\/span><\/a><\/li>\n<\/ul>","protected":false},"excerpt":{"rendered":"<p>Spartherm&nbsp;Linear Front 60&#215;51 (vaste greep) De&nbsp;Linear Front 60&#215;51 (voorheen de Mini Sh-4S) is een inbouw houthaard van Spartherm die beschikbaar is in de 4S- of de 3S-uitvoering. De verschillen tussen deze twee uitvoeringen zijn de kaderingen om de ruit en de verschillende handvatten. De 3S heeft 3 kaders en dus geen rand aan de onderzijde [&hellip;]<\/p>\n","protected":false},"featured_media":30700,"comment_status":"open","ping_status":"closed","template":"","meta":{"_acf_changed":false},"product_brand":[],"product_cat":[1253],"product_tag":[],"class_list":{"0":"post-28868","1":"product","2":"type-product","3":"status-publish","4":"has-post-thumbnail","6":"product_cat-inbouw-houtkachels","8":"first","9":"instock","10":"taxable","11":"shipping-taxable","12":"purchasable","13":"product-type-simple"},"acf":[],"yoast_head":"<!-- This site is optimized with the Yoast SEO plugin v27.4 - https:\/\/yoast.com\/product\/yoast-seo-wordpress\/ -->\n<title>Spartherm Linear Front 60x51 (vaste greep) &#8211; Bula Outdoor<\/title>\n<meta name=\"robots\" content=\"index, follow, max-snippet:-1, max-image-preview:large, max-video-preview:-1\" \/>\n<link rel=\"canonical\" href=\"https:\/\/bulaoutdoor.nl\/fr\/produit\/spartherm-linear-front-60x51-fixed-handle\/\" \/>\n<meta property=\"og:locale\" content=\"fr_FR\" \/>\n<meta property=\"og:type\" content=\"article\" \/>\n<meta property=\"og:title\" content=\"Spartherm Linear Front 60x51 (vaste greep) &#8211; Bula Outdoor\" \/>\n<meta property=\"og:description\" content=\"Spartherm&nbsp;Linear Front 60&#215;51 (vaste greep) De&nbsp;Linear Front 60&#215;51 (voorheen de Mini Sh-4S) is een inbouw houthaard van Spartherm die beschikbaar is in de 4S- of de 3S-uitvoering. De verschillen tussen deze twee uitvoeringen zijn de kaderingen om de ruit en de verschillende handvatten. De 3S heeft 3 kaders en dus geen rand aan de onderzijde [&hellip;]\" \/>\n<meta property=\"og:url\" content=\"https:\/\/bulaoutdoor.nl\/fr\/produit\/spartherm-linear-front-60x51-fixed-handle\/\" \/>\n<meta property=\"og:site_name\" content=\"Bula Outdoor\" \/>\n<meta property=\"article:modified_time\" content=\"2026-04-27T04:57:14+00:00\" \/>\n<meta property=\"og:image\" content=\"https:\/\/bulaoutdoor.nl\/wp-content\/uploads\/2017\/07\/spartherm-mini-sh-vierkant.jpg\" \/>\n\t<meta property=\"og:image:width\" content=\"1000\" \/>\n\t<meta property=\"og:image:height\" content=\"1000\" \/>\n\t<meta property=\"og:image:type\" content=\"image\/jpeg\" \/>\n<meta name=\"twitter:card\" content=\"summary_large_image\" \/>\n<meta name=\"twitter:label1\" content=\"Dur\u00e9e de lecture estim\u00e9e\" \/>\n\t<meta name=\"twitter:data1\" content=\"1 minute\" \/>\n<script type=\"application\/ld+json\" class=\"yoast-schema-graph\">{\"@context\":\"https:\\\/\\\/schema.org\",\"@graph\":[{\"@type\":\"WebPage\",\"@id\":\"https:\\\/\\\/bulaoutdoor.nl\\\/product\\\/spartherm-linear-front-60x51-vaste-greep\\\/\",\"url\":\"https:\\\/\\\/bulaoutdoor.nl\\\/product\\\/spartherm-linear-front-60x51-vaste-greep\\\/\",\"name\":\"Spartherm Linear Front 60x51 (vaste greep) &#8211; Bula Outdoor\",\"isPartOf\":{\"@id\":\"https:\\\/\\\/bulaoutdoor.nl\\\/#website\"},\"primaryImageOfPage\":{\"@id\":\"https:\\\/\\\/bulaoutdoor.nl\\\/product\\\/spartherm-linear-front-60x51-vaste-greep\\\/#primaryimage\"},\"image\":{\"@id\":\"https:\\\/\\\/bulaoutdoor.nl\\\/product\\\/spartherm-linear-front-60x51-vaste-greep\\\/#primaryimage\"},\"thumbnailUrl\":\"https:\\\/\\\/bulaoutdoor.nl\\\/wp-content\\\/uploads\\\/2017\\\/07\\\/spartherm-mini-sh-vierkant.jpg\",\"datePublished\":\"2017-07-19T07:16:29+00:00\",\"dateModified\":\"2026-04-27T04:57:14+00:00\",\"breadcrumb\":{\"@id\":\"https:\\\/\\\/bulaoutdoor.nl\\\/product\\\/spartherm-linear-front-60x51-vaste-greep\\\/#breadcrumb\"},\"inLanguage\":\"fr-FR\",\"potentialAction\":[{\"@type\":\"ReadAction\",\"target\":[\"https:\\\/\\\/bulaoutdoor.nl\\\/product\\\/spartherm-linear-front-60x51-vaste-greep\\\/\"]}]},{\"@type\":\"ImageObject\",\"inLanguage\":\"fr-FR\",\"@id\":\"https:\\\/\\\/bulaoutdoor.nl\\\/product\\\/spartherm-linear-front-60x51-vaste-greep\\\/#primaryimage\",\"url\":\"https:\\\/\\\/bulaoutdoor.nl\\\/wp-content\\\/uploads\\\/2017\\\/07\\\/spartherm-mini-sh-vierkant.jpg\",\"contentUrl\":\"https:\\\/\\\/bulaoutdoor.nl\\\/wp-content\\\/uploads\\\/2017\\\/07\\\/spartherm-mini-sh-vierkant.jpg\",\"width\":1000,\"height\":1000,\"caption\":\"spartherm-linear-front-60x51-vaste-greep-thumbnail\"},{\"@type\":\"BreadcrumbList\",\"@id\":\"https:\\\/\\\/bulaoutdoor.nl\\\/product\\\/spartherm-linear-front-60x51-vaste-greep\\\/#breadcrumb\",\"itemListElement\":[{\"@type\":\"ListItem\",\"position\":1,\"name\":\"Home\",\"item\":\"https:\\\/\\\/bulaoutdoor.nl\\\/\"},{\"@type\":\"ListItem\",\"position\":2,\"name\":\"Online BBQ kopen\",\"item\":\"https:\\\/\\\/bulaoutdoor.nl\\\/\"},{\"@type\":\"ListItem\",\"position\":3,\"name\":\"Spartherm Linear Front 60&#215;51 (vaste greep)\"}]},{\"@type\":\"WebSite\",\"@id\":\"https:\\\/\\\/bulaoutdoor.nl\\\/#website\",\"url\":\"https:\\\/\\\/bulaoutdoor.nl\\\/\",\"name\":\"Bula Outdoor\",\"description\":\"Voor uw buitenhaard, BBQ, tuinfakkel en houtoven\",\"publisher\":{\"@id\":\"https:\\\/\\\/bulaoutdoor.nl\\\/#organization\"},\"potentialAction\":[{\"@type\":\"SearchAction\",\"target\":{\"@type\":\"EntryPoint\",\"urlTemplate\":\"https:\\\/\\\/bulaoutdoor.nl\\\/?s={search_term_string}\"},\"query-input\":{\"@type\":\"PropertyValueSpecification\",\"valueRequired\":true,\"valueName\":\"search_term_string\"}}],\"inLanguage\":\"fr-FR\"},{\"@type\":\"Organization\",\"@id\":\"https:\\\/\\\/bulaoutdoor.nl\\\/#organization\",\"name\":\"Bula Outdoor\",\"url\":\"https:\\\/\\\/bulaoutdoor.nl\\\/\",\"logo\":{\"@type\":\"ImageObject\",\"inLanguage\":\"fr-FR\",\"@id\":\"https:\\\/\\\/bulaoutdoor.nl\\\/#\\\/schema\\\/logo\\\/image\\\/\",\"url\":\"https:\\\/\\\/www.bulaoutdoor.nl\\\/wp-content\\\/uploads\\\/2018\\\/04\\\/bulaoutdoor-logo.png\",\"contentUrl\":\"https:\\\/\\\/www.bulaoutdoor.nl\\\/wp-content\\\/uploads\\\/2018\\\/04\\\/bulaoutdoor-logo.png\",\"width\":324,\"height\":91,\"caption\":\"Bula Outdoor\"},\"image\":{\"@id\":\"https:\\\/\\\/bulaoutdoor.nl\\\/#\\\/schema\\\/logo\\\/image\\\/\"}}]}<\/script>\n<!-- \/ Yoast SEO plugin. -->","yoast_head_json":{"title":"Spartherm Linear Front 60x51 (poign\u00e9e fixe) - Bula Outdoor","robots":{"index":"index","follow":"follow","max-snippet":"max-snippet:-1","max-image-preview":"max-image-preview:large","max-video-preview":"max-video-preview:-1"},"canonical":"https:\/\/bulaoutdoor.nl\/fr\/produit\/spartherm-linear-front-60x51-fixed-handle\/","og_locale":"fr_FR","og_type":"article","og_title":"Spartherm Linear Front 60x51 (vaste greep) &#8211; Bula Outdoor","og_description":"Spartherm&nbsp;Linear Front 60&#215;51 (vaste greep) De&nbsp;Linear Front 60&#215;51 (voorheen de Mini Sh-4S) is een inbouw houthaard van Spartherm die beschikbaar is in de 4S- of de 3S-uitvoering. De verschillen tussen deze twee uitvoeringen zijn de kaderingen om de ruit en de verschillende handvatten. De 3S heeft 3 kaders en dus geen rand aan de onderzijde [&hellip;]","og_url":"https:\/\/bulaoutdoor.nl\/fr\/produit\/spartherm-linear-front-60x51-fixed-handle\/","og_site_name":"Bula Outdoor","article_modified_time":"2026-04-27T04:57:14+00:00","og_image":[{"width":1000,"height":1000,"url":"https:\/\/bulaoutdoor.nl\/wp-content\/uploads\/2017\/07\/spartherm-mini-sh-vierkant.jpg","type":"image\/jpeg"}],"twitter_card":"summary_large_image","twitter_misc":{"Dur\u00e9e de lecture estim\u00e9e":"1 minute"},"schema":{"@context":"https:\/\/schema.org","@graph":[{"@type":"WebPage","@id":"https:\/\/bulaoutdoor.nl\/product\/spartherm-linear-front-60x51-vaste-greep\/","url":"https:\/\/bulaoutdoor.nl\/product\/spartherm-linear-front-60x51-vaste-greep\/","name":"Spartherm Linear Front 60x51 (poign\u00e9e fixe) - Bula Outdoor","isPartOf":{"@id":"https:\/\/bulaoutdoor.nl\/#website"},"primaryImageOfPage":{"@id":"https:\/\/bulaoutdoor.nl\/product\/spartherm-linear-front-60x51-vaste-greep\/#primaryimage"},"image":{"@id":"https:\/\/bulaoutdoor.nl\/product\/spartherm-linear-front-60x51-vaste-greep\/#primaryimage"},"thumbnailUrl":"https:\/\/bulaoutdoor.nl\/wp-content\/uploads\/2017\/07\/spartherm-mini-sh-vierkant.jpg","datePublished":"2017-07-19T07:16:29+00:00","dateModified":"2026-04-27T04:57:14+00:00","breadcrumb":{"@id":"https:\/\/bulaoutdoor.nl\/product\/spartherm-linear-front-60x51-vaste-greep\/#breadcrumb"},"inLanguage":"fr-FR","potentialAction":[{"@type":"ReadAction","target":["https:\/\/bulaoutdoor.nl\/product\/spartherm-linear-front-60x51-vaste-greep\/"]}]},{"@type":"ImageObject","inLanguage":"fr-FR","@id":"https:\/\/bulaoutdoor.nl\/product\/spartherm-linear-front-60x51-vaste-greep\/#primaryimage","url":"https:\/\/bulaoutdoor.nl\/wp-content\/uploads\/2017\/07\/spartherm-mini-sh-vierkant.jpg","contentUrl":"https:\/\/bulaoutdoor.nl\/wp-content\/uploads\/2017\/07\/spartherm-mini-sh-vierkant.jpg","width":1000,"height":1000,"caption":"spartherm-linear-front-60x51-vaste-greep-thumbnail"},{"@type":"BreadcrumbList","@id":"https:\/\/bulaoutdoor.nl\/product\/spartherm-linear-front-60x51-vaste-greep\/#breadcrumb","itemListElement":[{"@type":"ListItem","position":1,"name":"Home","item":"https:\/\/bulaoutdoor.nl\/"},{"@type":"ListItem","position":2,"name":"Online BBQ kopen","item":"https:\/\/bulaoutdoor.nl\/"},{"@type":"ListItem","position":3,"name":"Spartherm Linear Front 60&#215;51 (vaste greep)"}]},{"@type":"WebSite","@id":"https:\/\/bulaoutdoor.nl\/#website","url":"https:\/\/bulaoutdoor.nl\/","name":"Bula Outdoor","description":"Pour votre chemin\u00e9e ext\u00e9rieure, votre barbecue, votre torche de jardin et votre four \u00e0 bois","publisher":{"@id":"https:\/\/bulaoutdoor.nl\/#organization"},"potentialAction":[{"@type":"SearchAction","target":{"@type":"EntryPoint","urlTemplate":"https:\/\/bulaoutdoor.nl\/?s={search_term_string}"},"query-input":{"@type":"PropertyValueSpecification","valueRequired":true,"valueName":"search_term_string"}}],"inLanguage":"fr-FR"},{"@type":"Organization","@id":"https:\/\/bulaoutdoor.nl\/#organization","name":"Bula Outdoor","url":"https:\/\/bulaoutdoor.nl\/","logo":{"@type":"ImageObject","inLanguage":"fr-FR","@id":"https:\/\/bulaoutdoor.nl\/#\/schema\/logo\/image\/","url":"https:\/\/www.bulaoutdoor.nl\/wp-content\/uploads\/2018\/04\/bulaoutdoor-logo.png","contentUrl":"https:\/\/www.bulaoutdoor.nl\/wp-content\/uploads\/2018\/04\/bulaoutdoor-logo.png","width":324,"height":91,"caption":"Bula Outdoor"},"image":{"@id":"https:\/\/bulaoutdoor.nl\/#\/schema\/logo\/image\/"}}]}},"jetpack_sharing_enabled":true,"_links":{"self":[{"href":"https:\/\/bulaoutdoor.nl\/fr\/wp-json\/wp\/v2\/product\/28868","targetHints":{"allow":["GET"]}}],"collection":[{"href":"https:\/\/bulaoutdoor.nl\/fr\/wp-json\/wp\/v2\/product"}],"about":[{"href":"https:\/\/bulaoutdoor.nl\/fr\/wp-json\/wp\/v2\/types\/product"}],"replies":[{"embeddable":true,"href":"https:\/\/bulaoutdoor.nl\/fr\/wp-json\/wp\/v2\/comments?post=28868"}],"wp:featuredmedia":[{"embeddable":true,"href":"https:\/\/bulaoutdoor.nl\/fr\/wp-json\/wp\/v2\/media\/30700"}],"wp:attachment":[{"href":"https:\/\/bulaoutdoor.nl\/fr\/wp-json\/wp\/v2\/media?parent=28868"}],"wp:term":[{"taxonomy":"product_brand","embeddable":true,"href":"https:\/\/bulaoutdoor.nl\/fr\/wp-json\/wp\/v2\/product_brand?post=28868"},{"taxonomy":"product_cat","embeddable":true,"href":"https:\/\/bulaoutdoor.nl\/fr\/wp-json\/wp\/v2\/product_cat?post=28868"},{"taxonomy":"product_tag","embeddable":true,"href":"https:\/\/bulaoutdoor.nl\/fr\/wp-json\/wp\/v2\/product_tag?post=28868"}],"curies":[{"name":"wp","href":"https:\/\/api.w.org\/{rel}","templated":true}]}}