{"id":28898,"date":"2017-09-27T08:21:44","date_gmt":"2017-09-27T08:21:44","guid":{"rendered":"https:\/\/www.bulaoutdoor.nl\/product\/spartherm-linear-corner-73x35x37-vaste-greep\/"},"modified":"2026-05-14T04:33:00","modified_gmt":"2026-05-14T04:33:00","slug":"spartherm-linear-corner-73x35x37-poignee-fixe","status":"publish","type":"product","link":"https:\/\/bulaoutdoor.nl\/fr\/product\/spartherm-linear-corner-73x35x37-vaste-greep\/","title":{"rendered":"Spartherm Linear Corner 73x35x37 (poign\u00e9e fixe)"},"content":{"rendered":"<h1>Le coin lin\u00e9aire Spartherm 73x35x37 (poign\u00e9e fixe)<\/h1>\n<p>Le coin lin\u00e9aire 73x35x37 <a href=\"https:\/\/www.haveverwarming.nl\/kachels\/hout\" target=\"_blank\" rel=\"noopener\">feu de bois<\/a>&nbsp;(anciennement Varia AS 2 Lh\/Rh-4S) est une chemin\u00e9e d'angle qui offre un effet particuli\u00e8rement spacieux. Le feu prend encore plus de vie gr\u00e2ce \u00e0 la vision du feu sur deux c\u00f4t\u00e9s. En outre, les possibilit\u00e9s de placement sont plus nombreuses qu'on ne le pense. Par exemple, ce foyer est parfait pour \u00eatre plac\u00e9 le long d'un mur pour la vue suppl\u00e9mentaire sur le feu par rapport \u00e0 un foyer frontal. Il peut \u00e9galement \u00eatre plac\u00e9 dans un coin, le c\u00f4t\u00e9 le plus court se trouvant du c\u00f4t\u00e9 du passage. La vitre est grillag\u00e9e sur quatre c\u00f4t\u00e9s et dispose d'une poign\u00e9e pratique en acier inoxydable au bas de la vitre.<\/p>\n<h3>Options du panneau arri\u00e8re<\/h3>\n<p>Les chemin\u00e9es de <a href=\"https:\/\/www.haveverwarming.nl\/spartherm\" target=\"_blank\" rel=\"noopener\">Spartherm<\/a> sont livr\u00e9s de s\u00e9rie avec une paroi arri\u00e8re en chamotte blanche, mais vous pouvez \u00e9galement opter pour une paroi arri\u00e8re en chamotte gris fonc\u00e9. L'avantage de la paroi arri\u00e8re en chamotte gris fonc\u00e9 est que le feu para\u00eet plus \u00e9l\u00e9gant et plus moderne. En outre, le jeu des flammes est plus saisissant. De plus, la paroi arri\u00e8re en chamotte peut \u00eatre choisie avec le po\u00eale sans frais suppl\u00e9mentaires.<\/p>\n<h3><strong>Chemin\u00e9es uniques Spartherm<\/strong><\/h3>\n<p>Qu'est-ce qui distingue une chemin\u00e9e encastr\u00e9e Spartherm du reste de la gamme ? <a href=\"https:\/\/www.haveverwarming.nl\/kachels\/inbouw\" target=\"_blank\" rel=\"noopener\">chemin\u00e9es encastr\u00e9es<\/a>? Les avantages pour vous en un coup d'\u0153il :<\/p>\n<ul>\n<li>Double poulie (porte levante) au lieu d'une seule.<\/li>\n<li>By-pass int\u00e9gr\u00e9 qui emp\u00eache \u00e9galement la fum\u00e9e de s'\u00e9chapper lors du remplissage.<\/li>\n<\/ul>\n<h2>Notre centre d'exp\u00e9rience.<\/h2>\n<p>Diverses chemin\u00e9es Spartherm sont disponibles dans notre rubrique&nbsp;<a href=\"https:\/\/www.haveverwarming.nl\/experiencecenter\" target=\"_blank\" rel=\"noopener\">Centre d'exp\u00e9rience<\/a>&nbsp;et vous \u00eates les bienvenus pour y jeter un coup d'\u0153il.<\/p>\n<p>T\u00e9l\u00e9chargements de produits<\/p>\n<ul>\n<li><a class=\"download file\" href=\"https:\/\/www.haveverwarming.nl\/amfile\/file\/download\/file\/9159\/product\/785\/\" target=\"_blank\"><span>Brochure Spartherm po\u00eales \u00e0 bois encastrables et inserts 2026<\/span><\/a><\/li>\n<li><a class=\"download file\" href=\"https:\/\/www.haveverwarming.nl\/amfile\/file\/download\/file\/390\/product\/785\/\" target=\"_blank\"><span>Explosion Linear 2 faces 73x35x37 (poign\u00e9e fixe)<\/span><\/a><\/li>\n<li><a class=\"download file\" href=\"https:\/\/www.haveverwarming.nl\/amfile\/file\/download\/file\/819\/product\/785\/\" target=\"_blank\"><span>Etiquette \u00e9nergie Lin\u00e9aire 2 faces 73x35x37 (poign\u00e9e fixe)<\/span><\/a><\/li>\n<li><a class=\"download file\" href=\"https:\/\/www.haveverwarming.nl\/amfile\/file\/download\/file\/820\/product\/785\/\" target=\"_blank\"><span>Etiquette \u00e9nergie Lin\u00e9aire 2 faces 73x35x37 (poign\u00e9e fixe)<\/span><\/a><\/li>\n<li><a class=\"download file\" href=\"https:\/\/www.haveverwarming.nl\/amfile\/file\/download\/file\/1568\/product\/785\/\" target=\"_blank\"><span>Manuel d'utilisation Coin lin\u00e9aire 73x35x37 (poign\u00e9e fixe)<\/span><\/a><\/li>\n<li><a class=\"download file\" href=\"https:\/\/www.haveverwarming.nl\/amfile\/file\/download\/file\/1569\/product\/785\/\" target=\"_blank\"><span>Instructions d'installation Coin lin\u00e9aire 73x35x37 (poign\u00e9e fixe)<\/span><\/a><\/li>\n<li><a class=\"download file\" href=\"https:\/\/www.haveverwarming.nl\/amfile\/file\/download\/file\/6710\/product\/785\/\" target=\"_blank\"><span>Brochure sur le tir responsable<\/span><\/a><\/li>\n<li><a class=\"download file\" href=\"https:\/\/www.haveverwarming.nl\/productpdf\/download\/file\/id\/785\/name\/Spartherm_Linear_Corner_73x35x37_%2528vaste_greep%2529.pdf\/\" target=\"_blank\"><span>T\u00e9l\u00e9charger la fiche technique<\/span><\/a><\/li>\n<\/ul>","protected":false},"excerpt":{"rendered":"<p>De Spartherm&nbsp;Linear Corner 73x35x37 (vaste greep) De Linear Corner 73x35x37 houthaard&nbsp;(voorheen de Varia AS 2 Lh\/Rh-4S) is een hoekhaard en heeft een bijzonder ruimtelijk effect. Het vuur komt nog meer tot leven door het 2-zijdige vuurzicht. Daarnaast zijn de plaatsingsmogelijkheden ook ruimer dan u denkt. Deze haard kan bijvoorbeeld prima langs een muur geplaatst worden [&hellip;]<\/p>\n","protected":false},"featured_media":30804,"comment_status":"open","ping_status":"closed","template":"","meta":{"_acf_changed":false},"product_brand":[],"product_cat":[1253],"product_tag":[],"class_list":{"0":"post-28898","1":"product","2":"type-product","3":"status-publish","4":"has-post-thumbnail","6":"product_cat-inbouw-houtkachels","8":"first","9":"instock","10":"taxable","11":"shipping-taxable","12":"purchasable","13":"product-type-simple"},"acf":[],"yoast_head":"<!-- This site is optimized with the Yoast SEO plugin v27.6 - https:\/\/yoast.com\/product\/yoast-seo-wordpress\/ -->\n<title>Spartherm Linear Corner 73x35x37 (vaste greep) &#8211; Bula Outdoor<\/title>\n<meta name=\"robots\" content=\"index, follow, max-snippet:-1, max-image-preview:large, max-video-preview:-1\" \/>\n<link rel=\"canonical\" href=\"https:\/\/bulaoutdoor.nl\/fr\/produit\/spartherm-linear-corner-73x35x37-poignee-fixe\/\" \/>\n<meta property=\"og:locale\" content=\"fr_FR\" \/>\n<meta property=\"og:type\" content=\"article\" \/>\n<meta property=\"og:title\" content=\"Spartherm Linear Corner 73x35x37 (vaste greep) &#8211; Bula Outdoor\" \/>\n<meta property=\"og:description\" content=\"De Spartherm&nbsp;Linear Corner 73x35x37 (vaste greep) De Linear Corner 73x35x37 houthaard&nbsp;(voorheen de Varia AS 2 Lh\/Rh-4S) is een hoekhaard en heeft een bijzonder ruimtelijk effect. Het vuur komt nog meer tot leven door het 2-zijdige vuurzicht. Daarnaast zijn de plaatsingsmogelijkheden ook ruimer dan u denkt. Deze haard kan bijvoorbeeld prima langs een muur geplaatst worden [&hellip;]\" \/>\n<meta property=\"og:url\" content=\"https:\/\/bulaoutdoor.nl\/fr\/produit\/spartherm-linear-corner-73x35x37-poignee-fixe\/\" \/>\n<meta property=\"og:site_name\" content=\"Bula Outdoor\" \/>\n<meta property=\"article:modified_time\" content=\"2026-05-14T04:33:00+00:00\" \/>\n<meta property=\"og:image\" content=\"https:\/\/bulaoutdoor.nl\/wp-content\/uploads\/2017\/09\/linear_corner_73x35x37_1000x1000.jpg\" \/>\n\t<meta property=\"og:image:width\" content=\"1000\" \/>\n\t<meta property=\"og:image:height\" content=\"1000\" \/>\n\t<meta property=\"og:image:type\" content=\"image\/jpeg\" \/>\n<meta name=\"twitter:card\" content=\"summary_large_image\" \/>\n<meta name=\"twitter:label1\" content=\"Dur\u00e9e de lecture estim\u00e9e\" \/>\n\t<meta name=\"twitter:data1\" content=\"1 minute\" \/>\n<script type=\"application\/ld+json\" class=\"yoast-schema-graph\">{\"@context\":\"https:\\\/\\\/schema.org\",\"@graph\":[{\"@type\":\"WebPage\",\"@id\":\"https:\\\/\\\/bulaoutdoor.nl\\\/product\\\/spartherm-linear-corner-73x35x37-vaste-greep\\\/\",\"url\":\"https:\\\/\\\/bulaoutdoor.nl\\\/product\\\/spartherm-linear-corner-73x35x37-vaste-greep\\\/\",\"name\":\"Spartherm Linear Corner 73x35x37 (vaste greep) &#8211; Bula Outdoor\",\"isPartOf\":{\"@id\":\"https:\\\/\\\/bulaoutdoor.nl\\\/#website\"},\"primaryImageOfPage\":{\"@id\":\"https:\\\/\\\/bulaoutdoor.nl\\\/product\\\/spartherm-linear-corner-73x35x37-vaste-greep\\\/#primaryimage\"},\"image\":{\"@id\":\"https:\\\/\\\/bulaoutdoor.nl\\\/product\\\/spartherm-linear-corner-73x35x37-vaste-greep\\\/#primaryimage\"},\"thumbnailUrl\":\"https:\\\/\\\/bulaoutdoor.nl\\\/wp-content\\\/uploads\\\/2017\\\/09\\\/linear_corner_73x35x37_1000x1000.jpg\",\"datePublished\":\"2017-09-27T08:21:44+00:00\",\"dateModified\":\"2026-05-14T04:33:00+00:00\",\"breadcrumb\":{\"@id\":\"https:\\\/\\\/bulaoutdoor.nl\\\/product\\\/spartherm-linear-corner-73x35x37-vaste-greep\\\/#breadcrumb\"},\"inLanguage\":\"fr-FR\",\"potentialAction\":[{\"@type\":\"ReadAction\",\"target\":[\"https:\\\/\\\/bulaoutdoor.nl\\\/product\\\/spartherm-linear-corner-73x35x37-vaste-greep\\\/\"]}]},{\"@type\":\"ImageObject\",\"inLanguage\":\"fr-FR\",\"@id\":\"https:\\\/\\\/bulaoutdoor.nl\\\/product\\\/spartherm-linear-corner-73x35x37-vaste-greep\\\/#primaryimage\",\"url\":\"https:\\\/\\\/bulaoutdoor.nl\\\/wp-content\\\/uploads\\\/2017\\\/09\\\/linear_corner_73x35x37_1000x1000.jpg\",\"contentUrl\":\"https:\\\/\\\/bulaoutdoor.nl\\\/wp-content\\\/uploads\\\/2017\\\/09\\\/linear_corner_73x35x37_1000x1000.jpg\",\"width\":1000,\"height\":1000,\"caption\":\"spartherm-linear-corner-73x35x37-vaste-greep-thumbnail\"},{\"@type\":\"BreadcrumbList\",\"@id\":\"https:\\\/\\\/bulaoutdoor.nl\\\/product\\\/spartherm-linear-corner-73x35x37-vaste-greep\\\/#breadcrumb\",\"itemListElement\":[{\"@type\":\"ListItem\",\"position\":1,\"name\":\"Home\",\"item\":\"https:\\\/\\\/bulaoutdoor.nl\\\/\"},{\"@type\":\"ListItem\",\"position\":2,\"name\":\"Online BBQ kopen\",\"item\":\"https:\\\/\\\/bulaoutdoor.nl\\\/\"},{\"@type\":\"ListItem\",\"position\":3,\"name\":\"Spartherm Linear Corner 73x35x37 (vaste greep)\"}]},{\"@type\":\"WebSite\",\"@id\":\"https:\\\/\\\/bulaoutdoor.nl\\\/#website\",\"url\":\"https:\\\/\\\/bulaoutdoor.nl\\\/\",\"name\":\"Bula Outdoor\",\"description\":\"Voor uw buitenhaard, BBQ, tuinfakkel en houtoven\",\"publisher\":{\"@id\":\"https:\\\/\\\/bulaoutdoor.nl\\\/#organization\"},\"potentialAction\":[{\"@type\":\"SearchAction\",\"target\":{\"@type\":\"EntryPoint\",\"urlTemplate\":\"https:\\\/\\\/bulaoutdoor.nl\\\/?s={search_term_string}\"},\"query-input\":{\"@type\":\"PropertyValueSpecification\",\"valueRequired\":true,\"valueName\":\"search_term_string\"}}],\"inLanguage\":\"fr-FR\"},{\"@type\":\"Organization\",\"@id\":\"https:\\\/\\\/bulaoutdoor.nl\\\/#organization\",\"name\":\"Bula Outdoor\",\"url\":\"https:\\\/\\\/bulaoutdoor.nl\\\/\",\"logo\":{\"@type\":\"ImageObject\",\"inLanguage\":\"fr-FR\",\"@id\":\"https:\\\/\\\/bulaoutdoor.nl\\\/#\\\/schema\\\/logo\\\/image\\\/\",\"url\":\"https:\\\/\\\/www.bulaoutdoor.nl\\\/wp-content\\\/uploads\\\/2018\\\/04\\\/bulaoutdoor-logo.png\",\"contentUrl\":\"https:\\\/\\\/www.bulaoutdoor.nl\\\/wp-content\\\/uploads\\\/2018\\\/04\\\/bulaoutdoor-logo.png\",\"width\":324,\"height\":91,\"caption\":\"Bula Outdoor\"},\"image\":{\"@id\":\"https:\\\/\\\/bulaoutdoor.nl\\\/#\\\/schema\\\/logo\\\/image\\\/\"}}]}<\/script>\n<!-- \/ Yoast SEO plugin. -->","yoast_head_json":{"title":"Spartherm Linear Corner 73x35x37 (poign\u00e9e fixe) - Bula Outdoor","robots":{"index":"index","follow":"follow","max-snippet":"max-snippet:-1","max-image-preview":"max-image-preview:large","max-video-preview":"max-video-preview:-1"},"canonical":"https:\/\/bulaoutdoor.nl\/fr\/produit\/spartherm-linear-corner-73x35x37-poignee-fixe\/","og_locale":"fr_FR","og_type":"article","og_title":"Spartherm Linear Corner 73x35x37 (vaste greep) &#8211; Bula Outdoor","og_description":"De Spartherm&nbsp;Linear Corner 73x35x37 (vaste greep) De Linear Corner 73x35x37 houthaard&nbsp;(voorheen de Varia AS 2 Lh\/Rh-4S) is een hoekhaard en heeft een bijzonder ruimtelijk effect. Het vuur komt nog meer tot leven door het 2-zijdige vuurzicht. Daarnaast zijn de plaatsingsmogelijkheden ook ruimer dan u denkt. Deze haard kan bijvoorbeeld prima langs een muur geplaatst worden [&hellip;]","og_url":"https:\/\/bulaoutdoor.nl\/fr\/produit\/spartherm-linear-corner-73x35x37-poignee-fixe\/","og_site_name":"Bula Outdoor","article_modified_time":"2026-05-14T04:33:00+00:00","og_image":[{"width":1000,"height":1000,"url":"https:\/\/bulaoutdoor.nl\/wp-content\/uploads\/2017\/09\/linear_corner_73x35x37_1000x1000.jpg","type":"image\/jpeg"}],"twitter_card":"summary_large_image","twitter_misc":{"Dur\u00e9e de lecture estim\u00e9e":"1 minute"},"schema":{"@context":"https:\/\/schema.org","@graph":[{"@type":"WebPage","@id":"https:\/\/bulaoutdoor.nl\/product\/spartherm-linear-corner-73x35x37-vaste-greep\/","url":"https:\/\/bulaoutdoor.nl\/product\/spartherm-linear-corner-73x35x37-vaste-greep\/","name":"Spartherm Linear Corner 73x35x37 (poign\u00e9e fixe) - Bula Outdoor","isPartOf":{"@id":"https:\/\/bulaoutdoor.nl\/#website"},"primaryImageOfPage":{"@id":"https:\/\/bulaoutdoor.nl\/product\/spartherm-linear-corner-73x35x37-vaste-greep\/#primaryimage"},"image":{"@id":"https:\/\/bulaoutdoor.nl\/product\/spartherm-linear-corner-73x35x37-vaste-greep\/#primaryimage"},"thumbnailUrl":"https:\/\/bulaoutdoor.nl\/wp-content\/uploads\/2017\/09\/linear_corner_73x35x37_1000x1000.jpg","datePublished":"2017-09-27T08:21:44+00:00","dateModified":"2026-05-14T04:33:00+00:00","breadcrumb":{"@id":"https:\/\/bulaoutdoor.nl\/product\/spartherm-linear-corner-73x35x37-vaste-greep\/#breadcrumb"},"inLanguage":"fr-FR","potentialAction":[{"@type":"ReadAction","target":["https:\/\/bulaoutdoor.nl\/product\/spartherm-linear-corner-73x35x37-vaste-greep\/"]}]},{"@type":"ImageObject","inLanguage":"fr-FR","@id":"https:\/\/bulaoutdoor.nl\/product\/spartherm-linear-corner-73x35x37-vaste-greep\/#primaryimage","url":"https:\/\/bulaoutdoor.nl\/wp-content\/uploads\/2017\/09\/linear_corner_73x35x37_1000x1000.jpg","contentUrl":"https:\/\/bulaoutdoor.nl\/wp-content\/uploads\/2017\/09\/linear_corner_73x35x37_1000x1000.jpg","width":1000,"height":1000,"caption":"spartherm-linear-corner-73x35x37-vaste-greep-thumbnail"},{"@type":"BreadcrumbList","@id":"https:\/\/bulaoutdoor.nl\/product\/spartherm-linear-corner-73x35x37-vaste-greep\/#breadcrumb","itemListElement":[{"@type":"ListItem","position":1,"name":"Home","item":"https:\/\/bulaoutdoor.nl\/"},{"@type":"ListItem","position":2,"name":"Online BBQ kopen","item":"https:\/\/bulaoutdoor.nl\/"},{"@type":"ListItem","position":3,"name":"Spartherm Linear Corner 73x35x37 (vaste greep)"}]},{"@type":"WebSite","@id":"https:\/\/bulaoutdoor.nl\/#website","url":"https:\/\/bulaoutdoor.nl\/","name":"Bula Outdoor","description":"Pour votre chemin\u00e9e ext\u00e9rieure, votre barbecue, votre torche de jardin et votre four \u00e0 bois","publisher":{"@id":"https:\/\/bulaoutdoor.nl\/#organization"},"potentialAction":[{"@type":"SearchAction","target":{"@type":"EntryPoint","urlTemplate":"https:\/\/bulaoutdoor.nl\/?s={search_term_string}"},"query-input":{"@type":"PropertyValueSpecification","valueRequired":true,"valueName":"search_term_string"}}],"inLanguage":"fr-FR"},{"@type":"Organization","@id":"https:\/\/bulaoutdoor.nl\/#organization","name":"Bula Outdoor","url":"https:\/\/bulaoutdoor.nl\/","logo":{"@type":"ImageObject","inLanguage":"fr-FR","@id":"https:\/\/bulaoutdoor.nl\/#\/schema\/logo\/image\/","url":"https:\/\/www.bulaoutdoor.nl\/wp-content\/uploads\/2018\/04\/bulaoutdoor-logo.png","contentUrl":"https:\/\/www.bulaoutdoor.nl\/wp-content\/uploads\/2018\/04\/bulaoutdoor-logo.png","width":324,"height":91,"caption":"Bula Outdoor"},"image":{"@id":"https:\/\/bulaoutdoor.nl\/#\/schema\/logo\/image\/"}}]}},"jetpack_sharing_enabled":true,"_links":{"self":[{"href":"https:\/\/bulaoutdoor.nl\/fr\/wp-json\/wp\/v2\/product\/28898","targetHints":{"allow":["GET"]}}],"collection":[{"href":"https:\/\/bulaoutdoor.nl\/fr\/wp-json\/wp\/v2\/product"}],"about":[{"href":"https:\/\/bulaoutdoor.nl\/fr\/wp-json\/wp\/v2\/types\/product"}],"replies":[{"embeddable":true,"href":"https:\/\/bulaoutdoor.nl\/fr\/wp-json\/wp\/v2\/comments?post=28898"}],"wp:featuredmedia":[{"embeddable":true,"href":"https:\/\/bulaoutdoor.nl\/fr\/wp-json\/wp\/v2\/media\/30804"}],"wp:attachment":[{"href":"https:\/\/bulaoutdoor.nl\/fr\/wp-json\/wp\/v2\/media?parent=28898"}],"wp:term":[{"taxonomy":"product_brand","embeddable":true,"href":"https:\/\/bulaoutdoor.nl\/fr\/wp-json\/wp\/v2\/product_brand?post=28898"},{"taxonomy":"product_cat","embeddable":true,"href":"https:\/\/bulaoutdoor.nl\/fr\/wp-json\/wp\/v2\/product_cat?post=28898"},{"taxonomy":"product_tag","embeddable":true,"href":"https:\/\/bulaoutdoor.nl\/fr\/wp-json\/wp\/v2\/product_tag?post=28898"}],"curies":[{"name":"wp","href":"https:\/\/api.w.org\/{rel}","templated":true}]}}