{"id":28905,"date":"2018-02-12T12:23:29","date_gmt":"2018-02-12T12:23:29","guid":{"rendered":"https:\/\/www.bulaoutdoor.nl\/product\/spartherm-swing-inzet-61x50-vaste-greep\/"},"modified":"2026-04-05T04:43:18","modified_gmt":"2026-04-05T04:43:18","slug":"spartherm-swing-insert-61x50-poignee-fixe","status":"publish","type":"product","link":"https:\/\/bulaoutdoor.nl\/fr\/product\/spartherm-swing-inzet-61x50-vaste-greep\/","title":{"rendered":"Spartherm Swing Inset 61\u00d750 (poign\u00e9e fixe)"},"content":{"rendered":"<h2>Spartherm Swing Inset 61\u00d750 (poign\u00e9e fixe)<\/h2>\n<p>Le Spartherm Swing Inset 61\u00d750 (anciennement Linear M 700 front) est un produit de la gamme Spartherm Swing Inset. <a href=\"https:\/\/www.haveverwarming.nl\/kachels\/inzet-hout\" target=\"_blank\" rel=\"noopener\">chemin\u00e9e au feu de bois<\/a>qui peut \u00eatre utilis\u00e9 dans la plupart des situations existantes gr\u00e2ce \u00e0 sa taille compacte.<\/p>\n<h3>Chemin\u00e9e \u00e0 insert<\/h3>\n<p>Le pr\u00e9sent&nbsp;<a href=\"https:\/\/www.haveverwarming.nl\/spartherm\" target=\"_blank\" rel=\"noopener\">Spartherm <\/a>Swing est une chemin\u00e9e encastrable. Les chemin\u00e9es encastrables sont g\u00e9n\u00e9ralement utilis\u00e9es dans des situations existantes o\u00f9 vous ne pouvez pas ou ne voulez pas casser ou reconstruire. Par exemple, si vous avez une chemin\u00e9e ouverte, il est relativement facile d'installer un insert. Comme la sortie est raccord\u00e9e depuis l'int\u00e9rieur du po\u00eale, il n'est pas n\u00e9cessaire de modifier beaucoup la situation existante. Bien entendu, le foyer encastrable peut \u00e9galement \u00eatre install\u00e9 dans une nouvelle situation. En g\u00e9n\u00e9ral, le foyer encastrable est \u00e9galement beaucoup moins cher qu'un foyer encastr\u00e9. Cela s'explique en partie par le fait que le foyer encastrable est \u00e9quip\u00e9 d'une porte tournante au lieu d'une porte levante.<\/p>\n<h3>Haute efficacit\u00e9<\/h3>\n<p>Les <a title=\"Ligne de partage\" href=\"https:\/\/www.haveverwarming.nl\/kachels\/spartherm-inzet-hout\" target=\"_blank\" rel=\"noopener\">Ligne de partage<\/a> de Spartherm a un rendement \u00e9lev\u00e9 (classe \u00e9nerg\u00e9tique A+). Ainsi, lorsque vous utilisez un insert Spartherm dans un foyer existant, vous passez d'un rendement de 10% \u00e0 plus de 75% ! Cela signifie que le bois produit plus de chaleur et que la combustion est plus \u00e9conomique. De plus, avec un foyer encastrable, il est beaucoup plus facile d'allumer un feu qu'un feu ouvert et il y a beaucoup moins de d\u00e9g\u00e2ts. Vous pouvez \u00e9galement vous endormir alors que le foyer est encore allum\u00e9 ou si vous devez sortir faire une course, ce qui n'est pas possible avec un foyer ouvert.<\/p>\n<h3>Diff\u00e9rents cadres<\/h3>\n<p>Ce Spartherm Swing Inset 61\u00d750 est livr\u00e9 en standard avec un cadre de 60 mm sur quatre c\u00f4t\u00e9s. En option, il est \u00e9galement disponible avec un cadre de 80 mm ou de 100 mm.<\/p>\n<h3>D\u00e9couvrez les chemin\u00e9es en direct<\/h3>\n<p>Visitez-nous bient\u00f4t dans notre&nbsp;<a href=\"https:\/\/www.haveverwarming.nl\/experiencecenter\" target=\"_blank\" rel=\"noopener\">Centre d'exp\u00e9rience<\/a>&nbsp;Pour admirer nos chemin\u00e9es !<\/p>\n<p>T\u00e9l\u00e9chargements de produits<\/p>\n<ul>\n<li><a class=\"download file\" href=\"https:\/\/www.haveverwarming.nl\/amfile\/file\/download\/file\/9159\/product\/860\/\" target=\"_blank\"><span>Brochure Spartherm po\u00eales \u00e0 bois encastrables et inserts 2026<\/span><\/a><\/li>\n<li><a class=\"download file\" href=\"https:\/\/www.haveverwarming.nl\/amfile\/file\/download\/file\/895\/product\/860\/\" target=\"_blank\"><span>Etiquette \u00e9nergie Insert pivotant 61\u00d750 (poign\u00e9e fixe)<\/span><\/a><\/li>\n<li><a class=\"download file\" href=\"https:\/\/www.haveverwarming.nl\/amfile\/file\/download\/file\/1636\/product\/860\/\" target=\"_blank\"><span>Insert pivotant manuel 61\u00d750 (poign\u00e9e fixe)<\/span><\/a><\/li>\n<li><a class=\"download file\" href=\"https:\/\/www.haveverwarming.nl\/amfile\/file\/download\/file\/9170\/product\/860\/\" target=\"_blank\"><span>Dessin au trait Insert Spartherm Swing 61\u00d750<\/span><\/a><\/li>\n<li><a class=\"download file\" href=\"https:\/\/www.haveverwarming.nl\/productpdf\/download\/file\/id\/860\/name\/Spartherm_Swing_Inzet_61x50_%2528vaste_greep%2529.pdf\/\" target=\"_blank\"><span>T\u00e9l\u00e9charger la fiche technique<\/span><\/a><\/li>\n<\/ul>","protected":false},"excerpt":{"rendered":"<p>Spartherm Swing Inzet 61&#215;50 (vaste greep) De Spartherm Swing Inzet 61&#215;50 (voorheen Linear M 700 front) is een houtgestookte inzethaard, die dankzij de compacte maatvoering toepasbaar is in de meeste bestaande situaties. Inzethaard Deze&nbsp;Spartherm Swing is een inzethaard. Inzethaarden worden meestal toegepast in bestaande situaties waar u niet kunt of wilt breken of verbouwen. Wanneer [&hellip;]<\/p>\n","protected":false},"featured_media":30826,"comment_status":"open","ping_status":"closed","template":"","meta":{"_acf_changed":false},"product_brand":[],"product_cat":[1294],"product_tag":[],"class_list":{"0":"post-28905","1":"product","2":"type-product","3":"status-publish","4":"has-post-thumbnail","6":"product_cat-inzet-haarden","8":"first","9":"instock","10":"taxable","11":"shipping-taxable","12":"purchasable","13":"product-type-simple"},"acf":[],"yoast_head":"<!-- This site is optimized with the Yoast SEO plugin v27.3 - https:\/\/yoast.com\/product\/yoast-seo-wordpress\/ -->\n<title>Spartherm Swing Inzet 61x50 (vaste greep) &#8211; Bula Outdoor<\/title>\n<meta name=\"robots\" content=\"index, follow, max-snippet:-1, max-image-preview:large, max-video-preview:-1\" \/>\n<link rel=\"canonical\" href=\"https:\/\/bulaoutdoor.nl\/fr\/produit\/spartherm-swing-insert-61x50-poignee-fixe\/\" \/>\n<meta property=\"og:locale\" content=\"fr_FR\" \/>\n<meta property=\"og:type\" content=\"article\" \/>\n<meta property=\"og:title\" content=\"Spartherm Swing Inzet 61x50 (vaste greep) &#8211; Bula Outdoor\" \/>\n<meta property=\"og:description\" content=\"Spartherm Swing Inzet 61&#215;50 (vaste greep) De Spartherm Swing Inzet 61&#215;50 (voorheen Linear M 700 front) is een houtgestookte inzethaard, die dankzij de compacte maatvoering toepasbaar is in de meeste bestaande situaties. Inzethaard Deze&nbsp;Spartherm Swing is een inzethaard. Inzethaarden worden meestal toegepast in bestaande situaties waar u niet kunt of wilt breken of verbouwen. Wanneer [&hellip;]\" \/>\n<meta property=\"og:url\" content=\"https:\/\/bulaoutdoor.nl\/fr\/produit\/spartherm-swing-insert-61x50-poignee-fixe\/\" \/>\n<meta property=\"og:site_name\" content=\"Bula Outdoor\" \/>\n<meta property=\"article:modified_time\" content=\"2026-04-05T04:43:18+00:00\" \/>\n<meta property=\"og:image\" content=\"https:\/\/bulaoutdoor.nl\/wp-content\/uploads\/2018\/02\/linearsparthermvierkant.jpg\" \/>\n\t<meta property=\"og:image:width\" content=\"1000\" \/>\n\t<meta property=\"og:image:height\" content=\"1000\" \/>\n\t<meta property=\"og:image:type\" content=\"image\/jpeg\" \/>\n<meta name=\"twitter:card\" content=\"summary_large_image\" \/>\n<meta name=\"twitter:label1\" content=\"Dur\u00e9e de lecture estim\u00e9e\" \/>\n\t<meta name=\"twitter:data1\" content=\"2 minutes\" \/>\n<script type=\"application\/ld+json\" class=\"yoast-schema-graph\">{\"@context\":\"https:\\\/\\\/schema.org\",\"@graph\":[{\"@type\":\"WebPage\",\"@id\":\"https:\\\/\\\/bulaoutdoor.nl\\\/product\\\/spartherm-swing-inzet-61x50-vaste-greep\\\/\",\"url\":\"https:\\\/\\\/bulaoutdoor.nl\\\/product\\\/spartherm-swing-inzet-61x50-vaste-greep\\\/\",\"name\":\"Spartherm Swing Inzet 61x50 (vaste greep) &#8211; Bula Outdoor\",\"isPartOf\":{\"@id\":\"https:\\\/\\\/bulaoutdoor.nl\\\/#website\"},\"primaryImageOfPage\":{\"@id\":\"https:\\\/\\\/bulaoutdoor.nl\\\/product\\\/spartherm-swing-inzet-61x50-vaste-greep\\\/#primaryimage\"},\"image\":{\"@id\":\"https:\\\/\\\/bulaoutdoor.nl\\\/product\\\/spartherm-swing-inzet-61x50-vaste-greep\\\/#primaryimage\"},\"thumbnailUrl\":\"https:\\\/\\\/bulaoutdoor.nl\\\/wp-content\\\/uploads\\\/2018\\\/02\\\/linearsparthermvierkant.jpg\",\"datePublished\":\"2018-02-12T12:23:29+00:00\",\"dateModified\":\"2026-04-05T04:43:18+00:00\",\"breadcrumb\":{\"@id\":\"https:\\\/\\\/bulaoutdoor.nl\\\/product\\\/spartherm-swing-inzet-61x50-vaste-greep\\\/#breadcrumb\"},\"inLanguage\":\"fr-FR\",\"potentialAction\":[{\"@type\":\"ReadAction\",\"target\":[\"https:\\\/\\\/bulaoutdoor.nl\\\/product\\\/spartherm-swing-inzet-61x50-vaste-greep\\\/\"]}]},{\"@type\":\"ImageObject\",\"inLanguage\":\"fr-FR\",\"@id\":\"https:\\\/\\\/bulaoutdoor.nl\\\/product\\\/spartherm-swing-inzet-61x50-vaste-greep\\\/#primaryimage\",\"url\":\"https:\\\/\\\/bulaoutdoor.nl\\\/wp-content\\\/uploads\\\/2018\\\/02\\\/linearsparthermvierkant.jpg\",\"contentUrl\":\"https:\\\/\\\/bulaoutdoor.nl\\\/wp-content\\\/uploads\\\/2018\\\/02\\\/linearsparthermvierkant.jpg\",\"width\":1000,\"height\":1000,\"caption\":\"spartherm-swing-inzet-61x50-vaste-greep-thumbnail\"},{\"@type\":\"BreadcrumbList\",\"@id\":\"https:\\\/\\\/bulaoutdoor.nl\\\/product\\\/spartherm-swing-inzet-61x50-vaste-greep\\\/#breadcrumb\",\"itemListElement\":[{\"@type\":\"ListItem\",\"position\":1,\"name\":\"Home\",\"item\":\"https:\\\/\\\/bulaoutdoor.nl\\\/\"},{\"@type\":\"ListItem\",\"position\":2,\"name\":\"Online BBQ kopen\",\"item\":\"https:\\\/\\\/bulaoutdoor.nl\\\/\"},{\"@type\":\"ListItem\",\"position\":3,\"name\":\"Spartherm Swing Inzet 61&#215;50 (vaste greep)\"}]},{\"@type\":\"WebSite\",\"@id\":\"https:\\\/\\\/bulaoutdoor.nl\\\/#website\",\"url\":\"https:\\\/\\\/bulaoutdoor.nl\\\/\",\"name\":\"Bula Outdoor\",\"description\":\"Voor uw buitenhaard, BBQ, tuinfakkel en houtoven\",\"publisher\":{\"@id\":\"https:\\\/\\\/bulaoutdoor.nl\\\/#organization\"},\"potentialAction\":[{\"@type\":\"SearchAction\",\"target\":{\"@type\":\"EntryPoint\",\"urlTemplate\":\"https:\\\/\\\/bulaoutdoor.nl\\\/?s={search_term_string}\"},\"query-input\":{\"@type\":\"PropertyValueSpecification\",\"valueRequired\":true,\"valueName\":\"search_term_string\"}}],\"inLanguage\":\"fr-FR\"},{\"@type\":\"Organization\",\"@id\":\"https:\\\/\\\/bulaoutdoor.nl\\\/#organization\",\"name\":\"Bula Outdoor\",\"url\":\"https:\\\/\\\/bulaoutdoor.nl\\\/\",\"logo\":{\"@type\":\"ImageObject\",\"inLanguage\":\"fr-FR\",\"@id\":\"https:\\\/\\\/bulaoutdoor.nl\\\/#\\\/schema\\\/logo\\\/image\\\/\",\"url\":\"https:\\\/\\\/www.bulaoutdoor.nl\\\/wp-content\\\/uploads\\\/2018\\\/04\\\/bulaoutdoor-logo.png\",\"contentUrl\":\"https:\\\/\\\/www.bulaoutdoor.nl\\\/wp-content\\\/uploads\\\/2018\\\/04\\\/bulaoutdoor-logo.png\",\"width\":324,\"height\":91,\"caption\":\"Bula Outdoor\"},\"image\":{\"@id\":\"https:\\\/\\\/bulaoutdoor.nl\\\/#\\\/schema\\\/logo\\\/image\\\/\"}}]}<\/script>\n<!-- \/ Yoast SEO plugin. -->","yoast_head_json":{"title":"Spartherm insert pivotant 61x50 (poign\u00e9e fixe) - Bula Outdoor","robots":{"index":"index","follow":"follow","max-snippet":"max-snippet:-1","max-image-preview":"max-image-preview:large","max-video-preview":"max-video-preview:-1"},"canonical":"https:\/\/bulaoutdoor.nl\/fr\/produit\/spartherm-swing-insert-61x50-poignee-fixe\/","og_locale":"fr_FR","og_type":"article","og_title":"Spartherm Swing Inzet 61x50 (vaste greep) &#8211; Bula Outdoor","og_description":"Spartherm Swing Inzet 61&#215;50 (vaste greep) De Spartherm Swing Inzet 61&#215;50 (voorheen Linear M 700 front) is een houtgestookte inzethaard, die dankzij de compacte maatvoering toepasbaar is in de meeste bestaande situaties. Inzethaard Deze&nbsp;Spartherm Swing is een inzethaard. Inzethaarden worden meestal toegepast in bestaande situaties waar u niet kunt of wilt breken of verbouwen. Wanneer [&hellip;]","og_url":"https:\/\/bulaoutdoor.nl\/fr\/produit\/spartherm-swing-insert-61x50-poignee-fixe\/","og_site_name":"Bula Outdoor","article_modified_time":"2026-04-05T04:43:18+00:00","og_image":[{"width":1000,"height":1000,"url":"https:\/\/bulaoutdoor.nl\/wp-content\/uploads\/2018\/02\/linearsparthermvierkant.jpg","type":"image\/jpeg"}],"twitter_card":"summary_large_image","twitter_misc":{"Dur\u00e9e de lecture estim\u00e9e":"2 minutes"},"schema":{"@context":"https:\/\/schema.org","@graph":[{"@type":"WebPage","@id":"https:\/\/bulaoutdoor.nl\/product\/spartherm-swing-inzet-61x50-vaste-greep\/","url":"https:\/\/bulaoutdoor.nl\/product\/spartherm-swing-inzet-61x50-vaste-greep\/","name":"Spartherm insert pivotant 61x50 (poign\u00e9e fixe) - Bula Outdoor","isPartOf":{"@id":"https:\/\/bulaoutdoor.nl\/#website"},"primaryImageOfPage":{"@id":"https:\/\/bulaoutdoor.nl\/product\/spartherm-swing-inzet-61x50-vaste-greep\/#primaryimage"},"image":{"@id":"https:\/\/bulaoutdoor.nl\/product\/spartherm-swing-inzet-61x50-vaste-greep\/#primaryimage"},"thumbnailUrl":"https:\/\/bulaoutdoor.nl\/wp-content\/uploads\/2018\/02\/linearsparthermvierkant.jpg","datePublished":"2018-02-12T12:23:29+00:00","dateModified":"2026-04-05T04:43:18+00:00","breadcrumb":{"@id":"https:\/\/bulaoutdoor.nl\/product\/spartherm-swing-inzet-61x50-vaste-greep\/#breadcrumb"},"inLanguage":"fr-FR","potentialAction":[{"@type":"ReadAction","target":["https:\/\/bulaoutdoor.nl\/product\/spartherm-swing-inzet-61x50-vaste-greep\/"]}]},{"@type":"ImageObject","inLanguage":"fr-FR","@id":"https:\/\/bulaoutdoor.nl\/product\/spartherm-swing-inzet-61x50-vaste-greep\/#primaryimage","url":"https:\/\/bulaoutdoor.nl\/wp-content\/uploads\/2018\/02\/linearsparthermvierkant.jpg","contentUrl":"https:\/\/bulaoutdoor.nl\/wp-content\/uploads\/2018\/02\/linearsparthermvierkant.jpg","width":1000,"height":1000,"caption":"spartherm-swing-inzet-61x50-vaste-greep-thumbnail"},{"@type":"BreadcrumbList","@id":"https:\/\/bulaoutdoor.nl\/product\/spartherm-swing-inzet-61x50-vaste-greep\/#breadcrumb","itemListElement":[{"@type":"ListItem","position":1,"name":"Home","item":"https:\/\/bulaoutdoor.nl\/"},{"@type":"ListItem","position":2,"name":"Online BBQ kopen","item":"https:\/\/bulaoutdoor.nl\/"},{"@type":"ListItem","position":3,"name":"Spartherm Swing Inzet 61&#215;50 (vaste greep)"}]},{"@type":"WebSite","@id":"https:\/\/bulaoutdoor.nl\/#website","url":"https:\/\/bulaoutdoor.nl\/","name":"Bula Outdoor","description":"Pour votre chemin\u00e9e ext\u00e9rieure, votre barbecue, votre torche de jardin et votre four \u00e0 bois","publisher":{"@id":"https:\/\/bulaoutdoor.nl\/#organization"},"potentialAction":[{"@type":"SearchAction","target":{"@type":"EntryPoint","urlTemplate":"https:\/\/bulaoutdoor.nl\/?s={search_term_string}"},"query-input":{"@type":"PropertyValueSpecification","valueRequired":true,"valueName":"search_term_string"}}],"inLanguage":"fr-FR"},{"@type":"Organization","@id":"https:\/\/bulaoutdoor.nl\/#organization","name":"Bula Outdoor","url":"https:\/\/bulaoutdoor.nl\/","logo":{"@type":"ImageObject","inLanguage":"fr-FR","@id":"https:\/\/bulaoutdoor.nl\/#\/schema\/logo\/image\/","url":"https:\/\/www.bulaoutdoor.nl\/wp-content\/uploads\/2018\/04\/bulaoutdoor-logo.png","contentUrl":"https:\/\/www.bulaoutdoor.nl\/wp-content\/uploads\/2018\/04\/bulaoutdoor-logo.png","width":324,"height":91,"caption":"Bula Outdoor"},"image":{"@id":"https:\/\/bulaoutdoor.nl\/#\/schema\/logo\/image\/"}}]}},"jetpack_sharing_enabled":true,"_links":{"self":[{"href":"https:\/\/bulaoutdoor.nl\/fr\/wp-json\/wp\/v2\/product\/28905","targetHints":{"allow":["GET"]}}],"collection":[{"href":"https:\/\/bulaoutdoor.nl\/fr\/wp-json\/wp\/v2\/product"}],"about":[{"href":"https:\/\/bulaoutdoor.nl\/fr\/wp-json\/wp\/v2\/types\/product"}],"replies":[{"embeddable":true,"href":"https:\/\/bulaoutdoor.nl\/fr\/wp-json\/wp\/v2\/comments?post=28905"}],"wp:featuredmedia":[{"embeddable":true,"href":"https:\/\/bulaoutdoor.nl\/fr\/wp-json\/wp\/v2\/media\/30826"}],"wp:attachment":[{"href":"https:\/\/bulaoutdoor.nl\/fr\/wp-json\/wp\/v2\/media?parent=28905"}],"wp:term":[{"taxonomy":"product_brand","embeddable":true,"href":"https:\/\/bulaoutdoor.nl\/fr\/wp-json\/wp\/v2\/product_brand?post=28905"},{"taxonomy":"product_cat","embeddable":true,"href":"https:\/\/bulaoutdoor.nl\/fr\/wp-json\/wp\/v2\/product_cat?post=28905"},{"taxonomy":"product_tag","embeddable":true,"href":"https:\/\/bulaoutdoor.nl\/fr\/wp-json\/wp\/v2\/product_tag?post=28905"}],"curies":[{"name":"wp","href":"https:\/\/api.w.org\/{rel}","templated":true}]}}